{"id":13235,"date":"2023-05-25T11:07:59","date_gmt":"2023-05-25T09:07:59","guid":{"rendered":"https:\/\/exparto.pl\/produkt\/zadne-zdruzene-svietidlo-cleomax-lzd-2840\/"},"modified":"2023-05-25T11:07:59","modified_gmt":"2023-05-25T09:07:59","slug":"lamp-back-cleomax-lzd-2840","status":"publish","type":"product","link":"https:\/\/exparto.pl\/sk\/produkt\/lamp-back-cleomax-lzd-2840\/","title":{"rendered":"Zadn\u00e9 zdru\u017een\u00e9 svietidlo CLEOmax &#8211; LZD 2840"},"content":{"rendered":"<p style=\"text-align: justify\">Kombinovan\u00e9 svietidlo <strong>CLEOmax LZD 2840<\/strong> sa vyzna\u010duje atrakt\u00edvnym a modern\u00fdm dizajnom, pou\u017eit\u00edm najkvalitnej\u0161\u00edch materi\u00e1lov a v\u00fdrobou pomocou energeticky \u00faspornej technol\u00f3gie LED, ktor\u00e1 zaru\u010duje ve\u013emi dobr\u00fd sveteln\u00fd v\u00fdkon pri ve\u013emi n\u00edzkej spotrebe energie. Svietidlo je plne hermetick\u00e9 (v s\u00falade s IP 68) a rozsah prev\u00e1dzkov\u00fdch tepl\u00f4t je od -30 st. C a\u017e + 50 st. C. Pri v\u00fdrobe sa pou\u017e\u00edvaj\u00fa len zna\u010dkov\u00e9 di\u00f3dy, \u010do zaru\u010duje vysok\u00fa kvalitu v\u00fdrobkov. Je tie\u017e zaru\u010den\u00e9, \u017ee svietidlo nebude ru\u0161i\u0165 in\u00e9 elektrick\u00e9 alebo elektronick\u00e9 zariadenia vo vozidle, \u010do je potvrden\u00e9 schv\u00e1len\u00edm elektromagnetickej kompatibility.<\/p>\n<p style=\"text-align: justify\"><strong>LZD 2840<\/strong> je univerz\u00e1lne montovate\u013en\u00fd a mo\u017eno ho in\u0161talova\u0165 na \u013eav\u00fa alebo prav\u00fa stranu vozidla, vertik\u00e1lne alebo horizont\u00e1lne. Svietidlo vybaven\u00e9 sveteln\u00fdmi funkciami: pozi\u010dn\u00e9 svetlo s <strong>NEON<\/strong> efektom, smerov\u00e9 svetlo, brzdov\u00e9 svetlo, hmlov\u00e9 svetlo a reflektor.<\/p>\n<p style=\"text-align: justify\">Tento model bude okrem in\u00e9ho dobre fungova\u0165. vo vozidl\u00e1ch, ako s\u00fa pr\u00edvesy, n\u00e1vesy, pr\u00edvesn\u00e9 voz\u00edky, po\u013enohospod\u00e1rske stroje a \u0161pecializovan\u00e9 vozidl\u00e1.<\/p>\n","protected":false},"excerpt":{"rendered":"<p>Zadn\u00e9 zdru\u017een\u00e9 svietidlo CLEOmax<\/p>\n","protected":false},"featured_media":6065,"comment_status":"open","ping_status":"closed","template":"","meta":{"_acf_changed":false,"inline_featured_image":false},"product_brand":[],"product_cat":[616],"product_tag":[],"class_list":{"0":"post-13235","1":"product","2":"type-product","3":"status-publish","4":"has-post-thumbnail","6":"product_cat-kombinovane-svietidla","8":"first","9":"instock","10":"taxable","11":"shipping-taxable","12":"purchasable","13":"product-type-simple"},"acf":[],"yoast_head":"<!-- This site is optimized with the Yoast SEO plugin v27.3 - https:\/\/yoast.com\/product\/yoast-seo-wordpress\/ -->\n<title>Zadn\u00e9 zdru\u017een\u00e9 svietidlo CLEOmax - LZD 2840 - Exparto.pl<\/title>\n<meta name=\"robots\" content=\"index, follow, max-snippet:-1, max-image-preview:large, max-video-preview:-1\" \/>\n<link rel=\"canonical\" href=\"https:\/\/exparto.pl\/sk\/produkt\/lamp-back-cleomax-lzd-2840\/\" \/>\n<meta property=\"og:locale\" content=\"sk_SK\" \/>\n<meta property=\"og:type\" content=\"article\" \/>\n<meta property=\"og:title\" content=\"Zadn\u00e9 zdru\u017een\u00e9 svietidlo CLEOmax - LZD 2840 - Exparto.pl\" \/>\n<meta property=\"og:description\" content=\"Zadn\u00e9 zdru\u017een\u00e9 svietidlo CLEOmax\" \/>\n<meta property=\"og:url\" content=\"https:\/\/exparto.pl\/sk\/produkt\/lamp-back-cleomax-lzd-2840\/\" \/>\n<meta property=\"og:site_name\" content=\"Exparto.pl\" \/>\n<meta property=\"article:publisher\" content=\"https:\/\/www.facebook.com\/exparto.agro\/\" \/>\n<meta property=\"og:image\" content=\"https:\/\/exparto.pl\/wp-content\/uploads\/2023\/05\/d9fcfad5fca378407bb985208deaa448.jpg\" \/>\n\t<meta property=\"og:image:width\" content=\"770\" \/>\n\t<meta property=\"og:image:height\" content=\"546\" \/>\n\t<meta property=\"og:image:type\" content=\"image\/jpeg\" \/>\n<meta name=\"twitter:card\" content=\"summary_large_image\" \/>\n<meta name=\"twitter:label1\" content=\"Predpokladan\u00fd \u010das \u010d\u00edtania\" \/>\n\t<meta name=\"twitter:data1\" content=\"1 min\u00fata\" \/>\n<script type=\"application\/ld+json\" class=\"yoast-schema-graph\">{\"@context\":\"https:\\\/\\\/schema.org\",\"@graph\":[{\"@type\":\"WebPage\",\"@id\":\"https:\\\/\\\/exparto.pl\\\/sk\\\/produkt\\\/lamp-back-cleomax-lzd-2840\\\/\",\"url\":\"https:\\\/\\\/exparto.pl\\\/sk\\\/produkt\\\/lamp-back-cleomax-lzd-2840\\\/\",\"name\":\"Zadn\u00e9 zdru\u017een\u00e9 svietidlo CLEOmax - LZD 2840 - Exparto.pl\",\"isPartOf\":{\"@id\":\"https:\\\/\\\/exparto.pl\\\/sk\\\/#website\"},\"primaryImageOfPage\":{\"@id\":\"https:\\\/\\\/exparto.pl\\\/sk\\\/produkt\\\/lamp-back-cleomax-lzd-2840\\\/#primaryimage\"},\"image\":{\"@id\":\"https:\\\/\\\/exparto.pl\\\/sk\\\/produkt\\\/lamp-back-cleomax-lzd-2840\\\/#primaryimage\"},\"thumbnailUrl\":\"https:\\\/\\\/exparto.pl\\\/wp-content\\\/uploads\\\/2023\\\/05\\\/d9fcfad5fca378407bb985208deaa448.jpg\",\"datePublished\":\"2023-05-25T09:07:59+00:00\",\"breadcrumb\":{\"@id\":\"https:\\\/\\\/exparto.pl\\\/sk\\\/produkt\\\/lamp-back-cleomax-lzd-2840\\\/#breadcrumb\"},\"inLanguage\":\"sk-SK\",\"potentialAction\":[{\"@type\":\"ReadAction\",\"target\":[\"https:\\\/\\\/exparto.pl\\\/sk\\\/produkt\\\/lamp-back-cleomax-lzd-2840\\\/\"]}]},{\"@type\":\"ImageObject\",\"inLanguage\":\"sk-SK\",\"@id\":\"https:\\\/\\\/exparto.pl\\\/sk\\\/produkt\\\/lamp-back-cleomax-lzd-2840\\\/#primaryimage\",\"url\":\"https:\\\/\\\/exparto.pl\\\/wp-content\\\/uploads\\\/2023\\\/05\\\/d9fcfad5fca378407bb985208deaa448.jpg\",\"contentUrl\":\"https:\\\/\\\/exparto.pl\\\/wp-content\\\/uploads\\\/2023\\\/05\\\/d9fcfad5fca378407bb985208deaa448.jpg\",\"width\":770,\"height\":546},{\"@type\":\"BreadcrumbList\",\"@id\":\"https:\\\/\\\/exparto.pl\\\/sk\\\/produkt\\\/lamp-back-cleomax-lzd-2840\\\/#breadcrumb\",\"itemListElement\":[{\"@type\":\"ListItem\",\"position\":1,\"name\":\"Domovsk\u00e1 str\u00e1nka\",\"item\":\"https:\\\/\\\/exparto.pl\\\/sk\\\/domovska-stranka\\\/\"},{\"@type\":\"ListItem\",\"position\":2,\"name\":\"Sklep\",\"item\":\"https:\\\/\\\/exparto.pl\\\/sklep\\\/\"},{\"@type\":\"ListItem\",\"position\":3,\"name\":\"Kombinovan\u00e9 svietidl\u00e1\",\"item\":\"https:\\\/\\\/exparto.pl\\\/sk\\\/kategoria-produktov\\\/osvetlenie\\\/kombinovane-svietidla\\\/\"},{\"@type\":\"ListItem\",\"position\":4,\"name\":\"Zadn\u00e9 zdru\u017een\u00e9 svietidlo CLEOmax &#8211; LZD 2840\"}]},{\"@type\":\"WebSite\",\"@id\":\"https:\\\/\\\/exparto.pl\\\/sk\\\/#website\",\"url\":\"https:\\\/\\\/exparto.pl\\\/sk\\\/\",\"name\":\"EXPARTO\",\"description\":\"More than agro parts\",\"publisher\":{\"@id\":\"https:\\\/\\\/exparto.pl\\\/sk\\\/#organization\"},\"potentialAction\":[{\"@type\":\"SearchAction\",\"target\":{\"@type\":\"EntryPoint\",\"urlTemplate\":\"https:\\\/\\\/exparto.pl\\\/sk\\\/?s={search_term_string}\"},\"query-input\":{\"@type\":\"PropertyValueSpecification\",\"valueRequired\":true,\"valueName\":\"search_term_string\"}}],\"inLanguage\":\"sk-SK\"},{\"@type\":\"Organization\",\"@id\":\"https:\\\/\\\/exparto.pl\\\/sk\\\/#organization\",\"name\":\"EXPARTO\",\"url\":\"https:\\\/\\\/exparto.pl\\\/sk\\\/\",\"logo\":{\"@type\":\"ImageObject\",\"inLanguage\":\"sk-SK\",\"@id\":\"https:\\\/\\\/exparto.pl\\\/sk\\\/#\\\/schema\\\/logo\\\/image\\\/\",\"url\":\"https:\\\/\\\/exparto.pl\\\/wp-content\\\/uploads\\\/2023\\\/02\\\/logo-wektor.png\",\"contentUrl\":\"https:\\\/\\\/exparto.pl\\\/wp-content\\\/uploads\\\/2023\\\/02\\\/logo-wektor.png\",\"width\":1338,\"height\":143,\"caption\":\"EXPARTO\"},\"image\":{\"@id\":\"https:\\\/\\\/exparto.pl\\\/sk\\\/#\\\/schema\\\/logo\\\/image\\\/\"},\"sameAs\":[\"https:\\\/\\\/www.facebook.com\\\/exparto.agro\\\/\"]}]}<\/script>\n<!-- \/ Yoast SEO plugin. -->","yoast_head_json":{"title":"Zadn\u00e9 zdru\u017een\u00e9 svietidlo CLEOmax - LZD 2840 - Exparto.pl","robots":{"index":"index","follow":"follow","max-snippet":"max-snippet:-1","max-image-preview":"max-image-preview:large","max-video-preview":"max-video-preview:-1"},"canonical":"https:\/\/exparto.pl\/sk\/produkt\/lamp-back-cleomax-lzd-2840\/","og_locale":"sk_SK","og_type":"article","og_title":"Zadn\u00e9 zdru\u017een\u00e9 svietidlo CLEOmax - LZD 2840 - Exparto.pl","og_description":"Zadn\u00e9 zdru\u017een\u00e9 svietidlo CLEOmax","og_url":"https:\/\/exparto.pl\/sk\/produkt\/lamp-back-cleomax-lzd-2840\/","og_site_name":"Exparto.pl","article_publisher":"https:\/\/www.facebook.com\/exparto.agro\/","og_image":[{"width":770,"height":546,"url":"https:\/\/exparto.pl\/wp-content\/uploads\/2023\/05\/d9fcfad5fca378407bb985208deaa448.jpg","type":"image\/jpeg"}],"twitter_card":"summary_large_image","twitter_misc":{"Predpokladan\u00fd \u010das \u010d\u00edtania":"1 min\u00fata"},"schema":{"@context":"https:\/\/schema.org","@graph":[{"@type":"WebPage","@id":"https:\/\/exparto.pl\/sk\/produkt\/lamp-back-cleomax-lzd-2840\/","url":"https:\/\/exparto.pl\/sk\/produkt\/lamp-back-cleomax-lzd-2840\/","name":"Zadn\u00e9 zdru\u017een\u00e9 svietidlo CLEOmax - LZD 2840 - Exparto.pl","isPartOf":{"@id":"https:\/\/exparto.pl\/sk\/#website"},"primaryImageOfPage":{"@id":"https:\/\/exparto.pl\/sk\/produkt\/lamp-back-cleomax-lzd-2840\/#primaryimage"},"image":{"@id":"https:\/\/exparto.pl\/sk\/produkt\/lamp-back-cleomax-lzd-2840\/#primaryimage"},"thumbnailUrl":"https:\/\/exparto.pl\/wp-content\/uploads\/2023\/05\/d9fcfad5fca378407bb985208deaa448.jpg","datePublished":"2023-05-25T09:07:59+00:00","breadcrumb":{"@id":"https:\/\/exparto.pl\/sk\/produkt\/lamp-back-cleomax-lzd-2840\/#breadcrumb"},"inLanguage":"sk-SK","potentialAction":[{"@type":"ReadAction","target":["https:\/\/exparto.pl\/sk\/produkt\/lamp-back-cleomax-lzd-2840\/"]}]},{"@type":"ImageObject","inLanguage":"sk-SK","@id":"https:\/\/exparto.pl\/sk\/produkt\/lamp-back-cleomax-lzd-2840\/#primaryimage","url":"https:\/\/exparto.pl\/wp-content\/uploads\/2023\/05\/d9fcfad5fca378407bb985208deaa448.jpg","contentUrl":"https:\/\/exparto.pl\/wp-content\/uploads\/2023\/05\/d9fcfad5fca378407bb985208deaa448.jpg","width":770,"height":546},{"@type":"BreadcrumbList","@id":"https:\/\/exparto.pl\/sk\/produkt\/lamp-back-cleomax-lzd-2840\/#breadcrumb","itemListElement":[{"@type":"ListItem","position":1,"name":"Domovsk\u00e1 str\u00e1nka","item":"https:\/\/exparto.pl\/sk\/domovska-stranka\/"},{"@type":"ListItem","position":2,"name":"Sklep","item":"https:\/\/exparto.pl\/sklep\/"},{"@type":"ListItem","position":3,"name":"Kombinovan\u00e9 svietidl\u00e1","item":"https:\/\/exparto.pl\/sk\/kategoria-produktov\/osvetlenie\/kombinovane-svietidla\/"},{"@type":"ListItem","position":4,"name":"Zadn\u00e9 zdru\u017een\u00e9 svietidlo CLEOmax &#8211; LZD 2840"}]},{"@type":"WebSite","@id":"https:\/\/exparto.pl\/sk\/#website","url":"https:\/\/exparto.pl\/sk\/","name":"EXPARTO","description":"More than agro parts","publisher":{"@id":"https:\/\/exparto.pl\/sk\/#organization"},"potentialAction":[{"@type":"SearchAction","target":{"@type":"EntryPoint","urlTemplate":"https:\/\/exparto.pl\/sk\/?s={search_term_string}"},"query-input":{"@type":"PropertyValueSpecification","valueRequired":true,"valueName":"search_term_string"}}],"inLanguage":"sk-SK"},{"@type":"Organization","@id":"https:\/\/exparto.pl\/sk\/#organization","name":"EXPARTO","url":"https:\/\/exparto.pl\/sk\/","logo":{"@type":"ImageObject","inLanguage":"sk-SK","@id":"https:\/\/exparto.pl\/sk\/#\/schema\/logo\/image\/","url":"https:\/\/exparto.pl\/wp-content\/uploads\/2023\/02\/logo-wektor.png","contentUrl":"https:\/\/exparto.pl\/wp-content\/uploads\/2023\/02\/logo-wektor.png","width":1338,"height":143,"caption":"EXPARTO"},"image":{"@id":"https:\/\/exparto.pl\/sk\/#\/schema\/logo\/image\/"},"sameAs":["https:\/\/www.facebook.com\/exparto.agro\/"]}]}},"_links":{"self":[{"href":"https:\/\/exparto.pl\/sk\/wp-json\/wp\/v2\/product\/13235","targetHints":{"allow":["GET"]}}],"collection":[{"href":"https:\/\/exparto.pl\/sk\/wp-json\/wp\/v2\/product"}],"about":[{"href":"https:\/\/exparto.pl\/sk\/wp-json\/wp\/v2\/types\/product"}],"replies":[{"embeddable":true,"href":"https:\/\/exparto.pl\/sk\/wp-json\/wp\/v2\/comments?post=13235"}],"wp:featuredmedia":[{"embeddable":true,"href":"https:\/\/exparto.pl\/sk\/wp-json\/wp\/v2\/media\/6065"}],"wp:attachment":[{"href":"https:\/\/exparto.pl\/sk\/wp-json\/wp\/v2\/media?parent=13235"}],"wp:term":[{"taxonomy":"product_brand","embeddable":true,"href":"https:\/\/exparto.pl\/sk\/wp-json\/wp\/v2\/product_brand?post=13235"},{"taxonomy":"product_cat","embeddable":true,"href":"https:\/\/exparto.pl\/sk\/wp-json\/wp\/v2\/product_cat?post=13235"},{"taxonomy":"product_tag","embeddable":true,"href":"https:\/\/exparto.pl\/sk\/wp-json\/wp\/v2\/product_tag?post=13235"}],"curies":[{"name":"wp","href":"https:\/\/api.w.org\/{rel}","templated":true}]}}