{"id":13340,"date":"2023-05-12T09:52:39","date_gmt":"2023-05-12T07:52:39","guid":{"rendered":"https:\/\/exparto.pl\/produkt\/seger-z30\/"},"modified":"2023-05-12T09:52:39","modified_gmt":"2023-05-12T07:52:39","slug":"seger-z30","status":"publish","type":"product","link":"https:\/\/exparto.pl\/sk\/produkt\/seger-z30\/","title":{"rendered":"Seger Z30"},"content":{"rendered":"<p class=\"MsoNormal\" style=\"text-align: justify\">Segerov\u00fd kr\u00fa\u017eok je <span style=\"color: inherit;font-weight: 700 !important\">k dispoz\u00edcii v 2 typoch: vonkaj\u0161\u00ed a vn\u00fatorn\u00fd<\/span>. Napriek svojej malej ve\u013ekosti je d\u00f4le\u017eitou kon\u0161truk\u010dnou s\u00fa\u010das\u0165ou stroja a pou\u017e\u00edva sa najm\u00e4 na ochranu jeho jednotliv\u00fdch komponentov pred axi\u00e1lnym posunom &#8211; blokuje ich na mieste, aby sa po\u010das prev\u00e1dzky nepohybovali a \u010dasom sa neopotrebovali.<\/p>\n<p class=\"MsoNormal\" style=\"text-align: justify\">Kr\u00fa\u017eok je ur\u010den\u00fd na vlo\u017eenie do \u0161peci\u00e1lnej dr\u00e1\u017eky, ktor\u00e1 zodpoved\u00e1 jeho ve\u013ekosti. Tento prvok je charakteristick\u00fd aj svoj\u00edm nezvy\u010dajn\u00fdm tvarom &#8211; nie je vycentrovan\u00fd, ale excentrick\u00fd. V\u010faka tomu dokonale pri\u013ene k dr\u00e1\u017eke, do ktorej je umiestnen\u00fd. <span style=\"color: inherit;font-weight: 700 !important\">Pru\u017einov\u00e9 usadzovacie kr\u00fa\u017eky maj\u00fa priemer od 5 do 500 mm, excentrick\u00fd tvar a rovnomerne sa vtl\u00e1\u010daj\u00fa po celom obvode kr\u00fa\u017eku do dr\u00e1\u017eky<\/span>. Pren\u00e1\u0161aj\u00fa len axi\u00e1lne za\u0165a\u017eenie. Vkladaj\u00fa sa a vyberaj\u00fa axi\u00e1lne pomocou \u0161peci\u00e1lnych klie\u0161t\u00ed, ktor\u00e9 vyu\u017e\u00edvaj\u00fa otvory na koncoch kr\u00fa\u017ekov.<\/p>\n<p class=\"MsoNormal\">\n","protected":false},"excerpt":{"rendered":"<p class=\"MsoNormal\" style=\"text-align: justify\">Segerov\u00fd kr\u00fa\u017eok je <span style=\"color: inherit\">k dispoz\u00edcii v 2 typoch: vonkaj\u0161\u00ed a vn\u00fatorn\u00fd<\/span>.<\/p>\n","protected":false},"featured_media":5669,"comment_status":"open","ping_status":"closed","template":"","meta":{"_acf_changed":false,"inline_featured_image":false},"product_brand":[],"product_cat":[620],"product_tag":[],"class_list":{"0":"post-13340","1":"product","2":"type-product","3":"status-publish","4":"has-post-thumbnail","6":"product_cat-segers-sk","8":"first","9":"instock","10":"taxable","11":"shipping-taxable","12":"purchasable","13":"product-type-simple"},"acf":[],"yoast_head":"<!-- This site is optimized with the Yoast SEO plugin v27.2 - https:\/\/yoast.com\/product\/yoast-seo-wordpress\/ -->\n<title>Seger Z30 - Exparto.pl<\/title>\n<meta name=\"robots\" content=\"index, follow, max-snippet:-1, max-image-preview:large, max-video-preview:-1\" \/>\n<link rel=\"canonical\" href=\"https:\/\/exparto.pl\/sk\/produkt\/seger-z30\/\" \/>\n<meta property=\"og:locale\" content=\"sk_SK\" \/>\n<meta property=\"og:type\" content=\"article\" \/>\n<meta property=\"og:title\" content=\"Seger Z30 - Exparto.pl\" \/>\n<meta property=\"og:description\" content=\"Segerov\u00fd kr\u00fa\u017eok je k dispoz\u00edcii v 2 typoch: vonkaj\u0161\u00ed a vn\u00fatorn\u00fd.\" \/>\n<meta property=\"og:url\" content=\"https:\/\/exparto.pl\/sk\/produkt\/seger-z30\/\" \/>\n<meta property=\"og:site_name\" content=\"Exparto.pl\" \/>\n<meta property=\"article:publisher\" content=\"https:\/\/www.facebook.com\/exparto.agro\/\" \/>\n<meta property=\"og:image\" content=\"https:\/\/exparto.pl\/wp-content\/uploads\/2023\/05\/38126e82b375c62533652f3d10781cbf.jpg\" \/>\n\t<meta property=\"og:image:width\" content=\"1000\" \/>\n\t<meta property=\"og:image:height\" content=\"1000\" \/>\n\t<meta property=\"og:image:type\" content=\"image\/jpeg\" \/>\n<meta name=\"twitter:card\" content=\"summary_large_image\" \/>\n<meta name=\"twitter:label1\" content=\"Predpokladan\u00fd \u010das \u010d\u00edtania\" \/>\n\t<meta name=\"twitter:data1\" content=\"1 min\u00fata\" \/>\n<script type=\"application\/ld+json\" class=\"yoast-schema-graph\">{\"@context\":\"https:\/\/schema.org\",\"@graph\":[{\"@type\":\"WebPage\",\"@id\":\"https:\/\/exparto.pl\/sk\/produkt\/seger-z30\/\",\"url\":\"https:\/\/exparto.pl\/sk\/produkt\/seger-z30\/\",\"name\":\"Seger Z30 - Exparto.pl\",\"isPartOf\":{\"@id\":\"https:\/\/exparto.pl\/sk\/#website\"},\"primaryImageOfPage\":{\"@id\":\"https:\/\/exparto.pl\/sk\/produkt\/seger-z30\/#primaryimage\"},\"image\":{\"@id\":\"https:\/\/exparto.pl\/sk\/produkt\/seger-z30\/#primaryimage\"},\"thumbnailUrl\":\"https:\/\/exparto.pl\/wp-content\/uploads\/2023\/05\/38126e82b375c62533652f3d10781cbf.jpg\",\"datePublished\":\"2023-05-12T07:52:39+00:00\",\"breadcrumb\":{\"@id\":\"https:\/\/exparto.pl\/sk\/produkt\/seger-z30\/#breadcrumb\"},\"inLanguage\":\"sk-SK\",\"potentialAction\":[{\"@type\":\"ReadAction\",\"target\":[\"https:\/\/exparto.pl\/sk\/produkt\/seger-z30\/\"]}]},{\"@type\":\"ImageObject\",\"inLanguage\":\"sk-SK\",\"@id\":\"https:\/\/exparto.pl\/sk\/produkt\/seger-z30\/#primaryimage\",\"url\":\"https:\/\/exparto.pl\/wp-content\/uploads\/2023\/05\/38126e82b375c62533652f3d10781cbf.jpg\",\"contentUrl\":\"https:\/\/exparto.pl\/wp-content\/uploads\/2023\/05\/38126e82b375c62533652f3d10781cbf.jpg\",\"width\":1000,\"height\":1000},{\"@type\":\"BreadcrumbList\",\"@id\":\"https:\/\/exparto.pl\/sk\/produkt\/seger-z30\/#breadcrumb\",\"itemListElement\":[{\"@type\":\"ListItem\",\"position\":1,\"name\":\"Domovsk\u00e1 str\u00e1nka\",\"item\":\"https:\/\/exparto.pl\/sk\/domovska-stranka\/\"},{\"@type\":\"ListItem\",\"position\":2,\"name\":\"Sklep\",\"item\":\"https:\/\/exparto.pl\/sklep\/\"},{\"@type\":\"ListItem\",\"position\":3,\"name\":\"Segers\",\"item\":\"https:\/\/exparto.pl\/sk\/kategoria-produktov\/standardizovane-vyrobky\/segers-sk\/\"},{\"@type\":\"ListItem\",\"position\":4,\"name\":\"Seger Z30\"}]},{\"@type\":\"WebSite\",\"@id\":\"https:\/\/exparto.pl\/sk\/#website\",\"url\":\"https:\/\/exparto.pl\/sk\/\",\"name\":\"EXPARTO\",\"description\":\"More than agro parts\",\"publisher\":{\"@id\":\"https:\/\/exparto.pl\/sk\/#organization\"},\"potentialAction\":[{\"@type\":\"SearchAction\",\"target\":{\"@type\":\"EntryPoint\",\"urlTemplate\":\"https:\/\/exparto.pl\/sk\/?s={search_term_string}\"},\"query-input\":{\"@type\":\"PropertyValueSpecification\",\"valueRequired\":true,\"valueName\":\"search_term_string\"}}],\"inLanguage\":\"sk-SK\"},{\"@type\":\"Organization\",\"@id\":\"https:\/\/exparto.pl\/sk\/#organization\",\"name\":\"EXPARTO\",\"url\":\"https:\/\/exparto.pl\/sk\/\",\"logo\":{\"@type\":\"ImageObject\",\"inLanguage\":\"sk-SK\",\"@id\":\"https:\/\/exparto.pl\/sk\/#\/schema\/logo\/image\/\",\"url\":\"https:\/\/exparto.pl\/wp-content\/uploads\/2023\/02\/logo-wektor.png\",\"contentUrl\":\"https:\/\/exparto.pl\/wp-content\/uploads\/2023\/02\/logo-wektor.png\",\"width\":1338,\"height\":143,\"caption\":\"EXPARTO\"},\"image\":{\"@id\":\"https:\/\/exparto.pl\/sk\/#\/schema\/logo\/image\/\"},\"sameAs\":[\"https:\/\/www.facebook.com\/exparto.agro\/\"]}]}<\/script>\n<!-- \/ Yoast SEO plugin. -->","yoast_head_json":{"title":"Seger Z30 - Exparto.pl","robots":{"index":"index","follow":"follow","max-snippet":"max-snippet:-1","max-image-preview":"max-image-preview:large","max-video-preview":"max-video-preview:-1"},"canonical":"https:\/\/exparto.pl\/sk\/produkt\/seger-z30\/","og_locale":"sk_SK","og_type":"article","og_title":"Seger Z30 - Exparto.pl","og_description":"Segerov\u00fd kr\u00fa\u017eok je k dispoz\u00edcii v 2 typoch: vonkaj\u0161\u00ed a vn\u00fatorn\u00fd.","og_url":"https:\/\/exparto.pl\/sk\/produkt\/seger-z30\/","og_site_name":"Exparto.pl","article_publisher":"https:\/\/www.facebook.com\/exparto.agro\/","og_image":[{"width":1000,"height":1000,"url":"https:\/\/exparto.pl\/wp-content\/uploads\/2023\/05\/38126e82b375c62533652f3d10781cbf.jpg","type":"image\/jpeg"}],"twitter_card":"summary_large_image","twitter_misc":{"Predpokladan\u00fd \u010das \u010d\u00edtania":"1 min\u00fata"},"schema":{"@context":"https:\/\/schema.org","@graph":[{"@type":"WebPage","@id":"https:\/\/exparto.pl\/sk\/produkt\/seger-z30\/","url":"https:\/\/exparto.pl\/sk\/produkt\/seger-z30\/","name":"Seger Z30 - Exparto.pl","isPartOf":{"@id":"https:\/\/exparto.pl\/sk\/#website"},"primaryImageOfPage":{"@id":"https:\/\/exparto.pl\/sk\/produkt\/seger-z30\/#primaryimage"},"image":{"@id":"https:\/\/exparto.pl\/sk\/produkt\/seger-z30\/#primaryimage"},"thumbnailUrl":"https:\/\/exparto.pl\/wp-content\/uploads\/2023\/05\/38126e82b375c62533652f3d10781cbf.jpg","datePublished":"2023-05-12T07:52:39+00:00","breadcrumb":{"@id":"https:\/\/exparto.pl\/sk\/produkt\/seger-z30\/#breadcrumb"},"inLanguage":"sk-SK","potentialAction":[{"@type":"ReadAction","target":["https:\/\/exparto.pl\/sk\/produkt\/seger-z30\/"]}]},{"@type":"ImageObject","inLanguage":"sk-SK","@id":"https:\/\/exparto.pl\/sk\/produkt\/seger-z30\/#primaryimage","url":"https:\/\/exparto.pl\/wp-content\/uploads\/2023\/05\/38126e82b375c62533652f3d10781cbf.jpg","contentUrl":"https:\/\/exparto.pl\/wp-content\/uploads\/2023\/05\/38126e82b375c62533652f3d10781cbf.jpg","width":1000,"height":1000},{"@type":"BreadcrumbList","@id":"https:\/\/exparto.pl\/sk\/produkt\/seger-z30\/#breadcrumb","itemListElement":[{"@type":"ListItem","position":1,"name":"Domovsk\u00e1 str\u00e1nka","item":"https:\/\/exparto.pl\/sk\/domovska-stranka\/"},{"@type":"ListItem","position":2,"name":"Sklep","item":"https:\/\/exparto.pl\/sklep\/"},{"@type":"ListItem","position":3,"name":"Segers","item":"https:\/\/exparto.pl\/sk\/kategoria-produktov\/standardizovane-vyrobky\/segers-sk\/"},{"@type":"ListItem","position":4,"name":"Seger Z30"}]},{"@type":"WebSite","@id":"https:\/\/exparto.pl\/sk\/#website","url":"https:\/\/exparto.pl\/sk\/","name":"EXPARTO","description":"More than agro parts","publisher":{"@id":"https:\/\/exparto.pl\/sk\/#organization"},"potentialAction":[{"@type":"SearchAction","target":{"@type":"EntryPoint","urlTemplate":"https:\/\/exparto.pl\/sk\/?s={search_term_string}"},"query-input":{"@type":"PropertyValueSpecification","valueRequired":true,"valueName":"search_term_string"}}],"inLanguage":"sk-SK"},{"@type":"Organization","@id":"https:\/\/exparto.pl\/sk\/#organization","name":"EXPARTO","url":"https:\/\/exparto.pl\/sk\/","logo":{"@type":"ImageObject","inLanguage":"sk-SK","@id":"https:\/\/exparto.pl\/sk\/#\/schema\/logo\/image\/","url":"https:\/\/exparto.pl\/wp-content\/uploads\/2023\/02\/logo-wektor.png","contentUrl":"https:\/\/exparto.pl\/wp-content\/uploads\/2023\/02\/logo-wektor.png","width":1338,"height":143,"caption":"EXPARTO"},"image":{"@id":"https:\/\/exparto.pl\/sk\/#\/schema\/logo\/image\/"},"sameAs":["https:\/\/www.facebook.com\/exparto.agro\/"]}]}},"_links":{"self":[{"href":"https:\/\/exparto.pl\/sk\/wp-json\/wp\/v2\/product\/13340","targetHints":{"allow":["GET"]}}],"collection":[{"href":"https:\/\/exparto.pl\/sk\/wp-json\/wp\/v2\/product"}],"about":[{"href":"https:\/\/exparto.pl\/sk\/wp-json\/wp\/v2\/types\/product"}],"replies":[{"embeddable":true,"href":"https:\/\/exparto.pl\/sk\/wp-json\/wp\/v2\/comments?post=13340"}],"wp:featuredmedia":[{"embeddable":true,"href":"https:\/\/exparto.pl\/sk\/wp-json\/wp\/v2\/media\/5669"}],"wp:attachment":[{"href":"https:\/\/exparto.pl\/sk\/wp-json\/wp\/v2\/media?parent=13340"}],"wp:term":[{"taxonomy":"product_brand","embeddable":true,"href":"https:\/\/exparto.pl\/sk\/wp-json\/wp\/v2\/product_brand?post=13340"},{"taxonomy":"product_cat","embeddable":true,"href":"https:\/\/exparto.pl\/sk\/wp-json\/wp\/v2\/product_cat?post=13340"},{"taxonomy":"product_tag","embeddable":true,"href":"https:\/\/exparto.pl\/sk\/wp-json\/wp\/v2\/product_tag?post=13340"}],"curies":[{"name":"wp","href":"https:\/\/api.w.org\/{rel}","templated":true}]}}