{"id":13389,"date":"2023-04-28T14:19:12","date_gmt":"2023-04-28T12:19:12","guid":{"rendered":"https:\/\/exparto.pl\/produkt\/komorovy-noz-sipma-z-224-press\/"},"modified":"2023-04-28T14:19:12","modified_gmt":"2023-04-28T12:19:12","slug":"knife-chambers-press-sipma-z-224","status":"publish","type":"product","link":"https:\/\/exparto.pl\/sk\/produkt\/knife-chambers-press-sipma-z-224\/","title":{"rendered":"Komorov\u00fd n\u00f4\u017e SIPMA Z-224 press"},"content":{"rendered":"<p class=\"MsoNormal\"><span style=\"color: inherit;font-weight: 700 !important\">Komorov\u00fd n\u00f4\u017e pre kr\u00e1jacie lisy SIPMA Z-224\/1, SIPMA Z-224\/2<\/span><\/p>\n<p class=\"MsoNormal\" style=\"text-align: justify\">Katal\u00f3gov\u00e9 \u010d\u00edsla:<\/p>\n<p class=\"MsoNormal\" style=\"text-align: justify\"><span style=\"font-weight: bold\">\u27055224051220<\/span><\/p>\n<p class=\"MsoNormal\" style=\"text-align: justify\">Lis Simpa je \u0161iroko pou\u017e\u00edvan\u00fd po\u013enohospod\u00e1rsky stroj. <span style=\"color: inherit;font-weight: 700 !important\">Dobre sa hod\u00ed na zber slamy<\/span>. Pou\u017e\u00edva sa aj na zber sena. Funguje predov\u0161etk\u00fdm na z\u00e1klade viazacieho zariadenia pre lis &#8211; tlmi\u010da. Ozna\u010duje sa aj ako spojovac\u00ed pr\u00edstroj. V\u0161etky jej term\u00edny \u00fazko s\u00favisia s jej pr\u00e1cou. Viazacie zariadenie lisu je zodpovedn\u00e9 za prepletenie \u0161n\u00fary. Po\u010das nieko\u013ek\u00fdch sek\u00fand automaticky <span style=\"color: inherit;font-weight: 700 !important\">zvia\u017ee pevn\u00fd uzol a odre\u017ee prebyto\u010dn\u00fa \u0161n\u00faru<\/span>. Jednotliv\u00e9 s\u00fa\u010dasti lisu, ktor\u00fd je najd\u00f4le\u017eitej\u0161ou \u010das\u0165ou lisu, musia ve\u013emi presne spolupracova\u0165.<\/p>\n<p class=\"MsoNormal\" style=\"text-align: justify\">Vysokokvalitn\u00e9 viazacie zariadenie pre kockovac\u00ed lis zabezpe\u010d\u00ed spo\u013eahliv\u00fa prev\u00e1dzku. Internetov\u00fd obchod s n\u00e1hradn\u00fdmi dielmi pre po\u013enohospod\u00e1rske stroje Exparto m\u00e1 v ponuke aj n\u00e1hradn\u00e9 diely pre supplanter. K dispoz\u00edcii s\u00fa. nadstavba, p\u00e1ka no\u017ea, ihla Simpa.<\/p>\n","protected":false},"excerpt":{"rendered":"<p style=\"text-align: justify\">Komorov\u00fd n\u00f4\u017e je n\u00e1hradn\u00fd diel pre lis SIPMA Z-224. Vysokokvalitn\u00fd v\u00fdrobok zabezpe\u010d\u00ed jeho spo\u013eahliv\u00fd v\u00fdkon.<\/p>\n","protected":false},"featured_media":5589,"comment_status":"open","ping_status":"closed","template":"","meta":{"_acf_changed":false,"inline_featured_image":false},"product_brand":[],"product_cat":[520,519],"product_tag":[],"class_list":{"0":"post-13389","1":"product","2":"type-product","3":"status-publish","4":"has-post-thumbnail","6":"product_cat-nahradne-diely-pre-lis-sipma-z-224","7":"product_cat-tlacove-diely","9":"first","10":"instock","11":"taxable","12":"shipping-taxable","13":"purchasable","14":"product-type-simple"},"acf":[],"yoast_head":"<!-- This site is optimized with the Yoast SEO plugin v27.2 - https:\/\/yoast.com\/product\/yoast-seo-wordpress\/ -->\n<title>Komorov\u00fd n\u00f4\u017e SIPMA Z-224 press - Exparto.pl<\/title>\n<meta name=\"robots\" content=\"index, follow, max-snippet:-1, max-image-preview:large, max-video-preview:-1\" \/>\n<link rel=\"canonical\" href=\"https:\/\/exparto.pl\/sk\/produkt\/knife-chambers-press-sipma-z-224\/\" \/>\n<meta property=\"og:locale\" content=\"sk_SK\" \/>\n<meta property=\"og:type\" content=\"article\" \/>\n<meta property=\"og:title\" content=\"Komorov\u00fd n\u00f4\u017e SIPMA Z-224 press - Exparto.pl\" \/>\n<meta property=\"og:description\" content=\"Komorov\u00fd n\u00f4\u017e je n\u00e1hradn\u00fd diel pre lis SIPMA Z-224. Vysokokvalitn\u00fd v\u00fdrobok zabezpe\u010d\u00ed jeho spo\u013eahliv\u00fd v\u00fdkon.\" \/>\n<meta property=\"og:url\" content=\"https:\/\/exparto.pl\/sk\/produkt\/knife-chambers-press-sipma-z-224\/\" \/>\n<meta property=\"og:site_name\" content=\"Exparto.pl\" \/>\n<meta property=\"article:publisher\" content=\"https:\/\/www.facebook.com\/exparto.agro\/\" \/>\n<meta property=\"og:image\" content=\"https:\/\/exparto.pl\/wp-content\/uploads\/2023\/04\/e1d9038943bf8d1c8bced0e40d120b14.jpg\" \/>\n\t<meta property=\"og:image:width\" content=\"1000\" \/>\n\t<meta property=\"og:image:height\" content=\"1000\" \/>\n\t<meta property=\"og:image:type\" content=\"image\/jpeg\" \/>\n<meta name=\"twitter:card\" content=\"summary_large_image\" \/>\n<meta name=\"twitter:label1\" content=\"Predpokladan\u00fd \u010das \u010d\u00edtania\" \/>\n\t<meta name=\"twitter:data1\" content=\"1 min\u00fata\" \/>\n<script type=\"application\/ld+json\" class=\"yoast-schema-graph\">{\"@context\":\"https:\/\/schema.org\",\"@graph\":[{\"@type\":\"WebPage\",\"@id\":\"https:\/\/exparto.pl\/sk\/produkt\/knife-chambers-press-sipma-z-224\/\",\"url\":\"https:\/\/exparto.pl\/sk\/produkt\/knife-chambers-press-sipma-z-224\/\",\"name\":\"Komorov\u00fd n\u00f4\u017e SIPMA Z-224 press - Exparto.pl\",\"isPartOf\":{\"@id\":\"https:\/\/exparto.pl\/sk\/#website\"},\"primaryImageOfPage\":{\"@id\":\"https:\/\/exparto.pl\/sk\/produkt\/knife-chambers-press-sipma-z-224\/#primaryimage\"},\"image\":{\"@id\":\"https:\/\/exparto.pl\/sk\/produkt\/knife-chambers-press-sipma-z-224\/#primaryimage\"},\"thumbnailUrl\":\"https:\/\/exparto.pl\/wp-content\/uploads\/2023\/04\/e1d9038943bf8d1c8bced0e40d120b14.jpg\",\"datePublished\":\"2023-04-28T12:19:12+00:00\",\"breadcrumb\":{\"@id\":\"https:\/\/exparto.pl\/sk\/produkt\/knife-chambers-press-sipma-z-224\/#breadcrumb\"},\"inLanguage\":\"sk-SK\",\"potentialAction\":[{\"@type\":\"ReadAction\",\"target\":[\"https:\/\/exparto.pl\/sk\/produkt\/knife-chambers-press-sipma-z-224\/\"]}]},{\"@type\":\"ImageObject\",\"inLanguage\":\"sk-SK\",\"@id\":\"https:\/\/exparto.pl\/sk\/produkt\/knife-chambers-press-sipma-z-224\/#primaryimage\",\"url\":\"https:\/\/exparto.pl\/wp-content\/uploads\/2023\/04\/e1d9038943bf8d1c8bced0e40d120b14.jpg\",\"contentUrl\":\"https:\/\/exparto.pl\/wp-content\/uploads\/2023\/04\/e1d9038943bf8d1c8bced0e40d120b14.jpg\",\"width\":1000,\"height\":1000},{\"@type\":\"BreadcrumbList\",\"@id\":\"https:\/\/exparto.pl\/sk\/produkt\/knife-chambers-press-sipma-z-224\/#breadcrumb\",\"itemListElement\":[{\"@type\":\"ListItem\",\"position\":1,\"name\":\"Domovsk\u00e1 str\u00e1nka\",\"item\":\"https:\/\/exparto.pl\/sk\/domovska-stranka\/\"},{\"@type\":\"ListItem\",\"position\":2,\"name\":\"Sklep\",\"item\":\"https:\/\/exparto.pl\/sklep\/\"},{\"@type\":\"ListItem\",\"position\":3,\"name\":\"Tla\u010dov\u00e9 diely\",\"item\":\"https:\/\/exparto.pl\/sk\/kategoria-produktov\/tlacove-diely\/\"},{\"@type\":\"ListItem\",\"position\":4,\"name\":\"N\u00e1hradn\u00e9 diely pre lis SIPMA Z-224\",\"item\":\"https:\/\/exparto.pl\/sk\/kategoria-produktov\/tlacove-diely\/nahradne-diely-pre-lis-sipma-z-224\/\"},{\"@type\":\"ListItem\",\"position\":5,\"name\":\"Komorov\u00fd n\u00f4\u017e SIPMA Z-224 press\"}]},{\"@type\":\"WebSite\",\"@id\":\"https:\/\/exparto.pl\/sk\/#website\",\"url\":\"https:\/\/exparto.pl\/sk\/\",\"name\":\"EXPARTO\",\"description\":\"More than agro parts\",\"publisher\":{\"@id\":\"https:\/\/exparto.pl\/sk\/#organization\"},\"potentialAction\":[{\"@type\":\"SearchAction\",\"target\":{\"@type\":\"EntryPoint\",\"urlTemplate\":\"https:\/\/exparto.pl\/sk\/?s={search_term_string}\"},\"query-input\":{\"@type\":\"PropertyValueSpecification\",\"valueRequired\":true,\"valueName\":\"search_term_string\"}}],\"inLanguage\":\"sk-SK\"},{\"@type\":\"Organization\",\"@id\":\"https:\/\/exparto.pl\/sk\/#organization\",\"name\":\"EXPARTO\",\"url\":\"https:\/\/exparto.pl\/sk\/\",\"logo\":{\"@type\":\"ImageObject\",\"inLanguage\":\"sk-SK\",\"@id\":\"https:\/\/exparto.pl\/sk\/#\/schema\/logo\/image\/\",\"url\":\"https:\/\/exparto.pl\/wp-content\/uploads\/2023\/02\/logo-wektor.png\",\"contentUrl\":\"https:\/\/exparto.pl\/wp-content\/uploads\/2023\/02\/logo-wektor.png\",\"width\":1338,\"height\":143,\"caption\":\"EXPARTO\"},\"image\":{\"@id\":\"https:\/\/exparto.pl\/sk\/#\/schema\/logo\/image\/\"},\"sameAs\":[\"https:\/\/www.facebook.com\/exparto.agro\/\"]}]}<\/script>\n<!-- \/ Yoast SEO plugin. -->","yoast_head_json":{"title":"Komorov\u00fd n\u00f4\u017e SIPMA Z-224 press - Exparto.pl","robots":{"index":"index","follow":"follow","max-snippet":"max-snippet:-1","max-image-preview":"max-image-preview:large","max-video-preview":"max-video-preview:-1"},"canonical":"https:\/\/exparto.pl\/sk\/produkt\/knife-chambers-press-sipma-z-224\/","og_locale":"sk_SK","og_type":"article","og_title":"Komorov\u00fd n\u00f4\u017e SIPMA Z-224 press - Exparto.pl","og_description":"Komorov\u00fd n\u00f4\u017e je n\u00e1hradn\u00fd diel pre lis SIPMA Z-224. Vysokokvalitn\u00fd v\u00fdrobok zabezpe\u010d\u00ed jeho spo\u013eahliv\u00fd v\u00fdkon.","og_url":"https:\/\/exparto.pl\/sk\/produkt\/knife-chambers-press-sipma-z-224\/","og_site_name":"Exparto.pl","article_publisher":"https:\/\/www.facebook.com\/exparto.agro\/","og_image":[{"width":1000,"height":1000,"url":"https:\/\/exparto.pl\/wp-content\/uploads\/2023\/04\/e1d9038943bf8d1c8bced0e40d120b14.jpg","type":"image\/jpeg"}],"twitter_card":"summary_large_image","twitter_misc":{"Predpokladan\u00fd \u010das \u010d\u00edtania":"1 min\u00fata"},"schema":{"@context":"https:\/\/schema.org","@graph":[{"@type":"WebPage","@id":"https:\/\/exparto.pl\/sk\/produkt\/knife-chambers-press-sipma-z-224\/","url":"https:\/\/exparto.pl\/sk\/produkt\/knife-chambers-press-sipma-z-224\/","name":"Komorov\u00fd n\u00f4\u017e SIPMA Z-224 press - Exparto.pl","isPartOf":{"@id":"https:\/\/exparto.pl\/sk\/#website"},"primaryImageOfPage":{"@id":"https:\/\/exparto.pl\/sk\/produkt\/knife-chambers-press-sipma-z-224\/#primaryimage"},"image":{"@id":"https:\/\/exparto.pl\/sk\/produkt\/knife-chambers-press-sipma-z-224\/#primaryimage"},"thumbnailUrl":"https:\/\/exparto.pl\/wp-content\/uploads\/2023\/04\/e1d9038943bf8d1c8bced0e40d120b14.jpg","datePublished":"2023-04-28T12:19:12+00:00","breadcrumb":{"@id":"https:\/\/exparto.pl\/sk\/produkt\/knife-chambers-press-sipma-z-224\/#breadcrumb"},"inLanguage":"sk-SK","potentialAction":[{"@type":"ReadAction","target":["https:\/\/exparto.pl\/sk\/produkt\/knife-chambers-press-sipma-z-224\/"]}]},{"@type":"ImageObject","inLanguage":"sk-SK","@id":"https:\/\/exparto.pl\/sk\/produkt\/knife-chambers-press-sipma-z-224\/#primaryimage","url":"https:\/\/exparto.pl\/wp-content\/uploads\/2023\/04\/e1d9038943bf8d1c8bced0e40d120b14.jpg","contentUrl":"https:\/\/exparto.pl\/wp-content\/uploads\/2023\/04\/e1d9038943bf8d1c8bced0e40d120b14.jpg","width":1000,"height":1000},{"@type":"BreadcrumbList","@id":"https:\/\/exparto.pl\/sk\/produkt\/knife-chambers-press-sipma-z-224\/#breadcrumb","itemListElement":[{"@type":"ListItem","position":1,"name":"Domovsk\u00e1 str\u00e1nka","item":"https:\/\/exparto.pl\/sk\/domovska-stranka\/"},{"@type":"ListItem","position":2,"name":"Sklep","item":"https:\/\/exparto.pl\/sklep\/"},{"@type":"ListItem","position":3,"name":"Tla\u010dov\u00e9 diely","item":"https:\/\/exparto.pl\/sk\/kategoria-produktov\/tlacove-diely\/"},{"@type":"ListItem","position":4,"name":"N\u00e1hradn\u00e9 diely pre lis SIPMA Z-224","item":"https:\/\/exparto.pl\/sk\/kategoria-produktov\/tlacove-diely\/nahradne-diely-pre-lis-sipma-z-224\/"},{"@type":"ListItem","position":5,"name":"Komorov\u00fd n\u00f4\u017e SIPMA Z-224 press"}]},{"@type":"WebSite","@id":"https:\/\/exparto.pl\/sk\/#website","url":"https:\/\/exparto.pl\/sk\/","name":"EXPARTO","description":"More than agro parts","publisher":{"@id":"https:\/\/exparto.pl\/sk\/#organization"},"potentialAction":[{"@type":"SearchAction","target":{"@type":"EntryPoint","urlTemplate":"https:\/\/exparto.pl\/sk\/?s={search_term_string}"},"query-input":{"@type":"PropertyValueSpecification","valueRequired":true,"valueName":"search_term_string"}}],"inLanguage":"sk-SK"},{"@type":"Organization","@id":"https:\/\/exparto.pl\/sk\/#organization","name":"EXPARTO","url":"https:\/\/exparto.pl\/sk\/","logo":{"@type":"ImageObject","inLanguage":"sk-SK","@id":"https:\/\/exparto.pl\/sk\/#\/schema\/logo\/image\/","url":"https:\/\/exparto.pl\/wp-content\/uploads\/2023\/02\/logo-wektor.png","contentUrl":"https:\/\/exparto.pl\/wp-content\/uploads\/2023\/02\/logo-wektor.png","width":1338,"height":143,"caption":"EXPARTO"},"image":{"@id":"https:\/\/exparto.pl\/sk\/#\/schema\/logo\/image\/"},"sameAs":["https:\/\/www.facebook.com\/exparto.agro\/"]}]}},"_links":{"self":[{"href":"https:\/\/exparto.pl\/sk\/wp-json\/wp\/v2\/product\/13389","targetHints":{"allow":["GET"]}}],"collection":[{"href":"https:\/\/exparto.pl\/sk\/wp-json\/wp\/v2\/product"}],"about":[{"href":"https:\/\/exparto.pl\/sk\/wp-json\/wp\/v2\/types\/product"}],"replies":[{"embeddable":true,"href":"https:\/\/exparto.pl\/sk\/wp-json\/wp\/v2\/comments?post=13389"}],"wp:featuredmedia":[{"embeddable":true,"href":"https:\/\/exparto.pl\/sk\/wp-json\/wp\/v2\/media\/5589"}],"wp:attachment":[{"href":"https:\/\/exparto.pl\/sk\/wp-json\/wp\/v2\/media?parent=13389"}],"wp:term":[{"taxonomy":"product_brand","embeddable":true,"href":"https:\/\/exparto.pl\/sk\/wp-json\/wp\/v2\/product_brand?post=13389"},{"taxonomy":"product_cat","embeddable":true,"href":"https:\/\/exparto.pl\/sk\/wp-json\/wp\/v2\/product_cat?post=13389"},{"taxonomy":"product_tag","embeddable":true,"href":"https:\/\/exparto.pl\/sk\/wp-json\/wp\/v2\/product_tag?post=13389"}],"curies":[{"name":"wp","href":"https:\/\/api.w.org\/{rel}","templated":true}]}}