{"id":13400,"date":"2023-03-03T13:46:45","date_gmt":"2023-03-03T12:46:45","guid":{"rendered":"https:\/\/exparto.pl\/produkt\/hydraulicky-2-sekcny-rozdelovac-02p80l-plavajuca-sekcia-tlakova-objimka\/"},"modified":"2023-03-03T13:46:45","modified_gmt":"2023-03-03T12:46:45","slug":"hydraulicky-2-sekcny-rozdelovac-02p80l-sekcny-plavajuci-tlakovy-rukav","status":"publish","type":"product","link":"https:\/\/exparto.pl\/sk\/produkt\/hydraulicky-2-sekcny-rozdelovac-02p80l-sekcny-plavajuci-tlakovy-rukav\/","title":{"rendered":"Hydraulick\u00fd 2-sek\u010dn\u00fd rozde\u013eova\u010d 02P80L &#8211; pl\u00e1vaj\u00faca sekcia &#8211; tlakov\u00e1 obj\u00edmka"},"content":{"rendered":"<p class=\"MsoNormal\" style=\"text-align: justify\"><span style=\"color: inherit;font-weight: 700 !important\">Hydraulick\u00fd rozde\u013eova\u010d 02P80<\/span> &#8211; monoblok, ovl\u00e1danie k\u00e1blom a joystickom, s prietokom 80 l\/min. Vyzna\u010duje sa <span style=\"color: inherit;font-weight: 700 !important\">robustnou a kompaktnou kon\u0161trukciou<\/span>, ktor\u00e1 umo\u017e\u0148uje s\u00e9riov\u00e9 zapojenie s in\u00fdmi podobn\u00fdmi jednotkami pomocou tlakov\u00e9ho puzdra. Je to <span style=\"color: inherit;font-weight: 700 !important\">dvojsek\u010dn\u00fd model<\/span> s jednou pl\u00e1vaj\u00facou sekciou, vhodn\u00fd pre jedno\u010dinn\u00e9 a dvoj\u010dinn\u00e9 pohony. Vyzna\u010duje sa tie\u017e vysokou <span style=\"color: inherit;font-weight: 700 !important\">v\u0161estrannos\u0165ou<\/span> a stabilnou prev\u00e1dzkou.<\/p>\n<p class=\"MsoNormal\" style=\"text-align: justify\">Hydraulick\u00fd rozde\u013eova\u010d 02P80 je ide\u00e1lny pre <span style=\"color: inherit;font-weight: 700 !important\">r\u00f4zne hydraulick\u00e9 syst\u00e9my<\/span> &#8211; v priemysle a stavebn\u00edctve, ako aj v po\u013enohospod\u00e1rstve. Je ide\u00e1lny pre traktory, <span style=\"color: inherit;font-weight: 700 !important\">naklada\u010de<\/span>, r\u00fdpadl\u00e1, <span style=\"color: inherit;font-weight: 700 !important\">stavebn\u00e9 a po\u013enohospod\u00e1rske stroje<\/span>, naklada\u010de HDS, postrekova\u010de, cykloprevodovky, obraca\u010de alebo dokonca zametacie stroje. Mali by sme doda\u0165, \u017ee cel\u00fa vec <span style=\"color: inherit;font-weight: 700 !important\">si \u013eahko zostav\u00edte sami<\/span>.<\/p>\n","protected":false},"excerpt":{"rendered":"<p style=\"text-align: justify\">Hydraulick\u00fd rozde\u013eova\u010d 02P80 je ide\u00e1lny pre <span style=\"color: inherit\">r\u00f4zne hydraulick\u00e9 syst\u00e9my<\/span> &#8211; v priemysle a stavebn\u00edctve, ako aj v po\u013enohospod\u00e1rstve.<\/p>\n","protected":false},"featured_media":5126,"comment_status":"open","ping_status":"closed","template":"","meta":{"_acf_changed":false,"inline_featured_image":false},"product_brand":[],"product_cat":[622],"product_tag":[],"class_list":{"0":"post-13400","1":"product","2":"type-product","3":"status-publish","4":"has-post-thumbnail","6":"product_cat-ovladanie-kablom","8":"first","9":"instock","10":"taxable","11":"shipping-taxable","12":"purchasable","13":"product-type-simple"},"acf":[],"yoast_head":"<!-- This site is optimized with the Yoast SEO plugin v27.3 - https:\/\/yoast.com\/product\/yoast-seo-wordpress\/ -->\n<title>Hydraulick\u00fd 2-sek\u010dn\u00fd rozde\u013eova\u010d 02P80L - pl\u00e1vaj\u00faca sekcia - tlakov\u00e1 obj\u00edmka - Exparto.pl<\/title>\n<meta name=\"robots\" content=\"index, follow, max-snippet:-1, max-image-preview:large, max-video-preview:-1\" \/>\n<link rel=\"canonical\" href=\"https:\/\/exparto.pl\/sk\/produkt\/hydraulicky-2-sekcny-rozdelovac-02p80l-sekcny-plavajuci-tlakovy-rukav\/\" \/>\n<meta property=\"og:locale\" content=\"sk_SK\" \/>\n<meta property=\"og:type\" content=\"article\" \/>\n<meta property=\"og:title\" content=\"Hydraulick\u00fd 2-sek\u010dn\u00fd rozde\u013eova\u010d 02P80L - pl\u00e1vaj\u00faca sekcia - tlakov\u00e1 obj\u00edmka - Exparto.pl\" \/>\n<meta property=\"og:description\" content=\"Hydraulick\u00fd rozde\u013eova\u010d 02P80 je ide\u00e1lny pre r\u00f4zne hydraulick\u00e9 syst\u00e9my - v priemysle a stavebn\u00edctve, ako aj v po\u013enohospod\u00e1rstve.\" \/>\n<meta property=\"og:url\" content=\"https:\/\/exparto.pl\/sk\/produkt\/hydraulicky-2-sekcny-rozdelovac-02p80l-sekcny-plavajuci-tlakovy-rukav\/\" \/>\n<meta property=\"og:site_name\" content=\"Exparto.pl\" \/>\n<meta property=\"article:publisher\" content=\"https:\/\/www.facebook.com\/exparto.agro\/\" \/>\n<meta property=\"og:image\" content=\"https:\/\/exparto.pl\/wp-content\/uploads\/2023\/03\/4cfb6ce6440aab910c9c9fcd27ce2cfe.jpg\" \/>\n\t<meta property=\"og:image:width\" content=\"1000\" \/>\n\t<meta property=\"og:image:height\" content=\"1000\" \/>\n\t<meta property=\"og:image:type\" content=\"image\/jpeg\" \/>\n<meta name=\"twitter:card\" content=\"summary_large_image\" \/>\n<meta name=\"twitter:label1\" content=\"Predpokladan\u00fd \u010das \u010d\u00edtania\" \/>\n\t<meta name=\"twitter:data1\" content=\"1 min\u00fata\" \/>\n<script type=\"application\/ld+json\" class=\"yoast-schema-graph\">{\"@context\":\"https:\\\/\\\/schema.org\",\"@graph\":[{\"@type\":\"WebPage\",\"@id\":\"https:\\\/\\\/exparto.pl\\\/sk\\\/produkt\\\/hydraulicky-2-sekcny-rozdelovac-02p80l-sekcny-plavajuci-tlakovy-rukav\\\/\",\"url\":\"https:\\\/\\\/exparto.pl\\\/sk\\\/produkt\\\/hydraulicky-2-sekcny-rozdelovac-02p80l-sekcny-plavajuci-tlakovy-rukav\\\/\",\"name\":\"Hydraulick\u00fd 2-sek\u010dn\u00fd rozde\u013eova\u010d 02P80L - pl\u00e1vaj\u00faca sekcia - tlakov\u00e1 obj\u00edmka - Exparto.pl\",\"isPartOf\":{\"@id\":\"https:\\\/\\\/exparto.pl\\\/sk\\\/#website\"},\"primaryImageOfPage\":{\"@id\":\"https:\\\/\\\/exparto.pl\\\/sk\\\/produkt\\\/hydraulicky-2-sekcny-rozdelovac-02p80l-sekcny-plavajuci-tlakovy-rukav\\\/#primaryimage\"},\"image\":{\"@id\":\"https:\\\/\\\/exparto.pl\\\/sk\\\/produkt\\\/hydraulicky-2-sekcny-rozdelovac-02p80l-sekcny-plavajuci-tlakovy-rukav\\\/#primaryimage\"},\"thumbnailUrl\":\"https:\\\/\\\/exparto.pl\\\/wp-content\\\/uploads\\\/2023\\\/03\\\/4cfb6ce6440aab910c9c9fcd27ce2cfe.jpg\",\"datePublished\":\"2023-03-03T12:46:45+00:00\",\"breadcrumb\":{\"@id\":\"https:\\\/\\\/exparto.pl\\\/sk\\\/produkt\\\/hydraulicky-2-sekcny-rozdelovac-02p80l-sekcny-plavajuci-tlakovy-rukav\\\/#breadcrumb\"},\"inLanguage\":\"sk-SK\",\"potentialAction\":[{\"@type\":\"ReadAction\",\"target\":[\"https:\\\/\\\/exparto.pl\\\/sk\\\/produkt\\\/hydraulicky-2-sekcny-rozdelovac-02p80l-sekcny-plavajuci-tlakovy-rukav\\\/\"]}]},{\"@type\":\"ImageObject\",\"inLanguage\":\"sk-SK\",\"@id\":\"https:\\\/\\\/exparto.pl\\\/sk\\\/produkt\\\/hydraulicky-2-sekcny-rozdelovac-02p80l-sekcny-plavajuci-tlakovy-rukav\\\/#primaryimage\",\"url\":\"https:\\\/\\\/exparto.pl\\\/wp-content\\\/uploads\\\/2023\\\/03\\\/4cfb6ce6440aab910c9c9fcd27ce2cfe.jpg\",\"contentUrl\":\"https:\\\/\\\/exparto.pl\\\/wp-content\\\/uploads\\\/2023\\\/03\\\/4cfb6ce6440aab910c9c9fcd27ce2cfe.jpg\",\"width\":1000,\"height\":1000},{\"@type\":\"BreadcrumbList\",\"@id\":\"https:\\\/\\\/exparto.pl\\\/sk\\\/produkt\\\/hydraulicky-2-sekcny-rozdelovac-02p80l-sekcny-plavajuci-tlakovy-rukav\\\/#breadcrumb\",\"itemListElement\":[{\"@type\":\"ListItem\",\"position\":1,\"name\":\"Domovsk\u00e1 str\u00e1nka\",\"item\":\"https:\\\/\\\/exparto.pl\\\/sk\\\/domovska-stranka\\\/\"},{\"@type\":\"ListItem\",\"position\":2,\"name\":\"Sklep\",\"item\":\"https:\\\/\\\/exparto.pl\\\/sklep\\\/\"},{\"@type\":\"ListItem\",\"position\":3,\"name\":\"Ovl\u00e1danie k\u00e1blom\",\"item\":\"https:\\\/\\\/exparto.pl\\\/sk\\\/kategoria-produktov\\\/hydraulika\\\/hydraulicke-rozvadzace\\\/ovladanie-kablom\\\/\"},{\"@type\":\"ListItem\",\"position\":4,\"name\":\"Hydraulick\u00fd 2-sek\u010dn\u00fd rozde\u013eova\u010d 02P80L &#8211; pl\u00e1vaj\u00faca sekcia &#8211; tlakov\u00e1 obj\u00edmka\"}]},{\"@type\":\"WebSite\",\"@id\":\"https:\\\/\\\/exparto.pl\\\/sk\\\/#website\",\"url\":\"https:\\\/\\\/exparto.pl\\\/sk\\\/\",\"name\":\"EXPARTO\",\"description\":\"More than agro parts\",\"publisher\":{\"@id\":\"https:\\\/\\\/exparto.pl\\\/sk\\\/#organization\"},\"potentialAction\":[{\"@type\":\"SearchAction\",\"target\":{\"@type\":\"EntryPoint\",\"urlTemplate\":\"https:\\\/\\\/exparto.pl\\\/sk\\\/?s={search_term_string}\"},\"query-input\":{\"@type\":\"PropertyValueSpecification\",\"valueRequired\":true,\"valueName\":\"search_term_string\"}}],\"inLanguage\":\"sk-SK\"},{\"@type\":\"Organization\",\"@id\":\"https:\\\/\\\/exparto.pl\\\/sk\\\/#organization\",\"name\":\"EXPARTO\",\"url\":\"https:\\\/\\\/exparto.pl\\\/sk\\\/\",\"logo\":{\"@type\":\"ImageObject\",\"inLanguage\":\"sk-SK\",\"@id\":\"https:\\\/\\\/exparto.pl\\\/sk\\\/#\\\/schema\\\/logo\\\/image\\\/\",\"url\":\"https:\\\/\\\/exparto.pl\\\/wp-content\\\/uploads\\\/2023\\\/02\\\/logo-wektor.png\",\"contentUrl\":\"https:\\\/\\\/exparto.pl\\\/wp-content\\\/uploads\\\/2023\\\/02\\\/logo-wektor.png\",\"width\":1338,\"height\":143,\"caption\":\"EXPARTO\"},\"image\":{\"@id\":\"https:\\\/\\\/exparto.pl\\\/sk\\\/#\\\/schema\\\/logo\\\/image\\\/\"},\"sameAs\":[\"https:\\\/\\\/www.facebook.com\\\/exparto.agro\\\/\"]}]}<\/script>\n<!-- \/ Yoast SEO plugin. -->","yoast_head_json":{"title":"Hydraulick\u00fd 2-sek\u010dn\u00fd rozde\u013eova\u010d 02P80L - pl\u00e1vaj\u00faca sekcia - tlakov\u00e1 obj\u00edmka - Exparto.pl","robots":{"index":"index","follow":"follow","max-snippet":"max-snippet:-1","max-image-preview":"max-image-preview:large","max-video-preview":"max-video-preview:-1"},"canonical":"https:\/\/exparto.pl\/sk\/produkt\/hydraulicky-2-sekcny-rozdelovac-02p80l-sekcny-plavajuci-tlakovy-rukav\/","og_locale":"sk_SK","og_type":"article","og_title":"Hydraulick\u00fd 2-sek\u010dn\u00fd rozde\u013eova\u010d 02P80L - pl\u00e1vaj\u00faca sekcia - tlakov\u00e1 obj\u00edmka - Exparto.pl","og_description":"Hydraulick\u00fd rozde\u013eova\u010d 02P80 je ide\u00e1lny pre r\u00f4zne hydraulick\u00e9 syst\u00e9my - v priemysle a stavebn\u00edctve, ako aj v po\u013enohospod\u00e1rstve.","og_url":"https:\/\/exparto.pl\/sk\/produkt\/hydraulicky-2-sekcny-rozdelovac-02p80l-sekcny-plavajuci-tlakovy-rukav\/","og_site_name":"Exparto.pl","article_publisher":"https:\/\/www.facebook.com\/exparto.agro\/","og_image":[{"width":1000,"height":1000,"url":"https:\/\/exparto.pl\/wp-content\/uploads\/2023\/03\/4cfb6ce6440aab910c9c9fcd27ce2cfe.jpg","type":"image\/jpeg"}],"twitter_card":"summary_large_image","twitter_misc":{"Predpokladan\u00fd \u010das \u010d\u00edtania":"1 min\u00fata"},"schema":{"@context":"https:\/\/schema.org","@graph":[{"@type":"WebPage","@id":"https:\/\/exparto.pl\/sk\/produkt\/hydraulicky-2-sekcny-rozdelovac-02p80l-sekcny-plavajuci-tlakovy-rukav\/","url":"https:\/\/exparto.pl\/sk\/produkt\/hydraulicky-2-sekcny-rozdelovac-02p80l-sekcny-plavajuci-tlakovy-rukav\/","name":"Hydraulick\u00fd 2-sek\u010dn\u00fd rozde\u013eova\u010d 02P80L - pl\u00e1vaj\u00faca sekcia - tlakov\u00e1 obj\u00edmka - Exparto.pl","isPartOf":{"@id":"https:\/\/exparto.pl\/sk\/#website"},"primaryImageOfPage":{"@id":"https:\/\/exparto.pl\/sk\/produkt\/hydraulicky-2-sekcny-rozdelovac-02p80l-sekcny-plavajuci-tlakovy-rukav\/#primaryimage"},"image":{"@id":"https:\/\/exparto.pl\/sk\/produkt\/hydraulicky-2-sekcny-rozdelovac-02p80l-sekcny-plavajuci-tlakovy-rukav\/#primaryimage"},"thumbnailUrl":"https:\/\/exparto.pl\/wp-content\/uploads\/2023\/03\/4cfb6ce6440aab910c9c9fcd27ce2cfe.jpg","datePublished":"2023-03-03T12:46:45+00:00","breadcrumb":{"@id":"https:\/\/exparto.pl\/sk\/produkt\/hydraulicky-2-sekcny-rozdelovac-02p80l-sekcny-plavajuci-tlakovy-rukav\/#breadcrumb"},"inLanguage":"sk-SK","potentialAction":[{"@type":"ReadAction","target":["https:\/\/exparto.pl\/sk\/produkt\/hydraulicky-2-sekcny-rozdelovac-02p80l-sekcny-plavajuci-tlakovy-rukav\/"]}]},{"@type":"ImageObject","inLanguage":"sk-SK","@id":"https:\/\/exparto.pl\/sk\/produkt\/hydraulicky-2-sekcny-rozdelovac-02p80l-sekcny-plavajuci-tlakovy-rukav\/#primaryimage","url":"https:\/\/exparto.pl\/wp-content\/uploads\/2023\/03\/4cfb6ce6440aab910c9c9fcd27ce2cfe.jpg","contentUrl":"https:\/\/exparto.pl\/wp-content\/uploads\/2023\/03\/4cfb6ce6440aab910c9c9fcd27ce2cfe.jpg","width":1000,"height":1000},{"@type":"BreadcrumbList","@id":"https:\/\/exparto.pl\/sk\/produkt\/hydraulicky-2-sekcny-rozdelovac-02p80l-sekcny-plavajuci-tlakovy-rukav\/#breadcrumb","itemListElement":[{"@type":"ListItem","position":1,"name":"Domovsk\u00e1 str\u00e1nka","item":"https:\/\/exparto.pl\/sk\/domovska-stranka\/"},{"@type":"ListItem","position":2,"name":"Sklep","item":"https:\/\/exparto.pl\/sklep\/"},{"@type":"ListItem","position":3,"name":"Ovl\u00e1danie k\u00e1blom","item":"https:\/\/exparto.pl\/sk\/kategoria-produktov\/hydraulika\/hydraulicke-rozvadzace\/ovladanie-kablom\/"},{"@type":"ListItem","position":4,"name":"Hydraulick\u00fd 2-sek\u010dn\u00fd rozde\u013eova\u010d 02P80L &#8211; pl\u00e1vaj\u00faca sekcia &#8211; tlakov\u00e1 obj\u00edmka"}]},{"@type":"WebSite","@id":"https:\/\/exparto.pl\/sk\/#website","url":"https:\/\/exparto.pl\/sk\/","name":"EXPARTO","description":"More than agro parts","publisher":{"@id":"https:\/\/exparto.pl\/sk\/#organization"},"potentialAction":[{"@type":"SearchAction","target":{"@type":"EntryPoint","urlTemplate":"https:\/\/exparto.pl\/sk\/?s={search_term_string}"},"query-input":{"@type":"PropertyValueSpecification","valueRequired":true,"valueName":"search_term_string"}}],"inLanguage":"sk-SK"},{"@type":"Organization","@id":"https:\/\/exparto.pl\/sk\/#organization","name":"EXPARTO","url":"https:\/\/exparto.pl\/sk\/","logo":{"@type":"ImageObject","inLanguage":"sk-SK","@id":"https:\/\/exparto.pl\/sk\/#\/schema\/logo\/image\/","url":"https:\/\/exparto.pl\/wp-content\/uploads\/2023\/02\/logo-wektor.png","contentUrl":"https:\/\/exparto.pl\/wp-content\/uploads\/2023\/02\/logo-wektor.png","width":1338,"height":143,"caption":"EXPARTO"},"image":{"@id":"https:\/\/exparto.pl\/sk\/#\/schema\/logo\/image\/"},"sameAs":["https:\/\/www.facebook.com\/exparto.agro\/"]}]}},"_links":{"self":[{"href":"https:\/\/exparto.pl\/sk\/wp-json\/wp\/v2\/product\/13400","targetHints":{"allow":["GET"]}}],"collection":[{"href":"https:\/\/exparto.pl\/sk\/wp-json\/wp\/v2\/product"}],"about":[{"href":"https:\/\/exparto.pl\/sk\/wp-json\/wp\/v2\/types\/product"}],"replies":[{"embeddable":true,"href":"https:\/\/exparto.pl\/sk\/wp-json\/wp\/v2\/comments?post=13400"}],"wp:featuredmedia":[{"embeddable":true,"href":"https:\/\/exparto.pl\/sk\/wp-json\/wp\/v2\/media\/5126"}],"wp:attachment":[{"href":"https:\/\/exparto.pl\/sk\/wp-json\/wp\/v2\/media?parent=13400"}],"wp:term":[{"taxonomy":"product_brand","embeddable":true,"href":"https:\/\/exparto.pl\/sk\/wp-json\/wp\/v2\/product_brand?post=13400"},{"taxonomy":"product_cat","embeddable":true,"href":"https:\/\/exparto.pl\/sk\/wp-json\/wp\/v2\/product_cat?post=13400"},{"taxonomy":"product_tag","embeddable":true,"href":"https:\/\/exparto.pl\/sk\/wp-json\/wp\/v2\/product_tag?post=13400"}],"curies":[{"name":"wp","href":"https:\/\/api.w.org\/{rel}","templated":true}]}}