{"id":13404,"date":"2023-03-03T09:59:26","date_gmt":"2023-03-03T08:59:26","guid":{"rendered":"https:\/\/exparto.pl\/produkt\/hydraulicky-valec-pre-rozmetadlo-1-20-86\/"},"modified":"2023-03-03T08:59:26","modified_gmt":"2023-03-03T07:59:26","slug":"motor-hydraulic-spreader-120-86","status":"publish","type":"product","link":"https:\/\/exparto.pl\/sk\/produkt\/motor-hydraulic-spreader-120-86\/","title":{"rendered":"Hydraulick\u00fd valec pre rozmetadlo 1.20\/86"},"content":{"rendered":"<section class=\"section\">\n<div class=\"item item-12\">\n<section class=\"text-item\">\n<p class=\"MsoNormal\" style=\"text-align: justify\">Hydraulick\u00e9 valce s\u00fa zariadenia, ktor\u00e9 dobre funguj\u00fa tam, kde sa vy\u017eaduje vysok\u00fd \u0165ah. Ich \u00falohou je premeni\u0165 <b>tlakov\u00fa energiu pracovnej kvapaliny<\/b> na <b>mechanick\u00fa energiu. <\/b>To umo\u017e\u0148uje vratn\u00fd pohyb s\u00fastavy piest &#8211; piest. Treba doda\u0165, \u017ee pohony tohto typu s\u00fa ide\u00e1lne prisp\u00f4soben\u00e9 potreb\u00e1m pou\u017e\u00edvan\u00fdch syst\u00e9mov, okrem in\u00e9ho. v po\u013enohospod\u00e1rskych strojoch.<\/p>\n<p class=\"MsoNormal\" style=\"text-align: justify\">Hydraulick\u00e9 valce, ozna\u010dovan\u00e9 aj ako hydraulick\u00e9 valce, mo\u017eno rozdeli\u0165 na: <b>jednostrann\u00e9 <\/b>alebo <b>obojstrann\u00e9<\/b>. Prv\u00e9 maj\u00fa <b>jedno pripojenie pre<\/b> pracovn\u00fa kvapalinu (a pracovn\u00fd zdvih je v jednom smere), zatia\u013e \u010do druh\u00e9 maj\u00fa<b> dve pripojenia <\/b>(a pracovn\u00fd zdvih je v dvoch smeroch). Okrem toho pracuj\u00fa r\u00fdchlej\u0161ie, <b>vyzna\u010duj\u00fa sa \u013eubovo\u013enou d\u013a\u017ekou zdvihu<\/b> a s\u00fa <b>efekt\u00edvnej\u0161ie<\/b>. Jednotliv\u00e9 hydraulick\u00e9 valce sa m\u00f4\u017eu l\u00ed\u0161i\u0165 pevnos\u0165ou, rozsahom priemerov, ako aj <b>mont\u00e1\u017eou<\/b>.<\/p>\n<p class=\"MsoNormal\" style=\"text-align: justify\">Pri n\u00e1kupe pohonov je potrebn\u00e9 zoh\u013eadni\u0165 nieko\u013eko krit\u00e9ri\u00ed. V prvom rade je potrebn\u00e9 zisti\u0165, \u010di \u00farove\u0148 kvality zv\u00e1ran\u00fdch spojov zodpoved\u00e1 po\u017eiadavk\u00e1m normy ISO 5817. Okrem toho je dobr\u00e9 skontrolova\u0165, \u010di s\u00fa valce vybaven\u00e9 <b>kvalitn\u00fdmi tesneniami<\/b>. Okrem toho je tie\u017e d\u00f4le\u017eit\u00e9, aby bol <b>kryt hladk\u00fd<\/b>, tesn\u00fd a<br \/>\n\u013eahko sa \u010dist\u00ed. Treba doda\u0165, \u017ee hydraulick\u00e9 valce sa pou\u017e\u00edvaj\u00fa v n\u00e1ro\u010dn\u00fdch aplik\u00e1ci\u00e1ch, napr\u00edklad pri <b>v\u00fdrobe mnoh\u00fdch po\u013enohospod\u00e1rskych<\/b>, priemyseln\u00fdch a<b> stavebn\u00fdch <\/b> <b>zariaden\u00ed<\/b>&#8211; stacion\u00e1rnych aj mobiln\u00fdch.<\/p>\n<\/section>\n<\/div>\n<\/section>\n","protected":false},"excerpt":{"rendered":"<p style=\"text-align: justify\">Hydraulick\u00e9 valce s\u00fa zariadenia, ktor\u00e9 dobre funguj\u00fa tam, kde sa vy\u017eaduje vysok\u00fd \u0165ah. Ich \u00falohou je premeni\u0165 tlakov\u00fa energiu pracovnej kvapaliny na mechanick\u00fa energiu.<\/p>\n","protected":false},"featured_media":26094,"comment_status":"open","ping_status":"closed","template":"","meta":{"_acf_changed":false,"inline_featured_image":false},"product_brand":[],"product_cat":[560,698,628,627],"product_tag":[],"class_list":{"0":"post-13404","1":"product","2":"type-product","3":"status-publish","4":"has-post-thumbnail","6":"product_cat-hydraulicke-valce","7":"product_cat-hydraulika","8":"product_cat-jednostranna-akcia","9":"product_cat-nahradne-diely-pre-rozmetadla","11":"first","12":"instock","13":"taxable","14":"shipping-taxable","15":"purchasable","16":"product-type-simple"},"acf":[],"yoast_head":"<!-- This site is optimized with the Yoast SEO plugin v27.3 - https:\/\/yoast.com\/product\/yoast-seo-wordpress\/ -->\n<title>Hydraulick\u00fd valec pre rozmetadlo 1.20\/86 - Exparto.pl<\/title>\n<meta name=\"robots\" content=\"index, follow, max-snippet:-1, max-image-preview:large, max-video-preview:-1\" \/>\n<link rel=\"canonical\" href=\"https:\/\/exparto.pl\/sk\/produkt\/motor-hydraulic-spreader-120-86\/\" \/>\n<meta property=\"og:locale\" content=\"sk_SK\" \/>\n<meta property=\"og:type\" content=\"article\" \/>\n<meta property=\"og:title\" content=\"Hydraulick\u00fd valec pre rozmetadlo 1.20\/86 - Exparto.pl\" \/>\n<meta property=\"og:description\" content=\"Hydraulick\u00e9 valce s\u00fa zariadenia, ktor\u00e9 dobre funguj\u00fa tam, kde sa vy\u017eaduje vysok\u00fd \u0165ah. Ich \u00falohou je premeni\u0165 tlakov\u00fa energiu pracovnej kvapaliny na mechanick\u00fa energiu.\" \/>\n<meta property=\"og:url\" content=\"https:\/\/exparto.pl\/sk\/produkt\/motor-hydraulic-spreader-120-86\/\" \/>\n<meta property=\"og:site_name\" content=\"Exparto.pl\" \/>\n<meta property=\"article:publisher\" content=\"https:\/\/www.facebook.com\/exparto.agro\/\" \/>\n<meta property=\"og:image\" content=\"https:\/\/exparto.pl\/wp-content\/uploads\/2023\/03\/81b43a26d34866a5d083353cdd4357cf-1.jpg\" \/>\n\t<meta property=\"og:image:width\" content=\"1000\" \/>\n\t<meta property=\"og:image:height\" content=\"1000\" \/>\n\t<meta property=\"og:image:type\" content=\"image\/jpeg\" \/>\n<meta name=\"twitter:card\" content=\"summary_large_image\" \/>\n<meta name=\"twitter:label1\" content=\"Predpokladan\u00fd \u010das \u010d\u00edtania\" \/>\n\t<meta name=\"twitter:data1\" content=\"1 min\u00fata\" \/>\n<script type=\"application\/ld+json\" class=\"yoast-schema-graph\">{\"@context\":\"https:\\\/\\\/schema.org\",\"@graph\":[{\"@type\":\"WebPage\",\"@id\":\"https:\\\/\\\/exparto.pl\\\/sk\\\/produkt\\\/motor-hydraulic-spreader-120-86\\\/\",\"url\":\"https:\\\/\\\/exparto.pl\\\/sk\\\/produkt\\\/motor-hydraulic-spreader-120-86\\\/\",\"name\":\"Hydraulick\u00fd valec pre rozmetadlo 1.20\\\/86 - Exparto.pl\",\"isPartOf\":{\"@id\":\"https:\\\/\\\/exparto.pl\\\/sk\\\/#website\"},\"primaryImageOfPage\":{\"@id\":\"https:\\\/\\\/exparto.pl\\\/sk\\\/produkt\\\/motor-hydraulic-spreader-120-86\\\/#primaryimage\"},\"image\":{\"@id\":\"https:\\\/\\\/exparto.pl\\\/sk\\\/produkt\\\/motor-hydraulic-spreader-120-86\\\/#primaryimage\"},\"thumbnailUrl\":\"https:\\\/\\\/exparto.pl\\\/wp-content\\\/uploads\\\/2023\\\/03\\\/81b43a26d34866a5d083353cdd4357cf-1.jpg\",\"datePublished\":\"2023-03-03T08:59:26+00:00\",\"breadcrumb\":{\"@id\":\"https:\\\/\\\/exparto.pl\\\/sk\\\/produkt\\\/motor-hydraulic-spreader-120-86\\\/#breadcrumb\"},\"inLanguage\":\"sk-SK\",\"potentialAction\":[{\"@type\":\"ReadAction\",\"target\":[\"https:\\\/\\\/exparto.pl\\\/sk\\\/produkt\\\/motor-hydraulic-spreader-120-86\\\/\"]}]},{\"@type\":\"ImageObject\",\"inLanguage\":\"sk-SK\",\"@id\":\"https:\\\/\\\/exparto.pl\\\/sk\\\/produkt\\\/motor-hydraulic-spreader-120-86\\\/#primaryimage\",\"url\":\"https:\\\/\\\/exparto.pl\\\/wp-content\\\/uploads\\\/2023\\\/03\\\/81b43a26d34866a5d083353cdd4357cf-1.jpg\",\"contentUrl\":\"https:\\\/\\\/exparto.pl\\\/wp-content\\\/uploads\\\/2023\\\/03\\\/81b43a26d34866a5d083353cdd4357cf-1.jpg\",\"width\":1000,\"height\":1000},{\"@type\":\"BreadcrumbList\",\"@id\":\"https:\\\/\\\/exparto.pl\\\/sk\\\/produkt\\\/motor-hydraulic-spreader-120-86\\\/#breadcrumb\",\"itemListElement\":[{\"@type\":\"ListItem\",\"position\":1,\"name\":\"Domovsk\u00e1 str\u00e1nka\",\"item\":\"https:\\\/\\\/exparto.pl\\\/sk\\\/domovska-stranka\\\/\"},{\"@type\":\"ListItem\",\"position\":2,\"name\":\"Sklep\",\"item\":\"https:\\\/\\\/exparto.pl\\\/sklep\\\/\"},{\"@type\":\"ListItem\",\"position\":3,\"name\":\"Jednostrann\u00e1 akcia\",\"item\":\"https:\\\/\\\/exparto.pl\\\/sk\\\/kategoria-produktov\\\/hydraulika\\\/hydraulicke-valce\\\/jednostranna-akcia\\\/\"},{\"@type\":\"ListItem\",\"position\":4,\"name\":\"Hydraulick\u00fd valec pre rozmetadlo 1.20\\\/86\"}]},{\"@type\":\"WebSite\",\"@id\":\"https:\\\/\\\/exparto.pl\\\/sk\\\/#website\",\"url\":\"https:\\\/\\\/exparto.pl\\\/sk\\\/\",\"name\":\"EXPARTO\",\"description\":\"More than agro parts\",\"publisher\":{\"@id\":\"https:\\\/\\\/exparto.pl\\\/sk\\\/#organization\"},\"potentialAction\":[{\"@type\":\"SearchAction\",\"target\":{\"@type\":\"EntryPoint\",\"urlTemplate\":\"https:\\\/\\\/exparto.pl\\\/sk\\\/?s={search_term_string}\"},\"query-input\":{\"@type\":\"PropertyValueSpecification\",\"valueRequired\":true,\"valueName\":\"search_term_string\"}}],\"inLanguage\":\"sk-SK\"},{\"@type\":\"Organization\",\"@id\":\"https:\\\/\\\/exparto.pl\\\/sk\\\/#organization\",\"name\":\"EXPARTO\",\"url\":\"https:\\\/\\\/exparto.pl\\\/sk\\\/\",\"logo\":{\"@type\":\"ImageObject\",\"inLanguage\":\"sk-SK\",\"@id\":\"https:\\\/\\\/exparto.pl\\\/sk\\\/#\\\/schema\\\/logo\\\/image\\\/\",\"url\":\"https:\\\/\\\/exparto.pl\\\/wp-content\\\/uploads\\\/2023\\\/02\\\/logo-wektor.png\",\"contentUrl\":\"https:\\\/\\\/exparto.pl\\\/wp-content\\\/uploads\\\/2023\\\/02\\\/logo-wektor.png\",\"width\":1338,\"height\":143,\"caption\":\"EXPARTO\"},\"image\":{\"@id\":\"https:\\\/\\\/exparto.pl\\\/sk\\\/#\\\/schema\\\/logo\\\/image\\\/\"},\"sameAs\":[\"https:\\\/\\\/www.facebook.com\\\/exparto.agro\\\/\"]}]}<\/script>\n<!-- \/ Yoast SEO plugin. -->","yoast_head_json":{"title":"Hydraulick\u00fd valec pre rozmetadlo 1.20\/86 - Exparto.pl","robots":{"index":"index","follow":"follow","max-snippet":"max-snippet:-1","max-image-preview":"max-image-preview:large","max-video-preview":"max-video-preview:-1"},"canonical":"https:\/\/exparto.pl\/sk\/produkt\/motor-hydraulic-spreader-120-86\/","og_locale":"sk_SK","og_type":"article","og_title":"Hydraulick\u00fd valec pre rozmetadlo 1.20\/86 - Exparto.pl","og_description":"Hydraulick\u00e9 valce s\u00fa zariadenia, ktor\u00e9 dobre funguj\u00fa tam, kde sa vy\u017eaduje vysok\u00fd \u0165ah. Ich \u00falohou je premeni\u0165 tlakov\u00fa energiu pracovnej kvapaliny na mechanick\u00fa energiu.","og_url":"https:\/\/exparto.pl\/sk\/produkt\/motor-hydraulic-spreader-120-86\/","og_site_name":"Exparto.pl","article_publisher":"https:\/\/www.facebook.com\/exparto.agro\/","og_image":[{"width":1000,"height":1000,"url":"https:\/\/exparto.pl\/wp-content\/uploads\/2023\/03\/81b43a26d34866a5d083353cdd4357cf-1.jpg","type":"image\/jpeg"}],"twitter_card":"summary_large_image","twitter_misc":{"Predpokladan\u00fd \u010das \u010d\u00edtania":"1 min\u00fata"},"schema":{"@context":"https:\/\/schema.org","@graph":[{"@type":"WebPage","@id":"https:\/\/exparto.pl\/sk\/produkt\/motor-hydraulic-spreader-120-86\/","url":"https:\/\/exparto.pl\/sk\/produkt\/motor-hydraulic-spreader-120-86\/","name":"Hydraulick\u00fd valec pre rozmetadlo 1.20\/86 - Exparto.pl","isPartOf":{"@id":"https:\/\/exparto.pl\/sk\/#website"},"primaryImageOfPage":{"@id":"https:\/\/exparto.pl\/sk\/produkt\/motor-hydraulic-spreader-120-86\/#primaryimage"},"image":{"@id":"https:\/\/exparto.pl\/sk\/produkt\/motor-hydraulic-spreader-120-86\/#primaryimage"},"thumbnailUrl":"https:\/\/exparto.pl\/wp-content\/uploads\/2023\/03\/81b43a26d34866a5d083353cdd4357cf-1.jpg","datePublished":"2023-03-03T08:59:26+00:00","breadcrumb":{"@id":"https:\/\/exparto.pl\/sk\/produkt\/motor-hydraulic-spreader-120-86\/#breadcrumb"},"inLanguage":"sk-SK","potentialAction":[{"@type":"ReadAction","target":["https:\/\/exparto.pl\/sk\/produkt\/motor-hydraulic-spreader-120-86\/"]}]},{"@type":"ImageObject","inLanguage":"sk-SK","@id":"https:\/\/exparto.pl\/sk\/produkt\/motor-hydraulic-spreader-120-86\/#primaryimage","url":"https:\/\/exparto.pl\/wp-content\/uploads\/2023\/03\/81b43a26d34866a5d083353cdd4357cf-1.jpg","contentUrl":"https:\/\/exparto.pl\/wp-content\/uploads\/2023\/03\/81b43a26d34866a5d083353cdd4357cf-1.jpg","width":1000,"height":1000},{"@type":"BreadcrumbList","@id":"https:\/\/exparto.pl\/sk\/produkt\/motor-hydraulic-spreader-120-86\/#breadcrumb","itemListElement":[{"@type":"ListItem","position":1,"name":"Domovsk\u00e1 str\u00e1nka","item":"https:\/\/exparto.pl\/sk\/domovska-stranka\/"},{"@type":"ListItem","position":2,"name":"Sklep","item":"https:\/\/exparto.pl\/sklep\/"},{"@type":"ListItem","position":3,"name":"Jednostrann\u00e1 akcia","item":"https:\/\/exparto.pl\/sk\/kategoria-produktov\/hydraulika\/hydraulicke-valce\/jednostranna-akcia\/"},{"@type":"ListItem","position":4,"name":"Hydraulick\u00fd valec pre rozmetadlo 1.20\/86"}]},{"@type":"WebSite","@id":"https:\/\/exparto.pl\/sk\/#website","url":"https:\/\/exparto.pl\/sk\/","name":"EXPARTO","description":"More than agro parts","publisher":{"@id":"https:\/\/exparto.pl\/sk\/#organization"},"potentialAction":[{"@type":"SearchAction","target":{"@type":"EntryPoint","urlTemplate":"https:\/\/exparto.pl\/sk\/?s={search_term_string}"},"query-input":{"@type":"PropertyValueSpecification","valueRequired":true,"valueName":"search_term_string"}}],"inLanguage":"sk-SK"},{"@type":"Organization","@id":"https:\/\/exparto.pl\/sk\/#organization","name":"EXPARTO","url":"https:\/\/exparto.pl\/sk\/","logo":{"@type":"ImageObject","inLanguage":"sk-SK","@id":"https:\/\/exparto.pl\/sk\/#\/schema\/logo\/image\/","url":"https:\/\/exparto.pl\/wp-content\/uploads\/2023\/02\/logo-wektor.png","contentUrl":"https:\/\/exparto.pl\/wp-content\/uploads\/2023\/02\/logo-wektor.png","width":1338,"height":143,"caption":"EXPARTO"},"image":{"@id":"https:\/\/exparto.pl\/sk\/#\/schema\/logo\/image\/"},"sameAs":["https:\/\/www.facebook.com\/exparto.agro\/"]}]}},"_links":{"self":[{"href":"https:\/\/exparto.pl\/sk\/wp-json\/wp\/v2\/product\/13404","targetHints":{"allow":["GET"]}}],"collection":[{"href":"https:\/\/exparto.pl\/sk\/wp-json\/wp\/v2\/product"}],"about":[{"href":"https:\/\/exparto.pl\/sk\/wp-json\/wp\/v2\/types\/product"}],"replies":[{"embeddable":true,"href":"https:\/\/exparto.pl\/sk\/wp-json\/wp\/v2\/comments?post=13404"}],"wp:featuredmedia":[{"embeddable":true,"href":"https:\/\/exparto.pl\/sk\/wp-json\/wp\/v2\/media\/26094"}],"wp:attachment":[{"href":"https:\/\/exparto.pl\/sk\/wp-json\/wp\/v2\/media?parent=13404"}],"wp:term":[{"taxonomy":"product_brand","embeddable":true,"href":"https:\/\/exparto.pl\/sk\/wp-json\/wp\/v2\/product_brand?post=13404"},{"taxonomy":"product_cat","embeddable":true,"href":"https:\/\/exparto.pl\/sk\/wp-json\/wp\/v2\/product_cat?post=13404"},{"taxonomy":"product_tag","embeddable":true,"href":"https:\/\/exparto.pl\/sk\/wp-json\/wp\/v2\/product_tag?post=13404"}],"curies":[{"name":"wp","href":"https:\/\/api.w.org\/{rel}","templated":true}]}}