{"id":13408,"date":"2023-03-15T12:07:10","date_gmt":"2023-03-15T11:07:10","guid":{"rendered":"https:\/\/exparto.pl\/produkt\/retaz-nakladaca-20b\/"},"modified":"2023-03-15T12:07:10","modified_gmt":"2023-03-15T11:07:10","slug":"lancetovy-kotuc-20b","status":"publish","type":"product","link":"https:\/\/exparto.pl\/sk\/produkt\/lancetovy-kotuc-20b\/","title":{"rendered":"Re\u0165az naklada\u010da 20B"},"content":{"rendered":"<p style=\"text-align: justify\"><span class=\"ui-provider wr b c d e f g h i j k l m n o p q r s t u v w x y z ab ac ae af ag ah ai aj ak\" dir=\"ltr\"><strong>Re\u0165az kultiv\u00e1tora 20B<\/strong> je vysokokvalitn\u00fd komponent, ktor\u00fd je zodpovedn\u00fd za kvalitu kultiv\u00e1tora. V\u010faka tejto re\u0165azi pracuje kultiv\u00e1tor efekt\u00edvne a presne a je \u00fa\u010dinn\u00fd a efekt\u00edvny. Je vyroben\u00fd z <strong>odoln\u00fdch materi\u00e1lov,<\/strong> ktor\u00e9 prispievaj\u00fa k jeho odolnosti vo\u010di mechanick\u00e9mu po\u0161kodeniu. \u013dahko sa in\u0161taluje a udr\u017eiava a za zmienku stoj\u00ed aj jeho schopnos\u0165 <strong>pren\u00e1\u0161a\u0165 vysok\u00fd v\u00fdkon<\/strong>. V\u010faka svojej odolnosti vo\u010di zmen\u00e1m poveternostn\u00fdch podmienok m\u00f4\u017ee pracova\u0165 v r\u00f4znych teplot\u00e1ch a podmienkach.<\/span><\/p>\n","protected":false},"excerpt":{"rendered":"<p style=\"text-align: justify\"><span style=\"text-align: justify\">Re\u0165az naklada\u010da 20B<\/span><span style=\"text-align: justify\">  je vysokokvalitnou zlo\u017ekou, ktor\u00e1 je zodpovedn\u00e1 za kvalitu p\u00f4dneho kypri\u010da. V\u010faka tejto re\u0165azi pracuje kultiv\u00e1tor efekt\u00edvne a presne a je \u00fa\u010dinn\u00fd a efekt\u00edvny.<\/span><\/p>\n","protected":false},"featured_media":5266,"comment_status":"open","ping_status":"closed","template":"","meta":{"_acf_changed":false,"inline_featured_image":false},"product_brand":[],"product_cat":[629],"product_tag":[],"class_list":{"0":"post-13408","1":"product","2":"type-product","3":"status-publish","4":"has-post-thumbnail","6":"product_cat-casti-podstavca","8":"first","9":"instock","10":"taxable","11":"shipping-taxable","12":"purchasable","13":"product-type-simple"},"acf":[],"yoast_head":"<!-- This site is optimized with the Yoast SEO plugin v27.3 - https:\/\/yoast.com\/product\/yoast-seo-wordpress\/ -->\n<title>Re\u0165az naklada\u010da 20B - Exparto.pl<\/title>\n<meta name=\"robots\" content=\"index, follow, max-snippet:-1, max-image-preview:large, max-video-preview:-1\" \/>\n<link rel=\"canonical\" href=\"https:\/\/exparto.pl\/sk\/produkt\/lancetovy-kotuc-20b\/\" \/>\n<meta property=\"og:locale\" content=\"sk_SK\" \/>\n<meta property=\"og:type\" content=\"article\" \/>\n<meta property=\"og:title\" content=\"Re\u0165az naklada\u010da 20B - Exparto.pl\" \/>\n<meta property=\"og:description\" content=\"Re\u0165az naklada\u010da 20B je vysokokvalitnou zlo\u017ekou, ktor\u00e1 je zodpovedn\u00e1 za kvalitu p\u00f4dneho kypri\u010da. V\u010faka tejto re\u0165azi pracuje kultiv\u00e1tor efekt\u00edvne a presne a je \u00fa\u010dinn\u00fd a efekt\u00edvny.\" \/>\n<meta property=\"og:url\" content=\"https:\/\/exparto.pl\/sk\/produkt\/lancetovy-kotuc-20b\/\" \/>\n<meta property=\"og:site_name\" content=\"Exparto.pl\" \/>\n<meta property=\"article:publisher\" content=\"https:\/\/www.facebook.com\/exparto.agro\/\" \/>\n<meta property=\"og:image\" content=\"https:\/\/exparto.pl\/wp-content\/uploads\/2023\/03\/b970cd8d5850270ff28ba1da0c082410.jpg\" \/>\n\t<meta property=\"og:image:width\" content=\"1000\" \/>\n\t<meta property=\"og:image:height\" content=\"1000\" \/>\n\t<meta property=\"og:image:type\" content=\"image\/jpeg\" \/>\n<meta name=\"twitter:card\" content=\"summary_large_image\" \/>\n<script type=\"application\/ld+json\" class=\"yoast-schema-graph\">{\"@context\":\"https:\\\/\\\/schema.org\",\"@graph\":[{\"@type\":\"WebPage\",\"@id\":\"https:\\\/\\\/exparto.pl\\\/sk\\\/produkt\\\/lancetovy-kotuc-20b\\\/\",\"url\":\"https:\\\/\\\/exparto.pl\\\/sk\\\/produkt\\\/lancetovy-kotuc-20b\\\/\",\"name\":\"Re\u0165az naklada\u010da 20B - Exparto.pl\",\"isPartOf\":{\"@id\":\"https:\\\/\\\/exparto.pl\\\/sk\\\/#website\"},\"primaryImageOfPage\":{\"@id\":\"https:\\\/\\\/exparto.pl\\\/sk\\\/produkt\\\/lancetovy-kotuc-20b\\\/#primaryimage\"},\"image\":{\"@id\":\"https:\\\/\\\/exparto.pl\\\/sk\\\/produkt\\\/lancetovy-kotuc-20b\\\/#primaryimage\"},\"thumbnailUrl\":\"https:\\\/\\\/exparto.pl\\\/wp-content\\\/uploads\\\/2023\\\/03\\\/b970cd8d5850270ff28ba1da0c082410.jpg\",\"datePublished\":\"2023-03-15T11:07:10+00:00\",\"breadcrumb\":{\"@id\":\"https:\\\/\\\/exparto.pl\\\/sk\\\/produkt\\\/lancetovy-kotuc-20b\\\/#breadcrumb\"},\"inLanguage\":\"sk-SK\",\"potentialAction\":[{\"@type\":\"ReadAction\",\"target\":[\"https:\\\/\\\/exparto.pl\\\/sk\\\/produkt\\\/lancetovy-kotuc-20b\\\/\"]}]},{\"@type\":\"ImageObject\",\"inLanguage\":\"sk-SK\",\"@id\":\"https:\\\/\\\/exparto.pl\\\/sk\\\/produkt\\\/lancetovy-kotuc-20b\\\/#primaryimage\",\"url\":\"https:\\\/\\\/exparto.pl\\\/wp-content\\\/uploads\\\/2023\\\/03\\\/b970cd8d5850270ff28ba1da0c082410.jpg\",\"contentUrl\":\"https:\\\/\\\/exparto.pl\\\/wp-content\\\/uploads\\\/2023\\\/03\\\/b970cd8d5850270ff28ba1da0c082410.jpg\",\"width\":1000,\"height\":1000},{\"@type\":\"BreadcrumbList\",\"@id\":\"https:\\\/\\\/exparto.pl\\\/sk\\\/produkt\\\/lancetovy-kotuc-20b\\\/#breadcrumb\",\"itemListElement\":[{\"@type\":\"ListItem\",\"position\":1,\"name\":\"Domovsk\u00e1 str\u00e1nka\",\"item\":\"https:\\\/\\\/exparto.pl\\\/sk\\\/domovska-stranka\\\/\"},{\"@type\":\"ListItem\",\"position\":2,\"name\":\"Sklep\",\"item\":\"https:\\\/\\\/exparto.pl\\\/sklep\\\/\"},{\"@type\":\"ListItem\",\"position\":3,\"name\":\"\u010casti podstavca\",\"item\":\"https:\\\/\\\/exparto.pl\\\/sk\\\/kategoria-produktov\\\/casti-podstavca\\\/\"},{\"@type\":\"ListItem\",\"position\":4,\"name\":\"Re\u0165az naklada\u010da 20B\"}]},{\"@type\":\"WebSite\",\"@id\":\"https:\\\/\\\/exparto.pl\\\/sk\\\/#website\",\"url\":\"https:\\\/\\\/exparto.pl\\\/sk\\\/\",\"name\":\"EXPARTO\",\"description\":\"More than agro parts\",\"publisher\":{\"@id\":\"https:\\\/\\\/exparto.pl\\\/sk\\\/#organization\"},\"potentialAction\":[{\"@type\":\"SearchAction\",\"target\":{\"@type\":\"EntryPoint\",\"urlTemplate\":\"https:\\\/\\\/exparto.pl\\\/sk\\\/?s={search_term_string}\"},\"query-input\":{\"@type\":\"PropertyValueSpecification\",\"valueRequired\":true,\"valueName\":\"search_term_string\"}}],\"inLanguage\":\"sk-SK\"},{\"@type\":\"Organization\",\"@id\":\"https:\\\/\\\/exparto.pl\\\/sk\\\/#organization\",\"name\":\"EXPARTO\",\"url\":\"https:\\\/\\\/exparto.pl\\\/sk\\\/\",\"logo\":{\"@type\":\"ImageObject\",\"inLanguage\":\"sk-SK\",\"@id\":\"https:\\\/\\\/exparto.pl\\\/sk\\\/#\\\/schema\\\/logo\\\/image\\\/\",\"url\":\"https:\\\/\\\/exparto.pl\\\/wp-content\\\/uploads\\\/2023\\\/02\\\/logo-wektor.png\",\"contentUrl\":\"https:\\\/\\\/exparto.pl\\\/wp-content\\\/uploads\\\/2023\\\/02\\\/logo-wektor.png\",\"width\":1338,\"height\":143,\"caption\":\"EXPARTO\"},\"image\":{\"@id\":\"https:\\\/\\\/exparto.pl\\\/sk\\\/#\\\/schema\\\/logo\\\/image\\\/\"},\"sameAs\":[\"https:\\\/\\\/www.facebook.com\\\/exparto.agro\\\/\"]}]}<\/script>\n<!-- \/ Yoast SEO plugin. -->","yoast_head_json":{"title":"Re\u0165az naklada\u010da 20B - Exparto.pl","robots":{"index":"index","follow":"follow","max-snippet":"max-snippet:-1","max-image-preview":"max-image-preview:large","max-video-preview":"max-video-preview:-1"},"canonical":"https:\/\/exparto.pl\/sk\/produkt\/lancetovy-kotuc-20b\/","og_locale":"sk_SK","og_type":"article","og_title":"Re\u0165az naklada\u010da 20B - Exparto.pl","og_description":"Re\u0165az naklada\u010da 20B je vysokokvalitnou zlo\u017ekou, ktor\u00e1 je zodpovedn\u00e1 za kvalitu p\u00f4dneho kypri\u010da. V\u010faka tejto re\u0165azi pracuje kultiv\u00e1tor efekt\u00edvne a presne a je \u00fa\u010dinn\u00fd a efekt\u00edvny.","og_url":"https:\/\/exparto.pl\/sk\/produkt\/lancetovy-kotuc-20b\/","og_site_name":"Exparto.pl","article_publisher":"https:\/\/www.facebook.com\/exparto.agro\/","og_image":[{"width":1000,"height":1000,"url":"https:\/\/exparto.pl\/wp-content\/uploads\/2023\/03\/b970cd8d5850270ff28ba1da0c082410.jpg","type":"image\/jpeg"}],"twitter_card":"summary_large_image","schema":{"@context":"https:\/\/schema.org","@graph":[{"@type":"WebPage","@id":"https:\/\/exparto.pl\/sk\/produkt\/lancetovy-kotuc-20b\/","url":"https:\/\/exparto.pl\/sk\/produkt\/lancetovy-kotuc-20b\/","name":"Re\u0165az naklada\u010da 20B - Exparto.pl","isPartOf":{"@id":"https:\/\/exparto.pl\/sk\/#website"},"primaryImageOfPage":{"@id":"https:\/\/exparto.pl\/sk\/produkt\/lancetovy-kotuc-20b\/#primaryimage"},"image":{"@id":"https:\/\/exparto.pl\/sk\/produkt\/lancetovy-kotuc-20b\/#primaryimage"},"thumbnailUrl":"https:\/\/exparto.pl\/wp-content\/uploads\/2023\/03\/b970cd8d5850270ff28ba1da0c082410.jpg","datePublished":"2023-03-15T11:07:10+00:00","breadcrumb":{"@id":"https:\/\/exparto.pl\/sk\/produkt\/lancetovy-kotuc-20b\/#breadcrumb"},"inLanguage":"sk-SK","potentialAction":[{"@type":"ReadAction","target":["https:\/\/exparto.pl\/sk\/produkt\/lancetovy-kotuc-20b\/"]}]},{"@type":"ImageObject","inLanguage":"sk-SK","@id":"https:\/\/exparto.pl\/sk\/produkt\/lancetovy-kotuc-20b\/#primaryimage","url":"https:\/\/exparto.pl\/wp-content\/uploads\/2023\/03\/b970cd8d5850270ff28ba1da0c082410.jpg","contentUrl":"https:\/\/exparto.pl\/wp-content\/uploads\/2023\/03\/b970cd8d5850270ff28ba1da0c082410.jpg","width":1000,"height":1000},{"@type":"BreadcrumbList","@id":"https:\/\/exparto.pl\/sk\/produkt\/lancetovy-kotuc-20b\/#breadcrumb","itemListElement":[{"@type":"ListItem","position":1,"name":"Domovsk\u00e1 str\u00e1nka","item":"https:\/\/exparto.pl\/sk\/domovska-stranka\/"},{"@type":"ListItem","position":2,"name":"Sklep","item":"https:\/\/exparto.pl\/sklep\/"},{"@type":"ListItem","position":3,"name":"\u010casti podstavca","item":"https:\/\/exparto.pl\/sk\/kategoria-produktov\/casti-podstavca\/"},{"@type":"ListItem","position":4,"name":"Re\u0165az naklada\u010da 20B"}]},{"@type":"WebSite","@id":"https:\/\/exparto.pl\/sk\/#website","url":"https:\/\/exparto.pl\/sk\/","name":"EXPARTO","description":"More than agro parts","publisher":{"@id":"https:\/\/exparto.pl\/sk\/#organization"},"potentialAction":[{"@type":"SearchAction","target":{"@type":"EntryPoint","urlTemplate":"https:\/\/exparto.pl\/sk\/?s={search_term_string}"},"query-input":{"@type":"PropertyValueSpecification","valueRequired":true,"valueName":"search_term_string"}}],"inLanguage":"sk-SK"},{"@type":"Organization","@id":"https:\/\/exparto.pl\/sk\/#organization","name":"EXPARTO","url":"https:\/\/exparto.pl\/sk\/","logo":{"@type":"ImageObject","inLanguage":"sk-SK","@id":"https:\/\/exparto.pl\/sk\/#\/schema\/logo\/image\/","url":"https:\/\/exparto.pl\/wp-content\/uploads\/2023\/02\/logo-wektor.png","contentUrl":"https:\/\/exparto.pl\/wp-content\/uploads\/2023\/02\/logo-wektor.png","width":1338,"height":143,"caption":"EXPARTO"},"image":{"@id":"https:\/\/exparto.pl\/sk\/#\/schema\/logo\/image\/"},"sameAs":["https:\/\/www.facebook.com\/exparto.agro\/"]}]}},"_links":{"self":[{"href":"https:\/\/exparto.pl\/sk\/wp-json\/wp\/v2\/product\/13408","targetHints":{"allow":["GET"]}}],"collection":[{"href":"https:\/\/exparto.pl\/sk\/wp-json\/wp\/v2\/product"}],"about":[{"href":"https:\/\/exparto.pl\/sk\/wp-json\/wp\/v2\/types\/product"}],"replies":[{"embeddable":true,"href":"https:\/\/exparto.pl\/sk\/wp-json\/wp\/v2\/comments?post=13408"}],"wp:featuredmedia":[{"embeddable":true,"href":"https:\/\/exparto.pl\/sk\/wp-json\/wp\/v2\/media\/5266"}],"wp:attachment":[{"href":"https:\/\/exparto.pl\/sk\/wp-json\/wp\/v2\/media?parent=13408"}],"wp:term":[{"taxonomy":"product_brand","embeddable":true,"href":"https:\/\/exparto.pl\/sk\/wp-json\/wp\/v2\/product_brand?post=13408"},{"taxonomy":"product_cat","embeddable":true,"href":"https:\/\/exparto.pl\/sk\/wp-json\/wp\/v2\/product_cat?post=13408"},{"taxonomy":"product_tag","embeddable":true,"href":"https:\/\/exparto.pl\/sk\/wp-json\/wp\/v2\/product_tag?post=13408"}],"curies":[{"name":"wp","href":"https:\/\/api.w.org\/{rel}","templated":true}]}}