{"id":13421,"date":"2023-03-07T07:47:59","date_gmt":"2023-03-07T06:47:59","guid":{"rendered":"https:\/\/exparto.pl\/produkt\/klinovy-remen-spa-3150-lp\/"},"modified":"2023-03-07T07:47:59","modified_gmt":"2023-03-07T06:47:59","slug":"pasek-klinowy-spa-3150","status":"publish","type":"product","link":"https:\/\/exparto.pl\/sk\/produkt\/pasek-klinowy-spa-3150\/","title":{"rendered":"Klinov\u00fd reme\u0148 SPA 3150 LP"},"content":{"rendered":"<p class=\"MsoNormal\" style=\"text-align: justify\"><b>Klinov\u00fd reme\u0148 <\/b> je <b>\u00fazkoprofilov\u00fd<\/b> model, ktor\u00fd sa pou\u017e\u00edva ako komponent ur\u010den\u00fd na prenos v\u00fdkonu v <b>pohonoch r\u00f4znych strojov<\/b>. Plat\u00ed to pre \u0161peci\u00e1lne pohony, napr. klinovo-ploch\u00e9 pohony. Ako funguje prezentovan\u00fd produkt? V tomto pr\u00edpade sa vyu\u017e\u00edva <b>trenie medzi reme\u0148om a remenicou<\/b>, ktor\u00e1 sa d\u00e1va do pohybu. \u00dalohou reme\u0148a je pren\u00e1\u0161a\u0165 kr\u00fatiaci moment na prij\u00edmacie remenice.<\/p>\n<p class=\"MsoNormal\" style=\"text-align: justify\">Klinov\u00fd reme\u0148 je ide\u00e1lny tam, kde <b>je obmedzen\u00fd priestor<\/b> a nie je mo\u017en\u00e9 pou\u017ei\u0165 <b>be\u017en\u00e9 remene<\/b>. Mo\u017eno ho \u00faspe\u0161ne pou\u017ei\u0165 na pr\u00e1cu s ve\u013ek\u00fdmi<br \/>\nza\u0165a\u017eenia a pri vysok\u00fdch <b>perif\u00e9rnych r\u00fdchlostiach <\/b>. Vyzna\u010duje sa tie\u017e vysokou odolnos\u0165ou vo\u010di: ohybu, oderu, oleju a pe\u013eu, ako aj vysok\u00fdm teplot\u00e1m.<\/p>\n<p class=\"MsoNormal\" style=\"text-align: justify\">Prezentovan\u00fd klinov\u00fd reme\u0148 m\u00e1 tie\u017e ve\u013emi <b>vysok\u00fd menovit\u00fd v\u00fdkon <\/b>. Poskytuje flexibilitu, ako aj <b>stabilitu a plynulos\u0165<\/b> vykon\u00e1vanej pr\u00e1ce. M\u00e1 dlh\u00fa \u017eivotnos\u0165, tak\u017ee v tomto pr\u00edpade nie je potrebn\u00e1 \u010dast\u00e1 \u00fadr\u017eba. Okrem toho produkuje <b>m\u00e1lo starej energie<\/b>, je ve\u013emi \u013eahk\u00fd a vynik\u00e1 dobr\u00fdm <b>pomerom ceny a kvality<br \/>\n.<\/b> Vyzna\u010duje sa tie\u017e <b>n\u00edzkou hlu\u010dnos\u0165ou<\/b> a vysokou \u00fa\u010dinnos\u0165ou v\u010faka n\u00edzkemu sklzu.<\/p>\n<p class=\"MsoNormal\" style=\"text-align: justify\">Klinov\u00fd reme\u0148 sa pou\u017e\u00edva pri kon\u0161trukcii <b>priemyseln\u00fdch<\/b>, po\u013enohospod\u00e1rskych, <b>z\u00e1hradn\u00edckych<\/b>, bansk\u00fdch a stavebn\u00fdch <b>strojov<\/b> a <b>zariaden\u00ed<\/b>, ako aj v automobilovom priemysle. Z\u010faleka naj\u010dastej\u0161ie sa pou\u017e\u00edva pri v\u00fdrobe rota\u010dn\u00fdch kosa\u010diek s plochou.<\/p>\n","protected":false},"excerpt":{"rendered":"<p style=\"text-align: justify\">Klinov\u00fd reme\u0148 je \u00fazkoprofilov\u00fd model, ktor\u00fd sa pou\u017e\u00edva ako komponent ur\u010den\u00fd na prenos v\u00fdkonu v pohonoch r\u00f4znych strojov. Plat\u00ed to pre \u0161peci\u00e1lne pohony, napr. klinovo-ploch\u00e9 pohony.<\/p>\n","protected":false},"featured_media":5146,"comment_status":"open","ping_status":"closed","template":"","meta":{"_acf_changed":false,"inline_featured_image":false},"product_brand":[],"product_cat":[499],"product_tag":[],"class_list":{"0":"post-13421","1":"product","2":"type-product","3":"status-publish","4":"has-post-thumbnail","6":"product_cat-nahradne-diely-pre-kosacky-na-travu","8":"first","9":"outofstock","10":"taxable","11":"shipping-taxable","12":"purchasable","13":"product-type-simple"},"acf":[],"yoast_head":"<!-- This site is optimized with the Yoast SEO plugin v27.2 - https:\/\/yoast.com\/product\/yoast-seo-wordpress\/ -->\n<title>Klinov\u00fd reme\u0148 SPA 3150 LP - Exparto.pl<\/title>\n<meta name=\"robots\" content=\"index, follow, max-snippet:-1, max-image-preview:large, max-video-preview:-1\" \/>\n<link rel=\"canonical\" href=\"https:\/\/exparto.pl\/sk\/produkt\/pasek-klinowy-spa-3150\/\" \/>\n<meta property=\"og:locale\" content=\"sk_SK\" \/>\n<meta property=\"og:type\" content=\"article\" \/>\n<meta property=\"og:title\" content=\"Klinov\u00fd reme\u0148 SPA 3150 LP - Exparto.pl\" \/>\n<meta property=\"og:description\" content=\"Klinov\u00fd reme\u0148 je \u00fazkoprofilov\u00fd model, ktor\u00fd sa pou\u017e\u00edva ako komponent ur\u010den\u00fd na prenos v\u00fdkonu v pohonoch r\u00f4znych strojov. Plat\u00ed to pre \u0161peci\u00e1lne pohony, napr. klinovo-ploch\u00e9 pohony.\" \/>\n<meta property=\"og:url\" content=\"https:\/\/exparto.pl\/sk\/produkt\/pasek-klinowy-spa-3150\/\" \/>\n<meta property=\"og:site_name\" content=\"Exparto.pl\" \/>\n<meta property=\"article:publisher\" content=\"https:\/\/www.facebook.com\/exparto.agro\/\" \/>\n<meta property=\"og:image\" content=\"https:\/\/exparto.pl\/wp-content\/uploads\/2023\/03\/d878c13e8a76eb018188f84927cbb486.jpg\" \/>\n\t<meta property=\"og:image:width\" content=\"1000\" \/>\n\t<meta property=\"og:image:height\" content=\"1000\" \/>\n\t<meta property=\"og:image:type\" content=\"image\/jpeg\" \/>\n<meta name=\"twitter:card\" content=\"summary_large_image\" \/>\n<meta name=\"twitter:label1\" content=\"Predpokladan\u00fd \u010das \u010d\u00edtania\" \/>\n\t<meta name=\"twitter:data1\" content=\"1 min\u00fata\" \/>\n<script type=\"application\/ld+json\" class=\"yoast-schema-graph\">{\"@context\":\"https:\/\/schema.org\",\"@graph\":[{\"@type\":\"WebPage\",\"@id\":\"https:\/\/exparto.pl\/sk\/produkt\/pasek-klinowy-spa-3150\/\",\"url\":\"https:\/\/exparto.pl\/sk\/produkt\/pasek-klinowy-spa-3150\/\",\"name\":\"Klinov\u00fd reme\u0148 SPA 3150 LP - Exparto.pl\",\"isPartOf\":{\"@id\":\"https:\/\/exparto.pl\/sk\/#website\"},\"primaryImageOfPage\":{\"@id\":\"https:\/\/exparto.pl\/sk\/produkt\/pasek-klinowy-spa-3150\/#primaryimage\"},\"image\":{\"@id\":\"https:\/\/exparto.pl\/sk\/produkt\/pasek-klinowy-spa-3150\/#primaryimage\"},\"thumbnailUrl\":\"https:\/\/exparto.pl\/wp-content\/uploads\/2023\/03\/d878c13e8a76eb018188f84927cbb486.jpg\",\"datePublished\":\"2023-03-07T06:47:59+00:00\",\"breadcrumb\":{\"@id\":\"https:\/\/exparto.pl\/sk\/produkt\/pasek-klinowy-spa-3150\/#breadcrumb\"},\"inLanguage\":\"sk-SK\",\"potentialAction\":[{\"@type\":\"ReadAction\",\"target\":[\"https:\/\/exparto.pl\/sk\/produkt\/pasek-klinowy-spa-3150\/\"]}]},{\"@type\":\"ImageObject\",\"inLanguage\":\"sk-SK\",\"@id\":\"https:\/\/exparto.pl\/sk\/produkt\/pasek-klinowy-spa-3150\/#primaryimage\",\"url\":\"https:\/\/exparto.pl\/wp-content\/uploads\/2023\/03\/d878c13e8a76eb018188f84927cbb486.jpg\",\"contentUrl\":\"https:\/\/exparto.pl\/wp-content\/uploads\/2023\/03\/d878c13e8a76eb018188f84927cbb486.jpg\",\"width\":1000,\"height\":1000},{\"@type\":\"BreadcrumbList\",\"@id\":\"https:\/\/exparto.pl\/sk\/produkt\/pasek-klinowy-spa-3150\/#breadcrumb\",\"itemListElement\":[{\"@type\":\"ListItem\",\"position\":1,\"name\":\"Domovsk\u00e1 str\u00e1nka\",\"item\":\"https:\/\/exparto.pl\/sk\/domovska-stranka\/\"},{\"@type\":\"ListItem\",\"position\":2,\"name\":\"Sklep\",\"item\":\"https:\/\/exparto.pl\/sklep\/\"},{\"@type\":\"ListItem\",\"position\":3,\"name\":\"N\u00e1hradn\u00e9 diely pre kosa\u010dky na tr\u00e1vu\",\"item\":\"https:\/\/exparto.pl\/sk\/kategoria-produktov\/nahradne-diely-pre-kosacky-na-travu\/\"},{\"@type\":\"ListItem\",\"position\":4,\"name\":\"Klinov\u00fd reme\u0148 SPA 3150 LP\"}]},{\"@type\":\"WebSite\",\"@id\":\"https:\/\/exparto.pl\/sk\/#website\",\"url\":\"https:\/\/exparto.pl\/sk\/\",\"name\":\"EXPARTO\",\"description\":\"More than agro parts\",\"publisher\":{\"@id\":\"https:\/\/exparto.pl\/sk\/#organization\"},\"potentialAction\":[{\"@type\":\"SearchAction\",\"target\":{\"@type\":\"EntryPoint\",\"urlTemplate\":\"https:\/\/exparto.pl\/sk\/?s={search_term_string}\"},\"query-input\":{\"@type\":\"PropertyValueSpecification\",\"valueRequired\":true,\"valueName\":\"search_term_string\"}}],\"inLanguage\":\"sk-SK\"},{\"@type\":\"Organization\",\"@id\":\"https:\/\/exparto.pl\/sk\/#organization\",\"name\":\"EXPARTO\",\"url\":\"https:\/\/exparto.pl\/sk\/\",\"logo\":{\"@type\":\"ImageObject\",\"inLanguage\":\"sk-SK\",\"@id\":\"https:\/\/exparto.pl\/sk\/#\/schema\/logo\/image\/\",\"url\":\"https:\/\/exparto.pl\/wp-content\/uploads\/2023\/02\/logo-wektor.png\",\"contentUrl\":\"https:\/\/exparto.pl\/wp-content\/uploads\/2023\/02\/logo-wektor.png\",\"width\":1338,\"height\":143,\"caption\":\"EXPARTO\"},\"image\":{\"@id\":\"https:\/\/exparto.pl\/sk\/#\/schema\/logo\/image\/\"},\"sameAs\":[\"https:\/\/www.facebook.com\/exparto.agro\/\"]}]}<\/script>\n<!-- \/ Yoast SEO plugin. -->","yoast_head_json":{"title":"Klinov\u00fd reme\u0148 SPA 3150 LP - Exparto.pl","robots":{"index":"index","follow":"follow","max-snippet":"max-snippet:-1","max-image-preview":"max-image-preview:large","max-video-preview":"max-video-preview:-1"},"canonical":"https:\/\/exparto.pl\/sk\/produkt\/pasek-klinowy-spa-3150\/","og_locale":"sk_SK","og_type":"article","og_title":"Klinov\u00fd reme\u0148 SPA 3150 LP - Exparto.pl","og_description":"Klinov\u00fd reme\u0148 je \u00fazkoprofilov\u00fd model, ktor\u00fd sa pou\u017e\u00edva ako komponent ur\u010den\u00fd na prenos v\u00fdkonu v pohonoch r\u00f4znych strojov. Plat\u00ed to pre \u0161peci\u00e1lne pohony, napr. klinovo-ploch\u00e9 pohony.","og_url":"https:\/\/exparto.pl\/sk\/produkt\/pasek-klinowy-spa-3150\/","og_site_name":"Exparto.pl","article_publisher":"https:\/\/www.facebook.com\/exparto.agro\/","og_image":[{"width":1000,"height":1000,"url":"https:\/\/exparto.pl\/wp-content\/uploads\/2023\/03\/d878c13e8a76eb018188f84927cbb486.jpg","type":"image\/jpeg"}],"twitter_card":"summary_large_image","twitter_misc":{"Predpokladan\u00fd \u010das \u010d\u00edtania":"1 min\u00fata"},"schema":{"@context":"https:\/\/schema.org","@graph":[{"@type":"WebPage","@id":"https:\/\/exparto.pl\/sk\/produkt\/pasek-klinowy-spa-3150\/","url":"https:\/\/exparto.pl\/sk\/produkt\/pasek-klinowy-spa-3150\/","name":"Klinov\u00fd reme\u0148 SPA 3150 LP - Exparto.pl","isPartOf":{"@id":"https:\/\/exparto.pl\/sk\/#website"},"primaryImageOfPage":{"@id":"https:\/\/exparto.pl\/sk\/produkt\/pasek-klinowy-spa-3150\/#primaryimage"},"image":{"@id":"https:\/\/exparto.pl\/sk\/produkt\/pasek-klinowy-spa-3150\/#primaryimage"},"thumbnailUrl":"https:\/\/exparto.pl\/wp-content\/uploads\/2023\/03\/d878c13e8a76eb018188f84927cbb486.jpg","datePublished":"2023-03-07T06:47:59+00:00","breadcrumb":{"@id":"https:\/\/exparto.pl\/sk\/produkt\/pasek-klinowy-spa-3150\/#breadcrumb"},"inLanguage":"sk-SK","potentialAction":[{"@type":"ReadAction","target":["https:\/\/exparto.pl\/sk\/produkt\/pasek-klinowy-spa-3150\/"]}]},{"@type":"ImageObject","inLanguage":"sk-SK","@id":"https:\/\/exparto.pl\/sk\/produkt\/pasek-klinowy-spa-3150\/#primaryimage","url":"https:\/\/exparto.pl\/wp-content\/uploads\/2023\/03\/d878c13e8a76eb018188f84927cbb486.jpg","contentUrl":"https:\/\/exparto.pl\/wp-content\/uploads\/2023\/03\/d878c13e8a76eb018188f84927cbb486.jpg","width":1000,"height":1000},{"@type":"BreadcrumbList","@id":"https:\/\/exparto.pl\/sk\/produkt\/pasek-klinowy-spa-3150\/#breadcrumb","itemListElement":[{"@type":"ListItem","position":1,"name":"Domovsk\u00e1 str\u00e1nka","item":"https:\/\/exparto.pl\/sk\/domovska-stranka\/"},{"@type":"ListItem","position":2,"name":"Sklep","item":"https:\/\/exparto.pl\/sklep\/"},{"@type":"ListItem","position":3,"name":"N\u00e1hradn\u00e9 diely pre kosa\u010dky na tr\u00e1vu","item":"https:\/\/exparto.pl\/sk\/kategoria-produktov\/nahradne-diely-pre-kosacky-na-travu\/"},{"@type":"ListItem","position":4,"name":"Klinov\u00fd reme\u0148 SPA 3150 LP"}]},{"@type":"WebSite","@id":"https:\/\/exparto.pl\/sk\/#website","url":"https:\/\/exparto.pl\/sk\/","name":"EXPARTO","description":"More than agro parts","publisher":{"@id":"https:\/\/exparto.pl\/sk\/#organization"},"potentialAction":[{"@type":"SearchAction","target":{"@type":"EntryPoint","urlTemplate":"https:\/\/exparto.pl\/sk\/?s={search_term_string}"},"query-input":{"@type":"PropertyValueSpecification","valueRequired":true,"valueName":"search_term_string"}}],"inLanguage":"sk-SK"},{"@type":"Organization","@id":"https:\/\/exparto.pl\/sk\/#organization","name":"EXPARTO","url":"https:\/\/exparto.pl\/sk\/","logo":{"@type":"ImageObject","inLanguage":"sk-SK","@id":"https:\/\/exparto.pl\/sk\/#\/schema\/logo\/image\/","url":"https:\/\/exparto.pl\/wp-content\/uploads\/2023\/02\/logo-wektor.png","contentUrl":"https:\/\/exparto.pl\/wp-content\/uploads\/2023\/02\/logo-wektor.png","width":1338,"height":143,"caption":"EXPARTO"},"image":{"@id":"https:\/\/exparto.pl\/sk\/#\/schema\/logo\/image\/"},"sameAs":["https:\/\/www.facebook.com\/exparto.agro\/"]}]}},"_links":{"self":[{"href":"https:\/\/exparto.pl\/sk\/wp-json\/wp\/v2\/product\/13421","targetHints":{"allow":["GET"]}}],"collection":[{"href":"https:\/\/exparto.pl\/sk\/wp-json\/wp\/v2\/product"}],"about":[{"href":"https:\/\/exparto.pl\/sk\/wp-json\/wp\/v2\/types\/product"}],"replies":[{"embeddable":true,"href":"https:\/\/exparto.pl\/sk\/wp-json\/wp\/v2\/comments?post=13421"}],"wp:featuredmedia":[{"embeddable":true,"href":"https:\/\/exparto.pl\/sk\/wp-json\/wp\/v2\/media\/5146"}],"wp:attachment":[{"href":"https:\/\/exparto.pl\/sk\/wp-json\/wp\/v2\/media?parent=13421"}],"wp:term":[{"taxonomy":"product_brand","embeddable":true,"href":"https:\/\/exparto.pl\/sk\/wp-json\/wp\/v2\/product_brand?post=13421"},{"taxonomy":"product_cat","embeddable":true,"href":"https:\/\/exparto.pl\/sk\/wp-json\/wp\/v2\/product_cat?post=13421"},{"taxonomy":"product_tag","embeddable":true,"href":"https:\/\/exparto.pl\/sk\/wp-json\/wp\/v2\/product_tag?post=13421"}],"curies":[{"name":"wp","href":"https:\/\/api.w.org\/{rel}","templated":true}]}}