{"id":13450,"date":"2023-03-02T17:21:07","date_gmt":"2023-03-02T16:21:07","guid":{"rendered":"https:\/\/exparto.pl\/produkt\/rukavice-niros-1022-velkost-9\/"},"modified":"2023-03-02T17:21:07","modified_gmt":"2023-03-02T16:21:07","slug":"rekawica-niros-1022-size-9","status":"publish","type":"product","link":"https:\/\/exparto.pl\/sk\/produkt\/rekawica-niros-1022-size-9\/","title":{"rendered":"Rukavice niros 1022 ve\u013ekos\u0165 9"},"content":{"rendered":"<p style=\"text-align: justify\"><strong>NiroS #1022 <\/strong>je vyroben\u00fd z ve\u013emi husto tkanej bavlny &#8211; potvrdzuje <strong>pr\u00e9miov\u00fa<\/strong> kvalitu zna\u010dky niroS. Vysokokvalitn\u00fd nitrilov\u00fd povlak pou\u017eit\u00fd v rukaviciach niroS eco #1022 poskytuje 3\/4 povlaku pre vysok\u00fa odolnos\u0165 vo\u010di olejom a tukom. V\u010faka tomu s\u00fa rukavice vhodn\u00e9 na <strong>\u0161irok\u00fa \u0161k\u00e1lu<\/strong> aplik\u00e1ci\u00ed vo <strong>v\u0161eobecnom priemysle<\/strong>, ako aj v stavebn\u00edctve alebo z\u00e1hradn\u00edctve.<\/p>\n","protected":false},"excerpt":{"rendered":"<p style=\"text-align: justify\">NiroS #1022 je vyroben\u00fd z ve\u013emi husto tkanej bavlny &#8211; potvrdzuje pr\u00e9miov\u00fa kvalitu zna\u010dky niroS. Vysokokvalitn\u00fd nitrilov\u00fd povlak pou\u017eit\u00fd v rukaviciach niroS eco #1022 poskytuje 3\/4 povlaku pre vysok\u00fa odolnos\u0165 vo\u010di olejom a tukom. V\u010faka tomu s\u00fa rukavice vhodn\u00e9 na \u0161irok\u00fa \u0161k\u00e1lu aplik\u00e1ci\u00ed vo v\u0161eobecnom priemysle, ako aj v stavebn\u00edctve alebo z\u00e1hradn\u00edctve.<\/p>\n","protected":false},"featured_media":4998,"comment_status":"open","ping_status":"closed","template":"","meta":{"_acf_changed":false,"inline_featured_image":false},"product_brand":[],"product_cat":[637],"product_tag":[],"class_list":{"0":"post-13450","1":"product","2":"type-product","3":"status-publish","4":"has-post-thumbnail","6":"product_cat-rukavice","8":"first","9":"outofstock","10":"taxable","11":"shipping-taxable","12":"purchasable","13":"product-type-simple"},"acf":[],"yoast_head":"<!-- This site is optimized with the Yoast SEO plugin v27.3 - https:\/\/yoast.com\/product\/yoast-seo-wordpress\/ -->\n<title>Rukavice niros 1022 ve\u013ekos\u0165 9 - Exparto.pl<\/title>\n<meta name=\"robots\" content=\"index, follow, max-snippet:-1, max-image-preview:large, max-video-preview:-1\" \/>\n<link rel=\"canonical\" href=\"https:\/\/exparto.pl\/sk\/produkt\/rekawica-niros-1022-size-9\/\" \/>\n<meta property=\"og:locale\" content=\"sk_SK\" \/>\n<meta property=\"og:type\" content=\"article\" \/>\n<meta property=\"og:title\" content=\"Rukavice niros 1022 ve\u013ekos\u0165 9 - Exparto.pl\" \/>\n<meta property=\"og:description\" content=\"NiroS #1022 je vyroben\u00fd z ve\u013emi husto tkanej bavlny - potvrdzuje pr\u00e9miov\u00fa kvalitu zna\u010dky niroS. Vysokokvalitn\u00fd nitrilov\u00fd povlak pou\u017eit\u00fd v rukaviciach niroS eco #1022 poskytuje 3\/4 povlaku pre vysok\u00fa odolnos\u0165 vo\u010di olejom a tukom. V\u010faka tomu s\u00fa rukavice vhodn\u00e9 na \u0161irok\u00fa \u0161k\u00e1lu aplik\u00e1ci\u00ed vo v\u0161eobecnom priemysle, ako aj v stavebn\u00edctve alebo z\u00e1hradn\u00edctve.\" \/>\n<meta property=\"og:url\" content=\"https:\/\/exparto.pl\/sk\/produkt\/rekawica-niros-1022-size-9\/\" \/>\n<meta property=\"og:site_name\" content=\"Exparto.pl\" \/>\n<meta property=\"article:publisher\" content=\"https:\/\/www.facebook.com\/exparto.agro\/\" \/>\n<meta property=\"og:image\" content=\"https:\/\/exparto.pl\/wp-content\/uploads\/2023\/03\/ab3e1bca459049c4fbf980a34e4288f8.jpg\" \/>\n\t<meta property=\"og:image:width\" content=\"1000\" \/>\n\t<meta property=\"og:image:height\" content=\"1000\" \/>\n\t<meta property=\"og:image:type\" content=\"image\/jpeg\" \/>\n<meta name=\"twitter:card\" content=\"summary_large_image\" \/>\n<script type=\"application\/ld+json\" class=\"yoast-schema-graph\">{\"@context\":\"https:\\\/\\\/schema.org\",\"@graph\":[{\"@type\":\"WebPage\",\"@id\":\"https:\\\/\\\/exparto.pl\\\/sk\\\/produkt\\\/rekawica-niros-1022-size-9\\\/\",\"url\":\"https:\\\/\\\/exparto.pl\\\/sk\\\/produkt\\\/rekawica-niros-1022-size-9\\\/\",\"name\":\"Rukavice niros 1022 ve\u013ekos\u0165 9 - Exparto.pl\",\"isPartOf\":{\"@id\":\"https:\\\/\\\/exparto.pl\\\/sk\\\/#website\"},\"primaryImageOfPage\":{\"@id\":\"https:\\\/\\\/exparto.pl\\\/sk\\\/produkt\\\/rekawica-niros-1022-size-9\\\/#primaryimage\"},\"image\":{\"@id\":\"https:\\\/\\\/exparto.pl\\\/sk\\\/produkt\\\/rekawica-niros-1022-size-9\\\/#primaryimage\"},\"thumbnailUrl\":\"https:\\\/\\\/exparto.pl\\\/wp-content\\\/uploads\\\/2023\\\/03\\\/ab3e1bca459049c4fbf980a34e4288f8.jpg\",\"datePublished\":\"2023-03-02T16:21:07+00:00\",\"breadcrumb\":{\"@id\":\"https:\\\/\\\/exparto.pl\\\/sk\\\/produkt\\\/rekawica-niros-1022-size-9\\\/#breadcrumb\"},\"inLanguage\":\"sk-SK\",\"potentialAction\":[{\"@type\":\"ReadAction\",\"target\":[\"https:\\\/\\\/exparto.pl\\\/sk\\\/produkt\\\/rekawica-niros-1022-size-9\\\/\"]}]},{\"@type\":\"ImageObject\",\"inLanguage\":\"sk-SK\",\"@id\":\"https:\\\/\\\/exparto.pl\\\/sk\\\/produkt\\\/rekawica-niros-1022-size-9\\\/#primaryimage\",\"url\":\"https:\\\/\\\/exparto.pl\\\/wp-content\\\/uploads\\\/2023\\\/03\\\/ab3e1bca459049c4fbf980a34e4288f8.jpg\",\"contentUrl\":\"https:\\\/\\\/exparto.pl\\\/wp-content\\\/uploads\\\/2023\\\/03\\\/ab3e1bca459049c4fbf980a34e4288f8.jpg\",\"width\":1000,\"height\":1000},{\"@type\":\"BreadcrumbList\",\"@id\":\"https:\\\/\\\/exparto.pl\\\/sk\\\/produkt\\\/rekawica-niros-1022-size-9\\\/#breadcrumb\",\"itemListElement\":[{\"@type\":\"ListItem\",\"position\":1,\"name\":\"Domovsk\u00e1 str\u00e1nka\",\"item\":\"https:\\\/\\\/exparto.pl\\\/sk\\\/domovska-stranka\\\/\"},{\"@type\":\"ListItem\",\"position\":2,\"name\":\"Sklep\",\"item\":\"https:\\\/\\\/exparto.pl\\\/sklep\\\/\"},{\"@type\":\"ListItem\",\"position\":3,\"name\":\"Rukavice\",\"item\":\"https:\\\/\\\/exparto.pl\\\/sk\\\/kategoria-produktov\\\/zdravotne-a-bezpecnostne-oblecenie\\\/rukavice\\\/\"},{\"@type\":\"ListItem\",\"position\":4,\"name\":\"Rukavice niros 1022 ve\u013ekos\u0165 9\"}]},{\"@type\":\"WebSite\",\"@id\":\"https:\\\/\\\/exparto.pl\\\/sk\\\/#website\",\"url\":\"https:\\\/\\\/exparto.pl\\\/sk\\\/\",\"name\":\"EXPARTO\",\"description\":\"More than agro parts\",\"publisher\":{\"@id\":\"https:\\\/\\\/exparto.pl\\\/sk\\\/#organization\"},\"potentialAction\":[{\"@type\":\"SearchAction\",\"target\":{\"@type\":\"EntryPoint\",\"urlTemplate\":\"https:\\\/\\\/exparto.pl\\\/sk\\\/?s={search_term_string}\"},\"query-input\":{\"@type\":\"PropertyValueSpecification\",\"valueRequired\":true,\"valueName\":\"search_term_string\"}}],\"inLanguage\":\"sk-SK\"},{\"@type\":\"Organization\",\"@id\":\"https:\\\/\\\/exparto.pl\\\/sk\\\/#organization\",\"name\":\"EXPARTO\",\"url\":\"https:\\\/\\\/exparto.pl\\\/sk\\\/\",\"logo\":{\"@type\":\"ImageObject\",\"inLanguage\":\"sk-SK\",\"@id\":\"https:\\\/\\\/exparto.pl\\\/sk\\\/#\\\/schema\\\/logo\\\/image\\\/\",\"url\":\"https:\\\/\\\/exparto.pl\\\/wp-content\\\/uploads\\\/2023\\\/02\\\/logo-wektor.png\",\"contentUrl\":\"https:\\\/\\\/exparto.pl\\\/wp-content\\\/uploads\\\/2023\\\/02\\\/logo-wektor.png\",\"width\":1338,\"height\":143,\"caption\":\"EXPARTO\"},\"image\":{\"@id\":\"https:\\\/\\\/exparto.pl\\\/sk\\\/#\\\/schema\\\/logo\\\/image\\\/\"},\"sameAs\":[\"https:\\\/\\\/www.facebook.com\\\/exparto.agro\\\/\"]}]}<\/script>\n<!-- \/ Yoast SEO plugin. -->","yoast_head_json":{"title":"Rukavice niros 1022 ve\u013ekos\u0165 9 - Exparto.pl","robots":{"index":"index","follow":"follow","max-snippet":"max-snippet:-1","max-image-preview":"max-image-preview:large","max-video-preview":"max-video-preview:-1"},"canonical":"https:\/\/exparto.pl\/sk\/produkt\/rekawica-niros-1022-size-9\/","og_locale":"sk_SK","og_type":"article","og_title":"Rukavice niros 1022 ve\u013ekos\u0165 9 - Exparto.pl","og_description":"NiroS #1022 je vyroben\u00fd z ve\u013emi husto tkanej bavlny - potvrdzuje pr\u00e9miov\u00fa kvalitu zna\u010dky niroS. Vysokokvalitn\u00fd nitrilov\u00fd povlak pou\u017eit\u00fd v rukaviciach niroS eco #1022 poskytuje 3\/4 povlaku pre vysok\u00fa odolnos\u0165 vo\u010di olejom a tukom. V\u010faka tomu s\u00fa rukavice vhodn\u00e9 na \u0161irok\u00fa \u0161k\u00e1lu aplik\u00e1ci\u00ed vo v\u0161eobecnom priemysle, ako aj v stavebn\u00edctve alebo z\u00e1hradn\u00edctve.","og_url":"https:\/\/exparto.pl\/sk\/produkt\/rekawica-niros-1022-size-9\/","og_site_name":"Exparto.pl","article_publisher":"https:\/\/www.facebook.com\/exparto.agro\/","og_image":[{"width":1000,"height":1000,"url":"https:\/\/exparto.pl\/wp-content\/uploads\/2023\/03\/ab3e1bca459049c4fbf980a34e4288f8.jpg","type":"image\/jpeg"}],"twitter_card":"summary_large_image","schema":{"@context":"https:\/\/schema.org","@graph":[{"@type":"WebPage","@id":"https:\/\/exparto.pl\/sk\/produkt\/rekawica-niros-1022-size-9\/","url":"https:\/\/exparto.pl\/sk\/produkt\/rekawica-niros-1022-size-9\/","name":"Rukavice niros 1022 ve\u013ekos\u0165 9 - Exparto.pl","isPartOf":{"@id":"https:\/\/exparto.pl\/sk\/#website"},"primaryImageOfPage":{"@id":"https:\/\/exparto.pl\/sk\/produkt\/rekawica-niros-1022-size-9\/#primaryimage"},"image":{"@id":"https:\/\/exparto.pl\/sk\/produkt\/rekawica-niros-1022-size-9\/#primaryimage"},"thumbnailUrl":"https:\/\/exparto.pl\/wp-content\/uploads\/2023\/03\/ab3e1bca459049c4fbf980a34e4288f8.jpg","datePublished":"2023-03-02T16:21:07+00:00","breadcrumb":{"@id":"https:\/\/exparto.pl\/sk\/produkt\/rekawica-niros-1022-size-9\/#breadcrumb"},"inLanguage":"sk-SK","potentialAction":[{"@type":"ReadAction","target":["https:\/\/exparto.pl\/sk\/produkt\/rekawica-niros-1022-size-9\/"]}]},{"@type":"ImageObject","inLanguage":"sk-SK","@id":"https:\/\/exparto.pl\/sk\/produkt\/rekawica-niros-1022-size-9\/#primaryimage","url":"https:\/\/exparto.pl\/wp-content\/uploads\/2023\/03\/ab3e1bca459049c4fbf980a34e4288f8.jpg","contentUrl":"https:\/\/exparto.pl\/wp-content\/uploads\/2023\/03\/ab3e1bca459049c4fbf980a34e4288f8.jpg","width":1000,"height":1000},{"@type":"BreadcrumbList","@id":"https:\/\/exparto.pl\/sk\/produkt\/rekawica-niros-1022-size-9\/#breadcrumb","itemListElement":[{"@type":"ListItem","position":1,"name":"Domovsk\u00e1 str\u00e1nka","item":"https:\/\/exparto.pl\/sk\/domovska-stranka\/"},{"@type":"ListItem","position":2,"name":"Sklep","item":"https:\/\/exparto.pl\/sklep\/"},{"@type":"ListItem","position":3,"name":"Rukavice","item":"https:\/\/exparto.pl\/sk\/kategoria-produktov\/zdravotne-a-bezpecnostne-oblecenie\/rukavice\/"},{"@type":"ListItem","position":4,"name":"Rukavice niros 1022 ve\u013ekos\u0165 9"}]},{"@type":"WebSite","@id":"https:\/\/exparto.pl\/sk\/#website","url":"https:\/\/exparto.pl\/sk\/","name":"EXPARTO","description":"More than agro parts","publisher":{"@id":"https:\/\/exparto.pl\/sk\/#organization"},"potentialAction":[{"@type":"SearchAction","target":{"@type":"EntryPoint","urlTemplate":"https:\/\/exparto.pl\/sk\/?s={search_term_string}"},"query-input":{"@type":"PropertyValueSpecification","valueRequired":true,"valueName":"search_term_string"}}],"inLanguage":"sk-SK"},{"@type":"Organization","@id":"https:\/\/exparto.pl\/sk\/#organization","name":"EXPARTO","url":"https:\/\/exparto.pl\/sk\/","logo":{"@type":"ImageObject","inLanguage":"sk-SK","@id":"https:\/\/exparto.pl\/sk\/#\/schema\/logo\/image\/","url":"https:\/\/exparto.pl\/wp-content\/uploads\/2023\/02\/logo-wektor.png","contentUrl":"https:\/\/exparto.pl\/wp-content\/uploads\/2023\/02\/logo-wektor.png","width":1338,"height":143,"caption":"EXPARTO"},"image":{"@id":"https:\/\/exparto.pl\/sk\/#\/schema\/logo\/image\/"},"sameAs":["https:\/\/www.facebook.com\/exparto.agro\/"]}]}},"_links":{"self":[{"href":"https:\/\/exparto.pl\/sk\/wp-json\/wp\/v2\/product\/13450","targetHints":{"allow":["GET"]}}],"collection":[{"href":"https:\/\/exparto.pl\/sk\/wp-json\/wp\/v2\/product"}],"about":[{"href":"https:\/\/exparto.pl\/sk\/wp-json\/wp\/v2\/types\/product"}],"replies":[{"embeddable":true,"href":"https:\/\/exparto.pl\/sk\/wp-json\/wp\/v2\/comments?post=13450"}],"wp:featuredmedia":[{"embeddable":true,"href":"https:\/\/exparto.pl\/sk\/wp-json\/wp\/v2\/media\/4998"}],"wp:attachment":[{"href":"https:\/\/exparto.pl\/sk\/wp-json\/wp\/v2\/media?parent=13450"}],"wp:term":[{"taxonomy":"product_brand","embeddable":true,"href":"https:\/\/exparto.pl\/sk\/wp-json\/wp\/v2\/product_brand?post=13450"},{"taxonomy":"product_cat","embeddable":true,"href":"https:\/\/exparto.pl\/sk\/wp-json\/wp\/v2\/product_cat?post=13450"},{"taxonomy":"product_tag","embeddable":true,"href":"https:\/\/exparto.pl\/sk\/wp-json\/wp\/v2\/product_tag?post=13450"}],"curies":[{"name":"wp","href":"https:\/\/api.w.org\/{rel}","templated":true}]}}