{"id":13453,"date":"2023-03-02T13:00:46","date_gmt":"2023-03-02T12:00:46","guid":{"rendered":"https:\/\/exparto.pl\/produkt\/suchy-manometer-fi-63-m12x15-down-0-16-bar\/"},"modified":"2023-03-02T13:00:46","modified_gmt":"2023-03-02T12:00:46","slug":"manometr-suchy-fi-63-m12x15-dol-0-16-bar","status":"publish","type":"product","link":"https:\/\/exparto.pl\/sk\/produkt\/manometr-suchy-fi-63-m12x15-dol-0-16-bar\/","title":{"rendered":"Such\u00fd manometer fi 63 M12x1,5 DOWN 0-16 Bar"},"content":{"rendered":"<p class=\"MsoNormal\" style=\"text-align: justify\"><span style=\"color: inherit;font-weight: 700 !important\">Tlakomery<\/span> s\u00fa zariadenia, ktor\u00e9 sa pou\u017e\u00edvaj\u00fa na <span style=\"color: inherit;font-weight: 700 !important\">meranie tlaku v<\/span> plynov\u00fdch a kvapaln\u00fdch <span style=\"color: inherit;font-weight: 700 !important\">syst\u00e9moch<\/span>. Ich \u00fa\u010delom je <span style=\"color: inherit;font-weight: 700 !important\">indikova\u0165 rozdiel<\/span> medzi vn\u00fatorn\u00fdm a vonkaj\u0161\u00edm (atmosf\u00e9rick\u00fdm) tlakom testovan\u00e9ho syst\u00e9mu. Ide o vizu\u00e1lne indik\u00e1tory, ktor\u00e9 v pr\u00edpade potreby umo\u017e\u0148uj\u00fa efekt\u00edvne <span style=\"color: inherit;font-weight: 700 !important\">odhali\u0165 probl\u00e9my<\/span> v r\u00e1mci konkr\u00e9tnych zariaden\u00ed. Je to d\u00f4le\u017eit\u00e9, preto\u017ee neprimeran\u00fd tlak m\u00f4\u017ee prispie\u0165 k tomu, \u017ee nedostanete <span style=\"color: inherit;font-weight: 700 !important\">spr\u00e1vnu kvalitu<\/span> v\u00fdrobkov alebo dokonca k ich zlyhaniu.<\/p>\n<p class=\"MsoNormal\" style=\"text-align: justify\">Jedn\u00fdm typom zariadenia s\u00fa <span style=\"color: inherit;font-weight: 700 !important\">hydraulick\u00e9 tlakomery<\/span>, ktor\u00e9 sa pou\u017e\u00edvaj\u00fa na meranie tlaku v syst\u00e9moch nap\u00e1jan\u00fdch kvapalinou. S\u00fa potrebn\u00e9 na spr\u00e1vne fungovanie riadiaceho syst\u00e9mu<span style=\"color: inherit;font-weight: 700 !important\"> hydraulick\u00fdch komponentov<\/span>. Niektor\u00e9 tlakomery tohto typu sa pou\u017e\u00edvaj\u00fa aj na meranie kvapal\u00edn v pneumatick\u00fdch syst\u00e9moch.<\/p>\n<p class=\"MsoNormal\" style=\"text-align: justify\">Dodajme, \u017ee tlakomery m\u00f4\u017eeme rozdeli\u0165 na: <span style=\"color: inherit;font-weight: 700 !important\">mokr\u00e9<\/span> a <span style=\"color: inherit;font-weight: 700 !important\">such\u00e9<\/span>. Prv\u00e9 maj\u00fa n\u00e1pl\u0148 vo forme <span style=\"color: inherit;font-weight: 700 !important\">\u0161peci\u00e1lnej tekutiny<\/span>, zatia\u013e \u010do druh\u00e9 s\u00fa bez nej. Kvapalina umo\u017e\u0148uje presnej\u0161ie merania v pr\u00edpade <span style=\"color: inherit;font-weight: 700 !important\">otrasov<\/span> alebo <strong>vibr\u00e1ci\u00ed<\/strong>. Znamen\u00e1 to aj men\u0161ie riziko poruchy <span style=\"color: inherit;font-weight: 700 !important\">zariadenia<\/span>, ke\u010f\u017ee vibr\u00e1cie s\u00fa naj\u010dastej\u0161ou pr\u00ed\u010dinou ich <span style=\"color: inherit;font-weight: 700 !important\">poruchy<\/span>. Je to sp\u00f4soben\u00e9 t\u00fdm, \u017ee stimuluj\u00fa pohybliv\u00e9 s\u00fa\u010dasti tlakomerov, ako je prevodovka alebo Bourdonova trubica, aby vibrovali. Treba poznamena\u0165, \u017ee tlakomery sa pou\u017e\u00edvaj\u00fa v <span style=\"color: inherit;font-weight: 700 !important\">po\u013enohospod\u00e1rstve<\/span>, stavebn\u00edctve aj v <span style=\"color: inherit;font-weight: 700 !important\">priemysle<\/span>. Pou\u017e\u00edvaj\u00fa sa aj v <span style=\"color: inherit;font-weight: 700 !important\">plyn\u00e1renstve<\/span>, tepelnej energetike, vod\u00e1renstve, dia\u013ekovom vykurovan\u00ed, kanaliz\u00e1cii a dokonca aj v potravin\u00e1rskom priemysle.<\/p>\n","protected":false},"excerpt":{"rendered":"<p style=\"text-align: justify\"><span style=\"color: inherit\">Tlakomery<\/span> s\u00fa zariadenia, ktor\u00e9 sa pou\u017e\u00edvaj\u00fa na <span style=\"color: inherit\">meranie tlaku v<\/span> plynov\u00fdch a kvapaln\u00fdch <span style=\"color: inherit\">syst\u00e9moch<\/span>. Ich \u00fa\u010delom je <span style=\"color: inherit\">indikova\u0165 rozdiel<\/span> medzi vn\u00fatorn\u00fdm a vonkaj\u0161\u00edm (atmosf\u00e9rick\u00fdm) tlakom testovan\u00e9ho syst\u00e9mu.<\/p>\n<p style=\"text-align: justify\">\n","protected":false},"featured_media":4910,"comment_status":"open","ping_status":"closed","template":"","meta":{"_acf_changed":false,"inline_featured_image":false},"product_brand":[],"product_cat":[551,652],"product_tag":[],"class_list":{"0":"post-13453","1":"product","2":"type-product","3":"status-publish","4":"has-post-thumbnail","6":"product_cat-nahradne-diely-pre-postrekovace","7":"product_cat-tlakomery","9":"first","10":"instock","11":"taxable","12":"shipping-taxable","13":"purchasable","14":"product-type-simple"},"acf":[],"yoast_head":"<!-- This site is optimized with the Yoast SEO plugin v27.2 - https:\/\/yoast.com\/product\/yoast-seo-wordpress\/ -->\n<title>Such\u00fd manometer fi 63 M12x1,5 DOWN 0-16 Bar - Exparto.pl<\/title>\n<meta name=\"robots\" content=\"index, follow, max-snippet:-1, max-image-preview:large, max-video-preview:-1\" \/>\n<link rel=\"canonical\" href=\"https:\/\/exparto.pl\/sk\/produkt\/manometr-suchy-fi-63-m12x15-dol-0-16-bar\/\" \/>\n<meta property=\"og:locale\" content=\"sk_SK\" \/>\n<meta property=\"og:type\" content=\"article\" \/>\n<meta property=\"og:title\" content=\"Such\u00fd manometer fi 63 M12x1,5 DOWN 0-16 Bar - Exparto.pl\" \/>\n<meta property=\"og:description\" content=\"Tlakomery s\u00fa zariadenia, ktor\u00e9 sa pou\u017e\u00edvaj\u00fa na meranie tlaku v plynov\u00fdch a kvapaln\u00fdch syst\u00e9moch. Ich \u00fa\u010delom je indikova\u0165 rozdiel medzi vn\u00fatorn\u00fdm a vonkaj\u0161\u00edm (atmosf\u00e9rick\u00fdm) tlakom testovan\u00e9ho syst\u00e9mu.\" \/>\n<meta property=\"og:url\" content=\"https:\/\/exparto.pl\/sk\/produkt\/manometr-suchy-fi-63-m12x15-dol-0-16-bar\/\" \/>\n<meta property=\"og:site_name\" content=\"Exparto.pl\" \/>\n<meta property=\"article:publisher\" content=\"https:\/\/www.facebook.com\/exparto.agro\/\" \/>\n<meta property=\"og:image\" content=\"https:\/\/exparto.pl\/wp-content\/uploads\/2023\/03\/c9d96634a47fea94f9da961d017081a8.jpg\" \/>\n\t<meta property=\"og:image:width\" content=\"1000\" \/>\n\t<meta property=\"og:image:height\" content=\"1000\" \/>\n\t<meta property=\"og:image:type\" content=\"image\/jpeg\" \/>\n<meta name=\"twitter:card\" content=\"summary_large_image\" \/>\n<meta name=\"twitter:label1\" content=\"Predpokladan\u00fd \u010das \u010d\u00edtania\" \/>\n\t<meta name=\"twitter:data1\" content=\"1 min\u00fata\" \/>\n<script type=\"application\/ld+json\" class=\"yoast-schema-graph\">{\"@context\":\"https:\/\/schema.org\",\"@graph\":[{\"@type\":\"WebPage\",\"@id\":\"https:\/\/exparto.pl\/sk\/produkt\/manometr-suchy-fi-63-m12x15-dol-0-16-bar\/\",\"url\":\"https:\/\/exparto.pl\/sk\/produkt\/manometr-suchy-fi-63-m12x15-dol-0-16-bar\/\",\"name\":\"Such\u00fd manometer fi 63 M12x1,5 DOWN 0-16 Bar - Exparto.pl\",\"isPartOf\":{\"@id\":\"https:\/\/exparto.pl\/sk\/#website\"},\"primaryImageOfPage\":{\"@id\":\"https:\/\/exparto.pl\/sk\/produkt\/manometr-suchy-fi-63-m12x15-dol-0-16-bar\/#primaryimage\"},\"image\":{\"@id\":\"https:\/\/exparto.pl\/sk\/produkt\/manometr-suchy-fi-63-m12x15-dol-0-16-bar\/#primaryimage\"},\"thumbnailUrl\":\"https:\/\/exparto.pl\/wp-content\/uploads\/2023\/03\/c9d96634a47fea94f9da961d017081a8.jpg\",\"datePublished\":\"2023-03-02T12:00:46+00:00\",\"breadcrumb\":{\"@id\":\"https:\/\/exparto.pl\/sk\/produkt\/manometr-suchy-fi-63-m12x15-dol-0-16-bar\/#breadcrumb\"},\"inLanguage\":\"sk-SK\",\"potentialAction\":[{\"@type\":\"ReadAction\",\"target\":[\"https:\/\/exparto.pl\/sk\/produkt\/manometr-suchy-fi-63-m12x15-dol-0-16-bar\/\"]}]},{\"@type\":\"ImageObject\",\"inLanguage\":\"sk-SK\",\"@id\":\"https:\/\/exparto.pl\/sk\/produkt\/manometr-suchy-fi-63-m12x15-dol-0-16-bar\/#primaryimage\",\"url\":\"https:\/\/exparto.pl\/wp-content\/uploads\/2023\/03\/c9d96634a47fea94f9da961d017081a8.jpg\",\"contentUrl\":\"https:\/\/exparto.pl\/wp-content\/uploads\/2023\/03\/c9d96634a47fea94f9da961d017081a8.jpg\",\"width\":1000,\"height\":1000},{\"@type\":\"BreadcrumbList\",\"@id\":\"https:\/\/exparto.pl\/sk\/produkt\/manometr-suchy-fi-63-m12x15-dol-0-16-bar\/#breadcrumb\",\"itemListElement\":[{\"@type\":\"ListItem\",\"position\":1,\"name\":\"Domovsk\u00e1 str\u00e1nka\",\"item\":\"https:\/\/exparto.pl\/sk\/domovska-stranka\/\"},{\"@type\":\"ListItem\",\"position\":2,\"name\":\"Sklep\",\"item\":\"https:\/\/exparto.pl\/sklep\/\"},{\"@type\":\"ListItem\",\"position\":3,\"name\":\"Tlakomery\",\"item\":\"https:\/\/exparto.pl\/sk\/kategoria-produktov\/nahradne-diely-pre-postrekovace\/tlakomery\/\"},{\"@type\":\"ListItem\",\"position\":4,\"name\":\"Such\u00fd manometer fi 63 M12x1,5 DOWN 0-16 Bar\"}]},{\"@type\":\"WebSite\",\"@id\":\"https:\/\/exparto.pl\/sk\/#website\",\"url\":\"https:\/\/exparto.pl\/sk\/\",\"name\":\"EXPARTO\",\"description\":\"More than agro parts\",\"publisher\":{\"@id\":\"https:\/\/exparto.pl\/sk\/#organization\"},\"potentialAction\":[{\"@type\":\"SearchAction\",\"target\":{\"@type\":\"EntryPoint\",\"urlTemplate\":\"https:\/\/exparto.pl\/sk\/?s={search_term_string}\"},\"query-input\":{\"@type\":\"PropertyValueSpecification\",\"valueRequired\":true,\"valueName\":\"search_term_string\"}}],\"inLanguage\":\"sk-SK\"},{\"@type\":\"Organization\",\"@id\":\"https:\/\/exparto.pl\/sk\/#organization\",\"name\":\"EXPARTO\",\"url\":\"https:\/\/exparto.pl\/sk\/\",\"logo\":{\"@type\":\"ImageObject\",\"inLanguage\":\"sk-SK\",\"@id\":\"https:\/\/exparto.pl\/sk\/#\/schema\/logo\/image\/\",\"url\":\"https:\/\/exparto.pl\/wp-content\/uploads\/2023\/02\/logo-wektor.png\",\"contentUrl\":\"https:\/\/exparto.pl\/wp-content\/uploads\/2023\/02\/logo-wektor.png\",\"width\":1338,\"height\":143,\"caption\":\"EXPARTO\"},\"image\":{\"@id\":\"https:\/\/exparto.pl\/sk\/#\/schema\/logo\/image\/\"},\"sameAs\":[\"https:\/\/www.facebook.com\/exparto.agro\/\"]}]}<\/script>\n<!-- \/ Yoast SEO plugin. -->","yoast_head_json":{"title":"Such\u00fd manometer fi 63 M12x1,5 DOWN 0-16 Bar - Exparto.pl","robots":{"index":"index","follow":"follow","max-snippet":"max-snippet:-1","max-image-preview":"max-image-preview:large","max-video-preview":"max-video-preview:-1"},"canonical":"https:\/\/exparto.pl\/sk\/produkt\/manometr-suchy-fi-63-m12x15-dol-0-16-bar\/","og_locale":"sk_SK","og_type":"article","og_title":"Such\u00fd manometer fi 63 M12x1,5 DOWN 0-16 Bar - Exparto.pl","og_description":"Tlakomery s\u00fa zariadenia, ktor\u00e9 sa pou\u017e\u00edvaj\u00fa na meranie tlaku v plynov\u00fdch a kvapaln\u00fdch syst\u00e9moch. Ich \u00fa\u010delom je indikova\u0165 rozdiel medzi vn\u00fatorn\u00fdm a vonkaj\u0161\u00edm (atmosf\u00e9rick\u00fdm) tlakom testovan\u00e9ho syst\u00e9mu.","og_url":"https:\/\/exparto.pl\/sk\/produkt\/manometr-suchy-fi-63-m12x15-dol-0-16-bar\/","og_site_name":"Exparto.pl","article_publisher":"https:\/\/www.facebook.com\/exparto.agro\/","og_image":[{"width":1000,"height":1000,"url":"https:\/\/exparto.pl\/wp-content\/uploads\/2023\/03\/c9d96634a47fea94f9da961d017081a8.jpg","type":"image\/jpeg"}],"twitter_card":"summary_large_image","twitter_misc":{"Predpokladan\u00fd \u010das \u010d\u00edtania":"1 min\u00fata"},"schema":{"@context":"https:\/\/schema.org","@graph":[{"@type":"WebPage","@id":"https:\/\/exparto.pl\/sk\/produkt\/manometr-suchy-fi-63-m12x15-dol-0-16-bar\/","url":"https:\/\/exparto.pl\/sk\/produkt\/manometr-suchy-fi-63-m12x15-dol-0-16-bar\/","name":"Such\u00fd manometer fi 63 M12x1,5 DOWN 0-16 Bar - Exparto.pl","isPartOf":{"@id":"https:\/\/exparto.pl\/sk\/#website"},"primaryImageOfPage":{"@id":"https:\/\/exparto.pl\/sk\/produkt\/manometr-suchy-fi-63-m12x15-dol-0-16-bar\/#primaryimage"},"image":{"@id":"https:\/\/exparto.pl\/sk\/produkt\/manometr-suchy-fi-63-m12x15-dol-0-16-bar\/#primaryimage"},"thumbnailUrl":"https:\/\/exparto.pl\/wp-content\/uploads\/2023\/03\/c9d96634a47fea94f9da961d017081a8.jpg","datePublished":"2023-03-02T12:00:46+00:00","breadcrumb":{"@id":"https:\/\/exparto.pl\/sk\/produkt\/manometr-suchy-fi-63-m12x15-dol-0-16-bar\/#breadcrumb"},"inLanguage":"sk-SK","potentialAction":[{"@type":"ReadAction","target":["https:\/\/exparto.pl\/sk\/produkt\/manometr-suchy-fi-63-m12x15-dol-0-16-bar\/"]}]},{"@type":"ImageObject","inLanguage":"sk-SK","@id":"https:\/\/exparto.pl\/sk\/produkt\/manometr-suchy-fi-63-m12x15-dol-0-16-bar\/#primaryimage","url":"https:\/\/exparto.pl\/wp-content\/uploads\/2023\/03\/c9d96634a47fea94f9da961d017081a8.jpg","contentUrl":"https:\/\/exparto.pl\/wp-content\/uploads\/2023\/03\/c9d96634a47fea94f9da961d017081a8.jpg","width":1000,"height":1000},{"@type":"BreadcrumbList","@id":"https:\/\/exparto.pl\/sk\/produkt\/manometr-suchy-fi-63-m12x15-dol-0-16-bar\/#breadcrumb","itemListElement":[{"@type":"ListItem","position":1,"name":"Domovsk\u00e1 str\u00e1nka","item":"https:\/\/exparto.pl\/sk\/domovska-stranka\/"},{"@type":"ListItem","position":2,"name":"Sklep","item":"https:\/\/exparto.pl\/sklep\/"},{"@type":"ListItem","position":3,"name":"Tlakomery","item":"https:\/\/exparto.pl\/sk\/kategoria-produktov\/nahradne-diely-pre-postrekovace\/tlakomery\/"},{"@type":"ListItem","position":4,"name":"Such\u00fd manometer fi 63 M12x1,5 DOWN 0-16 Bar"}]},{"@type":"WebSite","@id":"https:\/\/exparto.pl\/sk\/#website","url":"https:\/\/exparto.pl\/sk\/","name":"EXPARTO","description":"More than agro parts","publisher":{"@id":"https:\/\/exparto.pl\/sk\/#organization"},"potentialAction":[{"@type":"SearchAction","target":{"@type":"EntryPoint","urlTemplate":"https:\/\/exparto.pl\/sk\/?s={search_term_string}"},"query-input":{"@type":"PropertyValueSpecification","valueRequired":true,"valueName":"search_term_string"}}],"inLanguage":"sk-SK"},{"@type":"Organization","@id":"https:\/\/exparto.pl\/sk\/#organization","name":"EXPARTO","url":"https:\/\/exparto.pl\/sk\/","logo":{"@type":"ImageObject","inLanguage":"sk-SK","@id":"https:\/\/exparto.pl\/sk\/#\/schema\/logo\/image\/","url":"https:\/\/exparto.pl\/wp-content\/uploads\/2023\/02\/logo-wektor.png","contentUrl":"https:\/\/exparto.pl\/wp-content\/uploads\/2023\/02\/logo-wektor.png","width":1338,"height":143,"caption":"EXPARTO"},"image":{"@id":"https:\/\/exparto.pl\/sk\/#\/schema\/logo\/image\/"},"sameAs":["https:\/\/www.facebook.com\/exparto.agro\/"]}]}},"_links":{"self":[{"href":"https:\/\/exparto.pl\/sk\/wp-json\/wp\/v2\/product\/13453","targetHints":{"allow":["GET"]}}],"collection":[{"href":"https:\/\/exparto.pl\/sk\/wp-json\/wp\/v2\/product"}],"about":[{"href":"https:\/\/exparto.pl\/sk\/wp-json\/wp\/v2\/types\/product"}],"replies":[{"embeddable":true,"href":"https:\/\/exparto.pl\/sk\/wp-json\/wp\/v2\/comments?post=13453"}],"wp:featuredmedia":[{"embeddable":true,"href":"https:\/\/exparto.pl\/sk\/wp-json\/wp\/v2\/media\/4910"}],"wp:attachment":[{"href":"https:\/\/exparto.pl\/sk\/wp-json\/wp\/v2\/media?parent=13453"}],"wp:term":[{"taxonomy":"product_brand","embeddable":true,"href":"https:\/\/exparto.pl\/sk\/wp-json\/wp\/v2\/product_brand?post=13453"},{"taxonomy":"product_cat","embeddable":true,"href":"https:\/\/exparto.pl\/sk\/wp-json\/wp\/v2\/product_cat?post=13453"},{"taxonomy":"product_tag","embeddable":true,"href":"https:\/\/exparto.pl\/sk\/wp-json\/wp\/v2\/product_tag?post=13453"}],"curies":[{"name":"wp","href":"https:\/\/api.w.org\/{rel}","templated":true}]}}