{"id":13482,"date":"2023-03-02T11:37:32","date_gmt":"2023-03-02T10:37:32","guid":{"rendered":"https:\/\/exparto.pl\/produkt\/vidlica-2a-100x40x1200\/"},"modified":"2023-03-02T11:37:32","modified_gmt":"2023-03-02T10:37:32","slug":"vidlica-2a-100x40x1200","status":"publish","type":"product","link":"https:\/\/exparto.pl\/sk\/produkt\/vidlica-2a-100x40x1200\/","title":{"rendered":"Vidlica 2A 100x40x1200"},"content":{"rendered":"<p style=\"text-align: justify\">S odvolan\u00edm sa na sp\u00e4tn\u00fa v\u00e4zbu od na\u0161ich z\u00e1kazn\u00edkov poskytuje <strong>spolo\u010dnos\u0165 Exparto<\/strong> vidlice s najlep\u0161\u00edm pomerom ceny a kvality. Pre\u010do tak\u00fdto n\u00e1zor?<\/p>\n<p style=\"text-align: justify\"><strong>Vidlice EXPARTO<\/strong> s\u00fa vybaven\u00e9 takzvanou <strong>P\u00e4ticou<\/strong>, \u010do je prvok pren\u00e1\u0161aj\u00faci najvy\u0161\u0161ie za\u0165a\u017eenie. Po\u010das procesu oh\u00fdbania sa polomer vidlice zv\u00e4\u010d\u0161\u00ed, t. j. p\u00e4ta. \u010eal\u0161ie zv\u00e1ran\u00e9 komponenty sa vyr\u00e1baj\u00fa kovan\u00edm. V\u00fdsledkom s\u00fa vidly s ove\u013ea v\u00e4\u010d\u0161ou pevnos\u0165ou, ne\u017e vy\u017eaduje bezpe\u010dnostn\u00e1 norma.<\/p>\n<p style=\"text-align: justify\"><strong>NIE JE MO\u017dN\u00c9 ICH ZLO\u017dI\u0164.<\/strong>  Vidlice EXPARTO sa opotreb\u00favaj\u00fa najpomal\u0161ie zo v\u0161etk\u00fdch vidl\u00edc pon\u00fakan\u00fdch na po\u013eskom trhu. Dlh\u00e1 \u017eivotnos\u0165 je mo\u017en\u00e1 v\u010faka pou\u017eitiu met\u00f3dy kovan\u00fdch no\u017eov namiesto fr\u00e9zovania. To znamen\u00e1, \u017ee vidlica EXPARTO m\u00e1 ove\u013ea viac materi\u00e1lu s nepreru\u0161enou metalografickou \u0161trukt\u00farou.<\/p>\n<p style=\"text-align: justify\"><strong>OPTIM\u00c1LNA<\/strong> <strong>PEVNOS\u0164<\/strong> A <strong>PRU\u017dNOS\u0164<\/strong>. \u00darove\u0148 stvrdnutia meriame na nieko\u013ek\u00fdch miestach ka\u017edej vidlice.<\/p>\n<p style=\"text-align: justify\">Ka\u017ed\u00fa s\u00e9riu meriame, aby sme zabezpe\u010dili, \u017ee na\u0161e vidlice dokonale zapadn\u00fa do prepravn\u00fdch r\u00e1mov pon\u00fakan\u00fdch spolo\u010dnos\u0165ou Exparto, ako aj in\u00fdmi zn\u00e1mymi v\u00fdrobcami.<\/p>\n<p style=\"text-align: justify\">Sme jedn\u00fdm z m\u00e1la dod\u00e1vate\u013eov, ktor\u00ed vykon\u00e1vaj\u00fa metalografick\u00fa kontrolu po procese tepeln\u00e9ho spracovania prepravn\u00fdch vidl\u00edc Exparto. Ide o preuk\u00e1zanie, \u017ee bola pou\u017eit\u00e1 optim\u00e1lna teplota kalenia. Pri pr\u00edli\u0161 vysokej teplote s\u00edce tvrdos\u0165 zodpoved\u00e1 po\u017eiadavk\u00e1m, ale hrub\u00e1 \u0161trukt\u00fara sp\u00f4sobuje praskanie a pred\u010dasn\u00e9 opotrebovanie vidlice.<\/p>\n<p style=\"text-align: justify\">Kontrolujeme chemick\u00e9 zlo\u017eenie materi\u00e1lu, aby sme sa uistili, \u017ee s\u00fa vyroben\u00e9 zo \u0161peci\u00e1lne vybranej triedy pru\u017einovej ocele.<\/p>\n<p style=\"text-align: justify\">Ochrann\u00e1 povrchov\u00e1 \u00faprava zaru\u010duje, \u017ee vidlice Exparto bud\u00fa vyzera\u0165 dobre dlh\u00e9 roky.<\/p>\n<p style=\"text-align: justify\">Vidlice EXPARTO sa \u00faspe\u0161ne pou\u017e\u00edvaj\u00fa na \u010deln\u00fdch naklada\u010doch, teleskopick\u00fdch naklada\u010doch, vysokozdvi\u017en\u00fdch voz\u00edkoch<\/p>\n<p style=\"text-align: justify\"><strong>Po\u013enohospod\u00e1rske a prepravn\u00e9<\/strong> vidly EXPARTO s\u00fa kompatibiln\u00e9 s pr\u00eddavn\u00fdmi zariadeniami pre \u010deln\u00e9 naklada\u010de, teleskopick\u00e9 naklada\u010de a vysokozdvi\u017en\u00e9 voz\u00edky, ktor\u00e9 vyr\u00e1baj\u00fa:<\/p>\n<p style=\"text-align: justify\">Agromasz, Hydramet, Inter Tech, Metal-Fach, Metaltechnik, MX, New Holland, Quick, Stol, Toyota Stell, Volant alebo Zetor<\/p>\n","protected":false},"excerpt":{"rendered":"<p style=\"text-align: justify\">Vidlice EXPARTO s\u00fa vybaven\u00e9 tzv. P\u00e4ta, ktor\u00e1 je prvkom, ktor\u00fd nesie najv\u00e4\u010d\u0161ie za\u0165a\u017eenie. Po\u010das procesu oh\u00fdbania sa polomer vidlice zv\u00e4\u010d\u0161\u00ed, t. j. p\u00e4ta.<\/p>\n","protected":false},"featured_media":4842,"comment_status":"open","ping_status":"closed","template":"","meta":{"_acf_changed":false,"inline_featured_image":false},"product_brand":[],"product_cat":[608],"product_tag":[],"class_list":{"0":"post-13482","1":"product","2":"type-product","3":"status-publish","4":"has-post-thumbnail","6":"product_cat-vidlice-nosne-ramy","8":"first","9":"instock","10":"taxable","11":"shipping-taxable","12":"purchasable","13":"product-type-simple"},"acf":[],"yoast_head":"<!-- This site is optimized with the Yoast SEO plugin v27.4 - https:\/\/yoast.com\/product\/yoast-seo-wordpress\/ -->\n<title>Vidlica 2A 100x40x1200 - Exparto.pl<\/title>\n<meta name=\"robots\" content=\"index, follow, max-snippet:-1, max-image-preview:large, max-video-preview:-1\" \/>\n<link rel=\"canonical\" href=\"https:\/\/exparto.pl\/sk\/produkt\/vidlica-2a-100x40x1200\/\" \/>\n<meta property=\"og:locale\" content=\"sk_SK\" \/>\n<meta property=\"og:type\" content=\"article\" \/>\n<meta property=\"og:title\" content=\"Vidlica 2A 100x40x1200 - Exparto.pl\" \/>\n<meta property=\"og:description\" content=\"Vidlice EXPARTO s\u00fa vybaven\u00e9 tzv. P\u00e4ta, ktor\u00e1 je prvkom, ktor\u00fd nesie najv\u00e4\u010d\u0161ie za\u0165a\u017eenie. Po\u010das procesu oh\u00fdbania sa polomer vidlice zv\u00e4\u010d\u0161\u00ed, t. j. p\u00e4ta.\" \/>\n<meta property=\"og:url\" content=\"https:\/\/exparto.pl\/sk\/produkt\/vidlica-2a-100x40x1200\/\" \/>\n<meta property=\"og:site_name\" content=\"Exparto.pl\" \/>\n<meta property=\"article:publisher\" content=\"https:\/\/www.facebook.com\/exparto.agro\/\" \/>\n<meta property=\"og:image\" content=\"https:\/\/exparto.pl\/wp-content\/uploads\/2023\/03\/2ce2d38fc7743ab45a58faf9a1e45bd5.jpg\" \/>\n\t<meta property=\"og:image:width\" content=\"1000\" \/>\n\t<meta property=\"og:image:height\" content=\"1000\" \/>\n\t<meta property=\"og:image:type\" content=\"image\/jpeg\" \/>\n<meta name=\"twitter:card\" content=\"summary_large_image\" \/>\n<meta name=\"twitter:label1\" content=\"Predpokladan\u00fd \u010das \u010d\u00edtania\" \/>\n\t<meta name=\"twitter:data1\" content=\"2 min\u00faty\" \/>\n<script type=\"application\/ld+json\" class=\"yoast-schema-graph\">{\"@context\":\"https:\\\/\\\/schema.org\",\"@graph\":[{\"@type\":\"WebPage\",\"@id\":\"https:\\\/\\\/exparto.pl\\\/sk\\\/produkt\\\/vidlica-2a-100x40x1200\\\/\",\"url\":\"https:\\\/\\\/exparto.pl\\\/sk\\\/produkt\\\/vidlica-2a-100x40x1200\\\/\",\"name\":\"Vidlica 2A 100x40x1200 - Exparto.pl\",\"isPartOf\":{\"@id\":\"https:\\\/\\\/exparto.pl\\\/sk\\\/#website\"},\"primaryImageOfPage\":{\"@id\":\"https:\\\/\\\/exparto.pl\\\/sk\\\/produkt\\\/vidlica-2a-100x40x1200\\\/#primaryimage\"},\"image\":{\"@id\":\"https:\\\/\\\/exparto.pl\\\/sk\\\/produkt\\\/vidlica-2a-100x40x1200\\\/#primaryimage\"},\"thumbnailUrl\":\"https:\\\/\\\/exparto.pl\\\/wp-content\\\/uploads\\\/2023\\\/03\\\/2ce2d38fc7743ab45a58faf9a1e45bd5.jpg\",\"datePublished\":\"2023-03-02T10:37:32+00:00\",\"breadcrumb\":{\"@id\":\"https:\\\/\\\/exparto.pl\\\/sk\\\/produkt\\\/vidlica-2a-100x40x1200\\\/#breadcrumb\"},\"inLanguage\":\"sk-SK\",\"potentialAction\":[{\"@type\":\"ReadAction\",\"target\":[\"https:\\\/\\\/exparto.pl\\\/sk\\\/produkt\\\/vidlica-2a-100x40x1200\\\/\"]}]},{\"@type\":\"ImageObject\",\"inLanguage\":\"sk-SK\",\"@id\":\"https:\\\/\\\/exparto.pl\\\/sk\\\/produkt\\\/vidlica-2a-100x40x1200\\\/#primaryimage\",\"url\":\"https:\\\/\\\/exparto.pl\\\/wp-content\\\/uploads\\\/2023\\\/03\\\/2ce2d38fc7743ab45a58faf9a1e45bd5.jpg\",\"contentUrl\":\"https:\\\/\\\/exparto.pl\\\/wp-content\\\/uploads\\\/2023\\\/03\\\/2ce2d38fc7743ab45a58faf9a1e45bd5.jpg\",\"width\":1000,\"height\":1000},{\"@type\":\"BreadcrumbList\",\"@id\":\"https:\\\/\\\/exparto.pl\\\/sk\\\/produkt\\\/vidlica-2a-100x40x1200\\\/#breadcrumb\",\"itemListElement\":[{\"@type\":\"ListItem\",\"position\":1,\"name\":\"Domovsk\u00e1 str\u00e1nka\",\"item\":\"https:\\\/\\\/exparto.pl\\\/sk\\\/domovska-stranka\\\/\"},{\"@type\":\"ListItem\",\"position\":2,\"name\":\"Sklep\",\"item\":\"https:\\\/\\\/exparto.pl\\\/sklep\\\/\"},{\"@type\":\"ListItem\",\"position\":3,\"name\":\"Vidlice, nosn\u00e9 r\u00e1my\",\"item\":\"https:\\\/\\\/exparto.pl\\\/sk\\\/kategoria-produktov\\\/nahradne-diely-pre-celne-nakladace\\\/vidlice-nosne-ramy\\\/\"},{\"@type\":\"ListItem\",\"position\":4,\"name\":\"Vidlica 2A 100x40x1200\"}]},{\"@type\":\"WebSite\",\"@id\":\"https:\\\/\\\/exparto.pl\\\/sk\\\/#website\",\"url\":\"https:\\\/\\\/exparto.pl\\\/sk\\\/\",\"name\":\"EXPARTO\",\"description\":\"More than agro parts\",\"publisher\":{\"@id\":\"https:\\\/\\\/exparto.pl\\\/sk\\\/#organization\"},\"potentialAction\":[{\"@type\":\"SearchAction\",\"target\":{\"@type\":\"EntryPoint\",\"urlTemplate\":\"https:\\\/\\\/exparto.pl\\\/sk\\\/?s={search_term_string}\"},\"query-input\":{\"@type\":\"PropertyValueSpecification\",\"valueRequired\":true,\"valueName\":\"search_term_string\"}}],\"inLanguage\":\"sk-SK\"},{\"@type\":\"Organization\",\"@id\":\"https:\\\/\\\/exparto.pl\\\/sk\\\/#organization\",\"name\":\"EXPARTO\",\"url\":\"https:\\\/\\\/exparto.pl\\\/sk\\\/\",\"logo\":{\"@type\":\"ImageObject\",\"inLanguage\":\"sk-SK\",\"@id\":\"https:\\\/\\\/exparto.pl\\\/sk\\\/#\\\/schema\\\/logo\\\/image\\\/\",\"url\":\"https:\\\/\\\/exparto.pl\\\/wp-content\\\/uploads\\\/2023\\\/02\\\/logo-wektor.png\",\"contentUrl\":\"https:\\\/\\\/exparto.pl\\\/wp-content\\\/uploads\\\/2023\\\/02\\\/logo-wektor.png\",\"width\":1338,\"height\":143,\"caption\":\"EXPARTO\"},\"image\":{\"@id\":\"https:\\\/\\\/exparto.pl\\\/sk\\\/#\\\/schema\\\/logo\\\/image\\\/\"},\"sameAs\":[\"https:\\\/\\\/www.facebook.com\\\/exparto.agro\\\/\"]}]}<\/script>\n<!-- \/ Yoast SEO plugin. -->","yoast_head_json":{"title":"Vidlica 2A 100x40x1200 - Exparto.pl","robots":{"index":"index","follow":"follow","max-snippet":"max-snippet:-1","max-image-preview":"max-image-preview:large","max-video-preview":"max-video-preview:-1"},"canonical":"https:\/\/exparto.pl\/sk\/produkt\/vidlica-2a-100x40x1200\/","og_locale":"sk_SK","og_type":"article","og_title":"Vidlica 2A 100x40x1200 - Exparto.pl","og_description":"Vidlice EXPARTO s\u00fa vybaven\u00e9 tzv. P\u00e4ta, ktor\u00e1 je prvkom, ktor\u00fd nesie najv\u00e4\u010d\u0161ie za\u0165a\u017eenie. Po\u010das procesu oh\u00fdbania sa polomer vidlice zv\u00e4\u010d\u0161\u00ed, t. j. p\u00e4ta.","og_url":"https:\/\/exparto.pl\/sk\/produkt\/vidlica-2a-100x40x1200\/","og_site_name":"Exparto.pl","article_publisher":"https:\/\/www.facebook.com\/exparto.agro\/","og_image":[{"width":1000,"height":1000,"url":"https:\/\/exparto.pl\/wp-content\/uploads\/2023\/03\/2ce2d38fc7743ab45a58faf9a1e45bd5.jpg","type":"image\/jpeg"}],"twitter_card":"summary_large_image","twitter_misc":{"Predpokladan\u00fd \u010das \u010d\u00edtania":"2 min\u00faty"},"schema":{"@context":"https:\/\/schema.org","@graph":[{"@type":"WebPage","@id":"https:\/\/exparto.pl\/sk\/produkt\/vidlica-2a-100x40x1200\/","url":"https:\/\/exparto.pl\/sk\/produkt\/vidlica-2a-100x40x1200\/","name":"Vidlica 2A 100x40x1200 - Exparto.pl","isPartOf":{"@id":"https:\/\/exparto.pl\/sk\/#website"},"primaryImageOfPage":{"@id":"https:\/\/exparto.pl\/sk\/produkt\/vidlica-2a-100x40x1200\/#primaryimage"},"image":{"@id":"https:\/\/exparto.pl\/sk\/produkt\/vidlica-2a-100x40x1200\/#primaryimage"},"thumbnailUrl":"https:\/\/exparto.pl\/wp-content\/uploads\/2023\/03\/2ce2d38fc7743ab45a58faf9a1e45bd5.jpg","datePublished":"2023-03-02T10:37:32+00:00","breadcrumb":{"@id":"https:\/\/exparto.pl\/sk\/produkt\/vidlica-2a-100x40x1200\/#breadcrumb"},"inLanguage":"sk-SK","potentialAction":[{"@type":"ReadAction","target":["https:\/\/exparto.pl\/sk\/produkt\/vidlica-2a-100x40x1200\/"]}]},{"@type":"ImageObject","inLanguage":"sk-SK","@id":"https:\/\/exparto.pl\/sk\/produkt\/vidlica-2a-100x40x1200\/#primaryimage","url":"https:\/\/exparto.pl\/wp-content\/uploads\/2023\/03\/2ce2d38fc7743ab45a58faf9a1e45bd5.jpg","contentUrl":"https:\/\/exparto.pl\/wp-content\/uploads\/2023\/03\/2ce2d38fc7743ab45a58faf9a1e45bd5.jpg","width":1000,"height":1000},{"@type":"BreadcrumbList","@id":"https:\/\/exparto.pl\/sk\/produkt\/vidlica-2a-100x40x1200\/#breadcrumb","itemListElement":[{"@type":"ListItem","position":1,"name":"Domovsk\u00e1 str\u00e1nka","item":"https:\/\/exparto.pl\/sk\/domovska-stranka\/"},{"@type":"ListItem","position":2,"name":"Sklep","item":"https:\/\/exparto.pl\/sklep\/"},{"@type":"ListItem","position":3,"name":"Vidlice, nosn\u00e9 r\u00e1my","item":"https:\/\/exparto.pl\/sk\/kategoria-produktov\/nahradne-diely-pre-celne-nakladace\/vidlice-nosne-ramy\/"},{"@type":"ListItem","position":4,"name":"Vidlica 2A 100x40x1200"}]},{"@type":"WebSite","@id":"https:\/\/exparto.pl\/sk\/#website","url":"https:\/\/exparto.pl\/sk\/","name":"EXPARTO","description":"More than agro parts","publisher":{"@id":"https:\/\/exparto.pl\/sk\/#organization"},"potentialAction":[{"@type":"SearchAction","target":{"@type":"EntryPoint","urlTemplate":"https:\/\/exparto.pl\/sk\/?s={search_term_string}"},"query-input":{"@type":"PropertyValueSpecification","valueRequired":true,"valueName":"search_term_string"}}],"inLanguage":"sk-SK"},{"@type":"Organization","@id":"https:\/\/exparto.pl\/sk\/#organization","name":"EXPARTO","url":"https:\/\/exparto.pl\/sk\/","logo":{"@type":"ImageObject","inLanguage":"sk-SK","@id":"https:\/\/exparto.pl\/sk\/#\/schema\/logo\/image\/","url":"https:\/\/exparto.pl\/wp-content\/uploads\/2023\/02\/logo-wektor.png","contentUrl":"https:\/\/exparto.pl\/wp-content\/uploads\/2023\/02\/logo-wektor.png","width":1338,"height":143,"caption":"EXPARTO"},"image":{"@id":"https:\/\/exparto.pl\/sk\/#\/schema\/logo\/image\/"},"sameAs":["https:\/\/www.facebook.com\/exparto.agro\/"]}]}},"_links":{"self":[{"href":"https:\/\/exparto.pl\/sk\/wp-json\/wp\/v2\/product\/13482","targetHints":{"allow":["GET"]}}],"collection":[{"href":"https:\/\/exparto.pl\/sk\/wp-json\/wp\/v2\/product"}],"about":[{"href":"https:\/\/exparto.pl\/sk\/wp-json\/wp\/v2\/types\/product"}],"replies":[{"embeddable":true,"href":"https:\/\/exparto.pl\/sk\/wp-json\/wp\/v2\/comments?post=13482"}],"wp:featuredmedia":[{"embeddable":true,"href":"https:\/\/exparto.pl\/sk\/wp-json\/wp\/v2\/media\/4842"}],"wp:attachment":[{"href":"https:\/\/exparto.pl\/sk\/wp-json\/wp\/v2\/media?parent=13482"}],"wp:term":[{"taxonomy":"product_brand","embeddable":true,"href":"https:\/\/exparto.pl\/sk\/wp-json\/wp\/v2\/product_brand?post=13482"},{"taxonomy":"product_cat","embeddable":true,"href":"https:\/\/exparto.pl\/sk\/wp-json\/wp\/v2\/product_cat?post=13482"},{"taxonomy":"product_tag","embeddable":true,"href":"https:\/\/exparto.pl\/sk\/wp-json\/wp\/v2\/product_tag?post=13482"}],"curies":[{"name":"wp","href":"https:\/\/api.w.org\/{rel}","templated":true}]}}