{"id":13528,"date":"2023-03-02T09:50:58","date_gmt":"2023-03-02T08:50:58","guid":{"rendered":"https:\/\/exparto.pl\/produkt\/lozisko-6305\/"},"modified":"2023-03-02T09:50:58","modified_gmt":"2023-03-02T08:50:58","slug":"vos-6305","status":"publish","type":"product","link":"https:\/\/exparto.pl\/sk\/produkt\/vos-6305\/","title":{"rendered":"Lo\u017eisko 6305"},"content":{"rendered":"<p style=\"text-align: justify\"><span style=\"font-weight: 700 !important\">Lo\u017eisk\u00e1 Exparto<\/span> sa daj\u00fa namontova\u0165 do nov\u00fdch aj pou\u017eit\u00fdch strojov. M\u00e1me gu\u013e\u00f4\u010dkov\u00e9 lo\u017eisk\u00e1, ku\u017eel\u00edkov\u00e9 lo\u017eisk\u00e1, val\u010dekov\u00e9 lo\u017eisk\u00e1, s\u00fa\u010dkov\u00e9 lo\u017eisk\u00e1 a ihlov\u00e9 lo\u017eisk\u00e1.<\/p>\n<p style=\"text-align: justify\">Zariadenia pre: lisy, lisy na bal\u00edky, bali\u010dky, diskov\u00e9 kosa\u010dky, hrable, pokosov\u00e9 zbera\u010de<\/p>\n<p style=\"text-align: justify\"><span style=\"font-weight: 700 !important\">Po\u010das v\u00fdroby sa kontroluj\u00fa:<\/span><\/p>\n<ol style=\"text-align: justify\">\n<li><span style=\"font-weight: 700 !important\">Geometrick\u00e9 rozmery.  <\/span>Vonkaj\u0161ie, napr\u00edklad vonkaj\u0161\u00ed priemer gu\u013e\u00f4\u010dok, tvar dr\u00e1hy alebo klietky, meran\u00e9 pomocou \u0161peci\u00e1lneho \u010d\u00edslicovo riaden\u00e9ho meracieho stroja, meradiel a skenovac\u00edch mikroskopov; vn\u00fatorn\u00e9, napr\u00edklad vn\u00fatorn\u00fd priemer kr\u00fa\u017eku meran\u00fd pomocou CMM a kontroln\u00fdch a merac\u00edch n\u00e1strojov, t. j. meradla. dvojbodov\u00e9 a trojbodov\u00e9 meradl\u00e1, vn\u00fatorn\u00e9 mikrometre s presnos\u0165ou 0,001 mm<\/li>\n<li><span style=\"font-weight: 700 !important\">Tvrdos\u0165.  <\/span>Kalenie cel\u00e9ho obrobku po procese obr\u00e1bania zabezpe\u010duje rovnomern\u00fa, ve\u013emi vysok\u00fa tvrdos\u0165. Kontrola pr\u00edslu\u0161n\u00fdch hodn\u00f4t sa zabezpe\u010duje pomocou Vikersov\u00fdch a Rockwellov\u00fdch tvrdomerov.<\/li>\n<li><span style=\"font-weight: 700 !important\">Chemick\u00e9 zlo\u017eenie.  <\/span>Ani ten najlep\u0161ie vykonan\u00fd proces nezabezpe\u010d\u00ed 100 % kvalitu, ak vstupn\u00fd materi\u00e1l nie je kompatibiln\u00fd. Spolo\u010dnos\u0165 Exparto kontroluje chemick\u00e9 zlo\u017eenie u\u017e pri vstupe do z\u00e1vodu, aby sa zabezpe\u010dilo, \u017ee v\u0161etky n\u00e1sledn\u00e9 procesy prebehn\u00fa spr\u00e1vne.<\/li>\n<li><span style=\"font-weight: 700 !important\">Mikroskopick\u00e9 a metalografick\u00e9 sk\u00fa\u0161ky.  <\/span>Spolo\u010dnos\u0165 Exparto ako jeden z m\u00e1la dod\u00e1vate\u013eov vykon\u00e1va metalografick\u00fa kontrolu po procese kalenia pracovn\u00fdch \u010dast\u00ed lo\u017e\u00edsk. Sk\u00fa\u0161ka umo\u017e\u0148uje presk\u00fama\u0165 parametre tepeln\u00e9ho spracovania a ur\u010di\u0165 spr\u00e1vnos\u0165 tepeln\u00e9ho spracovania.<\/li>\n<\/ol>\n<p style=\"text-align: justify\">Vyrob\u00edme takmer ak\u00e9ko\u013evek lo\u017eisko v <span style=\"font-weight: 700 !important\">akejko\u013evek triede od P0 po P6<\/span>, z ak\u00e9hoko\u013evek typu materi\u00e1lu s mazivom pod\u013ea v\u00fdberu z\u00e1kazn\u00edka.<\/p>\n","protected":false},"excerpt":{"rendered":"<p style=\"text-align: justify\">Lo\u017eisk\u00e1 Exparto sa daj\u00fa namontova\u0165 do nov\u00fdch aj pou\u017eit\u00fdch strojov. M\u00e1me gu\u013e\u00f4\u010dkov\u00e9 lo\u017eisk\u00e1, ku\u017eel\u00edkov\u00e9 lo\u017eisk\u00e1, val\u010dekov\u00e9 lo\u017eisk\u00e1, s\u00fa\u010dkov\u00e9 lo\u017eisk\u00e1 a ihlov\u00e9 lo\u017eisk\u00e1.<\/p>\n<p style=\"text-align: justify\">\n","protected":false},"featured_media":4722,"comment_status":"open","ping_status":"closed","template":"","meta":{"_acf_changed":false,"inline_featured_image":false},"product_brand":[],"product_cat":[662],"product_tag":[],"class_list":{"0":"post-13528","1":"product","2":"type-product","3":"status-publish","4":"has-post-thumbnail","6":"product_cat-gulockove-loziska","8":"first","9":"instock","10":"taxable","11":"shipping-taxable","12":"purchasable","13":"product-type-simple"},"acf":[],"yoast_head":"<!-- This site is optimized with the Yoast SEO plugin v27.3 - https:\/\/yoast.com\/product\/yoast-seo-wordpress\/ -->\n<title>Lo\u017eisko 6305 - Exparto.pl<\/title>\n<meta name=\"robots\" content=\"index, follow, max-snippet:-1, max-image-preview:large, max-video-preview:-1\" \/>\n<link rel=\"canonical\" href=\"https:\/\/exparto.pl\/sk\/produkt\/vos-6305\/\" \/>\n<meta property=\"og:locale\" content=\"sk_SK\" \/>\n<meta property=\"og:type\" content=\"article\" \/>\n<meta property=\"og:title\" content=\"Lo\u017eisko 6305 - Exparto.pl\" \/>\n<meta property=\"og:description\" content=\"Lo\u017eisk\u00e1 Exparto sa daj\u00fa namontova\u0165 do nov\u00fdch aj pou\u017eit\u00fdch strojov. M\u00e1me gu\u013e\u00f4\u010dkov\u00e9 lo\u017eisk\u00e1, ku\u017eel\u00edkov\u00e9 lo\u017eisk\u00e1, val\u010dekov\u00e9 lo\u017eisk\u00e1, s\u00fa\u010dkov\u00e9 lo\u017eisk\u00e1 a ihlov\u00e9 lo\u017eisk\u00e1.\" \/>\n<meta property=\"og:url\" content=\"https:\/\/exparto.pl\/sk\/produkt\/vos-6305\/\" \/>\n<meta property=\"og:site_name\" content=\"Exparto.pl\" \/>\n<meta property=\"article:publisher\" content=\"https:\/\/www.facebook.com\/exparto.agro\/\" \/>\n<meta property=\"og:image\" content=\"https:\/\/exparto.pl\/wp-content\/uploads\/2023\/03\/a16cc6a27d5a250f18a5dd42a451846b.jpg\" \/>\n\t<meta property=\"og:image:width\" content=\"1000\" \/>\n\t<meta property=\"og:image:height\" content=\"1000\" \/>\n\t<meta property=\"og:image:type\" content=\"image\/jpeg\" \/>\n<meta name=\"twitter:card\" content=\"summary_large_image\" \/>\n<meta name=\"twitter:label1\" content=\"Predpokladan\u00fd \u010das \u010d\u00edtania\" \/>\n\t<meta name=\"twitter:data1\" content=\"1 min\u00fata\" \/>\n<script type=\"application\/ld+json\" class=\"yoast-schema-graph\">{\"@context\":\"https:\\\/\\\/schema.org\",\"@graph\":[{\"@type\":\"WebPage\",\"@id\":\"https:\\\/\\\/exparto.pl\\\/sk\\\/produkt\\\/vos-6305\\\/\",\"url\":\"https:\\\/\\\/exparto.pl\\\/sk\\\/produkt\\\/vos-6305\\\/\",\"name\":\"Lo\u017eisko 6305 - Exparto.pl\",\"isPartOf\":{\"@id\":\"https:\\\/\\\/exparto.pl\\\/sk\\\/#website\"},\"primaryImageOfPage\":{\"@id\":\"https:\\\/\\\/exparto.pl\\\/sk\\\/produkt\\\/vos-6305\\\/#primaryimage\"},\"image\":{\"@id\":\"https:\\\/\\\/exparto.pl\\\/sk\\\/produkt\\\/vos-6305\\\/#primaryimage\"},\"thumbnailUrl\":\"https:\\\/\\\/exparto.pl\\\/wp-content\\\/uploads\\\/2023\\\/03\\\/a16cc6a27d5a250f18a5dd42a451846b.jpg\",\"datePublished\":\"2023-03-02T08:50:58+00:00\",\"breadcrumb\":{\"@id\":\"https:\\\/\\\/exparto.pl\\\/sk\\\/produkt\\\/vos-6305\\\/#breadcrumb\"},\"inLanguage\":\"sk-SK\",\"potentialAction\":[{\"@type\":\"ReadAction\",\"target\":[\"https:\\\/\\\/exparto.pl\\\/sk\\\/produkt\\\/vos-6305\\\/\"]}]},{\"@type\":\"ImageObject\",\"inLanguage\":\"sk-SK\",\"@id\":\"https:\\\/\\\/exparto.pl\\\/sk\\\/produkt\\\/vos-6305\\\/#primaryimage\",\"url\":\"https:\\\/\\\/exparto.pl\\\/wp-content\\\/uploads\\\/2023\\\/03\\\/a16cc6a27d5a250f18a5dd42a451846b.jpg\",\"contentUrl\":\"https:\\\/\\\/exparto.pl\\\/wp-content\\\/uploads\\\/2023\\\/03\\\/a16cc6a27d5a250f18a5dd42a451846b.jpg\",\"width\":1000,\"height\":1000},{\"@type\":\"BreadcrumbList\",\"@id\":\"https:\\\/\\\/exparto.pl\\\/sk\\\/produkt\\\/vos-6305\\\/#breadcrumb\",\"itemListElement\":[{\"@type\":\"ListItem\",\"position\":1,\"name\":\"Domovsk\u00e1 str\u00e1nka\",\"item\":\"https:\\\/\\\/exparto.pl\\\/sk\\\/domovska-stranka\\\/\"},{\"@type\":\"ListItem\",\"position\":2,\"name\":\"Sklep\",\"item\":\"https:\\\/\\\/exparto.pl\\\/sklep\\\/\"},{\"@type\":\"ListItem\",\"position\":3,\"name\":\"Gu\u013e\u00f4\u010dkov\u00e9 lo\u017eisk\u00e1\",\"item\":\"https:\\\/\\\/exparto.pl\\\/sk\\\/kategoria-produktov\\\/standardizovane-vyrobky\\\/gulockove-loziska\\\/\"},{\"@type\":\"ListItem\",\"position\":4,\"name\":\"Lo\u017eisko 6305\"}]},{\"@type\":\"WebSite\",\"@id\":\"https:\\\/\\\/exparto.pl\\\/sk\\\/#website\",\"url\":\"https:\\\/\\\/exparto.pl\\\/sk\\\/\",\"name\":\"EXPARTO\",\"description\":\"More than agro parts\",\"publisher\":{\"@id\":\"https:\\\/\\\/exparto.pl\\\/sk\\\/#organization\"},\"potentialAction\":[{\"@type\":\"SearchAction\",\"target\":{\"@type\":\"EntryPoint\",\"urlTemplate\":\"https:\\\/\\\/exparto.pl\\\/sk\\\/?s={search_term_string}\"},\"query-input\":{\"@type\":\"PropertyValueSpecification\",\"valueRequired\":true,\"valueName\":\"search_term_string\"}}],\"inLanguage\":\"sk-SK\"},{\"@type\":\"Organization\",\"@id\":\"https:\\\/\\\/exparto.pl\\\/sk\\\/#organization\",\"name\":\"EXPARTO\",\"url\":\"https:\\\/\\\/exparto.pl\\\/sk\\\/\",\"logo\":{\"@type\":\"ImageObject\",\"inLanguage\":\"sk-SK\",\"@id\":\"https:\\\/\\\/exparto.pl\\\/sk\\\/#\\\/schema\\\/logo\\\/image\\\/\",\"url\":\"https:\\\/\\\/exparto.pl\\\/wp-content\\\/uploads\\\/2023\\\/02\\\/logo-wektor.png\",\"contentUrl\":\"https:\\\/\\\/exparto.pl\\\/wp-content\\\/uploads\\\/2023\\\/02\\\/logo-wektor.png\",\"width\":1338,\"height\":143,\"caption\":\"EXPARTO\"},\"image\":{\"@id\":\"https:\\\/\\\/exparto.pl\\\/sk\\\/#\\\/schema\\\/logo\\\/image\\\/\"},\"sameAs\":[\"https:\\\/\\\/www.facebook.com\\\/exparto.agro\\\/\"]}]}<\/script>\n<!-- \/ Yoast SEO plugin. -->","yoast_head_json":{"title":"Lo\u017eisko 6305 - Exparto.pl","robots":{"index":"index","follow":"follow","max-snippet":"max-snippet:-1","max-image-preview":"max-image-preview:large","max-video-preview":"max-video-preview:-1"},"canonical":"https:\/\/exparto.pl\/sk\/produkt\/vos-6305\/","og_locale":"sk_SK","og_type":"article","og_title":"Lo\u017eisko 6305 - Exparto.pl","og_description":"Lo\u017eisk\u00e1 Exparto sa daj\u00fa namontova\u0165 do nov\u00fdch aj pou\u017eit\u00fdch strojov. M\u00e1me gu\u013e\u00f4\u010dkov\u00e9 lo\u017eisk\u00e1, ku\u017eel\u00edkov\u00e9 lo\u017eisk\u00e1, val\u010dekov\u00e9 lo\u017eisk\u00e1, s\u00fa\u010dkov\u00e9 lo\u017eisk\u00e1 a ihlov\u00e9 lo\u017eisk\u00e1.","og_url":"https:\/\/exparto.pl\/sk\/produkt\/vos-6305\/","og_site_name":"Exparto.pl","article_publisher":"https:\/\/www.facebook.com\/exparto.agro\/","og_image":[{"width":1000,"height":1000,"url":"https:\/\/exparto.pl\/wp-content\/uploads\/2023\/03\/a16cc6a27d5a250f18a5dd42a451846b.jpg","type":"image\/jpeg"}],"twitter_card":"summary_large_image","twitter_misc":{"Predpokladan\u00fd \u010das \u010d\u00edtania":"1 min\u00fata"},"schema":{"@context":"https:\/\/schema.org","@graph":[{"@type":"WebPage","@id":"https:\/\/exparto.pl\/sk\/produkt\/vos-6305\/","url":"https:\/\/exparto.pl\/sk\/produkt\/vos-6305\/","name":"Lo\u017eisko 6305 - Exparto.pl","isPartOf":{"@id":"https:\/\/exparto.pl\/sk\/#website"},"primaryImageOfPage":{"@id":"https:\/\/exparto.pl\/sk\/produkt\/vos-6305\/#primaryimage"},"image":{"@id":"https:\/\/exparto.pl\/sk\/produkt\/vos-6305\/#primaryimage"},"thumbnailUrl":"https:\/\/exparto.pl\/wp-content\/uploads\/2023\/03\/a16cc6a27d5a250f18a5dd42a451846b.jpg","datePublished":"2023-03-02T08:50:58+00:00","breadcrumb":{"@id":"https:\/\/exparto.pl\/sk\/produkt\/vos-6305\/#breadcrumb"},"inLanguage":"sk-SK","potentialAction":[{"@type":"ReadAction","target":["https:\/\/exparto.pl\/sk\/produkt\/vos-6305\/"]}]},{"@type":"ImageObject","inLanguage":"sk-SK","@id":"https:\/\/exparto.pl\/sk\/produkt\/vos-6305\/#primaryimage","url":"https:\/\/exparto.pl\/wp-content\/uploads\/2023\/03\/a16cc6a27d5a250f18a5dd42a451846b.jpg","contentUrl":"https:\/\/exparto.pl\/wp-content\/uploads\/2023\/03\/a16cc6a27d5a250f18a5dd42a451846b.jpg","width":1000,"height":1000},{"@type":"BreadcrumbList","@id":"https:\/\/exparto.pl\/sk\/produkt\/vos-6305\/#breadcrumb","itemListElement":[{"@type":"ListItem","position":1,"name":"Domovsk\u00e1 str\u00e1nka","item":"https:\/\/exparto.pl\/sk\/domovska-stranka\/"},{"@type":"ListItem","position":2,"name":"Sklep","item":"https:\/\/exparto.pl\/sklep\/"},{"@type":"ListItem","position":3,"name":"Gu\u013e\u00f4\u010dkov\u00e9 lo\u017eisk\u00e1","item":"https:\/\/exparto.pl\/sk\/kategoria-produktov\/standardizovane-vyrobky\/gulockove-loziska\/"},{"@type":"ListItem","position":4,"name":"Lo\u017eisko 6305"}]},{"@type":"WebSite","@id":"https:\/\/exparto.pl\/sk\/#website","url":"https:\/\/exparto.pl\/sk\/","name":"EXPARTO","description":"More than agro parts","publisher":{"@id":"https:\/\/exparto.pl\/sk\/#organization"},"potentialAction":[{"@type":"SearchAction","target":{"@type":"EntryPoint","urlTemplate":"https:\/\/exparto.pl\/sk\/?s={search_term_string}"},"query-input":{"@type":"PropertyValueSpecification","valueRequired":true,"valueName":"search_term_string"}}],"inLanguage":"sk-SK"},{"@type":"Organization","@id":"https:\/\/exparto.pl\/sk\/#organization","name":"EXPARTO","url":"https:\/\/exparto.pl\/sk\/","logo":{"@type":"ImageObject","inLanguage":"sk-SK","@id":"https:\/\/exparto.pl\/sk\/#\/schema\/logo\/image\/","url":"https:\/\/exparto.pl\/wp-content\/uploads\/2023\/02\/logo-wektor.png","contentUrl":"https:\/\/exparto.pl\/wp-content\/uploads\/2023\/02\/logo-wektor.png","width":1338,"height":143,"caption":"EXPARTO"},"image":{"@id":"https:\/\/exparto.pl\/sk\/#\/schema\/logo\/image\/"},"sameAs":["https:\/\/www.facebook.com\/exparto.agro\/"]}]}},"_links":{"self":[{"href":"https:\/\/exparto.pl\/sk\/wp-json\/wp\/v2\/product\/13528","targetHints":{"allow":["GET"]}}],"collection":[{"href":"https:\/\/exparto.pl\/sk\/wp-json\/wp\/v2\/product"}],"about":[{"href":"https:\/\/exparto.pl\/sk\/wp-json\/wp\/v2\/types\/product"}],"replies":[{"embeddable":true,"href":"https:\/\/exparto.pl\/sk\/wp-json\/wp\/v2\/comments?post=13528"}],"wp:featuredmedia":[{"embeddable":true,"href":"https:\/\/exparto.pl\/sk\/wp-json\/wp\/v2\/media\/4722"}],"wp:attachment":[{"href":"https:\/\/exparto.pl\/sk\/wp-json\/wp\/v2\/media?parent=13528"}],"wp:term":[{"taxonomy":"product_brand","embeddable":true,"href":"https:\/\/exparto.pl\/sk\/wp-json\/wp\/v2\/product_brand?post=13528"},{"taxonomy":"product_cat","embeddable":true,"href":"https:\/\/exparto.pl\/sk\/wp-json\/wp\/v2\/product_cat?post=13528"},{"taxonomy":"product_tag","embeddable":true,"href":"https:\/\/exparto.pl\/sk\/wp-json\/wp\/v2\/product_tag?post=13528"}],"curies":[{"name":"wp","href":"https:\/\/api.w.org\/{rel}","templated":true}]}}