{"id":13581,"date":"2023-03-01T20:54:46","date_gmt":"2023-03-01T19:54:46","guid":{"rendered":"https:\/\/exparto.pl\/produkt\/teleskopicky-valec-st4-1300-8t\/"},"modified":"2023-03-01T19:54:46","modified_gmt":"2023-03-01T18:54:46","slug":"motor-cylinder-telescopic-st4-1300-8t","status":"publish","type":"product","link":"https:\/\/exparto.pl\/sk\/produkt\/motor-cylinder-telescopic-st4-1300-8t\/","title":{"rendered":"Teleskopick\u00fd valec ST4-1300 8T"},"content":{"rendered":"<p class=\"MsoNormal\" style=\"text-align: justify;\"><b>Teleskopick\u00e9 valce<\/b> s\u00fa osobitn\u00fdm typom <b>hydraulick\u00fdch valcov<\/b>. Zabezpe\u010duj\u00fa spr\u00e1vnu \u010dinnos\u0165 mechanizmu aj v t\u00fdch najn\u00e1ro\u010dnej\u0161\u00edch prev\u00e1dzkov\u00fdch podmienkach. S\u00fa schopn\u00e9 zdv\u00edha\u0165 naj\u0165a\u017e\u0161ie bremen\u00e1, preto\u017ee ich maxim\u00e1lny prev\u00e1dzkov\u00fd tlak sa pohybuje v rozmedz\u00ed 16-32 Mpa (160-320 barov).<\/p>\n<p class=\"MsoNormal\" style=\"text-align: justify;\">Teleskopick\u00e9 valce maj\u00fa v porovnan\u00ed so \u0161tandardn\u00fdmi hydraulick\u00fdmi motormi <b>v\u00e4\u010d\u0161\u00ed rozsah zdvihu<\/b> po\u010das prev\u00e1dzky valca. S\u00fa tie\u017e vybaven\u00e9 nieko\u013ek\u00fdmi <b>zabudovan\u00fdmi piestami,<\/b> ktor\u00e9 sa vys\u00favaj\u00fa po jednom &#8211; tak\u017ee vysunutie (tzv. pracovn\u00fd zdvih) je napriek ich kr\u00e1tkej d\u013a\u017eke ve\u013emi ve\u013ek\u00e9. S\u00fa tie\u017e jednostrann\u00e9, ako napr.<br \/>\nV tomto pr\u00edpade <b>p\u00f4sob\u00ed olej pod tlakom <\/b>z jednej strany, \u010do sp\u00f4sobuje vys\u00favanie jednotliv\u00fdch komponentov pohonu. R\u00f4zne <b>modely teleskopick\u00fdch pohonov <\/b>sa okrem in\u00e9ho l\u00ed\u0161ia. zdvihu, ako aj po\u010det valcov.<\/p>\n<p class=\"MsoNormal\" style=\"text-align: justify;\">Aby teleskopick\u00e9 valce <b>dlhodobo<\/b> v\u00fdborne fungovali, mali by by\u0165 vyroben\u00e9 z <b>vysokokvalitn\u00fdch<\/b> materi\u00e1lov, \u010do umo\u017en\u00ed dlh\u0161iu \u017eivotnos\u0165 cel\u00e9ho syst\u00e9mu. Je dobr\u00e9, ak s\u00fa dodato\u010dne natret\u00e9 <b>dvojvrstvov\u00fdm lakom<\/b>, ktor\u00fd ich dostato\u010dne chr\u00e1ni a z\u00e1rove\u0148 zaru\u010duje bezchybn\u00fd vzh\u013ead po mnoho rokov. Treba doda\u0165, \u017ee teleskopick\u00e9 valce sa pou\u017e\u00edvaj\u00fa najm\u00e4 pri <b>v\u00fdrobe po\u013enohospod\u00e1rskych pr\u00edvesov<\/b>. Vynikaj\u00fa v\u0161ak aj v <b>in\u00fdch odvetviach<\/b> vr\u00e1tane stavebn\u00edctva, ban\u00edctva, priemyseln\u00fdch a leteck\u00fdch strojov a dokonca aj v \u0161ir\u0161om dopravnom priemysle.<\/p>\n<p>Hod\u00ed sa na 3-strann\u00e9 skl\u00e1pacie pr\u00edvesy, ako s\u00fa:<\/p>\n<p>D47, PRONAR: T-117, T-169, T-654, T-655, T669, T669\/1 a mnoho \u010fal\u0161\u00edch.<\/p>\n","protected":false},"excerpt":{"rendered":"<p style=\"text-align: justify;\"><span style=\"color: inherit;\">Teleskopick\u00e9 valce<\/span> s\u00fa osobitn\u00fdm typom <span style=\"color: inherit;\">hydraulick\u00fdch valcov<\/span>. Zabezpe\u010duj\u00fa spr\u00e1vnu \u010dinnos\u0165 mechanizmu aj v t\u00fdch najn\u00e1ro\u010dnej\u0161\u00edch prev\u00e1dzkov\u00fdch podmienkach.<\/p>\n","protected":false},"featured_media":57881,"comment_status":"open","ping_status":"closed","template":"","meta":{"_acf_changed":false,"inline_featured_image":false},"product_brand":[920],"product_cat":[698,558],"product_tag":[],"class_list":{"0":"post-13581","1":"product","2":"type-product","3":"status-publish","4":"has-post-thumbnail","6":"product_brand-exparto","7":"product_cat-hydraulika","8":"product_cat-teleskopicke-valce","10":"first","11":"instock","12":"featured","13":"taxable","14":"shipping-taxable","15":"purchasable","16":"product-type-simple"},"acf":[],"yoast_head":"<!-- This site is optimized with the Yoast SEO plugin v27.4 - https:\/\/yoast.com\/product\/yoast-seo-wordpress\/ -->\n<title>Teleskopick\u00fd valec ST4-1300 8T - Exparto.pl<\/title>\n<meta name=\"robots\" content=\"index, follow, max-snippet:-1, max-image-preview:large, max-video-preview:-1\" \/>\n<link rel=\"canonical\" href=\"https:\/\/exparto.pl\/sk\/produkt\/motor-cylinder-telescopic-st4-1300-8t\/\" \/>\n<meta property=\"og:locale\" content=\"sk_SK\" \/>\n<meta property=\"og:type\" content=\"article\" \/>\n<meta property=\"og:title\" content=\"Teleskopick\u00fd valec ST4-1300 8T - Exparto.pl\" \/>\n<meta property=\"og:description\" content=\"Teleskopick\u00e9 valce s\u00fa osobitn\u00fdm typom hydraulick\u00fdch valcov. Zabezpe\u010duj\u00fa spr\u00e1vnu \u010dinnos\u0165 mechanizmu aj v t\u00fdch najn\u00e1ro\u010dnej\u0161\u00edch prev\u00e1dzkov\u00fdch podmienkach.\" \/>\n<meta property=\"og:url\" content=\"https:\/\/exparto.pl\/sk\/produkt\/motor-cylinder-telescopic-st4-1300-8t\/\" \/>\n<meta property=\"og:site_name\" content=\"Exparto.pl\" \/>\n<meta property=\"article:publisher\" content=\"https:\/\/www.facebook.com\/exparto.agro\/\" \/>\n<meta property=\"og:image\" content=\"https:\/\/exparto.pl\/wp-content\/uploads\/2023\/03\/425b5cbbb0b2266e82554200647bf899.jpg\" \/>\n\t<meta property=\"og:image:width\" content=\"1000\" \/>\n\t<meta property=\"og:image:height\" content=\"1000\" \/>\n\t<meta property=\"og:image:type\" content=\"image\/jpeg\" \/>\n<meta name=\"twitter:card\" content=\"summary_large_image\" \/>\n<meta name=\"twitter:label1\" content=\"Predpokladan\u00fd \u010das \u010d\u00edtania\" \/>\n\t<meta name=\"twitter:data1\" content=\"1 min\u00fata\" \/>\n<script type=\"application\/ld+json\" class=\"yoast-schema-graph\">{\"@context\":\"https:\\\/\\\/schema.org\",\"@graph\":[{\"@type\":\"WebPage\",\"@id\":\"https:\\\/\\\/exparto.pl\\\/sk\\\/produkt\\\/motor-cylinder-telescopic-st4-1300-8t\\\/\",\"url\":\"https:\\\/\\\/exparto.pl\\\/sk\\\/produkt\\\/motor-cylinder-telescopic-st4-1300-8t\\\/\",\"name\":\"Teleskopick\u00fd valec ST4-1300 8T - Exparto.pl\",\"isPartOf\":{\"@id\":\"https:\\\/\\\/exparto.pl\\\/sk\\\/#website\"},\"primaryImageOfPage\":{\"@id\":\"https:\\\/\\\/exparto.pl\\\/sk\\\/produkt\\\/motor-cylinder-telescopic-st4-1300-8t\\\/#primaryimage\"},\"image\":{\"@id\":\"https:\\\/\\\/exparto.pl\\\/sk\\\/produkt\\\/motor-cylinder-telescopic-st4-1300-8t\\\/#primaryimage\"},\"thumbnailUrl\":\"https:\\\/\\\/exparto.pl\\\/wp-content\\\/uploads\\\/2023\\\/03\\\/zdjecie3_padding_1000x1000.png\",\"datePublished\":\"2023-03-01T19:54:46+00:00\",\"breadcrumb\":{\"@id\":\"https:\\\/\\\/exparto.pl\\\/sk\\\/produkt\\\/motor-cylinder-telescopic-st4-1300-8t\\\/#breadcrumb\"},\"inLanguage\":\"sk-SK\",\"potentialAction\":[{\"@type\":\"ReadAction\",\"target\":[\"https:\\\/\\\/exparto.pl\\\/sk\\\/produkt\\\/motor-cylinder-telescopic-st4-1300-8t\\\/\"]}]},{\"@type\":\"ImageObject\",\"inLanguage\":\"sk-SK\",\"@id\":\"https:\\\/\\\/exparto.pl\\\/sk\\\/produkt\\\/motor-cylinder-telescopic-st4-1300-8t\\\/#primaryimage\",\"url\":\"https:\\\/\\\/exparto.pl\\\/wp-content\\\/uploads\\\/2023\\\/03\\\/zdjecie3_padding_1000x1000.png\",\"contentUrl\":\"https:\\\/\\\/exparto.pl\\\/wp-content\\\/uploads\\\/2023\\\/03\\\/zdjecie3_padding_1000x1000.png\",\"width\":1000,\"height\":1000},{\"@type\":\"BreadcrumbList\",\"@id\":\"https:\\\/\\\/exparto.pl\\\/sk\\\/produkt\\\/motor-cylinder-telescopic-st4-1300-8t\\\/#breadcrumb\",\"itemListElement\":[{\"@type\":\"ListItem\",\"position\":1,\"name\":\"Domovsk\u00e1 str\u00e1nka\",\"item\":\"https:\\\/\\\/exparto.pl\\\/sk\\\/domovska-stranka\\\/\"},{\"@type\":\"ListItem\",\"position\":2,\"name\":\"Sklep\",\"item\":\"https:\\\/\\\/exparto.pl\\\/sklep\\\/\"},{\"@type\":\"ListItem\",\"position\":3,\"name\":\"\u010casti pr\u00edvesu\",\"item\":\"https:\\\/\\\/exparto.pl\\\/sk\\\/kategoria-produktov\\\/casti-privesu\\\/\"},{\"@type\":\"ListItem\",\"position\":4,\"name\":\"Pasuj\u0105ce do przyczep\",\"item\":\"https:\\\/\\\/exparto.pl\\\/kategoria-produktu\\\/czesci-do-przyczep\\\/d-35-d-47-d-50\\\/\"},{\"@type\":\"ListItem\",\"position\":5,\"name\":\"Cz\u0119\u015bci do przyczepy D-47\",\"item\":\"https:\\\/\\\/exparto.pl\\\/kategoria-produktu\\\/czesci-do-przyczep\\\/d-35-d-47-d-50\\\/d-47\\\/\"},{\"@type\":\"ListItem\",\"position\":6,\"name\":\"Teleskopick\u00fd valec ST4-1300 8T\"}]},{\"@type\":\"WebSite\",\"@id\":\"https:\\\/\\\/exparto.pl\\\/sk\\\/#website\",\"url\":\"https:\\\/\\\/exparto.pl\\\/sk\\\/\",\"name\":\"EXPARTO\",\"description\":\"More than agro parts\",\"publisher\":{\"@id\":\"https:\\\/\\\/exparto.pl\\\/sk\\\/#organization\"},\"potentialAction\":[{\"@type\":\"SearchAction\",\"target\":{\"@type\":\"EntryPoint\",\"urlTemplate\":\"https:\\\/\\\/exparto.pl\\\/sk\\\/?s={search_term_string}\"},\"query-input\":{\"@type\":\"PropertyValueSpecification\",\"valueRequired\":true,\"valueName\":\"search_term_string\"}}],\"inLanguage\":\"sk-SK\"},{\"@type\":\"Organization\",\"@id\":\"https:\\\/\\\/exparto.pl\\\/sk\\\/#organization\",\"name\":\"EXPARTO\",\"url\":\"https:\\\/\\\/exparto.pl\\\/sk\\\/\",\"logo\":{\"@type\":\"ImageObject\",\"inLanguage\":\"sk-SK\",\"@id\":\"https:\\\/\\\/exparto.pl\\\/sk\\\/#\\\/schema\\\/logo\\\/image\\\/\",\"url\":\"https:\\\/\\\/exparto.pl\\\/wp-content\\\/uploads\\\/2023\\\/02\\\/logo-wektor.png\",\"contentUrl\":\"https:\\\/\\\/exparto.pl\\\/wp-content\\\/uploads\\\/2023\\\/02\\\/logo-wektor.png\",\"width\":1338,\"height\":143,\"caption\":\"EXPARTO\"},\"image\":{\"@id\":\"https:\\\/\\\/exparto.pl\\\/sk\\\/#\\\/schema\\\/logo\\\/image\\\/\"},\"sameAs\":[\"https:\\\/\\\/www.facebook.com\\\/exparto.agro\\\/\"]}]}<\/script>\n<!-- \/ Yoast SEO plugin. -->","yoast_head_json":{"title":"Teleskopick\u00fd valec ST4-1300 8T - Exparto.pl","robots":{"index":"index","follow":"follow","max-snippet":"max-snippet:-1","max-image-preview":"max-image-preview:large","max-video-preview":"max-video-preview:-1"},"canonical":"https:\/\/exparto.pl\/sk\/produkt\/motor-cylinder-telescopic-st4-1300-8t\/","og_locale":"sk_SK","og_type":"article","og_title":"Teleskopick\u00fd valec ST4-1300 8T - Exparto.pl","og_description":"Teleskopick\u00e9 valce s\u00fa osobitn\u00fdm typom hydraulick\u00fdch valcov. Zabezpe\u010duj\u00fa spr\u00e1vnu \u010dinnos\u0165 mechanizmu aj v t\u00fdch najn\u00e1ro\u010dnej\u0161\u00edch prev\u00e1dzkov\u00fdch podmienkach.","og_url":"https:\/\/exparto.pl\/sk\/produkt\/motor-cylinder-telescopic-st4-1300-8t\/","og_site_name":"Exparto.pl","article_publisher":"https:\/\/www.facebook.com\/exparto.agro\/","og_image":[{"width":1000,"height":1000,"url":"https:\/\/exparto.pl\/wp-content\/uploads\/2023\/03\/425b5cbbb0b2266e82554200647bf899.jpg","type":"image\/jpeg"}],"twitter_card":"summary_large_image","twitter_misc":{"Predpokladan\u00fd \u010das \u010d\u00edtania":"1 min\u00fata"},"schema":{"@context":"https:\/\/schema.org","@graph":[{"@type":"WebPage","@id":"https:\/\/exparto.pl\/sk\/produkt\/motor-cylinder-telescopic-st4-1300-8t\/","url":"https:\/\/exparto.pl\/sk\/produkt\/motor-cylinder-telescopic-st4-1300-8t\/","name":"Teleskopick\u00fd valec ST4-1300 8T - Exparto.pl","isPartOf":{"@id":"https:\/\/exparto.pl\/sk\/#website"},"primaryImageOfPage":{"@id":"https:\/\/exparto.pl\/sk\/produkt\/motor-cylinder-telescopic-st4-1300-8t\/#primaryimage"},"image":{"@id":"https:\/\/exparto.pl\/sk\/produkt\/motor-cylinder-telescopic-st4-1300-8t\/#primaryimage"},"thumbnailUrl":"https:\/\/exparto.pl\/wp-content\/uploads\/2023\/03\/zdjecie3_padding_1000x1000.png","datePublished":"2023-03-01T19:54:46+00:00","breadcrumb":{"@id":"https:\/\/exparto.pl\/sk\/produkt\/motor-cylinder-telescopic-st4-1300-8t\/#breadcrumb"},"inLanguage":"sk-SK","potentialAction":[{"@type":"ReadAction","target":["https:\/\/exparto.pl\/sk\/produkt\/motor-cylinder-telescopic-st4-1300-8t\/"]}]},{"@type":"ImageObject","inLanguage":"sk-SK","@id":"https:\/\/exparto.pl\/sk\/produkt\/motor-cylinder-telescopic-st4-1300-8t\/#primaryimage","url":"https:\/\/exparto.pl\/wp-content\/uploads\/2023\/03\/zdjecie3_padding_1000x1000.png","contentUrl":"https:\/\/exparto.pl\/wp-content\/uploads\/2023\/03\/zdjecie3_padding_1000x1000.png","width":1000,"height":1000},{"@type":"BreadcrumbList","@id":"https:\/\/exparto.pl\/sk\/produkt\/motor-cylinder-telescopic-st4-1300-8t\/#breadcrumb","itemListElement":[{"@type":"ListItem","position":1,"name":"Domovsk\u00e1 str\u00e1nka","item":"https:\/\/exparto.pl\/sk\/domovska-stranka\/"},{"@type":"ListItem","position":2,"name":"Sklep","item":"https:\/\/exparto.pl\/sklep\/"},{"@type":"ListItem","position":3,"name":"\u010casti pr\u00edvesu","item":"https:\/\/exparto.pl\/sk\/kategoria-produktov\/casti-privesu\/"},{"@type":"ListItem","position":4,"name":"Pasuj\u0105ce do przyczep","item":"https:\/\/exparto.pl\/kategoria-produktu\/czesci-do-przyczep\/d-35-d-47-d-50\/"},{"@type":"ListItem","position":5,"name":"Cz\u0119\u015bci do przyczepy D-47","item":"https:\/\/exparto.pl\/kategoria-produktu\/czesci-do-przyczep\/d-35-d-47-d-50\/d-47\/"},{"@type":"ListItem","position":6,"name":"Teleskopick\u00fd valec ST4-1300 8T"}]},{"@type":"WebSite","@id":"https:\/\/exparto.pl\/sk\/#website","url":"https:\/\/exparto.pl\/sk\/","name":"EXPARTO","description":"More than agro parts","publisher":{"@id":"https:\/\/exparto.pl\/sk\/#organization"},"potentialAction":[{"@type":"SearchAction","target":{"@type":"EntryPoint","urlTemplate":"https:\/\/exparto.pl\/sk\/?s={search_term_string}"},"query-input":{"@type":"PropertyValueSpecification","valueRequired":true,"valueName":"search_term_string"}}],"inLanguage":"sk-SK"},{"@type":"Organization","@id":"https:\/\/exparto.pl\/sk\/#organization","name":"EXPARTO","url":"https:\/\/exparto.pl\/sk\/","logo":{"@type":"ImageObject","inLanguage":"sk-SK","@id":"https:\/\/exparto.pl\/sk\/#\/schema\/logo\/image\/","url":"https:\/\/exparto.pl\/wp-content\/uploads\/2023\/02\/logo-wektor.png","contentUrl":"https:\/\/exparto.pl\/wp-content\/uploads\/2023\/02\/logo-wektor.png","width":1338,"height":143,"caption":"EXPARTO"},"image":{"@id":"https:\/\/exparto.pl\/sk\/#\/schema\/logo\/image\/"},"sameAs":["https:\/\/www.facebook.com\/exparto.agro\/"]}]}},"_links":{"self":[{"href":"https:\/\/exparto.pl\/sk\/wp-json\/wp\/v2\/product\/13581","targetHints":{"allow":["GET"]}}],"collection":[{"href":"https:\/\/exparto.pl\/sk\/wp-json\/wp\/v2\/product"}],"about":[{"href":"https:\/\/exparto.pl\/sk\/wp-json\/wp\/v2\/types\/product"}],"replies":[{"embeddable":true,"href":"https:\/\/exparto.pl\/sk\/wp-json\/wp\/v2\/comments?post=13581"}],"wp:featuredmedia":[{"embeddable":true,"href":"https:\/\/exparto.pl\/sk\/wp-json\/wp\/v2\/media\/57881"}],"wp:attachment":[{"href":"https:\/\/exparto.pl\/sk\/wp-json\/wp\/v2\/media?parent=13581"}],"wp:term":[{"taxonomy":"product_brand","embeddable":true,"href":"https:\/\/exparto.pl\/sk\/wp-json\/wp\/v2\/product_brand?post=13581"},{"taxonomy":"product_cat","embeddable":true,"href":"https:\/\/exparto.pl\/sk\/wp-json\/wp\/v2\/product_cat?post=13581"},{"taxonomy":"product_tag","embeddable":true,"href":"https:\/\/exparto.pl\/sk\/wp-json\/wp\/v2\/product_tag?post=13581"}],"curies":[{"name":"wp","href":"https:\/\/api.w.org\/{rel}","templated":true}]}}