{"id":13584,"date":"2023-03-01T19:37:41","date_gmt":"2023-03-01T18:37:41","guid":{"rendered":"https:\/\/exparto.pl\/produkt\/elektroventil-50l-danger-6-2-12v\/"},"modified":"2023-03-01T19:37:41","modified_gmt":"2023-03-01T18:37:41","slug":"elektrozawor-50l-dzielnik-6-2-12v","status":"publish","type":"product","link":"https:\/\/exparto.pl\/sk\/produkt\/elektrozawor-50l-dzielnik-6-2-12v\/","title":{"rendered":"Elektroventil 50L DANGER 6\/2 12V"},"content":{"rendered":"<section class=\"section\">\n<div class=\"item item-12\" style=\"text-align: justify\">\n<section class=\"text-item\"><strong>Elektromagnetick\u00fd ventil je elektromagnetick\u00fd,<\/strong> posuvn\u00fd rozde\u013eova\u010d smeru. Sl\u00fa\u017ei ako rozde\u013eova\u010d na zabezpe\u010denie dodato\u010dnej funkcie pre stavebn\u00e9 stroje, \u010deln\u00e9 naklada\u010de &#8211; umo\u017e\u0148uje ovl\u00e1danie pr\u00eddavn\u00fdch zariaden\u00ed \u010deln\u00e9ho naklada\u010da, ako s\u00fa: drap\u00e1k na bal\u00edky, krokod\u00edl, Pri pripojen\u00ed k po\u013enohospod\u00e1rskym strojom rozde\u013euje druh\u00fa \u010das\u0165 rozde\u013eova\u010da a vytv\u00e1ra tretiu \u010das\u0165. Zariadenie pripraven\u00e9 na tlak vy\u0161\u0161\u00ed ako 20 MPa, ak je pripojen\u00e9 priamo k n\u00e1dr\u017ei. Ak bude prev\u00e1dzkov\u00fd tlak ni\u017e\u0161\u00ed ako 200 barov, naskrutkujte 1\/4&#8243; oce\u013eov\u00fa z\u00e1tku z dodanej s\u00fapravy. Elektromagnetick\u00fd ventil zabezpe\u010d\u00ed pln\u00fa tesnos\u0165 len pri pr\u00e1ci so spr\u00e1vne zvolen\u00fdmi vysokokvalitn\u00fdmi komponentmi.<\/section>\n<section class=\"text-item\"><strong>Zariadenia pre <\/strong>stavebn\u00e9 stroje, \u010deln\u00e9 naklada\u010de, lesn\u00e9 vozidl\u00e1, vysokozdvi\u017en\u00e9 voz\u00edky, voz\u00edky na manipul\u00e1ciu s materi\u00e1lom, postrekova\u010de, cykloprevodovky, HDS<\/p>\n<p style=\"text-align: justify\">Po\u010das v\u00fdroby sa kontroluj\u00fa:<\/p>\n<ol style=\"text-align: justify\">\n<li><strong>Geometrick\u00e9<\/strong> <strong>merania<\/strong> komponentov, ako je teleso a posuvn\u00edky, aby sa zabezpe\u010dila \u00fapln\u00e1 tesnos\u0165 (tesnos\u0165) a aby nedo\u0161lo k zadretiu spolupracuj\u00facich vn\u00fatorn\u00fdch komponentov. Na meranie sa pou\u017e\u00edvaj\u00fa mikrometre a tykadl\u00e1, ako aj s\u00faradnicov\u00fd merac\u00ed stroj pri \u0161tatistickej kontrole.<\/li>\n<li><strong>Tesnos\u0165<\/strong> elektromagnetick\u00e9ho ventilu, prietok a odpor elektrick\u00e9ho syst\u00e9mu meran\u00fd pri ove\u013ea vy\u0161\u0161\u00edch ako nomin\u00e1lnych hodnot\u00e1ch<\/li>\n<\/ol>\n<p style=\"text-align: justify\"><strong>Aby sa pred\u013a\u017eila \u017eivotnos\u0165 posuvn\u00fdch elektrick\u00fdch rozde\u013eova\u010dov (elektromagnetick\u00fdch ventilov), odpor\u00fa\u010dame olej filtrova\u0165 s minim\u00e1lnou ve\u013ekos\u0165ou 25 \u00b5m a pou\u017e\u00edva\u0165 miner\u00e1lny olej HL 32 alebo HL 46.  <\/strong>Odpor\u00fa\u010dan\u00e1 \u010distota hydraulick\u00e9ho oleja 20\/18\/15 pod\u013ea normy ISO 4406-1996<\/p>\n<p style=\"text-align: justify\"><strong>Elektromagnetick\u00e9 ventily Exparto s\u00fa kompatibiln\u00e9 s \u010deln\u00fdmi naklada\u010dmi, teleskopick\u00fdmi naklada\u010dmi a vysokozdvi\u017en\u00fdmi voz\u00edkmi vyr\u00e1ban\u00fdmi:<\/strong><\/p>\n<p style=\"text-align: justify\">Agromasz, Hydramet, Inter tech, Linde, Metal-Fach, Metaltechnik, MX, New Holland, Quick , Stoll, Toyota, Zetor<\/p>\n<\/section>\n<\/div>\n<\/section>\n","protected":false},"excerpt":{"rendered":"<p style=\"text-align: justify\">Elektromagnetick\u00fd ventil je elektromagnetick\u00fd, posuvn\u00fd rozde\u013eova\u010d smeru. Pou\u017e\u00edva sa na pr\u00e1cu s rozde\u013eova\u010dmi ako rozde\u013eova\u010d na zabezpe\u010denie dodato\u010dnej funkcie pre stavebn\u00e9 stroje.<\/p>\n","protected":false},"featured_media":4562,"comment_status":"open","ping_status":"closed","template":"","meta":{"_acf_changed":false,"inline_featured_image":false},"product_brand":[],"product_cat":[668,698],"product_tag":[],"class_list":{"0":"post-13584","1":"product","2":"type-product","3":"status-publish","4":"has-post-thumbnail","6":"product_cat-elektromagneticke-ventily","7":"product_cat-hydraulika","9":"first","10":"instock","11":"taxable","12":"shipping-taxable","13":"purchasable","14":"product-type-simple"},"acf":[],"yoast_head":"<!-- This site is optimized with the Yoast SEO plugin v27.4 - https:\/\/yoast.com\/product\/yoast-seo-wordpress\/ -->\n<title>Elektroventil 50L DANGER 6\/2 12V - Exparto.pl<\/title>\n<meta name=\"robots\" content=\"index, follow, max-snippet:-1, max-image-preview:large, max-video-preview:-1\" \/>\n<link rel=\"canonical\" href=\"https:\/\/exparto.pl\/sk\/produkt\/elektrozawor-50l-dzielnik-6-2-12v\/\" \/>\n<meta property=\"og:locale\" content=\"sk_SK\" \/>\n<meta property=\"og:type\" content=\"article\" \/>\n<meta property=\"og:title\" content=\"Elektroventil 50L DANGER 6\/2 12V - Exparto.pl\" \/>\n<meta property=\"og:description\" content=\"Elektromagnetick\u00fd ventil je elektromagnetick\u00fd, posuvn\u00fd rozde\u013eova\u010d smeru. Pou\u017e\u00edva sa na pr\u00e1cu s rozde\u013eova\u010dmi ako rozde\u013eova\u010d na zabezpe\u010denie dodato\u010dnej funkcie pre stavebn\u00e9 stroje.\" \/>\n<meta property=\"og:url\" content=\"https:\/\/exparto.pl\/sk\/produkt\/elektrozawor-50l-dzielnik-6-2-12v\/\" \/>\n<meta property=\"og:site_name\" content=\"Exparto.pl\" \/>\n<meta property=\"article:publisher\" content=\"https:\/\/www.facebook.com\/exparto.agro\/\" \/>\n<meta property=\"og:image\" content=\"https:\/\/exparto.pl\/wp-content\/uploads\/2023\/03\/148bbf089c7d17538c470119aa77832a.jpg\" \/>\n\t<meta property=\"og:image:width\" content=\"1000\" \/>\n\t<meta property=\"og:image:height\" content=\"1000\" \/>\n\t<meta property=\"og:image:type\" content=\"image\/jpeg\" \/>\n<meta name=\"twitter:card\" content=\"summary_large_image\" \/>\n<meta name=\"twitter:label1\" content=\"Predpokladan\u00fd \u010das \u010d\u00edtania\" \/>\n\t<meta name=\"twitter:data1\" content=\"1 min\u00fata\" \/>\n<script type=\"application\/ld+json\" class=\"yoast-schema-graph\">{\"@context\":\"https:\\\/\\\/schema.org\",\"@graph\":[{\"@type\":\"WebPage\",\"@id\":\"https:\\\/\\\/exparto.pl\\\/sk\\\/produkt\\\/elektrozawor-50l-dzielnik-6-2-12v\\\/\",\"url\":\"https:\\\/\\\/exparto.pl\\\/sk\\\/produkt\\\/elektrozawor-50l-dzielnik-6-2-12v\\\/\",\"name\":\"Elektroventil 50L DANGER 6\\\/2 12V - Exparto.pl\",\"isPartOf\":{\"@id\":\"https:\\\/\\\/exparto.pl\\\/sk\\\/#website\"},\"primaryImageOfPage\":{\"@id\":\"https:\\\/\\\/exparto.pl\\\/sk\\\/produkt\\\/elektrozawor-50l-dzielnik-6-2-12v\\\/#primaryimage\"},\"image\":{\"@id\":\"https:\\\/\\\/exparto.pl\\\/sk\\\/produkt\\\/elektrozawor-50l-dzielnik-6-2-12v\\\/#primaryimage\"},\"thumbnailUrl\":\"https:\\\/\\\/exparto.pl\\\/wp-content\\\/uploads\\\/2023\\\/03\\\/148bbf089c7d17538c470119aa77832a.jpg\",\"datePublished\":\"2023-03-01T18:37:41+00:00\",\"breadcrumb\":{\"@id\":\"https:\\\/\\\/exparto.pl\\\/sk\\\/produkt\\\/elektrozawor-50l-dzielnik-6-2-12v\\\/#breadcrumb\"},\"inLanguage\":\"sk-SK\",\"potentialAction\":[{\"@type\":\"ReadAction\",\"target\":[\"https:\\\/\\\/exparto.pl\\\/sk\\\/produkt\\\/elektrozawor-50l-dzielnik-6-2-12v\\\/\"]}]},{\"@type\":\"ImageObject\",\"inLanguage\":\"sk-SK\",\"@id\":\"https:\\\/\\\/exparto.pl\\\/sk\\\/produkt\\\/elektrozawor-50l-dzielnik-6-2-12v\\\/#primaryimage\",\"url\":\"https:\\\/\\\/exparto.pl\\\/wp-content\\\/uploads\\\/2023\\\/03\\\/148bbf089c7d17538c470119aa77832a.jpg\",\"contentUrl\":\"https:\\\/\\\/exparto.pl\\\/wp-content\\\/uploads\\\/2023\\\/03\\\/148bbf089c7d17538c470119aa77832a.jpg\",\"width\":1000,\"height\":1000},{\"@type\":\"BreadcrumbList\",\"@id\":\"https:\\\/\\\/exparto.pl\\\/sk\\\/produkt\\\/elektrozawor-50l-dzielnik-6-2-12v\\\/#breadcrumb\",\"itemListElement\":[{\"@type\":\"ListItem\",\"position\":1,\"name\":\"Domovsk\u00e1 str\u00e1nka\",\"item\":\"https:\\\/\\\/exparto.pl\\\/sk\\\/domovska-stranka\\\/\"},{\"@type\":\"ListItem\",\"position\":2,\"name\":\"Sklep\",\"item\":\"https:\\\/\\\/exparto.pl\\\/sklep\\\/\"},{\"@type\":\"ListItem\",\"position\":3,\"name\":\"Elektromagnetick\u00e9 ventily\",\"item\":\"https:\\\/\\\/exparto.pl\\\/sk\\\/kategoria-produktov\\\/hydraulika\\\/elektromagneticke-ventily\\\/\"},{\"@type\":\"ListItem\",\"position\":4,\"name\":\"Elektroventil 50L DANGER 6\\\/2 12V\"}]},{\"@type\":\"WebSite\",\"@id\":\"https:\\\/\\\/exparto.pl\\\/sk\\\/#website\",\"url\":\"https:\\\/\\\/exparto.pl\\\/sk\\\/\",\"name\":\"EXPARTO\",\"description\":\"More than agro parts\",\"publisher\":{\"@id\":\"https:\\\/\\\/exparto.pl\\\/sk\\\/#organization\"},\"potentialAction\":[{\"@type\":\"SearchAction\",\"target\":{\"@type\":\"EntryPoint\",\"urlTemplate\":\"https:\\\/\\\/exparto.pl\\\/sk\\\/?s={search_term_string}\"},\"query-input\":{\"@type\":\"PropertyValueSpecification\",\"valueRequired\":true,\"valueName\":\"search_term_string\"}}],\"inLanguage\":\"sk-SK\"},{\"@type\":\"Organization\",\"@id\":\"https:\\\/\\\/exparto.pl\\\/sk\\\/#organization\",\"name\":\"EXPARTO\",\"url\":\"https:\\\/\\\/exparto.pl\\\/sk\\\/\",\"logo\":{\"@type\":\"ImageObject\",\"inLanguage\":\"sk-SK\",\"@id\":\"https:\\\/\\\/exparto.pl\\\/sk\\\/#\\\/schema\\\/logo\\\/image\\\/\",\"url\":\"https:\\\/\\\/exparto.pl\\\/wp-content\\\/uploads\\\/2023\\\/02\\\/logo-wektor.png\",\"contentUrl\":\"https:\\\/\\\/exparto.pl\\\/wp-content\\\/uploads\\\/2023\\\/02\\\/logo-wektor.png\",\"width\":1338,\"height\":143,\"caption\":\"EXPARTO\"},\"image\":{\"@id\":\"https:\\\/\\\/exparto.pl\\\/sk\\\/#\\\/schema\\\/logo\\\/image\\\/\"},\"sameAs\":[\"https:\\\/\\\/www.facebook.com\\\/exparto.agro\\\/\"]}]}<\/script>\n<!-- \/ Yoast SEO plugin. -->","yoast_head_json":{"title":"Elektroventil 50L DANGER 6\/2 12V - Exparto.pl","robots":{"index":"index","follow":"follow","max-snippet":"max-snippet:-1","max-image-preview":"max-image-preview:large","max-video-preview":"max-video-preview:-1"},"canonical":"https:\/\/exparto.pl\/sk\/produkt\/elektrozawor-50l-dzielnik-6-2-12v\/","og_locale":"sk_SK","og_type":"article","og_title":"Elektroventil 50L DANGER 6\/2 12V - Exparto.pl","og_description":"Elektromagnetick\u00fd ventil je elektromagnetick\u00fd, posuvn\u00fd rozde\u013eova\u010d smeru. Pou\u017e\u00edva sa na pr\u00e1cu s rozde\u013eova\u010dmi ako rozde\u013eova\u010d na zabezpe\u010denie dodato\u010dnej funkcie pre stavebn\u00e9 stroje.","og_url":"https:\/\/exparto.pl\/sk\/produkt\/elektrozawor-50l-dzielnik-6-2-12v\/","og_site_name":"Exparto.pl","article_publisher":"https:\/\/www.facebook.com\/exparto.agro\/","og_image":[{"width":1000,"height":1000,"url":"https:\/\/exparto.pl\/wp-content\/uploads\/2023\/03\/148bbf089c7d17538c470119aa77832a.jpg","type":"image\/jpeg"}],"twitter_card":"summary_large_image","twitter_misc":{"Predpokladan\u00fd \u010das \u010d\u00edtania":"1 min\u00fata"},"schema":{"@context":"https:\/\/schema.org","@graph":[{"@type":"WebPage","@id":"https:\/\/exparto.pl\/sk\/produkt\/elektrozawor-50l-dzielnik-6-2-12v\/","url":"https:\/\/exparto.pl\/sk\/produkt\/elektrozawor-50l-dzielnik-6-2-12v\/","name":"Elektroventil 50L DANGER 6\/2 12V - Exparto.pl","isPartOf":{"@id":"https:\/\/exparto.pl\/sk\/#website"},"primaryImageOfPage":{"@id":"https:\/\/exparto.pl\/sk\/produkt\/elektrozawor-50l-dzielnik-6-2-12v\/#primaryimage"},"image":{"@id":"https:\/\/exparto.pl\/sk\/produkt\/elektrozawor-50l-dzielnik-6-2-12v\/#primaryimage"},"thumbnailUrl":"https:\/\/exparto.pl\/wp-content\/uploads\/2023\/03\/148bbf089c7d17538c470119aa77832a.jpg","datePublished":"2023-03-01T18:37:41+00:00","breadcrumb":{"@id":"https:\/\/exparto.pl\/sk\/produkt\/elektrozawor-50l-dzielnik-6-2-12v\/#breadcrumb"},"inLanguage":"sk-SK","potentialAction":[{"@type":"ReadAction","target":["https:\/\/exparto.pl\/sk\/produkt\/elektrozawor-50l-dzielnik-6-2-12v\/"]}]},{"@type":"ImageObject","inLanguage":"sk-SK","@id":"https:\/\/exparto.pl\/sk\/produkt\/elektrozawor-50l-dzielnik-6-2-12v\/#primaryimage","url":"https:\/\/exparto.pl\/wp-content\/uploads\/2023\/03\/148bbf089c7d17538c470119aa77832a.jpg","contentUrl":"https:\/\/exparto.pl\/wp-content\/uploads\/2023\/03\/148bbf089c7d17538c470119aa77832a.jpg","width":1000,"height":1000},{"@type":"BreadcrumbList","@id":"https:\/\/exparto.pl\/sk\/produkt\/elektrozawor-50l-dzielnik-6-2-12v\/#breadcrumb","itemListElement":[{"@type":"ListItem","position":1,"name":"Domovsk\u00e1 str\u00e1nka","item":"https:\/\/exparto.pl\/sk\/domovska-stranka\/"},{"@type":"ListItem","position":2,"name":"Sklep","item":"https:\/\/exparto.pl\/sklep\/"},{"@type":"ListItem","position":3,"name":"Elektromagnetick\u00e9 ventily","item":"https:\/\/exparto.pl\/sk\/kategoria-produktov\/hydraulika\/elektromagneticke-ventily\/"},{"@type":"ListItem","position":4,"name":"Elektroventil 50L DANGER 6\/2 12V"}]},{"@type":"WebSite","@id":"https:\/\/exparto.pl\/sk\/#website","url":"https:\/\/exparto.pl\/sk\/","name":"EXPARTO","description":"More than agro parts","publisher":{"@id":"https:\/\/exparto.pl\/sk\/#organization"},"potentialAction":[{"@type":"SearchAction","target":{"@type":"EntryPoint","urlTemplate":"https:\/\/exparto.pl\/sk\/?s={search_term_string}"},"query-input":{"@type":"PropertyValueSpecification","valueRequired":true,"valueName":"search_term_string"}}],"inLanguage":"sk-SK"},{"@type":"Organization","@id":"https:\/\/exparto.pl\/sk\/#organization","name":"EXPARTO","url":"https:\/\/exparto.pl\/sk\/","logo":{"@type":"ImageObject","inLanguage":"sk-SK","@id":"https:\/\/exparto.pl\/sk\/#\/schema\/logo\/image\/","url":"https:\/\/exparto.pl\/wp-content\/uploads\/2023\/02\/logo-wektor.png","contentUrl":"https:\/\/exparto.pl\/wp-content\/uploads\/2023\/02\/logo-wektor.png","width":1338,"height":143,"caption":"EXPARTO"},"image":{"@id":"https:\/\/exparto.pl\/sk\/#\/schema\/logo\/image\/"},"sameAs":["https:\/\/www.facebook.com\/exparto.agro\/"]}]}},"_links":{"self":[{"href":"https:\/\/exparto.pl\/sk\/wp-json\/wp\/v2\/product\/13584","targetHints":{"allow":["GET"]}}],"collection":[{"href":"https:\/\/exparto.pl\/sk\/wp-json\/wp\/v2\/product"}],"about":[{"href":"https:\/\/exparto.pl\/sk\/wp-json\/wp\/v2\/types\/product"}],"replies":[{"embeddable":true,"href":"https:\/\/exparto.pl\/sk\/wp-json\/wp\/v2\/comments?post=13584"}],"wp:featuredmedia":[{"embeddable":true,"href":"https:\/\/exparto.pl\/sk\/wp-json\/wp\/v2\/media\/4562"}],"wp:attachment":[{"href":"https:\/\/exparto.pl\/sk\/wp-json\/wp\/v2\/media?parent=13584"}],"wp:term":[{"taxonomy":"product_brand","embeddable":true,"href":"https:\/\/exparto.pl\/sk\/wp-json\/wp\/v2\/product_brand?post=13584"},{"taxonomy":"product_cat","embeddable":true,"href":"https:\/\/exparto.pl\/sk\/wp-json\/wp\/v2\/product_cat?post=13584"},{"taxonomy":"product_tag","embeddable":true,"href":"https:\/\/exparto.pl\/sk\/wp-json\/wp\/v2\/product_tag?post=13584"}],"curies":[{"name":"wp","href":"https:\/\/api.w.org\/{rel}","templated":true}]}}