{"id":13593,"date":"2023-02-21T07:54:33","date_gmt":"2023-02-21T06:54:33","guid":{"rendered":"https:\/\/exparto.pl\/produkt\/bezudrzbovy-naboj-baa-0004-so-4-otvormi\/"},"modified":"2023-02-21T07:54:33","modified_gmt":"2023-02-21T06:54:33","slug":"hub-unmanned-hub-baa-0004-4-hole-roller-harrow","status":"publish","type":"product","link":"https:\/\/exparto.pl\/sk\/produkt\/hub-unmanned-hub-baa-0004-4-hole-roller-harrow\/","title":{"rendered":"Bez\u00fadr\u017ebov\u00fd n\u00e1boj BAA-0004 so 4 otvormi"},"content":{"rendered":"<div style=\"text-align: justify\">\n<p>Dobre zvolen\u00e9 n\u00e1boje spolu s \u010fal\u0161\u00edmi komponentmi okrem \u010disto praktick\u00fdch v\u00fdhod, ako je jednoduch\u00e1 in\u0161tal\u00e1cia alebo v\u00fdmena, dok\u00e1\u017eu zv\u00fd\u0161i\u0165 efektivitu pr\u00e1ce o viac ako 100 % a zn\u00ed\u017ei\u0165 prev\u00e1dzkov\u00e9 n\u00e1klady a\u017e o 30 %.<\/p>\n<\/div>\n<div style=\"text-align: justify\">Zvy\u010dajne dvakr\u00e1t ro\u010dne, na jar a na jese\u0148, po\u013enohospod\u00e1ri pripravuj\u00fa p\u00f4du pre nov\u00e9 semen\u00e1. V posledn\u00fdch rokoch je obdobie neorania p\u00f4dy na pr\u00edpravu na sejbu mimoriadne kr\u00e1tke, \u010do vedie k h\u013eadaniu rie\u0161en\u00ed, ktor\u00e9 optimalizuj\u00fa \u010das, zdroje a z\u00e1rove\u0148 s\u00fa ekologick\u00e9.<\/div>\n<div style=\"text-align: justify\"><\/div>\n<div style=\"text-align: justify\">Bez\u00fadr\u017ebov\u00e9 n\u00e1boje <strong>nevy\u017eaduj\u00fa pravideln\u00e9 mazanie<\/strong>. \u010cas potrebn\u00fd na obsluhu stroja sa tak skracuje, u\u017e len preto, \u017ee nehroz\u00ed vytrhnutie mazn\u00edc &#8211; kalamitn\u00fdch zariaden\u00ed, ktor\u00e9 sa pri pr\u00e1ci vo ve\u013ek\u00fdch h\u013abkach naj\u010dastej\u0161ie po\u0161kodzuj\u00fa.<\/div>\n<div style=\"text-align: justify\"><\/div>\n<div style=\"text-align: justify\">Z\u00e1le\u017e\u00ed n\u00e1m na efekt\u00edvnosti na\u0161ich dielov, preto podrobne kontrolujeme cel\u00fd v\u00fdrobn\u00fd proces:<\/div>\n<div style=\"text-align: justify\"><\/div>\n<div style=\"text-align: justify\">\n<ul>\n<li>Testujeme tesnos\u0165 n\u00e1bojov EXPARTO a spr\u00e1vnu pri\u013enavos\u0165 sp\u00e1jaj\u00facich sa dielov.<\/li>\n<li>Stupe\u0148 presnosti jednotliv\u00fdch komponentov sa premieta do maxim\u00e1lnej \u017eivotnosti komponentov, \u010do z\u00e1rove\u0148 zaru\u010duje, \u017ee nedoch\u00e1dza k \u017eiadnej v\u00f4li medzi zapadaj\u00facimi dielmi.<\/li>\n<li>Gu\u013e\u00f4\u010dky v lo\u017eisk\u00e1ch, n\u00e1prave, teles\u00e1ch a \u010fal\u0161\u00edch komponentoch s\u00fa vyroben\u00e9 zo starostlivo vybranej ocele. Spr\u00e1vna kontrola zlo\u017eenia zaru\u010duje spr\u00e1vnu \u00farove\u0148 vytvrdnutia a n\u00e1sledn\u00fa efekt\u00edvnu prev\u00e1dzku dielu.<\/li>\n<li>Tvrdos\u0165 testujeme pomocou Rockwellov\u00fdch a Brinellov\u00fdch meradiel tvrdosti, aby sme sa uistili, \u017ee \u017eiadny z tepelne spracovan\u00fdch komponentov nie je pr\u00edli\u0161 m\u00e4kk\u00fd, \u010do by sp\u00f4sobilo pred\u010dasn\u00e9 opotrebovanie, ani pr\u00edli\u0161 tvrd\u00fd, \u010do by viedlo k n\u00e1hlej poruche.<\/li>\n<li>Spo\u013eahliv\u00e1 kontrola je z\u00e1rukou 100 % opakovate\u013enosti v\u00fdrobkov.<\/li>\n<\/ul>\n<\/div>\n<div style=\"text-align: justify\"><\/div>\n<div style=\"text-align: justify\">\n<p>N\u00e1boje EXPARTO sa \u00faspe\u0161ne pou\u017e\u00edvaj\u00fa pre tanierov\u00e9 br\u00e1nov\u00e9 podmieta\u010de, \u0161krupinov\u00e9 br\u00e1nov\u00e9 podmieta\u010de, lesn\u00edcke br\u00e1nov\u00e9 podmieta\u010de, kultiv\u00e1tory, tanierov\u00e9 pluhy a strniskov\u00e9 kultiv\u00e1tory (kypri\u010de), sejacie jednotky, seja\u010dky, hybridn\u00e9 jednotky, hrab\u013eov\u00e9 a podr\u00fdvacie disky.<\/p>\n<\/div>\n<div style=\"text-align: justify\">N\u00e1boje dod\u00e1van\u00e9 spolo\u010dnos\u0165ou Exparto s\u00fa kompatibiln\u00e9 so strojmi vyr\u00e1ban\u00fdmi:<\/div>\n<div style=\"text-align: justify\">Agrisem, Agrimet, Agro lift, Agromasz, Agrotom, Akpil, Amazone, ATMP, Awemak, Batyra, Bednar, Bomet, Bury, Czajkowski, Dexwal, Euromasz, Expoam, Goliath, Horsch, Kunh, Kverneland, Lemken, Mandam, Metalfach, Pettinger, Polgrom, Rol\/ex, Rolmako, Staltech, Strumyk, Unia, Vaderstad, , PPHU ZAPA\u0141A a \u010fal\u0161ie stroje vybaven\u00e9 kot\u00fa\u010dmi SKF , Krasnik alebo kot\u00fa\u010dmi typu C.<\/div>\n","protected":false},"excerpt":{"rendered":"<div style=\"text-align: justify\">Dobre zvolen\u00e9 n\u00e1boje spolu s \u010fal\u0161\u00edmi komponentmi okrem \u010disto praktick\u00fdch v\u00fdhod, ako je jednoduch\u00e1 in\u0161tal\u00e1cia alebo v\u00fdmena, dok\u00e1\u017eu zv\u00fd\u0161i\u0165 efektivitu pr\u00e1ce o viac ako 100 % a zn\u00ed\u017ei\u0165 prev\u00e1dzkov\u00e9 n\u00e1klady a\u017e o 30 %.<\/div>\n<div style=\"text-align: justify\"><\/div>\n","protected":false},"featured_media":4350,"comment_status":"open","ping_status":"closed","template":"","meta":{"_acf_changed":false,"inline_featured_image":false},"product_brand":[],"product_cat":[677,571,666],"product_tag":[678],"class_list":{"0":"post-13593","1":"product","2":"type-product","3":"status-publish","4":"has-post-thumbnail","6":"product_cat-naboje-so-4-otvormi","7":"product_cat-obrabanie-pody","8":"product_cat-rozbocovace","9":"product_tag-exparto-sk","11":"first","12":"outofstock","13":"taxable","14":"shipping-taxable","15":"purchasable","16":"product-type-simple"},"acf":[],"yoast_head":"<!-- This site is optimized with the Yoast SEO plugin v27.2 - https:\/\/yoast.com\/product\/yoast-seo-wordpress\/ -->\n<title>Bez\u00fadr\u017ebov\u00fd n\u00e1boj BAA-0004 so 4 otvormi - Exparto.pl<\/title>\n<meta name=\"robots\" content=\"index, follow, max-snippet:-1, max-image-preview:large, max-video-preview:-1\" \/>\n<link rel=\"canonical\" href=\"https:\/\/exparto.pl\/sk\/produkt\/hub-unmanned-hub-baa-0004-4-hole-roller-harrow\/\" \/>\n<meta property=\"og:locale\" content=\"sk_SK\" \/>\n<meta property=\"og:type\" content=\"article\" \/>\n<meta property=\"og:title\" content=\"Bez\u00fadr\u017ebov\u00fd n\u00e1boj BAA-0004 so 4 otvormi - Exparto.pl\" \/>\n<meta property=\"og:description\" content=\"Dobre zvolen\u00e9 n\u00e1boje spolu s \u010fal\u0161\u00edmi komponentmi okrem \u010disto praktick\u00fdch v\u00fdhod, ako je jednoduch\u00e1 in\u0161tal\u00e1cia alebo v\u00fdmena, dok\u00e1\u017eu zv\u00fd\u0161i\u0165 efektivitu pr\u00e1ce o viac ako 100 % a zn\u00ed\u017ei\u0165 prev\u00e1dzkov\u00e9 n\u00e1klady a\u017e o 30 %.\" \/>\n<meta property=\"og:url\" content=\"https:\/\/exparto.pl\/sk\/produkt\/hub-unmanned-hub-baa-0004-4-hole-roller-harrow\/\" \/>\n<meta property=\"og:site_name\" content=\"Exparto.pl\" \/>\n<meta property=\"article:publisher\" content=\"https:\/\/www.facebook.com\/exparto.agro\/\" \/>\n<meta property=\"og:image\" content=\"https:\/\/exparto.pl\/wp-content\/uploads\/2023\/02\/490b1fc80afca7faaff0e785680be386.jpg\" \/>\n\t<meta property=\"og:image:width\" content=\"1000\" \/>\n\t<meta property=\"og:image:height\" content=\"1000\" \/>\n\t<meta property=\"og:image:type\" content=\"image\/jpeg\" \/>\n<meta name=\"twitter:card\" content=\"summary_large_image\" \/>\n<meta name=\"twitter:label1\" content=\"Predpokladan\u00fd \u010das \u010d\u00edtania\" \/>\n\t<meta name=\"twitter:data1\" content=\"2 min\u00faty\" \/>\n<script type=\"application\/ld+json\" class=\"yoast-schema-graph\">{\"@context\":\"https:\/\/schema.org\",\"@graph\":[{\"@type\":\"WebPage\",\"@id\":\"https:\/\/exparto.pl\/sk\/produkt\/hub-unmanned-hub-baa-0004-4-hole-roller-harrow\/\",\"url\":\"https:\/\/exparto.pl\/sk\/produkt\/hub-unmanned-hub-baa-0004-4-hole-roller-harrow\/\",\"name\":\"Bez\u00fadr\u017ebov\u00fd n\u00e1boj BAA-0004 so 4 otvormi - Exparto.pl\",\"isPartOf\":{\"@id\":\"https:\/\/exparto.pl\/sk\/#website\"},\"primaryImageOfPage\":{\"@id\":\"https:\/\/exparto.pl\/sk\/produkt\/hub-unmanned-hub-baa-0004-4-hole-roller-harrow\/#primaryimage\"},\"image\":{\"@id\":\"https:\/\/exparto.pl\/sk\/produkt\/hub-unmanned-hub-baa-0004-4-hole-roller-harrow\/#primaryimage\"},\"thumbnailUrl\":\"https:\/\/exparto.pl\/wp-content\/uploads\/2023\/02\/490b1fc80afca7faaff0e785680be386.jpg\",\"datePublished\":\"2023-02-21T06:54:33+00:00\",\"breadcrumb\":{\"@id\":\"https:\/\/exparto.pl\/sk\/produkt\/hub-unmanned-hub-baa-0004-4-hole-roller-harrow\/#breadcrumb\"},\"inLanguage\":\"sk-SK\",\"potentialAction\":[{\"@type\":\"ReadAction\",\"target\":[\"https:\/\/exparto.pl\/sk\/produkt\/hub-unmanned-hub-baa-0004-4-hole-roller-harrow\/\"]}]},{\"@type\":\"ImageObject\",\"inLanguage\":\"sk-SK\",\"@id\":\"https:\/\/exparto.pl\/sk\/produkt\/hub-unmanned-hub-baa-0004-4-hole-roller-harrow\/#primaryimage\",\"url\":\"https:\/\/exparto.pl\/wp-content\/uploads\/2023\/02\/490b1fc80afca7faaff0e785680be386.jpg\",\"contentUrl\":\"https:\/\/exparto.pl\/wp-content\/uploads\/2023\/02\/490b1fc80afca7faaff0e785680be386.jpg\",\"width\":1000,\"height\":1000},{\"@type\":\"BreadcrumbList\",\"@id\":\"https:\/\/exparto.pl\/sk\/produkt\/hub-unmanned-hub-baa-0004-4-hole-roller-harrow\/#breadcrumb\",\"itemListElement\":[{\"@type\":\"ListItem\",\"position\":1,\"name\":\"Domovsk\u00e1 str\u00e1nka\",\"item\":\"https:\/\/exparto.pl\/sk\/domovska-stranka\/\"},{\"@type\":\"ListItem\",\"position\":2,\"name\":\"Sklep\",\"item\":\"https:\/\/exparto.pl\/sklep\/\"},{\"@type\":\"ListItem\",\"position\":3,\"name\":\"N\u00e1boje so 4 otvormi\",\"item\":\"https:\/\/exparto.pl\/sk\/kategoria-produktov\/obrabanie-pody\/rozbocovace\/naboje-so-4-otvormi\/\"},{\"@type\":\"ListItem\",\"position\":4,\"name\":\"Bez\u00fadr\u017ebov\u00fd n\u00e1boj BAA-0004 so 4 otvormi\"}]},{\"@type\":\"WebSite\",\"@id\":\"https:\/\/exparto.pl\/sk\/#website\",\"url\":\"https:\/\/exparto.pl\/sk\/\",\"name\":\"EXPARTO\",\"description\":\"More than agro parts\",\"publisher\":{\"@id\":\"https:\/\/exparto.pl\/sk\/#organization\"},\"potentialAction\":[{\"@type\":\"SearchAction\",\"target\":{\"@type\":\"EntryPoint\",\"urlTemplate\":\"https:\/\/exparto.pl\/sk\/?s={search_term_string}\"},\"query-input\":{\"@type\":\"PropertyValueSpecification\",\"valueRequired\":true,\"valueName\":\"search_term_string\"}}],\"inLanguage\":\"sk-SK\"},{\"@type\":\"Organization\",\"@id\":\"https:\/\/exparto.pl\/sk\/#organization\",\"name\":\"EXPARTO\",\"url\":\"https:\/\/exparto.pl\/sk\/\",\"logo\":{\"@type\":\"ImageObject\",\"inLanguage\":\"sk-SK\",\"@id\":\"https:\/\/exparto.pl\/sk\/#\/schema\/logo\/image\/\",\"url\":\"https:\/\/exparto.pl\/wp-content\/uploads\/2023\/02\/logo-wektor.png\",\"contentUrl\":\"https:\/\/exparto.pl\/wp-content\/uploads\/2023\/02\/logo-wektor.png\",\"width\":1338,\"height\":143,\"caption\":\"EXPARTO\"},\"image\":{\"@id\":\"https:\/\/exparto.pl\/sk\/#\/schema\/logo\/image\/\"},\"sameAs\":[\"https:\/\/www.facebook.com\/exparto.agro\/\"]}]}<\/script>\n<!-- \/ Yoast SEO plugin. -->","yoast_head_json":{"title":"Bez\u00fadr\u017ebov\u00fd n\u00e1boj BAA-0004 so 4 otvormi - Exparto.pl","robots":{"index":"index","follow":"follow","max-snippet":"max-snippet:-1","max-image-preview":"max-image-preview:large","max-video-preview":"max-video-preview:-1"},"canonical":"https:\/\/exparto.pl\/sk\/produkt\/hub-unmanned-hub-baa-0004-4-hole-roller-harrow\/","og_locale":"sk_SK","og_type":"article","og_title":"Bez\u00fadr\u017ebov\u00fd n\u00e1boj BAA-0004 so 4 otvormi - Exparto.pl","og_description":"Dobre zvolen\u00e9 n\u00e1boje spolu s \u010fal\u0161\u00edmi komponentmi okrem \u010disto praktick\u00fdch v\u00fdhod, ako je jednoduch\u00e1 in\u0161tal\u00e1cia alebo v\u00fdmena, dok\u00e1\u017eu zv\u00fd\u0161i\u0165 efektivitu pr\u00e1ce o viac ako 100 % a zn\u00ed\u017ei\u0165 prev\u00e1dzkov\u00e9 n\u00e1klady a\u017e o 30 %.","og_url":"https:\/\/exparto.pl\/sk\/produkt\/hub-unmanned-hub-baa-0004-4-hole-roller-harrow\/","og_site_name":"Exparto.pl","article_publisher":"https:\/\/www.facebook.com\/exparto.agro\/","og_image":[{"width":1000,"height":1000,"url":"https:\/\/exparto.pl\/wp-content\/uploads\/2023\/02\/490b1fc80afca7faaff0e785680be386.jpg","type":"image\/jpeg"}],"twitter_card":"summary_large_image","twitter_misc":{"Predpokladan\u00fd \u010das \u010d\u00edtania":"2 min\u00faty"},"schema":{"@context":"https:\/\/schema.org","@graph":[{"@type":"WebPage","@id":"https:\/\/exparto.pl\/sk\/produkt\/hub-unmanned-hub-baa-0004-4-hole-roller-harrow\/","url":"https:\/\/exparto.pl\/sk\/produkt\/hub-unmanned-hub-baa-0004-4-hole-roller-harrow\/","name":"Bez\u00fadr\u017ebov\u00fd n\u00e1boj BAA-0004 so 4 otvormi - Exparto.pl","isPartOf":{"@id":"https:\/\/exparto.pl\/sk\/#website"},"primaryImageOfPage":{"@id":"https:\/\/exparto.pl\/sk\/produkt\/hub-unmanned-hub-baa-0004-4-hole-roller-harrow\/#primaryimage"},"image":{"@id":"https:\/\/exparto.pl\/sk\/produkt\/hub-unmanned-hub-baa-0004-4-hole-roller-harrow\/#primaryimage"},"thumbnailUrl":"https:\/\/exparto.pl\/wp-content\/uploads\/2023\/02\/490b1fc80afca7faaff0e785680be386.jpg","datePublished":"2023-02-21T06:54:33+00:00","breadcrumb":{"@id":"https:\/\/exparto.pl\/sk\/produkt\/hub-unmanned-hub-baa-0004-4-hole-roller-harrow\/#breadcrumb"},"inLanguage":"sk-SK","potentialAction":[{"@type":"ReadAction","target":["https:\/\/exparto.pl\/sk\/produkt\/hub-unmanned-hub-baa-0004-4-hole-roller-harrow\/"]}]},{"@type":"ImageObject","inLanguage":"sk-SK","@id":"https:\/\/exparto.pl\/sk\/produkt\/hub-unmanned-hub-baa-0004-4-hole-roller-harrow\/#primaryimage","url":"https:\/\/exparto.pl\/wp-content\/uploads\/2023\/02\/490b1fc80afca7faaff0e785680be386.jpg","contentUrl":"https:\/\/exparto.pl\/wp-content\/uploads\/2023\/02\/490b1fc80afca7faaff0e785680be386.jpg","width":1000,"height":1000},{"@type":"BreadcrumbList","@id":"https:\/\/exparto.pl\/sk\/produkt\/hub-unmanned-hub-baa-0004-4-hole-roller-harrow\/#breadcrumb","itemListElement":[{"@type":"ListItem","position":1,"name":"Domovsk\u00e1 str\u00e1nka","item":"https:\/\/exparto.pl\/sk\/domovska-stranka\/"},{"@type":"ListItem","position":2,"name":"Sklep","item":"https:\/\/exparto.pl\/sklep\/"},{"@type":"ListItem","position":3,"name":"N\u00e1boje so 4 otvormi","item":"https:\/\/exparto.pl\/sk\/kategoria-produktov\/obrabanie-pody\/rozbocovace\/naboje-so-4-otvormi\/"},{"@type":"ListItem","position":4,"name":"Bez\u00fadr\u017ebov\u00fd n\u00e1boj BAA-0004 so 4 otvormi"}]},{"@type":"WebSite","@id":"https:\/\/exparto.pl\/sk\/#website","url":"https:\/\/exparto.pl\/sk\/","name":"EXPARTO","description":"More than agro parts","publisher":{"@id":"https:\/\/exparto.pl\/sk\/#organization"},"potentialAction":[{"@type":"SearchAction","target":{"@type":"EntryPoint","urlTemplate":"https:\/\/exparto.pl\/sk\/?s={search_term_string}"},"query-input":{"@type":"PropertyValueSpecification","valueRequired":true,"valueName":"search_term_string"}}],"inLanguage":"sk-SK"},{"@type":"Organization","@id":"https:\/\/exparto.pl\/sk\/#organization","name":"EXPARTO","url":"https:\/\/exparto.pl\/sk\/","logo":{"@type":"ImageObject","inLanguage":"sk-SK","@id":"https:\/\/exparto.pl\/sk\/#\/schema\/logo\/image\/","url":"https:\/\/exparto.pl\/wp-content\/uploads\/2023\/02\/logo-wektor.png","contentUrl":"https:\/\/exparto.pl\/wp-content\/uploads\/2023\/02\/logo-wektor.png","width":1338,"height":143,"caption":"EXPARTO"},"image":{"@id":"https:\/\/exparto.pl\/sk\/#\/schema\/logo\/image\/"},"sameAs":["https:\/\/www.facebook.com\/exparto.agro\/"]}]}},"_links":{"self":[{"href":"https:\/\/exparto.pl\/sk\/wp-json\/wp\/v2\/product\/13593","targetHints":{"allow":["GET"]}}],"collection":[{"href":"https:\/\/exparto.pl\/sk\/wp-json\/wp\/v2\/product"}],"about":[{"href":"https:\/\/exparto.pl\/sk\/wp-json\/wp\/v2\/types\/product"}],"replies":[{"embeddable":true,"href":"https:\/\/exparto.pl\/sk\/wp-json\/wp\/v2\/comments?post=13593"}],"wp:featuredmedia":[{"embeddable":true,"href":"https:\/\/exparto.pl\/sk\/wp-json\/wp\/v2\/media\/4350"}],"wp:attachment":[{"href":"https:\/\/exparto.pl\/sk\/wp-json\/wp\/v2\/media?parent=13593"}],"wp:term":[{"taxonomy":"product_brand","embeddable":true,"href":"https:\/\/exparto.pl\/sk\/wp-json\/wp\/v2\/product_brand?post=13593"},{"taxonomy":"product_cat","embeddable":true,"href":"https:\/\/exparto.pl\/sk\/wp-json\/wp\/v2\/product_cat?post=13593"},{"taxonomy":"product_tag","embeddable":true,"href":"https:\/\/exparto.pl\/sk\/wp-json\/wp\/v2\/product_tag?post=13593"}],"curies":[{"name":"wp","href":"https:\/\/api.w.org\/{rel}","templated":true}]}}