{"id":13602,"date":"2023-02-27T16:23:05","date_gmt":"2023-02-27T15:23:05","guid":{"rendered":"https:\/\/exparto.pl\/produkt\/ozubeny-kotuc-560-mm-x-4-mm-6-otvorov-z-10-borova-ocel\/"},"modified":"2023-02-27T15:23:05","modified_gmt":"2023-02-27T14:23:05","slug":"talerz-uzebiony-560-mm-x-4-mm-6-otworow-z-10-stal-borowa","status":"publish","type":"product","link":"https:\/\/exparto.pl\/sk\/produkt\/talerz-uzebiony-560-mm-x-4-mm-6-otworow-z-10-stal-borowa\/","title":{"rendered":"Ozuben\u00fd kot\u00fa\u010d 560 mm x 4 mm, 6 otvorov, Z-10, b\u00f3rov\u00e1 oce\u013e"},"content":{"rendered":"<p style=\"text-align: justify\"><strong>Po\u013enohospod\u00e1rske disky EXPARTO<\/strong> na zjednodu\u0161en\u00e9 obr\u00e1banie p\u00f4dy pomocou agreg\u00e1tov a tanierov\u00fdch br\u00e1n. Pri v\u00fdbere kot\u00fa\u010dov sa v\u00fdrobca stroja aj pou\u017e\u00edvate\u013e riadia nielen typom stroja. Zoh\u013ead\u0148uj\u00fa typ po\u013en\u00fdch pr\u00e1c alebo \u0161pecifik\u00e1 p\u00f4dy. Disky EXPARTO s\u00fa ide\u00e1lne pre agreg\u00e1ty so \u0161\u00edrkou nad 3 m, diskov\u00e9 br\u00e1ny so \u0161\u00edrkou pod 3 m a diskov\u00e9 pluhy. Zaru\u010duj\u00fa plynul\u00fa a efekt\u00edvnu prev\u00e1dzku.<\/p>\n<p style=\"text-align: justify\">\u010c\u00edm sa vyzna\u010duj\u00fa kultiva\u010dn\u00e9 disky Exparto?<\/p>\n<ul style=\"text-align: justify\">\n<li>Minim\u00e1lny abraz\u00edvny \u00fa\u010dinok, maxim\u00e1lna tvrdos\u0165: vieme, ako na\u0161e kot\u00fa\u010de vytvrdi\u0165, aby sme zabezpe\u010dili optim\u00e1lnu <strong>tvrdos\u0165<\/strong> pracovn\u00e9ho povrchu bez straty <strong>pru\u017enosti <\/strong>stredu.<\/li>\n<li>Rovnomern\u00e1 hr\u00fabka cel\u00e9ho povrchu disku<\/li>\n<li>Disky EXPARTO <strong>sa<\/strong> dokonale hodia k renomovan\u00fdm n\u00e1bojom Exparto dostupn\u00fdm na trhu a k in\u00fdm<\/li>\n<li>Vysok\u00e1 odolnos\u0165 proti <strong>n\u00e1razu<\/strong> (napr. proti \u00faderu kame\u0148a)<\/li>\n<li>Primeran\u00e1 <b>tvrdos\u0165<\/b>: pri nadmernom vytvrdnut\u00ed materi\u00e1lu zni\u017eujeme riziko r\u00fdchleho oderu alebo prasknutia dosky.<\/li>\n<li>Disky s\u00fa vyroben\u00e9 z d\u00f4kladne testovanej vysokokvalitnej ocele: <strong>V<\/strong> z\u00e1vislosti od po\u017eiadaviek, \u00fa\u010delu a typu pr\u00e1ce v ter\u00e9ne<\/li>\n<li>Na disky EXPARTO sa prichyt\u00e1va ove\u013ea menej hliny alebo vlhkej p\u00f4dy, preto\u017ee v\u010faka \u0161peci\u00e1lnemu ochrann\u00e9mu n\u00e1teru, ktor\u00fd sa nan\u00e1\u0161a za pr\u00edsne kontrolovan\u00fdch podmienok, s\u00fa extr\u00e9mne <b>pomal\u00e9 <\/b>;<\/li>\n<li><strong>Jednoduch\u00e1<\/strong> in\u0161tal\u00e1cia a v\u00fdmena diskov EXPARTO<\/li>\n<li><strong>KVALITA<\/strong> a <strong>SP\u00d4SOBILOS\u0164<\/strong> v\u00fdrobkov pod\u013ea noriem ISO 9001 a z\u00e1sad PPAP prijat\u00fdch v automobilovom priemysle. Podrobne kontrolujeme ka\u017ed\u00fa f\u00e1zu v\u00fdroby, od zlo\u017eenia pou\u017eit\u00e9ho materi\u00e1lu a\u017e po sk\u00fa\u0161ky tvrdosti, simul\u00e1cie a pr\u00e1cu v ter\u00e9ne.<\/li>\n<\/ul>\n<p style=\"text-align: justify\">Disky EXPARTO odpor\u00fa\u010dame pre <strong>tanierov\u00e9 br\u00e1nov\u00e9 podmieta\u010de, oba\u013eova\u010de, lesn\u00edcke br\u00e1nov\u00e9 podmieta\u010de, kultiv\u00e1tory, tanierov\u00e9 pluhy a strniskov\u00e9 kultiv\u00e1tory (kypri\u010de), sejacie jednotky, seja\u010dky, hybridn\u00e9 jednotky<\/strong>.<\/p>\n<p style=\"text-align: justify\"><strong>Dosky EXPART<\/strong><b>O<\/b>  s\u00fa kompatibiln\u00e9 so strojmi vyroben\u00fdmi: Agrisem, Agrimet, Agro lift, Agromasz, Agrotom, Akpil, Amazone, ATMP, Awemak, Batyra, Bednar, Bomet, Bury, Czajkowski, Dexwal, Euromasz, Expom, Goliath, Horsch, Kunh, Kverneland, Lemken, Mandam, Metalfach, Pettinger, Polgrom, Rol\/ex, Rolmako, Staltech, Strumyk, Unia, Vaderstad, , PPHU ZAPA\u0141A a \u010fal\u0161ie stroje vybaven\u00e9 kot\u00fa\u010dmi SKF , Krasnik alebo kot\u00fa\u010dmi typu C.<\/p>\n","protected":false},"excerpt":{"rendered":"<p style=\"text-align: justify\">Po\u013enohospod\u00e1rske disky EXPARTO na zjednodu\u0161en\u00e9 obr\u00e1banie p\u00f4dy pomocou agreg\u00e1tov a tanierov\u00fdch br\u00e1n. Zoh\u013ead\u0148uj\u00fa typ po\u013en\u00fdch pr\u00e1c alebo \u0161pecifik\u00e1 p\u00f4dy. Zaru\u010duj\u00fa plynul\u00fa a efekt\u00edvnu prev\u00e1dzku.<\/p>\n","protected":false},"featured_media":53615,"comment_status":"open","ping_status":"closed","template":"","meta":{"_acf_changed":false,"inline_featured_image":false},"product_brand":[],"product_cat":[565,571],"product_tag":[],"class_list":{"0":"post-13602","1":"product","2":"type-product","3":"status-publish","4":"has-post-thumbnail","6":"product_cat-kultivacne-disky","7":"product_cat-obrabanie-pody","9":"first","10":"instock","11":"taxable","12":"shipping-taxable","13":"purchasable","14":"product-type-simple"},"acf":[],"yoast_head":"<!-- This site is optimized with the Yoast SEO plugin v27.2 - https:\/\/yoast.com\/product\/yoast-seo-wordpress\/ -->\n<title>Ozuben\u00fd kot\u00fa\u010d 560 mm x 4 mm, 6 otvorov, Z-10, b\u00f3rov\u00e1 oce\u013e - Exparto.pl<\/title>\n<meta name=\"robots\" content=\"index, follow, max-snippet:-1, max-image-preview:large, max-video-preview:-1\" \/>\n<link rel=\"canonical\" href=\"https:\/\/exparto.pl\/sk\/produkt\/talerz-uzebiony-560-mm-x-4-mm-6-otworow-z-10-stal-borowa\/\" \/>\n<meta property=\"og:locale\" content=\"sk_SK\" \/>\n<meta property=\"og:type\" content=\"article\" \/>\n<meta property=\"og:title\" content=\"Ozuben\u00fd kot\u00fa\u010d 560 mm x 4 mm, 6 otvorov, Z-10, b\u00f3rov\u00e1 oce\u013e - Exparto.pl\" \/>\n<meta property=\"og:description\" content=\"Po\u013enohospod\u00e1rske disky EXPARTO na zjednodu\u0161en\u00e9 obr\u00e1banie p\u00f4dy pomocou agreg\u00e1tov a tanierov\u00fdch br\u00e1n. Zoh\u013ead\u0148uj\u00fa typ po\u013en\u00fdch pr\u00e1c alebo \u0161pecifik\u00e1 p\u00f4dy. Zaru\u010duj\u00fa plynul\u00fa a efekt\u00edvnu prev\u00e1dzku.\" \/>\n<meta property=\"og:url\" content=\"https:\/\/exparto.pl\/sk\/produkt\/talerz-uzebiony-560-mm-x-4-mm-6-otworow-z-10-stal-borowa\/\" \/>\n<meta property=\"og:site_name\" content=\"Exparto.pl\" \/>\n<meta property=\"article:publisher\" content=\"https:\/\/www.facebook.com\/exparto.agro\/\" \/>\n<meta property=\"og:image\" content=\"https:\/\/exparto.pl\/wp-content\/uploads\/2023\/02\/cf7f2f326349be35cae98316753f053c.jpg\" \/>\n\t<meta property=\"og:image:width\" content=\"1000\" \/>\n\t<meta property=\"og:image:height\" content=\"1000\" \/>\n\t<meta property=\"og:image:type\" content=\"image\/jpeg\" \/>\n<meta name=\"twitter:card\" content=\"summary_large_image\" \/>\n<meta name=\"twitter:label1\" content=\"Predpokladan\u00fd \u010das \u010d\u00edtania\" \/>\n\t<meta name=\"twitter:data1\" content=\"2 min\u00faty\" \/>\n<script type=\"application\/ld+json\" class=\"yoast-schema-graph\">{\"@context\":\"https:\/\/schema.org\",\"@graph\":[{\"@type\":\"WebPage\",\"@id\":\"https:\/\/exparto.pl\/sk\/produkt\/talerz-uzebiony-560-mm-x-4-mm-6-otworow-z-10-stal-borowa\/\",\"url\":\"https:\/\/exparto.pl\/sk\/produkt\/talerz-uzebiony-560-mm-x-4-mm-6-otworow-z-10-stal-borowa\/\",\"name\":\"Ozuben\u00fd kot\u00fa\u010d 560 mm x 4 mm, 6 otvorov, Z-10, b\u00f3rov\u00e1 oce\u013e - Exparto.pl\",\"isPartOf\":{\"@id\":\"https:\/\/exparto.pl\/sk\/#website\"},\"primaryImageOfPage\":{\"@id\":\"https:\/\/exparto.pl\/sk\/produkt\/talerz-uzebiony-560-mm-x-4-mm-6-otworow-z-10-stal-borowa\/#primaryimage\"},\"image\":{\"@id\":\"https:\/\/exparto.pl\/sk\/produkt\/talerz-uzebiony-560-mm-x-4-mm-6-otworow-z-10-stal-borowa\/#primaryimage\"},\"thumbnailUrl\":\"https:\/\/exparto.pl\/wp-content\/uploads\/2025\/07\/e4303ba4e23c53f7cbf7d8726af69e5d.jpg\",\"datePublished\":\"2023-02-27T15:23:05+00:00\",\"breadcrumb\":{\"@id\":\"https:\/\/exparto.pl\/sk\/produkt\/talerz-uzebiony-560-mm-x-4-mm-6-otworow-z-10-stal-borowa\/#breadcrumb\"},\"inLanguage\":\"sk-SK\",\"potentialAction\":[{\"@type\":\"ReadAction\",\"target\":[\"https:\/\/exparto.pl\/sk\/produkt\/talerz-uzebiony-560-mm-x-4-mm-6-otworow-z-10-stal-borowa\/\"]}]},{\"@type\":\"ImageObject\",\"inLanguage\":\"sk-SK\",\"@id\":\"https:\/\/exparto.pl\/sk\/produkt\/talerz-uzebiony-560-mm-x-4-mm-6-otworow-z-10-stal-borowa\/#primaryimage\",\"url\":\"https:\/\/exparto.pl\/wp-content\/uploads\/2025\/07\/e4303ba4e23c53f7cbf7d8726af69e5d.jpg\",\"contentUrl\":\"https:\/\/exparto.pl\/wp-content\/uploads\/2025\/07\/e4303ba4e23c53f7cbf7d8726af69e5d.jpg\",\"width\":1200,\"height\":1200},{\"@type\":\"BreadcrumbList\",\"@id\":\"https:\/\/exparto.pl\/sk\/produkt\/talerz-uzebiony-560-mm-x-4-mm-6-otworow-z-10-stal-borowa\/#breadcrumb\",\"itemListElement\":[{\"@type\":\"ListItem\",\"position\":1,\"name\":\"Domovsk\u00e1 str\u00e1nka\",\"item\":\"https:\/\/exparto.pl\/sk\/domovska-stranka\/\"},{\"@type\":\"ListItem\",\"position\":2,\"name\":\"Sklep\",\"item\":\"https:\/\/exparto.pl\/sklep\/\"},{\"@type\":\"ListItem\",\"position\":3,\"name\":\"560 mm disky\",\"item\":\"https:\/\/exparto.pl\/sk\/kategoria-produktov\/obrabanie-pody\/kultivacne-disky\/560-mm-disky\/\"},{\"@type\":\"ListItem\",\"position\":4,\"name\":\"Ozuben\u00fd kot\u00fa\u010d 560 mm x 4 mm, 6 otvorov, Z-10, b\u00f3rov\u00e1 oce\u013e\"}]},{\"@type\":\"WebSite\",\"@id\":\"https:\/\/exparto.pl\/sk\/#website\",\"url\":\"https:\/\/exparto.pl\/sk\/\",\"name\":\"EXPARTO\",\"description\":\"More than agro parts\",\"publisher\":{\"@id\":\"https:\/\/exparto.pl\/sk\/#organization\"},\"potentialAction\":[{\"@type\":\"SearchAction\",\"target\":{\"@type\":\"EntryPoint\",\"urlTemplate\":\"https:\/\/exparto.pl\/sk\/?s={search_term_string}\"},\"query-input\":{\"@type\":\"PropertyValueSpecification\",\"valueRequired\":true,\"valueName\":\"search_term_string\"}}],\"inLanguage\":\"sk-SK\"},{\"@type\":\"Organization\",\"@id\":\"https:\/\/exparto.pl\/sk\/#organization\",\"name\":\"EXPARTO\",\"url\":\"https:\/\/exparto.pl\/sk\/\",\"logo\":{\"@type\":\"ImageObject\",\"inLanguage\":\"sk-SK\",\"@id\":\"https:\/\/exparto.pl\/sk\/#\/schema\/logo\/image\/\",\"url\":\"https:\/\/exparto.pl\/wp-content\/uploads\/2023\/02\/logo-wektor.png\",\"contentUrl\":\"https:\/\/exparto.pl\/wp-content\/uploads\/2023\/02\/logo-wektor.png\",\"width\":1338,\"height\":143,\"caption\":\"EXPARTO\"},\"image\":{\"@id\":\"https:\/\/exparto.pl\/sk\/#\/schema\/logo\/image\/\"},\"sameAs\":[\"https:\/\/www.facebook.com\/exparto.agro\/\"]}]}<\/script>\n<!-- \/ Yoast SEO plugin. -->","yoast_head_json":{"title":"Ozuben\u00fd kot\u00fa\u010d 560 mm x 4 mm, 6 otvorov, Z-10, b\u00f3rov\u00e1 oce\u013e - Exparto.pl","robots":{"index":"index","follow":"follow","max-snippet":"max-snippet:-1","max-image-preview":"max-image-preview:large","max-video-preview":"max-video-preview:-1"},"canonical":"https:\/\/exparto.pl\/sk\/produkt\/talerz-uzebiony-560-mm-x-4-mm-6-otworow-z-10-stal-borowa\/","og_locale":"sk_SK","og_type":"article","og_title":"Ozuben\u00fd kot\u00fa\u010d 560 mm x 4 mm, 6 otvorov, Z-10, b\u00f3rov\u00e1 oce\u013e - Exparto.pl","og_description":"Po\u013enohospod\u00e1rske disky EXPARTO na zjednodu\u0161en\u00e9 obr\u00e1banie p\u00f4dy pomocou agreg\u00e1tov a tanierov\u00fdch br\u00e1n. Zoh\u013ead\u0148uj\u00fa typ po\u013en\u00fdch pr\u00e1c alebo \u0161pecifik\u00e1 p\u00f4dy. Zaru\u010duj\u00fa plynul\u00fa a efekt\u00edvnu prev\u00e1dzku.","og_url":"https:\/\/exparto.pl\/sk\/produkt\/talerz-uzebiony-560-mm-x-4-mm-6-otworow-z-10-stal-borowa\/","og_site_name":"Exparto.pl","article_publisher":"https:\/\/www.facebook.com\/exparto.agro\/","og_image":[{"width":1000,"height":1000,"url":"https:\/\/exparto.pl\/wp-content\/uploads\/2023\/02\/cf7f2f326349be35cae98316753f053c.jpg","type":"image\/jpeg"}],"twitter_card":"summary_large_image","twitter_misc":{"Predpokladan\u00fd \u010das \u010d\u00edtania":"2 min\u00faty"},"schema":{"@context":"https:\/\/schema.org","@graph":[{"@type":"WebPage","@id":"https:\/\/exparto.pl\/sk\/produkt\/talerz-uzebiony-560-mm-x-4-mm-6-otworow-z-10-stal-borowa\/","url":"https:\/\/exparto.pl\/sk\/produkt\/talerz-uzebiony-560-mm-x-4-mm-6-otworow-z-10-stal-borowa\/","name":"Ozuben\u00fd kot\u00fa\u010d 560 mm x 4 mm, 6 otvorov, Z-10, b\u00f3rov\u00e1 oce\u013e - Exparto.pl","isPartOf":{"@id":"https:\/\/exparto.pl\/sk\/#website"},"primaryImageOfPage":{"@id":"https:\/\/exparto.pl\/sk\/produkt\/talerz-uzebiony-560-mm-x-4-mm-6-otworow-z-10-stal-borowa\/#primaryimage"},"image":{"@id":"https:\/\/exparto.pl\/sk\/produkt\/talerz-uzebiony-560-mm-x-4-mm-6-otworow-z-10-stal-borowa\/#primaryimage"},"thumbnailUrl":"https:\/\/exparto.pl\/wp-content\/uploads\/2025\/07\/e4303ba4e23c53f7cbf7d8726af69e5d.jpg","datePublished":"2023-02-27T15:23:05+00:00","breadcrumb":{"@id":"https:\/\/exparto.pl\/sk\/produkt\/talerz-uzebiony-560-mm-x-4-mm-6-otworow-z-10-stal-borowa\/#breadcrumb"},"inLanguage":"sk-SK","potentialAction":[{"@type":"ReadAction","target":["https:\/\/exparto.pl\/sk\/produkt\/talerz-uzebiony-560-mm-x-4-mm-6-otworow-z-10-stal-borowa\/"]}]},{"@type":"ImageObject","inLanguage":"sk-SK","@id":"https:\/\/exparto.pl\/sk\/produkt\/talerz-uzebiony-560-mm-x-4-mm-6-otworow-z-10-stal-borowa\/#primaryimage","url":"https:\/\/exparto.pl\/wp-content\/uploads\/2025\/07\/e4303ba4e23c53f7cbf7d8726af69e5d.jpg","contentUrl":"https:\/\/exparto.pl\/wp-content\/uploads\/2025\/07\/e4303ba4e23c53f7cbf7d8726af69e5d.jpg","width":1200,"height":1200},{"@type":"BreadcrumbList","@id":"https:\/\/exparto.pl\/sk\/produkt\/talerz-uzebiony-560-mm-x-4-mm-6-otworow-z-10-stal-borowa\/#breadcrumb","itemListElement":[{"@type":"ListItem","position":1,"name":"Domovsk\u00e1 str\u00e1nka","item":"https:\/\/exparto.pl\/sk\/domovska-stranka\/"},{"@type":"ListItem","position":2,"name":"Sklep","item":"https:\/\/exparto.pl\/sklep\/"},{"@type":"ListItem","position":3,"name":"560 mm disky","item":"https:\/\/exparto.pl\/sk\/kategoria-produktov\/obrabanie-pody\/kultivacne-disky\/560-mm-disky\/"},{"@type":"ListItem","position":4,"name":"Ozuben\u00fd kot\u00fa\u010d 560 mm x 4 mm, 6 otvorov, Z-10, b\u00f3rov\u00e1 oce\u013e"}]},{"@type":"WebSite","@id":"https:\/\/exparto.pl\/sk\/#website","url":"https:\/\/exparto.pl\/sk\/","name":"EXPARTO","description":"More than agro parts","publisher":{"@id":"https:\/\/exparto.pl\/sk\/#organization"},"potentialAction":[{"@type":"SearchAction","target":{"@type":"EntryPoint","urlTemplate":"https:\/\/exparto.pl\/sk\/?s={search_term_string}"},"query-input":{"@type":"PropertyValueSpecification","valueRequired":true,"valueName":"search_term_string"}}],"inLanguage":"sk-SK"},{"@type":"Organization","@id":"https:\/\/exparto.pl\/sk\/#organization","name":"EXPARTO","url":"https:\/\/exparto.pl\/sk\/","logo":{"@type":"ImageObject","inLanguage":"sk-SK","@id":"https:\/\/exparto.pl\/sk\/#\/schema\/logo\/image\/","url":"https:\/\/exparto.pl\/wp-content\/uploads\/2023\/02\/logo-wektor.png","contentUrl":"https:\/\/exparto.pl\/wp-content\/uploads\/2023\/02\/logo-wektor.png","width":1338,"height":143,"caption":"EXPARTO"},"image":{"@id":"https:\/\/exparto.pl\/sk\/#\/schema\/logo\/image\/"},"sameAs":["https:\/\/www.facebook.com\/exparto.agro\/"]}]}},"_links":{"self":[{"href":"https:\/\/exparto.pl\/sk\/wp-json\/wp\/v2\/product\/13602","targetHints":{"allow":["GET"]}}],"collection":[{"href":"https:\/\/exparto.pl\/sk\/wp-json\/wp\/v2\/product"}],"about":[{"href":"https:\/\/exparto.pl\/sk\/wp-json\/wp\/v2\/types\/product"}],"replies":[{"embeddable":true,"href":"https:\/\/exparto.pl\/sk\/wp-json\/wp\/v2\/comments?post=13602"}],"wp:featuredmedia":[{"embeddable":true,"href":"https:\/\/exparto.pl\/sk\/wp-json\/wp\/v2\/media\/53615"}],"wp:attachment":[{"href":"https:\/\/exparto.pl\/sk\/wp-json\/wp\/v2\/media?parent=13602"}],"wp:term":[{"taxonomy":"product_brand","embeddable":true,"href":"https:\/\/exparto.pl\/sk\/wp-json\/wp\/v2\/product_brand?post=13602"},{"taxonomy":"product_cat","embeddable":true,"href":"https:\/\/exparto.pl\/sk\/wp-json\/wp\/v2\/product_cat?post=13602"},{"taxonomy":"product_tag","embeddable":true,"href":"https:\/\/exparto.pl\/sk\/wp-json\/wp\/v2\/product_tag?post=13602"}],"curies":[{"name":"wp","href":"https:\/\/api.w.org\/{rel}","templated":true}]}}