{"id":13609,"date":"2023-02-09T13:13:19","date_gmt":"2023-02-09T12:13:19","guid":{"rendered":"https:\/\/exparto.pl\/produkt\/univerzalny-hriadel-kardanoveho-hriadela-80-cm-300-nm-trojuholnikova-rurka-krizovy-hriadel-24x63-6-6\/"},"modified":"2023-02-09T12:13:19","modified_gmt":"2023-02-09T11:13:19","slug":"wal-przegubowy-wom-80cm-300nm-rura-krzyzak-24x63","status":"publish","type":"product","link":"https:\/\/exparto.pl\/sk\/produkt\/wal-przegubowy-wom-80cm-300nm-rura-krzyzak-24x63\/","title":{"rendered":"Univerz\u00e1lny hriade\u013e kardanov\u00e9ho hriade\u013ea, 80 cm, 300 Nm, trojuholn\u00edkov\u00e1 r\u00farka, kr\u00ed\u017eov\u00fd hriade\u013e 24&#215;63 6\/6"},"content":{"rendered":"<section class=\"section\">\n<div class=\"item item-12\">\n<section class=\"text-item\">\n<p class=\"MsoNormal\" style=\"text-align: justify\">V\u00fdvodov\u00e9 hriadele sa pou\u017e\u00edvaj\u00fa na <span style=\"color: inherit;font-weight: 700 !important\">prenos kr\u00fatiaceho momentu<\/span> z v\u00fdvodov\u00e9ho hriade\u013ea (PTO) traktora na v\u00fdvodov\u00fd hriade\u013e (PTO) stroja, ktor\u00fd je pripojen\u00fd k tomuto traktoru. Hriadele s\u00fa d\u00f4le\u017eitou s\u00fa\u010das\u0165ou <span style=\"color: inherit;font-weight: 700 !important\">pr\u00edvesov<\/span> a <span style=\"color: inherit;font-weight: 700 !important\">po\u013enohospod\u00e1rskych vozidiel<\/span>. Z\u00e1rove\u0148 s\u00fa <span style=\"color: inherit;font-weight: 700 !important\">z\u00e1rukou spo\u013eahlivosti<\/span> a bezpe\u010dnej prev\u00e1dzky. Chr\u00e1nia aj komponenty pohonu stroja po\u010das jeho chodu. Z\u00e1kladn\u00e9 rozdelenie zah\u0155\u0148a:<\/p>\n<ul style=\"text-align: justify\">\n<li>Z\u00e1kladn\u00e9 k\u013abov\u00e9 hriadele &#8211; pou\u017e\u00edvaj\u00fa sa vtedy, ke\u010f vz\u00e1jomn\u00e1 poloha k\u013abov\u00e9ho hriade\u013ea a v\u00fdvodov\u00e9ho hriade\u013ea vo\u010di sebe neprekra\u010duje uhol zlomu 25\u00b0 v nepretr\u017eitej prev\u00e1dzke.<\/li>\n<li>\u0160irokouhl\u00e9 k\u013abov\u00e9 hriadele &#8211; pou\u017e\u00edvaj\u00fa sa vtedy, ke\u010f vz\u00e1jomn\u00e1 poloha k\u013abov\u00e9ho hriade\u013ea a hriade\u013ea v\u00fdvodov\u00e9ho hriade\u013ea m\u00f4\u017ee vies\u0165 k zlomeniu k\u013abu a\u017e do uhla zlomenia k\u013abu 50\u00b0 po\u010das trvalej prev\u00e1dzky a 50\u00b0 po\u010das chv\u00ed\u013ekovej prev\u00e1dzky.<\/li>\n<\/ul>\n<p class=\"MsoNormal\" style=\"text-align: justify\">Rozli\u0161uj\u00fa sa tie\u017e <span style=\"color: inherit;font-weight: 700 !important\">fr\u00e9zovan\u00e9 hriadele, r\u00farkov\u00e9 hriadele<\/span> a <span style=\"color: inherit;font-weight: 700 !important\">r\u00farkov\u00e9 trojuholn\u00edkov\u00e9<\/span> <span style=\"color: inherit;font-weight: 700 !important\">hriadele<\/span> &#8211; tie sa l\u00ed\u0161ia profilom r\u00farky. Jednotliv\u00e9 hriadele m\u00f4\u017eu ma\u0165 aj r\u00f4zne hodnoty kr\u00fatiaceho momentu a r\u00f4zny po\u010det \u0161irokouhl\u00fdch k\u013abov.<\/p>\n<p class=\"MsoNormal\" style=\"text-align: justify\">V spolo\u010dnosti Exparto pon\u00fakame <span style=\"color: inherit;font-weight: 700 !important\">kompletn\u00e9 hriadele<\/span>, ako aj ich <span style=\"color: inherit;font-weight: 700 !important\">diely a pr\u00edslu\u0161enstvo<\/span>: kr\u00ed\u017eov\u00e9 diely, k\u013aby, spojky. Jednotliv\u00e9 komponenty s\u00fa vyroben\u00e9 z vysokokvalitn\u00fdch materi\u00e1lov (napr. z <span style=\"color: inherit;font-weight: 700 !important\">vysokouhl\u00edkovej ocele<\/span>) a samotn\u00e9 <span style=\"color: inherit;font-weight: 700 !important\">kryty hriade\u013eov<\/span> nie s\u00fa n\u00e1chyln\u00e9 na <span style=\"color: inherit;font-weight: 700 !important\">mechanick\u00e9 po\u0161kodenie<\/span>, n\u00edzke teploty alebo UV \u017eiarenie. Niektor\u00e9 komponenty s\u00fa navy\u0161e vybaven\u00e9 \u0161peci\u00e1lnymi lo\u017eiskami pre vysok\u00e9 za\u0165a\u017eenie.<\/p>\n<p style=\"text-align: justify\"><strong>\u2705PR\u00cdKLAD APLIK\u00c1CIE:<\/strong><\/p>\n<ul>\n<li><strong>Postrekova\u010d<\/strong><\/li>\n<li><strong>Rota\u010dn\u00e1 kosa\u010dka<\/strong><\/li>\n<li><strong>Hrable<\/strong><\/li>\n<\/ul>\n<\/section>\n<\/div>\n<\/section>\n","protected":false},"excerpt":{"rendered":"<p style=\"text-align: justify\">V\u00fdvodov\u00e9 hriadele sa pou\u017e\u00edvaj\u00fa na <span style=\"color: inherit\">prenos kr\u00fatiaceho momentu<\/span> z v\u00fdvodov\u00e9ho hriade\u013ea (PTO) traktora na v\u00fdvodov\u00fd hriade\u013e (PTO) stroja, ktor\u00fd je pripojen\u00fd k tomuto traktoru.<\/p>\n","protected":false},"featured_media":60867,"comment_status":"open","ping_status":"closed","template":"","meta":{"_acf_changed":false,"inline_featured_image":false},"product_brand":[],"product_cat":[522,523],"product_tag":[],"class_list":{"0":"post-13609","1":"product","2":"type-product","3":"status-publish","4":"has-post-thumbnail","6":"product_cat-teleskopicke-vyvodove-hriadele","7":"product_cat-trojuholnikove-rurkove-hriadele","9":"first","10":"instock","11":"taxable","12":"shipping-taxable","13":"purchasable","14":"product-type-simple"},"acf":[],"yoast_head":"<!-- This site is optimized with the Yoast SEO plugin v27.2 - https:\/\/yoast.com\/product\/yoast-seo-wordpress\/ -->\n<title>Univerz\u00e1lny hriade\u013e kardanov\u00e9ho hriade\u013ea, 80 cm, 300 Nm, trojuholn\u00edkov\u00e1 r\u00farka, kr\u00ed\u017eov\u00fd hriade\u013e 24x63 6\/6 - Exparto.pl<\/title>\n<meta name=\"robots\" content=\"index, follow, max-snippet:-1, max-image-preview:large, max-video-preview:-1\" \/>\n<link rel=\"canonical\" href=\"https:\/\/exparto.pl\/sk\/produkt\/wal-przegubowy-wom-80cm-300nm-rura-krzyzak-24x63\/\" \/>\n<meta property=\"og:locale\" content=\"sk_SK\" \/>\n<meta property=\"og:type\" content=\"article\" \/>\n<meta property=\"og:title\" content=\"Univerz\u00e1lny hriade\u013e kardanov\u00e9ho hriade\u013ea, 80 cm, 300 Nm, trojuholn\u00edkov\u00e1 r\u00farka, kr\u00ed\u017eov\u00fd hriade\u013e 24x63 6\/6 - Exparto.pl\" \/>\n<meta property=\"og:description\" content=\"V\u00fdvodov\u00e9 hriadele sa pou\u017e\u00edvaj\u00fa na prenos kr\u00fatiaceho momentu z v\u00fdvodov\u00e9ho hriade\u013ea (PTO) traktora na v\u00fdvodov\u00fd hriade\u013e (PTO) stroja, ktor\u00fd je pripojen\u00fd k tomuto traktoru.\" \/>\n<meta property=\"og:url\" content=\"https:\/\/exparto.pl\/sk\/produkt\/wal-przegubowy-wom-80cm-300nm-rura-krzyzak-24x63\/\" \/>\n<meta property=\"og:site_name\" content=\"Exparto.pl\" \/>\n<meta property=\"article:publisher\" content=\"https:\/\/www.facebook.com\/exparto.agro\/\" \/>\n<meta property=\"og:image\" content=\"https:\/\/exparto.pl\/wp-content\/uploads\/2023\/03\/67.jpg\" \/>\n\t<meta property=\"og:image:width\" content=\"1000\" \/>\n\t<meta property=\"og:image:height\" content=\"1000\" \/>\n\t<meta property=\"og:image:type\" content=\"image\/jpeg\" \/>\n<meta name=\"twitter:card\" content=\"summary_large_image\" \/>\n<meta name=\"twitter:label1\" content=\"Predpokladan\u00fd \u010das \u010d\u00edtania\" \/>\n\t<meta name=\"twitter:data1\" content=\"1 min\u00fata\" \/>\n<script type=\"application\/ld+json\" class=\"yoast-schema-graph\">{\"@context\":\"https:\/\/schema.org\",\"@graph\":[{\"@type\":\"WebPage\",\"@id\":\"https:\/\/exparto.pl\/sk\/produkt\/wal-przegubowy-wom-80cm-300nm-rura-krzyzak-24x63\/\",\"url\":\"https:\/\/exparto.pl\/sk\/produkt\/wal-przegubowy-wom-80cm-300nm-rura-krzyzak-24x63\/\",\"name\":\"Univerz\u00e1lny hriade\u013e kardanov\u00e9ho hriade\u013ea, 80 cm, 300 Nm, trojuholn\u00edkov\u00e1 r\u00farka, kr\u00ed\u017eov\u00fd hriade\u013e 24x63 6\/6 - Exparto.pl\",\"isPartOf\":{\"@id\":\"https:\/\/exparto.pl\/sk\/#website\"},\"primaryImageOfPage\":{\"@id\":\"https:\/\/exparto.pl\/sk\/produkt\/wal-przegubowy-wom-80cm-300nm-rura-krzyzak-24x63\/#primaryimage\"},\"image\":{\"@id\":\"https:\/\/exparto.pl\/sk\/produkt\/wal-przegubowy-wom-80cm-300nm-rura-krzyzak-24x63\/#primaryimage\"},\"thumbnailUrl\":\"https:\/\/exparto.pl\/wp-content\/uploads\/2025\/12\/b0923fc499a2e63ee3143a79b8288c2e.jpg\",\"datePublished\":\"2023-02-09T12:13:19+00:00\",\"breadcrumb\":{\"@id\":\"https:\/\/exparto.pl\/sk\/produkt\/wal-przegubowy-wom-80cm-300nm-rura-krzyzak-24x63\/#breadcrumb\"},\"inLanguage\":\"sk-SK\",\"potentialAction\":[{\"@type\":\"ReadAction\",\"target\":[\"https:\/\/exparto.pl\/sk\/produkt\/wal-przegubowy-wom-80cm-300nm-rura-krzyzak-24x63\/\"]}]},{\"@type\":\"ImageObject\",\"inLanguage\":\"sk-SK\",\"@id\":\"https:\/\/exparto.pl\/sk\/produkt\/wal-przegubowy-wom-80cm-300nm-rura-krzyzak-24x63\/#primaryimage\",\"url\":\"https:\/\/exparto.pl\/wp-content\/uploads\/2025\/12\/b0923fc499a2e63ee3143a79b8288c2e.jpg\",\"contentUrl\":\"https:\/\/exparto.pl\/wp-content\/uploads\/2025\/12\/b0923fc499a2e63ee3143a79b8288c2e.jpg\",\"width\":1000,\"height\":1000},{\"@type\":\"BreadcrumbList\",\"@id\":\"https:\/\/exparto.pl\/sk\/produkt\/wal-przegubowy-wom-80cm-300nm-rura-krzyzak-24x63\/#breadcrumb\",\"itemListElement\":[{\"@type\":\"ListItem\",\"position\":1,\"name\":\"Domovsk\u00e1 str\u00e1nka\",\"item\":\"https:\/\/exparto.pl\/sk\/domovska-stranka\/\"},{\"@type\":\"ListItem\",\"position\":2,\"name\":\"Sklep\",\"item\":\"https:\/\/exparto.pl\/sklep\/\"},{\"@type\":\"ListItem\",\"position\":3,\"name\":\"Trojuholn\u00edkov\u00e9 r\u00farkov\u00e9 hriadele\",\"item\":\"https:\/\/exparto.pl\/sk\/kategoria-produktov\/teleskopicke-vyvodove-hriadele\/trojuholnikove-rurkove-hriadele\/\"},{\"@type\":\"ListItem\",\"position\":4,\"name\":\"Univerz\u00e1lny hriade\u013e kardanov\u00e9ho hriade\u013ea, 80 cm, 300 Nm, trojuholn\u00edkov\u00e1 r\u00farka, kr\u00ed\u017eov\u00fd hriade\u013e 24&#215;63 6\/6\"}]},{\"@type\":\"WebSite\",\"@id\":\"https:\/\/exparto.pl\/sk\/#website\",\"url\":\"https:\/\/exparto.pl\/sk\/\",\"name\":\"EXPARTO\",\"description\":\"More than agro parts\",\"publisher\":{\"@id\":\"https:\/\/exparto.pl\/sk\/#organization\"},\"potentialAction\":[{\"@type\":\"SearchAction\",\"target\":{\"@type\":\"EntryPoint\",\"urlTemplate\":\"https:\/\/exparto.pl\/sk\/?s={search_term_string}\"},\"query-input\":{\"@type\":\"PropertyValueSpecification\",\"valueRequired\":true,\"valueName\":\"search_term_string\"}}],\"inLanguage\":\"sk-SK\"},{\"@type\":\"Organization\",\"@id\":\"https:\/\/exparto.pl\/sk\/#organization\",\"name\":\"EXPARTO\",\"url\":\"https:\/\/exparto.pl\/sk\/\",\"logo\":{\"@type\":\"ImageObject\",\"inLanguage\":\"sk-SK\",\"@id\":\"https:\/\/exparto.pl\/sk\/#\/schema\/logo\/image\/\",\"url\":\"https:\/\/exparto.pl\/wp-content\/uploads\/2023\/02\/logo-wektor.png\",\"contentUrl\":\"https:\/\/exparto.pl\/wp-content\/uploads\/2023\/02\/logo-wektor.png\",\"width\":1338,\"height\":143,\"caption\":\"EXPARTO\"},\"image\":{\"@id\":\"https:\/\/exparto.pl\/sk\/#\/schema\/logo\/image\/\"},\"sameAs\":[\"https:\/\/www.facebook.com\/exparto.agro\/\"]}]}<\/script>\n<!-- \/ Yoast SEO plugin. -->","yoast_head_json":{"title":"Univerz\u00e1lny hriade\u013e kardanov\u00e9ho hriade\u013ea, 80 cm, 300 Nm, trojuholn\u00edkov\u00e1 r\u00farka, kr\u00ed\u017eov\u00fd hriade\u013e 24x63 6\/6 - Exparto.pl","robots":{"index":"index","follow":"follow","max-snippet":"max-snippet:-1","max-image-preview":"max-image-preview:large","max-video-preview":"max-video-preview:-1"},"canonical":"https:\/\/exparto.pl\/sk\/produkt\/wal-przegubowy-wom-80cm-300nm-rura-krzyzak-24x63\/","og_locale":"sk_SK","og_type":"article","og_title":"Univerz\u00e1lny hriade\u013e kardanov\u00e9ho hriade\u013ea, 80 cm, 300 Nm, trojuholn\u00edkov\u00e1 r\u00farka, kr\u00ed\u017eov\u00fd hriade\u013e 24x63 6\/6 - Exparto.pl","og_description":"V\u00fdvodov\u00e9 hriadele sa pou\u017e\u00edvaj\u00fa na prenos kr\u00fatiaceho momentu z v\u00fdvodov\u00e9ho hriade\u013ea (PTO) traktora na v\u00fdvodov\u00fd hriade\u013e (PTO) stroja, ktor\u00fd je pripojen\u00fd k tomuto traktoru.","og_url":"https:\/\/exparto.pl\/sk\/produkt\/wal-przegubowy-wom-80cm-300nm-rura-krzyzak-24x63\/","og_site_name":"Exparto.pl","article_publisher":"https:\/\/www.facebook.com\/exparto.agro\/","og_image":[{"width":1000,"height":1000,"url":"https:\/\/exparto.pl\/wp-content\/uploads\/2023\/03\/67.jpg","type":"image\/jpeg"}],"twitter_card":"summary_large_image","twitter_misc":{"Predpokladan\u00fd \u010das \u010d\u00edtania":"1 min\u00fata"},"schema":{"@context":"https:\/\/schema.org","@graph":[{"@type":"WebPage","@id":"https:\/\/exparto.pl\/sk\/produkt\/wal-przegubowy-wom-80cm-300nm-rura-krzyzak-24x63\/","url":"https:\/\/exparto.pl\/sk\/produkt\/wal-przegubowy-wom-80cm-300nm-rura-krzyzak-24x63\/","name":"Univerz\u00e1lny hriade\u013e kardanov\u00e9ho hriade\u013ea, 80 cm, 300 Nm, trojuholn\u00edkov\u00e1 r\u00farka, kr\u00ed\u017eov\u00fd hriade\u013e 24x63 6\/6 - Exparto.pl","isPartOf":{"@id":"https:\/\/exparto.pl\/sk\/#website"},"primaryImageOfPage":{"@id":"https:\/\/exparto.pl\/sk\/produkt\/wal-przegubowy-wom-80cm-300nm-rura-krzyzak-24x63\/#primaryimage"},"image":{"@id":"https:\/\/exparto.pl\/sk\/produkt\/wal-przegubowy-wom-80cm-300nm-rura-krzyzak-24x63\/#primaryimage"},"thumbnailUrl":"https:\/\/exparto.pl\/wp-content\/uploads\/2025\/12\/b0923fc499a2e63ee3143a79b8288c2e.jpg","datePublished":"2023-02-09T12:13:19+00:00","breadcrumb":{"@id":"https:\/\/exparto.pl\/sk\/produkt\/wal-przegubowy-wom-80cm-300nm-rura-krzyzak-24x63\/#breadcrumb"},"inLanguage":"sk-SK","potentialAction":[{"@type":"ReadAction","target":["https:\/\/exparto.pl\/sk\/produkt\/wal-przegubowy-wom-80cm-300nm-rura-krzyzak-24x63\/"]}]},{"@type":"ImageObject","inLanguage":"sk-SK","@id":"https:\/\/exparto.pl\/sk\/produkt\/wal-przegubowy-wom-80cm-300nm-rura-krzyzak-24x63\/#primaryimage","url":"https:\/\/exparto.pl\/wp-content\/uploads\/2025\/12\/b0923fc499a2e63ee3143a79b8288c2e.jpg","contentUrl":"https:\/\/exparto.pl\/wp-content\/uploads\/2025\/12\/b0923fc499a2e63ee3143a79b8288c2e.jpg","width":1000,"height":1000},{"@type":"BreadcrumbList","@id":"https:\/\/exparto.pl\/sk\/produkt\/wal-przegubowy-wom-80cm-300nm-rura-krzyzak-24x63\/#breadcrumb","itemListElement":[{"@type":"ListItem","position":1,"name":"Domovsk\u00e1 str\u00e1nka","item":"https:\/\/exparto.pl\/sk\/domovska-stranka\/"},{"@type":"ListItem","position":2,"name":"Sklep","item":"https:\/\/exparto.pl\/sklep\/"},{"@type":"ListItem","position":3,"name":"Trojuholn\u00edkov\u00e9 r\u00farkov\u00e9 hriadele","item":"https:\/\/exparto.pl\/sk\/kategoria-produktov\/teleskopicke-vyvodove-hriadele\/trojuholnikove-rurkove-hriadele\/"},{"@type":"ListItem","position":4,"name":"Univerz\u00e1lny hriade\u013e kardanov\u00e9ho hriade\u013ea, 80 cm, 300 Nm, trojuholn\u00edkov\u00e1 r\u00farka, kr\u00ed\u017eov\u00fd hriade\u013e 24&#215;63 6\/6"}]},{"@type":"WebSite","@id":"https:\/\/exparto.pl\/sk\/#website","url":"https:\/\/exparto.pl\/sk\/","name":"EXPARTO","description":"More than agro parts","publisher":{"@id":"https:\/\/exparto.pl\/sk\/#organization"},"potentialAction":[{"@type":"SearchAction","target":{"@type":"EntryPoint","urlTemplate":"https:\/\/exparto.pl\/sk\/?s={search_term_string}"},"query-input":{"@type":"PropertyValueSpecification","valueRequired":true,"valueName":"search_term_string"}}],"inLanguage":"sk-SK"},{"@type":"Organization","@id":"https:\/\/exparto.pl\/sk\/#organization","name":"EXPARTO","url":"https:\/\/exparto.pl\/sk\/","logo":{"@type":"ImageObject","inLanguage":"sk-SK","@id":"https:\/\/exparto.pl\/sk\/#\/schema\/logo\/image\/","url":"https:\/\/exparto.pl\/wp-content\/uploads\/2023\/02\/logo-wektor.png","contentUrl":"https:\/\/exparto.pl\/wp-content\/uploads\/2023\/02\/logo-wektor.png","width":1338,"height":143,"caption":"EXPARTO"},"image":{"@id":"https:\/\/exparto.pl\/sk\/#\/schema\/logo\/image\/"},"sameAs":["https:\/\/www.facebook.com\/exparto.agro\/"]}]}},"_links":{"self":[{"href":"https:\/\/exparto.pl\/sk\/wp-json\/wp\/v2\/product\/13609","targetHints":{"allow":["GET"]}}],"collection":[{"href":"https:\/\/exparto.pl\/sk\/wp-json\/wp\/v2\/product"}],"about":[{"href":"https:\/\/exparto.pl\/sk\/wp-json\/wp\/v2\/types\/product"}],"replies":[{"embeddable":true,"href":"https:\/\/exparto.pl\/sk\/wp-json\/wp\/v2\/comments?post=13609"}],"wp:featuredmedia":[{"embeddable":true,"href":"https:\/\/exparto.pl\/sk\/wp-json\/wp\/v2\/media\/60867"}],"wp:attachment":[{"href":"https:\/\/exparto.pl\/sk\/wp-json\/wp\/v2\/media?parent=13609"}],"wp:term":[{"taxonomy":"product_brand","embeddable":true,"href":"https:\/\/exparto.pl\/sk\/wp-json\/wp\/v2\/product_brand?post=13609"},{"taxonomy":"product_cat","embeddable":true,"href":"https:\/\/exparto.pl\/sk\/wp-json\/wp\/v2\/product_cat?post=13609"},{"taxonomy":"product_tag","embeddable":true,"href":"https:\/\/exparto.pl\/sk\/wp-json\/wp\/v2\/product_tag?post=13609"}],"curies":[{"name":"wp","href":"https:\/\/api.w.org\/{rel}","templated":true}]}}