{"id":13627,"date":"2023-03-01T17:01:00","date_gmt":"2023-03-01T16:01:00","guid":{"rendered":"https:\/\/exparto.pl\/produkt\/zubova-priama-kovana-ihla-pre-celny-nakladac-l-1100-1100-mm\/"},"modified":"2023-03-01T17:01:00","modified_gmt":"2023-03-01T16:01:00","slug":"zab-palec-prosty-igla-kuta-do-ladowacza-czolowego-l-1100-1100-mm","status":"publish","type":"product","link":"https:\/\/exparto.pl\/sk\/produkt\/zab-palec-prosty-igla-kuta-do-ladowacza-czolowego-l-1100-1100-mm\/","title":{"rendered":"Zubov\u00e1 priama kovan\u00e1 ihla pre \u010deln\u00fd naklada\u010d L-1100 \/ 1100 mm"},"content":{"rendered":"<p class=\"MsoNormal\" style=\"text-align: justify\"><span style=\"color: inherit;font-weight: 700 !important\">Kovan\u00e9 hroty EXPARTO &#8211; ide\u00e1lna vo\u013eba pre \u010deln\u00e9 naklada\u010de a teleskopick\u00e9 manipul\u00e1tory TUR. Pre\u010do?<\/span><\/p>\n<ul style=\"text-align: justify\">\n<li><span style=\"text-indent: -18pt\">Kovan\u00e9 zuby Exparto sa z\u00edskavaj\u00fa z\u00e1pustkov\u00fdm kovan\u00edm, podobne ako piesty v spa\u013eovac\u00edch motoroch \u0161pi\u010dkov\u00fdch \u0161portov\u00fdch vozidiel.<\/span><\/li>\n<li>Vyzna\u010duj\u00fa sa vynikaj\u00facou kvalitou, tvrdos\u0165ou a z\u00e1rove\u0148 pru\u017enos\u0165ou, ktor\u00e1 zaru\u010duje dlhoro\u010dn\u00e9 bezprobl\u00e9mov\u00e9 pou\u017e\u00edvanie. Po\u017eadovan\u00fa flexibilitu mo\u017eno dosiahnu\u0165 len v\u010faka detailn\u00e9mu spracovaniu a doh\u013eadu nad procesom tepeln\u00e9ho spracovania. \u00darove\u0148 stvrdnutia kontrolujeme na nieko\u013ek\u00fdch miestach na ka\u017edom prste.<\/li>\n<li>Okrem toho n\u00e1m merania ka\u017edej d\u00e1vky d\u00e1vaj\u00fa istotu, \u017ee hroty EXPARTO dokonale zapadaj\u00fa do puzdier privaren\u00fdch do pr\u00eddavn\u00fdch zariaden\u00ed naklada\u010da. Z\u00e1vity s\u00fa samosvorn\u00e9, to znamen\u00e1, \u017ee sa nedaj\u00fa odskrutkova\u0165 z matice, tak\u017ee nedoch\u00e1dza k de\u0161trukt\u00edvnej v\u00f4li.<span style=\"font-size: 7pt;line-height: normal\"> <\/span><\/li>\n<li><span style=\"text-indent: -18pt\">Spolo\u010dnos\u0165 Exparto je jedn\u00fdm z m\u00e1la dod\u00e1vate\u013eov, ktor\u00ed vykon\u00e1vaj\u00fa metalografick\u00fa kontrolu po procese tepeln\u00e9ho spracovania zubov. Ide o preuk\u00e1zanie, \u017ee bola pou\u017eit\u00e1 optim\u00e1lna teplota kalenia. Ak je teplota pr\u00edli\u0161 vysok\u00e1, tvrdos\u0165 s\u00edce bude pod\u013ea po\u017eiadaviek, ale hrub\u00e1 \u0161trukt\u00fara sp\u00f4sob\u00ed praskanie a pred\u010dasn\u00e9 opotrebovanie zuba.<\/span><\/li>\n<li>Kontrolujeme chemick\u00e9 zlo\u017eenie hne\u010f na za\u010diatku v\u00fdrobn\u00e9ho procesu, preto\u017ee ani ten naj\u00fa\u010dinnej\u0161\u00ed proces nezabezpe\u010d\u00ed 100 % kvalitu, ak je kvalita vstupn\u00e9ho materi\u00e1lu n\u00edzka.<\/li>\n<li>Presnos\u0165 ochrann\u00e9ho lakovania zachov\u00e1va estetick\u00fd vzh\u013ead hrotov naklada\u010da po mnoho rokov.<\/li>\n<\/ul>\n<p class=\"MsoNormal\" style=\"text-align: justify\"><span style=\"color: inherit;font-weight: 700 !important\">Kovan\u00e9 hroty Exparto sa \u00faspe\u0161ne pou\u017e\u00edvaj\u00fa v<\/span> drap\u00e1ku, sil\u00e1\u017enom drap\u00e1ku, posuvn\u00fdch paletov\u00fdch vidliach s \u010dapmi, vidliach na hnoj a slamu Model Q, vidliach na bal\u00edky, sil\u00e1\u017enej reza\u010dke.<\/p>\n<p class=\"MsoNormal\" style=\"text-align: justify\"><span style=\"color: inherit;font-weight: 700 !important\">Kovan\u00e9 radlice Exparto s\u00fa kompatibiln\u00e9 s pr\u00eddavn\u00fdmi zariadeniami pre \u010deln\u00e9 naklada\u010de a teleskopick\u00e9 naklada\u010de, ktor\u00e9 vyr\u00e1baj\u00fa: <\/span>Agromasz, Hydramet, Inter Tech, Metal-Fach, Metaltechnik, MX, New Holland, Quick, Stoll, Volant, Zetor<\/p>\n","protected":false},"excerpt":{"rendered":"<p style=\"text-align: justify\">Kovan\u00e9 hroty EXPARTO &#8211; ide\u00e1lna vo\u013eba pre \u010deln\u00e9 naklada\u010de a teleskopick\u00e9 manipul\u00e1tory TUR.<\/p>\n","protected":false},"featured_media":4554,"comment_status":"open","ping_status":"closed","template":"","meta":{"_acf_changed":false,"inline_featured_image":false},"product_brand":[],"product_cat":[672,671],"product_tag":[],"class_list":{"0":"post-13627","1":"product","2":"type-product","3":"status-publish","4":"has-post-thumbnail","6":"product_cat-jarne-prsty","7":"product_cat-nahradne-diely-pre-celne-nakladace","9":"first","10":"instock","11":"taxable","12":"shipping-taxable","13":"purchasable","14":"product-type-simple"},"acf":[],"yoast_head":"<!-- This site is optimized with the Yoast SEO plugin v27.4 - https:\/\/yoast.com\/product\/yoast-seo-wordpress\/ -->\n<title>Zubov\u00e1 priama kovan\u00e1 ihla pre \u010deln\u00fd naklada\u010d L-1100 \/ 1100 mm - Exparto.pl<\/title>\n<meta name=\"robots\" content=\"index, follow, max-snippet:-1, max-image-preview:large, max-video-preview:-1\" \/>\n<link rel=\"canonical\" href=\"https:\/\/exparto.pl\/sk\/produkt\/zab-palec-prosty-igla-kuta-do-ladowacza-czolowego-l-1100-1100-mm\/\" \/>\n<meta property=\"og:locale\" content=\"sk_SK\" \/>\n<meta property=\"og:type\" content=\"article\" \/>\n<meta property=\"og:title\" content=\"Zubov\u00e1 priama kovan\u00e1 ihla pre \u010deln\u00fd naklada\u010d L-1100 \/ 1100 mm - Exparto.pl\" \/>\n<meta property=\"og:description\" content=\"Kovan\u00e9 hroty EXPARTO - ide\u00e1lna vo\u013eba pre \u010deln\u00e9 naklada\u010de a teleskopick\u00e9 manipul\u00e1tory TUR.\" \/>\n<meta property=\"og:url\" content=\"https:\/\/exparto.pl\/sk\/produkt\/zab-palec-prosty-igla-kuta-do-ladowacza-czolowego-l-1100-1100-mm\/\" \/>\n<meta property=\"og:site_name\" content=\"Exparto.pl\" \/>\n<meta property=\"article:publisher\" content=\"https:\/\/www.facebook.com\/exparto.agro\/\" \/>\n<meta property=\"og:image\" content=\"https:\/\/exparto.pl\/wp-content\/uploads\/2023\/03\/d4c179b072bc7d86913d73a70840dd28.jpg\" \/>\n\t<meta property=\"og:image:width\" content=\"1000\" \/>\n\t<meta property=\"og:image:height\" content=\"1000\" \/>\n\t<meta property=\"og:image:type\" content=\"image\/jpeg\" \/>\n<meta name=\"twitter:card\" content=\"summary_large_image\" \/>\n<meta name=\"twitter:label1\" content=\"Predpokladan\u00fd \u010das \u010d\u00edtania\" \/>\n\t<meta name=\"twitter:data1\" content=\"2 min\u00faty\" \/>\n<script type=\"application\/ld+json\" class=\"yoast-schema-graph\">{\"@context\":\"https:\\\/\\\/schema.org\",\"@graph\":[{\"@type\":\"WebPage\",\"@id\":\"https:\\\/\\\/exparto.pl\\\/sk\\\/produkt\\\/zab-palec-prosty-igla-kuta-do-ladowacza-czolowego-l-1100-1100-mm\\\/\",\"url\":\"https:\\\/\\\/exparto.pl\\\/sk\\\/produkt\\\/zab-palec-prosty-igla-kuta-do-ladowacza-czolowego-l-1100-1100-mm\\\/\",\"name\":\"Zubov\u00e1 priama kovan\u00e1 ihla pre \u010deln\u00fd naklada\u010d L-1100 \\\/ 1100 mm - Exparto.pl\",\"isPartOf\":{\"@id\":\"https:\\\/\\\/exparto.pl\\\/sk\\\/#website\"},\"primaryImageOfPage\":{\"@id\":\"https:\\\/\\\/exparto.pl\\\/sk\\\/produkt\\\/zab-palec-prosty-igla-kuta-do-ladowacza-czolowego-l-1100-1100-mm\\\/#primaryimage\"},\"image\":{\"@id\":\"https:\\\/\\\/exparto.pl\\\/sk\\\/produkt\\\/zab-palec-prosty-igla-kuta-do-ladowacza-czolowego-l-1100-1100-mm\\\/#primaryimage\"},\"thumbnailUrl\":\"https:\\\/\\\/exparto.pl\\\/wp-content\\\/uploads\\\/2023\\\/03\\\/d4c179b072bc7d86913d73a70840dd28.jpg\",\"datePublished\":\"2023-03-01T16:01:00+00:00\",\"breadcrumb\":{\"@id\":\"https:\\\/\\\/exparto.pl\\\/sk\\\/produkt\\\/zab-palec-prosty-igla-kuta-do-ladowacza-czolowego-l-1100-1100-mm\\\/#breadcrumb\"},\"inLanguage\":\"sk-SK\",\"potentialAction\":[{\"@type\":\"ReadAction\",\"target\":[\"https:\\\/\\\/exparto.pl\\\/sk\\\/produkt\\\/zab-palec-prosty-igla-kuta-do-ladowacza-czolowego-l-1100-1100-mm\\\/\"]}]},{\"@type\":\"ImageObject\",\"inLanguage\":\"sk-SK\",\"@id\":\"https:\\\/\\\/exparto.pl\\\/sk\\\/produkt\\\/zab-palec-prosty-igla-kuta-do-ladowacza-czolowego-l-1100-1100-mm\\\/#primaryimage\",\"url\":\"https:\\\/\\\/exparto.pl\\\/wp-content\\\/uploads\\\/2023\\\/03\\\/d4c179b072bc7d86913d73a70840dd28.jpg\",\"contentUrl\":\"https:\\\/\\\/exparto.pl\\\/wp-content\\\/uploads\\\/2023\\\/03\\\/d4c179b072bc7d86913d73a70840dd28.jpg\",\"width\":1000,\"height\":1000},{\"@type\":\"BreadcrumbList\",\"@id\":\"https:\\\/\\\/exparto.pl\\\/sk\\\/produkt\\\/zab-palec-prosty-igla-kuta-do-ladowacza-czolowego-l-1100-1100-mm\\\/#breadcrumb\",\"itemListElement\":[{\"@type\":\"ListItem\",\"position\":1,\"name\":\"Domovsk\u00e1 str\u00e1nka\",\"item\":\"https:\\\/\\\/exparto.pl\\\/sk\\\/domovska-stranka\\\/\"},{\"@type\":\"ListItem\",\"position\":2,\"name\":\"Sklep\",\"item\":\"https:\\\/\\\/exparto.pl\\\/sklep\\\/\"},{\"@type\":\"ListItem\",\"position\":3,\"name\":\"N\u00e1hradn\u00e9 diely pre \u010deln\u00e9 naklada\u010de\",\"item\":\"https:\\\/\\\/exparto.pl\\\/sk\\\/kategoria-produktov\\\/nahradne-diely-pre-celne-nakladace\\\/\"},{\"@type\":\"ListItem\",\"position\":4,\"name\":\"Jarn\u00e9 prsty\",\"item\":\"https:\\\/\\\/exparto.pl\\\/sk\\\/kategoria-produktov\\\/nahradne-diely-pre-celne-nakladace\\\/jarne-prsty\\\/\"},{\"@type\":\"ListItem\",\"position\":5,\"name\":\"Zubov\u00e1 priama kovan\u00e1 ihla pre \u010deln\u00fd naklada\u010d L-1100 \\\/ 1100 mm\"}]},{\"@type\":\"WebSite\",\"@id\":\"https:\\\/\\\/exparto.pl\\\/sk\\\/#website\",\"url\":\"https:\\\/\\\/exparto.pl\\\/sk\\\/\",\"name\":\"EXPARTO\",\"description\":\"More than agro parts\",\"publisher\":{\"@id\":\"https:\\\/\\\/exparto.pl\\\/sk\\\/#organization\"},\"potentialAction\":[{\"@type\":\"SearchAction\",\"target\":{\"@type\":\"EntryPoint\",\"urlTemplate\":\"https:\\\/\\\/exparto.pl\\\/sk\\\/?s={search_term_string}\"},\"query-input\":{\"@type\":\"PropertyValueSpecification\",\"valueRequired\":true,\"valueName\":\"search_term_string\"}}],\"inLanguage\":\"sk-SK\"},{\"@type\":\"Organization\",\"@id\":\"https:\\\/\\\/exparto.pl\\\/sk\\\/#organization\",\"name\":\"EXPARTO\",\"url\":\"https:\\\/\\\/exparto.pl\\\/sk\\\/\",\"logo\":{\"@type\":\"ImageObject\",\"inLanguage\":\"sk-SK\",\"@id\":\"https:\\\/\\\/exparto.pl\\\/sk\\\/#\\\/schema\\\/logo\\\/image\\\/\",\"url\":\"https:\\\/\\\/exparto.pl\\\/wp-content\\\/uploads\\\/2023\\\/02\\\/logo-wektor.png\",\"contentUrl\":\"https:\\\/\\\/exparto.pl\\\/wp-content\\\/uploads\\\/2023\\\/02\\\/logo-wektor.png\",\"width\":1338,\"height\":143,\"caption\":\"EXPARTO\"},\"image\":{\"@id\":\"https:\\\/\\\/exparto.pl\\\/sk\\\/#\\\/schema\\\/logo\\\/image\\\/\"},\"sameAs\":[\"https:\\\/\\\/www.facebook.com\\\/exparto.agro\\\/\"]}]}<\/script>\n<!-- \/ Yoast SEO plugin. -->","yoast_head_json":{"title":"Zubov\u00e1 priama kovan\u00e1 ihla pre \u010deln\u00fd naklada\u010d L-1100 \/ 1100 mm - Exparto.pl","robots":{"index":"index","follow":"follow","max-snippet":"max-snippet:-1","max-image-preview":"max-image-preview:large","max-video-preview":"max-video-preview:-1"},"canonical":"https:\/\/exparto.pl\/sk\/produkt\/zab-palec-prosty-igla-kuta-do-ladowacza-czolowego-l-1100-1100-mm\/","og_locale":"sk_SK","og_type":"article","og_title":"Zubov\u00e1 priama kovan\u00e1 ihla pre \u010deln\u00fd naklada\u010d L-1100 \/ 1100 mm - Exparto.pl","og_description":"Kovan\u00e9 hroty EXPARTO - ide\u00e1lna vo\u013eba pre \u010deln\u00e9 naklada\u010de a teleskopick\u00e9 manipul\u00e1tory TUR.","og_url":"https:\/\/exparto.pl\/sk\/produkt\/zab-palec-prosty-igla-kuta-do-ladowacza-czolowego-l-1100-1100-mm\/","og_site_name":"Exparto.pl","article_publisher":"https:\/\/www.facebook.com\/exparto.agro\/","og_image":[{"width":1000,"height":1000,"url":"https:\/\/exparto.pl\/wp-content\/uploads\/2023\/03\/d4c179b072bc7d86913d73a70840dd28.jpg","type":"image\/jpeg"}],"twitter_card":"summary_large_image","twitter_misc":{"Predpokladan\u00fd \u010das \u010d\u00edtania":"2 min\u00faty"},"schema":{"@context":"https:\/\/schema.org","@graph":[{"@type":"WebPage","@id":"https:\/\/exparto.pl\/sk\/produkt\/zab-palec-prosty-igla-kuta-do-ladowacza-czolowego-l-1100-1100-mm\/","url":"https:\/\/exparto.pl\/sk\/produkt\/zab-palec-prosty-igla-kuta-do-ladowacza-czolowego-l-1100-1100-mm\/","name":"Zubov\u00e1 priama kovan\u00e1 ihla pre \u010deln\u00fd naklada\u010d L-1100 \/ 1100 mm - Exparto.pl","isPartOf":{"@id":"https:\/\/exparto.pl\/sk\/#website"},"primaryImageOfPage":{"@id":"https:\/\/exparto.pl\/sk\/produkt\/zab-palec-prosty-igla-kuta-do-ladowacza-czolowego-l-1100-1100-mm\/#primaryimage"},"image":{"@id":"https:\/\/exparto.pl\/sk\/produkt\/zab-palec-prosty-igla-kuta-do-ladowacza-czolowego-l-1100-1100-mm\/#primaryimage"},"thumbnailUrl":"https:\/\/exparto.pl\/wp-content\/uploads\/2023\/03\/d4c179b072bc7d86913d73a70840dd28.jpg","datePublished":"2023-03-01T16:01:00+00:00","breadcrumb":{"@id":"https:\/\/exparto.pl\/sk\/produkt\/zab-palec-prosty-igla-kuta-do-ladowacza-czolowego-l-1100-1100-mm\/#breadcrumb"},"inLanguage":"sk-SK","potentialAction":[{"@type":"ReadAction","target":["https:\/\/exparto.pl\/sk\/produkt\/zab-palec-prosty-igla-kuta-do-ladowacza-czolowego-l-1100-1100-mm\/"]}]},{"@type":"ImageObject","inLanguage":"sk-SK","@id":"https:\/\/exparto.pl\/sk\/produkt\/zab-palec-prosty-igla-kuta-do-ladowacza-czolowego-l-1100-1100-mm\/#primaryimage","url":"https:\/\/exparto.pl\/wp-content\/uploads\/2023\/03\/d4c179b072bc7d86913d73a70840dd28.jpg","contentUrl":"https:\/\/exparto.pl\/wp-content\/uploads\/2023\/03\/d4c179b072bc7d86913d73a70840dd28.jpg","width":1000,"height":1000},{"@type":"BreadcrumbList","@id":"https:\/\/exparto.pl\/sk\/produkt\/zab-palec-prosty-igla-kuta-do-ladowacza-czolowego-l-1100-1100-mm\/#breadcrumb","itemListElement":[{"@type":"ListItem","position":1,"name":"Domovsk\u00e1 str\u00e1nka","item":"https:\/\/exparto.pl\/sk\/domovska-stranka\/"},{"@type":"ListItem","position":2,"name":"Sklep","item":"https:\/\/exparto.pl\/sklep\/"},{"@type":"ListItem","position":3,"name":"N\u00e1hradn\u00e9 diely pre \u010deln\u00e9 naklada\u010de","item":"https:\/\/exparto.pl\/sk\/kategoria-produktov\/nahradne-diely-pre-celne-nakladace\/"},{"@type":"ListItem","position":4,"name":"Jarn\u00e9 prsty","item":"https:\/\/exparto.pl\/sk\/kategoria-produktov\/nahradne-diely-pre-celne-nakladace\/jarne-prsty\/"},{"@type":"ListItem","position":5,"name":"Zubov\u00e1 priama kovan\u00e1 ihla pre \u010deln\u00fd naklada\u010d L-1100 \/ 1100 mm"}]},{"@type":"WebSite","@id":"https:\/\/exparto.pl\/sk\/#website","url":"https:\/\/exparto.pl\/sk\/","name":"EXPARTO","description":"More than agro parts","publisher":{"@id":"https:\/\/exparto.pl\/sk\/#organization"},"potentialAction":[{"@type":"SearchAction","target":{"@type":"EntryPoint","urlTemplate":"https:\/\/exparto.pl\/sk\/?s={search_term_string}"},"query-input":{"@type":"PropertyValueSpecification","valueRequired":true,"valueName":"search_term_string"}}],"inLanguage":"sk-SK"},{"@type":"Organization","@id":"https:\/\/exparto.pl\/sk\/#organization","name":"EXPARTO","url":"https:\/\/exparto.pl\/sk\/","logo":{"@type":"ImageObject","inLanguage":"sk-SK","@id":"https:\/\/exparto.pl\/sk\/#\/schema\/logo\/image\/","url":"https:\/\/exparto.pl\/wp-content\/uploads\/2023\/02\/logo-wektor.png","contentUrl":"https:\/\/exparto.pl\/wp-content\/uploads\/2023\/02\/logo-wektor.png","width":1338,"height":143,"caption":"EXPARTO"},"image":{"@id":"https:\/\/exparto.pl\/sk\/#\/schema\/logo\/image\/"},"sameAs":["https:\/\/www.facebook.com\/exparto.agro\/"]}]}},"_links":{"self":[{"href":"https:\/\/exparto.pl\/sk\/wp-json\/wp\/v2\/product\/13627","targetHints":{"allow":["GET"]}}],"collection":[{"href":"https:\/\/exparto.pl\/sk\/wp-json\/wp\/v2\/product"}],"about":[{"href":"https:\/\/exparto.pl\/sk\/wp-json\/wp\/v2\/types\/product"}],"replies":[{"embeddable":true,"href":"https:\/\/exparto.pl\/sk\/wp-json\/wp\/v2\/comments?post=13627"}],"wp:featuredmedia":[{"embeddable":true,"href":"https:\/\/exparto.pl\/sk\/wp-json\/wp\/v2\/media\/4554"}],"wp:attachment":[{"href":"https:\/\/exparto.pl\/sk\/wp-json\/wp\/v2\/media?parent=13627"}],"wp:term":[{"taxonomy":"product_brand","embeddable":true,"href":"https:\/\/exparto.pl\/sk\/wp-json\/wp\/v2\/product_brand?post=13627"},{"taxonomy":"product_cat","embeddable":true,"href":"https:\/\/exparto.pl\/sk\/wp-json\/wp\/v2\/product_cat?post=13627"},{"taxonomy":"product_tag","embeddable":true,"href":"https:\/\/exparto.pl\/sk\/wp-json\/wp\/v2\/product_tag?post=13627"}],"curies":[{"name":"wp","href":"https:\/\/api.w.org\/{rel}","templated":true}]}}