{"id":13629,"date":"2023-02-28T12:16:06","date_gmt":"2023-02-28T11:16:06","guid":{"rendered":"https:\/\/exparto.pl\/produkt\/univerzalny-hriadel-kardanoveho-hriadela-80-cm-500-nm-trojuholnikova-rurka-priecna-rurka-27x745-6-6-capova-spojka\/"},"modified":"2023-02-28T11:16:06","modified_gmt":"2023-02-28T10:16:06","slug":"wal-przegubowy-wom-80cm-500nm-rura-krzyzak-27x745-6-6-sprzeglo-z-kolkiem","status":"publish","type":"product","link":"https:\/\/exparto.pl\/sk\/produkt\/wal-przegubowy-wom-80cm-500nm-rura-krzyzak-27x745-6-6-sprzeglo-z-kolkiem\/","title":{"rendered":"Univerz\u00e1lny hriade\u013e kardanov\u00e9ho hriade\u013ea, 80 cm, 500 Nm, trojuholn\u00edkov\u00e1 r\u00farka, prie\u010dna r\u00farka 27&#215;74,5 6\/6 + \u010dapov\u00e1 spojka"},"content":{"rendered":"<section class=\"section\">\n<div class=\"item item-12\">\n<section class=\"text-item\">V\u00fdvodov\u00e9 hriadele sa pou\u017e\u00edvaj\u00fa na <b>prenos kr\u00fatiaceho momentu<\/b> z v\u00fdvodov\u00e9ho hriade\u013ea (PTO) traktora na v\u00fdvodov\u00fd hriade\u013e (PTO) stroja, ktor\u00fd je pripojen\u00fd k tomuto traktoru. Hriadele s\u00fa d\u00f4le\u017eitou s\u00fa\u010das\u0165ou <b>pr\u00edvesov<\/b> a <b>po\u013enohospod\u00e1rskych vozidiel<\/b>. Z\u00e1rove\u0148 s\u00fa <b>z\u00e1rukou spo\u013eahlivosti<\/b> a bezpe\u010dnej prev\u00e1dzky. Chr\u00e1nia aj komponenty pohonu stroja po\u010das jeho chodu.<\/section>\n<section><\/section>\n<section class=\"text-item\">Z\u00e1kladn\u00e9 rozdelenie zah\u0155\u0148a:<\/p>\n<ul style=\"text-align: justify\">\n<li><b>Z\u00e1kladn\u00e9<\/b> k\u013abov\u00e9 hriadele &#8211; pou\u017e\u00edvaj\u00fa sa vtedy, ke\u010f vz\u00e1jomn\u00e1 poloha k\u013abov\u00e9ho hriade\u013ea a v\u00fdvodov\u00e9ho hriade\u013ea vo\u010di sebe neprekra\u010duje uhol zlomu 25\u00b0 v nepretr\u017eitej prev\u00e1dzke.<\/li>\n<li><b>\u0160irokouhl\u00e9<\/b> k\u013abov\u00e9 hriadele &#8211; pou\u017e\u00edvaj\u00fa sa vtedy, ke\u010f vz\u00e1jomn\u00e1 poloha k\u013abov\u00e9ho hriade\u013ea a hriade\u013ea v\u00fdvodov\u00e9ho hriade\u013ea m\u00f4\u017ee vies\u0165 k zlomeniu k\u013abu a\u017e do uhla zlomenia k\u013abu 50\u00b0 po\u010das trvalej prev\u00e1dzky a 50\u00b0 po\u010das chv\u00ed\u013ekovej prev\u00e1dzky.<\/li>\n<\/ul>\n<p style=\"text-align: justify\">Rozli\u0161uj\u00fa sa tie\u017e <b>fr\u00e9zovan\u00e9 hriadele, r\u00farkov\u00e9 hriadele<\/b> a <b>r\u00farkov\u00e9 trojuholn\u00edkov\u00e9<\/b> <b>hriadele<\/b> &#8211; tie sa l\u00ed\u0161ia profilom r\u00farky. Jednotliv\u00e9 hriadele m\u00f4\u017eu ma\u0165 aj r\u00f4zne hodnoty kr\u00fatiaceho momentu a r\u00f4zny po\u010det \u0161irokouhl\u00fdch k\u013abov.<\/p>\n<p style=\"text-align: justify\">V spolo\u010dnosti Exparto pon\u00fakame <b>kompletn\u00e9 hriadele<\/b>, ako aj ich <b>diely a pr\u00edslu\u0161enstvo<\/b>: kr\u00ed\u017eov\u00e9 diely, k\u013aby, spojky. Jednotliv\u00e9 komponenty s\u00fa vyroben\u00e9 z vysokokvalitn\u00fdch materi\u00e1lov (napr. z <b>vysokouhl\u00edkovej ocele<\/b>) a samotn\u00e9 <b>kryty hriade\u013eov<\/b> nie s\u00fa n\u00e1chyln\u00e9 na <b>mechanick\u00e9 po\u0161kodenie<\/b>, n\u00edzke teploty alebo UV \u017eiarenie. Niektor\u00e9 komponenty s\u00fa navy\u0161e vybaven\u00e9 \u0161peci\u00e1lnymi lo\u017eiskami pre vysok\u00e9 za\u0165a\u017eenie.<\/p>\n<\/section>\n<\/div>\n<\/section>\n","protected":false},"excerpt":{"rendered":"<p style=\"text-align: justify\">V\u00fdvodov\u00e9 hriadele sa pou\u017e\u00edvaj\u00fa na prenos kr\u00fatiaceho momentu z v\u00fdvodov\u00e9ho hriade\u013ea (PTO) traktora na v\u00fdvodov\u00fd hriade\u013e (PTO) stroja, ktor\u00fd je pripojen\u00fd k tomuto traktoru.<\/p>\n","protected":false},"featured_media":60948,"comment_status":"open","ping_status":"closed","template":"","meta":{"_acf_changed":false,"inline_featured_image":false},"product_brand":[],"product_cat":[522],"product_tag":[],"class_list":{"0":"post-13629","1":"product","2":"type-product","3":"status-publish","4":"has-post-thumbnail","6":"product_cat-teleskopicke-vyvodove-hriadele","8":"first","9":"instock","10":"taxable","11":"shipping-taxable","12":"purchasable","13":"product-type-simple"},"acf":[],"yoast_head":"<!-- This site is optimized with the Yoast SEO plugin v27.2 - https:\/\/yoast.com\/product\/yoast-seo-wordpress\/ -->\n<title>Univerz\u00e1lny hriade\u013e kardanov\u00e9ho hriade\u013ea, 80 cm, 500 Nm, trojuholn\u00edkov\u00e1 r\u00farka, prie\u010dna r\u00farka 27x74,5 6\/6 + \u010dapov\u00e1 spojka - Exparto.pl<\/title>\n<meta name=\"robots\" content=\"index, follow, max-snippet:-1, max-image-preview:large, max-video-preview:-1\" \/>\n<link rel=\"canonical\" href=\"https:\/\/exparto.pl\/sk\/produkt\/wal-przegubowy-wom-80cm-500nm-rura-krzyzak-27x745-6-6-sprzeglo-z-kolkiem\/\" \/>\n<meta property=\"og:locale\" content=\"sk_SK\" \/>\n<meta property=\"og:type\" content=\"article\" \/>\n<meta property=\"og:title\" content=\"Univerz\u00e1lny hriade\u013e kardanov\u00e9ho hriade\u013ea, 80 cm, 500 Nm, trojuholn\u00edkov\u00e1 r\u00farka, prie\u010dna r\u00farka 27x74,5 6\/6 + \u010dapov\u00e1 spojka - Exparto.pl\" \/>\n<meta property=\"og:description\" content=\"V\u00fdvodov\u00e9 hriadele sa pou\u017e\u00edvaj\u00fa na prenos kr\u00fatiaceho momentu z v\u00fdvodov\u00e9ho hriade\u013ea (PTO) traktora na v\u00fdvodov\u00fd hriade\u013e (PTO) stroja, ktor\u00fd je pripojen\u00fd k tomuto traktoru.\" \/>\n<meta property=\"og:url\" content=\"https:\/\/exparto.pl\/sk\/produkt\/wal-przegubowy-wom-80cm-500nm-rura-krzyzak-27x745-6-6-sprzeglo-z-kolkiem\/\" \/>\n<meta property=\"og:site_name\" content=\"Exparto.pl\" \/>\n<meta property=\"article:publisher\" content=\"https:\/\/www.facebook.com\/exparto.agro\/\" \/>\n<meta property=\"og:image\" content=\"https:\/\/exparto.pl\/wp-content\/uploads\/2025\/12\/b583fb6fdcab4086b3968a67e1e89ae5-1.jpg\" \/>\n\t<meta property=\"og:image:width\" content=\"1000\" \/>\n\t<meta property=\"og:image:height\" content=\"1000\" \/>\n\t<meta property=\"og:image:type\" content=\"image\/jpeg\" \/>\n<meta name=\"twitter:card\" content=\"summary_large_image\" \/>\n<meta name=\"twitter:label1\" content=\"Predpokladan\u00fd \u010das \u010d\u00edtania\" \/>\n\t<meta name=\"twitter:data1\" content=\"1 min\u00fata\" \/>\n<script type=\"application\/ld+json\" class=\"yoast-schema-graph\">{\"@context\":\"https:\/\/schema.org\",\"@graph\":[{\"@type\":\"WebPage\",\"@id\":\"https:\/\/exparto.pl\/sk\/produkt\/wal-przegubowy-wom-80cm-500nm-rura-krzyzak-27x745-6-6-sprzeglo-z-kolkiem\/\",\"url\":\"https:\/\/exparto.pl\/sk\/produkt\/wal-przegubowy-wom-80cm-500nm-rura-krzyzak-27x745-6-6-sprzeglo-z-kolkiem\/\",\"name\":\"Univerz\u00e1lny hriade\u013e kardanov\u00e9ho hriade\u013ea, 80 cm, 500 Nm, trojuholn\u00edkov\u00e1 r\u00farka, prie\u010dna r\u00farka 27x74,5 6\/6 + \u010dapov\u00e1 spojka - Exparto.pl\",\"isPartOf\":{\"@id\":\"https:\/\/exparto.pl\/sk\/#website\"},\"primaryImageOfPage\":{\"@id\":\"https:\/\/exparto.pl\/sk\/produkt\/wal-przegubowy-wom-80cm-500nm-rura-krzyzak-27x745-6-6-sprzeglo-z-kolkiem\/#primaryimage\"},\"image\":{\"@id\":\"https:\/\/exparto.pl\/sk\/produkt\/wal-przegubowy-wom-80cm-500nm-rura-krzyzak-27x745-6-6-sprzeglo-z-kolkiem\/#primaryimage\"},\"thumbnailUrl\":\"https:\/\/exparto.pl\/wp-content\/uploads\/2025\/12\/b583fb6fdcab4086b3968a67e1e89ae5-1.jpg\",\"datePublished\":\"2023-02-28T11:16:06+00:00\",\"breadcrumb\":{\"@id\":\"https:\/\/exparto.pl\/sk\/produkt\/wal-przegubowy-wom-80cm-500nm-rura-krzyzak-27x745-6-6-sprzeglo-z-kolkiem\/#breadcrumb\"},\"inLanguage\":\"sk-SK\",\"potentialAction\":[{\"@type\":\"ReadAction\",\"target\":[\"https:\/\/exparto.pl\/sk\/produkt\/wal-przegubowy-wom-80cm-500nm-rura-krzyzak-27x745-6-6-sprzeglo-z-kolkiem\/\"]}]},{\"@type\":\"ImageObject\",\"inLanguage\":\"sk-SK\",\"@id\":\"https:\/\/exparto.pl\/sk\/produkt\/wal-przegubowy-wom-80cm-500nm-rura-krzyzak-27x745-6-6-sprzeglo-z-kolkiem\/#primaryimage\",\"url\":\"https:\/\/exparto.pl\/wp-content\/uploads\/2025\/12\/b583fb6fdcab4086b3968a67e1e89ae5-1.jpg\",\"contentUrl\":\"https:\/\/exparto.pl\/wp-content\/uploads\/2025\/12\/b583fb6fdcab4086b3968a67e1e89ae5-1.jpg\",\"width\":1000,\"height\":1000},{\"@type\":\"BreadcrumbList\",\"@id\":\"https:\/\/exparto.pl\/sk\/produkt\/wal-przegubowy-wom-80cm-500nm-rura-krzyzak-27x745-6-6-sprzeglo-z-kolkiem\/#breadcrumb\",\"itemListElement\":[{\"@type\":\"ListItem\",\"position\":1,\"name\":\"Domovsk\u00e1 str\u00e1nka\",\"item\":\"https:\/\/exparto.pl\/sk\/domovska-stranka\/\"},{\"@type\":\"ListItem\",\"position\":2,\"name\":\"Sklep\",\"item\":\"https:\/\/exparto.pl\/sklep\/\"},{\"@type\":\"ListItem\",\"position\":3,\"name\":\"Teleskopick\u00e9 v\u00fdvodov\u00e9 hriadele\",\"item\":\"https:\/\/exparto.pl\/sk\/kategoria-produktov\/teleskopicke-vyvodove-hriadele\/\"},{\"@type\":\"ListItem\",\"position\":4,\"name\":\"Wa\u0142ki WOM ze sprz\u0119g\u0142em\",\"item\":\"https:\/\/exparto.pl\/kategoria-produktu\/waly-przegubowo-teleskopowe\/walki-wom-ze-sprzeglem\/\"},{\"@type\":\"ListItem\",\"position\":5,\"name\":\"Wa\u0142ki WOM ze sprz\u0119g\u0142em na \u015brub\u0119\",\"item\":\"https:\/\/exparto.pl\/kategoria-produktu\/waly-przegubowo-teleskopowe\/walki-wom-ze-sprzeglem\/walki-wom-ze-sprzeglem-na-srube\/\"},{\"@type\":\"ListItem\",\"position\":6,\"name\":\"Univerz\u00e1lny hriade\u013e kardanov\u00e9ho hriade\u013ea, 80 cm, 500 Nm, trojuholn\u00edkov\u00e1 r\u00farka, prie\u010dna r\u00farka 27&#215;74,5 6\/6 + \u010dapov\u00e1 spojka\"}]},{\"@type\":\"WebSite\",\"@id\":\"https:\/\/exparto.pl\/sk\/#website\",\"url\":\"https:\/\/exparto.pl\/sk\/\",\"name\":\"EXPARTO\",\"description\":\"More than agro parts\",\"publisher\":{\"@id\":\"https:\/\/exparto.pl\/sk\/#organization\"},\"potentialAction\":[{\"@type\":\"SearchAction\",\"target\":{\"@type\":\"EntryPoint\",\"urlTemplate\":\"https:\/\/exparto.pl\/sk\/?s={search_term_string}\"},\"query-input\":{\"@type\":\"PropertyValueSpecification\",\"valueRequired\":true,\"valueName\":\"search_term_string\"}}],\"inLanguage\":\"sk-SK\"},{\"@type\":\"Organization\",\"@id\":\"https:\/\/exparto.pl\/sk\/#organization\",\"name\":\"EXPARTO\",\"url\":\"https:\/\/exparto.pl\/sk\/\",\"logo\":{\"@type\":\"ImageObject\",\"inLanguage\":\"sk-SK\",\"@id\":\"https:\/\/exparto.pl\/sk\/#\/schema\/logo\/image\/\",\"url\":\"https:\/\/exparto.pl\/wp-content\/uploads\/2023\/02\/logo-wektor.png\",\"contentUrl\":\"https:\/\/exparto.pl\/wp-content\/uploads\/2023\/02\/logo-wektor.png\",\"width\":1338,\"height\":143,\"caption\":\"EXPARTO\"},\"image\":{\"@id\":\"https:\/\/exparto.pl\/sk\/#\/schema\/logo\/image\/\"},\"sameAs\":[\"https:\/\/www.facebook.com\/exparto.agro\/\"]}]}<\/script>\n<!-- \/ Yoast SEO plugin. -->","yoast_head_json":{"title":"Univerz\u00e1lny hriade\u013e kardanov\u00e9ho hriade\u013ea, 80 cm, 500 Nm, trojuholn\u00edkov\u00e1 r\u00farka, prie\u010dna r\u00farka 27x74,5 6\/6 + \u010dapov\u00e1 spojka - Exparto.pl","robots":{"index":"index","follow":"follow","max-snippet":"max-snippet:-1","max-image-preview":"max-image-preview:large","max-video-preview":"max-video-preview:-1"},"canonical":"https:\/\/exparto.pl\/sk\/produkt\/wal-przegubowy-wom-80cm-500nm-rura-krzyzak-27x745-6-6-sprzeglo-z-kolkiem\/","og_locale":"sk_SK","og_type":"article","og_title":"Univerz\u00e1lny hriade\u013e kardanov\u00e9ho hriade\u013ea, 80 cm, 500 Nm, trojuholn\u00edkov\u00e1 r\u00farka, prie\u010dna r\u00farka 27x74,5 6\/6 + \u010dapov\u00e1 spojka - Exparto.pl","og_description":"V\u00fdvodov\u00e9 hriadele sa pou\u017e\u00edvaj\u00fa na prenos kr\u00fatiaceho momentu z v\u00fdvodov\u00e9ho hriade\u013ea (PTO) traktora na v\u00fdvodov\u00fd hriade\u013e (PTO) stroja, ktor\u00fd je pripojen\u00fd k tomuto traktoru.","og_url":"https:\/\/exparto.pl\/sk\/produkt\/wal-przegubowy-wom-80cm-500nm-rura-krzyzak-27x745-6-6-sprzeglo-z-kolkiem\/","og_site_name":"Exparto.pl","article_publisher":"https:\/\/www.facebook.com\/exparto.agro\/","og_image":[{"width":1000,"height":1000,"url":"https:\/\/exparto.pl\/wp-content\/uploads\/2025\/12\/b583fb6fdcab4086b3968a67e1e89ae5-1.jpg","type":"image\/jpeg"}],"twitter_card":"summary_large_image","twitter_misc":{"Predpokladan\u00fd \u010das \u010d\u00edtania":"1 min\u00fata"},"schema":{"@context":"https:\/\/schema.org","@graph":[{"@type":"WebPage","@id":"https:\/\/exparto.pl\/sk\/produkt\/wal-przegubowy-wom-80cm-500nm-rura-krzyzak-27x745-6-6-sprzeglo-z-kolkiem\/","url":"https:\/\/exparto.pl\/sk\/produkt\/wal-przegubowy-wom-80cm-500nm-rura-krzyzak-27x745-6-6-sprzeglo-z-kolkiem\/","name":"Univerz\u00e1lny hriade\u013e kardanov\u00e9ho hriade\u013ea, 80 cm, 500 Nm, trojuholn\u00edkov\u00e1 r\u00farka, prie\u010dna r\u00farka 27x74,5 6\/6 + \u010dapov\u00e1 spojka - Exparto.pl","isPartOf":{"@id":"https:\/\/exparto.pl\/sk\/#website"},"primaryImageOfPage":{"@id":"https:\/\/exparto.pl\/sk\/produkt\/wal-przegubowy-wom-80cm-500nm-rura-krzyzak-27x745-6-6-sprzeglo-z-kolkiem\/#primaryimage"},"image":{"@id":"https:\/\/exparto.pl\/sk\/produkt\/wal-przegubowy-wom-80cm-500nm-rura-krzyzak-27x745-6-6-sprzeglo-z-kolkiem\/#primaryimage"},"thumbnailUrl":"https:\/\/exparto.pl\/wp-content\/uploads\/2025\/12\/b583fb6fdcab4086b3968a67e1e89ae5-1.jpg","datePublished":"2023-02-28T11:16:06+00:00","breadcrumb":{"@id":"https:\/\/exparto.pl\/sk\/produkt\/wal-przegubowy-wom-80cm-500nm-rura-krzyzak-27x745-6-6-sprzeglo-z-kolkiem\/#breadcrumb"},"inLanguage":"sk-SK","potentialAction":[{"@type":"ReadAction","target":["https:\/\/exparto.pl\/sk\/produkt\/wal-przegubowy-wom-80cm-500nm-rura-krzyzak-27x745-6-6-sprzeglo-z-kolkiem\/"]}]},{"@type":"ImageObject","inLanguage":"sk-SK","@id":"https:\/\/exparto.pl\/sk\/produkt\/wal-przegubowy-wom-80cm-500nm-rura-krzyzak-27x745-6-6-sprzeglo-z-kolkiem\/#primaryimage","url":"https:\/\/exparto.pl\/wp-content\/uploads\/2025\/12\/b583fb6fdcab4086b3968a67e1e89ae5-1.jpg","contentUrl":"https:\/\/exparto.pl\/wp-content\/uploads\/2025\/12\/b583fb6fdcab4086b3968a67e1e89ae5-1.jpg","width":1000,"height":1000},{"@type":"BreadcrumbList","@id":"https:\/\/exparto.pl\/sk\/produkt\/wal-przegubowy-wom-80cm-500nm-rura-krzyzak-27x745-6-6-sprzeglo-z-kolkiem\/#breadcrumb","itemListElement":[{"@type":"ListItem","position":1,"name":"Domovsk\u00e1 str\u00e1nka","item":"https:\/\/exparto.pl\/sk\/domovska-stranka\/"},{"@type":"ListItem","position":2,"name":"Sklep","item":"https:\/\/exparto.pl\/sklep\/"},{"@type":"ListItem","position":3,"name":"Teleskopick\u00e9 v\u00fdvodov\u00e9 hriadele","item":"https:\/\/exparto.pl\/sk\/kategoria-produktov\/teleskopicke-vyvodove-hriadele\/"},{"@type":"ListItem","position":4,"name":"Wa\u0142ki WOM ze sprz\u0119g\u0142em","item":"https:\/\/exparto.pl\/kategoria-produktu\/waly-przegubowo-teleskopowe\/walki-wom-ze-sprzeglem\/"},{"@type":"ListItem","position":5,"name":"Wa\u0142ki WOM ze sprz\u0119g\u0142em na \u015brub\u0119","item":"https:\/\/exparto.pl\/kategoria-produktu\/waly-przegubowo-teleskopowe\/walki-wom-ze-sprzeglem\/walki-wom-ze-sprzeglem-na-srube\/"},{"@type":"ListItem","position":6,"name":"Univerz\u00e1lny hriade\u013e kardanov\u00e9ho hriade\u013ea, 80 cm, 500 Nm, trojuholn\u00edkov\u00e1 r\u00farka, prie\u010dna r\u00farka 27&#215;74,5 6\/6 + \u010dapov\u00e1 spojka"}]},{"@type":"WebSite","@id":"https:\/\/exparto.pl\/sk\/#website","url":"https:\/\/exparto.pl\/sk\/","name":"EXPARTO","description":"More than agro parts","publisher":{"@id":"https:\/\/exparto.pl\/sk\/#organization"},"potentialAction":[{"@type":"SearchAction","target":{"@type":"EntryPoint","urlTemplate":"https:\/\/exparto.pl\/sk\/?s={search_term_string}"},"query-input":{"@type":"PropertyValueSpecification","valueRequired":true,"valueName":"search_term_string"}}],"inLanguage":"sk-SK"},{"@type":"Organization","@id":"https:\/\/exparto.pl\/sk\/#organization","name":"EXPARTO","url":"https:\/\/exparto.pl\/sk\/","logo":{"@type":"ImageObject","inLanguage":"sk-SK","@id":"https:\/\/exparto.pl\/sk\/#\/schema\/logo\/image\/","url":"https:\/\/exparto.pl\/wp-content\/uploads\/2023\/02\/logo-wektor.png","contentUrl":"https:\/\/exparto.pl\/wp-content\/uploads\/2023\/02\/logo-wektor.png","width":1338,"height":143,"caption":"EXPARTO"},"image":{"@id":"https:\/\/exparto.pl\/sk\/#\/schema\/logo\/image\/"},"sameAs":["https:\/\/www.facebook.com\/exparto.agro\/"]}]}},"_links":{"self":[{"href":"https:\/\/exparto.pl\/sk\/wp-json\/wp\/v2\/product\/13629","targetHints":{"allow":["GET"]}}],"collection":[{"href":"https:\/\/exparto.pl\/sk\/wp-json\/wp\/v2\/product"}],"about":[{"href":"https:\/\/exparto.pl\/sk\/wp-json\/wp\/v2\/types\/product"}],"replies":[{"embeddable":true,"href":"https:\/\/exparto.pl\/sk\/wp-json\/wp\/v2\/comments?post=13629"}],"wp:featuredmedia":[{"embeddable":true,"href":"https:\/\/exparto.pl\/sk\/wp-json\/wp\/v2\/media\/60948"}],"wp:attachment":[{"href":"https:\/\/exparto.pl\/sk\/wp-json\/wp\/v2\/media?parent=13629"}],"wp:term":[{"taxonomy":"product_brand","embeddable":true,"href":"https:\/\/exparto.pl\/sk\/wp-json\/wp\/v2\/product_brand?post=13629"},{"taxonomy":"product_cat","embeddable":true,"href":"https:\/\/exparto.pl\/sk\/wp-json\/wp\/v2\/product_cat?post=13629"},{"taxonomy":"product_tag","embeddable":true,"href":"https:\/\/exparto.pl\/sk\/wp-json\/wp\/v2\/product_tag?post=13629"}],"curies":[{"name":"wp","href":"https:\/\/api.w.org\/{rel}","templated":true}]}}