{"id":14310,"date":"2023-11-15T09:01:30","date_gmt":"2023-11-15T08:01:30","guid":{"rendered":"https:\/\/exparto.pl\/produkt\/przegub-kompletny-walka-wom-krzyzak-30x88-cytryna-dc-40x48\/"},"modified":"2026-02-22T17:31:02","modified_gmt":"2026-02-22T16:31:02","slug":"przegub-kompletny-walka-wom-krzyzak-30x88-cytryna-dc-40x48","status":"publish","type":"product","link":"https:\/\/exparto.pl\/sk\/produkt\/przegub-kompletny-walka-wom-krzyzak-30x88-cytryna-dc-40x48\/","title":{"rendered":"Przegub kompletny wa\u0142ka WOM krzy\u017cak 30\u00d788 \u2013 cytryna DC 41\u00d748"},"content":{"rendered":"<p style=\"text-align: justify\"><span style=\"font-family: Barlow, sans-serif;font-size: 16px;text-align: start\">Od jako\u015bci stosowanych cz\u0119\u015bci mechanicznych zale\u017c\u0105 efektywno\u015b\u0107 i bezpiecze\u0144stwo pracy maszyn rolniczych. W\u0142a\u015bnie dlatego w EXPARTO zwracamy uwag\u0119 na ka\u017cdy detal.&nbsp;<\/span><b style=\"font-family: Barlow, sans-serif;font-size: 16px;text-align: start\">Przygotowali\u015bmy dla Ciebie kompletny przegub wa\u0142ka WOM cytryna DC 41\u00d748<\/b><span style=\"font-family: Barlow, sans-serif;font-size: 16px;text-align: start\">. Umo\u017cliwia on stabilne po\u0142\u0105czenie ci\u0105gnika z maszyn\u0105 rolnicz\u0105 oraz optymalne przekazywanie mocy nap\u0119du. Sprawd\u017a, czym wyr\u00f3\u017cnia si\u0119 oferowany przez nas produkt.&nbsp;<\/span><span style=\"font-family: Barlow, sans-serif;font-size: 16px;text-align: start\"><\/span><\/p>\n<h2 style=\"line-height: 1.4;font-size: 1.25rem;font-family: Barlow, sans-serif\"><span style=\"font-weight: 400\">Przegub kompletny wa\u0142ka WOM cytryna DC 41\u00d748 &#8211; przegub wa\u0142ka przeka\u017anika mocy krzy\u017cakowy 30\u00d788<\/span><\/h2>\n<p style=\"text-align: justify\"><span style=\"font-family: Barlow, sans-serif;font-size: 16px;text-align: start\">Przegub kompletny WOM przeznaczony jest do monta\u017cu przy rurze zewn\u0119trznej wa\u0142ka. Dzi\u0119ki temu zapewnia stabilne po\u0142\u0105czenie wa\u0142\u00f3w pomi\u0119dzy ci\u0105gnikiem rolniczym a maszyn\u0105, do kt\u00f3rej przekazywana jest moc generowana przez nap\u0119d. Umo\u017cliwia to wykorzystanie maszyny podczas r\u00f3\u017cnego rodzaju prac rolniczych.&nbsp;<\/span><b style=\"font-family: Barlow, sans-serif;font-size: 16px;text-align: start\">Takie po\u0142\u0105czenia wyst\u0119puj\u0105 m.in. przy: rozsiewaczach, prasach, kosiarkach, opryskiwaczach i innych urz\u0105dzeniach<\/b><span style=\"font-family: Barlow, sans-serif;font-size: 16px;text-align: start\">. Dbamy o to, aby oferowany w EXPARTO przegub wa\u0142ka przeka\u017anika mocy powstawa\u0142 z wysokiej jako\u015bci materia\u0142\u00f3w i gwarantowa\u0142 wysok\u0105 wydajno\u015b\u0107.&nbsp;<\/span><span style=\"font-family: Barlow, sans-serif;font-size: 16px;text-align: start\">&nbsp;<\/span><\/p>\n<p style=\"text-align: justify\"><b style=\"font-family: Barlow, sans-serif;font-size: 16px;text-align: start\">Dost\u0119pny tu model to przegub krzy\u017cakowy WOM o bardzo dobrych parametrach technicznych<\/b><span style=\"font-family: Barlow, sans-serif;font-size: 16px;text-align: start\">. Profil przy\u0142\u0105cza to cytryna 41\u00d748, a profil zewn\u0119trzny to 6 frez\u00f3w 1 i 3\/8 cala. W modelu zastosowano krzy\u017cak o wymiarach 30\u00d788. Waga przegubu to 2,8 kilograma, dzi\u0119ki czemu jest on prosty w monta\u017cu, demonta\u017cu i konserwacji.&nbsp;<\/span><\/p>\n<p style=\"text-align: justify\"><span style=\"font-family: Barlow, sans-serif;font-size: 16px;text-align: start\">Element ten spe\u0142ni oczekiwania najbardziej wymagaj\u0105cych odbiorc\u00f3w.&nbsp;<\/span><span style=\"font-family: Barlow, sans-serif;font-size: 16px;text-align: start\">&nbsp;<\/span><span style=\"font-family: Barlow, sans-serif;font-size: 16px;text-align: start\">Zale\u017cy Ci na wysokiej jako\u015bci cz\u0119\u015bciach mechanicznych do maszyn rolniczych?&nbsp;<\/span><b style=\"font-family: Barlow, sans-serif;font-size: 16px;text-align: start\">Postaw na nasz przegub WOM i ciesz si\u0119 niezawodno\u015bci\u0105 jego pracy w intensywnych warunkach<\/b><span style=\"font-family: Barlow, sans-serif;font-size: 16px;text-align: start\">. W przypadku jakichkolwiek w\u0105tpliwo\u015bci zapraszamy do kontaktu. Pomo\u017cemy Ci w trafnym doborze urz\u0105dzenia oraz poprowadzimy Ci\u0119 przez proces zakupowy.&nbsp;<\/span><\/p>\n","protected":false},"excerpt":{"rendered":"<p style=\"text-align: justify\">Przegub kompletny cytryna zewn\u0119trzna DC 30&#215;88<\/p>\n","protected":false},"featured_media":14479,"comment_status":"open","ping_status":"closed","template":"","meta":{"_acf_changed":false,"inline_featured_image":false},"product_brand":[],"product_cat":[114,882,722,53],"product_tag":[],"class_list":{"0":"post-14310","1":"product","2":"type-product","3":"status-publish","4":"has-post-thumbnail","6":"product_cat-czesci-do-walow","7":"product_cat-przeguby-cytryna","8":"product_cat-przeguby-kompletne","9":"product_cat-waly-przegubowo-teleskopowe","11":"first","12":"instock","13":"taxable","14":"shipping-taxable","15":"purchasable","16":"product-type-simple"},"acf":[],"yoast_head":"<!-- This site is optimized with the Yoast SEO plugin v27.2 - https:\/\/yoast.com\/product\/yoast-seo-wordpress\/ -->\n<title>Przegub kompletny wa\u0142ka WOM krzy\u017cak 30\u00d788 \u2013 cytryna DC 41\u00d748 - Exparto.pl<\/title>\n<meta name=\"robots\" content=\"index, follow, max-snippet:-1, max-image-preview:large, max-video-preview:-1\" \/>\n<link rel=\"canonical\" href=\"https:\/\/exparto.pl\/sk\/produkt\/przegub-kompletny-walka-wom-krzyzak-30x88-cytryna-dc-40x48\/\" \/>\n<meta property=\"og:locale\" content=\"sk_SK\" \/>\n<meta property=\"og:type\" content=\"article\" \/>\n<meta property=\"og:title\" content=\"Przegub kompletny wa\u0142ka WOM krzy\u017cak 30\u00d788 \u2013 cytryna DC 41\u00d748 - Exparto.pl\" \/>\n<meta property=\"og:description\" content=\"Przegub kompletny cytryna zewn\u0119trzna DC 30x88\" \/>\n<meta property=\"og:url\" content=\"https:\/\/exparto.pl\/sk\/produkt\/przegub-kompletny-walka-wom-krzyzak-30x88-cytryna-dc-40x48\/\" \/>\n<meta property=\"og:site_name\" content=\"Exparto.pl\" \/>\n<meta property=\"article:publisher\" content=\"https:\/\/www.facebook.com\/exparto.agro\/\" \/>\n<meta property=\"article:modified_time\" content=\"2026-02-22T16:31:02+00:00\" \/>\n<meta property=\"og:image\" content=\"https:\/\/exparto.pl\/wp-content\/uploads\/2023\/11\/77d278bb155fc81afbd0c3059ac9dfae-1.jpg\" \/>\n\t<meta property=\"og:image:width\" content=\"1000\" \/>\n\t<meta property=\"og:image:height\" content=\"1000\" \/>\n\t<meta property=\"og:image:type\" content=\"image\/jpeg\" \/>\n<meta name=\"twitter:card\" content=\"summary_large_image\" \/>\n<meta name=\"twitter:label1\" content=\"Predpokladan\u00fd \u010das \u010d\u00edtania\" \/>\n\t<meta name=\"twitter:data1\" content=\"2 min\u00faty\" \/>\n<script type=\"application\/ld+json\" class=\"yoast-schema-graph\">{\"@context\":\"https:\/\/schema.org\",\"@graph\":[{\"@type\":\"WebPage\",\"@id\":\"https:\/\/exparto.pl\/sk\/produkt\/przegub-kompletny-walka-wom-krzyzak-30x88-cytryna-dc-40x48\/\",\"url\":\"https:\/\/exparto.pl\/sk\/produkt\/przegub-kompletny-walka-wom-krzyzak-30x88-cytryna-dc-40x48\/\",\"name\":\"Przegub kompletny wa\u0142ka WOM krzy\u017cak 30\u00d788 \u2013 cytryna DC 41\u00d748 - Exparto.pl\",\"isPartOf\":{\"@id\":\"https:\/\/exparto.pl\/sk\/#website\"},\"primaryImageOfPage\":{\"@id\":\"https:\/\/exparto.pl\/sk\/produkt\/przegub-kompletny-walka-wom-krzyzak-30x88-cytryna-dc-40x48\/#primaryimage\"},\"image\":{\"@id\":\"https:\/\/exparto.pl\/sk\/produkt\/przegub-kompletny-walka-wom-krzyzak-30x88-cytryna-dc-40x48\/#primaryimage\"},\"thumbnailUrl\":\"https:\/\/exparto.pl\/wp-content\/uploads\/2023\/11\/77d278bb155fc81afbd0c3059ac9dfae-1.jpg\",\"datePublished\":\"2023-11-15T08:01:30+00:00\",\"dateModified\":\"2026-02-22T16:31:02+00:00\",\"breadcrumb\":{\"@id\":\"https:\/\/exparto.pl\/sk\/produkt\/przegub-kompletny-walka-wom-krzyzak-30x88-cytryna-dc-40x48\/#breadcrumb\"},\"inLanguage\":\"sk-SK\",\"potentialAction\":[{\"@type\":\"ReadAction\",\"target\":[\"https:\/\/exparto.pl\/sk\/produkt\/przegub-kompletny-walka-wom-krzyzak-30x88-cytryna-dc-40x48\/\"]}]},{\"@type\":\"ImageObject\",\"inLanguage\":\"sk-SK\",\"@id\":\"https:\/\/exparto.pl\/sk\/produkt\/przegub-kompletny-walka-wom-krzyzak-30x88-cytryna-dc-40x48\/#primaryimage\",\"url\":\"https:\/\/exparto.pl\/wp-content\/uploads\/2023\/11\/77d278bb155fc81afbd0c3059ac9dfae-1.jpg\",\"contentUrl\":\"https:\/\/exparto.pl\/wp-content\/uploads\/2023\/11\/77d278bb155fc81afbd0c3059ac9dfae-1.jpg\",\"width\":1000,\"height\":1000},{\"@type\":\"BreadcrumbList\",\"@id\":\"https:\/\/exparto.pl\/sk\/produkt\/przegub-kompletny-walka-wom-krzyzak-30x88-cytryna-dc-40x48\/#breadcrumb\",\"itemListElement\":[{\"@type\":\"ListItem\",\"position\":1,\"name\":\"Domovsk\u00e1 str\u00e1nka\",\"item\":\"https:\/\/exparto.pl\/sk\/domovska-stranka\/\"},{\"@type\":\"ListItem\",\"position\":2,\"name\":\"Sklep\",\"item\":\"https:\/\/exparto.pl\/sklep\/\"},{\"@type\":\"ListItem\",\"position\":3,\"name\":\"Teleskopick\u00e9 v\u00fdvodov\u00e9 hriadele\",\"item\":\"https:\/\/exparto.pl\/sk\/kategoria-produktov\/teleskopicke-vyvodove-hriadele\/\"},{\"@type\":\"ListItem\",\"position\":4,\"name\":\"\u010casti hriade\u013ea\",\"item\":\"https:\/\/exparto.pl\/sk\/kategoria-produktov\/teleskopicke-vyvodove-hriadele\/casti-hriadela\/\"},{\"@type\":\"ListItem\",\"position\":5,\"name\":\"Przeguby kompletne\",\"item\":\"https:\/\/exparto.pl\/kategoria-produktu\/waly-przegubowo-teleskopowe\/czesci-do-walow\/przeguby-kompletne\/\"},{\"@type\":\"ListItem\",\"position\":6,\"name\":\"Przegub kompletny wa\u0142ka WOM krzy\u017cak 30\u00d788 \u2013 cytryna DC 41\u00d748\"}]},{\"@type\":\"WebSite\",\"@id\":\"https:\/\/exparto.pl\/sk\/#website\",\"url\":\"https:\/\/exparto.pl\/sk\/\",\"name\":\"EXPARTO\",\"description\":\"More than agro parts\",\"publisher\":{\"@id\":\"https:\/\/exparto.pl\/sk\/#organization\"},\"potentialAction\":[{\"@type\":\"SearchAction\",\"target\":{\"@type\":\"EntryPoint\",\"urlTemplate\":\"https:\/\/exparto.pl\/sk\/?s={search_term_string}\"},\"query-input\":{\"@type\":\"PropertyValueSpecification\",\"valueRequired\":true,\"valueName\":\"search_term_string\"}}],\"inLanguage\":\"sk-SK\"},{\"@type\":\"Organization\",\"@id\":\"https:\/\/exparto.pl\/sk\/#organization\",\"name\":\"EXPARTO\",\"url\":\"https:\/\/exparto.pl\/sk\/\",\"logo\":{\"@type\":\"ImageObject\",\"inLanguage\":\"sk-SK\",\"@id\":\"https:\/\/exparto.pl\/sk\/#\/schema\/logo\/image\/\",\"url\":\"https:\/\/exparto.pl\/wp-content\/uploads\/2023\/02\/logo-wektor.png\",\"contentUrl\":\"https:\/\/exparto.pl\/wp-content\/uploads\/2023\/02\/logo-wektor.png\",\"width\":1338,\"height\":143,\"caption\":\"EXPARTO\"},\"image\":{\"@id\":\"https:\/\/exparto.pl\/sk\/#\/schema\/logo\/image\/\"},\"sameAs\":[\"https:\/\/www.facebook.com\/exparto.agro\/\"]}]}<\/script>\n<!-- \/ Yoast SEO plugin. -->","yoast_head_json":{"title":"Przegub kompletny wa\u0142ka WOM krzy\u017cak 30\u00d788 \u2013 cytryna DC 41\u00d748 - Exparto.pl","robots":{"index":"index","follow":"follow","max-snippet":"max-snippet:-1","max-image-preview":"max-image-preview:large","max-video-preview":"max-video-preview:-1"},"canonical":"https:\/\/exparto.pl\/sk\/produkt\/przegub-kompletny-walka-wom-krzyzak-30x88-cytryna-dc-40x48\/","og_locale":"sk_SK","og_type":"article","og_title":"Przegub kompletny wa\u0142ka WOM krzy\u017cak 30\u00d788 \u2013 cytryna DC 41\u00d748 - Exparto.pl","og_description":"Przegub kompletny cytryna zewn\u0119trzna DC 30x88","og_url":"https:\/\/exparto.pl\/sk\/produkt\/przegub-kompletny-walka-wom-krzyzak-30x88-cytryna-dc-40x48\/","og_site_name":"Exparto.pl","article_publisher":"https:\/\/www.facebook.com\/exparto.agro\/","article_modified_time":"2026-02-22T16:31:02+00:00","og_image":[{"width":1000,"height":1000,"url":"https:\/\/exparto.pl\/wp-content\/uploads\/2023\/11\/77d278bb155fc81afbd0c3059ac9dfae-1.jpg","type":"image\/jpeg"}],"twitter_card":"summary_large_image","twitter_misc":{"Predpokladan\u00fd \u010das \u010d\u00edtania":"2 min\u00faty"},"schema":{"@context":"https:\/\/schema.org","@graph":[{"@type":"WebPage","@id":"https:\/\/exparto.pl\/sk\/produkt\/przegub-kompletny-walka-wom-krzyzak-30x88-cytryna-dc-40x48\/","url":"https:\/\/exparto.pl\/sk\/produkt\/przegub-kompletny-walka-wom-krzyzak-30x88-cytryna-dc-40x48\/","name":"Przegub kompletny wa\u0142ka WOM krzy\u017cak 30\u00d788 \u2013 cytryna DC 41\u00d748 - Exparto.pl","isPartOf":{"@id":"https:\/\/exparto.pl\/sk\/#website"},"primaryImageOfPage":{"@id":"https:\/\/exparto.pl\/sk\/produkt\/przegub-kompletny-walka-wom-krzyzak-30x88-cytryna-dc-40x48\/#primaryimage"},"image":{"@id":"https:\/\/exparto.pl\/sk\/produkt\/przegub-kompletny-walka-wom-krzyzak-30x88-cytryna-dc-40x48\/#primaryimage"},"thumbnailUrl":"https:\/\/exparto.pl\/wp-content\/uploads\/2023\/11\/77d278bb155fc81afbd0c3059ac9dfae-1.jpg","datePublished":"2023-11-15T08:01:30+00:00","dateModified":"2026-02-22T16:31:02+00:00","breadcrumb":{"@id":"https:\/\/exparto.pl\/sk\/produkt\/przegub-kompletny-walka-wom-krzyzak-30x88-cytryna-dc-40x48\/#breadcrumb"},"inLanguage":"sk-SK","potentialAction":[{"@type":"ReadAction","target":["https:\/\/exparto.pl\/sk\/produkt\/przegub-kompletny-walka-wom-krzyzak-30x88-cytryna-dc-40x48\/"]}]},{"@type":"ImageObject","inLanguage":"sk-SK","@id":"https:\/\/exparto.pl\/sk\/produkt\/przegub-kompletny-walka-wom-krzyzak-30x88-cytryna-dc-40x48\/#primaryimage","url":"https:\/\/exparto.pl\/wp-content\/uploads\/2023\/11\/77d278bb155fc81afbd0c3059ac9dfae-1.jpg","contentUrl":"https:\/\/exparto.pl\/wp-content\/uploads\/2023\/11\/77d278bb155fc81afbd0c3059ac9dfae-1.jpg","width":1000,"height":1000},{"@type":"BreadcrumbList","@id":"https:\/\/exparto.pl\/sk\/produkt\/przegub-kompletny-walka-wom-krzyzak-30x88-cytryna-dc-40x48\/#breadcrumb","itemListElement":[{"@type":"ListItem","position":1,"name":"Domovsk\u00e1 str\u00e1nka","item":"https:\/\/exparto.pl\/sk\/domovska-stranka\/"},{"@type":"ListItem","position":2,"name":"Sklep","item":"https:\/\/exparto.pl\/sklep\/"},{"@type":"ListItem","position":3,"name":"Teleskopick\u00e9 v\u00fdvodov\u00e9 hriadele","item":"https:\/\/exparto.pl\/sk\/kategoria-produktov\/teleskopicke-vyvodove-hriadele\/"},{"@type":"ListItem","position":4,"name":"\u010casti hriade\u013ea","item":"https:\/\/exparto.pl\/sk\/kategoria-produktov\/teleskopicke-vyvodove-hriadele\/casti-hriadela\/"},{"@type":"ListItem","position":5,"name":"Przeguby kompletne","item":"https:\/\/exparto.pl\/kategoria-produktu\/waly-przegubowo-teleskopowe\/czesci-do-walow\/przeguby-kompletne\/"},{"@type":"ListItem","position":6,"name":"Przegub kompletny wa\u0142ka WOM krzy\u017cak 30\u00d788 \u2013 cytryna DC 41\u00d748"}]},{"@type":"WebSite","@id":"https:\/\/exparto.pl\/sk\/#website","url":"https:\/\/exparto.pl\/sk\/","name":"EXPARTO","description":"More than agro parts","publisher":{"@id":"https:\/\/exparto.pl\/sk\/#organization"},"potentialAction":[{"@type":"SearchAction","target":{"@type":"EntryPoint","urlTemplate":"https:\/\/exparto.pl\/sk\/?s={search_term_string}"},"query-input":{"@type":"PropertyValueSpecification","valueRequired":true,"valueName":"search_term_string"}}],"inLanguage":"sk-SK"},{"@type":"Organization","@id":"https:\/\/exparto.pl\/sk\/#organization","name":"EXPARTO","url":"https:\/\/exparto.pl\/sk\/","logo":{"@type":"ImageObject","inLanguage":"sk-SK","@id":"https:\/\/exparto.pl\/sk\/#\/schema\/logo\/image\/","url":"https:\/\/exparto.pl\/wp-content\/uploads\/2023\/02\/logo-wektor.png","contentUrl":"https:\/\/exparto.pl\/wp-content\/uploads\/2023\/02\/logo-wektor.png","width":1338,"height":143,"caption":"EXPARTO"},"image":{"@id":"https:\/\/exparto.pl\/sk\/#\/schema\/logo\/image\/"},"sameAs":["https:\/\/www.facebook.com\/exparto.agro\/"]}]}},"_links":{"self":[{"href":"https:\/\/exparto.pl\/sk\/wp-json\/wp\/v2\/product\/14310","targetHints":{"allow":["GET"]}}],"collection":[{"href":"https:\/\/exparto.pl\/sk\/wp-json\/wp\/v2\/product"}],"about":[{"href":"https:\/\/exparto.pl\/sk\/wp-json\/wp\/v2\/types\/product"}],"replies":[{"embeddable":true,"href":"https:\/\/exparto.pl\/sk\/wp-json\/wp\/v2\/comments?post=14310"}],"wp:featuredmedia":[{"embeddable":true,"href":"https:\/\/exparto.pl\/sk\/wp-json\/wp\/v2\/media\/14479"}],"wp:attachment":[{"href":"https:\/\/exparto.pl\/sk\/wp-json\/wp\/v2\/media?parent=14310"}],"wp:term":[{"taxonomy":"product_brand","embeddable":true,"href":"https:\/\/exparto.pl\/sk\/wp-json\/wp\/v2\/product_brand?post=14310"},{"taxonomy":"product_cat","embeddable":true,"href":"https:\/\/exparto.pl\/sk\/wp-json\/wp\/v2\/product_cat?post=14310"},{"taxonomy":"product_tag","embeddable":true,"href":"https:\/\/exparto.pl\/sk\/wp-json\/wp\/v2\/product_tag?post=14310"}],"curies":[{"name":"wp","href":"https:\/\/api.w.org\/{rel}","templated":true}]}}