{"id":14616,"date":"2023-11-16T15:42:16","date_gmt":"2023-11-16T14:42:16","guid":{"rendered":"https:\/\/exparto.pl\/produkt\/zab-palec-prosty-do-ladowacza-czolowego-1100-mm-tuleja\/"},"modified":"2026-04-01T16:00:17","modified_gmt":"2026-04-01T14:00:17","slug":"zab-palec-prosty-do-ladowacza-czolowego-1100-mm-tuleja","status":"publish","type":"product","link":"https:\/\/exparto.pl\/sk\/produkt\/zab-palec-prosty-do-ladowacza-czolowego-1100-mm-tuleja\/","title":{"rendered":"Z\u0105b palec prosty do \u0142adowacza czo\u0142owego 1100 mm + tuleja"},"content":{"rendered":"<p class=\"MsoNormal\" style=\"text-align: justify\"><span style=\"color: inherit;font-weight: 700 !important\"><span style=\"font-family: Arial\">Z\u0119by kute EXPARTO \u2013 doskona\u0142y wyb\u00f3r do \u0142adowaczy czo\u0142owych typu TUR oraz \u0142adowarek teleskopowych. Dlaczego?<\/span><\/span><\/p>\n<ul>\n<li style=\"text-align: justify\"><span style=\"text-indent: -18pt\"><span style=\"font-family: Arial\">Z\u0119by kute Exparto otrzymywane s\u0105 w drodze kucia matrycowego podobnie jak t\u0142oki w silnikach spalinowych najlepszych samochod\u00f3w sportowych.<\/span><\/span><\/li>\n<li style=\"text-align: justify\"><span style=\"font-family: Arial\">Doskona\u0142e jako\u015bciowo, wyr\u00f3\u017cniaj\u0105 si\u0119 twardo\u015bci\u0105, a jednocze\u015bnie elastyczno\u015bci\u0105, co gwarantuje wieloletni\u0105 bezproblemow\u0105 eksploatacj\u0119. Po\u017c\u0105dana elastyczno\u015b\u0107 mo\u017cliwa jest do osi\u0105gni\u0119cia jedynie poprzez szczeg\u00f3\u0142owy nadz\u00f3r wykonania oraz nadz\u00f3r procesu obr\u00f3bki cieplnej. Poziom zahartowania sprawdzamy w kilku miejscach ka\u017cdego palca.<\/span><\/li>\n<li style=\"text-align: justify\"><span style=\"font-family: Arial\">Dodatkowo, pomiary ka\u017cdej partii daj\u0105 nam pewno\u015b\u0107, \u017ce z\u0119by EXPARTO dopasowuj\u0105 si\u0119 idealnie do tulei wspawanych w osprz\u0119t do \u0142adowaczy. Gwint zapewnia samohamowno\u015b\u0107; oznacza to, \u017ce nie wykr\u0119ca si\u0119 z nakr\u0119tki, nie wyst\u0119puj\u0105 zatem destrukcyjne luzy.<span style=\"font-size: 7pt;line-height: normal\">\u00a0<\/span><\/span><\/li>\n<li style=\"text-align: justify\"><span style=\"text-indent: -18pt\"><span style=\"font-family: Arial\">Exparto jako jeden z nielicznych dostawc\u00f3w przeprowadza kontrol\u0119 metalograficzn\u0105 po procesie obr\u00f3bki cieplnej z\u0119b\u00f3w. Chodzi o wykazanie, i\u017c zaaplikowano optymaln\u0105 temperatur\u0119 hartowania. Przy zbyt wysokiej temperaturze, mimo \u017ce twardo\u015b\u0107 b\u0119dzie zgodna z wymaganiami, gruboziarnista struktura wywo\u0142a p\u0119kanie oraz przedwczesne zu\u017cycie z\u0119ba.<\/span><\/span><\/li>\n<li style=\"text-align: justify\"><span style=\"font-family: Arial\">Kontrolujemy sk\u0142ad chemiczny ju\u017c na samym pocz\u0105tku procesu produkcji, poniewa\u017c nawet najlepiej przeprowadzony proces technologiczny nie zapewni 100% jako\u015bci, je\u017celi jako\u015b\u0107 materia\u0142u wsadowego b\u0119dzie niska<\/span><\/li>\n<li style=\"text-align: justify\"><span style=\"font-family: Arial\">Dok\u0142adno\u015b\u0107 wykonania ochronnej pow\u0142oki lakierniczej pozwala zachowa\u0107 estetyczny wygl\u0105d z\u0119b\u00f3w do \u0142adowaczy przez wiele lat.<\/span><\/li>\n<\/ul>\n<p class=\"MsoNormal\" style=\"text-align: justify\"><span style=\"font-family: Arial\"><span style=\"color: inherit;font-weight: 700 !important\">Z\u0119by kute Exparto stosowane s\u0105 z powodzeniem w<\/span>\u00a0\u0142y\u017cce chwytakowej, chwytakach do kiszonki, wid\u0142ach przesuwanych do palet z bolcami, Wid\u0142ach do obornika i s\u0142omy model Q, Wid\u0142ach do bel, Wycinaku do kiszonki.<\/span><\/p>\n<p class=\"MsoNormal\" style=\"text-align: justify\"><span style=\"font-family: Arial\"><span style=\"color: inherit;font-weight: 700 !important\">Z\u0119by kute Exparto s\u0105 kompatybilne z osprz\u0119tem do \u0142adowaczy czo\u0142owych i \u0142adowarek teleskopowych produkowanymi przez:\u00a0\u00a0<\/span>Agromasz, Hydramet, Inter Tech, Metal-Fach, Metaltechnik, MX, New Holland, Quick, Stoll, Volant, Zetor i do wielu innych.<\/span><\/p>\n<p style=\"text-align: justify\"><span style=\"font-family: Arial\">Wysokiej jako\u015bci tulejka\u00a0<span style=\"color: inherit;font-weight: 700 !important\">EXPARTO<\/span>\u00a0 idealna do stosowania w \u0142adowaczach, Turach czo\u0142owych, krokodylach, wid\u0142ach. Mo\u017ce by\u0107 wykorzystywana w rolnictwie, sadownictwie, le\u015bnictwie, budownictwie czy szeroko poj\u0119tym przemy\u015ble.\u00a0<\/span><\/p>\n<p style=\"text-align: justify\"><span style=\"font-family: Arial\">Tuleja projektowana i wyprodukowana specjalnie pod konkretne z\u0119by\u00a0<span style=\"color: inherit;font-weight: 700 !important\">680mm, 810mm, 1100mm<\/span>\u00a0dzi\u0119ki temu z\u0105b jest idealnie osadzony i ca\u0142\u0105 swoj\u0105 powierzchni\u0105 przylega do wewn\u0119trznych \u015bcian tuleji.<\/span><\/p>\n","protected":false},"excerpt":{"rendered":"<p style=\"text-align: justify\">Z\u0119by kute EXPARTO \u2013 doskona\u0142y wyb\u00f3r do \u0142adowaczy czo\u0142owych typu TUR oraz \u0142adowarek teleskopowych.<\/p>\n","protected":false},"featured_media":15714,"comment_status":"open","ping_status":"closed","template":"","meta":{"_acf_changed":false,"inline_featured_image":false},"product_brand":[],"product_cat":[46,59],"product_tag":[],"class_list":{"0":"post-14616","1":"product","2":"type-product","3":"status-publish","4":"has-post-thumbnail","6":"product_cat-czesci-do-ladowaczy-czolowych","7":"product_cat-palce-sprezyste","9":"first","10":"instock","11":"taxable","12":"shipping-taxable","13":"purchasable","14":"product-type-simple"},"acf":[],"yoast_head":"<!-- This site is optimized with the Yoast SEO plugin v27.2 - https:\/\/yoast.com\/product\/yoast-seo-wordpress\/ -->\n<title>Z\u0105b palec prosty do \u0142adowacza czo\u0142owego 1100 mm + tuleja - Exparto.pl<\/title>\n<meta name=\"robots\" content=\"index, follow, max-snippet:-1, max-image-preview:large, max-video-preview:-1\" \/>\n<link rel=\"canonical\" href=\"https:\/\/exparto.pl\/sk\/produkt\/zab-palec-prosty-do-ladowacza-czolowego-1100-mm-tuleja\/\" \/>\n<meta property=\"og:locale\" content=\"sk_SK\" \/>\n<meta property=\"og:type\" content=\"article\" \/>\n<meta property=\"og:title\" content=\"Z\u0105b palec prosty do \u0142adowacza czo\u0142owego 1100 mm + tuleja - Exparto.pl\" \/>\n<meta property=\"og:description\" content=\"Z\u0119by kute EXPARTO \u2013 doskona\u0142y wyb\u00f3r do \u0142adowaczy czo\u0142owych typu TUR oraz \u0142adowarek teleskopowych.\" \/>\n<meta property=\"og:url\" content=\"https:\/\/exparto.pl\/sk\/produkt\/zab-palec-prosty-do-ladowacza-czolowego-1100-mm-tuleja\/\" \/>\n<meta property=\"og:site_name\" content=\"Exparto.pl\" \/>\n<meta property=\"article:publisher\" content=\"https:\/\/www.facebook.com\/exparto.agro\/\" \/>\n<meta property=\"article:modified_time\" content=\"2026-04-01T14:00:17+00:00\" \/>\n<meta property=\"og:image\" content=\"https:\/\/exparto.pl\/wp-content\/uploads\/2023\/11\/zab-1100.jpg\" \/>\n\t<meta property=\"og:image:width\" content=\"1000\" \/>\n\t<meta property=\"og:image:height\" content=\"1000\" \/>\n\t<meta property=\"og:image:type\" content=\"image\/jpeg\" \/>\n<meta name=\"twitter:card\" content=\"summary_large_image\" \/>\n<meta name=\"twitter:label1\" content=\"Predpokladan\u00fd \u010das \u010d\u00edtania\" \/>\n\t<meta name=\"twitter:data1\" content=\"3 min\u00faty\" \/>\n<script type=\"application\/ld+json\" class=\"yoast-schema-graph\">{\"@context\":\"https:\/\/schema.org\",\"@graph\":[{\"@type\":\"WebPage\",\"@id\":\"https:\/\/exparto.pl\/sk\/produkt\/zab-palec-prosty-do-ladowacza-czolowego-1100-mm-tuleja\/\",\"url\":\"https:\/\/exparto.pl\/sk\/produkt\/zab-palec-prosty-do-ladowacza-czolowego-1100-mm-tuleja\/\",\"name\":\"Z\u0105b palec prosty do \u0142adowacza czo\u0142owego 1100 mm + tuleja - Exparto.pl\",\"isPartOf\":{\"@id\":\"https:\/\/exparto.pl\/sk\/#website\"},\"primaryImageOfPage\":{\"@id\":\"https:\/\/exparto.pl\/sk\/produkt\/zab-palec-prosty-do-ladowacza-czolowego-1100-mm-tuleja\/#primaryimage\"},\"image\":{\"@id\":\"https:\/\/exparto.pl\/sk\/produkt\/zab-palec-prosty-do-ladowacza-czolowego-1100-mm-tuleja\/#primaryimage\"},\"thumbnailUrl\":\"https:\/\/exparto.pl\/wp-content\/uploads\/2023\/11\/zab-1100.jpg\",\"datePublished\":\"2023-11-16T14:42:16+00:00\",\"dateModified\":\"2026-04-01T14:00:17+00:00\",\"breadcrumb\":{\"@id\":\"https:\/\/exparto.pl\/sk\/produkt\/zab-palec-prosty-do-ladowacza-czolowego-1100-mm-tuleja\/#breadcrumb\"},\"inLanguage\":\"sk-SK\",\"potentialAction\":[{\"@type\":\"ReadAction\",\"target\":[\"https:\/\/exparto.pl\/sk\/produkt\/zab-palec-prosty-do-ladowacza-czolowego-1100-mm-tuleja\/\"]}]},{\"@type\":\"ImageObject\",\"inLanguage\":\"sk-SK\",\"@id\":\"https:\/\/exparto.pl\/sk\/produkt\/zab-palec-prosty-do-ladowacza-czolowego-1100-mm-tuleja\/#primaryimage\",\"url\":\"https:\/\/exparto.pl\/wp-content\/uploads\/2023\/11\/zab-1100.jpg\",\"contentUrl\":\"https:\/\/exparto.pl\/wp-content\/uploads\/2023\/11\/zab-1100.jpg\",\"width\":1000,\"height\":1000},{\"@type\":\"BreadcrumbList\",\"@id\":\"https:\/\/exparto.pl\/sk\/produkt\/zab-palec-prosty-do-ladowacza-czolowego-1100-mm-tuleja\/#breadcrumb\",\"itemListElement\":[{\"@type\":\"ListItem\",\"position\":1,\"name\":\"Domovsk\u00e1 str\u00e1nka\",\"item\":\"https:\/\/exparto.pl\/sk\/domovska-stranka\/\"},{\"@type\":\"ListItem\",\"position\":2,\"name\":\"Sklep\",\"item\":\"https:\/\/exparto.pl\/sklep\/\"},{\"@type\":\"ListItem\",\"position\":3,\"name\":\"N\u00e1hradn\u00e9 diely pre \u010deln\u00e9 naklada\u010de\",\"item\":\"https:\/\/exparto.pl\/sk\/kategoria-produktov\/nahradne-diely-pre-celne-nakladace\/\"},{\"@type\":\"ListItem\",\"position\":4,\"name\":\"Jarn\u00e9 prsty\",\"item\":\"https:\/\/exparto.pl\/sk\/kategoria-produktov\/nahradne-diely-pre-celne-nakladace\/jarne-prsty\/\"},{\"@type\":\"ListItem\",\"position\":5,\"name\":\"Z\u0105b palec prosty do \u0142adowacza czo\u0142owego 1100 mm + tuleja\"}]},{\"@type\":\"WebSite\",\"@id\":\"https:\/\/exparto.pl\/sk\/#website\",\"url\":\"https:\/\/exparto.pl\/sk\/\",\"name\":\"EXPARTO\",\"description\":\"More than agro parts\",\"publisher\":{\"@id\":\"https:\/\/exparto.pl\/sk\/#organization\"},\"potentialAction\":[{\"@type\":\"SearchAction\",\"target\":{\"@type\":\"EntryPoint\",\"urlTemplate\":\"https:\/\/exparto.pl\/sk\/?s={search_term_string}\"},\"query-input\":{\"@type\":\"PropertyValueSpecification\",\"valueRequired\":true,\"valueName\":\"search_term_string\"}}],\"inLanguage\":\"sk-SK\"},{\"@type\":\"Organization\",\"@id\":\"https:\/\/exparto.pl\/sk\/#organization\",\"name\":\"EXPARTO\",\"url\":\"https:\/\/exparto.pl\/sk\/\",\"logo\":{\"@type\":\"ImageObject\",\"inLanguage\":\"sk-SK\",\"@id\":\"https:\/\/exparto.pl\/sk\/#\/schema\/logo\/image\/\",\"url\":\"https:\/\/exparto.pl\/wp-content\/uploads\/2023\/02\/logo-wektor.png\",\"contentUrl\":\"https:\/\/exparto.pl\/wp-content\/uploads\/2023\/02\/logo-wektor.png\",\"width\":1338,\"height\":143,\"caption\":\"EXPARTO\"},\"image\":{\"@id\":\"https:\/\/exparto.pl\/sk\/#\/schema\/logo\/image\/\"},\"sameAs\":[\"https:\/\/www.facebook.com\/exparto.agro\/\"]}]}<\/script>\n<!-- \/ Yoast SEO plugin. -->","yoast_head_json":{"title":"Z\u0105b palec prosty do \u0142adowacza czo\u0142owego 1100 mm + tuleja - Exparto.pl","robots":{"index":"index","follow":"follow","max-snippet":"max-snippet:-1","max-image-preview":"max-image-preview:large","max-video-preview":"max-video-preview:-1"},"canonical":"https:\/\/exparto.pl\/sk\/produkt\/zab-palec-prosty-do-ladowacza-czolowego-1100-mm-tuleja\/","og_locale":"sk_SK","og_type":"article","og_title":"Z\u0105b palec prosty do \u0142adowacza czo\u0142owego 1100 mm + tuleja - Exparto.pl","og_description":"Z\u0119by kute EXPARTO \u2013 doskona\u0142y wyb\u00f3r do \u0142adowaczy czo\u0142owych typu TUR oraz \u0142adowarek teleskopowych.","og_url":"https:\/\/exparto.pl\/sk\/produkt\/zab-palec-prosty-do-ladowacza-czolowego-1100-mm-tuleja\/","og_site_name":"Exparto.pl","article_publisher":"https:\/\/www.facebook.com\/exparto.agro\/","article_modified_time":"2026-04-01T14:00:17+00:00","og_image":[{"width":1000,"height":1000,"url":"https:\/\/exparto.pl\/wp-content\/uploads\/2023\/11\/zab-1100.jpg","type":"image\/jpeg"}],"twitter_card":"summary_large_image","twitter_misc":{"Predpokladan\u00fd \u010das \u010d\u00edtania":"3 min\u00faty"},"schema":{"@context":"https:\/\/schema.org","@graph":[{"@type":"WebPage","@id":"https:\/\/exparto.pl\/sk\/produkt\/zab-palec-prosty-do-ladowacza-czolowego-1100-mm-tuleja\/","url":"https:\/\/exparto.pl\/sk\/produkt\/zab-palec-prosty-do-ladowacza-czolowego-1100-mm-tuleja\/","name":"Z\u0105b palec prosty do \u0142adowacza czo\u0142owego 1100 mm + tuleja - Exparto.pl","isPartOf":{"@id":"https:\/\/exparto.pl\/sk\/#website"},"primaryImageOfPage":{"@id":"https:\/\/exparto.pl\/sk\/produkt\/zab-palec-prosty-do-ladowacza-czolowego-1100-mm-tuleja\/#primaryimage"},"image":{"@id":"https:\/\/exparto.pl\/sk\/produkt\/zab-palec-prosty-do-ladowacza-czolowego-1100-mm-tuleja\/#primaryimage"},"thumbnailUrl":"https:\/\/exparto.pl\/wp-content\/uploads\/2023\/11\/zab-1100.jpg","datePublished":"2023-11-16T14:42:16+00:00","dateModified":"2026-04-01T14:00:17+00:00","breadcrumb":{"@id":"https:\/\/exparto.pl\/sk\/produkt\/zab-palec-prosty-do-ladowacza-czolowego-1100-mm-tuleja\/#breadcrumb"},"inLanguage":"sk-SK","potentialAction":[{"@type":"ReadAction","target":["https:\/\/exparto.pl\/sk\/produkt\/zab-palec-prosty-do-ladowacza-czolowego-1100-mm-tuleja\/"]}]},{"@type":"ImageObject","inLanguage":"sk-SK","@id":"https:\/\/exparto.pl\/sk\/produkt\/zab-palec-prosty-do-ladowacza-czolowego-1100-mm-tuleja\/#primaryimage","url":"https:\/\/exparto.pl\/wp-content\/uploads\/2023\/11\/zab-1100.jpg","contentUrl":"https:\/\/exparto.pl\/wp-content\/uploads\/2023\/11\/zab-1100.jpg","width":1000,"height":1000},{"@type":"BreadcrumbList","@id":"https:\/\/exparto.pl\/sk\/produkt\/zab-palec-prosty-do-ladowacza-czolowego-1100-mm-tuleja\/#breadcrumb","itemListElement":[{"@type":"ListItem","position":1,"name":"Domovsk\u00e1 str\u00e1nka","item":"https:\/\/exparto.pl\/sk\/domovska-stranka\/"},{"@type":"ListItem","position":2,"name":"Sklep","item":"https:\/\/exparto.pl\/sklep\/"},{"@type":"ListItem","position":3,"name":"N\u00e1hradn\u00e9 diely pre \u010deln\u00e9 naklada\u010de","item":"https:\/\/exparto.pl\/sk\/kategoria-produktov\/nahradne-diely-pre-celne-nakladace\/"},{"@type":"ListItem","position":4,"name":"Jarn\u00e9 prsty","item":"https:\/\/exparto.pl\/sk\/kategoria-produktov\/nahradne-diely-pre-celne-nakladace\/jarne-prsty\/"},{"@type":"ListItem","position":5,"name":"Z\u0105b palec prosty do \u0142adowacza czo\u0142owego 1100 mm + tuleja"}]},{"@type":"WebSite","@id":"https:\/\/exparto.pl\/sk\/#website","url":"https:\/\/exparto.pl\/sk\/","name":"EXPARTO","description":"More than agro parts","publisher":{"@id":"https:\/\/exparto.pl\/sk\/#organization"},"potentialAction":[{"@type":"SearchAction","target":{"@type":"EntryPoint","urlTemplate":"https:\/\/exparto.pl\/sk\/?s={search_term_string}"},"query-input":{"@type":"PropertyValueSpecification","valueRequired":true,"valueName":"search_term_string"}}],"inLanguage":"sk-SK"},{"@type":"Organization","@id":"https:\/\/exparto.pl\/sk\/#organization","name":"EXPARTO","url":"https:\/\/exparto.pl\/sk\/","logo":{"@type":"ImageObject","inLanguage":"sk-SK","@id":"https:\/\/exparto.pl\/sk\/#\/schema\/logo\/image\/","url":"https:\/\/exparto.pl\/wp-content\/uploads\/2023\/02\/logo-wektor.png","contentUrl":"https:\/\/exparto.pl\/wp-content\/uploads\/2023\/02\/logo-wektor.png","width":1338,"height":143,"caption":"EXPARTO"},"image":{"@id":"https:\/\/exparto.pl\/sk\/#\/schema\/logo\/image\/"},"sameAs":["https:\/\/www.facebook.com\/exparto.agro\/"]}]}},"_links":{"self":[{"href":"https:\/\/exparto.pl\/sk\/wp-json\/wp\/v2\/product\/14616","targetHints":{"allow":["GET"]}}],"collection":[{"href":"https:\/\/exparto.pl\/sk\/wp-json\/wp\/v2\/product"}],"about":[{"href":"https:\/\/exparto.pl\/sk\/wp-json\/wp\/v2\/types\/product"}],"replies":[{"embeddable":true,"href":"https:\/\/exparto.pl\/sk\/wp-json\/wp\/v2\/comments?post=14616"}],"wp:featuredmedia":[{"embeddable":true,"href":"https:\/\/exparto.pl\/sk\/wp-json\/wp\/v2\/media\/15714"}],"wp:attachment":[{"href":"https:\/\/exparto.pl\/sk\/wp-json\/wp\/v2\/media?parent=14616"}],"wp:term":[{"taxonomy":"product_brand","embeddable":true,"href":"https:\/\/exparto.pl\/sk\/wp-json\/wp\/v2\/product_brand?post=14616"},{"taxonomy":"product_cat","embeddable":true,"href":"https:\/\/exparto.pl\/sk\/wp-json\/wp\/v2\/product_cat?post=14616"},{"taxonomy":"product_tag","embeddable":true,"href":"https:\/\/exparto.pl\/sk\/wp-json\/wp\/v2\/product_tag?post=14616"}],"curies":[{"name":"wp","href":"https:\/\/api.w.org\/{rel}","templated":true}]}}