{"id":14957,"date":"2023-11-22T13:27:19","date_gmt":"2023-11-22T12:27:19","guid":{"rendered":"https:\/\/exparto.pl\/produkt\/wal-przegubowy-wom-120cm-1200nm-frez-krzyzak-32x76-6-6\/"},"modified":"2026-04-07T10:01:34","modified_gmt":"2026-04-07T08:01:34","slug":"wal-przegubowy-wom-120cm-1200nm-frez-krzyzak-32x76-6-6","status":"publish","type":"product","link":"https:\/\/exparto.pl\/sk\/produkt\/wal-przegubowy-wom-120cm-1200nm-frez-krzyzak-32x76-6-6\/","title":{"rendered":"Wa\u0142 przegubowy WOM 120cm 630Nm frez krzy\u017cak 32&#215;76 6\/6 (62A)"},"content":{"rendered":"<p style=\"text-align: justify\"><span style=\"font-family: Barlow, sans-serif;font-size: 16px;text-align: start\">Szukasz wysokiej jako\u015bci wa\u0142ka przegubowego do swojej maszyny rolniczej? W EXPARTO znajdziesz to, czego potrzebujesz. Jednym z polecanych produkt\u00f3w jest nasz wa\u0142ek WOM frezowany.\u00a0<\/span><b style=\"font-family: Barlow, sans-serif;font-size: 16px;text-align: start\">Dzi\u0119ki niemu zwi\u0119kszysz wydajno\u015b\u0107 swoich maszyn i zadbasz o ich prawid\u0142ow\u0105 eksploatacj\u0119<\/b><span style=\"font-family: Barlow, sans-serif;font-size: 16px;text-align: start\">. Sprawd\u017a, czym wyr\u00f3\u017cnia si\u0119 oferowany w EXPARTO wa\u0142ek przegubowy do ci\u0105gnika.<\/span><\/p>\n<h2 style=\"line-height: 1.4;font-size: 1.25rem;font-family: Barlow, sans-serif\"><span style=\"font-weight: 400\">Wa\u0142ek WOM frezowany (wa\u0142ek przeka\u017anika mocy) &#8211; wa\u0142 przegubowy do ci\u0105gnika 120 cm, 630nm<\/span><\/h2>\n<p style=\"text-align: justify\"><span style=\"font-family: Barlow, sans-serif;font-size: 16px;text-align: start\">Przygotowali\u015bmy dla Ciebie wa\u0142ek przeka\u017anika mocy frezowany o d\u0142ugo\u015bci ca\u0142kowitej po z\u0142o\u017ceniu wynosz\u0105cej 120 cm. Maksymalny moment obrotowy tego modelu to 630 Nm. <\/span><b style=\"font-family: Barlow, sans-serif;font-size: 16px;text-align: start\">Klasyfikowany jest jako wa\u0142ek odbioru mocy silnika, czyli WOM<\/b><span style=\"font-family: Barlow, sans-serif;font-size: 16px;text-align: start\">. Od jako\u015bci jego wykonania oraz parametr\u00f3w technicznych zale\u017c\u0105 bezpiecze\u0144stwo i wydajno\u015b\u0107 prac prowadzonych w gospodarstwach rolnych. W produkcji wykorzystujemy tylko najlepszej jako\u015bci komponenty, dzi\u0119ki czemu\u00a0<\/span><b style=\"font-family: Barlow, sans-serif;font-size: 16px;text-align: start\">oferowany w EXPARTO wa\u0142 WOM przegubowo-teleskopowy spe\u0142nia najwy\u017csze rynkowe standardy<\/b><span style=\"font-family: Barlow, sans-serif;font-size: 16px;text-align: start\">.\u00a0<\/span><\/p>\n<p style=\"text-align: justify\"><span style=\"font-family: Barlow, sans-serif;font-size: 16px;text-align: start\">Uniwersalno\u015b\u0107 wa\u0142ka WOM 120 cm sprawia, \u017ce\u00a0<\/span><b style=\"font-family: Barlow, sans-serif;font-size: 16px;text-align: start\">mo\u017ce by\u0107 wykorzystywany przy takich maszynach, jak m.in.: rozdrabniacze, rozsiewacze, glebogryzarki, kosiarki, opryskiwacze i inne<\/b><span style=\"font-family: Barlow, sans-serif;font-size: 16px;text-align: start\">.\u00a0<\/span><\/p>\n<p style=\"font-family: Barlow, sans-serif;font-size: 16px;text-align: justify\">Wa\u0142 przegubowy stanowi jeden z podstawowych element\u00f3w uk\u0142adu hydraulicznego w ci\u0105gnikach rolniczych. Chcesz zapewni\u0107 sobie komfort pracy i zmniejszy\u0107 koszty eksploatacji maszyny? Skorzystaj z naszej oferty. W przypadku jakichkolwiek w\u0105tpliwo\u015bci\u00a0<b>ekspert EXPARTO poprowadzi Ci\u0119 przez proces doboru i finalizacji zakupu<\/b>.<\/p>\n<p style=\"text-align: justify\"><span style=\"color: var(--text-color)\">\u2705<\/span><strong>G\u0141\u00d3WNE ZASTOSOWANIE:<\/strong><\/p>\n<ul>\n<li><b>Prasa kostkuj\u0105ca<\/b><\/li>\n<\/ul>\n","protected":false},"excerpt":{"rendered":"<p class=\"MsoNormal\" style=\"text-align: justify\">Wa\u0142y<br \/>\nprzegubowo-teleskopowe wykorzystywane s\u0105 do\u00a0<span style=\"color: inherit\">przenoszenia<br \/>\nmomentu obrotowego<\/span>\u00a0z wa\u0142ka odbioru mocy ci\u0105gnika (WOM) na wa\u0142ek<br \/>\nprzyj\u0119cia mocy maszyny (WPM), kt\u00f3ra jest do owego ci\u0105gnika doczepiana.<\/p>\n","protected":false},"featured_media":14932,"comment_status":"open","ping_status":"closed","template":"","meta":{"_acf_changed":false,"inline_featured_image":false},"product_brand":[920],"product_cat":[113,53],"product_tag":[],"class_list":{"0":"post-14957","1":"product","2":"type-product","3":"status-publish","4":"has-post-thumbnail","6":"product_brand-exparto","7":"product_cat-waly-frezowane","8":"product_cat-waly-przegubowo-teleskopowe","10":"first","11":"instock","12":"taxable","13":"shipping-taxable","14":"purchasable","15":"product-type-simple"},"acf":[],"yoast_head":"<!-- This site is optimized with the Yoast SEO plugin v27.3 - https:\/\/yoast.com\/product\/yoast-seo-wordpress\/ -->\n<title>Wa\u0142 przegubowy WOM 120cm 630Nm frez krzy\u017cak 32x76 6\/6 (62A) - Exparto.pl<\/title>\n<meta name=\"robots\" content=\"index, follow, max-snippet:-1, max-image-preview:large, max-video-preview:-1\" \/>\n<link rel=\"canonical\" href=\"https:\/\/exparto.pl\/sk\/produkt\/wal-przegubowy-wom-120cm-1200nm-frez-krzyzak-32x76-6-6\/\" \/>\n<meta property=\"og:locale\" content=\"sk_SK\" \/>\n<meta property=\"og:type\" content=\"article\" \/>\n<meta property=\"og:title\" content=\"Wa\u0142 przegubowy WOM 120cm 630Nm frez krzy\u017cak 32x76 6\/6 (62A) - Exparto.pl\" \/>\n<meta property=\"og:description\" content=\"Wa\u0142y przegubowo-teleskopowe wykorzystywane s\u0105 do\u00a0przenoszenia momentu obrotowego\u00a0z wa\u0142ka odbioru mocy ci\u0105gnika (WOM) na wa\u0142ek przyj\u0119cia mocy maszyny (WPM), kt\u00f3ra jest do owego ci\u0105gnika doczepiana.\" \/>\n<meta property=\"og:url\" content=\"https:\/\/exparto.pl\/sk\/produkt\/wal-przegubowy-wom-120cm-1200nm-frez-krzyzak-32x76-6-6\/\" \/>\n<meta property=\"og:site_name\" content=\"Exparto.pl\" \/>\n<meta property=\"article:publisher\" content=\"https:\/\/www.facebook.com\/exparto.agro\/\" \/>\n<meta property=\"article:modified_time\" content=\"2026-04-07T08:01:34+00:00\" \/>\n<meta property=\"og:image\" content=\"https:\/\/exparto.pl\/wp-content\/uploads\/2023\/11\/c6d7d7318d7ff377bb75bb2a7b0e3d2f.jpg\" \/>\n\t<meta property=\"og:image:width\" content=\"1000\" \/>\n\t<meta property=\"og:image:height\" content=\"1000\" \/>\n\t<meta property=\"og:image:type\" content=\"image\/jpeg\" \/>\n<meta name=\"twitter:card\" content=\"summary_large_image\" \/>\n<meta name=\"twitter:label1\" content=\"Predpokladan\u00fd \u010das \u010d\u00edtania\" \/>\n\t<meta name=\"twitter:data1\" content=\"2 min\u00faty\" \/>\n<script type=\"application\/ld+json\" class=\"yoast-schema-graph\">{\"@context\":\"https:\\\/\\\/schema.org\",\"@graph\":[{\"@type\":\"WebPage\",\"@id\":\"https:\\\/\\\/exparto.pl\\\/sk\\\/produkt\\\/wal-przegubowy-wom-120cm-1200nm-frez-krzyzak-32x76-6-6\\\/\",\"url\":\"https:\\\/\\\/exparto.pl\\\/sk\\\/produkt\\\/wal-przegubowy-wom-120cm-1200nm-frez-krzyzak-32x76-6-6\\\/\",\"name\":\"Wa\u0142 przegubowy WOM 120cm 630Nm frez krzy\u017cak 32x76 6\\\/6 (62A) - Exparto.pl\",\"isPartOf\":{\"@id\":\"https:\\\/\\\/exparto.pl\\\/sk\\\/#website\"},\"primaryImageOfPage\":{\"@id\":\"https:\\\/\\\/exparto.pl\\\/sk\\\/produkt\\\/wal-przegubowy-wom-120cm-1200nm-frez-krzyzak-32x76-6-6\\\/#primaryimage\"},\"image\":{\"@id\":\"https:\\\/\\\/exparto.pl\\\/sk\\\/produkt\\\/wal-przegubowy-wom-120cm-1200nm-frez-krzyzak-32x76-6-6\\\/#primaryimage\"},\"thumbnailUrl\":\"https:\\\/\\\/exparto.pl\\\/wp-content\\\/uploads\\\/2023\\\/11\\\/c6d7d7318d7ff377bb75bb2a7b0e3d2f.jpg\",\"datePublished\":\"2023-11-22T12:27:19+00:00\",\"dateModified\":\"2026-04-07T08:01:34+00:00\",\"breadcrumb\":{\"@id\":\"https:\\\/\\\/exparto.pl\\\/sk\\\/produkt\\\/wal-przegubowy-wom-120cm-1200nm-frez-krzyzak-32x76-6-6\\\/#breadcrumb\"},\"inLanguage\":\"sk-SK\",\"potentialAction\":[{\"@type\":\"ReadAction\",\"target\":[\"https:\\\/\\\/exparto.pl\\\/sk\\\/produkt\\\/wal-przegubowy-wom-120cm-1200nm-frez-krzyzak-32x76-6-6\\\/\"]}]},{\"@type\":\"ImageObject\",\"inLanguage\":\"sk-SK\",\"@id\":\"https:\\\/\\\/exparto.pl\\\/sk\\\/produkt\\\/wal-przegubowy-wom-120cm-1200nm-frez-krzyzak-32x76-6-6\\\/#primaryimage\",\"url\":\"https:\\\/\\\/exparto.pl\\\/wp-content\\\/uploads\\\/2023\\\/11\\\/c6d7d7318d7ff377bb75bb2a7b0e3d2f.jpg\",\"contentUrl\":\"https:\\\/\\\/exparto.pl\\\/wp-content\\\/uploads\\\/2023\\\/11\\\/c6d7d7318d7ff377bb75bb2a7b0e3d2f.jpg\",\"width\":1000,\"height\":1000},{\"@type\":\"BreadcrumbList\",\"@id\":\"https:\\\/\\\/exparto.pl\\\/sk\\\/produkt\\\/wal-przegubowy-wom-120cm-1200nm-frez-krzyzak-32x76-6-6\\\/#breadcrumb\",\"itemListElement\":[{\"@type\":\"ListItem\",\"position\":1,\"name\":\"Domovsk\u00e1 str\u00e1nka\",\"item\":\"https:\\\/\\\/exparto.pl\\\/sk\\\/domovska-stranka\\\/\"},{\"@type\":\"ListItem\",\"position\":2,\"name\":\"Sklep\",\"item\":\"https:\\\/\\\/exparto.pl\\\/sklep\\\/\"},{\"@type\":\"ListItem\",\"position\":3,\"name\":\"Teleskopick\u00e9 v\u00fdvodov\u00e9 hriadele\",\"item\":\"https:\\\/\\\/exparto.pl\\\/sk\\\/kategoria-produktov\\\/teleskopicke-vyvodove-hriadele\\\/\"},{\"@type\":\"ListItem\",\"position\":4,\"name\":\"Fr\u00e9zovan\u00e9 hriadele\",\"item\":\"https:\\\/\\\/exparto.pl\\\/sk\\\/kategoria-produktov\\\/teleskopicke-vyvodove-hriadele\\\/frezovane-hriadele\\\/\"},{\"@type\":\"ListItem\",\"position\":5,\"name\":\"Wa\u0142 przegubowy WOM 120cm 630Nm frez krzy\u017cak 32&#215;76 6\\\/6 (62A)\"}]},{\"@type\":\"WebSite\",\"@id\":\"https:\\\/\\\/exparto.pl\\\/sk\\\/#website\",\"url\":\"https:\\\/\\\/exparto.pl\\\/sk\\\/\",\"name\":\"EXPARTO\",\"description\":\"More than agro parts\",\"publisher\":{\"@id\":\"https:\\\/\\\/exparto.pl\\\/sk\\\/#organization\"},\"potentialAction\":[{\"@type\":\"SearchAction\",\"target\":{\"@type\":\"EntryPoint\",\"urlTemplate\":\"https:\\\/\\\/exparto.pl\\\/sk\\\/?s={search_term_string}\"},\"query-input\":{\"@type\":\"PropertyValueSpecification\",\"valueRequired\":true,\"valueName\":\"search_term_string\"}}],\"inLanguage\":\"sk-SK\"},{\"@type\":\"Organization\",\"@id\":\"https:\\\/\\\/exparto.pl\\\/sk\\\/#organization\",\"name\":\"EXPARTO\",\"url\":\"https:\\\/\\\/exparto.pl\\\/sk\\\/\",\"logo\":{\"@type\":\"ImageObject\",\"inLanguage\":\"sk-SK\",\"@id\":\"https:\\\/\\\/exparto.pl\\\/sk\\\/#\\\/schema\\\/logo\\\/image\\\/\",\"url\":\"https:\\\/\\\/exparto.pl\\\/wp-content\\\/uploads\\\/2023\\\/02\\\/logo-wektor.png\",\"contentUrl\":\"https:\\\/\\\/exparto.pl\\\/wp-content\\\/uploads\\\/2023\\\/02\\\/logo-wektor.png\",\"width\":1338,\"height\":143,\"caption\":\"EXPARTO\"},\"image\":{\"@id\":\"https:\\\/\\\/exparto.pl\\\/sk\\\/#\\\/schema\\\/logo\\\/image\\\/\"},\"sameAs\":[\"https:\\\/\\\/www.facebook.com\\\/exparto.agro\\\/\"]}]}<\/script>\n<!-- \/ Yoast SEO plugin. -->","yoast_head_json":{"title":"Wa\u0142 przegubowy WOM 120cm 630Nm frez krzy\u017cak 32x76 6\/6 (62A) - Exparto.pl","robots":{"index":"index","follow":"follow","max-snippet":"max-snippet:-1","max-image-preview":"max-image-preview:large","max-video-preview":"max-video-preview:-1"},"canonical":"https:\/\/exparto.pl\/sk\/produkt\/wal-przegubowy-wom-120cm-1200nm-frez-krzyzak-32x76-6-6\/","og_locale":"sk_SK","og_type":"article","og_title":"Wa\u0142 przegubowy WOM 120cm 630Nm frez krzy\u017cak 32x76 6\/6 (62A) - Exparto.pl","og_description":"Wa\u0142y przegubowo-teleskopowe wykorzystywane s\u0105 do\u00a0przenoszenia momentu obrotowego\u00a0z wa\u0142ka odbioru mocy ci\u0105gnika (WOM) na wa\u0142ek przyj\u0119cia mocy maszyny (WPM), kt\u00f3ra jest do owego ci\u0105gnika doczepiana.","og_url":"https:\/\/exparto.pl\/sk\/produkt\/wal-przegubowy-wom-120cm-1200nm-frez-krzyzak-32x76-6-6\/","og_site_name":"Exparto.pl","article_publisher":"https:\/\/www.facebook.com\/exparto.agro\/","article_modified_time":"2026-04-07T08:01:34+00:00","og_image":[{"width":1000,"height":1000,"url":"https:\/\/exparto.pl\/wp-content\/uploads\/2023\/11\/c6d7d7318d7ff377bb75bb2a7b0e3d2f.jpg","type":"image\/jpeg"}],"twitter_card":"summary_large_image","twitter_misc":{"Predpokladan\u00fd \u010das \u010d\u00edtania":"2 min\u00faty"},"schema":{"@context":"https:\/\/schema.org","@graph":[{"@type":"WebPage","@id":"https:\/\/exparto.pl\/sk\/produkt\/wal-przegubowy-wom-120cm-1200nm-frez-krzyzak-32x76-6-6\/","url":"https:\/\/exparto.pl\/sk\/produkt\/wal-przegubowy-wom-120cm-1200nm-frez-krzyzak-32x76-6-6\/","name":"Wa\u0142 przegubowy WOM 120cm 630Nm frez krzy\u017cak 32x76 6\/6 (62A) - Exparto.pl","isPartOf":{"@id":"https:\/\/exparto.pl\/sk\/#website"},"primaryImageOfPage":{"@id":"https:\/\/exparto.pl\/sk\/produkt\/wal-przegubowy-wom-120cm-1200nm-frez-krzyzak-32x76-6-6\/#primaryimage"},"image":{"@id":"https:\/\/exparto.pl\/sk\/produkt\/wal-przegubowy-wom-120cm-1200nm-frez-krzyzak-32x76-6-6\/#primaryimage"},"thumbnailUrl":"https:\/\/exparto.pl\/wp-content\/uploads\/2023\/11\/c6d7d7318d7ff377bb75bb2a7b0e3d2f.jpg","datePublished":"2023-11-22T12:27:19+00:00","dateModified":"2026-04-07T08:01:34+00:00","breadcrumb":{"@id":"https:\/\/exparto.pl\/sk\/produkt\/wal-przegubowy-wom-120cm-1200nm-frez-krzyzak-32x76-6-6\/#breadcrumb"},"inLanguage":"sk-SK","potentialAction":[{"@type":"ReadAction","target":["https:\/\/exparto.pl\/sk\/produkt\/wal-przegubowy-wom-120cm-1200nm-frez-krzyzak-32x76-6-6\/"]}]},{"@type":"ImageObject","inLanguage":"sk-SK","@id":"https:\/\/exparto.pl\/sk\/produkt\/wal-przegubowy-wom-120cm-1200nm-frez-krzyzak-32x76-6-6\/#primaryimage","url":"https:\/\/exparto.pl\/wp-content\/uploads\/2023\/11\/c6d7d7318d7ff377bb75bb2a7b0e3d2f.jpg","contentUrl":"https:\/\/exparto.pl\/wp-content\/uploads\/2023\/11\/c6d7d7318d7ff377bb75bb2a7b0e3d2f.jpg","width":1000,"height":1000},{"@type":"BreadcrumbList","@id":"https:\/\/exparto.pl\/sk\/produkt\/wal-przegubowy-wom-120cm-1200nm-frez-krzyzak-32x76-6-6\/#breadcrumb","itemListElement":[{"@type":"ListItem","position":1,"name":"Domovsk\u00e1 str\u00e1nka","item":"https:\/\/exparto.pl\/sk\/domovska-stranka\/"},{"@type":"ListItem","position":2,"name":"Sklep","item":"https:\/\/exparto.pl\/sklep\/"},{"@type":"ListItem","position":3,"name":"Teleskopick\u00e9 v\u00fdvodov\u00e9 hriadele","item":"https:\/\/exparto.pl\/sk\/kategoria-produktov\/teleskopicke-vyvodove-hriadele\/"},{"@type":"ListItem","position":4,"name":"Fr\u00e9zovan\u00e9 hriadele","item":"https:\/\/exparto.pl\/sk\/kategoria-produktov\/teleskopicke-vyvodove-hriadele\/frezovane-hriadele\/"},{"@type":"ListItem","position":5,"name":"Wa\u0142 przegubowy WOM 120cm 630Nm frez krzy\u017cak 32&#215;76 6\/6 (62A)"}]},{"@type":"WebSite","@id":"https:\/\/exparto.pl\/sk\/#website","url":"https:\/\/exparto.pl\/sk\/","name":"EXPARTO","description":"More than agro parts","publisher":{"@id":"https:\/\/exparto.pl\/sk\/#organization"},"potentialAction":[{"@type":"SearchAction","target":{"@type":"EntryPoint","urlTemplate":"https:\/\/exparto.pl\/sk\/?s={search_term_string}"},"query-input":{"@type":"PropertyValueSpecification","valueRequired":true,"valueName":"search_term_string"}}],"inLanguage":"sk-SK"},{"@type":"Organization","@id":"https:\/\/exparto.pl\/sk\/#organization","name":"EXPARTO","url":"https:\/\/exparto.pl\/sk\/","logo":{"@type":"ImageObject","inLanguage":"sk-SK","@id":"https:\/\/exparto.pl\/sk\/#\/schema\/logo\/image\/","url":"https:\/\/exparto.pl\/wp-content\/uploads\/2023\/02\/logo-wektor.png","contentUrl":"https:\/\/exparto.pl\/wp-content\/uploads\/2023\/02\/logo-wektor.png","width":1338,"height":143,"caption":"EXPARTO"},"image":{"@id":"https:\/\/exparto.pl\/sk\/#\/schema\/logo\/image\/"},"sameAs":["https:\/\/www.facebook.com\/exparto.agro\/"]}]}},"_links":{"self":[{"href":"https:\/\/exparto.pl\/sk\/wp-json\/wp\/v2\/product\/14957","targetHints":{"allow":["GET"]}}],"collection":[{"href":"https:\/\/exparto.pl\/sk\/wp-json\/wp\/v2\/product"}],"about":[{"href":"https:\/\/exparto.pl\/sk\/wp-json\/wp\/v2\/types\/product"}],"replies":[{"embeddable":true,"href":"https:\/\/exparto.pl\/sk\/wp-json\/wp\/v2\/comments?post=14957"}],"wp:featuredmedia":[{"embeddable":true,"href":"https:\/\/exparto.pl\/sk\/wp-json\/wp\/v2\/media\/14932"}],"wp:attachment":[{"href":"https:\/\/exparto.pl\/sk\/wp-json\/wp\/v2\/media?parent=14957"}],"wp:term":[{"taxonomy":"product_brand","embeddable":true,"href":"https:\/\/exparto.pl\/sk\/wp-json\/wp\/v2\/product_brand?post=14957"},{"taxonomy":"product_cat","embeddable":true,"href":"https:\/\/exparto.pl\/sk\/wp-json\/wp\/v2\/product_cat?post=14957"},{"taxonomy":"product_tag","embeddable":true,"href":"https:\/\/exparto.pl\/sk\/wp-json\/wp\/v2\/product_tag?post=14957"}],"curies":[{"name":"wp","href":"https:\/\/api.w.org\/{rel}","templated":true}]}}