{"id":15460,"date":"2023-11-29T11:44:07","date_gmt":"2023-11-29T10:44:07","guid":{"rendered":"https:\/\/exparto.pl\/produkt\/lacznik-centralny-320-520mm\/"},"modified":"2026-04-05T23:00:43","modified_gmt":"2026-04-05T21:00:43","slug":"lacznik-centralny-320-520mm","status":"publish","type":"product","link":"https:\/\/exparto.pl\/sk\/produkt\/lacznik-centralny-320-520mm\/","title":{"rendered":"\u0141\u0105cznik centralny kat. 2 gwint M22x2,5 335\/460 25mm uniwersalny"},"content":{"rendered":"<section class=\"section\">\n<div class=\"item item-12\">\n<section class=\"text-item\">\n<p style=\"text-align: justify\"><b>\u0141\u0105cznik centralny<\/b> doskonale sprawdza si\u0119 w ci\u0105gnikach jako <b>stabilizator ci\u0119gna dolnego<\/b>. Dzi\u0119ki niemu mo\u017cliwe jest po\u0142\u0105czenie ci\u0119g\u0142a centralnego z elementami mechanizmu centralnego, co pozwala na <b>p\u0142ynn\u0105 prac\u0119<\/b>\u00a0ca\u0142ego systemu.<span style=\"color: var(--gray-800)\">\u00a0Wszystkie cz\u0119\u015bci wykonane s\u0105 z <\/span><b>trwa\u0142ych i wytrzyma\u0142ych materia\u0142\u00f3w<\/b><span style=\"color: var(--gray-800)\">, co zapewnia niezawodno\u015b\u0107 i d\u0142ug\u0105 \u017cywotno\u015b\u0107 produktu.<\/span><\/p>\n<p style=\"text-align: justify\">\u0141\u0105cznik centralny \u015bruba rzymska, Kat. 2 na sworznie fi 25mm<\/p>\n<\/section><\/div>\n<\/section>\n","protected":false},"excerpt":{"rendered":"<p style=\"text-align: justify\">\u0141\u0105cznik centralny do maszyn rolniczych , na sworznie fi-25mm<\/p>\n","protected":false},"featured_media":15440,"comment_status":"open","ping_status":"closed","template":"","meta":{"_acf_changed":false,"inline_featured_image":false},"product_brand":[920],"product_cat":[760,55],"product_tag":[],"class_list":{"0":"post-15460","1":"product","2":"type-product","3":"status-publish","4":"has-post-thumbnail","6":"product_brand-exparto","7":"product_cat-laczniki-centralne","8":"product_cat-trojpunktowy-uklad-zawieszenia","10":"first","11":"instock","12":"taxable","13":"shipping-taxable","14":"purchasable","15":"product-type-simple"},"acf":[],"yoast_head":"<!-- This site is optimized with the Yoast SEO plugin v27.2 - https:\/\/yoast.com\/product\/yoast-seo-wordpress\/ -->\n<title>\u0141\u0105cznik centralny kat. 2 gwint M22x2,5 335\/460 25mm uniwersalny - Exparto.pl<\/title>\n<meta name=\"robots\" content=\"index, follow, max-snippet:-1, max-image-preview:large, max-video-preview:-1\" \/>\n<link rel=\"canonical\" href=\"https:\/\/exparto.pl\/sk\/produkt\/lacznik-centralny-320-520mm\/\" \/>\n<meta property=\"og:locale\" content=\"sk_SK\" \/>\n<meta property=\"og:type\" content=\"article\" \/>\n<meta property=\"og:title\" content=\"\u0141\u0105cznik centralny kat. 2 gwint M22x2,5 335\/460 25mm uniwersalny - Exparto.pl\" \/>\n<meta property=\"og:description\" content=\"\u0141\u0105cznik centralny do maszyn rolniczych , na sworznie fi-25mm\" \/>\n<meta property=\"og:url\" content=\"https:\/\/exparto.pl\/sk\/produkt\/lacznik-centralny-320-520mm\/\" \/>\n<meta property=\"og:site_name\" content=\"Exparto.pl\" \/>\n<meta property=\"article:publisher\" content=\"https:\/\/www.facebook.com\/exparto.agro\/\" \/>\n<meta property=\"article:modified_time\" content=\"2026-04-05T21:00:43+00:00\" \/>\n<meta property=\"og:image\" content=\"https:\/\/exparto.pl\/wp-content\/uploads\/2023\/11\/62b9f6a14bd9c8a34cb5c7642b86575a.jpg\" \/>\n\t<meta property=\"og:image:width\" content=\"1000\" \/>\n\t<meta property=\"og:image:height\" content=\"1000\" \/>\n\t<meta property=\"og:image:type\" content=\"image\/jpeg\" \/>\n<meta name=\"twitter:card\" content=\"summary_large_image\" \/>\n<meta name=\"twitter:label1\" content=\"Predpokladan\u00fd \u010das \u010d\u00edtania\" \/>\n\t<meta name=\"twitter:data1\" content=\"1 min\u00fata\" \/>\n<script type=\"application\/ld+json\" class=\"yoast-schema-graph\">{\"@context\":\"https:\/\/schema.org\",\"@graph\":[{\"@type\":\"WebPage\",\"@id\":\"https:\/\/exparto.pl\/sk\/produkt\/lacznik-centralny-320-520mm\/\",\"url\":\"https:\/\/exparto.pl\/sk\/produkt\/lacznik-centralny-320-520mm\/\",\"name\":\"\u0141\u0105cznik centralny kat. 2 gwint M22x2,5 335\/460 25mm uniwersalny - Exparto.pl\",\"isPartOf\":{\"@id\":\"https:\/\/exparto.pl\/sk\/#website\"},\"primaryImageOfPage\":{\"@id\":\"https:\/\/exparto.pl\/sk\/produkt\/lacznik-centralny-320-520mm\/#primaryimage\"},\"image\":{\"@id\":\"https:\/\/exparto.pl\/sk\/produkt\/lacznik-centralny-320-520mm\/#primaryimage\"},\"thumbnailUrl\":\"https:\/\/exparto.pl\/wp-content\/uploads\/2023\/11\/62b9f6a14bd9c8a34cb5c7642b86575a.jpg\",\"datePublished\":\"2023-11-29T10:44:07+00:00\",\"dateModified\":\"2026-04-05T21:00:43+00:00\",\"breadcrumb\":{\"@id\":\"https:\/\/exparto.pl\/sk\/produkt\/lacznik-centralny-320-520mm\/#breadcrumb\"},\"inLanguage\":\"sk-SK\",\"potentialAction\":[{\"@type\":\"ReadAction\",\"target\":[\"https:\/\/exparto.pl\/sk\/produkt\/lacznik-centralny-320-520mm\/\"]}]},{\"@type\":\"ImageObject\",\"inLanguage\":\"sk-SK\",\"@id\":\"https:\/\/exparto.pl\/sk\/produkt\/lacznik-centralny-320-520mm\/#primaryimage\",\"url\":\"https:\/\/exparto.pl\/wp-content\/uploads\/2023\/11\/62b9f6a14bd9c8a34cb5c7642b86575a.jpg\",\"contentUrl\":\"https:\/\/exparto.pl\/wp-content\/uploads\/2023\/11\/62b9f6a14bd9c8a34cb5c7642b86575a.jpg\",\"width\":1000,\"height\":1000},{\"@type\":\"BreadcrumbList\",\"@id\":\"https:\/\/exparto.pl\/sk\/produkt\/lacznik-centralny-320-520mm\/#breadcrumb\",\"itemListElement\":[{\"@type\":\"ListItem\",\"position\":1,\"name\":\"Domovsk\u00e1 str\u00e1nka\",\"item\":\"https:\/\/exparto.pl\/sk\/domovska-stranka\/\"},{\"@type\":\"ListItem\",\"position\":2,\"name\":\"Sklep\",\"item\":\"https:\/\/exparto.pl\/sklep\/\"},{\"@type\":\"ListItem\",\"position\":3,\"name\":\"Trojbodov\u00fd syst\u00e9m odpru\u017eenia\",\"item\":\"https:\/\/exparto.pl\/sk\/kategoria-produktov\/trojbodovy-system-odpruzenia\/\"},{\"@type\":\"ListItem\",\"position\":4,\"name\":\"\u0141\u0105czniki centralne\",\"item\":\"https:\/\/exparto.pl\/kategoria-produktu\/trojpunktowy-uklad-zawieszenia\/laczniki-centralne\/\"},{\"@type\":\"ListItem\",\"position\":5,\"name\":\"\u0141\u0105cznik centralny kat. 2 gwint M22x2,5 335\/460 25mm uniwersalny\"}]},{\"@type\":\"WebSite\",\"@id\":\"https:\/\/exparto.pl\/sk\/#website\",\"url\":\"https:\/\/exparto.pl\/sk\/\",\"name\":\"EXPARTO\",\"description\":\"More than agro parts\",\"publisher\":{\"@id\":\"https:\/\/exparto.pl\/sk\/#organization\"},\"potentialAction\":[{\"@type\":\"SearchAction\",\"target\":{\"@type\":\"EntryPoint\",\"urlTemplate\":\"https:\/\/exparto.pl\/sk\/?s={search_term_string}\"},\"query-input\":{\"@type\":\"PropertyValueSpecification\",\"valueRequired\":true,\"valueName\":\"search_term_string\"}}],\"inLanguage\":\"sk-SK\"},{\"@type\":\"Organization\",\"@id\":\"https:\/\/exparto.pl\/sk\/#organization\",\"name\":\"EXPARTO\",\"url\":\"https:\/\/exparto.pl\/sk\/\",\"logo\":{\"@type\":\"ImageObject\",\"inLanguage\":\"sk-SK\",\"@id\":\"https:\/\/exparto.pl\/sk\/#\/schema\/logo\/image\/\",\"url\":\"https:\/\/exparto.pl\/wp-content\/uploads\/2023\/02\/logo-wektor.png\",\"contentUrl\":\"https:\/\/exparto.pl\/wp-content\/uploads\/2023\/02\/logo-wektor.png\",\"width\":1338,\"height\":143,\"caption\":\"EXPARTO\"},\"image\":{\"@id\":\"https:\/\/exparto.pl\/sk\/#\/schema\/logo\/image\/\"},\"sameAs\":[\"https:\/\/www.facebook.com\/exparto.agro\/\"]}]}<\/script>\n<!-- \/ Yoast SEO plugin. -->","yoast_head_json":{"title":"\u0141\u0105cznik centralny kat. 2 gwint M22x2,5 335\/460 25mm uniwersalny - Exparto.pl","robots":{"index":"index","follow":"follow","max-snippet":"max-snippet:-1","max-image-preview":"max-image-preview:large","max-video-preview":"max-video-preview:-1"},"canonical":"https:\/\/exparto.pl\/sk\/produkt\/lacznik-centralny-320-520mm\/","og_locale":"sk_SK","og_type":"article","og_title":"\u0141\u0105cznik centralny kat. 2 gwint M22x2,5 335\/460 25mm uniwersalny - Exparto.pl","og_description":"\u0141\u0105cznik centralny do maszyn rolniczych , na sworznie fi-25mm","og_url":"https:\/\/exparto.pl\/sk\/produkt\/lacznik-centralny-320-520mm\/","og_site_name":"Exparto.pl","article_publisher":"https:\/\/www.facebook.com\/exparto.agro\/","article_modified_time":"2026-04-05T21:00:43+00:00","og_image":[{"width":1000,"height":1000,"url":"https:\/\/exparto.pl\/wp-content\/uploads\/2023\/11\/62b9f6a14bd9c8a34cb5c7642b86575a.jpg","type":"image\/jpeg"}],"twitter_card":"summary_large_image","twitter_misc":{"Predpokladan\u00fd \u010das \u010d\u00edtania":"1 min\u00fata"},"schema":{"@context":"https:\/\/schema.org","@graph":[{"@type":"WebPage","@id":"https:\/\/exparto.pl\/sk\/produkt\/lacznik-centralny-320-520mm\/","url":"https:\/\/exparto.pl\/sk\/produkt\/lacznik-centralny-320-520mm\/","name":"\u0141\u0105cznik centralny kat. 2 gwint M22x2,5 335\/460 25mm uniwersalny - Exparto.pl","isPartOf":{"@id":"https:\/\/exparto.pl\/sk\/#website"},"primaryImageOfPage":{"@id":"https:\/\/exparto.pl\/sk\/produkt\/lacznik-centralny-320-520mm\/#primaryimage"},"image":{"@id":"https:\/\/exparto.pl\/sk\/produkt\/lacznik-centralny-320-520mm\/#primaryimage"},"thumbnailUrl":"https:\/\/exparto.pl\/wp-content\/uploads\/2023\/11\/62b9f6a14bd9c8a34cb5c7642b86575a.jpg","datePublished":"2023-11-29T10:44:07+00:00","dateModified":"2026-04-05T21:00:43+00:00","breadcrumb":{"@id":"https:\/\/exparto.pl\/sk\/produkt\/lacznik-centralny-320-520mm\/#breadcrumb"},"inLanguage":"sk-SK","potentialAction":[{"@type":"ReadAction","target":["https:\/\/exparto.pl\/sk\/produkt\/lacznik-centralny-320-520mm\/"]}]},{"@type":"ImageObject","inLanguage":"sk-SK","@id":"https:\/\/exparto.pl\/sk\/produkt\/lacznik-centralny-320-520mm\/#primaryimage","url":"https:\/\/exparto.pl\/wp-content\/uploads\/2023\/11\/62b9f6a14bd9c8a34cb5c7642b86575a.jpg","contentUrl":"https:\/\/exparto.pl\/wp-content\/uploads\/2023\/11\/62b9f6a14bd9c8a34cb5c7642b86575a.jpg","width":1000,"height":1000},{"@type":"BreadcrumbList","@id":"https:\/\/exparto.pl\/sk\/produkt\/lacznik-centralny-320-520mm\/#breadcrumb","itemListElement":[{"@type":"ListItem","position":1,"name":"Domovsk\u00e1 str\u00e1nka","item":"https:\/\/exparto.pl\/sk\/domovska-stranka\/"},{"@type":"ListItem","position":2,"name":"Sklep","item":"https:\/\/exparto.pl\/sklep\/"},{"@type":"ListItem","position":3,"name":"Trojbodov\u00fd syst\u00e9m odpru\u017eenia","item":"https:\/\/exparto.pl\/sk\/kategoria-produktov\/trojbodovy-system-odpruzenia\/"},{"@type":"ListItem","position":4,"name":"\u0141\u0105czniki centralne","item":"https:\/\/exparto.pl\/kategoria-produktu\/trojpunktowy-uklad-zawieszenia\/laczniki-centralne\/"},{"@type":"ListItem","position":5,"name":"\u0141\u0105cznik centralny kat. 2 gwint M22x2,5 335\/460 25mm uniwersalny"}]},{"@type":"WebSite","@id":"https:\/\/exparto.pl\/sk\/#website","url":"https:\/\/exparto.pl\/sk\/","name":"EXPARTO","description":"More than agro parts","publisher":{"@id":"https:\/\/exparto.pl\/sk\/#organization"},"potentialAction":[{"@type":"SearchAction","target":{"@type":"EntryPoint","urlTemplate":"https:\/\/exparto.pl\/sk\/?s={search_term_string}"},"query-input":{"@type":"PropertyValueSpecification","valueRequired":true,"valueName":"search_term_string"}}],"inLanguage":"sk-SK"},{"@type":"Organization","@id":"https:\/\/exparto.pl\/sk\/#organization","name":"EXPARTO","url":"https:\/\/exparto.pl\/sk\/","logo":{"@type":"ImageObject","inLanguage":"sk-SK","@id":"https:\/\/exparto.pl\/sk\/#\/schema\/logo\/image\/","url":"https:\/\/exparto.pl\/wp-content\/uploads\/2023\/02\/logo-wektor.png","contentUrl":"https:\/\/exparto.pl\/wp-content\/uploads\/2023\/02\/logo-wektor.png","width":1338,"height":143,"caption":"EXPARTO"},"image":{"@id":"https:\/\/exparto.pl\/sk\/#\/schema\/logo\/image\/"},"sameAs":["https:\/\/www.facebook.com\/exparto.agro\/"]}]}},"_links":{"self":[{"href":"https:\/\/exparto.pl\/sk\/wp-json\/wp\/v2\/product\/15460","targetHints":{"allow":["GET"]}}],"collection":[{"href":"https:\/\/exparto.pl\/sk\/wp-json\/wp\/v2\/product"}],"about":[{"href":"https:\/\/exparto.pl\/sk\/wp-json\/wp\/v2\/types\/product"}],"replies":[{"embeddable":true,"href":"https:\/\/exparto.pl\/sk\/wp-json\/wp\/v2\/comments?post=15460"}],"wp:featuredmedia":[{"embeddable":true,"href":"https:\/\/exparto.pl\/sk\/wp-json\/wp\/v2\/media\/15440"}],"wp:attachment":[{"href":"https:\/\/exparto.pl\/sk\/wp-json\/wp\/v2\/media?parent=15460"}],"wp:term":[{"taxonomy":"product_brand","embeddable":true,"href":"https:\/\/exparto.pl\/sk\/wp-json\/wp\/v2\/product_brand?post=15460"},{"taxonomy":"product_cat","embeddable":true,"href":"https:\/\/exparto.pl\/sk\/wp-json\/wp\/v2\/product_cat?post=15460"},{"taxonomy":"product_tag","embeddable":true,"href":"https:\/\/exparto.pl\/sk\/wp-json\/wp\/v2\/product_tag?post=15460"}],"curies":[{"name":"wp","href":"https:\/\/api.w.org\/{rel}","templated":true}]}}