{"id":16339,"date":"2023-12-18T15:09:09","date_gmt":"2023-12-18T14:09:09","guid":{"rendered":"https:\/\/exparto.pl\/produkt\/pioro-i-resoru-d-47-z-uchem\/"},"modified":"2026-03-19T18:01:12","modified_gmt":"2026-03-19T17:01:12","slug":"pioro-i-resoru-d-47-z-uchem","status":"publish","type":"product","link":"https:\/\/exparto.pl\/sk\/produkt\/pioro-i-resoru-d-47-z-uchem\/","title":{"rendered":"Pi\u00f3ro I resoru D-47 z uchem"},"content":{"rendered":"<p><span style=\"font-weight: 400;\">Szukasz sprawdzonych cz\u0119\u015bci do maszyn rolniczych od renomowanego dostawcy? Jako EXPARTO od lat wspieramy bran\u017c\u0119 rolnicz\u0105 w Polsce. <\/span><b>Przygotowali\u015bmy dla Ciebie m.in. pierwsze pi\u00f3ro resora przyczepy D-47 z uchem<\/b><span style=\"font-weight: 400;\">. Model ten przeznaczony jest do stosowania w danej przyczepie Autosan Sanok. Sprawd\u017a, czym produkt EXPARTO wyr\u00f3\u017cnia si\u0119 na rynku.\u00a0<\/span><\/p>\n<h2><span style=\"font-weight: 400;\">Pi\u00f3ro resora przyczepy D-47 pierwsze &#8211; z uchem<\/span><\/h2>\n<p><span style=\"font-weight: 400;\">Przede wszystkim oferowane przez nas <\/span><b>pi\u00f3ro resora pierwsze do przyczepy D-47 charakteryzuje si\u0119 bardzo wysok\u0105 jako\u015bci\u0105 wykonania<\/b><span style=\"font-weight: 400;\">. D\u0142ugo zachowuje swoje w\u0142a\u015bciwo\u015bci, co przek\u0142ada si\u0119 na wydajn\u0105 prac\u0119 uk\u0142adu resoru pi\u00f3rowego. Ponadto zastosowanie tej cz\u0119\u015bci w modelu Autosan Sanok D-47 <\/span><b>redukuje ryzyko wyst\u0105pienia ewentualnych usterek i zwi\u0105zanych z nimi koszt\u00f3w<\/b><span style=\"font-weight: 400;\">. Model ten wyr\u00f3\u017cnia si\u0119 oryginaln\u0105 budow\u0105, przez co klasyfikowany jest jako pi\u00f3ro resoru z uchem.\u00a0<\/span><\/p>\n<p><b>W centralnej cz\u0119\u015bci pi\u00f3ra znajduje si\u0119 tulejka o \u015brednicy 19 mm. Umo\u017cliwia ona monta\u017c sworznia<\/b><span style=\"font-weight: 400;\">. Waga ca\u0142ego elementu to niewiele ponad 5 kilogram\u00f3w. Pi\u00f3ro od resora wykorzystywane jest jako cz\u0119\u015b\u0107 uk\u0142adu odpowiedzialnego za redukcj\u0119 drga\u0144, dociskanie k\u00f3\u0142 przyczepy do nawierzchni oraz przyjmowanie si\u0142 powsta\u0142ych w trakcie hamowania i przyspieszania pojazdu. <\/span><b>Oferowany przez nas model pasuje do przyczepy D-47 oraz wybranych maszyn rolniczych<\/b><span style=\"font-weight: 400;\">.<\/span><\/p>\n<p><span style=\"font-weight: 400;\">Potrzebujesz wysokiej jako\u015bci pi\u00f3ra resora D-47? Znajdziesz je w naszej ofercie. W przypadku jakichkolwiek w\u0105tpliwo\u015bci skontaktuj si\u0119 z naszym ekspertem. Zapraszamy do zakupu.\u00a0<\/span><\/p>\n<p style=\"text-align: justify;\"><b>Zastosowanie:<\/b><\/p>\n<ul>\n<li style=\"text-align: justify;\"><span style=\"color: var(--gray-800);\">przyczepa D-47\u00a0\u00a0<\/span><\/li>\n<li style=\"text-align: justify;\"><span style=\"color: var(--gray-800);\">maszyny rolnicze<\/span><\/li>\n<\/ul>\n","protected":false},"excerpt":{"rendered":"<p style=\"text-align: justify;\">Pi\u00f3ro resoru przyczepy z uchem.<\/p>\n","protected":false},"featured_media":16319,"comment_status":"open","ping_status":"closed","template":"","meta":{"_acf_changed":false,"inline_featured_image":false},"product_brand":[],"product_cat":[50,731],"product_tag":[],"class_list":{"0":"post-16339","1":"product","2":"type-product","3":"status-publish","4":"has-post-thumbnail","6":"product_cat-czesci-do-przyczep","7":"product_cat-resory","9":"first","10":"instock","11":"taxable","12":"shipping-taxable","13":"purchasable","14":"product-type-simple"},"acf":[],"yoast_head":"<!-- This site is optimized with the Yoast SEO plugin v27.3 - https:\/\/yoast.com\/product\/yoast-seo-wordpress\/ -->\n<title>Pi\u00f3ro I resoru D-47 z uchem - Exparto.pl<\/title>\n<meta name=\"robots\" content=\"index, follow, max-snippet:-1, max-image-preview:large, max-video-preview:-1\" \/>\n<link rel=\"canonical\" href=\"https:\/\/exparto.pl\/sk\/produkt\/pioro-i-resoru-d-47-z-uchem\/\" \/>\n<meta property=\"og:locale\" content=\"sk_SK\" \/>\n<meta property=\"og:type\" content=\"article\" \/>\n<meta property=\"og:title\" content=\"Pi\u00f3ro I resoru D-47 z uchem - Exparto.pl\" \/>\n<meta property=\"og:description\" content=\"Pi\u00f3ro resoru przyczepy z uchem.\" \/>\n<meta property=\"og:url\" content=\"https:\/\/exparto.pl\/sk\/produkt\/pioro-i-resoru-d-47-z-uchem\/\" \/>\n<meta property=\"og:site_name\" content=\"Exparto.pl\" \/>\n<meta property=\"article:publisher\" content=\"https:\/\/www.facebook.com\/exparto.agro\/\" \/>\n<meta property=\"article:modified_time\" content=\"2026-03-19T17:01:12+00:00\" \/>\n<meta property=\"og:image\" content=\"https:\/\/exparto.pl\/wp-content\/uploads\/2023\/12\/b9b9faab64ac9eb39d6f2ede44a1ca24-rotated.jpg\" \/>\n\t<meta property=\"og:image:width\" content=\"1000\" \/>\n\t<meta property=\"og:image:height\" content=\"1000\" \/>\n\t<meta property=\"og:image:type\" content=\"image\/jpeg\" \/>\n<meta name=\"twitter:card\" content=\"summary_large_image\" \/>\n<meta name=\"twitter:label1\" content=\"Predpokladan\u00fd \u010das \u010d\u00edtania\" \/>\n\t<meta name=\"twitter:data1\" content=\"2 min\u00faty\" \/>\n<script type=\"application\/ld+json\" class=\"yoast-schema-graph\">{\"@context\":\"https:\\\/\\\/schema.org\",\"@graph\":[{\"@type\":\"WebPage\",\"@id\":\"https:\\\/\\\/exparto.pl\\\/sk\\\/produkt\\\/pioro-i-resoru-d-47-z-uchem\\\/\",\"url\":\"https:\\\/\\\/exparto.pl\\\/sk\\\/produkt\\\/pioro-i-resoru-d-47-z-uchem\\\/\",\"name\":\"Pi\u00f3ro I resoru D-47 z uchem - Exparto.pl\",\"isPartOf\":{\"@id\":\"https:\\\/\\\/exparto.pl\\\/sk\\\/#website\"},\"primaryImageOfPage\":{\"@id\":\"https:\\\/\\\/exparto.pl\\\/sk\\\/produkt\\\/pioro-i-resoru-d-47-z-uchem\\\/#primaryimage\"},\"image\":{\"@id\":\"https:\\\/\\\/exparto.pl\\\/sk\\\/produkt\\\/pioro-i-resoru-d-47-z-uchem\\\/#primaryimage\"},\"thumbnailUrl\":\"https:\\\/\\\/exparto.pl\\\/wp-content\\\/uploads\\\/2023\\\/12\\\/b9b9faab64ac9eb39d6f2ede44a1ca24-rotated.jpg\",\"datePublished\":\"2023-12-18T14:09:09+00:00\",\"dateModified\":\"2026-03-19T17:01:12+00:00\",\"breadcrumb\":{\"@id\":\"https:\\\/\\\/exparto.pl\\\/sk\\\/produkt\\\/pioro-i-resoru-d-47-z-uchem\\\/#breadcrumb\"},\"inLanguage\":\"sk-SK\",\"potentialAction\":[{\"@type\":\"ReadAction\",\"target\":[\"https:\\\/\\\/exparto.pl\\\/sk\\\/produkt\\\/pioro-i-resoru-d-47-z-uchem\\\/\"]}]},{\"@type\":\"ImageObject\",\"inLanguage\":\"sk-SK\",\"@id\":\"https:\\\/\\\/exparto.pl\\\/sk\\\/produkt\\\/pioro-i-resoru-d-47-z-uchem\\\/#primaryimage\",\"url\":\"https:\\\/\\\/exparto.pl\\\/wp-content\\\/uploads\\\/2023\\\/12\\\/b9b9faab64ac9eb39d6f2ede44a1ca24-rotated.jpg\",\"contentUrl\":\"https:\\\/\\\/exparto.pl\\\/wp-content\\\/uploads\\\/2023\\\/12\\\/b9b9faab64ac9eb39d6f2ede44a1ca24-rotated.jpg\",\"width\":1000,\"height\":1000},{\"@type\":\"BreadcrumbList\",\"@id\":\"https:\\\/\\\/exparto.pl\\\/sk\\\/produkt\\\/pioro-i-resoru-d-47-z-uchem\\\/#breadcrumb\",\"itemListElement\":[{\"@type\":\"ListItem\",\"position\":1,\"name\":\"Domovsk\u00e1 str\u00e1nka\",\"item\":\"https:\\\/\\\/exparto.pl\\\/sk\\\/domovska-stranka\\\/\"},{\"@type\":\"ListItem\",\"position\":2,\"name\":\"Sklep\",\"item\":\"https:\\\/\\\/exparto.pl\\\/sklep\\\/\"},{\"@type\":\"ListItem\",\"position\":3,\"name\":\"\u010casti pr\u00edvesu\",\"item\":\"https:\\\/\\\/exparto.pl\\\/sk\\\/kategoria-produktov\\\/casti-privesu\\\/\"},{\"@type\":\"ListItem\",\"position\":4,\"name\":\"Resory do przyczep i pi\u00f3ra\",\"item\":\"https:\\\/\\\/exparto.pl\\\/kategoria-produktu\\\/czesci-do-przyczep\\\/resory\\\/\"},{\"@type\":\"ListItem\",\"position\":5,\"name\":\"Pi\u00f3ro I resoru D-47 z uchem\"}]},{\"@type\":\"WebSite\",\"@id\":\"https:\\\/\\\/exparto.pl\\\/sk\\\/#website\",\"url\":\"https:\\\/\\\/exparto.pl\\\/sk\\\/\",\"name\":\"EXPARTO\",\"description\":\"More than agro parts\",\"publisher\":{\"@id\":\"https:\\\/\\\/exparto.pl\\\/sk\\\/#organization\"},\"potentialAction\":[{\"@type\":\"SearchAction\",\"target\":{\"@type\":\"EntryPoint\",\"urlTemplate\":\"https:\\\/\\\/exparto.pl\\\/sk\\\/?s={search_term_string}\"},\"query-input\":{\"@type\":\"PropertyValueSpecification\",\"valueRequired\":true,\"valueName\":\"search_term_string\"}}],\"inLanguage\":\"sk-SK\"},{\"@type\":\"Organization\",\"@id\":\"https:\\\/\\\/exparto.pl\\\/sk\\\/#organization\",\"name\":\"EXPARTO\",\"url\":\"https:\\\/\\\/exparto.pl\\\/sk\\\/\",\"logo\":{\"@type\":\"ImageObject\",\"inLanguage\":\"sk-SK\",\"@id\":\"https:\\\/\\\/exparto.pl\\\/sk\\\/#\\\/schema\\\/logo\\\/image\\\/\",\"url\":\"https:\\\/\\\/exparto.pl\\\/wp-content\\\/uploads\\\/2023\\\/02\\\/logo-wektor.png\",\"contentUrl\":\"https:\\\/\\\/exparto.pl\\\/wp-content\\\/uploads\\\/2023\\\/02\\\/logo-wektor.png\",\"width\":1338,\"height\":143,\"caption\":\"EXPARTO\"},\"image\":{\"@id\":\"https:\\\/\\\/exparto.pl\\\/sk\\\/#\\\/schema\\\/logo\\\/image\\\/\"},\"sameAs\":[\"https:\\\/\\\/www.facebook.com\\\/exparto.agro\\\/\"]}]}<\/script>\n<!-- \/ Yoast SEO plugin. -->","yoast_head_json":{"title":"Pi\u00f3ro I resoru D-47 z uchem - Exparto.pl","robots":{"index":"index","follow":"follow","max-snippet":"max-snippet:-1","max-image-preview":"max-image-preview:large","max-video-preview":"max-video-preview:-1"},"canonical":"https:\/\/exparto.pl\/sk\/produkt\/pioro-i-resoru-d-47-z-uchem\/","og_locale":"sk_SK","og_type":"article","og_title":"Pi\u00f3ro I resoru D-47 z uchem - Exparto.pl","og_description":"Pi\u00f3ro resoru przyczepy z uchem.","og_url":"https:\/\/exparto.pl\/sk\/produkt\/pioro-i-resoru-d-47-z-uchem\/","og_site_name":"Exparto.pl","article_publisher":"https:\/\/www.facebook.com\/exparto.agro\/","article_modified_time":"2026-03-19T17:01:12+00:00","og_image":[{"width":1000,"height":1000,"url":"https:\/\/exparto.pl\/wp-content\/uploads\/2023\/12\/b9b9faab64ac9eb39d6f2ede44a1ca24-rotated.jpg","type":"image\/jpeg"}],"twitter_card":"summary_large_image","twitter_misc":{"Predpokladan\u00fd \u010das \u010d\u00edtania":"2 min\u00faty"},"schema":{"@context":"https:\/\/schema.org","@graph":[{"@type":"WebPage","@id":"https:\/\/exparto.pl\/sk\/produkt\/pioro-i-resoru-d-47-z-uchem\/","url":"https:\/\/exparto.pl\/sk\/produkt\/pioro-i-resoru-d-47-z-uchem\/","name":"Pi\u00f3ro I resoru D-47 z uchem - Exparto.pl","isPartOf":{"@id":"https:\/\/exparto.pl\/sk\/#website"},"primaryImageOfPage":{"@id":"https:\/\/exparto.pl\/sk\/produkt\/pioro-i-resoru-d-47-z-uchem\/#primaryimage"},"image":{"@id":"https:\/\/exparto.pl\/sk\/produkt\/pioro-i-resoru-d-47-z-uchem\/#primaryimage"},"thumbnailUrl":"https:\/\/exparto.pl\/wp-content\/uploads\/2023\/12\/b9b9faab64ac9eb39d6f2ede44a1ca24-rotated.jpg","datePublished":"2023-12-18T14:09:09+00:00","dateModified":"2026-03-19T17:01:12+00:00","breadcrumb":{"@id":"https:\/\/exparto.pl\/sk\/produkt\/pioro-i-resoru-d-47-z-uchem\/#breadcrumb"},"inLanguage":"sk-SK","potentialAction":[{"@type":"ReadAction","target":["https:\/\/exparto.pl\/sk\/produkt\/pioro-i-resoru-d-47-z-uchem\/"]}]},{"@type":"ImageObject","inLanguage":"sk-SK","@id":"https:\/\/exparto.pl\/sk\/produkt\/pioro-i-resoru-d-47-z-uchem\/#primaryimage","url":"https:\/\/exparto.pl\/wp-content\/uploads\/2023\/12\/b9b9faab64ac9eb39d6f2ede44a1ca24-rotated.jpg","contentUrl":"https:\/\/exparto.pl\/wp-content\/uploads\/2023\/12\/b9b9faab64ac9eb39d6f2ede44a1ca24-rotated.jpg","width":1000,"height":1000},{"@type":"BreadcrumbList","@id":"https:\/\/exparto.pl\/sk\/produkt\/pioro-i-resoru-d-47-z-uchem\/#breadcrumb","itemListElement":[{"@type":"ListItem","position":1,"name":"Domovsk\u00e1 str\u00e1nka","item":"https:\/\/exparto.pl\/sk\/domovska-stranka\/"},{"@type":"ListItem","position":2,"name":"Sklep","item":"https:\/\/exparto.pl\/sklep\/"},{"@type":"ListItem","position":3,"name":"\u010casti pr\u00edvesu","item":"https:\/\/exparto.pl\/sk\/kategoria-produktov\/casti-privesu\/"},{"@type":"ListItem","position":4,"name":"Resory do przyczep i pi\u00f3ra","item":"https:\/\/exparto.pl\/kategoria-produktu\/czesci-do-przyczep\/resory\/"},{"@type":"ListItem","position":5,"name":"Pi\u00f3ro I resoru D-47 z uchem"}]},{"@type":"WebSite","@id":"https:\/\/exparto.pl\/sk\/#website","url":"https:\/\/exparto.pl\/sk\/","name":"EXPARTO","description":"More than agro parts","publisher":{"@id":"https:\/\/exparto.pl\/sk\/#organization"},"potentialAction":[{"@type":"SearchAction","target":{"@type":"EntryPoint","urlTemplate":"https:\/\/exparto.pl\/sk\/?s={search_term_string}"},"query-input":{"@type":"PropertyValueSpecification","valueRequired":true,"valueName":"search_term_string"}}],"inLanguage":"sk-SK"},{"@type":"Organization","@id":"https:\/\/exparto.pl\/sk\/#organization","name":"EXPARTO","url":"https:\/\/exparto.pl\/sk\/","logo":{"@type":"ImageObject","inLanguage":"sk-SK","@id":"https:\/\/exparto.pl\/sk\/#\/schema\/logo\/image\/","url":"https:\/\/exparto.pl\/wp-content\/uploads\/2023\/02\/logo-wektor.png","contentUrl":"https:\/\/exparto.pl\/wp-content\/uploads\/2023\/02\/logo-wektor.png","width":1338,"height":143,"caption":"EXPARTO"},"image":{"@id":"https:\/\/exparto.pl\/sk\/#\/schema\/logo\/image\/"},"sameAs":["https:\/\/www.facebook.com\/exparto.agro\/"]}]}},"_links":{"self":[{"href":"https:\/\/exparto.pl\/sk\/wp-json\/wp\/v2\/product\/16339","targetHints":{"allow":["GET"]}}],"collection":[{"href":"https:\/\/exparto.pl\/sk\/wp-json\/wp\/v2\/product"}],"about":[{"href":"https:\/\/exparto.pl\/sk\/wp-json\/wp\/v2\/types\/product"}],"replies":[{"embeddable":true,"href":"https:\/\/exparto.pl\/sk\/wp-json\/wp\/v2\/comments?post=16339"}],"wp:featuredmedia":[{"embeddable":true,"href":"https:\/\/exparto.pl\/sk\/wp-json\/wp\/v2\/media\/16319"}],"wp:attachment":[{"href":"https:\/\/exparto.pl\/sk\/wp-json\/wp\/v2\/media?parent=16339"}],"wp:term":[{"taxonomy":"product_brand","embeddable":true,"href":"https:\/\/exparto.pl\/sk\/wp-json\/wp\/v2\/product_brand?post=16339"},{"taxonomy":"product_cat","embeddable":true,"href":"https:\/\/exparto.pl\/sk\/wp-json\/wp\/v2\/product_cat?post=16339"},{"taxonomy":"product_tag","embeddable":true,"href":"https:\/\/exparto.pl\/sk\/wp-json\/wp\/v2\/product_tag?post=16339"}],"curies":[{"name":"wp","href":"https:\/\/api.w.org\/{rel}","templated":true}]}}