{"id":16818,"date":"2023-12-20T16:43:56","date_gmt":"2023-12-20T15:43:56","guid":{"rendered":"https:\/\/exparto.pl\/produkt\/walek-napedu-srutownika-bak\/"},"modified":"2026-04-08T12:00:32","modified_gmt":"2026-04-08T10:00:32","slug":"walek-napedu-srutownika-bak","status":"publish","type":"product","link":"https:\/\/exparto.pl\/sk\/produkt\/walek-napedu-srutownika-bak\/","title":{"rendered":"Wa\u0142ek nap\u0119du \u015brutownika B\u0105k"},"content":{"rendered":"<p><p style=\"text-align: justify;\"><b>Zastosowanie<\/b><span style=\"font-weight: 400;\">:<\/span><\/p>\n<ul>\n<li style=\"font-weight: 400;\" aria-level=\"1\"><span style=\"font-weight: 400;\">rozdrabniacz B\u0105k<\/span><\/li>\n<\/ul>\n<p><b>Numer katalogowy<\/b><span style=\"font-weight: 400;\">:<\/span><\/p>\n<ul>\n<li style=\"font-weight: 400;\" aria-level=\"1\"><span style=\"font-weight: 400;\">811101011<\/span><\/li>\n<\/ul>\n<p><span style=\"font-weight: 400;\">W tym miejscu przygotowali\u015bmy dla Ciebie wa\u0142ek nap\u0119du do rozdrabniacza Bak. <\/span><b>To cz\u0119\u015b\u0107 eksploatacyjna, kt\u00f3r\u0105 nale\u017cy cyklicznie wymienia\u0107, aby zachowa\u0107 po\u017c\u0105dan\u0105 wydajno\u015b\u0107 maszyny<\/b><span style=\"font-weight: 400;\">. Wa\u0142ek ten produkowany jest z wytrzyma\u0142ego materia\u0142u, a sama cz\u0119\u015b\u0107 jest dobrze dopasowana do rozdrabniacza.<\/span><\/p>\n<h2><span style=\"font-weight: 400;\">Wa\u0142ek nap\u0119du do rozdrabniacza B\u0105k<\/span><\/h2>\n<p><b>Wa\u0142ek nap\u0119du do rozdrabniacza B\u0105k to element uk\u0142adu przekazywania mocy<\/b><span style=\"font-weight: 400;\">. Dzi\u0119ki temu mo\u017cliwe jest skuteczne rozdrabnianie ziaren do postaci \u015bruty. Ta nast\u0119pnie wykorzystywana jest jako pasza dla zwierz\u0105t hodowlanych. Maszyny rolnicze B\u0105k s\u0105 ch\u0119tnie stosowane w gospodarstwach rolnych w Polsce. <\/span><b>Swoj\u0105 popularno\u015b\u0107 zawdzi\u0119czaj\u0105 prostej konstrukcji, du\u017cej wydajno\u015bci i ma\u0142ej awaryjno\u015bci<\/b><span style=\"font-weight: 400;\">.\u00a0<\/span><\/p>\n<p><p style=\"text-align: justify;\"><span style=\"font-weight: 400;\">Oferowany przez nas wa\u0142ek nap\u0119du \u015brutownika powstaje ze starannie wybranych komponent\u00f3w. <\/span><b>Charakteryzuj\u0105 si\u0119 one wysok\u0105 odporno\u015bci\u0105 na intensywn\u0105 prac\u0119, dzi\u0119ki czemu d\u0142ugo zachowuj\u0105 swoje w\u0142a\u015bciwo\u015bci<\/b><span style=\"font-weight: 400;\">. To bardzo wa\u017cne w kontek\u015bcie optymalizacji koszt\u00f3w prowadzenia gospodarstwa rolnego. <\/span><b>Jako EXPARTO zapewniamy, \u017ce dostarczony wa\u0142ek oraz inne cz\u0119\u015bci do \u015brutownika B\u0105k b\u0119d\u0105 odpowiednio dopasowane. <\/b><span style=\"font-weight: 400;\">Zale\u017cy Ci na wygodnej i bezpiecznej pracy? Skorzystaj z oferty przygotowanej przez naszych ekspert\u00f3w. <\/span><\/p>\n","protected":false},"excerpt":{"rendered":"<p style=\"text-align: justify;\">Wa\u0142ek nap\u0119du do rozdrabniacza B\u0105k<\/p>\n","protected":false},"featured_media":16803,"comment_status":"open","ping_status":"closed","template":"","meta":{"_acf_changed":false,"inline_featured_image":false},"product_brand":[],"product_cat":[734],"product_tag":[],"class_list":{"0":"post-16818","1":"product","2":"type-product","3":"status-publish","4":"has-post-thumbnail","6":"product_cat-czesci-do-rozdrabniacza","8":"first","9":"instock","10":"taxable","11":"shipping-taxable","12":"purchasable","13":"product-type-simple"},"acf":[],"yoast_head":"<!-- This site is optimized with the Yoast SEO plugin v27.3 - https:\/\/yoast.com\/product\/yoast-seo-wordpress\/ -->\n<title>Wa\u0142ek nap\u0119du \u015brutownika B\u0105k - Exparto.pl<\/title>\n<meta name=\"robots\" content=\"index, follow, max-snippet:-1, max-image-preview:large, max-video-preview:-1\" \/>\n<link rel=\"canonical\" href=\"https:\/\/exparto.pl\/sk\/produkt\/walek-napedu-srutownika-bak\/\" \/>\n<meta property=\"og:locale\" content=\"sk_SK\" \/>\n<meta property=\"og:type\" content=\"article\" \/>\n<meta property=\"og:title\" content=\"Wa\u0142ek nap\u0119du \u015brutownika B\u0105k - Exparto.pl\" \/>\n<meta property=\"og:description\" content=\"Wa\u0142ek nap\u0119du do rozdrabniacza B\u0105k\" \/>\n<meta property=\"og:url\" content=\"https:\/\/exparto.pl\/sk\/produkt\/walek-napedu-srutownika-bak\/\" \/>\n<meta property=\"og:site_name\" content=\"Exparto.pl\" \/>\n<meta property=\"article:publisher\" content=\"https:\/\/www.facebook.com\/exparto.agro\/\" \/>\n<meta property=\"article:modified_time\" content=\"2026-04-08T10:00:32+00:00\" \/>\n<meta property=\"og:image\" content=\"https:\/\/exparto.pl\/wp-content\/uploads\/2023\/12\/6dd88147ea609a80e11a0a2501ed9090.jpg\" \/>\n\t<meta property=\"og:image:width\" content=\"1000\" \/>\n\t<meta property=\"og:image:height\" content=\"1000\" \/>\n\t<meta property=\"og:image:type\" content=\"image\/jpeg\" \/>\n<meta name=\"twitter:card\" content=\"summary_large_image\" \/>\n<meta name=\"twitter:label1\" content=\"Predpokladan\u00fd \u010das \u010d\u00edtania\" \/>\n\t<meta name=\"twitter:data1\" content=\"2 min\u00faty\" \/>\n<script type=\"application\/ld+json\" class=\"yoast-schema-graph\">{\"@context\":\"https:\\\/\\\/schema.org\",\"@graph\":[{\"@type\":\"WebPage\",\"@id\":\"https:\\\/\\\/exparto.pl\\\/sk\\\/produkt\\\/walek-napedu-srutownika-bak\\\/\",\"url\":\"https:\\\/\\\/exparto.pl\\\/sk\\\/produkt\\\/walek-napedu-srutownika-bak\\\/\",\"name\":\"Wa\u0142ek nap\u0119du \u015brutownika B\u0105k - Exparto.pl\",\"isPartOf\":{\"@id\":\"https:\\\/\\\/exparto.pl\\\/sk\\\/#website\"},\"primaryImageOfPage\":{\"@id\":\"https:\\\/\\\/exparto.pl\\\/sk\\\/produkt\\\/walek-napedu-srutownika-bak\\\/#primaryimage\"},\"image\":{\"@id\":\"https:\\\/\\\/exparto.pl\\\/sk\\\/produkt\\\/walek-napedu-srutownika-bak\\\/#primaryimage\"},\"thumbnailUrl\":\"https:\\\/\\\/exparto.pl\\\/wp-content\\\/uploads\\\/2023\\\/12\\\/6dd88147ea609a80e11a0a2501ed9090.jpg\",\"datePublished\":\"2023-12-20T15:43:56+00:00\",\"dateModified\":\"2026-04-08T10:00:32+00:00\",\"breadcrumb\":{\"@id\":\"https:\\\/\\\/exparto.pl\\\/sk\\\/produkt\\\/walek-napedu-srutownika-bak\\\/#breadcrumb\"},\"inLanguage\":\"sk-SK\",\"potentialAction\":[{\"@type\":\"ReadAction\",\"target\":[\"https:\\\/\\\/exparto.pl\\\/sk\\\/produkt\\\/walek-napedu-srutownika-bak\\\/\"]}]},{\"@type\":\"ImageObject\",\"inLanguage\":\"sk-SK\",\"@id\":\"https:\\\/\\\/exparto.pl\\\/sk\\\/produkt\\\/walek-napedu-srutownika-bak\\\/#primaryimage\",\"url\":\"https:\\\/\\\/exparto.pl\\\/wp-content\\\/uploads\\\/2023\\\/12\\\/6dd88147ea609a80e11a0a2501ed9090.jpg\",\"contentUrl\":\"https:\\\/\\\/exparto.pl\\\/wp-content\\\/uploads\\\/2023\\\/12\\\/6dd88147ea609a80e11a0a2501ed9090.jpg\",\"width\":1000,\"height\":1000},{\"@type\":\"BreadcrumbList\",\"@id\":\"https:\\\/\\\/exparto.pl\\\/sk\\\/produkt\\\/walek-napedu-srutownika-bak\\\/#breadcrumb\",\"itemListElement\":[{\"@type\":\"ListItem\",\"position\":1,\"name\":\"Domovsk\u00e1 str\u00e1nka\",\"item\":\"https:\\\/\\\/exparto.pl\\\/sk\\\/domovska-stranka\\\/\"},{\"@type\":\"ListItem\",\"position\":2,\"name\":\"Sklep\",\"item\":\"https:\\\/\\\/exparto.pl\\\/sklep\\\/\"},{\"@type\":\"ListItem\",\"position\":3,\"name\":\"Cz\u0119\u015bci do rozdrabniacza\",\"item\":\"https:\\\/\\\/exparto.pl\\\/kategoria-produktu\\\/czesci-do-rozdrabniacza\\\/\"},{\"@type\":\"ListItem\",\"position\":4,\"name\":\"Wa\u0142ek nap\u0119du \u015brutownika B\u0105k\"}]},{\"@type\":\"WebSite\",\"@id\":\"https:\\\/\\\/exparto.pl\\\/sk\\\/#website\",\"url\":\"https:\\\/\\\/exparto.pl\\\/sk\\\/\",\"name\":\"EXPARTO\",\"description\":\"More than agro parts\",\"publisher\":{\"@id\":\"https:\\\/\\\/exparto.pl\\\/sk\\\/#organization\"},\"potentialAction\":[{\"@type\":\"SearchAction\",\"target\":{\"@type\":\"EntryPoint\",\"urlTemplate\":\"https:\\\/\\\/exparto.pl\\\/sk\\\/?s={search_term_string}\"},\"query-input\":{\"@type\":\"PropertyValueSpecification\",\"valueRequired\":true,\"valueName\":\"search_term_string\"}}],\"inLanguage\":\"sk-SK\"},{\"@type\":\"Organization\",\"@id\":\"https:\\\/\\\/exparto.pl\\\/sk\\\/#organization\",\"name\":\"EXPARTO\",\"url\":\"https:\\\/\\\/exparto.pl\\\/sk\\\/\",\"logo\":{\"@type\":\"ImageObject\",\"inLanguage\":\"sk-SK\",\"@id\":\"https:\\\/\\\/exparto.pl\\\/sk\\\/#\\\/schema\\\/logo\\\/image\\\/\",\"url\":\"https:\\\/\\\/exparto.pl\\\/wp-content\\\/uploads\\\/2023\\\/02\\\/logo-wektor.png\",\"contentUrl\":\"https:\\\/\\\/exparto.pl\\\/wp-content\\\/uploads\\\/2023\\\/02\\\/logo-wektor.png\",\"width\":1338,\"height\":143,\"caption\":\"EXPARTO\"},\"image\":{\"@id\":\"https:\\\/\\\/exparto.pl\\\/sk\\\/#\\\/schema\\\/logo\\\/image\\\/\"},\"sameAs\":[\"https:\\\/\\\/www.facebook.com\\\/exparto.agro\\\/\"]}]}<\/script>\n<!-- \/ Yoast SEO plugin. -->","yoast_head_json":{"title":"Wa\u0142ek nap\u0119du \u015brutownika B\u0105k - Exparto.pl","robots":{"index":"index","follow":"follow","max-snippet":"max-snippet:-1","max-image-preview":"max-image-preview:large","max-video-preview":"max-video-preview:-1"},"canonical":"https:\/\/exparto.pl\/sk\/produkt\/walek-napedu-srutownika-bak\/","og_locale":"sk_SK","og_type":"article","og_title":"Wa\u0142ek nap\u0119du \u015brutownika B\u0105k - Exparto.pl","og_description":"Wa\u0142ek nap\u0119du do rozdrabniacza B\u0105k","og_url":"https:\/\/exparto.pl\/sk\/produkt\/walek-napedu-srutownika-bak\/","og_site_name":"Exparto.pl","article_publisher":"https:\/\/www.facebook.com\/exparto.agro\/","article_modified_time":"2026-04-08T10:00:32+00:00","og_image":[{"width":1000,"height":1000,"url":"https:\/\/exparto.pl\/wp-content\/uploads\/2023\/12\/6dd88147ea609a80e11a0a2501ed9090.jpg","type":"image\/jpeg"}],"twitter_card":"summary_large_image","twitter_misc":{"Predpokladan\u00fd \u010das \u010d\u00edtania":"2 min\u00faty"},"schema":{"@context":"https:\/\/schema.org","@graph":[{"@type":"WebPage","@id":"https:\/\/exparto.pl\/sk\/produkt\/walek-napedu-srutownika-bak\/","url":"https:\/\/exparto.pl\/sk\/produkt\/walek-napedu-srutownika-bak\/","name":"Wa\u0142ek nap\u0119du \u015brutownika B\u0105k - Exparto.pl","isPartOf":{"@id":"https:\/\/exparto.pl\/sk\/#website"},"primaryImageOfPage":{"@id":"https:\/\/exparto.pl\/sk\/produkt\/walek-napedu-srutownika-bak\/#primaryimage"},"image":{"@id":"https:\/\/exparto.pl\/sk\/produkt\/walek-napedu-srutownika-bak\/#primaryimage"},"thumbnailUrl":"https:\/\/exparto.pl\/wp-content\/uploads\/2023\/12\/6dd88147ea609a80e11a0a2501ed9090.jpg","datePublished":"2023-12-20T15:43:56+00:00","dateModified":"2026-04-08T10:00:32+00:00","breadcrumb":{"@id":"https:\/\/exparto.pl\/sk\/produkt\/walek-napedu-srutownika-bak\/#breadcrumb"},"inLanguage":"sk-SK","potentialAction":[{"@type":"ReadAction","target":["https:\/\/exparto.pl\/sk\/produkt\/walek-napedu-srutownika-bak\/"]}]},{"@type":"ImageObject","inLanguage":"sk-SK","@id":"https:\/\/exparto.pl\/sk\/produkt\/walek-napedu-srutownika-bak\/#primaryimage","url":"https:\/\/exparto.pl\/wp-content\/uploads\/2023\/12\/6dd88147ea609a80e11a0a2501ed9090.jpg","contentUrl":"https:\/\/exparto.pl\/wp-content\/uploads\/2023\/12\/6dd88147ea609a80e11a0a2501ed9090.jpg","width":1000,"height":1000},{"@type":"BreadcrumbList","@id":"https:\/\/exparto.pl\/sk\/produkt\/walek-napedu-srutownika-bak\/#breadcrumb","itemListElement":[{"@type":"ListItem","position":1,"name":"Domovsk\u00e1 str\u00e1nka","item":"https:\/\/exparto.pl\/sk\/domovska-stranka\/"},{"@type":"ListItem","position":2,"name":"Sklep","item":"https:\/\/exparto.pl\/sklep\/"},{"@type":"ListItem","position":3,"name":"Cz\u0119\u015bci do rozdrabniacza","item":"https:\/\/exparto.pl\/kategoria-produktu\/czesci-do-rozdrabniacza\/"},{"@type":"ListItem","position":4,"name":"Wa\u0142ek nap\u0119du \u015brutownika B\u0105k"}]},{"@type":"WebSite","@id":"https:\/\/exparto.pl\/sk\/#website","url":"https:\/\/exparto.pl\/sk\/","name":"EXPARTO","description":"More than agro parts","publisher":{"@id":"https:\/\/exparto.pl\/sk\/#organization"},"potentialAction":[{"@type":"SearchAction","target":{"@type":"EntryPoint","urlTemplate":"https:\/\/exparto.pl\/sk\/?s={search_term_string}"},"query-input":{"@type":"PropertyValueSpecification","valueRequired":true,"valueName":"search_term_string"}}],"inLanguage":"sk-SK"},{"@type":"Organization","@id":"https:\/\/exparto.pl\/sk\/#organization","name":"EXPARTO","url":"https:\/\/exparto.pl\/sk\/","logo":{"@type":"ImageObject","inLanguage":"sk-SK","@id":"https:\/\/exparto.pl\/sk\/#\/schema\/logo\/image\/","url":"https:\/\/exparto.pl\/wp-content\/uploads\/2023\/02\/logo-wektor.png","contentUrl":"https:\/\/exparto.pl\/wp-content\/uploads\/2023\/02\/logo-wektor.png","width":1338,"height":143,"caption":"EXPARTO"},"image":{"@id":"https:\/\/exparto.pl\/sk\/#\/schema\/logo\/image\/"},"sameAs":["https:\/\/www.facebook.com\/exparto.agro\/"]}]}},"_links":{"self":[{"href":"https:\/\/exparto.pl\/sk\/wp-json\/wp\/v2\/product\/16818","targetHints":{"allow":["GET"]}}],"collection":[{"href":"https:\/\/exparto.pl\/sk\/wp-json\/wp\/v2\/product"}],"about":[{"href":"https:\/\/exparto.pl\/sk\/wp-json\/wp\/v2\/types\/product"}],"replies":[{"embeddable":true,"href":"https:\/\/exparto.pl\/sk\/wp-json\/wp\/v2\/comments?post=16818"}],"wp:featuredmedia":[{"embeddable":true,"href":"https:\/\/exparto.pl\/sk\/wp-json\/wp\/v2\/media\/16803"}],"wp:attachment":[{"href":"https:\/\/exparto.pl\/sk\/wp-json\/wp\/v2\/media?parent=16818"}],"wp:term":[{"taxonomy":"product_brand","embeddable":true,"href":"https:\/\/exparto.pl\/sk\/wp-json\/wp\/v2\/product_brand?post=16818"},{"taxonomy":"product_cat","embeddable":true,"href":"https:\/\/exparto.pl\/sk\/wp-json\/wp\/v2\/product_cat?post=16818"},{"taxonomy":"product_tag","embeddable":true,"href":"https:\/\/exparto.pl\/sk\/wp-json\/wp\/v2\/product_tag?post=16818"}],"curies":[{"name":"wp","href":"https:\/\/api.w.org\/{rel}","templated":true}]}}