{"id":17557,"date":"2024-01-10T15:39:24","date_gmt":"2024-01-10T14:39:24","guid":{"rendered":"https:\/\/exparto.pl\/produkt\/tuleja-fi-30mm-wpust-8mm-rozrzutnik\/"},"modified":"2026-01-21T12:31:13","modified_gmt":"2026-01-21T11:31:13","slug":"tuleja-fi-30mm-wpust-8mm-rozrzutnik","status":"publish","type":"product","link":"https:\/\/exparto.pl\/sk\/produkt\/tuleja-fi-30mm-wpust-8mm-rozrzutnik\/","title":{"rendered":"Tuleja fi-30mm wpust-8mm Rozrzutnik"},"content":{"rendered":"<div style=\"text-align: justify;\"><span style=\"color: var(--text-color);\">Tuleja \u0142\u0105cz\u0105ca rozrzutnika.<\/span><\/div>\n<div style=\"text-align: justify;\"><b>\u00a0<\/b><\/div>\n<div style=\"text-align: justify;\"><b>Zastosowanie:<\/b><\/div>\n<div>\n<ul>\n<li style=\"text-align: justify;\">rozrzutnik obornika<\/li>\n<li style=\"text-align: justify;\">maszyny rolnicze<\/li>\n<\/ul>\n<div style=\"text-align: justify;\"><b>Numer katalogowy:<\/b><\/div>\n<\/div>\n<div>\n<ul>\n<li style=\"text-align: justify;\">2213020240<\/li>\n<\/ul>\n<p><span style=\"font-weight: 400;\">Tuleja \u0142\u0105cz\u0105ca rozrzutnika \u2013 fi 30 mm, wpust 8 mm, 115 mm ma za zadanie \u0142\u0105czy\u0107 ze sob\u0105 r\u00f3\u017cne komponenty maszyn, co jest niezb\u0119dne do ich prawid\u0142owego dzia\u0142ania. <\/span><b>Dzi\u0119ki swojej konstrukcji zapewnia stabilno\u015b\u0107 i wytrzyma\u0142o\u015b\u0107 po\u0142\u0105cze\u0144, co jest kluczowe w ci\u0119\u017ckich warunkach pracy<\/b><span style=\"font-weight: 400;\">, typowych dla sprz\u0119tu rolniczego, takich jak nier\u00f3wny teren, ekstremalne warunki pogodowe i ci\u0105g\u0142e obci\u0105\u017cenia mechaniczne.<\/span><\/p>\n<h2><span style=\"font-weight: 400;\">Tuleja \u0142\u0105cz\u0105ca rozrzutnika \u2013 fi 30 mm, wpust 8 mm, 115 mm<\/span><\/h2>\n<p><span style=\"font-weight: 400;\">Tuleja rozrzutnika (numer katalogowy CZR01800) ma \u015brednic\u0119 fi 30 mm i wpust 8 mm. <\/span><b>Wykonanie z wysokiej jako\u015bci materia\u0142\u00f3w gwarantuje d\u0142ugotrwa\u0142e u\u017cytkowanie i odporno\u015b\u0107 na uszkodzenia mechaniczne, obci\u0105\u017cenia i wibracje.<\/b><span style=\"font-weight: 400;\"> Tuleja zapewnia, \u017ce ruchome cz\u0119\u015bci mog\u0105 pracowa\u0107 p\u0142ynnie i efektywnie, minimalizuj\u0105c ryzyko awarii i zwi\u0119kszaj\u0105c \u017cywotno\u015b\u0107 maszyny.<\/span><\/p>\n<p><span style=\"font-weight: 400;\">Tuleja \u0142\u0105cz\u0105ca 115 mm nadaje si\u0119 do u\u017cytku nie tylko w rozrzutnikach obornika, ale r\u00f3wnie\u017c w innych maszynach wykorzystywanych w rolnictwie. Jej spos\u00f3b dzia\u0142ania sprawia, \u017ce przyczynia si\u0119 do utrzymania ci\u0105g\u0142o\u015bci pracy w polu.<\/span><\/p>\n<\/div>\n","protected":false},"excerpt":{"rendered":"<p style=\"text-align: justify;\">Tuleja \u0142\u0105cz\u0105ca do rozrzutnika<\/p>\n","protected":false},"featured_media":17542,"comment_status":"open","ping_status":"closed","template":"","meta":{"_acf_changed":false,"inline_featured_image":false},"product_brand":[],"product_cat":[732],"product_tag":[],"class_list":{"0":"post-17557","1":"product","2":"type-product","3":"status-publish","4":"has-post-thumbnail","6":"product_cat-czesci-do-rozrzutnika","8":"first","9":"instock","10":"taxable","11":"shipping-taxable","12":"purchasable","13":"product-type-simple"},"acf":[],"yoast_head":"<!-- This site is optimized with the Yoast SEO plugin v27.3 - https:\/\/yoast.com\/product\/yoast-seo-wordpress\/ -->\n<title>Tuleja fi-30mm wpust-8mm Rozrzutnik - Exparto.pl<\/title>\n<meta name=\"description\" content=\"Sprawd\u017a \ud83d\udc49 tulej\u0119 \u0142\u0105cz\u0105c\u0105 rozrzutnika - fi 30 mm, wpust 8 mm, 115 mm \ud83c\udfe2 ze sklepu Exparto! \u2705 Wysoka jako\u015b\u0107! \ud83d\udd36 Gwarancja zadowolenia!\" \/>\n<meta name=\"robots\" content=\"index, follow, max-snippet:-1, max-image-preview:large, max-video-preview:-1\" \/>\n<link rel=\"canonical\" href=\"https:\/\/exparto.pl\/sk\/produkt\/tuleja-fi-30mm-wpust-8mm-rozrzutnik\/\" \/>\n<meta property=\"og:locale\" content=\"sk_SK\" \/>\n<meta property=\"og:type\" content=\"article\" \/>\n<meta property=\"og:title\" content=\"Tuleja fi-30mm wpust-8mm Rozrzutnik - Exparto.pl\" \/>\n<meta property=\"og:description\" content=\"Sprawd\u017a \ud83d\udc49 tulej\u0119 \u0142\u0105cz\u0105c\u0105 rozrzutnika - fi 30 mm, wpust 8 mm, 115 mm \ud83c\udfe2 ze sklepu Exparto! \u2705 Wysoka jako\u015b\u0107! \ud83d\udd36 Gwarancja zadowolenia!\" \/>\n<meta property=\"og:url\" content=\"https:\/\/exparto.pl\/sk\/produkt\/tuleja-fi-30mm-wpust-8mm-rozrzutnik\/\" \/>\n<meta property=\"og:site_name\" content=\"Exparto.pl\" \/>\n<meta property=\"article:publisher\" content=\"https:\/\/www.facebook.com\/exparto.agro\/\" \/>\n<meta property=\"article:modified_time\" content=\"2026-01-21T11:31:13+00:00\" \/>\n<meta property=\"og:image\" content=\"https:\/\/exparto.pl\/wp-content\/uploads\/2024\/01\/cf9b93145b8ca808a8dd988d1f7ff30f.jpg\" \/>\n\t<meta property=\"og:image:width\" content=\"1000\" \/>\n\t<meta property=\"og:image:height\" content=\"1000\" \/>\n\t<meta property=\"og:image:type\" content=\"image\/jpeg\" \/>\n<meta name=\"twitter:card\" content=\"summary_large_image\" \/>\n<meta name=\"twitter:label1\" content=\"Predpokladan\u00fd \u010das \u010d\u00edtania\" \/>\n\t<meta name=\"twitter:data1\" content=\"2 min\u00faty\" \/>\n<script type=\"application\/ld+json\" class=\"yoast-schema-graph\">{\"@context\":\"https:\\\/\\\/schema.org\",\"@graph\":[{\"@type\":\"WebPage\",\"@id\":\"https:\\\/\\\/exparto.pl\\\/sk\\\/produkt\\\/tuleja-fi-30mm-wpust-8mm-rozrzutnik\\\/\",\"url\":\"https:\\\/\\\/exparto.pl\\\/sk\\\/produkt\\\/tuleja-fi-30mm-wpust-8mm-rozrzutnik\\\/\",\"name\":\"Tuleja fi-30mm wpust-8mm Rozrzutnik - Exparto.pl\",\"isPartOf\":{\"@id\":\"https:\\\/\\\/exparto.pl\\\/sk\\\/#website\"},\"primaryImageOfPage\":{\"@id\":\"https:\\\/\\\/exparto.pl\\\/sk\\\/produkt\\\/tuleja-fi-30mm-wpust-8mm-rozrzutnik\\\/#primaryimage\"},\"image\":{\"@id\":\"https:\\\/\\\/exparto.pl\\\/sk\\\/produkt\\\/tuleja-fi-30mm-wpust-8mm-rozrzutnik\\\/#primaryimage\"},\"thumbnailUrl\":\"https:\\\/\\\/exparto.pl\\\/wp-content\\\/uploads\\\/2024\\\/01\\\/cf9b93145b8ca808a8dd988d1f7ff30f.jpg\",\"datePublished\":\"2024-01-10T14:39:24+00:00\",\"dateModified\":\"2026-01-21T11:31:13+00:00\",\"description\":\"Sprawd\u017a \ud83d\udc49 tulej\u0119 \u0142\u0105cz\u0105c\u0105 rozrzutnika - fi 30 mm, wpust 8 mm, 115 mm \ud83c\udfe2 ze sklepu Exparto! \u2705 Wysoka jako\u015b\u0107! \ud83d\udd36 Gwarancja zadowolenia!\",\"breadcrumb\":{\"@id\":\"https:\\\/\\\/exparto.pl\\\/sk\\\/produkt\\\/tuleja-fi-30mm-wpust-8mm-rozrzutnik\\\/#breadcrumb\"},\"inLanguage\":\"sk-SK\",\"potentialAction\":[{\"@type\":\"ReadAction\",\"target\":[\"https:\\\/\\\/exparto.pl\\\/sk\\\/produkt\\\/tuleja-fi-30mm-wpust-8mm-rozrzutnik\\\/\"]}]},{\"@type\":\"ImageObject\",\"inLanguage\":\"sk-SK\",\"@id\":\"https:\\\/\\\/exparto.pl\\\/sk\\\/produkt\\\/tuleja-fi-30mm-wpust-8mm-rozrzutnik\\\/#primaryimage\",\"url\":\"https:\\\/\\\/exparto.pl\\\/wp-content\\\/uploads\\\/2024\\\/01\\\/cf9b93145b8ca808a8dd988d1f7ff30f.jpg\",\"contentUrl\":\"https:\\\/\\\/exparto.pl\\\/wp-content\\\/uploads\\\/2024\\\/01\\\/cf9b93145b8ca808a8dd988d1f7ff30f.jpg\",\"width\":1000,\"height\":1000},{\"@type\":\"BreadcrumbList\",\"@id\":\"https:\\\/\\\/exparto.pl\\\/sk\\\/produkt\\\/tuleja-fi-30mm-wpust-8mm-rozrzutnik\\\/#breadcrumb\",\"itemListElement\":[{\"@type\":\"ListItem\",\"position\":1,\"name\":\"Domovsk\u00e1 str\u00e1nka\",\"item\":\"https:\\\/\\\/exparto.pl\\\/sk\\\/domovska-stranka\\\/\"},{\"@type\":\"ListItem\",\"position\":2,\"name\":\"Sklep\",\"item\":\"https:\\\/\\\/exparto.pl\\\/sklep\\\/\"},{\"@type\":\"ListItem\",\"position\":3,\"name\":\"Cz\u0119\u015bci do rozrzutnika\",\"item\":\"https:\\\/\\\/exparto.pl\\\/kategoria-produktu\\\/czesci-do-rozrzutnika\\\/\"},{\"@type\":\"ListItem\",\"position\":4,\"name\":\"Tuleja fi-30mm wpust-8mm Rozrzutnik\"}]},{\"@type\":\"WebSite\",\"@id\":\"https:\\\/\\\/exparto.pl\\\/sk\\\/#website\",\"url\":\"https:\\\/\\\/exparto.pl\\\/sk\\\/\",\"name\":\"EXPARTO\",\"description\":\"More than agro parts\",\"publisher\":{\"@id\":\"https:\\\/\\\/exparto.pl\\\/sk\\\/#organization\"},\"potentialAction\":[{\"@type\":\"SearchAction\",\"target\":{\"@type\":\"EntryPoint\",\"urlTemplate\":\"https:\\\/\\\/exparto.pl\\\/sk\\\/?s={search_term_string}\"},\"query-input\":{\"@type\":\"PropertyValueSpecification\",\"valueRequired\":true,\"valueName\":\"search_term_string\"}}],\"inLanguage\":\"sk-SK\"},{\"@type\":\"Organization\",\"@id\":\"https:\\\/\\\/exparto.pl\\\/sk\\\/#organization\",\"name\":\"EXPARTO\",\"url\":\"https:\\\/\\\/exparto.pl\\\/sk\\\/\",\"logo\":{\"@type\":\"ImageObject\",\"inLanguage\":\"sk-SK\",\"@id\":\"https:\\\/\\\/exparto.pl\\\/sk\\\/#\\\/schema\\\/logo\\\/image\\\/\",\"url\":\"https:\\\/\\\/exparto.pl\\\/wp-content\\\/uploads\\\/2023\\\/02\\\/logo-wektor.png\",\"contentUrl\":\"https:\\\/\\\/exparto.pl\\\/wp-content\\\/uploads\\\/2023\\\/02\\\/logo-wektor.png\",\"width\":1338,\"height\":143,\"caption\":\"EXPARTO\"},\"image\":{\"@id\":\"https:\\\/\\\/exparto.pl\\\/sk\\\/#\\\/schema\\\/logo\\\/image\\\/\"},\"sameAs\":[\"https:\\\/\\\/www.facebook.com\\\/exparto.agro\\\/\"]}]}<\/script>\n<!-- \/ Yoast SEO plugin. -->","yoast_head_json":{"title":"Tuleja fi-30mm wpust-8mm Rozrzutnik - Exparto.pl","description":"Sprawd\u017a \ud83d\udc49 tulej\u0119 \u0142\u0105cz\u0105c\u0105 rozrzutnika - fi 30 mm, wpust 8 mm, 115 mm \ud83c\udfe2 ze sklepu Exparto! \u2705 Wysoka jako\u015b\u0107! \ud83d\udd36 Gwarancja zadowolenia!","robots":{"index":"index","follow":"follow","max-snippet":"max-snippet:-1","max-image-preview":"max-image-preview:large","max-video-preview":"max-video-preview:-1"},"canonical":"https:\/\/exparto.pl\/sk\/produkt\/tuleja-fi-30mm-wpust-8mm-rozrzutnik\/","og_locale":"sk_SK","og_type":"article","og_title":"Tuleja fi-30mm wpust-8mm Rozrzutnik - Exparto.pl","og_description":"Sprawd\u017a \ud83d\udc49 tulej\u0119 \u0142\u0105cz\u0105c\u0105 rozrzutnika - fi 30 mm, wpust 8 mm, 115 mm \ud83c\udfe2 ze sklepu Exparto! \u2705 Wysoka jako\u015b\u0107! \ud83d\udd36 Gwarancja zadowolenia!","og_url":"https:\/\/exparto.pl\/sk\/produkt\/tuleja-fi-30mm-wpust-8mm-rozrzutnik\/","og_site_name":"Exparto.pl","article_publisher":"https:\/\/www.facebook.com\/exparto.agro\/","article_modified_time":"2026-01-21T11:31:13+00:00","og_image":[{"width":1000,"height":1000,"url":"https:\/\/exparto.pl\/wp-content\/uploads\/2024\/01\/cf9b93145b8ca808a8dd988d1f7ff30f.jpg","type":"image\/jpeg"}],"twitter_card":"summary_large_image","twitter_misc":{"Predpokladan\u00fd \u010das \u010d\u00edtania":"2 min\u00faty"},"schema":{"@context":"https:\/\/schema.org","@graph":[{"@type":"WebPage","@id":"https:\/\/exparto.pl\/sk\/produkt\/tuleja-fi-30mm-wpust-8mm-rozrzutnik\/","url":"https:\/\/exparto.pl\/sk\/produkt\/tuleja-fi-30mm-wpust-8mm-rozrzutnik\/","name":"Tuleja fi-30mm wpust-8mm Rozrzutnik - Exparto.pl","isPartOf":{"@id":"https:\/\/exparto.pl\/sk\/#website"},"primaryImageOfPage":{"@id":"https:\/\/exparto.pl\/sk\/produkt\/tuleja-fi-30mm-wpust-8mm-rozrzutnik\/#primaryimage"},"image":{"@id":"https:\/\/exparto.pl\/sk\/produkt\/tuleja-fi-30mm-wpust-8mm-rozrzutnik\/#primaryimage"},"thumbnailUrl":"https:\/\/exparto.pl\/wp-content\/uploads\/2024\/01\/cf9b93145b8ca808a8dd988d1f7ff30f.jpg","datePublished":"2024-01-10T14:39:24+00:00","dateModified":"2026-01-21T11:31:13+00:00","description":"Sprawd\u017a \ud83d\udc49 tulej\u0119 \u0142\u0105cz\u0105c\u0105 rozrzutnika - fi 30 mm, wpust 8 mm, 115 mm \ud83c\udfe2 ze sklepu Exparto! \u2705 Wysoka jako\u015b\u0107! \ud83d\udd36 Gwarancja zadowolenia!","breadcrumb":{"@id":"https:\/\/exparto.pl\/sk\/produkt\/tuleja-fi-30mm-wpust-8mm-rozrzutnik\/#breadcrumb"},"inLanguage":"sk-SK","potentialAction":[{"@type":"ReadAction","target":["https:\/\/exparto.pl\/sk\/produkt\/tuleja-fi-30mm-wpust-8mm-rozrzutnik\/"]}]},{"@type":"ImageObject","inLanguage":"sk-SK","@id":"https:\/\/exparto.pl\/sk\/produkt\/tuleja-fi-30mm-wpust-8mm-rozrzutnik\/#primaryimage","url":"https:\/\/exparto.pl\/wp-content\/uploads\/2024\/01\/cf9b93145b8ca808a8dd988d1f7ff30f.jpg","contentUrl":"https:\/\/exparto.pl\/wp-content\/uploads\/2024\/01\/cf9b93145b8ca808a8dd988d1f7ff30f.jpg","width":1000,"height":1000},{"@type":"BreadcrumbList","@id":"https:\/\/exparto.pl\/sk\/produkt\/tuleja-fi-30mm-wpust-8mm-rozrzutnik\/#breadcrumb","itemListElement":[{"@type":"ListItem","position":1,"name":"Domovsk\u00e1 str\u00e1nka","item":"https:\/\/exparto.pl\/sk\/domovska-stranka\/"},{"@type":"ListItem","position":2,"name":"Sklep","item":"https:\/\/exparto.pl\/sklep\/"},{"@type":"ListItem","position":3,"name":"Cz\u0119\u015bci do rozrzutnika","item":"https:\/\/exparto.pl\/kategoria-produktu\/czesci-do-rozrzutnika\/"},{"@type":"ListItem","position":4,"name":"Tuleja fi-30mm wpust-8mm Rozrzutnik"}]},{"@type":"WebSite","@id":"https:\/\/exparto.pl\/sk\/#website","url":"https:\/\/exparto.pl\/sk\/","name":"EXPARTO","description":"More than agro parts","publisher":{"@id":"https:\/\/exparto.pl\/sk\/#organization"},"potentialAction":[{"@type":"SearchAction","target":{"@type":"EntryPoint","urlTemplate":"https:\/\/exparto.pl\/sk\/?s={search_term_string}"},"query-input":{"@type":"PropertyValueSpecification","valueRequired":true,"valueName":"search_term_string"}}],"inLanguage":"sk-SK"},{"@type":"Organization","@id":"https:\/\/exparto.pl\/sk\/#organization","name":"EXPARTO","url":"https:\/\/exparto.pl\/sk\/","logo":{"@type":"ImageObject","inLanguage":"sk-SK","@id":"https:\/\/exparto.pl\/sk\/#\/schema\/logo\/image\/","url":"https:\/\/exparto.pl\/wp-content\/uploads\/2023\/02\/logo-wektor.png","contentUrl":"https:\/\/exparto.pl\/wp-content\/uploads\/2023\/02\/logo-wektor.png","width":1338,"height":143,"caption":"EXPARTO"},"image":{"@id":"https:\/\/exparto.pl\/sk\/#\/schema\/logo\/image\/"},"sameAs":["https:\/\/www.facebook.com\/exparto.agro\/"]}]}},"_links":{"self":[{"href":"https:\/\/exparto.pl\/sk\/wp-json\/wp\/v2\/product\/17557","targetHints":{"allow":["GET"]}}],"collection":[{"href":"https:\/\/exparto.pl\/sk\/wp-json\/wp\/v2\/product"}],"about":[{"href":"https:\/\/exparto.pl\/sk\/wp-json\/wp\/v2\/types\/product"}],"replies":[{"embeddable":true,"href":"https:\/\/exparto.pl\/sk\/wp-json\/wp\/v2\/comments?post=17557"}],"wp:featuredmedia":[{"embeddable":true,"href":"https:\/\/exparto.pl\/sk\/wp-json\/wp\/v2\/media\/17542"}],"wp:attachment":[{"href":"https:\/\/exparto.pl\/sk\/wp-json\/wp\/v2\/media?parent=17557"}],"wp:term":[{"taxonomy":"product_brand","embeddable":true,"href":"https:\/\/exparto.pl\/sk\/wp-json\/wp\/v2\/product_brand?post=17557"},{"taxonomy":"product_cat","embeddable":true,"href":"https:\/\/exparto.pl\/sk\/wp-json\/wp\/v2\/product_cat?post=17557"},{"taxonomy":"product_tag","embeddable":true,"href":"https:\/\/exparto.pl\/sk\/wp-json\/wp\/v2\/product_tag?post=17557"}],"curies":[{"name":"wp","href":"https:\/\/api.w.org\/{rel}","templated":true}]}}