{"id":17588,"date":"2024-01-10T15:40:32","date_gmt":"2024-01-10T14:40:32","guid":{"rendered":"https:\/\/exparto.pl\/produkt\/tuleja-fi-35mm-wpust-10mm-rozrzutnik\/"},"modified":"2026-03-24T11:30:23","modified_gmt":"2026-03-24T10:30:23","slug":"tuleja-fi-35mm-wpust-10mm-rozrzutnik","status":"publish","type":"product","link":"https:\/\/exparto.pl\/sk\/produkt\/tuleja-fi-35mm-wpust-10mm-rozrzutnik\/","title":{"rendered":"Tuleja fi-35mm wpust-10mm Rozrzutnik"},"content":{"rendered":"<div style=\"text-align: justify;\">Tuleja \u0142\u0105cz\u0105ca rozrzutnika.<\/div>\n<div style=\"text-align: justify;\"><b>\u00a0<\/b><\/div>\n<div style=\"text-align: justify;\"><b>Zastosowanie:<\/b><\/div>\n<div>\n<ul>\n<li style=\"text-align: justify;\">rozrzutnik obornika<\/li>\n<li style=\"text-align: justify;\">maszyny rolnicze<\/li>\n<\/ul>\n<div style=\"text-align: justify;\"><b>Numer katalogowy:<\/b><\/div>\n<\/div>\n<div>\n<ul>\n<li style=\"text-align: justify;\">2213020810<\/li>\n<\/ul>\n<p><span style=\"font-weight: 400;\">Tuleja \u0142\u0105cz\u0105ca rozrzutnika fi 35 mm, wpust 10 mm, 120 mm (numer katalogowy <\/span><span style=\"font-weight: 400;\">CZR01799) <\/span><span style=\"font-weight: 400;\">to wszechstronny element, kt\u00f3ry odgrywa wa\u017cn\u0105 rol\u0119 w utrzymaniu integralno\u015bci mechanicznej maszyn. <\/span><b>Dzi\u0119ki swojej budowie zapewnia stabilno\u015b\u0107 i wytrzyma\u0142o\u015b\u0107 po\u0142\u0105cze\u0144, co jest niezwykle wa\u017cne w warunkach intensywnej eksploatacji, jakie panuj\u0105 w rolnictwie.<\/b><\/p>\n<h2><span style=\"font-weight: 400;\">Tuleja \u0142\u0105cz\u0105ca rozrzutnika \u2013 fi 35 mm, wpust 10 mm, 120 mm<\/span><\/h2>\n<p><span style=\"font-weight: 400;\">Tuleja rozrzutnika charakteryzuje si\u0119 \u015brednic\u0105 fi 35 mm oraz wpustem 10 mm. Cho\u0107 pierwotnie zaprojektowana z my\u015bl\u0105 o rozrzutnikach obornika, znajduje zastosowanie r\u00f3wnie\u017c w innych urz\u0105dzeniach wykorzystywanych w rolnictwie. <\/span><b>Dzi\u0119ki solidnej konstrukcji jest w stanie sprosta\u0107 wielu wyzwaniom, takim jak nier\u00f3wny teren, ekstremalne warunki pogodowe oraz ci\u0105g\u0142e obci\u0105\u017cenia mechaniczne.<\/b><\/p>\n<p><span style=\"font-weight: 400;\">Tuleja 120 mm zosta\u0142a wykonana z wysokiej jako\u015bci materia\u0142\u00f3w, co nie tylko zwi\u0119ksza jej odporno\u015b\u0107 na uszkodzenia mechaniczne, ale tak\u017ce na obci\u0105\u017cenia i wibracje, kt\u00f3re s\u0105 nieod\u0142\u0105cznym elementem pracy maszyn rolniczych. <\/span><b>Tuleja \u0142\u0105cz\u0105ca sprawia, \u017ce ruchome cz\u0119\u015bci maszyn mog\u0105 pracowa\u0107 p\u0142ynnie i efektywnie, co przek\u0142ada si\u0119 na zmniejszenie ryzyka awarii i wyd\u0142u\u017cenie \u017cywotno\u015bci ca\u0142ego sprz\u0119tu.<\/b><\/p>\n<\/div>\n","protected":false},"excerpt":{"rendered":"<p>Tuleja \u0142\u0105cz\u0105ca rozrzutnika. \u00a0 Zastosowanie: rozrzutnik obornika maszyny rolnicze Numer katalogowy: 2213020810 Tuleja \u0142\u0105cz\u0105ca rozrzutnika fi 35 mm, wpust 10 mm, 120 mm (numer katalogowy CZR01799) to wszechstronny element, kt\u00f3ry odgrywa wa\u017cn\u0105 rol\u0119 w utrzymaniu integralno\u015bci mechanicznej maszyn. Dzi\u0119ki swojej budowie zapewnia stabilno\u015b\u0107 i wytrzyma\u0142o\u015b\u0107 po\u0142\u0105cze\u0144, co jest niezwykle wa\u017cne w warunkach intensywnej eksploatacji, jakie [&hellip;]<\/p>\n","protected":false},"featured_media":17563,"comment_status":"open","ping_status":"closed","template":"","meta":{"_acf_changed":false,"inline_featured_image":false},"product_brand":[],"product_cat":[732],"product_tag":[],"class_list":{"0":"post-17588","1":"product","2":"type-product","3":"status-publish","4":"has-post-thumbnail","6":"product_cat-czesci-do-rozrzutnika","8":"first","9":"instock","10":"taxable","11":"shipping-taxable","12":"purchasable","13":"product-type-simple"},"acf":[],"yoast_head":"<!-- This site is optimized with the Yoast SEO plugin v27.3 - https:\/\/yoast.com\/product\/yoast-seo-wordpress\/ -->\n<title>Tuleja fi-35mm wpust-10mm Rozrzutnik - Exparto.pl<\/title>\n<meta name=\"description\" content=\"Sprawd\u017a \ud83d\udc49 tulej\u0119 \u0142\u0105cz\u0105c\u0105 rozrzutnika - fi 35 mm, wpust 10 mm, 120 mm \ud83c\udfe2 ze sklepu Exparto! \u2705 Wysoka jako\u015b\u0107! \ud83d\udd36 Gwarancja zadowolenia!\" \/>\n<meta name=\"robots\" content=\"index, follow, max-snippet:-1, max-image-preview:large, max-video-preview:-1\" \/>\n<link rel=\"canonical\" href=\"https:\/\/exparto.pl\/sk\/produkt\/tuleja-fi-35mm-wpust-10mm-rozrzutnik\/\" \/>\n<meta property=\"og:locale\" content=\"sk_SK\" \/>\n<meta property=\"og:type\" content=\"article\" \/>\n<meta property=\"og:title\" content=\"Tuleja fi-35mm wpust-10mm Rozrzutnik - Exparto.pl\" \/>\n<meta property=\"og:description\" content=\"Sprawd\u017a \ud83d\udc49 tulej\u0119 \u0142\u0105cz\u0105c\u0105 rozrzutnika - fi 35 mm, wpust 10 mm, 120 mm \ud83c\udfe2 ze sklepu Exparto! \u2705 Wysoka jako\u015b\u0107! \ud83d\udd36 Gwarancja zadowolenia!\" \/>\n<meta property=\"og:url\" content=\"https:\/\/exparto.pl\/sk\/produkt\/tuleja-fi-35mm-wpust-10mm-rozrzutnik\/\" \/>\n<meta property=\"og:site_name\" content=\"Exparto.pl\" \/>\n<meta property=\"article:publisher\" content=\"https:\/\/www.facebook.com\/exparto.agro\/\" \/>\n<meta property=\"article:modified_time\" content=\"2026-03-24T10:30:23+00:00\" \/>\n<meta property=\"og:image\" content=\"https:\/\/exparto.pl\/wp-content\/uploads\/2024\/01\/bbc75ff6cb8dfa781c0f3981177ab89c.jpg\" \/>\n\t<meta property=\"og:image:width\" content=\"1000\" \/>\n\t<meta property=\"og:image:height\" content=\"1000\" \/>\n\t<meta property=\"og:image:type\" content=\"image\/jpeg\" \/>\n<meta name=\"twitter:card\" content=\"summary_large_image\" \/>\n<meta name=\"twitter:label1\" content=\"Predpokladan\u00fd \u010das \u010d\u00edtania\" \/>\n\t<meta name=\"twitter:data1\" content=\"2 min\u00faty\" \/>\n<script type=\"application\/ld+json\" class=\"yoast-schema-graph\">{\"@context\":\"https:\\\/\\\/schema.org\",\"@graph\":[{\"@type\":\"WebPage\",\"@id\":\"https:\\\/\\\/exparto.pl\\\/sk\\\/produkt\\\/tuleja-fi-35mm-wpust-10mm-rozrzutnik\\\/\",\"url\":\"https:\\\/\\\/exparto.pl\\\/sk\\\/produkt\\\/tuleja-fi-35mm-wpust-10mm-rozrzutnik\\\/\",\"name\":\"Tuleja fi-35mm wpust-10mm Rozrzutnik - Exparto.pl\",\"isPartOf\":{\"@id\":\"https:\\\/\\\/exparto.pl\\\/sk\\\/#website\"},\"primaryImageOfPage\":{\"@id\":\"https:\\\/\\\/exparto.pl\\\/sk\\\/produkt\\\/tuleja-fi-35mm-wpust-10mm-rozrzutnik\\\/#primaryimage\"},\"image\":{\"@id\":\"https:\\\/\\\/exparto.pl\\\/sk\\\/produkt\\\/tuleja-fi-35mm-wpust-10mm-rozrzutnik\\\/#primaryimage\"},\"thumbnailUrl\":\"https:\\\/\\\/exparto.pl\\\/wp-content\\\/uploads\\\/2024\\\/01\\\/bbc75ff6cb8dfa781c0f3981177ab89c.jpg\",\"datePublished\":\"2024-01-10T14:40:32+00:00\",\"dateModified\":\"2026-03-24T10:30:23+00:00\",\"description\":\"Sprawd\u017a \ud83d\udc49 tulej\u0119 \u0142\u0105cz\u0105c\u0105 rozrzutnika - fi 35 mm, wpust 10 mm, 120 mm \ud83c\udfe2 ze sklepu Exparto! \u2705 Wysoka jako\u015b\u0107! \ud83d\udd36 Gwarancja zadowolenia!\",\"breadcrumb\":{\"@id\":\"https:\\\/\\\/exparto.pl\\\/sk\\\/produkt\\\/tuleja-fi-35mm-wpust-10mm-rozrzutnik\\\/#breadcrumb\"},\"inLanguage\":\"sk-SK\",\"potentialAction\":[{\"@type\":\"ReadAction\",\"target\":[\"https:\\\/\\\/exparto.pl\\\/sk\\\/produkt\\\/tuleja-fi-35mm-wpust-10mm-rozrzutnik\\\/\"]}]},{\"@type\":\"ImageObject\",\"inLanguage\":\"sk-SK\",\"@id\":\"https:\\\/\\\/exparto.pl\\\/sk\\\/produkt\\\/tuleja-fi-35mm-wpust-10mm-rozrzutnik\\\/#primaryimage\",\"url\":\"https:\\\/\\\/exparto.pl\\\/wp-content\\\/uploads\\\/2024\\\/01\\\/bbc75ff6cb8dfa781c0f3981177ab89c.jpg\",\"contentUrl\":\"https:\\\/\\\/exparto.pl\\\/wp-content\\\/uploads\\\/2024\\\/01\\\/bbc75ff6cb8dfa781c0f3981177ab89c.jpg\",\"width\":1000,\"height\":1000},{\"@type\":\"BreadcrumbList\",\"@id\":\"https:\\\/\\\/exparto.pl\\\/sk\\\/produkt\\\/tuleja-fi-35mm-wpust-10mm-rozrzutnik\\\/#breadcrumb\",\"itemListElement\":[{\"@type\":\"ListItem\",\"position\":1,\"name\":\"Domovsk\u00e1 str\u00e1nka\",\"item\":\"https:\\\/\\\/exparto.pl\\\/sk\\\/domovska-stranka\\\/\"},{\"@type\":\"ListItem\",\"position\":2,\"name\":\"Sklep\",\"item\":\"https:\\\/\\\/exparto.pl\\\/sklep\\\/\"},{\"@type\":\"ListItem\",\"position\":3,\"name\":\"Cz\u0119\u015bci do rozrzutnika\",\"item\":\"https:\\\/\\\/exparto.pl\\\/kategoria-produktu\\\/czesci-do-rozrzutnika\\\/\"},{\"@type\":\"ListItem\",\"position\":4,\"name\":\"Tuleja fi-35mm wpust-10mm Rozrzutnik\"}]},{\"@type\":\"WebSite\",\"@id\":\"https:\\\/\\\/exparto.pl\\\/sk\\\/#website\",\"url\":\"https:\\\/\\\/exparto.pl\\\/sk\\\/\",\"name\":\"EXPARTO\",\"description\":\"More than agro parts\",\"publisher\":{\"@id\":\"https:\\\/\\\/exparto.pl\\\/sk\\\/#organization\"},\"potentialAction\":[{\"@type\":\"SearchAction\",\"target\":{\"@type\":\"EntryPoint\",\"urlTemplate\":\"https:\\\/\\\/exparto.pl\\\/sk\\\/?s={search_term_string}\"},\"query-input\":{\"@type\":\"PropertyValueSpecification\",\"valueRequired\":true,\"valueName\":\"search_term_string\"}}],\"inLanguage\":\"sk-SK\"},{\"@type\":\"Organization\",\"@id\":\"https:\\\/\\\/exparto.pl\\\/sk\\\/#organization\",\"name\":\"EXPARTO\",\"url\":\"https:\\\/\\\/exparto.pl\\\/sk\\\/\",\"logo\":{\"@type\":\"ImageObject\",\"inLanguage\":\"sk-SK\",\"@id\":\"https:\\\/\\\/exparto.pl\\\/sk\\\/#\\\/schema\\\/logo\\\/image\\\/\",\"url\":\"https:\\\/\\\/exparto.pl\\\/wp-content\\\/uploads\\\/2023\\\/02\\\/logo-wektor.png\",\"contentUrl\":\"https:\\\/\\\/exparto.pl\\\/wp-content\\\/uploads\\\/2023\\\/02\\\/logo-wektor.png\",\"width\":1338,\"height\":143,\"caption\":\"EXPARTO\"},\"image\":{\"@id\":\"https:\\\/\\\/exparto.pl\\\/sk\\\/#\\\/schema\\\/logo\\\/image\\\/\"},\"sameAs\":[\"https:\\\/\\\/www.facebook.com\\\/exparto.agro\\\/\"]}]}<\/script>\n<!-- \/ Yoast SEO plugin. -->","yoast_head_json":{"title":"Tuleja fi-35mm wpust-10mm Rozrzutnik - Exparto.pl","description":"Sprawd\u017a \ud83d\udc49 tulej\u0119 \u0142\u0105cz\u0105c\u0105 rozrzutnika - fi 35 mm, wpust 10 mm, 120 mm \ud83c\udfe2 ze sklepu Exparto! \u2705 Wysoka jako\u015b\u0107! \ud83d\udd36 Gwarancja zadowolenia!","robots":{"index":"index","follow":"follow","max-snippet":"max-snippet:-1","max-image-preview":"max-image-preview:large","max-video-preview":"max-video-preview:-1"},"canonical":"https:\/\/exparto.pl\/sk\/produkt\/tuleja-fi-35mm-wpust-10mm-rozrzutnik\/","og_locale":"sk_SK","og_type":"article","og_title":"Tuleja fi-35mm wpust-10mm Rozrzutnik - Exparto.pl","og_description":"Sprawd\u017a \ud83d\udc49 tulej\u0119 \u0142\u0105cz\u0105c\u0105 rozrzutnika - fi 35 mm, wpust 10 mm, 120 mm \ud83c\udfe2 ze sklepu Exparto! \u2705 Wysoka jako\u015b\u0107! \ud83d\udd36 Gwarancja zadowolenia!","og_url":"https:\/\/exparto.pl\/sk\/produkt\/tuleja-fi-35mm-wpust-10mm-rozrzutnik\/","og_site_name":"Exparto.pl","article_publisher":"https:\/\/www.facebook.com\/exparto.agro\/","article_modified_time":"2026-03-24T10:30:23+00:00","og_image":[{"width":1000,"height":1000,"url":"https:\/\/exparto.pl\/wp-content\/uploads\/2024\/01\/bbc75ff6cb8dfa781c0f3981177ab89c.jpg","type":"image\/jpeg"}],"twitter_card":"summary_large_image","twitter_misc":{"Predpokladan\u00fd \u010das \u010d\u00edtania":"2 min\u00faty"},"schema":{"@context":"https:\/\/schema.org","@graph":[{"@type":"WebPage","@id":"https:\/\/exparto.pl\/sk\/produkt\/tuleja-fi-35mm-wpust-10mm-rozrzutnik\/","url":"https:\/\/exparto.pl\/sk\/produkt\/tuleja-fi-35mm-wpust-10mm-rozrzutnik\/","name":"Tuleja fi-35mm wpust-10mm Rozrzutnik - Exparto.pl","isPartOf":{"@id":"https:\/\/exparto.pl\/sk\/#website"},"primaryImageOfPage":{"@id":"https:\/\/exparto.pl\/sk\/produkt\/tuleja-fi-35mm-wpust-10mm-rozrzutnik\/#primaryimage"},"image":{"@id":"https:\/\/exparto.pl\/sk\/produkt\/tuleja-fi-35mm-wpust-10mm-rozrzutnik\/#primaryimage"},"thumbnailUrl":"https:\/\/exparto.pl\/wp-content\/uploads\/2024\/01\/bbc75ff6cb8dfa781c0f3981177ab89c.jpg","datePublished":"2024-01-10T14:40:32+00:00","dateModified":"2026-03-24T10:30:23+00:00","description":"Sprawd\u017a \ud83d\udc49 tulej\u0119 \u0142\u0105cz\u0105c\u0105 rozrzutnika - fi 35 mm, wpust 10 mm, 120 mm \ud83c\udfe2 ze sklepu Exparto! \u2705 Wysoka jako\u015b\u0107! \ud83d\udd36 Gwarancja zadowolenia!","breadcrumb":{"@id":"https:\/\/exparto.pl\/sk\/produkt\/tuleja-fi-35mm-wpust-10mm-rozrzutnik\/#breadcrumb"},"inLanguage":"sk-SK","potentialAction":[{"@type":"ReadAction","target":["https:\/\/exparto.pl\/sk\/produkt\/tuleja-fi-35mm-wpust-10mm-rozrzutnik\/"]}]},{"@type":"ImageObject","inLanguage":"sk-SK","@id":"https:\/\/exparto.pl\/sk\/produkt\/tuleja-fi-35mm-wpust-10mm-rozrzutnik\/#primaryimage","url":"https:\/\/exparto.pl\/wp-content\/uploads\/2024\/01\/bbc75ff6cb8dfa781c0f3981177ab89c.jpg","contentUrl":"https:\/\/exparto.pl\/wp-content\/uploads\/2024\/01\/bbc75ff6cb8dfa781c0f3981177ab89c.jpg","width":1000,"height":1000},{"@type":"BreadcrumbList","@id":"https:\/\/exparto.pl\/sk\/produkt\/tuleja-fi-35mm-wpust-10mm-rozrzutnik\/#breadcrumb","itemListElement":[{"@type":"ListItem","position":1,"name":"Domovsk\u00e1 str\u00e1nka","item":"https:\/\/exparto.pl\/sk\/domovska-stranka\/"},{"@type":"ListItem","position":2,"name":"Sklep","item":"https:\/\/exparto.pl\/sklep\/"},{"@type":"ListItem","position":3,"name":"Cz\u0119\u015bci do rozrzutnika","item":"https:\/\/exparto.pl\/kategoria-produktu\/czesci-do-rozrzutnika\/"},{"@type":"ListItem","position":4,"name":"Tuleja fi-35mm wpust-10mm Rozrzutnik"}]},{"@type":"WebSite","@id":"https:\/\/exparto.pl\/sk\/#website","url":"https:\/\/exparto.pl\/sk\/","name":"EXPARTO","description":"More than agro parts","publisher":{"@id":"https:\/\/exparto.pl\/sk\/#organization"},"potentialAction":[{"@type":"SearchAction","target":{"@type":"EntryPoint","urlTemplate":"https:\/\/exparto.pl\/sk\/?s={search_term_string}"},"query-input":{"@type":"PropertyValueSpecification","valueRequired":true,"valueName":"search_term_string"}}],"inLanguage":"sk-SK"},{"@type":"Organization","@id":"https:\/\/exparto.pl\/sk\/#organization","name":"EXPARTO","url":"https:\/\/exparto.pl\/sk\/","logo":{"@type":"ImageObject","inLanguage":"sk-SK","@id":"https:\/\/exparto.pl\/sk\/#\/schema\/logo\/image\/","url":"https:\/\/exparto.pl\/wp-content\/uploads\/2023\/02\/logo-wektor.png","contentUrl":"https:\/\/exparto.pl\/wp-content\/uploads\/2023\/02\/logo-wektor.png","width":1338,"height":143,"caption":"EXPARTO"},"image":{"@id":"https:\/\/exparto.pl\/sk\/#\/schema\/logo\/image\/"},"sameAs":["https:\/\/www.facebook.com\/exparto.agro\/"]}]}},"_links":{"self":[{"href":"https:\/\/exparto.pl\/sk\/wp-json\/wp\/v2\/product\/17588","targetHints":{"allow":["GET"]}}],"collection":[{"href":"https:\/\/exparto.pl\/sk\/wp-json\/wp\/v2\/product"}],"about":[{"href":"https:\/\/exparto.pl\/sk\/wp-json\/wp\/v2\/types\/product"}],"replies":[{"embeddable":true,"href":"https:\/\/exparto.pl\/sk\/wp-json\/wp\/v2\/comments?post=17588"}],"wp:featuredmedia":[{"embeddable":true,"href":"https:\/\/exparto.pl\/sk\/wp-json\/wp\/v2\/media\/17563"}],"wp:attachment":[{"href":"https:\/\/exparto.pl\/sk\/wp-json\/wp\/v2\/media?parent=17588"}],"wp:term":[{"taxonomy":"product_brand","embeddable":true,"href":"https:\/\/exparto.pl\/sk\/wp-json\/wp\/v2\/product_brand?post=17588"},{"taxonomy":"product_cat","embeddable":true,"href":"https:\/\/exparto.pl\/sk\/wp-json\/wp\/v2\/product_cat?post=17588"},{"taxonomy":"product_tag","embeddable":true,"href":"https:\/\/exparto.pl\/sk\/wp-json\/wp\/v2\/product_tag?post=17588"}],"curies":[{"name":"wp","href":"https:\/\/api.w.org\/{rel}","templated":true}]}}