{"id":20051,"date":"2024-01-26T10:16:46","date_gmt":"2024-01-26T09:16:46","guid":{"rendered":"https:\/\/exparto.pl\/produkt\/nakretka-m22x15-z-podkladka-ruchoma\/"},"modified":"2026-03-12T11:30:41","modified_gmt":"2026-03-12T10:30:41","slug":"nakretka-m22x15-z-podkladka-ruchoma","status":"publish","type":"product","link":"https:\/\/exparto.pl\/sk\/produkt\/nakretka-m22x15-z-podkladka-ruchoma\/","title":{"rendered":"Nakr\u0119tka M22x1,5 z podk\u0142adk\u0105 ruchom\u0105"},"content":{"rendered":"<p><b>Zastosowanie<\/b><span style=\"font-weight: 400;\">:\u00a0<\/span><\/p>\n<ul>\n<li style=\"font-weight: 400;\" aria-level=\"1\"><span style=\"font-weight: 400;\">brony talerzowe<\/span><\/li>\n<\/ul>\n<p><span style=\"font-weight: 400;\">Dost\u0119pna tu nakr\u0119tka piasty z podk\u0142adk\u0105 obrotow\u0105 to wa\u017cna cz\u0119\u015b\u0107, kt\u00f3r\u0105 wykorzystuje si\u0119 w konstrukcji r\u00f3\u017cnego rodzaju maszyn rolniczych, w tym bron talerzowych. <\/span><b>Oferowany w EXPARTO produkt posiada gwint M22x1,5, kt\u00f3ry pasuje do piasty czterootworowej i pi\u0119ciootworowej<\/b><span style=\"font-weight: 400;\">.\u00a0<\/span><\/p>\n<h2><span style=\"font-weight: 400;\">Nakr\u0119tka piasty z podk\u0142adk\u0105 obrotow\u0105 \u2013 nakr\u0119tka M22<\/span><\/h2>\n<p><span style=\"font-weight: 400;\">Nakr\u0119tka z podk\u0142adk\u0105 obrotow\u0105 M22 to element, kt\u00f3ry mo\u017ce by\u0107 stosowany w budowie r\u00f3\u017cnego rodzaju maszyn rolniczych i przemys\u0142owych. <\/span><b>Wykorzystuje si\u0119 go m.in. w: bronach talerzowych czy kosiarkach rotacyjnych<\/b><span style=\"font-weight: 400;\">. Oferowana przez nas nakr\u0119tka z ruchom\u0105 podk\u0142adk\u0105 charakteryzuje si\u0119 solidnym wykonaniem, dzi\u0119ki czemu zwi\u0119ksza stabilno\u015b\u0107 konstrukcji. <\/span><b>\u015arednica zewn\u0119trzna gwintu wynosi 22 milimetry, co jest powszechnym rozmiarem w piastach do p\u0142ug\u00f3w<\/b><span style=\"font-weight: 400;\">. Obrotowa podk\u0142adka wp\u0142ywa na redukcj\u0119 zjawiska tarcia oraz spowalnia zu\u017cycie cz\u0119\u015bci. Nakr\u0119tka pasuje do piasty czterootworowej i pi\u0119ciootworowej.\u00a0<\/span><\/p>\n<p><p style=\"text-align: justify;\"><span style=\"font-weight: 400;\">Przy serwisie i naprawie maszyn rolniczych nale\u017cy zadba\u0107 o ka\u017cdy szczeg\u00f3\u0142. W\u0142a\u015bnie dlatego rekomendujemy zakup oferowanej przez nas nakr\u0119tki M22. <\/span><b>Decyduj\u0105c si\u0119 na zakup w EXPARTO, otrzymujesz gwarancj\u0119 najwy\u017cszej jako\u015bci produktu.<\/b><span style=\"font-weight: 400;\">\u00a0\u00a0<\/span><\/p>\n","protected":false},"excerpt":{"rendered":"<p style=\"text-align: justify;\">Nakr\u0119tka do piast.<\/p>\n","protected":false},"featured_media":20036,"comment_status":"open","ping_status":"closed","template":"","meta":{"_acf_changed":false,"inline_featured_image":false},"product_brand":[],"product_cat":[69,66,57],"product_tag":[],"class_list":{"0":"post-20051","1":"product","2":"type-product","3":"status-publish","4":"has-post-thumbnail","6":"product_cat-piasty-4otworowe","7":"product_cat-piasty-5otworowe","8":"product_cat-piasty","10":"first","11":"instock","12":"taxable","13":"shipping-taxable","14":"purchasable","15":"product-type-simple"},"acf":[],"yoast_head":"<!-- This site is optimized with the Yoast SEO plugin v27.2 - https:\/\/yoast.com\/product\/yoast-seo-wordpress\/ -->\n<title>Nakr\u0119tka M22x1,5 z podk\u0142adk\u0105 ruchom\u0105 - Exparto.pl<\/title>\n<meta name=\"robots\" content=\"index, follow, max-snippet:-1, max-image-preview:large, max-video-preview:-1\" \/>\n<link rel=\"canonical\" href=\"https:\/\/exparto.pl\/sk\/produkt\/nakretka-m22x15-z-podkladka-ruchoma\/\" \/>\n<meta property=\"og:locale\" content=\"sk_SK\" \/>\n<meta property=\"og:type\" content=\"article\" \/>\n<meta property=\"og:title\" content=\"Nakr\u0119tka M22x1,5 z podk\u0142adk\u0105 ruchom\u0105 - Exparto.pl\" \/>\n<meta property=\"og:description\" content=\"Nakr\u0119tka do piast.\" \/>\n<meta property=\"og:url\" content=\"https:\/\/exparto.pl\/sk\/produkt\/nakretka-m22x15-z-podkladka-ruchoma\/\" \/>\n<meta property=\"og:site_name\" content=\"Exparto.pl\" \/>\n<meta property=\"article:publisher\" content=\"https:\/\/www.facebook.com\/exparto.agro\/\" \/>\n<meta property=\"article:modified_time\" content=\"2026-03-12T10:30:41+00:00\" \/>\n<meta property=\"og:image\" content=\"https:\/\/exparto.pl\/wp-content\/uploads\/2024\/01\/1b58ffdd905201a9cafc83a122049371.jpg\" \/>\n\t<meta property=\"og:image:width\" content=\"1000\" \/>\n\t<meta property=\"og:image:height\" content=\"1000\" \/>\n\t<meta property=\"og:image:type\" content=\"image\/jpeg\" \/>\n<meta name=\"twitter:card\" content=\"summary_large_image\" \/>\n<meta name=\"twitter:label1\" content=\"Predpokladan\u00fd \u010das \u010d\u00edtania\" \/>\n\t<meta name=\"twitter:data1\" content=\"2 min\u00faty\" \/>\n<script type=\"application\/ld+json\" class=\"yoast-schema-graph\">{\"@context\":\"https:\/\/schema.org\",\"@graph\":[{\"@type\":\"WebPage\",\"@id\":\"https:\/\/exparto.pl\/sk\/produkt\/nakretka-m22x15-z-podkladka-ruchoma\/\",\"url\":\"https:\/\/exparto.pl\/sk\/produkt\/nakretka-m22x15-z-podkladka-ruchoma\/\",\"name\":\"Nakr\u0119tka M22x1,5 z podk\u0142adk\u0105 ruchom\u0105 - Exparto.pl\",\"isPartOf\":{\"@id\":\"https:\/\/exparto.pl\/sk\/#website\"},\"primaryImageOfPage\":{\"@id\":\"https:\/\/exparto.pl\/sk\/produkt\/nakretka-m22x15-z-podkladka-ruchoma\/#primaryimage\"},\"image\":{\"@id\":\"https:\/\/exparto.pl\/sk\/produkt\/nakretka-m22x15-z-podkladka-ruchoma\/#primaryimage\"},\"thumbnailUrl\":\"https:\/\/exparto.pl\/wp-content\/uploads\/2024\/01\/1b58ffdd905201a9cafc83a122049371.jpg\",\"datePublished\":\"2024-01-26T09:16:46+00:00\",\"dateModified\":\"2026-03-12T10:30:41+00:00\",\"breadcrumb\":{\"@id\":\"https:\/\/exparto.pl\/sk\/produkt\/nakretka-m22x15-z-podkladka-ruchoma\/#breadcrumb\"},\"inLanguage\":\"sk-SK\",\"potentialAction\":[{\"@type\":\"ReadAction\",\"target\":[\"https:\/\/exparto.pl\/sk\/produkt\/nakretka-m22x15-z-podkladka-ruchoma\/\"]}]},{\"@type\":\"ImageObject\",\"inLanguage\":\"sk-SK\",\"@id\":\"https:\/\/exparto.pl\/sk\/produkt\/nakretka-m22x15-z-podkladka-ruchoma\/#primaryimage\",\"url\":\"https:\/\/exparto.pl\/wp-content\/uploads\/2024\/01\/1b58ffdd905201a9cafc83a122049371.jpg\",\"contentUrl\":\"https:\/\/exparto.pl\/wp-content\/uploads\/2024\/01\/1b58ffdd905201a9cafc83a122049371.jpg\",\"width\":1000,\"height\":1000},{\"@type\":\"BreadcrumbList\",\"@id\":\"https:\/\/exparto.pl\/sk\/produkt\/nakretka-m22x15-z-podkladka-ruchoma\/#breadcrumb\",\"itemListElement\":[{\"@type\":\"ListItem\",\"position\":1,\"name\":\"Domovsk\u00e1 str\u00e1nka\",\"item\":\"https:\/\/exparto.pl\/sk\/domovska-stranka\/\"},{\"@type\":\"ListItem\",\"position\":2,\"name\":\"Sklep\",\"item\":\"https:\/\/exparto.pl\/sklep\/\"},{\"@type\":\"ListItem\",\"position\":3,\"name\":\"Obr\u00e1banie p\u00f4dy\",\"item\":\"https:\/\/exparto.pl\/sk\/kategoria-produktov\/obrabanie-pody\/\"},{\"@type\":\"ListItem\",\"position\":4,\"name\":\"Rozbo\u010dova\u010de\",\"item\":\"https:\/\/exparto.pl\/sk\/kategoria-produktov\/obrabanie-pody\/rozbocovace\/\"},{\"@type\":\"ListItem\",\"position\":5,\"name\":\"Nakr\u0119tka M22x1,5 z podk\u0142adk\u0105 ruchom\u0105\"}]},{\"@type\":\"WebSite\",\"@id\":\"https:\/\/exparto.pl\/sk\/#website\",\"url\":\"https:\/\/exparto.pl\/sk\/\",\"name\":\"EXPARTO\",\"description\":\"More than agro parts\",\"publisher\":{\"@id\":\"https:\/\/exparto.pl\/sk\/#organization\"},\"potentialAction\":[{\"@type\":\"SearchAction\",\"target\":{\"@type\":\"EntryPoint\",\"urlTemplate\":\"https:\/\/exparto.pl\/sk\/?s={search_term_string}\"},\"query-input\":{\"@type\":\"PropertyValueSpecification\",\"valueRequired\":true,\"valueName\":\"search_term_string\"}}],\"inLanguage\":\"sk-SK\"},{\"@type\":\"Organization\",\"@id\":\"https:\/\/exparto.pl\/sk\/#organization\",\"name\":\"EXPARTO\",\"url\":\"https:\/\/exparto.pl\/sk\/\",\"logo\":{\"@type\":\"ImageObject\",\"inLanguage\":\"sk-SK\",\"@id\":\"https:\/\/exparto.pl\/sk\/#\/schema\/logo\/image\/\",\"url\":\"https:\/\/exparto.pl\/wp-content\/uploads\/2023\/02\/logo-wektor.png\",\"contentUrl\":\"https:\/\/exparto.pl\/wp-content\/uploads\/2023\/02\/logo-wektor.png\",\"width\":1338,\"height\":143,\"caption\":\"EXPARTO\"},\"image\":{\"@id\":\"https:\/\/exparto.pl\/sk\/#\/schema\/logo\/image\/\"},\"sameAs\":[\"https:\/\/www.facebook.com\/exparto.agro\/\"]}]}<\/script>\n<!-- \/ Yoast SEO plugin. -->","yoast_head_json":{"title":"Nakr\u0119tka M22x1,5 z podk\u0142adk\u0105 ruchom\u0105 - Exparto.pl","robots":{"index":"index","follow":"follow","max-snippet":"max-snippet:-1","max-image-preview":"max-image-preview:large","max-video-preview":"max-video-preview:-1"},"canonical":"https:\/\/exparto.pl\/sk\/produkt\/nakretka-m22x15-z-podkladka-ruchoma\/","og_locale":"sk_SK","og_type":"article","og_title":"Nakr\u0119tka M22x1,5 z podk\u0142adk\u0105 ruchom\u0105 - Exparto.pl","og_description":"Nakr\u0119tka do piast.","og_url":"https:\/\/exparto.pl\/sk\/produkt\/nakretka-m22x15-z-podkladka-ruchoma\/","og_site_name":"Exparto.pl","article_publisher":"https:\/\/www.facebook.com\/exparto.agro\/","article_modified_time":"2026-03-12T10:30:41+00:00","og_image":[{"width":1000,"height":1000,"url":"https:\/\/exparto.pl\/wp-content\/uploads\/2024\/01\/1b58ffdd905201a9cafc83a122049371.jpg","type":"image\/jpeg"}],"twitter_card":"summary_large_image","twitter_misc":{"Predpokladan\u00fd \u010das \u010d\u00edtania":"2 min\u00faty"},"schema":{"@context":"https:\/\/schema.org","@graph":[{"@type":"WebPage","@id":"https:\/\/exparto.pl\/sk\/produkt\/nakretka-m22x15-z-podkladka-ruchoma\/","url":"https:\/\/exparto.pl\/sk\/produkt\/nakretka-m22x15-z-podkladka-ruchoma\/","name":"Nakr\u0119tka M22x1,5 z podk\u0142adk\u0105 ruchom\u0105 - Exparto.pl","isPartOf":{"@id":"https:\/\/exparto.pl\/sk\/#website"},"primaryImageOfPage":{"@id":"https:\/\/exparto.pl\/sk\/produkt\/nakretka-m22x15-z-podkladka-ruchoma\/#primaryimage"},"image":{"@id":"https:\/\/exparto.pl\/sk\/produkt\/nakretka-m22x15-z-podkladka-ruchoma\/#primaryimage"},"thumbnailUrl":"https:\/\/exparto.pl\/wp-content\/uploads\/2024\/01\/1b58ffdd905201a9cafc83a122049371.jpg","datePublished":"2024-01-26T09:16:46+00:00","dateModified":"2026-03-12T10:30:41+00:00","breadcrumb":{"@id":"https:\/\/exparto.pl\/sk\/produkt\/nakretka-m22x15-z-podkladka-ruchoma\/#breadcrumb"},"inLanguage":"sk-SK","potentialAction":[{"@type":"ReadAction","target":["https:\/\/exparto.pl\/sk\/produkt\/nakretka-m22x15-z-podkladka-ruchoma\/"]}]},{"@type":"ImageObject","inLanguage":"sk-SK","@id":"https:\/\/exparto.pl\/sk\/produkt\/nakretka-m22x15-z-podkladka-ruchoma\/#primaryimage","url":"https:\/\/exparto.pl\/wp-content\/uploads\/2024\/01\/1b58ffdd905201a9cafc83a122049371.jpg","contentUrl":"https:\/\/exparto.pl\/wp-content\/uploads\/2024\/01\/1b58ffdd905201a9cafc83a122049371.jpg","width":1000,"height":1000},{"@type":"BreadcrumbList","@id":"https:\/\/exparto.pl\/sk\/produkt\/nakretka-m22x15-z-podkladka-ruchoma\/#breadcrumb","itemListElement":[{"@type":"ListItem","position":1,"name":"Domovsk\u00e1 str\u00e1nka","item":"https:\/\/exparto.pl\/sk\/domovska-stranka\/"},{"@type":"ListItem","position":2,"name":"Sklep","item":"https:\/\/exparto.pl\/sklep\/"},{"@type":"ListItem","position":3,"name":"Obr\u00e1banie p\u00f4dy","item":"https:\/\/exparto.pl\/sk\/kategoria-produktov\/obrabanie-pody\/"},{"@type":"ListItem","position":4,"name":"Rozbo\u010dova\u010de","item":"https:\/\/exparto.pl\/sk\/kategoria-produktov\/obrabanie-pody\/rozbocovace\/"},{"@type":"ListItem","position":5,"name":"Nakr\u0119tka M22x1,5 z podk\u0142adk\u0105 ruchom\u0105"}]},{"@type":"WebSite","@id":"https:\/\/exparto.pl\/sk\/#website","url":"https:\/\/exparto.pl\/sk\/","name":"EXPARTO","description":"More than agro parts","publisher":{"@id":"https:\/\/exparto.pl\/sk\/#organization"},"potentialAction":[{"@type":"SearchAction","target":{"@type":"EntryPoint","urlTemplate":"https:\/\/exparto.pl\/sk\/?s={search_term_string}"},"query-input":{"@type":"PropertyValueSpecification","valueRequired":true,"valueName":"search_term_string"}}],"inLanguage":"sk-SK"},{"@type":"Organization","@id":"https:\/\/exparto.pl\/sk\/#organization","name":"EXPARTO","url":"https:\/\/exparto.pl\/sk\/","logo":{"@type":"ImageObject","inLanguage":"sk-SK","@id":"https:\/\/exparto.pl\/sk\/#\/schema\/logo\/image\/","url":"https:\/\/exparto.pl\/wp-content\/uploads\/2023\/02\/logo-wektor.png","contentUrl":"https:\/\/exparto.pl\/wp-content\/uploads\/2023\/02\/logo-wektor.png","width":1338,"height":143,"caption":"EXPARTO"},"image":{"@id":"https:\/\/exparto.pl\/sk\/#\/schema\/logo\/image\/"},"sameAs":["https:\/\/www.facebook.com\/exparto.agro\/"]}]}},"_links":{"self":[{"href":"https:\/\/exparto.pl\/sk\/wp-json\/wp\/v2\/product\/20051","targetHints":{"allow":["GET"]}}],"collection":[{"href":"https:\/\/exparto.pl\/sk\/wp-json\/wp\/v2\/product"}],"about":[{"href":"https:\/\/exparto.pl\/sk\/wp-json\/wp\/v2\/types\/product"}],"replies":[{"embeddable":true,"href":"https:\/\/exparto.pl\/sk\/wp-json\/wp\/v2\/comments?post=20051"}],"wp:featuredmedia":[{"embeddable":true,"href":"https:\/\/exparto.pl\/sk\/wp-json\/wp\/v2\/media\/20036"}],"wp:attachment":[{"href":"https:\/\/exparto.pl\/sk\/wp-json\/wp\/v2\/media?parent=20051"}],"wp:term":[{"taxonomy":"product_brand","embeddable":true,"href":"https:\/\/exparto.pl\/sk\/wp-json\/wp\/v2\/product_brand?post=20051"},{"taxonomy":"product_cat","embeddable":true,"href":"https:\/\/exparto.pl\/sk\/wp-json\/wp\/v2\/product_cat?post=20051"},{"taxonomy":"product_tag","embeddable":true,"href":"https:\/\/exparto.pl\/sk\/wp-json\/wp\/v2\/product_tag?post=20051"}],"curies":[{"name":"wp","href":"https:\/\/api.w.org\/{rel}","templated":true}]}}