{"id":20255,"date":"2024-02-08T14:37:36","date_gmt":"2024-02-08T13:37:36","guid":{"rendered":"https:\/\/exparto.pl\/produkt\/silownik-hydrauliczny-jednostronnego-dzialania-63-36-skok-400-kosiarka-185\/"},"modified":"2026-03-06T15:35:14","modified_gmt":"2026-03-06T14:35:14","slug":"silownik-hydrauliczny-jednostronnego-dzialania-63-36-skok-400-kosiarka-185","status":"publish","type":"product","link":"https:\/\/exparto.pl\/sk\/produkt\/silownik-hydrauliczny-jednostronnego-dzialania-63-36-skok-400-kosiarka-185\/","title":{"rendered":"Si\u0142ownik hydrauliczny jednostronnego dzia\u0142ania 63\/36 skok 400 kosiarka\u00a01,85"},"content":{"rendered":"<p style=\"text-align: justify\"><span style=\"font-family: Barlow, sans-serif;font-size: 16px;text-align: start\">Zale\u017cy Ci na wysokiej jako\u015bci cz\u0119\u015bciach do maszyn rolniczych? EXPARTO to doskona\u0142y wyb\u00f3r.&nbsp;<\/span><b style=\"font-family: Barlow, sans-serif;font-size: 16px;text-align: start\">W naszej ofercie proponujemy tylko dok\u0142adnie sprawdzone rozwi\u0105zania, kt\u00f3re charakteryzuj\u0105 si\u0119 bardzo dobrymi parametrami technicznymi<\/b><span style=\"font-family: Barlow, sans-serif;font-size: 16px;text-align: start\">. Taki te\u017c jest si\u0142ownik hydrauliczny jednostronnego dzia\u0142ania do kosiarki rotacyjnej i innych maszyn. Zach\u0119camy do zapoznania si\u0119 z jego charakterystyk\u0105 oraz do zakup\u00f3w w EXPARTO.<\/span><span style=\"font-family: Barlow, sans-serif;font-size: 16px;text-align: start\"><\/span><\/p>\n<h2 style=\"line-height: 1.4;font-size: 1.25rem;font-family: Barlow, sans-serif\"><span style=\"font-weight: 400\">Si\u0142ownik hydrauliczny jednostronnego dzia\u0142ania &#8211; nurnikowy, do kosiarki rotacyjnej 1,85m &#8211; 63\/36, skok 400<\/span><\/h2>\n<p style=\"text-align: justify\"><b style=\"font-family: Barlow, sans-serif;font-size: 16px;text-align: start\">Si\u0142ownik hydrauliczny jednostronnego dzia\u0142ania do kosiarki rotacyjnej to element hydrauliczny<\/b><span style=\"font-family: Barlow, sans-serif;font-size: 16px;text-align: start\">. Dzi\u0119ki niemu mo\u017cliwe jest efektywne koszenie pola lub \u0142\u0105ki.&nbsp;<\/span><b style=\"font-family: Barlow, sans-serif;font-size: 16px;text-align: start\">Oferowany przez nas model przeznaczony jest do kosiarki o szeroko\u015bci roboczej 1,85 m<\/b><span style=\"font-family: Barlow, sans-serif;font-size: 16px;text-align: start\">. Mo\u017ce by\u0107 wykorzystywany r\u00f3wnie\u017c w przypadku innych maszyn rolniczych i przemys\u0142owych.<\/span><span style=\"font-family: Barlow, sans-serif;font-size: 16px;text-align: start\">&nbsp;<\/span><span style=\"font-family: Barlow, sans-serif;font-size: 16px;text-align: start\">W EXPARTO doskonale zdajemy sobie spraw\u0119 z tego, \u017ce jako\u015b\u0107 cz\u0119\u015bci roboczych ma du\u017ce znacznie w kontek\u015bcie u\u017cytkowania maszyn rolniczych.&nbsp;<\/span><b style=\"font-family: Barlow, sans-serif;font-size: 16px;text-align: start\">Dlatego dok\u0142adamy wszelkich stara\u0144, aby w Twoje r\u0119ce trafia\u0142y produkty spe\u0142niaj\u0105ce standardy rynkowe i gwarantuj\u0105ce bezpieczn\u0105 i niezawodn\u0105 prac\u0119 w d\u0142u\u017cszej perspektywie<\/b><span style=\"font-family: Barlow, sans-serif;font-size: 16px;text-align: start\">. Tym charakteryzuje si\u0119 ka\u017cdy pojedynczy si\u0142ownik nurnikowy do kosiarki rotacyjnej od EXPARTO.&nbsp;<\/span><span style=\"font-family: Barlow, sans-serif;font-size: 16px;text-align: start\">&nbsp;<\/span><span style=\"font-family: Barlow, sans-serif;font-size: 16px;text-align: start\">Zapraszamy do zakupu cz\u0119\u015bci do kosiarki rotacyjnej z naszej oferty.&nbsp;<\/span><b style=\"font-family: Barlow, sans-serif;font-size: 16px;text-align: start\">W przypadku w\u0105tpliwo\u015bci skontaktuj si\u0119 z naszym ekspertem<\/b><span style=\"font-family: Barlow, sans-serif;font-size: 16px;text-align: start\">. Razem z nami zadbasz o wydajn\u0105 i efektywn\u0105 kosztowo prac\u0119 w gospodarstwie.<\/span><span style=\"font-family: Barlow, sans-serif;font-size: 16px;text-align: start\"><\/span><\/p>\n<p style=\"font-family: Barlow, sans-serif;font-size: 16px;text-align: justify\">\n<p style=\"text-align: justify\"><b style=\"font-family: Barlow, sans-serif;font-size: 16px;text-align: start\">Zastosowanie<\/b><span style=\"font-family: Barlow, sans-serif;font-size: 16px;text-align: start\">:<\/span><span style=\"font-family: Barlow, sans-serif;font-size: 16px;text-align: start\"><\/span><\/p>\n<ul style=\"font-family: Barlow, sans-serif;font-size: 16px\">\n<li>kosiarkach rotacyjnych<\/li>\n<li>maszynach rolniczych i przemys\u0142owych<\/li>\n<\/ul>\n","protected":false},"excerpt":{"rendered":"<p style=\"text-align: justify\">Si\u0142ownik hydrauliczny jednostronnego dzia\u0142ania \u2013 nurnikowy 63\/36\/400 kosiarka 1,85<\/p>\n","protected":false},"featured_media":20235,"comment_status":"open","ping_status":"closed","template":"","meta":{"_acf_changed":false,"inline_featured_image":false},"product_brand":[],"product_cat":[42,88,105],"product_tag":[],"class_list":{"0":"post-20255","1":"product","2":"type-product","3":"status-publish","4":"has-post-thumbnail","6":"product_cat-hydraulika-silowa","7":"product_cat-silowniki-hydrauliczne","8":"product_cat-jednostronnego-dzialania","10":"first","11":"instock","12":"taxable","13":"shipping-taxable","14":"purchasable","15":"product-type-simple"},"acf":[],"yoast_head":"<!-- This site is optimized with the Yoast SEO plugin v27.2 - https:\/\/yoast.com\/product\/yoast-seo-wordpress\/ -->\n<title>Si\u0142ownik hydrauliczny jednostronnego dzia\u0142ania 63\/36 skok 400 kosiarka\u00a01,85 - Exparto.pl<\/title>\n<meta name=\"robots\" content=\"index, follow, max-snippet:-1, max-image-preview:large, max-video-preview:-1\" \/>\n<link rel=\"canonical\" href=\"https:\/\/exparto.pl\/sk\/produkt\/silownik-hydrauliczny-jednostronnego-dzialania-63-36-skok-400-kosiarka-185\/\" \/>\n<meta property=\"og:locale\" content=\"sk_SK\" \/>\n<meta property=\"og:type\" content=\"article\" \/>\n<meta property=\"og:title\" content=\"Si\u0142ownik hydrauliczny jednostronnego dzia\u0142ania 63\/36 skok 400 kosiarka\u00a01,85 - Exparto.pl\" \/>\n<meta property=\"og:description\" content=\"Si\u0142ownik hydrauliczny jednostronnego dzia\u0142ania \u2013 nurnikowy 63\/36\/400 kosiarka 1,85\" \/>\n<meta property=\"og:url\" content=\"https:\/\/exparto.pl\/sk\/produkt\/silownik-hydrauliczny-jednostronnego-dzialania-63-36-skok-400-kosiarka-185\/\" \/>\n<meta property=\"og:site_name\" content=\"Exparto.pl\" \/>\n<meta property=\"article:publisher\" content=\"https:\/\/www.facebook.com\/exparto.agro\/\" \/>\n<meta property=\"article:modified_time\" content=\"2026-03-06T14:35:14+00:00\" \/>\n<meta property=\"og:image\" content=\"https:\/\/exparto.pl\/wp-content\/uploads\/2024\/02\/5a66e5d1ab1530f538e8de7e1abef226.jpg\" \/>\n\t<meta property=\"og:image:width\" content=\"1000\" \/>\n\t<meta property=\"og:image:height\" content=\"1000\" \/>\n\t<meta property=\"og:image:type\" content=\"image\/jpeg\" \/>\n<meta name=\"twitter:card\" content=\"summary_large_image\" \/>\n<meta name=\"twitter:label1\" content=\"Predpokladan\u00fd \u010das \u010d\u00edtania\" \/>\n\t<meta name=\"twitter:data1\" content=\"2 min\u00faty\" \/>\n<script type=\"application\/ld+json\" class=\"yoast-schema-graph\">{\"@context\":\"https:\/\/schema.org\",\"@graph\":[{\"@type\":\"WebPage\",\"@id\":\"https:\/\/exparto.pl\/sk\/produkt\/silownik-hydrauliczny-jednostronnego-dzialania-63-36-skok-400-kosiarka-185\/\",\"url\":\"https:\/\/exparto.pl\/sk\/produkt\/silownik-hydrauliczny-jednostronnego-dzialania-63-36-skok-400-kosiarka-185\/\",\"name\":\"Si\u0142ownik hydrauliczny jednostronnego dzia\u0142ania 63\/36 skok 400 kosiarka\u00a01,85 - Exparto.pl\",\"isPartOf\":{\"@id\":\"https:\/\/exparto.pl\/sk\/#website\"},\"primaryImageOfPage\":{\"@id\":\"https:\/\/exparto.pl\/sk\/produkt\/silownik-hydrauliczny-jednostronnego-dzialania-63-36-skok-400-kosiarka-185\/#primaryimage\"},\"image\":{\"@id\":\"https:\/\/exparto.pl\/sk\/produkt\/silownik-hydrauliczny-jednostronnego-dzialania-63-36-skok-400-kosiarka-185\/#primaryimage\"},\"thumbnailUrl\":\"https:\/\/exparto.pl\/wp-content\/uploads\/2024\/02\/5a66e5d1ab1530f538e8de7e1abef226.jpg\",\"datePublished\":\"2024-02-08T13:37:36+00:00\",\"dateModified\":\"2026-03-06T14:35:14+00:00\",\"breadcrumb\":{\"@id\":\"https:\/\/exparto.pl\/sk\/produkt\/silownik-hydrauliczny-jednostronnego-dzialania-63-36-skok-400-kosiarka-185\/#breadcrumb\"},\"inLanguage\":\"sk-SK\",\"potentialAction\":[{\"@type\":\"ReadAction\",\"target\":[\"https:\/\/exparto.pl\/sk\/produkt\/silownik-hydrauliczny-jednostronnego-dzialania-63-36-skok-400-kosiarka-185\/\"]}]},{\"@type\":\"ImageObject\",\"inLanguage\":\"sk-SK\",\"@id\":\"https:\/\/exparto.pl\/sk\/produkt\/silownik-hydrauliczny-jednostronnego-dzialania-63-36-skok-400-kosiarka-185\/#primaryimage\",\"url\":\"https:\/\/exparto.pl\/wp-content\/uploads\/2024\/02\/5a66e5d1ab1530f538e8de7e1abef226.jpg\",\"contentUrl\":\"https:\/\/exparto.pl\/wp-content\/uploads\/2024\/02\/5a66e5d1ab1530f538e8de7e1abef226.jpg\",\"width\":1000,\"height\":1000},{\"@type\":\"BreadcrumbList\",\"@id\":\"https:\/\/exparto.pl\/sk\/produkt\/silownik-hydrauliczny-jednostronnego-dzialania-63-36-skok-400-kosiarka-185\/#breadcrumb\",\"itemListElement\":[{\"@type\":\"ListItem\",\"position\":1,\"name\":\"Domovsk\u00e1 str\u00e1nka\",\"item\":\"https:\/\/exparto.pl\/sk\/domovska-stranka\/\"},{\"@type\":\"ListItem\",\"position\":2,\"name\":\"Sklep\",\"item\":\"https:\/\/exparto.pl\/sklep\/\"},{\"@type\":\"ListItem\",\"position\":3,\"name\":\"Hydraulika\",\"item\":\"https:\/\/exparto.pl\/sk\/kategoria-produktov\/hydraulika\/\"},{\"@type\":\"ListItem\",\"position\":4,\"name\":\"Hydraulick\u00e9 valce\",\"item\":\"https:\/\/exparto.pl\/sk\/kategoria-produktov\/hydraulika\/hydraulicke-valce\/\"},{\"@type\":\"ListItem\",\"position\":5,\"name\":\"Jednostrann\u00e1 akcia\",\"item\":\"https:\/\/exparto.pl\/sk\/kategoria-produktov\/hydraulika\/hydraulicke-valce\/jednostranna-akcia\/\"},{\"@type\":\"ListItem\",\"position\":6,\"name\":\"Si\u0142ownik hydrauliczny jednostronnego dzia\u0142ania 63\/36 skok 400 kosiarka\u00a01,85\"}]},{\"@type\":\"WebSite\",\"@id\":\"https:\/\/exparto.pl\/sk\/#website\",\"url\":\"https:\/\/exparto.pl\/sk\/\",\"name\":\"EXPARTO\",\"description\":\"More than agro parts\",\"publisher\":{\"@id\":\"https:\/\/exparto.pl\/sk\/#organization\"},\"potentialAction\":[{\"@type\":\"SearchAction\",\"target\":{\"@type\":\"EntryPoint\",\"urlTemplate\":\"https:\/\/exparto.pl\/sk\/?s={search_term_string}\"},\"query-input\":{\"@type\":\"PropertyValueSpecification\",\"valueRequired\":true,\"valueName\":\"search_term_string\"}}],\"inLanguage\":\"sk-SK\"},{\"@type\":\"Organization\",\"@id\":\"https:\/\/exparto.pl\/sk\/#organization\",\"name\":\"EXPARTO\",\"url\":\"https:\/\/exparto.pl\/sk\/\",\"logo\":{\"@type\":\"ImageObject\",\"inLanguage\":\"sk-SK\",\"@id\":\"https:\/\/exparto.pl\/sk\/#\/schema\/logo\/image\/\",\"url\":\"https:\/\/exparto.pl\/wp-content\/uploads\/2023\/02\/logo-wektor.png\",\"contentUrl\":\"https:\/\/exparto.pl\/wp-content\/uploads\/2023\/02\/logo-wektor.png\",\"width\":1338,\"height\":143,\"caption\":\"EXPARTO\"},\"image\":{\"@id\":\"https:\/\/exparto.pl\/sk\/#\/schema\/logo\/image\/\"},\"sameAs\":[\"https:\/\/www.facebook.com\/exparto.agro\/\"]}]}<\/script>\n<!-- \/ Yoast SEO plugin. -->","yoast_head_json":{"title":"Si\u0142ownik hydrauliczny jednostronnego dzia\u0142ania 63\/36 skok 400 kosiarka\u00a01,85 - Exparto.pl","robots":{"index":"index","follow":"follow","max-snippet":"max-snippet:-1","max-image-preview":"max-image-preview:large","max-video-preview":"max-video-preview:-1"},"canonical":"https:\/\/exparto.pl\/sk\/produkt\/silownik-hydrauliczny-jednostronnego-dzialania-63-36-skok-400-kosiarka-185\/","og_locale":"sk_SK","og_type":"article","og_title":"Si\u0142ownik hydrauliczny jednostronnego dzia\u0142ania 63\/36 skok 400 kosiarka\u00a01,85 - Exparto.pl","og_description":"Si\u0142ownik hydrauliczny jednostronnego dzia\u0142ania \u2013 nurnikowy 63\/36\/400 kosiarka 1,85","og_url":"https:\/\/exparto.pl\/sk\/produkt\/silownik-hydrauliczny-jednostronnego-dzialania-63-36-skok-400-kosiarka-185\/","og_site_name":"Exparto.pl","article_publisher":"https:\/\/www.facebook.com\/exparto.agro\/","article_modified_time":"2026-03-06T14:35:14+00:00","og_image":[{"width":1000,"height":1000,"url":"https:\/\/exparto.pl\/wp-content\/uploads\/2024\/02\/5a66e5d1ab1530f538e8de7e1abef226.jpg","type":"image\/jpeg"}],"twitter_card":"summary_large_image","twitter_misc":{"Predpokladan\u00fd \u010das \u010d\u00edtania":"2 min\u00faty"},"schema":{"@context":"https:\/\/schema.org","@graph":[{"@type":"WebPage","@id":"https:\/\/exparto.pl\/sk\/produkt\/silownik-hydrauliczny-jednostronnego-dzialania-63-36-skok-400-kosiarka-185\/","url":"https:\/\/exparto.pl\/sk\/produkt\/silownik-hydrauliczny-jednostronnego-dzialania-63-36-skok-400-kosiarka-185\/","name":"Si\u0142ownik hydrauliczny jednostronnego dzia\u0142ania 63\/36 skok 400 kosiarka\u00a01,85 - Exparto.pl","isPartOf":{"@id":"https:\/\/exparto.pl\/sk\/#website"},"primaryImageOfPage":{"@id":"https:\/\/exparto.pl\/sk\/produkt\/silownik-hydrauliczny-jednostronnego-dzialania-63-36-skok-400-kosiarka-185\/#primaryimage"},"image":{"@id":"https:\/\/exparto.pl\/sk\/produkt\/silownik-hydrauliczny-jednostronnego-dzialania-63-36-skok-400-kosiarka-185\/#primaryimage"},"thumbnailUrl":"https:\/\/exparto.pl\/wp-content\/uploads\/2024\/02\/5a66e5d1ab1530f538e8de7e1abef226.jpg","datePublished":"2024-02-08T13:37:36+00:00","dateModified":"2026-03-06T14:35:14+00:00","breadcrumb":{"@id":"https:\/\/exparto.pl\/sk\/produkt\/silownik-hydrauliczny-jednostronnego-dzialania-63-36-skok-400-kosiarka-185\/#breadcrumb"},"inLanguage":"sk-SK","potentialAction":[{"@type":"ReadAction","target":["https:\/\/exparto.pl\/sk\/produkt\/silownik-hydrauliczny-jednostronnego-dzialania-63-36-skok-400-kosiarka-185\/"]}]},{"@type":"ImageObject","inLanguage":"sk-SK","@id":"https:\/\/exparto.pl\/sk\/produkt\/silownik-hydrauliczny-jednostronnego-dzialania-63-36-skok-400-kosiarka-185\/#primaryimage","url":"https:\/\/exparto.pl\/wp-content\/uploads\/2024\/02\/5a66e5d1ab1530f538e8de7e1abef226.jpg","contentUrl":"https:\/\/exparto.pl\/wp-content\/uploads\/2024\/02\/5a66e5d1ab1530f538e8de7e1abef226.jpg","width":1000,"height":1000},{"@type":"BreadcrumbList","@id":"https:\/\/exparto.pl\/sk\/produkt\/silownik-hydrauliczny-jednostronnego-dzialania-63-36-skok-400-kosiarka-185\/#breadcrumb","itemListElement":[{"@type":"ListItem","position":1,"name":"Domovsk\u00e1 str\u00e1nka","item":"https:\/\/exparto.pl\/sk\/domovska-stranka\/"},{"@type":"ListItem","position":2,"name":"Sklep","item":"https:\/\/exparto.pl\/sklep\/"},{"@type":"ListItem","position":3,"name":"Hydraulika","item":"https:\/\/exparto.pl\/sk\/kategoria-produktov\/hydraulika\/"},{"@type":"ListItem","position":4,"name":"Hydraulick\u00e9 valce","item":"https:\/\/exparto.pl\/sk\/kategoria-produktov\/hydraulika\/hydraulicke-valce\/"},{"@type":"ListItem","position":5,"name":"Jednostrann\u00e1 akcia","item":"https:\/\/exparto.pl\/sk\/kategoria-produktov\/hydraulika\/hydraulicke-valce\/jednostranna-akcia\/"},{"@type":"ListItem","position":6,"name":"Si\u0142ownik hydrauliczny jednostronnego dzia\u0142ania 63\/36 skok 400 kosiarka\u00a01,85"}]},{"@type":"WebSite","@id":"https:\/\/exparto.pl\/sk\/#website","url":"https:\/\/exparto.pl\/sk\/","name":"EXPARTO","description":"More than agro parts","publisher":{"@id":"https:\/\/exparto.pl\/sk\/#organization"},"potentialAction":[{"@type":"SearchAction","target":{"@type":"EntryPoint","urlTemplate":"https:\/\/exparto.pl\/sk\/?s={search_term_string}"},"query-input":{"@type":"PropertyValueSpecification","valueRequired":true,"valueName":"search_term_string"}}],"inLanguage":"sk-SK"},{"@type":"Organization","@id":"https:\/\/exparto.pl\/sk\/#organization","name":"EXPARTO","url":"https:\/\/exparto.pl\/sk\/","logo":{"@type":"ImageObject","inLanguage":"sk-SK","@id":"https:\/\/exparto.pl\/sk\/#\/schema\/logo\/image\/","url":"https:\/\/exparto.pl\/wp-content\/uploads\/2023\/02\/logo-wektor.png","contentUrl":"https:\/\/exparto.pl\/wp-content\/uploads\/2023\/02\/logo-wektor.png","width":1338,"height":143,"caption":"EXPARTO"},"image":{"@id":"https:\/\/exparto.pl\/sk\/#\/schema\/logo\/image\/"},"sameAs":["https:\/\/www.facebook.com\/exparto.agro\/"]}]}},"_links":{"self":[{"href":"https:\/\/exparto.pl\/sk\/wp-json\/wp\/v2\/product\/20255","targetHints":{"allow":["GET"]}}],"collection":[{"href":"https:\/\/exparto.pl\/sk\/wp-json\/wp\/v2\/product"}],"about":[{"href":"https:\/\/exparto.pl\/sk\/wp-json\/wp\/v2\/types\/product"}],"replies":[{"embeddable":true,"href":"https:\/\/exparto.pl\/sk\/wp-json\/wp\/v2\/comments?post=20255"}],"wp:featuredmedia":[{"embeddable":true,"href":"https:\/\/exparto.pl\/sk\/wp-json\/wp\/v2\/media\/20235"}],"wp:attachment":[{"href":"https:\/\/exparto.pl\/sk\/wp-json\/wp\/v2\/media?parent=20255"}],"wp:term":[{"taxonomy":"product_brand","embeddable":true,"href":"https:\/\/exparto.pl\/sk\/wp-json\/wp\/v2\/product_brand?post=20255"},{"taxonomy":"product_cat","embeddable":true,"href":"https:\/\/exparto.pl\/sk\/wp-json\/wp\/v2\/product_cat?post=20255"},{"taxonomy":"product_tag","embeddable":true,"href":"https:\/\/exparto.pl\/sk\/wp-json\/wp\/v2\/product_tag?post=20255"}],"curies":[{"name":"wp","href":"https:\/\/api.w.org\/{rel}","templated":true}]}}