{"id":21241,"date":"2024-02-19T18:51:38","date_gmt":"2024-02-19T17:51:38","guid":{"rendered":"https:\/\/exparto.pl\/produkt\/piasta-talerza-roboczego-kosiarki-rotacyjnej-165m-i-135m-185m\/"},"modified":"2026-01-21T12:32:38","modified_gmt":"2026-01-21T11:32:38","slug":"piasta-talerza-roboczego-kosiarki-rotacyjnej-165m-i-135m-185m","status":"publish","type":"product","link":"https:\/\/exparto.pl\/sk\/produkt\/piasta-talerza-roboczego-kosiarki-rotacyjnej-165m-i-135m-185m\/","title":{"rendered":"Piasta talerza roboczego kosiarki rotacyjnej 1,65m i 1,35m 1,85m"},"content":{"rendered":"<p><span style=\"font-weight: 400\">Zale\u017cy Ci na wysokiej sprawno\u015bci kosiarki rotacyjnej oraz wygodnej i efektywnej pracy w polu? Osi\u0105gniesz to, korzystaj\u0105c ze sprawdzonych cz\u0119\u015bci do maszyn rolniczych. <\/span><b>W EXPARTO przygotowali\u015bmy m.in. piast\u0119 talerza roboczego kosiarki rotacyjnej<\/b><span style=\"font-weight: 400\">. Poznaj jej charakterystyk\u0119 i potencja\u0142 zastosowania. Zapraszamy do jej zakupu.\u00a0<\/span><\/p>\n<h2><span style=\"font-weight: 400\">Piasta talerza roboczego kosiarki rotacyjnej &#8211; 1,65m, 1,35m, 1,85m<\/span><\/h2>\n<p><span style=\"font-weight: 400\">Piasta talerza roboczego kosiarki rotacyjnej to bardzo wa\u017cny element uk\u0142adu nap\u0119dowego kosiarki. <\/span><b>Cz\u0119\u015b\u0107 ta odpowiada za prawid\u0142owe mocowanie talerza roboczego<\/b><span style=\"font-weight: 400\">. W zwi\u0105zku z tym musi by\u0107 wykonana z dobrej jako\u015bci materia\u0142\u00f3w oraz odpowiednio dopasowana do modelu kosiarki rotacyjnej. <\/span><b>W ofercie EXPARTO przygotowali\u015bmy uniwersaln\u0105 cz\u0119\u015b\u0107, kt\u00f3ra pasuje do r\u00f3\u017cnych maszyn z tej kategorii<\/b><span style=\"font-weight: 400\">.\u00a0<\/span><\/p>\n<p>&nbsp;<\/p>\n<p><span style=\"font-weight: 400\">Oferowana przez nas piasta talerza roboczego kosiarki rotacyjnej wykonana jest z wytrzyma\u0142ego \u017celiwa. Spe\u0142nia najwy\u017csze standardy rynkowe w zakresie jako\u015bci materia\u0142\u00f3w oraz ich starannej obr\u00f3bki. <\/span><b>Pasuje do kosiarek rotacyjnych: 1,65 m, 1,35 m i 1,85 m<\/b><span style=\"font-weight: 400\">. Produkt ten przeznaczony jest do intensywnej pracy w trudnych warunkach \u015brodowiskowych, kt\u00f3re s\u0105 charakterystyczne dla sektora rolnictwa.\u00a0<\/span><\/p>\n<p>&nbsp;<\/p>\n<p><b>Zapraszamy do zakupu piasty talerza roboczego oraz innych cz\u0119\u015bci do kosiarek rotacyjnych z naszej oferty<\/b><span style=\"font-weight: 400\">. Dbamy o to, aby w Twoje r\u0119ce trafia\u0142y produkty wysokiej jako\u015bci.<\/span><\/p>\n<p>&nbsp;<\/p>\n<p><b>Zastosowanie<\/b><span style=\"font-weight: 400\">:<\/span><\/p>\n<p><span style=\"font-weight: 400\">Pasuje do kosiarek rotacyjnych 1,65m i 1,35m 1,85m<\/span><\/p>\n<p>&nbsp;<\/p>\n<p><b>Numer katalogowy<\/b><span style=\"font-weight: 400\">:<\/span><\/p>\n<p><span style=\"font-weight: 400\">503601079\/1<\/span><\/p>\n","protected":false},"excerpt":{"rendered":"<p style=\"text-align: justify\">Piasta talerza roboczego<\/p>\n","protected":false},"featured_media":21221,"comment_status":"open","ping_status":"closed","template":"","meta":{"_acf_changed":false,"inline_featured_image":false},"product_brand":[],"product_cat":[499,958,962],"product_tag":[],"class_list":{"0":"post-21241","1":"product","2":"type-product","3":"status-publish","4":"has-post-thumbnail","6":"product_cat-nahradne-diely-pre-kosacky-na-travu","7":"product_cat-piasty-czesci-do-kosiarki-rotacyjnej","8":"product_cat-piasty-talerza-roboczego","10":"first","11":"outofstock","12":"taxable","13":"shipping-taxable","14":"purchasable","15":"product-type-simple"},"acf":[],"yoast_head":"<!-- This site is optimized with the Yoast SEO plugin v27.4 - https:\/\/yoast.com\/product\/yoast-seo-wordpress\/ -->\n<title>Piasta talerza roboczego kosiarki rotacyjnej 1,65m i 1,35m 1,85m - Exparto.pl<\/title>\n<meta name=\"robots\" content=\"index, follow, max-snippet:-1, max-image-preview:large, max-video-preview:-1\" \/>\n<link rel=\"canonical\" href=\"https:\/\/exparto.pl\/sk\/produkt\/piasta-talerza-roboczego-kosiarki-rotacyjnej-165m-i-135m-185m\/\" \/>\n<meta property=\"og:locale\" content=\"sk_SK\" \/>\n<meta property=\"og:type\" content=\"article\" \/>\n<meta property=\"og:title\" content=\"Piasta talerza roboczego kosiarki rotacyjnej 1,65m i 1,35m 1,85m - Exparto.pl\" \/>\n<meta property=\"og:description\" content=\"Piasta talerza roboczego\" \/>\n<meta property=\"og:url\" content=\"https:\/\/exparto.pl\/sk\/produkt\/piasta-talerza-roboczego-kosiarki-rotacyjnej-165m-i-135m-185m\/\" \/>\n<meta property=\"og:site_name\" content=\"Exparto.pl\" \/>\n<meta property=\"article:publisher\" content=\"https:\/\/www.facebook.com\/exparto.agro\/\" \/>\n<meta property=\"article:modified_time\" content=\"2026-01-21T11:32:38+00:00\" \/>\n<meta property=\"og:image\" content=\"https:\/\/exparto.pl\/wp-content\/uploads\/2024\/02\/b5b93d33ce787720855da5be9d1081ef.jpg\" \/>\n\t<meta property=\"og:image:width\" content=\"1000\" \/>\n\t<meta property=\"og:image:height\" content=\"1000\" \/>\n\t<meta property=\"og:image:type\" content=\"image\/jpeg\" \/>\n<meta name=\"twitter:card\" content=\"summary_large_image\" \/>\n<meta name=\"twitter:label1\" content=\"Predpokladan\u00fd \u010das \u010d\u00edtania\" \/>\n\t<meta name=\"twitter:data1\" content=\"2 min\u00faty\" \/>\n<script type=\"application\/ld+json\" class=\"yoast-schema-graph\">{\"@context\":\"https:\\\/\\\/schema.org\",\"@graph\":[{\"@type\":\"WebPage\",\"@id\":\"https:\\\/\\\/exparto.pl\\\/sk\\\/produkt\\\/piasta-talerza-roboczego-kosiarki-rotacyjnej-165m-i-135m-185m\\\/\",\"url\":\"https:\\\/\\\/exparto.pl\\\/sk\\\/produkt\\\/piasta-talerza-roboczego-kosiarki-rotacyjnej-165m-i-135m-185m\\\/\",\"name\":\"Piasta talerza roboczego kosiarki rotacyjnej 1,65m i 1,35m 1,85m - Exparto.pl\",\"isPartOf\":{\"@id\":\"https:\\\/\\\/exparto.pl\\\/sk\\\/#website\"},\"primaryImageOfPage\":{\"@id\":\"https:\\\/\\\/exparto.pl\\\/sk\\\/produkt\\\/piasta-talerza-roboczego-kosiarki-rotacyjnej-165m-i-135m-185m\\\/#primaryimage\"},\"image\":{\"@id\":\"https:\\\/\\\/exparto.pl\\\/sk\\\/produkt\\\/piasta-talerza-roboczego-kosiarki-rotacyjnej-165m-i-135m-185m\\\/#primaryimage\"},\"thumbnailUrl\":\"https:\\\/\\\/exparto.pl\\\/wp-content\\\/uploads\\\/2024\\\/02\\\/b5b93d33ce787720855da5be9d1081ef.jpg\",\"datePublished\":\"2024-02-19T17:51:38+00:00\",\"dateModified\":\"2026-01-21T11:32:38+00:00\",\"breadcrumb\":{\"@id\":\"https:\\\/\\\/exparto.pl\\\/sk\\\/produkt\\\/piasta-talerza-roboczego-kosiarki-rotacyjnej-165m-i-135m-185m\\\/#breadcrumb\"},\"inLanguage\":\"sk-SK\",\"potentialAction\":[{\"@type\":\"ReadAction\",\"target\":[\"https:\\\/\\\/exparto.pl\\\/sk\\\/produkt\\\/piasta-talerza-roboczego-kosiarki-rotacyjnej-165m-i-135m-185m\\\/\"]}]},{\"@type\":\"ImageObject\",\"inLanguage\":\"sk-SK\",\"@id\":\"https:\\\/\\\/exparto.pl\\\/sk\\\/produkt\\\/piasta-talerza-roboczego-kosiarki-rotacyjnej-165m-i-135m-185m\\\/#primaryimage\",\"url\":\"https:\\\/\\\/exparto.pl\\\/wp-content\\\/uploads\\\/2024\\\/02\\\/b5b93d33ce787720855da5be9d1081ef.jpg\",\"contentUrl\":\"https:\\\/\\\/exparto.pl\\\/wp-content\\\/uploads\\\/2024\\\/02\\\/b5b93d33ce787720855da5be9d1081ef.jpg\",\"width\":1000,\"height\":1000},{\"@type\":\"BreadcrumbList\",\"@id\":\"https:\\\/\\\/exparto.pl\\\/sk\\\/produkt\\\/piasta-talerza-roboczego-kosiarki-rotacyjnej-165m-i-135m-185m\\\/#breadcrumb\",\"itemListElement\":[{\"@type\":\"ListItem\",\"position\":1,\"name\":\"Domovsk\u00e1 str\u00e1nka\",\"item\":\"https:\\\/\\\/exparto.pl\\\/sk\\\/domovska-stranka\\\/\"},{\"@type\":\"ListItem\",\"position\":2,\"name\":\"Sklep\",\"item\":\"https:\\\/\\\/exparto.pl\\\/sklep\\\/\"},{\"@type\":\"ListItem\",\"position\":3,\"name\":\"N\u00e1hradn\u00e9 diely pre kosa\u010dky na tr\u00e1vu\",\"item\":\"https:\\\/\\\/exparto.pl\\\/sk\\\/kategoria-produktov\\\/nahradne-diely-pre-kosacky-na-travu\\\/\"},{\"@type\":\"ListItem\",\"position\":4,\"name\":\"Piasta talerza roboczego kosiarki rotacyjnej 1,65m i 1,35m 1,85m\"}]},{\"@type\":\"WebSite\",\"@id\":\"https:\\\/\\\/exparto.pl\\\/sk\\\/#website\",\"url\":\"https:\\\/\\\/exparto.pl\\\/sk\\\/\",\"name\":\"EXPARTO\",\"description\":\"More than agro parts\",\"publisher\":{\"@id\":\"https:\\\/\\\/exparto.pl\\\/sk\\\/#organization\"},\"potentialAction\":[{\"@type\":\"SearchAction\",\"target\":{\"@type\":\"EntryPoint\",\"urlTemplate\":\"https:\\\/\\\/exparto.pl\\\/sk\\\/?s={search_term_string}\"},\"query-input\":{\"@type\":\"PropertyValueSpecification\",\"valueRequired\":true,\"valueName\":\"search_term_string\"}}],\"inLanguage\":\"sk-SK\"},{\"@type\":\"Organization\",\"@id\":\"https:\\\/\\\/exparto.pl\\\/sk\\\/#organization\",\"name\":\"EXPARTO\",\"url\":\"https:\\\/\\\/exparto.pl\\\/sk\\\/\",\"logo\":{\"@type\":\"ImageObject\",\"inLanguage\":\"sk-SK\",\"@id\":\"https:\\\/\\\/exparto.pl\\\/sk\\\/#\\\/schema\\\/logo\\\/image\\\/\",\"url\":\"https:\\\/\\\/exparto.pl\\\/wp-content\\\/uploads\\\/2023\\\/02\\\/logo-wektor.png\",\"contentUrl\":\"https:\\\/\\\/exparto.pl\\\/wp-content\\\/uploads\\\/2023\\\/02\\\/logo-wektor.png\",\"width\":1338,\"height\":143,\"caption\":\"EXPARTO\"},\"image\":{\"@id\":\"https:\\\/\\\/exparto.pl\\\/sk\\\/#\\\/schema\\\/logo\\\/image\\\/\"},\"sameAs\":[\"https:\\\/\\\/www.facebook.com\\\/exparto.agro\\\/\"]}]}<\/script>\n<!-- \/ Yoast SEO plugin. -->","yoast_head_json":{"title":"Piasta talerza roboczego kosiarki rotacyjnej 1,65m i 1,35m 1,85m - Exparto.pl","robots":{"index":"index","follow":"follow","max-snippet":"max-snippet:-1","max-image-preview":"max-image-preview:large","max-video-preview":"max-video-preview:-1"},"canonical":"https:\/\/exparto.pl\/sk\/produkt\/piasta-talerza-roboczego-kosiarki-rotacyjnej-165m-i-135m-185m\/","og_locale":"sk_SK","og_type":"article","og_title":"Piasta talerza roboczego kosiarki rotacyjnej 1,65m i 1,35m 1,85m - Exparto.pl","og_description":"Piasta talerza roboczego","og_url":"https:\/\/exparto.pl\/sk\/produkt\/piasta-talerza-roboczego-kosiarki-rotacyjnej-165m-i-135m-185m\/","og_site_name":"Exparto.pl","article_publisher":"https:\/\/www.facebook.com\/exparto.agro\/","article_modified_time":"2026-01-21T11:32:38+00:00","og_image":[{"width":1000,"height":1000,"url":"https:\/\/exparto.pl\/wp-content\/uploads\/2024\/02\/b5b93d33ce787720855da5be9d1081ef.jpg","type":"image\/jpeg"}],"twitter_card":"summary_large_image","twitter_misc":{"Predpokladan\u00fd \u010das \u010d\u00edtania":"2 min\u00faty"},"schema":{"@context":"https:\/\/schema.org","@graph":[{"@type":"WebPage","@id":"https:\/\/exparto.pl\/sk\/produkt\/piasta-talerza-roboczego-kosiarki-rotacyjnej-165m-i-135m-185m\/","url":"https:\/\/exparto.pl\/sk\/produkt\/piasta-talerza-roboczego-kosiarki-rotacyjnej-165m-i-135m-185m\/","name":"Piasta talerza roboczego kosiarki rotacyjnej 1,65m i 1,35m 1,85m - Exparto.pl","isPartOf":{"@id":"https:\/\/exparto.pl\/sk\/#website"},"primaryImageOfPage":{"@id":"https:\/\/exparto.pl\/sk\/produkt\/piasta-talerza-roboczego-kosiarki-rotacyjnej-165m-i-135m-185m\/#primaryimage"},"image":{"@id":"https:\/\/exparto.pl\/sk\/produkt\/piasta-talerza-roboczego-kosiarki-rotacyjnej-165m-i-135m-185m\/#primaryimage"},"thumbnailUrl":"https:\/\/exparto.pl\/wp-content\/uploads\/2024\/02\/b5b93d33ce787720855da5be9d1081ef.jpg","datePublished":"2024-02-19T17:51:38+00:00","dateModified":"2026-01-21T11:32:38+00:00","breadcrumb":{"@id":"https:\/\/exparto.pl\/sk\/produkt\/piasta-talerza-roboczego-kosiarki-rotacyjnej-165m-i-135m-185m\/#breadcrumb"},"inLanguage":"sk-SK","potentialAction":[{"@type":"ReadAction","target":["https:\/\/exparto.pl\/sk\/produkt\/piasta-talerza-roboczego-kosiarki-rotacyjnej-165m-i-135m-185m\/"]}]},{"@type":"ImageObject","inLanguage":"sk-SK","@id":"https:\/\/exparto.pl\/sk\/produkt\/piasta-talerza-roboczego-kosiarki-rotacyjnej-165m-i-135m-185m\/#primaryimage","url":"https:\/\/exparto.pl\/wp-content\/uploads\/2024\/02\/b5b93d33ce787720855da5be9d1081ef.jpg","contentUrl":"https:\/\/exparto.pl\/wp-content\/uploads\/2024\/02\/b5b93d33ce787720855da5be9d1081ef.jpg","width":1000,"height":1000},{"@type":"BreadcrumbList","@id":"https:\/\/exparto.pl\/sk\/produkt\/piasta-talerza-roboczego-kosiarki-rotacyjnej-165m-i-135m-185m\/#breadcrumb","itemListElement":[{"@type":"ListItem","position":1,"name":"Domovsk\u00e1 str\u00e1nka","item":"https:\/\/exparto.pl\/sk\/domovska-stranka\/"},{"@type":"ListItem","position":2,"name":"Sklep","item":"https:\/\/exparto.pl\/sklep\/"},{"@type":"ListItem","position":3,"name":"N\u00e1hradn\u00e9 diely pre kosa\u010dky na tr\u00e1vu","item":"https:\/\/exparto.pl\/sk\/kategoria-produktov\/nahradne-diely-pre-kosacky-na-travu\/"},{"@type":"ListItem","position":4,"name":"Piasta talerza roboczego kosiarki rotacyjnej 1,65m i 1,35m 1,85m"}]},{"@type":"WebSite","@id":"https:\/\/exparto.pl\/sk\/#website","url":"https:\/\/exparto.pl\/sk\/","name":"EXPARTO","description":"More than agro parts","publisher":{"@id":"https:\/\/exparto.pl\/sk\/#organization"},"potentialAction":[{"@type":"SearchAction","target":{"@type":"EntryPoint","urlTemplate":"https:\/\/exparto.pl\/sk\/?s={search_term_string}"},"query-input":{"@type":"PropertyValueSpecification","valueRequired":true,"valueName":"search_term_string"}}],"inLanguage":"sk-SK"},{"@type":"Organization","@id":"https:\/\/exparto.pl\/sk\/#organization","name":"EXPARTO","url":"https:\/\/exparto.pl\/sk\/","logo":{"@type":"ImageObject","inLanguage":"sk-SK","@id":"https:\/\/exparto.pl\/sk\/#\/schema\/logo\/image\/","url":"https:\/\/exparto.pl\/wp-content\/uploads\/2023\/02\/logo-wektor.png","contentUrl":"https:\/\/exparto.pl\/wp-content\/uploads\/2023\/02\/logo-wektor.png","width":1338,"height":143,"caption":"EXPARTO"},"image":{"@id":"https:\/\/exparto.pl\/sk\/#\/schema\/logo\/image\/"},"sameAs":["https:\/\/www.facebook.com\/exparto.agro\/"]}]}},"_links":{"self":[{"href":"https:\/\/exparto.pl\/sk\/wp-json\/wp\/v2\/product\/21241","targetHints":{"allow":["GET"]}}],"collection":[{"href":"https:\/\/exparto.pl\/sk\/wp-json\/wp\/v2\/product"}],"about":[{"href":"https:\/\/exparto.pl\/sk\/wp-json\/wp\/v2\/types\/product"}],"replies":[{"embeddable":true,"href":"https:\/\/exparto.pl\/sk\/wp-json\/wp\/v2\/comments?post=21241"}],"wp:featuredmedia":[{"embeddable":true,"href":"https:\/\/exparto.pl\/sk\/wp-json\/wp\/v2\/media\/21221"}],"wp:attachment":[{"href":"https:\/\/exparto.pl\/sk\/wp-json\/wp\/v2\/media?parent=21241"}],"wp:term":[{"taxonomy":"product_brand","embeddable":true,"href":"https:\/\/exparto.pl\/sk\/wp-json\/wp\/v2\/product_brand?post=21241"},{"taxonomy":"product_cat","embeddable":true,"href":"https:\/\/exparto.pl\/sk\/wp-json\/wp\/v2\/product_cat?post=21241"},{"taxonomy":"product_tag","embeddable":true,"href":"https:\/\/exparto.pl\/sk\/wp-json\/wp\/v2\/product_tag?post=21241"}],"curies":[{"name":"wp","href":"https:\/\/api.w.org\/{rel}","templated":true}]}}