{"id":22053,"date":"2024-03-08T15:23:25","date_gmt":"2024-03-08T14:23:25","guid":{"rendered":"https:\/\/exparto.pl\/produkt\/resor-gumowy-duzy-135x108-balwanek-przyczepa-d47-d50\/"},"modified":"2026-03-04T09:00:31","modified_gmt":"2026-03-04T08:00:31","slug":"resor-gumowy-duzy-135x108-balwanek-przyczepa-d47-d50","status":"publish","type":"product","link":"https:\/\/exparto.pl\/sk\/produkt\/resor-gumowy-duzy-135x108-balwanek-przyczepa-d47-d50\/","title":{"rendered":"Resor gumowy du\u017cy 135&#215;108 ba\u0142wanek przyczepa D47, D50"},"content":{"rendered":"<p style=\"text-align: justify\">Odb\u00f3j resor gumowy do przyczep D-47, D-50.<\/p>\n<p style=\"text-align: justify\">Odb\u00f3j gumowy ma za zadanie chroni\u0107 <b>zawieszenie pojazdu<\/b>. Znajduje uniwersalne zastosowanie w przyczepach samochodowych, ci\u0119\u017carowych czy rolniczych. U\u017cyte do produkcji materia\u0142y sprawiaj\u0105, \u017ce odbojnik \u015bwietnie absorbuje wstrz\u0105sy. Cechuje si\u0119<b> wysok\u0105 odporno\u015bci\u0105<\/b> na warunki atmosferyczne i uszkodzenia mechaniczne.<\/p>\n<p style=\"text-align: justify\"><b>Zastosowanie:<\/b><\/p>\n<ul>\n<li style=\"text-align: justify\">przyczepa D-47, D-50<\/li>\n<li style=\"text-align: justify\">maszyny rolnicze<\/li>\n<\/ul>\n<div style=\"text-align: justify\"><b>Numer katalogowy:<\/b><\/div>\n<div style=\"text-align: justify\">\n<ul>\n<li>60500700<\/li>\n<\/ul>\n<\/div>\n","protected":false},"excerpt":{"rendered":"<p style=\"text-align: justify\">Odb\u00f3j resor gumowy do przyczep D-47, D-50<\/p>\n","protected":false},"featured_media":22038,"comment_status":"open","ping_status":"closed","template":"","meta":{"_acf_changed":false,"inline_featured_image":false},"product_brand":[],"product_cat":[50,746,747,738,739],"product_tag":[],"class_list":{"0":"post-22053","1":"product","2":"type-product","3":"status-publish","4":"has-post-thumbnail","6":"product_cat-czesci-do-przyczep","7":"product_cat-d-47","8":"product_cat-d-50","9":"product_cat-odboje-gumowe","10":"product_cat-d-35-d-47-d-50","12":"first","13":"instock","14":"taxable","15":"shipping-taxable","16":"purchasable","17":"product-type-simple"},"acf":[],"yoast_head":"<!-- This site is optimized with the Yoast SEO plugin v27.3 - https:\/\/yoast.com\/product\/yoast-seo-wordpress\/ -->\n<title>Resor gumowy du\u017cy 135x108 ba\u0142wanek przyczepa D47, D50 - Exparto.pl<\/title>\n<meta name=\"robots\" content=\"index, follow, max-snippet:-1, max-image-preview:large, max-video-preview:-1\" \/>\n<link rel=\"canonical\" href=\"https:\/\/exparto.pl\/sk\/produkt\/resor-gumowy-duzy-135x108-balwanek-przyczepa-d47-d50\/\" \/>\n<meta property=\"og:locale\" content=\"sk_SK\" \/>\n<meta property=\"og:type\" content=\"article\" \/>\n<meta property=\"og:title\" content=\"Resor gumowy du\u017cy 135x108 ba\u0142wanek przyczepa D47, D50 - Exparto.pl\" \/>\n<meta property=\"og:description\" content=\"Odb\u00f3j resor gumowy do przyczep D-47, D-50\" \/>\n<meta property=\"og:url\" content=\"https:\/\/exparto.pl\/sk\/produkt\/resor-gumowy-duzy-135x108-balwanek-przyczepa-d47-d50\/\" \/>\n<meta property=\"og:site_name\" content=\"Exparto.pl\" \/>\n<meta property=\"article:publisher\" content=\"https:\/\/www.facebook.com\/exparto.agro\/\" \/>\n<meta property=\"article:modified_time\" content=\"2026-03-04T08:00:31+00:00\" \/>\n<meta property=\"og:image\" content=\"https:\/\/exparto.pl\/wp-content\/uploads\/2024\/03\/35995b76d9f6908e9e9b6c80f41181ef.jpg\" \/>\n\t<meta property=\"og:image:width\" content=\"1000\" \/>\n\t<meta property=\"og:image:height\" content=\"1000\" \/>\n\t<meta property=\"og:image:type\" content=\"image\/jpeg\" \/>\n<meta name=\"twitter:card\" content=\"summary_large_image\" \/>\n<meta name=\"twitter:label1\" content=\"Predpokladan\u00fd \u010das \u010d\u00edtania\" \/>\n\t<meta name=\"twitter:data1\" content=\"1 min\u00fata\" \/>\n<script type=\"application\/ld+json\" class=\"yoast-schema-graph\">{\"@context\":\"https:\\\/\\\/schema.org\",\"@graph\":[{\"@type\":\"WebPage\",\"@id\":\"https:\\\/\\\/exparto.pl\\\/sk\\\/produkt\\\/resor-gumowy-duzy-135x108-balwanek-przyczepa-d47-d50\\\/\",\"url\":\"https:\\\/\\\/exparto.pl\\\/sk\\\/produkt\\\/resor-gumowy-duzy-135x108-balwanek-przyczepa-d47-d50\\\/\",\"name\":\"Resor gumowy du\u017cy 135x108 ba\u0142wanek przyczepa D47, D50 - Exparto.pl\",\"isPartOf\":{\"@id\":\"https:\\\/\\\/exparto.pl\\\/sk\\\/#website\"},\"primaryImageOfPage\":{\"@id\":\"https:\\\/\\\/exparto.pl\\\/sk\\\/produkt\\\/resor-gumowy-duzy-135x108-balwanek-przyczepa-d47-d50\\\/#primaryimage\"},\"image\":{\"@id\":\"https:\\\/\\\/exparto.pl\\\/sk\\\/produkt\\\/resor-gumowy-duzy-135x108-balwanek-przyczepa-d47-d50\\\/#primaryimage\"},\"thumbnailUrl\":\"https:\\\/\\\/exparto.pl\\\/wp-content\\\/uploads\\\/2024\\\/03\\\/35995b76d9f6908e9e9b6c80f41181ef.jpg\",\"datePublished\":\"2024-03-08T14:23:25+00:00\",\"dateModified\":\"2026-03-04T08:00:31+00:00\",\"breadcrumb\":{\"@id\":\"https:\\\/\\\/exparto.pl\\\/sk\\\/produkt\\\/resor-gumowy-duzy-135x108-balwanek-przyczepa-d47-d50\\\/#breadcrumb\"},\"inLanguage\":\"sk-SK\",\"potentialAction\":[{\"@type\":\"ReadAction\",\"target\":[\"https:\\\/\\\/exparto.pl\\\/sk\\\/produkt\\\/resor-gumowy-duzy-135x108-balwanek-przyczepa-d47-d50\\\/\"]}]},{\"@type\":\"ImageObject\",\"inLanguage\":\"sk-SK\",\"@id\":\"https:\\\/\\\/exparto.pl\\\/sk\\\/produkt\\\/resor-gumowy-duzy-135x108-balwanek-przyczepa-d47-d50\\\/#primaryimage\",\"url\":\"https:\\\/\\\/exparto.pl\\\/wp-content\\\/uploads\\\/2024\\\/03\\\/35995b76d9f6908e9e9b6c80f41181ef.jpg\",\"contentUrl\":\"https:\\\/\\\/exparto.pl\\\/wp-content\\\/uploads\\\/2024\\\/03\\\/35995b76d9f6908e9e9b6c80f41181ef.jpg\",\"width\":1000,\"height\":1000},{\"@type\":\"BreadcrumbList\",\"@id\":\"https:\\\/\\\/exparto.pl\\\/sk\\\/produkt\\\/resor-gumowy-duzy-135x108-balwanek-przyczepa-d47-d50\\\/#breadcrumb\",\"itemListElement\":[{\"@type\":\"ListItem\",\"position\":1,\"name\":\"Domovsk\u00e1 str\u00e1nka\",\"item\":\"https:\\\/\\\/exparto.pl\\\/sk\\\/domovska-stranka\\\/\"},{\"@type\":\"ListItem\",\"position\":2,\"name\":\"Sklep\",\"item\":\"https:\\\/\\\/exparto.pl\\\/sklep\\\/\"},{\"@type\":\"ListItem\",\"position\":3,\"name\":\"\u010casti pr\u00edvesu\",\"item\":\"https:\\\/\\\/exparto.pl\\\/sk\\\/kategoria-produktov\\\/casti-privesu\\\/\"},{\"@type\":\"ListItem\",\"position\":4,\"name\":\"Odbojniki i odboje gumowe\",\"item\":\"https:\\\/\\\/exparto.pl\\\/kategoria-produktu\\\/czesci-do-przyczep\\\/odboje-gumowe\\\/\"},{\"@type\":\"ListItem\",\"position\":5,\"name\":\"Resor gumowy du\u017cy 135&#215;108 ba\u0142wanek przyczepa D47, D50\"}]},{\"@type\":\"WebSite\",\"@id\":\"https:\\\/\\\/exparto.pl\\\/sk\\\/#website\",\"url\":\"https:\\\/\\\/exparto.pl\\\/sk\\\/\",\"name\":\"EXPARTO\",\"description\":\"More than agro parts\",\"publisher\":{\"@id\":\"https:\\\/\\\/exparto.pl\\\/sk\\\/#organization\"},\"potentialAction\":[{\"@type\":\"SearchAction\",\"target\":{\"@type\":\"EntryPoint\",\"urlTemplate\":\"https:\\\/\\\/exparto.pl\\\/sk\\\/?s={search_term_string}\"},\"query-input\":{\"@type\":\"PropertyValueSpecification\",\"valueRequired\":true,\"valueName\":\"search_term_string\"}}],\"inLanguage\":\"sk-SK\"},{\"@type\":\"Organization\",\"@id\":\"https:\\\/\\\/exparto.pl\\\/sk\\\/#organization\",\"name\":\"EXPARTO\",\"url\":\"https:\\\/\\\/exparto.pl\\\/sk\\\/\",\"logo\":{\"@type\":\"ImageObject\",\"inLanguage\":\"sk-SK\",\"@id\":\"https:\\\/\\\/exparto.pl\\\/sk\\\/#\\\/schema\\\/logo\\\/image\\\/\",\"url\":\"https:\\\/\\\/exparto.pl\\\/wp-content\\\/uploads\\\/2023\\\/02\\\/logo-wektor.png\",\"contentUrl\":\"https:\\\/\\\/exparto.pl\\\/wp-content\\\/uploads\\\/2023\\\/02\\\/logo-wektor.png\",\"width\":1338,\"height\":143,\"caption\":\"EXPARTO\"},\"image\":{\"@id\":\"https:\\\/\\\/exparto.pl\\\/sk\\\/#\\\/schema\\\/logo\\\/image\\\/\"},\"sameAs\":[\"https:\\\/\\\/www.facebook.com\\\/exparto.agro\\\/\"]}]}<\/script>\n<!-- \/ Yoast SEO plugin. -->","yoast_head_json":{"title":"Resor gumowy du\u017cy 135x108 ba\u0142wanek przyczepa D47, D50 - Exparto.pl","robots":{"index":"index","follow":"follow","max-snippet":"max-snippet:-1","max-image-preview":"max-image-preview:large","max-video-preview":"max-video-preview:-1"},"canonical":"https:\/\/exparto.pl\/sk\/produkt\/resor-gumowy-duzy-135x108-balwanek-przyczepa-d47-d50\/","og_locale":"sk_SK","og_type":"article","og_title":"Resor gumowy du\u017cy 135x108 ba\u0142wanek przyczepa D47, D50 - Exparto.pl","og_description":"Odb\u00f3j resor gumowy do przyczep D-47, D-50","og_url":"https:\/\/exparto.pl\/sk\/produkt\/resor-gumowy-duzy-135x108-balwanek-przyczepa-d47-d50\/","og_site_name":"Exparto.pl","article_publisher":"https:\/\/www.facebook.com\/exparto.agro\/","article_modified_time":"2026-03-04T08:00:31+00:00","og_image":[{"width":1000,"height":1000,"url":"https:\/\/exparto.pl\/wp-content\/uploads\/2024\/03\/35995b76d9f6908e9e9b6c80f41181ef.jpg","type":"image\/jpeg"}],"twitter_card":"summary_large_image","twitter_misc":{"Predpokladan\u00fd \u010das \u010d\u00edtania":"1 min\u00fata"},"schema":{"@context":"https:\/\/schema.org","@graph":[{"@type":"WebPage","@id":"https:\/\/exparto.pl\/sk\/produkt\/resor-gumowy-duzy-135x108-balwanek-przyczepa-d47-d50\/","url":"https:\/\/exparto.pl\/sk\/produkt\/resor-gumowy-duzy-135x108-balwanek-przyczepa-d47-d50\/","name":"Resor gumowy du\u017cy 135x108 ba\u0142wanek przyczepa D47, D50 - Exparto.pl","isPartOf":{"@id":"https:\/\/exparto.pl\/sk\/#website"},"primaryImageOfPage":{"@id":"https:\/\/exparto.pl\/sk\/produkt\/resor-gumowy-duzy-135x108-balwanek-przyczepa-d47-d50\/#primaryimage"},"image":{"@id":"https:\/\/exparto.pl\/sk\/produkt\/resor-gumowy-duzy-135x108-balwanek-przyczepa-d47-d50\/#primaryimage"},"thumbnailUrl":"https:\/\/exparto.pl\/wp-content\/uploads\/2024\/03\/35995b76d9f6908e9e9b6c80f41181ef.jpg","datePublished":"2024-03-08T14:23:25+00:00","dateModified":"2026-03-04T08:00:31+00:00","breadcrumb":{"@id":"https:\/\/exparto.pl\/sk\/produkt\/resor-gumowy-duzy-135x108-balwanek-przyczepa-d47-d50\/#breadcrumb"},"inLanguage":"sk-SK","potentialAction":[{"@type":"ReadAction","target":["https:\/\/exparto.pl\/sk\/produkt\/resor-gumowy-duzy-135x108-balwanek-przyczepa-d47-d50\/"]}]},{"@type":"ImageObject","inLanguage":"sk-SK","@id":"https:\/\/exparto.pl\/sk\/produkt\/resor-gumowy-duzy-135x108-balwanek-przyczepa-d47-d50\/#primaryimage","url":"https:\/\/exparto.pl\/wp-content\/uploads\/2024\/03\/35995b76d9f6908e9e9b6c80f41181ef.jpg","contentUrl":"https:\/\/exparto.pl\/wp-content\/uploads\/2024\/03\/35995b76d9f6908e9e9b6c80f41181ef.jpg","width":1000,"height":1000},{"@type":"BreadcrumbList","@id":"https:\/\/exparto.pl\/sk\/produkt\/resor-gumowy-duzy-135x108-balwanek-przyczepa-d47-d50\/#breadcrumb","itemListElement":[{"@type":"ListItem","position":1,"name":"Domovsk\u00e1 str\u00e1nka","item":"https:\/\/exparto.pl\/sk\/domovska-stranka\/"},{"@type":"ListItem","position":2,"name":"Sklep","item":"https:\/\/exparto.pl\/sklep\/"},{"@type":"ListItem","position":3,"name":"\u010casti pr\u00edvesu","item":"https:\/\/exparto.pl\/sk\/kategoria-produktov\/casti-privesu\/"},{"@type":"ListItem","position":4,"name":"Odbojniki i odboje gumowe","item":"https:\/\/exparto.pl\/kategoria-produktu\/czesci-do-przyczep\/odboje-gumowe\/"},{"@type":"ListItem","position":5,"name":"Resor gumowy du\u017cy 135&#215;108 ba\u0142wanek przyczepa D47, D50"}]},{"@type":"WebSite","@id":"https:\/\/exparto.pl\/sk\/#website","url":"https:\/\/exparto.pl\/sk\/","name":"EXPARTO","description":"More than agro parts","publisher":{"@id":"https:\/\/exparto.pl\/sk\/#organization"},"potentialAction":[{"@type":"SearchAction","target":{"@type":"EntryPoint","urlTemplate":"https:\/\/exparto.pl\/sk\/?s={search_term_string}"},"query-input":{"@type":"PropertyValueSpecification","valueRequired":true,"valueName":"search_term_string"}}],"inLanguage":"sk-SK"},{"@type":"Organization","@id":"https:\/\/exparto.pl\/sk\/#organization","name":"EXPARTO","url":"https:\/\/exparto.pl\/sk\/","logo":{"@type":"ImageObject","inLanguage":"sk-SK","@id":"https:\/\/exparto.pl\/sk\/#\/schema\/logo\/image\/","url":"https:\/\/exparto.pl\/wp-content\/uploads\/2023\/02\/logo-wektor.png","contentUrl":"https:\/\/exparto.pl\/wp-content\/uploads\/2023\/02\/logo-wektor.png","width":1338,"height":143,"caption":"EXPARTO"},"image":{"@id":"https:\/\/exparto.pl\/sk\/#\/schema\/logo\/image\/"},"sameAs":["https:\/\/www.facebook.com\/exparto.agro\/"]}]}},"_links":{"self":[{"href":"https:\/\/exparto.pl\/sk\/wp-json\/wp\/v2\/product\/22053","targetHints":{"allow":["GET"]}}],"collection":[{"href":"https:\/\/exparto.pl\/sk\/wp-json\/wp\/v2\/product"}],"about":[{"href":"https:\/\/exparto.pl\/sk\/wp-json\/wp\/v2\/types\/product"}],"replies":[{"embeddable":true,"href":"https:\/\/exparto.pl\/sk\/wp-json\/wp\/v2\/comments?post=22053"}],"wp:featuredmedia":[{"embeddable":true,"href":"https:\/\/exparto.pl\/sk\/wp-json\/wp\/v2\/media\/22038"}],"wp:attachment":[{"href":"https:\/\/exparto.pl\/sk\/wp-json\/wp\/v2\/media?parent=22053"}],"wp:term":[{"taxonomy":"product_brand","embeddable":true,"href":"https:\/\/exparto.pl\/sk\/wp-json\/wp\/v2\/product_brand?post=22053"},{"taxonomy":"product_cat","embeddable":true,"href":"https:\/\/exparto.pl\/sk\/wp-json\/wp\/v2\/product_cat?post=22053"},{"taxonomy":"product_tag","embeddable":true,"href":"https:\/\/exparto.pl\/sk\/wp-json\/wp\/v2\/product_tag?post=22053"}],"curies":[{"name":"wp","href":"https:\/\/api.w.org\/{rel}","templated":true}]}}