{"id":22168,"date":"2024-03-11T13:48:48","date_gmt":"2024-03-11T12:48:48","guid":{"rendered":"https:\/\/exparto.pl\/produkt\/noz-glebogryzarki-prawy-strumyk-bomet\/"},"modified":"2026-04-06T22:01:16","modified_gmt":"2026-04-06T20:01:16","slug":"noz-glebogryzarki-prawy-strumyk-bomet","status":"publish","type":"product","link":"https:\/\/exparto.pl\/sk\/produkt\/noz-glebogryzarki-prawy-strumyk-bomet\/","title":{"rendered":"N\u00f3\u017c glebogryzarki prawy Strumyk, Bomet"},"content":{"rendered":"<p><span style=\"text-align: justify\">N\u00f3\u017c do glebogryzarki<\/span><span style=\"text-align: justify\">\u00a0to<b> metalowy element<\/b>, kt\u00f3ry jest u\u017cywany do przecinania i rozdrabniania ziemi podczas pracy glebogryzarki. N\u00f3\u017c ten wykonany z<b>\u00a0<\/b><\/span><span style=\"text-align: justify\"><b>wysokiej jako\u015bci stali lub stopu<\/b><\/span><span style=\"text-align: justify\">. N\u00f3\u017c do glebogryzarki ma zwykle kszta\u0142t tr\u00f3jk\u0105ta lub liter L, co umo\u017cliwia mu skuteczne przecinanie. Wa\u017cnym elementem no\u017ca do glebogryzarki jest jego mocowanie. No\u017ce te s\u0105 zwykle mocowane na wa\u0142ku glebogryzarki, co zapewnia im\u00a0<\/span><span style=\"text-align: justify\"><b>efektywn\u0105 pr\u0119dko\u015b\u0107 i si\u0142\u0119<\/b> potrzebn\u0105 do przecinania ziemi<\/span><span style=\"text-align: justify\">. Mocowanie no\u017ca musi by\u0107 solidne i trwa\u0142e, aby m\u00f3c funkcjonowa\u0107 podczas pracy.<\/span><\/p>\n<p><span style=\"text-align: justify\"><b>Zastosowanie:<\/b><\/span><\/p>\n<ul>\n<li><span style=\"text-align: justify\">Pasuje do glebogryzarek Strumyk<\/span><\/li>\n<li style=\"text-align: justify\">Pasuje do glebogryzarek Bomet z nap\u0119dem bocznym<\/li>\n<\/ul>\n","protected":false},"excerpt":{"rendered":"<p style=\"text-align: justify\">N\u00f3\u017c do glebogryzarki prawy<\/p>\n","protected":false},"featured_media":22163,"comment_status":"open","ping_status":"closed","template":"","meta":{"_acf_changed":false,"inline_featured_image":false},"product_brand":[],"product_cat":[86],"product_tag":[],"class_list":{"0":"post-22168","1":"product","2":"type-product","3":"status-publish","4":"has-post-thumbnail","6":"product_cat-czesci-do-glebogryzarki","8":"first","9":"instock","10":"taxable","11":"shipping-taxable","12":"purchasable","13":"product-type-simple"},"acf":[],"yoast_head":"<!-- This site is optimized with the Yoast SEO plugin v27.3 - https:\/\/yoast.com\/product\/yoast-seo-wordpress\/ -->\n<title>N\u00f3\u017c glebogryzarki prawy Strumyk, Bomet - Exparto.pl<\/title>\n<meta name=\"robots\" content=\"index, follow, max-snippet:-1, max-image-preview:large, max-video-preview:-1\" \/>\n<link rel=\"canonical\" href=\"https:\/\/exparto.pl\/sk\/produkt\/noz-glebogryzarki-prawy-strumyk-bomet\/\" \/>\n<meta property=\"og:locale\" content=\"sk_SK\" \/>\n<meta property=\"og:type\" content=\"article\" \/>\n<meta property=\"og:title\" content=\"N\u00f3\u017c glebogryzarki prawy Strumyk, Bomet - Exparto.pl\" \/>\n<meta property=\"og:description\" content=\"N\u00f3\u017c do glebogryzarki prawy\" \/>\n<meta property=\"og:url\" content=\"https:\/\/exparto.pl\/sk\/produkt\/noz-glebogryzarki-prawy-strumyk-bomet\/\" \/>\n<meta property=\"og:site_name\" content=\"Exparto.pl\" \/>\n<meta property=\"article:publisher\" content=\"https:\/\/www.facebook.com\/exparto.agro\/\" \/>\n<meta property=\"article:modified_time\" content=\"2026-04-06T20:01:16+00:00\" \/>\n<meta property=\"og:image\" content=\"https:\/\/exparto.pl\/wp-content\/uploads\/2024\/03\/81d8a7009027a4bbc90dd2a2d619033d-rotated.jpg\" \/>\n\t<meta property=\"og:image:width\" content=\"1000\" \/>\n\t<meta property=\"og:image:height\" content=\"1000\" \/>\n\t<meta property=\"og:image:type\" content=\"image\/jpeg\" \/>\n<meta name=\"twitter:card\" content=\"summary_large_image\" \/>\n<meta name=\"twitter:label1\" content=\"Predpokladan\u00fd \u010das \u010d\u00edtania\" \/>\n\t<meta name=\"twitter:data1\" content=\"1 min\u00fata\" \/>\n<script type=\"application\/ld+json\" class=\"yoast-schema-graph\">{\"@context\":\"https:\\\/\\\/schema.org\",\"@graph\":[{\"@type\":\"WebPage\",\"@id\":\"https:\\\/\\\/exparto.pl\\\/sk\\\/produkt\\\/noz-glebogryzarki-prawy-strumyk-bomet\\\/\",\"url\":\"https:\\\/\\\/exparto.pl\\\/sk\\\/produkt\\\/noz-glebogryzarki-prawy-strumyk-bomet\\\/\",\"name\":\"N\u00f3\u017c glebogryzarki prawy Strumyk, Bomet - Exparto.pl\",\"isPartOf\":{\"@id\":\"https:\\\/\\\/exparto.pl\\\/sk\\\/#website\"},\"primaryImageOfPage\":{\"@id\":\"https:\\\/\\\/exparto.pl\\\/sk\\\/produkt\\\/noz-glebogryzarki-prawy-strumyk-bomet\\\/#primaryimage\"},\"image\":{\"@id\":\"https:\\\/\\\/exparto.pl\\\/sk\\\/produkt\\\/noz-glebogryzarki-prawy-strumyk-bomet\\\/#primaryimage\"},\"thumbnailUrl\":\"https:\\\/\\\/exparto.pl\\\/wp-content\\\/uploads\\\/2024\\\/03\\\/81d8a7009027a4bbc90dd2a2d619033d-rotated.jpg\",\"datePublished\":\"2024-03-11T12:48:48+00:00\",\"dateModified\":\"2026-04-06T20:01:16+00:00\",\"breadcrumb\":{\"@id\":\"https:\\\/\\\/exparto.pl\\\/sk\\\/produkt\\\/noz-glebogryzarki-prawy-strumyk-bomet\\\/#breadcrumb\"},\"inLanguage\":\"sk-SK\",\"potentialAction\":[{\"@type\":\"ReadAction\",\"target\":[\"https:\\\/\\\/exparto.pl\\\/sk\\\/produkt\\\/noz-glebogryzarki-prawy-strumyk-bomet\\\/\"]}]},{\"@type\":\"ImageObject\",\"inLanguage\":\"sk-SK\",\"@id\":\"https:\\\/\\\/exparto.pl\\\/sk\\\/produkt\\\/noz-glebogryzarki-prawy-strumyk-bomet\\\/#primaryimage\",\"url\":\"https:\\\/\\\/exparto.pl\\\/wp-content\\\/uploads\\\/2024\\\/03\\\/81d8a7009027a4bbc90dd2a2d619033d-rotated.jpg\",\"contentUrl\":\"https:\\\/\\\/exparto.pl\\\/wp-content\\\/uploads\\\/2024\\\/03\\\/81d8a7009027a4bbc90dd2a2d619033d-rotated.jpg\",\"width\":1000,\"height\":1000},{\"@type\":\"BreadcrumbList\",\"@id\":\"https:\\\/\\\/exparto.pl\\\/sk\\\/produkt\\\/noz-glebogryzarki-prawy-strumyk-bomet\\\/#breadcrumb\",\"itemListElement\":[{\"@type\":\"ListItem\",\"position\":1,\"name\":\"Domovsk\u00e1 str\u00e1nka\",\"item\":\"https:\\\/\\\/exparto.pl\\\/sk\\\/domovska-stranka\\\/\"},{\"@type\":\"ListItem\",\"position\":2,\"name\":\"Sklep\",\"item\":\"https:\\\/\\\/exparto.pl\\\/sklep\\\/\"},{\"@type\":\"ListItem\",\"position\":3,\"name\":\"\u010casti podstavca\",\"item\":\"https:\\\/\\\/exparto.pl\\\/sk\\\/kategoria-produktov\\\/casti-podstavca\\\/\"},{\"@type\":\"ListItem\",\"position\":4,\"name\":\"N\u00f3\u017c glebogryzarki prawy Strumyk, Bomet\"}]},{\"@type\":\"WebSite\",\"@id\":\"https:\\\/\\\/exparto.pl\\\/sk\\\/#website\",\"url\":\"https:\\\/\\\/exparto.pl\\\/sk\\\/\",\"name\":\"EXPARTO\",\"description\":\"More than agro parts\",\"publisher\":{\"@id\":\"https:\\\/\\\/exparto.pl\\\/sk\\\/#organization\"},\"potentialAction\":[{\"@type\":\"SearchAction\",\"target\":{\"@type\":\"EntryPoint\",\"urlTemplate\":\"https:\\\/\\\/exparto.pl\\\/sk\\\/?s={search_term_string}\"},\"query-input\":{\"@type\":\"PropertyValueSpecification\",\"valueRequired\":true,\"valueName\":\"search_term_string\"}}],\"inLanguage\":\"sk-SK\"},{\"@type\":\"Organization\",\"@id\":\"https:\\\/\\\/exparto.pl\\\/sk\\\/#organization\",\"name\":\"EXPARTO\",\"url\":\"https:\\\/\\\/exparto.pl\\\/sk\\\/\",\"logo\":{\"@type\":\"ImageObject\",\"inLanguage\":\"sk-SK\",\"@id\":\"https:\\\/\\\/exparto.pl\\\/sk\\\/#\\\/schema\\\/logo\\\/image\\\/\",\"url\":\"https:\\\/\\\/exparto.pl\\\/wp-content\\\/uploads\\\/2023\\\/02\\\/logo-wektor.png\",\"contentUrl\":\"https:\\\/\\\/exparto.pl\\\/wp-content\\\/uploads\\\/2023\\\/02\\\/logo-wektor.png\",\"width\":1338,\"height\":143,\"caption\":\"EXPARTO\"},\"image\":{\"@id\":\"https:\\\/\\\/exparto.pl\\\/sk\\\/#\\\/schema\\\/logo\\\/image\\\/\"},\"sameAs\":[\"https:\\\/\\\/www.facebook.com\\\/exparto.agro\\\/\"]}]}<\/script>\n<!-- \/ Yoast SEO plugin. -->","yoast_head_json":{"title":"N\u00f3\u017c glebogryzarki prawy Strumyk, Bomet - Exparto.pl","robots":{"index":"index","follow":"follow","max-snippet":"max-snippet:-1","max-image-preview":"max-image-preview:large","max-video-preview":"max-video-preview:-1"},"canonical":"https:\/\/exparto.pl\/sk\/produkt\/noz-glebogryzarki-prawy-strumyk-bomet\/","og_locale":"sk_SK","og_type":"article","og_title":"N\u00f3\u017c glebogryzarki prawy Strumyk, Bomet - Exparto.pl","og_description":"N\u00f3\u017c do glebogryzarki prawy","og_url":"https:\/\/exparto.pl\/sk\/produkt\/noz-glebogryzarki-prawy-strumyk-bomet\/","og_site_name":"Exparto.pl","article_publisher":"https:\/\/www.facebook.com\/exparto.agro\/","article_modified_time":"2026-04-06T20:01:16+00:00","og_image":[{"width":1000,"height":1000,"url":"https:\/\/exparto.pl\/wp-content\/uploads\/2024\/03\/81d8a7009027a4bbc90dd2a2d619033d-rotated.jpg","type":"image\/jpeg"}],"twitter_card":"summary_large_image","twitter_misc":{"Predpokladan\u00fd \u010das \u010d\u00edtania":"1 min\u00fata"},"schema":{"@context":"https:\/\/schema.org","@graph":[{"@type":"WebPage","@id":"https:\/\/exparto.pl\/sk\/produkt\/noz-glebogryzarki-prawy-strumyk-bomet\/","url":"https:\/\/exparto.pl\/sk\/produkt\/noz-glebogryzarki-prawy-strumyk-bomet\/","name":"N\u00f3\u017c glebogryzarki prawy Strumyk, Bomet - Exparto.pl","isPartOf":{"@id":"https:\/\/exparto.pl\/sk\/#website"},"primaryImageOfPage":{"@id":"https:\/\/exparto.pl\/sk\/produkt\/noz-glebogryzarki-prawy-strumyk-bomet\/#primaryimage"},"image":{"@id":"https:\/\/exparto.pl\/sk\/produkt\/noz-glebogryzarki-prawy-strumyk-bomet\/#primaryimage"},"thumbnailUrl":"https:\/\/exparto.pl\/wp-content\/uploads\/2024\/03\/81d8a7009027a4bbc90dd2a2d619033d-rotated.jpg","datePublished":"2024-03-11T12:48:48+00:00","dateModified":"2026-04-06T20:01:16+00:00","breadcrumb":{"@id":"https:\/\/exparto.pl\/sk\/produkt\/noz-glebogryzarki-prawy-strumyk-bomet\/#breadcrumb"},"inLanguage":"sk-SK","potentialAction":[{"@type":"ReadAction","target":["https:\/\/exparto.pl\/sk\/produkt\/noz-glebogryzarki-prawy-strumyk-bomet\/"]}]},{"@type":"ImageObject","inLanguage":"sk-SK","@id":"https:\/\/exparto.pl\/sk\/produkt\/noz-glebogryzarki-prawy-strumyk-bomet\/#primaryimage","url":"https:\/\/exparto.pl\/wp-content\/uploads\/2024\/03\/81d8a7009027a4bbc90dd2a2d619033d-rotated.jpg","contentUrl":"https:\/\/exparto.pl\/wp-content\/uploads\/2024\/03\/81d8a7009027a4bbc90dd2a2d619033d-rotated.jpg","width":1000,"height":1000},{"@type":"BreadcrumbList","@id":"https:\/\/exparto.pl\/sk\/produkt\/noz-glebogryzarki-prawy-strumyk-bomet\/#breadcrumb","itemListElement":[{"@type":"ListItem","position":1,"name":"Domovsk\u00e1 str\u00e1nka","item":"https:\/\/exparto.pl\/sk\/domovska-stranka\/"},{"@type":"ListItem","position":2,"name":"Sklep","item":"https:\/\/exparto.pl\/sklep\/"},{"@type":"ListItem","position":3,"name":"\u010casti podstavca","item":"https:\/\/exparto.pl\/sk\/kategoria-produktov\/casti-podstavca\/"},{"@type":"ListItem","position":4,"name":"N\u00f3\u017c glebogryzarki prawy Strumyk, Bomet"}]},{"@type":"WebSite","@id":"https:\/\/exparto.pl\/sk\/#website","url":"https:\/\/exparto.pl\/sk\/","name":"EXPARTO","description":"More than agro parts","publisher":{"@id":"https:\/\/exparto.pl\/sk\/#organization"},"potentialAction":[{"@type":"SearchAction","target":{"@type":"EntryPoint","urlTemplate":"https:\/\/exparto.pl\/sk\/?s={search_term_string}"},"query-input":{"@type":"PropertyValueSpecification","valueRequired":true,"valueName":"search_term_string"}}],"inLanguage":"sk-SK"},{"@type":"Organization","@id":"https:\/\/exparto.pl\/sk\/#organization","name":"EXPARTO","url":"https:\/\/exparto.pl\/sk\/","logo":{"@type":"ImageObject","inLanguage":"sk-SK","@id":"https:\/\/exparto.pl\/sk\/#\/schema\/logo\/image\/","url":"https:\/\/exparto.pl\/wp-content\/uploads\/2023\/02\/logo-wektor.png","contentUrl":"https:\/\/exparto.pl\/wp-content\/uploads\/2023\/02\/logo-wektor.png","width":1338,"height":143,"caption":"EXPARTO"},"image":{"@id":"https:\/\/exparto.pl\/sk\/#\/schema\/logo\/image\/"},"sameAs":["https:\/\/www.facebook.com\/exparto.agro\/"]}]}},"_links":{"self":[{"href":"https:\/\/exparto.pl\/sk\/wp-json\/wp\/v2\/product\/22168","targetHints":{"allow":["GET"]}}],"collection":[{"href":"https:\/\/exparto.pl\/sk\/wp-json\/wp\/v2\/product"}],"about":[{"href":"https:\/\/exparto.pl\/sk\/wp-json\/wp\/v2\/types\/product"}],"replies":[{"embeddable":true,"href":"https:\/\/exparto.pl\/sk\/wp-json\/wp\/v2\/comments?post=22168"}],"wp:featuredmedia":[{"embeddable":true,"href":"https:\/\/exparto.pl\/sk\/wp-json\/wp\/v2\/media\/22163"}],"wp:attachment":[{"href":"https:\/\/exparto.pl\/sk\/wp-json\/wp\/v2\/media?parent=22168"}],"wp:term":[{"taxonomy":"product_brand","embeddable":true,"href":"https:\/\/exparto.pl\/sk\/wp-json\/wp\/v2\/product_brand?post=22168"},{"taxonomy":"product_cat","embeddable":true,"href":"https:\/\/exparto.pl\/sk\/wp-json\/wp\/v2\/product_cat?post=22168"},{"taxonomy":"product_tag","embeddable":true,"href":"https:\/\/exparto.pl\/sk\/wp-json\/wp\/v2\/product_tag?post=22168"}],"curies":[{"name":"wp","href":"https:\/\/api.w.org\/{rel}","templated":true}]}}