{"id":22339,"date":"2024-03-13T19:48:44","date_gmt":"2024-03-13T18:48:44","guid":{"rendered":"https:\/\/exparto.pl\/produkt\/lemiesz-1023-wzmocniony-poszerzony-plug-unia-atlas\/"},"modified":"2026-03-23T15:00:28","modified_gmt":"2026-03-23T14:00:28","slug":"lemiesz-1023-wzmocniony-poszerzony-plug-unia-atlas","status":"publish","type":"product","link":"https:\/\/exparto.pl\/sk\/produkt\/lemiesz-1023-wzmocniony-poszerzony-plug-unia-atlas\/","title":{"rendered":"Lemiesz 1023 wzmocniony poszerzony p\u0142ug Unia, Atlas"},"content":{"rendered":"<p><span style=\"font-weight: 400\">Zale\u017cy Ci na wygodnej, efektywnej i bezpiecznej pracy w polu? Koniecznie zadbaj o najwy\u017csz\u0105 sprawno\u015b\u0107 p\u0142uga rolniczego. Zrobisz to, korzystaj\u0105c z oferty cz\u0119\u015bci przygotowanych przez EXPARTO. <\/span><b>Tu proponujemy Ci dedykowany lemiesz do p\u0142uga w wersji poszerzonej i wzmocnionej<\/b><span style=\"font-weight: 400\">. Pasuje do maszyn producent\u00f3w Atlas i Unia. Poznaj jego charakterystyk\u0119.\u00a0<\/span><\/p>\n<h2><span style=\"font-weight: 400\">Lemiesz do p\u0142uga 1023 \u2013 wzmocniony, poszerzony \u2013 Unia, Atlas<\/span><\/h2>\n<p><b>Lemiesze do p\u0142uga to intensywnie u\u017cytkowane elementy robocze maszyny<\/b><span style=\"font-weight: 400\">. To one odpowiadaj\u0105 za zrywanie i odwracanie wierzchniej warstwy gleby podczas orki. Te prace agrarne wp\u0142ywaj\u0105 na spulchnienie i kruszenie ziemi oraz poprawiaj\u0105 jej w\u0142a\u015bciwo\u015bci. <\/span><b>W ten spos\u00f3b przygotowuje si\u0119 gleb\u0119 pod kolejny wysiew lub doprowadza j\u0105 do dobrego stanu po \u017cniwach<\/b><span style=\"font-weight: 400\">. Im lepszy lemiesz p\u0142uga, tym prace te s\u0105 wygodniejsze, wydajniejsze i bezpieczniejsze.\u00a0<\/span><\/p>\n<p><span style=\"font-weight: 400\">Dbaj\u0105c o potrzeby rolnik\u00f3w, <\/span><b>przygotowali\u015bmy wysokiej jako\u015bci lemiesz do p\u0142uga 1023<\/b><span style=\"font-weight: 400\">. To element poszerzany, kt\u00f3ry wyposa\u017cono w dzi\u00f3b. Otwory w nim rozmieszczono co 11,5 centymetra. <\/span><b>Taka konstrukcja wykorzystywana jest jako lemiesz do p\u0142uga Atlas lub lemiesz do p\u0142uga Unia<\/b><span style=\"font-weight: 400\">. W Twoje r\u0119ce trafia cz\u0119\u015b\u0107 <\/span><b>wykonana z powierzchniowo hartowanej i walcowanej stali<\/b><span style=\"font-weight: 400\">, kt\u00f3ra charakteryzuje si\u0119 wysok\u0105 odporno\u015bci\u0105 na \u015bcieranie. Lemiesze od EXPARTO spe\u0142niaj\u0105 najwy\u017csze standardy rynkowe.\u00a0<\/span><\/p>\n<p><span style=\"font-weight: 400\">Chcesz poprawi\u0107 efektywno\u015b\u0107 orki w gospodarstwie rolnym? <\/span><b>Skorzystaj z naszej oferty starannie wyselekcjonowanych cz\u0119\u015bci do p\u0142ug\u00f3w i innych maszyn rolniczych<\/b><span style=\"font-weight: 400\">.\u00a0<\/span><\/p>\n<p><b>Zastosowanie<\/b><span style=\"font-weight: 400\">:<\/span><\/p>\n<p><span style=\"font-weight: 400\">Pasuje do p\u0142ug\u00f3w Unia, Atlas<\/span><\/p>\n","protected":false},"excerpt":{"rendered":"<p style=\"text-align: justify\">Lemiesz 1023 wzmocniony niebieski<\/p>\n","protected":false},"featured_media":22318,"comment_status":"open","ping_status":"closed","template":"","meta":{"_acf_changed":false,"inline_featured_image":false},"product_brand":[],"product_cat":[765,772,935],"product_tag":[],"class_list":{"0":"post-22339","1":"product","2":"type-product","3":"status-publish","4":"has-post-thumbnail","6":"product_cat-czesci-do-plugow","7":"product_cat-lemiesze-do-pluga","8":"product_cat-lemiesze-prawe","10":"first","11":"instock","12":"taxable","13":"shipping-taxable","14":"purchasable","15":"product-type-simple"},"acf":[],"yoast_head":"<!-- This site is optimized with the Yoast SEO plugin v27.2 - https:\/\/yoast.com\/product\/yoast-seo-wordpress\/ -->\n<title>Lemiesz 1023 wzmocniony poszerzony p\u0142ug Unia, Atlas - Exparto.pl<\/title>\n<meta name=\"robots\" content=\"index, follow, max-snippet:-1, max-image-preview:large, max-video-preview:-1\" \/>\n<link rel=\"canonical\" href=\"https:\/\/exparto.pl\/sk\/produkt\/lemiesz-1023-wzmocniony-poszerzony-plug-unia-atlas\/\" \/>\n<meta property=\"og:locale\" content=\"sk_SK\" \/>\n<meta property=\"og:type\" content=\"article\" \/>\n<meta property=\"og:title\" content=\"Lemiesz 1023 wzmocniony poszerzony p\u0142ug Unia, Atlas - Exparto.pl\" \/>\n<meta property=\"og:description\" content=\"Lemiesz 1023 wzmocniony niebieski\" \/>\n<meta property=\"og:url\" content=\"https:\/\/exparto.pl\/sk\/produkt\/lemiesz-1023-wzmocniony-poszerzony-plug-unia-atlas\/\" \/>\n<meta property=\"og:site_name\" content=\"Exparto.pl\" \/>\n<meta property=\"article:publisher\" content=\"https:\/\/www.facebook.com\/exparto.agro\/\" \/>\n<meta property=\"article:modified_time\" content=\"2026-03-23T14:00:28+00:00\" \/>\n<meta property=\"og:image\" content=\"https:\/\/exparto.pl\/wp-content\/uploads\/2024\/03\/067be017bafbf1843a7bb7d36a8df645.jpg\" \/>\n\t<meta property=\"og:image:width\" content=\"1200\" \/>\n\t<meta property=\"og:image:height\" content=\"1200\" \/>\n\t<meta property=\"og:image:type\" content=\"image\/jpeg\" \/>\n<meta name=\"twitter:card\" content=\"summary_large_image\" \/>\n<meta name=\"twitter:label1\" content=\"Predpokladan\u00fd \u010das \u010d\u00edtania\" \/>\n\t<meta name=\"twitter:data1\" content=\"2 min\u00faty\" \/>\n<script type=\"application\/ld+json\" class=\"yoast-schema-graph\">{\"@context\":\"https:\/\/schema.org\",\"@graph\":[{\"@type\":\"WebPage\",\"@id\":\"https:\/\/exparto.pl\/sk\/produkt\/lemiesz-1023-wzmocniony-poszerzony-plug-unia-atlas\/\",\"url\":\"https:\/\/exparto.pl\/sk\/produkt\/lemiesz-1023-wzmocniony-poszerzony-plug-unia-atlas\/\",\"name\":\"Lemiesz 1023 wzmocniony poszerzony p\u0142ug Unia, Atlas - Exparto.pl\",\"isPartOf\":{\"@id\":\"https:\/\/exparto.pl\/sk\/#website\"},\"primaryImageOfPage\":{\"@id\":\"https:\/\/exparto.pl\/sk\/produkt\/lemiesz-1023-wzmocniony-poszerzony-plug-unia-atlas\/#primaryimage\"},\"image\":{\"@id\":\"https:\/\/exparto.pl\/sk\/produkt\/lemiesz-1023-wzmocniony-poszerzony-plug-unia-atlas\/#primaryimage\"},\"thumbnailUrl\":\"https:\/\/exparto.pl\/wp-content\/uploads\/2024\/03\/067be017bafbf1843a7bb7d36a8df645.jpg\",\"datePublished\":\"2024-03-13T18:48:44+00:00\",\"dateModified\":\"2026-03-23T14:00:28+00:00\",\"breadcrumb\":{\"@id\":\"https:\/\/exparto.pl\/sk\/produkt\/lemiesz-1023-wzmocniony-poszerzony-plug-unia-atlas\/#breadcrumb\"},\"inLanguage\":\"sk-SK\",\"potentialAction\":[{\"@type\":\"ReadAction\",\"target\":[\"https:\/\/exparto.pl\/sk\/produkt\/lemiesz-1023-wzmocniony-poszerzony-plug-unia-atlas\/\"]}]},{\"@type\":\"ImageObject\",\"inLanguage\":\"sk-SK\",\"@id\":\"https:\/\/exparto.pl\/sk\/produkt\/lemiesz-1023-wzmocniony-poszerzony-plug-unia-atlas\/#primaryimage\",\"url\":\"https:\/\/exparto.pl\/wp-content\/uploads\/2024\/03\/067be017bafbf1843a7bb7d36a8df645.jpg\",\"contentUrl\":\"https:\/\/exparto.pl\/wp-content\/uploads\/2024\/03\/067be017bafbf1843a7bb7d36a8df645.jpg\",\"width\":1200,\"height\":1200},{\"@type\":\"BreadcrumbList\",\"@id\":\"https:\/\/exparto.pl\/sk\/produkt\/lemiesz-1023-wzmocniony-poszerzony-plug-unia-atlas\/#breadcrumb\",\"itemListElement\":[{\"@type\":\"ListItem\",\"position\":1,\"name\":\"Domovsk\u00e1 str\u00e1nka\",\"item\":\"https:\/\/exparto.pl\/sk\/domovska-stranka\/\"},{\"@type\":\"ListItem\",\"position\":2,\"name\":\"Sklep\",\"item\":\"https:\/\/exparto.pl\/sklep\/\"},{\"@type\":\"ListItem\",\"position\":3,\"name\":\"\u010casti pluhu\",\"item\":\"https:\/\/exparto.pl\/sk\/kategoria-produktov\/casti-pluhu\/\"},{\"@type\":\"ListItem\",\"position\":4,\"name\":\"\u010cepele pluhu\",\"item\":\"https:\/\/exparto.pl\/sk\/kategoria-produktov\/casti-pluhu\/cepele-pluhu\/\"},{\"@type\":\"ListItem\",\"position\":5,\"name\":\"Lemiesz 1023 wzmocniony poszerzony p\u0142ug Unia, Atlas\"}]},{\"@type\":\"WebSite\",\"@id\":\"https:\/\/exparto.pl\/sk\/#website\",\"url\":\"https:\/\/exparto.pl\/sk\/\",\"name\":\"EXPARTO\",\"description\":\"More than agro parts\",\"publisher\":{\"@id\":\"https:\/\/exparto.pl\/sk\/#organization\"},\"potentialAction\":[{\"@type\":\"SearchAction\",\"target\":{\"@type\":\"EntryPoint\",\"urlTemplate\":\"https:\/\/exparto.pl\/sk\/?s={search_term_string}\"},\"query-input\":{\"@type\":\"PropertyValueSpecification\",\"valueRequired\":true,\"valueName\":\"search_term_string\"}}],\"inLanguage\":\"sk-SK\"},{\"@type\":\"Organization\",\"@id\":\"https:\/\/exparto.pl\/sk\/#organization\",\"name\":\"EXPARTO\",\"url\":\"https:\/\/exparto.pl\/sk\/\",\"logo\":{\"@type\":\"ImageObject\",\"inLanguage\":\"sk-SK\",\"@id\":\"https:\/\/exparto.pl\/sk\/#\/schema\/logo\/image\/\",\"url\":\"https:\/\/exparto.pl\/wp-content\/uploads\/2023\/02\/logo-wektor.png\",\"contentUrl\":\"https:\/\/exparto.pl\/wp-content\/uploads\/2023\/02\/logo-wektor.png\",\"width\":1338,\"height\":143,\"caption\":\"EXPARTO\"},\"image\":{\"@id\":\"https:\/\/exparto.pl\/sk\/#\/schema\/logo\/image\/\"},\"sameAs\":[\"https:\/\/www.facebook.com\/exparto.agro\/\"]}]}<\/script>\n<!-- \/ Yoast SEO plugin. -->","yoast_head_json":{"title":"Lemiesz 1023 wzmocniony poszerzony p\u0142ug Unia, Atlas - Exparto.pl","robots":{"index":"index","follow":"follow","max-snippet":"max-snippet:-1","max-image-preview":"max-image-preview:large","max-video-preview":"max-video-preview:-1"},"canonical":"https:\/\/exparto.pl\/sk\/produkt\/lemiesz-1023-wzmocniony-poszerzony-plug-unia-atlas\/","og_locale":"sk_SK","og_type":"article","og_title":"Lemiesz 1023 wzmocniony poszerzony p\u0142ug Unia, Atlas - Exparto.pl","og_description":"Lemiesz 1023 wzmocniony niebieski","og_url":"https:\/\/exparto.pl\/sk\/produkt\/lemiesz-1023-wzmocniony-poszerzony-plug-unia-atlas\/","og_site_name":"Exparto.pl","article_publisher":"https:\/\/www.facebook.com\/exparto.agro\/","article_modified_time":"2026-03-23T14:00:28+00:00","og_image":[{"width":1200,"height":1200,"url":"https:\/\/exparto.pl\/wp-content\/uploads\/2024\/03\/067be017bafbf1843a7bb7d36a8df645.jpg","type":"image\/jpeg"}],"twitter_card":"summary_large_image","twitter_misc":{"Predpokladan\u00fd \u010das \u010d\u00edtania":"2 min\u00faty"},"schema":{"@context":"https:\/\/schema.org","@graph":[{"@type":"WebPage","@id":"https:\/\/exparto.pl\/sk\/produkt\/lemiesz-1023-wzmocniony-poszerzony-plug-unia-atlas\/","url":"https:\/\/exparto.pl\/sk\/produkt\/lemiesz-1023-wzmocniony-poszerzony-plug-unia-atlas\/","name":"Lemiesz 1023 wzmocniony poszerzony p\u0142ug Unia, Atlas - Exparto.pl","isPartOf":{"@id":"https:\/\/exparto.pl\/sk\/#website"},"primaryImageOfPage":{"@id":"https:\/\/exparto.pl\/sk\/produkt\/lemiesz-1023-wzmocniony-poszerzony-plug-unia-atlas\/#primaryimage"},"image":{"@id":"https:\/\/exparto.pl\/sk\/produkt\/lemiesz-1023-wzmocniony-poszerzony-plug-unia-atlas\/#primaryimage"},"thumbnailUrl":"https:\/\/exparto.pl\/wp-content\/uploads\/2024\/03\/067be017bafbf1843a7bb7d36a8df645.jpg","datePublished":"2024-03-13T18:48:44+00:00","dateModified":"2026-03-23T14:00:28+00:00","breadcrumb":{"@id":"https:\/\/exparto.pl\/sk\/produkt\/lemiesz-1023-wzmocniony-poszerzony-plug-unia-atlas\/#breadcrumb"},"inLanguage":"sk-SK","potentialAction":[{"@type":"ReadAction","target":["https:\/\/exparto.pl\/sk\/produkt\/lemiesz-1023-wzmocniony-poszerzony-plug-unia-atlas\/"]}]},{"@type":"ImageObject","inLanguage":"sk-SK","@id":"https:\/\/exparto.pl\/sk\/produkt\/lemiesz-1023-wzmocniony-poszerzony-plug-unia-atlas\/#primaryimage","url":"https:\/\/exparto.pl\/wp-content\/uploads\/2024\/03\/067be017bafbf1843a7bb7d36a8df645.jpg","contentUrl":"https:\/\/exparto.pl\/wp-content\/uploads\/2024\/03\/067be017bafbf1843a7bb7d36a8df645.jpg","width":1200,"height":1200},{"@type":"BreadcrumbList","@id":"https:\/\/exparto.pl\/sk\/produkt\/lemiesz-1023-wzmocniony-poszerzony-plug-unia-atlas\/#breadcrumb","itemListElement":[{"@type":"ListItem","position":1,"name":"Domovsk\u00e1 str\u00e1nka","item":"https:\/\/exparto.pl\/sk\/domovska-stranka\/"},{"@type":"ListItem","position":2,"name":"Sklep","item":"https:\/\/exparto.pl\/sklep\/"},{"@type":"ListItem","position":3,"name":"\u010casti pluhu","item":"https:\/\/exparto.pl\/sk\/kategoria-produktov\/casti-pluhu\/"},{"@type":"ListItem","position":4,"name":"\u010cepele pluhu","item":"https:\/\/exparto.pl\/sk\/kategoria-produktov\/casti-pluhu\/cepele-pluhu\/"},{"@type":"ListItem","position":5,"name":"Lemiesz 1023 wzmocniony poszerzony p\u0142ug Unia, Atlas"}]},{"@type":"WebSite","@id":"https:\/\/exparto.pl\/sk\/#website","url":"https:\/\/exparto.pl\/sk\/","name":"EXPARTO","description":"More than agro parts","publisher":{"@id":"https:\/\/exparto.pl\/sk\/#organization"},"potentialAction":[{"@type":"SearchAction","target":{"@type":"EntryPoint","urlTemplate":"https:\/\/exparto.pl\/sk\/?s={search_term_string}"},"query-input":{"@type":"PropertyValueSpecification","valueRequired":true,"valueName":"search_term_string"}}],"inLanguage":"sk-SK"},{"@type":"Organization","@id":"https:\/\/exparto.pl\/sk\/#organization","name":"EXPARTO","url":"https:\/\/exparto.pl\/sk\/","logo":{"@type":"ImageObject","inLanguage":"sk-SK","@id":"https:\/\/exparto.pl\/sk\/#\/schema\/logo\/image\/","url":"https:\/\/exparto.pl\/wp-content\/uploads\/2023\/02\/logo-wektor.png","contentUrl":"https:\/\/exparto.pl\/wp-content\/uploads\/2023\/02\/logo-wektor.png","width":1338,"height":143,"caption":"EXPARTO"},"image":{"@id":"https:\/\/exparto.pl\/sk\/#\/schema\/logo\/image\/"},"sameAs":["https:\/\/www.facebook.com\/exparto.agro\/"]}]}},"_links":{"self":[{"href":"https:\/\/exparto.pl\/sk\/wp-json\/wp\/v2\/product\/22339","targetHints":{"allow":["GET"]}}],"collection":[{"href":"https:\/\/exparto.pl\/sk\/wp-json\/wp\/v2\/product"}],"about":[{"href":"https:\/\/exparto.pl\/sk\/wp-json\/wp\/v2\/types\/product"}],"replies":[{"embeddable":true,"href":"https:\/\/exparto.pl\/sk\/wp-json\/wp\/v2\/comments?post=22339"}],"wp:featuredmedia":[{"embeddable":true,"href":"https:\/\/exparto.pl\/sk\/wp-json\/wp\/v2\/media\/22318"}],"wp:attachment":[{"href":"https:\/\/exparto.pl\/sk\/wp-json\/wp\/v2\/media?parent=22339"}],"wp:term":[{"taxonomy":"product_brand","embeddable":true,"href":"https:\/\/exparto.pl\/sk\/wp-json\/wp\/v2\/product_brand?post=22339"},{"taxonomy":"product_cat","embeddable":true,"href":"https:\/\/exparto.pl\/sk\/wp-json\/wp\/v2\/product_cat?post=22339"},{"taxonomy":"product_tag","embeddable":true,"href":"https:\/\/exparto.pl\/sk\/wp-json\/wp\/v2\/product_tag?post=22339"}],"curies":[{"name":"wp","href":"https:\/\/api.w.org\/{rel}","templated":true}]}}