{"id":22355,"date":"2024-03-13T19:49:41","date_gmt":"2024-03-13T18:49:41","guid":{"rendered":"https:\/\/exparto.pl\/produkt\/lemiesz-do-pluga-kuhn-prawy\/"},"modified":"2026-03-09T11:00:21","modified_gmt":"2026-03-09T10:00:21","slug":"lemiesz-do-pluga-kuhn-prawy","status":"publish","type":"product","link":"https:\/\/exparto.pl\/sk\/produkt\/lemiesz-do-pluga-kuhn-prawy\/","title":{"rendered":"Lemiesz do p\u0142uga Kuhn prawy"},"content":{"rendered":"<p><span style=\"font-weight: 400\">W EXPARTO dbamy o ka\u017cdy detal i dostarczamy na rynek tylko najwy\u017cszej jako\u015bci cz\u0119\u015bci rolnicze. Takie te\u017c s\u0105 lemiesze do p\u0142uga, kt\u00f3re tu znajdziesz. <\/span><b>Oferujemy model dedykowany maszynom producenta Kuhn. Dost\u0119pny jest w wariancie prawym<\/b><span style=\"font-weight: 400\">. Wykonano go ze starannie wyselekcjonowanych komponent\u00f3w. Zapraszamy do zapoznania si\u0119 z jego specyfikacj\u0105 techniczn\u0105.\u00a0<\/span><\/p>\n<h2><span style=\"font-weight: 400\">Lemiesz do p\u0142uga \u2013 prawy \u2013 Kuhn<\/span><\/h2>\n<p><b>Lemiesz do p\u0142uga to cz\u0119\u015b\u0107, kt\u00f3ra w codziennej pracy nara\u017cona jest na du\u017ce obci\u0105\u017cenia<\/b><span style=\"font-weight: 400\">. To sprawia, \u017ce z czasem si\u0119 niszczy i niezb\u0119dna jest jej wymiana. W\u00f3wczas nale\u017cy wybra\u0107 wysokiej jako\u015bci element, kt\u00f3ry idealnie pasuje do danej maszyny rolniczej. <\/span><b>W EXPARTO przygotowali\u015bmy dla Ciebie dedykowany lemiesz do p\u0142uga Kuhn prawy<\/b><span style=\"font-weight: 400\">. Powstaje on ze starannie obrobionej stali, kt\u00f3ra <\/span><b>jest poddawana powierzchniowemu hartowaniu i walcowaniu<\/b><span style=\"font-weight: 400\">. Poprawia to jej w\u0142a\u015bciwo\u015bci w zakresie odporno\u015bci na \u015bcieranie i uszkodzenia mechaniczne.\u00a0<\/span><\/p>\n<p><b>Proponowany przez nas lemiesz p\u0142uga to gwarancja najwy\u017cszej rynkowej jako\u015bci. Doskonale sprawdza si\u0119 w codziennej pracy w polu<\/b><span style=\"font-weight: 400\">. Odpowiednio piel\u0119gnowany zachowa swoj\u0105 ostro\u015b\u0107 i inne w\u0142a\u015bciwo\u015bci na d\u0142u\u017cej. Wymiary lemiesza to: 62,4 \u00d7 15,5 \u00d7 2 cm. Element wa\u017cy 6,5 kilograma, dzi\u0119ki czemu nie powinno by\u0107 problemu z jego piel\u0119gnacj\u0105, monta\u017cem i demonta\u017cem.\u00a0<\/span><\/p>\n<p><span style=\"font-weight: 400\">Szukasz wysokiej jako\u015bci cz\u0119\u015bci do p\u0142ug\u00f3w producenta Kuhn? <\/span><b>Skorzystaj z oferty przygotowanej przez specjalist\u00f3w EXPARTO<\/b><span style=\"font-weight: 400\">. Spe\u0142ni ona Twoje oczekiwania, a wybrane cz\u0119\u015bci prze\u0142o\u017c\u0105 si\u0119 na popraw\u0119 wydajno\u015bci gospodarstwa rolnego.\u00a0<\/span><\/p>\n<p><b>Zastosowanie<\/b><span style=\"font-weight: 400\">:<\/span><\/p>\n<p><span style=\"font-weight: 400\">Pasuje do p\u0142ug\u00f3w Kuhn<\/span><\/p>\n<p><b>Numer katalogowy<\/b><span style=\"font-weight: 400\">:<\/span><\/p>\n<p><span style=\"font-weight: 400\">622212\/P<\/span><\/p>\n","protected":false},"excerpt":{"rendered":"<p style=\"text-align: justify\">Lemiesz prawy<\/p>\n","protected":false},"featured_media":22340,"comment_status":"open","ping_status":"closed","template":"","meta":{"_acf_changed":false,"inline_featured_image":false},"product_brand":[],"product_cat":[765,772,935],"product_tag":[],"class_list":{"0":"post-22355","1":"product","2":"type-product","3":"status-publish","4":"has-post-thumbnail","6":"product_cat-czesci-do-plugow","7":"product_cat-lemiesze-do-pluga","8":"product_cat-lemiesze-prawe","10":"first","11":"instock","12":"taxable","13":"shipping-taxable","14":"purchasable","15":"product-type-simple"},"acf":[],"yoast_head":"<!-- This site is optimized with the Yoast SEO plugin v27.2 - https:\/\/yoast.com\/product\/yoast-seo-wordpress\/ -->\n<title>Lemiesz do p\u0142uga Kuhn prawy - Exparto.pl<\/title>\n<meta name=\"robots\" content=\"index, follow, max-snippet:-1, max-image-preview:large, max-video-preview:-1\" \/>\n<link rel=\"canonical\" href=\"https:\/\/exparto.pl\/sk\/produkt\/lemiesz-do-pluga-kuhn-prawy\/\" \/>\n<meta property=\"og:locale\" content=\"sk_SK\" \/>\n<meta property=\"og:type\" content=\"article\" \/>\n<meta property=\"og:title\" content=\"Lemiesz do p\u0142uga Kuhn prawy - Exparto.pl\" \/>\n<meta property=\"og:description\" content=\"Lemiesz prawy\" \/>\n<meta property=\"og:url\" content=\"https:\/\/exparto.pl\/sk\/produkt\/lemiesz-do-pluga-kuhn-prawy\/\" \/>\n<meta property=\"og:site_name\" content=\"Exparto.pl\" \/>\n<meta property=\"article:publisher\" content=\"https:\/\/www.facebook.com\/exparto.agro\/\" \/>\n<meta property=\"article:modified_time\" content=\"2026-03-09T10:00:21+00:00\" \/>\n<meta property=\"og:image\" content=\"https:\/\/exparto.pl\/wp-content\/uploads\/2024\/03\/b84c65e6869e2e36dd19ffd6c4928552.jpg\" \/>\n\t<meta property=\"og:image:width\" content=\"1200\" \/>\n\t<meta property=\"og:image:height\" content=\"1200\" \/>\n\t<meta property=\"og:image:type\" content=\"image\/jpeg\" \/>\n<meta name=\"twitter:card\" content=\"summary_large_image\" \/>\n<meta name=\"twitter:label1\" content=\"Predpokladan\u00fd \u010das \u010d\u00edtania\" \/>\n\t<meta name=\"twitter:data1\" content=\"2 min\u00faty\" \/>\n<script type=\"application\/ld+json\" class=\"yoast-schema-graph\">{\"@context\":\"https:\/\/schema.org\",\"@graph\":[{\"@type\":\"WebPage\",\"@id\":\"https:\/\/exparto.pl\/sk\/produkt\/lemiesz-do-pluga-kuhn-prawy\/\",\"url\":\"https:\/\/exparto.pl\/sk\/produkt\/lemiesz-do-pluga-kuhn-prawy\/\",\"name\":\"Lemiesz do p\u0142uga Kuhn prawy - Exparto.pl\",\"isPartOf\":{\"@id\":\"https:\/\/exparto.pl\/sk\/#website\"},\"primaryImageOfPage\":{\"@id\":\"https:\/\/exparto.pl\/sk\/produkt\/lemiesz-do-pluga-kuhn-prawy\/#primaryimage\"},\"image\":{\"@id\":\"https:\/\/exparto.pl\/sk\/produkt\/lemiesz-do-pluga-kuhn-prawy\/#primaryimage\"},\"thumbnailUrl\":\"https:\/\/exparto.pl\/wp-content\/uploads\/2024\/03\/b84c65e6869e2e36dd19ffd6c4928552.jpg\",\"datePublished\":\"2024-03-13T18:49:41+00:00\",\"dateModified\":\"2026-03-09T10:00:21+00:00\",\"breadcrumb\":{\"@id\":\"https:\/\/exparto.pl\/sk\/produkt\/lemiesz-do-pluga-kuhn-prawy\/#breadcrumb\"},\"inLanguage\":\"sk-SK\",\"potentialAction\":[{\"@type\":\"ReadAction\",\"target\":[\"https:\/\/exparto.pl\/sk\/produkt\/lemiesz-do-pluga-kuhn-prawy\/\"]}]},{\"@type\":\"ImageObject\",\"inLanguage\":\"sk-SK\",\"@id\":\"https:\/\/exparto.pl\/sk\/produkt\/lemiesz-do-pluga-kuhn-prawy\/#primaryimage\",\"url\":\"https:\/\/exparto.pl\/wp-content\/uploads\/2024\/03\/b84c65e6869e2e36dd19ffd6c4928552.jpg\",\"contentUrl\":\"https:\/\/exparto.pl\/wp-content\/uploads\/2024\/03\/b84c65e6869e2e36dd19ffd6c4928552.jpg\",\"width\":1200,\"height\":1200},{\"@type\":\"BreadcrumbList\",\"@id\":\"https:\/\/exparto.pl\/sk\/produkt\/lemiesz-do-pluga-kuhn-prawy\/#breadcrumb\",\"itemListElement\":[{\"@type\":\"ListItem\",\"position\":1,\"name\":\"Domovsk\u00e1 str\u00e1nka\",\"item\":\"https:\/\/exparto.pl\/sk\/domovska-stranka\/\"},{\"@type\":\"ListItem\",\"position\":2,\"name\":\"Sklep\",\"item\":\"https:\/\/exparto.pl\/sklep\/\"},{\"@type\":\"ListItem\",\"position\":3,\"name\":\"\u010casti pluhu\",\"item\":\"https:\/\/exparto.pl\/sk\/kategoria-produktov\/casti-pluhu\/\"},{\"@type\":\"ListItem\",\"position\":4,\"name\":\"\u010cepele pluhu\",\"item\":\"https:\/\/exparto.pl\/sk\/kategoria-produktov\/casti-pluhu\/cepele-pluhu\/\"},{\"@type\":\"ListItem\",\"position\":5,\"name\":\"Lemiesz do p\u0142uga Kuhn prawy\"}]},{\"@type\":\"WebSite\",\"@id\":\"https:\/\/exparto.pl\/sk\/#website\",\"url\":\"https:\/\/exparto.pl\/sk\/\",\"name\":\"EXPARTO\",\"description\":\"More than agro parts\",\"publisher\":{\"@id\":\"https:\/\/exparto.pl\/sk\/#organization\"},\"potentialAction\":[{\"@type\":\"SearchAction\",\"target\":{\"@type\":\"EntryPoint\",\"urlTemplate\":\"https:\/\/exparto.pl\/sk\/?s={search_term_string}\"},\"query-input\":{\"@type\":\"PropertyValueSpecification\",\"valueRequired\":true,\"valueName\":\"search_term_string\"}}],\"inLanguage\":\"sk-SK\"},{\"@type\":\"Organization\",\"@id\":\"https:\/\/exparto.pl\/sk\/#organization\",\"name\":\"EXPARTO\",\"url\":\"https:\/\/exparto.pl\/sk\/\",\"logo\":{\"@type\":\"ImageObject\",\"inLanguage\":\"sk-SK\",\"@id\":\"https:\/\/exparto.pl\/sk\/#\/schema\/logo\/image\/\",\"url\":\"https:\/\/exparto.pl\/wp-content\/uploads\/2023\/02\/logo-wektor.png\",\"contentUrl\":\"https:\/\/exparto.pl\/wp-content\/uploads\/2023\/02\/logo-wektor.png\",\"width\":1338,\"height\":143,\"caption\":\"EXPARTO\"},\"image\":{\"@id\":\"https:\/\/exparto.pl\/sk\/#\/schema\/logo\/image\/\"},\"sameAs\":[\"https:\/\/www.facebook.com\/exparto.agro\/\"]}]}<\/script>\n<!-- \/ Yoast SEO plugin. -->","yoast_head_json":{"title":"Lemiesz do p\u0142uga Kuhn prawy - Exparto.pl","robots":{"index":"index","follow":"follow","max-snippet":"max-snippet:-1","max-image-preview":"max-image-preview:large","max-video-preview":"max-video-preview:-1"},"canonical":"https:\/\/exparto.pl\/sk\/produkt\/lemiesz-do-pluga-kuhn-prawy\/","og_locale":"sk_SK","og_type":"article","og_title":"Lemiesz do p\u0142uga Kuhn prawy - Exparto.pl","og_description":"Lemiesz prawy","og_url":"https:\/\/exparto.pl\/sk\/produkt\/lemiesz-do-pluga-kuhn-prawy\/","og_site_name":"Exparto.pl","article_publisher":"https:\/\/www.facebook.com\/exparto.agro\/","article_modified_time":"2026-03-09T10:00:21+00:00","og_image":[{"width":1200,"height":1200,"url":"https:\/\/exparto.pl\/wp-content\/uploads\/2024\/03\/b84c65e6869e2e36dd19ffd6c4928552.jpg","type":"image\/jpeg"}],"twitter_card":"summary_large_image","twitter_misc":{"Predpokladan\u00fd \u010das \u010d\u00edtania":"2 min\u00faty"},"schema":{"@context":"https:\/\/schema.org","@graph":[{"@type":"WebPage","@id":"https:\/\/exparto.pl\/sk\/produkt\/lemiesz-do-pluga-kuhn-prawy\/","url":"https:\/\/exparto.pl\/sk\/produkt\/lemiesz-do-pluga-kuhn-prawy\/","name":"Lemiesz do p\u0142uga Kuhn prawy - Exparto.pl","isPartOf":{"@id":"https:\/\/exparto.pl\/sk\/#website"},"primaryImageOfPage":{"@id":"https:\/\/exparto.pl\/sk\/produkt\/lemiesz-do-pluga-kuhn-prawy\/#primaryimage"},"image":{"@id":"https:\/\/exparto.pl\/sk\/produkt\/lemiesz-do-pluga-kuhn-prawy\/#primaryimage"},"thumbnailUrl":"https:\/\/exparto.pl\/wp-content\/uploads\/2024\/03\/b84c65e6869e2e36dd19ffd6c4928552.jpg","datePublished":"2024-03-13T18:49:41+00:00","dateModified":"2026-03-09T10:00:21+00:00","breadcrumb":{"@id":"https:\/\/exparto.pl\/sk\/produkt\/lemiesz-do-pluga-kuhn-prawy\/#breadcrumb"},"inLanguage":"sk-SK","potentialAction":[{"@type":"ReadAction","target":["https:\/\/exparto.pl\/sk\/produkt\/lemiesz-do-pluga-kuhn-prawy\/"]}]},{"@type":"ImageObject","inLanguage":"sk-SK","@id":"https:\/\/exparto.pl\/sk\/produkt\/lemiesz-do-pluga-kuhn-prawy\/#primaryimage","url":"https:\/\/exparto.pl\/wp-content\/uploads\/2024\/03\/b84c65e6869e2e36dd19ffd6c4928552.jpg","contentUrl":"https:\/\/exparto.pl\/wp-content\/uploads\/2024\/03\/b84c65e6869e2e36dd19ffd6c4928552.jpg","width":1200,"height":1200},{"@type":"BreadcrumbList","@id":"https:\/\/exparto.pl\/sk\/produkt\/lemiesz-do-pluga-kuhn-prawy\/#breadcrumb","itemListElement":[{"@type":"ListItem","position":1,"name":"Domovsk\u00e1 str\u00e1nka","item":"https:\/\/exparto.pl\/sk\/domovska-stranka\/"},{"@type":"ListItem","position":2,"name":"Sklep","item":"https:\/\/exparto.pl\/sklep\/"},{"@type":"ListItem","position":3,"name":"\u010casti pluhu","item":"https:\/\/exparto.pl\/sk\/kategoria-produktov\/casti-pluhu\/"},{"@type":"ListItem","position":4,"name":"\u010cepele pluhu","item":"https:\/\/exparto.pl\/sk\/kategoria-produktov\/casti-pluhu\/cepele-pluhu\/"},{"@type":"ListItem","position":5,"name":"Lemiesz do p\u0142uga Kuhn prawy"}]},{"@type":"WebSite","@id":"https:\/\/exparto.pl\/sk\/#website","url":"https:\/\/exparto.pl\/sk\/","name":"EXPARTO","description":"More than agro parts","publisher":{"@id":"https:\/\/exparto.pl\/sk\/#organization"},"potentialAction":[{"@type":"SearchAction","target":{"@type":"EntryPoint","urlTemplate":"https:\/\/exparto.pl\/sk\/?s={search_term_string}"},"query-input":{"@type":"PropertyValueSpecification","valueRequired":true,"valueName":"search_term_string"}}],"inLanguage":"sk-SK"},{"@type":"Organization","@id":"https:\/\/exparto.pl\/sk\/#organization","name":"EXPARTO","url":"https:\/\/exparto.pl\/sk\/","logo":{"@type":"ImageObject","inLanguage":"sk-SK","@id":"https:\/\/exparto.pl\/sk\/#\/schema\/logo\/image\/","url":"https:\/\/exparto.pl\/wp-content\/uploads\/2023\/02\/logo-wektor.png","contentUrl":"https:\/\/exparto.pl\/wp-content\/uploads\/2023\/02\/logo-wektor.png","width":1338,"height":143,"caption":"EXPARTO"},"image":{"@id":"https:\/\/exparto.pl\/sk\/#\/schema\/logo\/image\/"},"sameAs":["https:\/\/www.facebook.com\/exparto.agro\/"]}]}},"_links":{"self":[{"href":"https:\/\/exparto.pl\/sk\/wp-json\/wp\/v2\/product\/22355","targetHints":{"allow":["GET"]}}],"collection":[{"href":"https:\/\/exparto.pl\/sk\/wp-json\/wp\/v2\/product"}],"about":[{"href":"https:\/\/exparto.pl\/sk\/wp-json\/wp\/v2\/types\/product"}],"replies":[{"embeddable":true,"href":"https:\/\/exparto.pl\/sk\/wp-json\/wp\/v2\/comments?post=22355"}],"wp:featuredmedia":[{"embeddable":true,"href":"https:\/\/exparto.pl\/sk\/wp-json\/wp\/v2\/media\/22340"}],"wp:attachment":[{"href":"https:\/\/exparto.pl\/sk\/wp-json\/wp\/v2\/media?parent=22355"}],"wp:term":[{"taxonomy":"product_brand","embeddable":true,"href":"https:\/\/exparto.pl\/sk\/wp-json\/wp\/v2\/product_brand?post=22355"},{"taxonomy":"product_cat","embeddable":true,"href":"https:\/\/exparto.pl\/sk\/wp-json\/wp\/v2\/product_cat?post=22355"},{"taxonomy":"product_tag","embeddable":true,"href":"https:\/\/exparto.pl\/sk\/wp-json\/wp\/v2\/product_tag?post=22355"}],"curies":[{"name":"wp","href":"https:\/\/api.w.org\/{rel}","templated":true}]}}