{"id":23795,"date":"2024-04-04T14:13:49","date_gmt":"2024-04-04T12:13:49","guid":{"rendered":"https:\/\/exparto.pl\/produkt\/lemiesz-do-pluga-lewy-16-kverneland\/"},"modified":"2026-01-21T12:34:24","modified_gmt":"2026-01-21T11:34:24","slug":"lemiesz-do-pluga-lewy-16-kverneland","status":"publish","type":"product","link":"https:\/\/exparto.pl\/sk\/produkt\/lemiesz-do-pluga-lewy-16-kverneland\/","title":{"rendered":"Lemiesz do p\u0142uga lewy 16&#8243; Kverneland"},"content":{"rendered":"<p><p style=\"text-align: justify\">Lemiesz lewy z wykonany ze stali borowej &#8211; twardo\u015b\u0107 43-50HRC<\/p>\n<p><p style=\"text-align: justify\"><b>Z<\/b><span style=\"color: var(--gray-800)\"><b>astosowanie:<\/b><\/span><\/p>\n<ul>\n<li style=\"text-align: justify\">\u00a0p\u0142ugi obrotowe typu Kverneland<\/li>\n<\/ul>\n<p><p style=\"text-align: justify\"><span style=\"color: var(--gray-800)\"><b>Numer katalogowy:\u00a0<\/b><\/span><\/p>\n<ul>\n<li style=\"text-align: justify\">073005<\/li>\n<\/ul>\n<p><b>Dost\u0119pny w naszym sklepie lewy lemiesz p\u0142uga 16\u2033 przeznaczony jest do stosowania w p\u0142ugach obrotowych typu Kverneland<\/b><span style=\"font-weight: 400\">. Cz\u0119\u015b\u0107 ta pe\u0142ni wa\u017cn\u0105 funkcj\u0119 w trakcie orki, dlatego warto wybra\u0107 najwy\u017cszej jako\u015bci produkt. W EXPARTO dbamy o to, aby oferowane cz\u0119\u015bci do maszyn rolniczych spe\u0142nia\u0142y najwy\u017csze rynkowe standardy.\u00a0<\/span><\/p>\n<h2><span style=\"font-weight: 400\">Lemiesz do p\u0142uga \u2013 lewy, 16 cali \u2013 Kverneland<\/span><\/h2>\n<\/p>\n<p><span style=\"font-weight: 400\">Zale\u017cy Ci na wydajnej i bezpiecznej orce? Du\u017ce znaczenie ma to, jakie lemiesze do p\u0142uga stosujesz. <\/span><b>Cz\u0119\u015bci te musz\u0105 by\u0107 odporne na uszkodzenia mechaniczne i \u015bcieranie oraz mie\u0107 odpowiednie ostrze<\/b><span style=\"font-weight: 400\">. Tylko w ten spos\u00f3b z powodzeniem b\u0119d\u0105 zrywa\u0107 i odwraca\u0107 wierzchni\u0105 warstw\u0119 gleby podczas pracy p\u0142ugiem. Dbaj\u0105c o potrzeby naszych klient\u00f3w, <\/span><b>przygotowali\u015bmy dedykowany lewy lemiesz do p\u0142uga Kverneland w rozmiarze 16 cali<\/b><span style=\"font-weight: 400\">.<\/span><\/p>\n<p><span style=\"font-weight: 400\">Cz\u0119\u015b\u0107 ta <\/span><b>powstaje ze stali borowej o podwy\u017cszonej twardo\u015bci<\/b><span style=\"font-weight: 400\">. Parametr ten zapewnia wydajn\u0105 prac\u0119 lemiesza w d\u0142u\u017cszej perspektywie. Ponadto element ten posiada zwi\u0119kszon\u0105 odporno\u015b\u0107 na intensywne u\u017cytkowanie w trudnych warunkach. <\/span><b>Kupuj\u0105c w EXPARTO, gwarantujesz sobie otrzymanie najwy\u017cszej jako\u015bci produkt\u00f3w w atrakcyjnej cenie i z kr\u00f3tkim terminem realizacji zam\u00f3wienia<\/b><span style=\"font-weight: 400\">. Nie bez powodu jeste\u015bmy zaufanym partnerem polskich rolnik\u00f3w. Kup oferowany przez nas lemiesz do p\u0142uga Kverneland i zadbaj o wydajn\u0105 ork\u0119.\u00a0<\/span><\/p>\n","protected":false},"excerpt":{"rendered":"<p style=\"text-align: justify\">Lemiesz lewy<\/p>\n","protected":false},"featured_media":23769,"comment_status":"open","ping_status":"closed","template":"","meta":{"_acf_changed":false,"inline_featured_image":false},"product_brand":[],"product_cat":[765,772,934],"product_tag":[],"class_list":{"0":"post-23795","1":"product","2":"type-product","3":"status-publish","4":"has-post-thumbnail","6":"product_cat-czesci-do-plugow","7":"product_cat-lemiesze-do-pluga","8":"product_cat-lemiesze-lewe","10":"first","11":"instock","12":"taxable","13":"shipping-taxable","14":"purchasable","15":"product-type-simple"},"acf":[],"yoast_head":"<!-- This site is optimized with the Yoast SEO plugin v27.2 - https:\/\/yoast.com\/product\/yoast-seo-wordpress\/ -->\n<title>Lemiesz do p\u0142uga lewy 16&quot; Kverneland - Exparto.pl<\/title>\n<meta name=\"robots\" content=\"index, follow, max-snippet:-1, max-image-preview:large, max-video-preview:-1\" \/>\n<link rel=\"canonical\" href=\"https:\/\/exparto.pl\/sk\/produkt\/lemiesz-do-pluga-lewy-16-kverneland\/\" \/>\n<meta property=\"og:locale\" content=\"sk_SK\" \/>\n<meta property=\"og:type\" content=\"article\" \/>\n<meta property=\"og:title\" content=\"Lemiesz do p\u0142uga lewy 16&quot; Kverneland - Exparto.pl\" \/>\n<meta property=\"og:description\" content=\"Lemiesz lewy\" \/>\n<meta property=\"og:url\" content=\"https:\/\/exparto.pl\/sk\/produkt\/lemiesz-do-pluga-lewy-16-kverneland\/\" \/>\n<meta property=\"og:site_name\" content=\"Exparto.pl\" \/>\n<meta property=\"article:publisher\" content=\"https:\/\/www.facebook.com\/exparto.agro\/\" \/>\n<meta property=\"article:modified_time\" content=\"2026-01-21T11:34:24+00:00\" \/>\n<meta property=\"og:image\" content=\"https:\/\/exparto.pl\/wp-content\/uploads\/2024\/04\/2b075f5cf9c3e6034f271d1f76aead6b.jpg\" \/>\n\t<meta property=\"og:image:width\" content=\"1200\" \/>\n\t<meta property=\"og:image:height\" content=\"1200\" \/>\n\t<meta property=\"og:image:type\" content=\"image\/jpeg\" \/>\n<meta name=\"twitter:card\" content=\"summary_large_image\" \/>\n<meta name=\"twitter:label1\" content=\"Predpokladan\u00fd \u010das \u010d\u00edtania\" \/>\n\t<meta name=\"twitter:data1\" content=\"2 min\u00faty\" \/>\n<script type=\"application\/ld+json\" class=\"yoast-schema-graph\">{\"@context\":\"https:\/\/schema.org\",\"@graph\":[{\"@type\":\"WebPage\",\"@id\":\"https:\/\/exparto.pl\/sk\/produkt\/lemiesz-do-pluga-lewy-16-kverneland\/\",\"url\":\"https:\/\/exparto.pl\/sk\/produkt\/lemiesz-do-pluga-lewy-16-kverneland\/\",\"name\":\"Lemiesz do p\u0142uga lewy 16\\\" Kverneland - Exparto.pl\",\"isPartOf\":{\"@id\":\"https:\/\/exparto.pl\/sk\/#website\"},\"primaryImageOfPage\":{\"@id\":\"https:\/\/exparto.pl\/sk\/produkt\/lemiesz-do-pluga-lewy-16-kverneland\/#primaryimage\"},\"image\":{\"@id\":\"https:\/\/exparto.pl\/sk\/produkt\/lemiesz-do-pluga-lewy-16-kverneland\/#primaryimage\"},\"thumbnailUrl\":\"https:\/\/exparto.pl\/wp-content\/uploads\/2024\/04\/2b075f5cf9c3e6034f271d1f76aead6b.jpg\",\"datePublished\":\"2024-04-04T12:13:49+00:00\",\"dateModified\":\"2026-01-21T11:34:24+00:00\",\"breadcrumb\":{\"@id\":\"https:\/\/exparto.pl\/sk\/produkt\/lemiesz-do-pluga-lewy-16-kverneland\/#breadcrumb\"},\"inLanguage\":\"sk-SK\",\"potentialAction\":[{\"@type\":\"ReadAction\",\"target\":[\"https:\/\/exparto.pl\/sk\/produkt\/lemiesz-do-pluga-lewy-16-kverneland\/\"]}]},{\"@type\":\"ImageObject\",\"inLanguage\":\"sk-SK\",\"@id\":\"https:\/\/exparto.pl\/sk\/produkt\/lemiesz-do-pluga-lewy-16-kverneland\/#primaryimage\",\"url\":\"https:\/\/exparto.pl\/wp-content\/uploads\/2024\/04\/2b075f5cf9c3e6034f271d1f76aead6b.jpg\",\"contentUrl\":\"https:\/\/exparto.pl\/wp-content\/uploads\/2024\/04\/2b075f5cf9c3e6034f271d1f76aead6b.jpg\",\"width\":1200,\"height\":1200},{\"@type\":\"BreadcrumbList\",\"@id\":\"https:\/\/exparto.pl\/sk\/produkt\/lemiesz-do-pluga-lewy-16-kverneland\/#breadcrumb\",\"itemListElement\":[{\"@type\":\"ListItem\",\"position\":1,\"name\":\"Domovsk\u00e1 str\u00e1nka\",\"item\":\"https:\/\/exparto.pl\/sk\/domovska-stranka\/\"},{\"@type\":\"ListItem\",\"position\":2,\"name\":\"Sklep\",\"item\":\"https:\/\/exparto.pl\/sklep\/\"},{\"@type\":\"ListItem\",\"position\":3,\"name\":\"\u010casti pluhu\",\"item\":\"https:\/\/exparto.pl\/sk\/kategoria-produktov\/casti-pluhu\/\"},{\"@type\":\"ListItem\",\"position\":4,\"name\":\"\u010cepele pluhu\",\"item\":\"https:\/\/exparto.pl\/sk\/kategoria-produktov\/casti-pluhu\/cepele-pluhu\/\"},{\"@type\":\"ListItem\",\"position\":5,\"name\":\"Lemiesz do p\u0142uga lewy 16&#8243; Kverneland\"}]},{\"@type\":\"WebSite\",\"@id\":\"https:\/\/exparto.pl\/sk\/#website\",\"url\":\"https:\/\/exparto.pl\/sk\/\",\"name\":\"EXPARTO\",\"description\":\"More than agro parts\",\"publisher\":{\"@id\":\"https:\/\/exparto.pl\/sk\/#organization\"},\"potentialAction\":[{\"@type\":\"SearchAction\",\"target\":{\"@type\":\"EntryPoint\",\"urlTemplate\":\"https:\/\/exparto.pl\/sk\/?s={search_term_string}\"},\"query-input\":{\"@type\":\"PropertyValueSpecification\",\"valueRequired\":true,\"valueName\":\"search_term_string\"}}],\"inLanguage\":\"sk-SK\"},{\"@type\":\"Organization\",\"@id\":\"https:\/\/exparto.pl\/sk\/#organization\",\"name\":\"EXPARTO\",\"url\":\"https:\/\/exparto.pl\/sk\/\",\"logo\":{\"@type\":\"ImageObject\",\"inLanguage\":\"sk-SK\",\"@id\":\"https:\/\/exparto.pl\/sk\/#\/schema\/logo\/image\/\",\"url\":\"https:\/\/exparto.pl\/wp-content\/uploads\/2023\/02\/logo-wektor.png\",\"contentUrl\":\"https:\/\/exparto.pl\/wp-content\/uploads\/2023\/02\/logo-wektor.png\",\"width\":1338,\"height\":143,\"caption\":\"EXPARTO\"},\"image\":{\"@id\":\"https:\/\/exparto.pl\/sk\/#\/schema\/logo\/image\/\"},\"sameAs\":[\"https:\/\/www.facebook.com\/exparto.agro\/\"]}]}<\/script>\n<!-- \/ Yoast SEO plugin. -->","yoast_head_json":{"title":"Lemiesz do p\u0142uga lewy 16\" Kverneland - Exparto.pl","robots":{"index":"index","follow":"follow","max-snippet":"max-snippet:-1","max-image-preview":"max-image-preview:large","max-video-preview":"max-video-preview:-1"},"canonical":"https:\/\/exparto.pl\/sk\/produkt\/lemiesz-do-pluga-lewy-16-kverneland\/","og_locale":"sk_SK","og_type":"article","og_title":"Lemiesz do p\u0142uga lewy 16\" Kverneland - Exparto.pl","og_description":"Lemiesz lewy","og_url":"https:\/\/exparto.pl\/sk\/produkt\/lemiesz-do-pluga-lewy-16-kverneland\/","og_site_name":"Exparto.pl","article_publisher":"https:\/\/www.facebook.com\/exparto.agro\/","article_modified_time":"2026-01-21T11:34:24+00:00","og_image":[{"width":1200,"height":1200,"url":"https:\/\/exparto.pl\/wp-content\/uploads\/2024\/04\/2b075f5cf9c3e6034f271d1f76aead6b.jpg","type":"image\/jpeg"}],"twitter_card":"summary_large_image","twitter_misc":{"Predpokladan\u00fd \u010das \u010d\u00edtania":"2 min\u00faty"},"schema":{"@context":"https:\/\/schema.org","@graph":[{"@type":"WebPage","@id":"https:\/\/exparto.pl\/sk\/produkt\/lemiesz-do-pluga-lewy-16-kverneland\/","url":"https:\/\/exparto.pl\/sk\/produkt\/lemiesz-do-pluga-lewy-16-kverneland\/","name":"Lemiesz do p\u0142uga lewy 16\" Kverneland - Exparto.pl","isPartOf":{"@id":"https:\/\/exparto.pl\/sk\/#website"},"primaryImageOfPage":{"@id":"https:\/\/exparto.pl\/sk\/produkt\/lemiesz-do-pluga-lewy-16-kverneland\/#primaryimage"},"image":{"@id":"https:\/\/exparto.pl\/sk\/produkt\/lemiesz-do-pluga-lewy-16-kverneland\/#primaryimage"},"thumbnailUrl":"https:\/\/exparto.pl\/wp-content\/uploads\/2024\/04\/2b075f5cf9c3e6034f271d1f76aead6b.jpg","datePublished":"2024-04-04T12:13:49+00:00","dateModified":"2026-01-21T11:34:24+00:00","breadcrumb":{"@id":"https:\/\/exparto.pl\/sk\/produkt\/lemiesz-do-pluga-lewy-16-kverneland\/#breadcrumb"},"inLanguage":"sk-SK","potentialAction":[{"@type":"ReadAction","target":["https:\/\/exparto.pl\/sk\/produkt\/lemiesz-do-pluga-lewy-16-kverneland\/"]}]},{"@type":"ImageObject","inLanguage":"sk-SK","@id":"https:\/\/exparto.pl\/sk\/produkt\/lemiesz-do-pluga-lewy-16-kverneland\/#primaryimage","url":"https:\/\/exparto.pl\/wp-content\/uploads\/2024\/04\/2b075f5cf9c3e6034f271d1f76aead6b.jpg","contentUrl":"https:\/\/exparto.pl\/wp-content\/uploads\/2024\/04\/2b075f5cf9c3e6034f271d1f76aead6b.jpg","width":1200,"height":1200},{"@type":"BreadcrumbList","@id":"https:\/\/exparto.pl\/sk\/produkt\/lemiesz-do-pluga-lewy-16-kverneland\/#breadcrumb","itemListElement":[{"@type":"ListItem","position":1,"name":"Domovsk\u00e1 str\u00e1nka","item":"https:\/\/exparto.pl\/sk\/domovska-stranka\/"},{"@type":"ListItem","position":2,"name":"Sklep","item":"https:\/\/exparto.pl\/sklep\/"},{"@type":"ListItem","position":3,"name":"\u010casti pluhu","item":"https:\/\/exparto.pl\/sk\/kategoria-produktov\/casti-pluhu\/"},{"@type":"ListItem","position":4,"name":"\u010cepele pluhu","item":"https:\/\/exparto.pl\/sk\/kategoria-produktov\/casti-pluhu\/cepele-pluhu\/"},{"@type":"ListItem","position":5,"name":"Lemiesz do p\u0142uga lewy 16&#8243; Kverneland"}]},{"@type":"WebSite","@id":"https:\/\/exparto.pl\/sk\/#website","url":"https:\/\/exparto.pl\/sk\/","name":"EXPARTO","description":"More than agro parts","publisher":{"@id":"https:\/\/exparto.pl\/sk\/#organization"},"potentialAction":[{"@type":"SearchAction","target":{"@type":"EntryPoint","urlTemplate":"https:\/\/exparto.pl\/sk\/?s={search_term_string}"},"query-input":{"@type":"PropertyValueSpecification","valueRequired":true,"valueName":"search_term_string"}}],"inLanguage":"sk-SK"},{"@type":"Organization","@id":"https:\/\/exparto.pl\/sk\/#organization","name":"EXPARTO","url":"https:\/\/exparto.pl\/sk\/","logo":{"@type":"ImageObject","inLanguage":"sk-SK","@id":"https:\/\/exparto.pl\/sk\/#\/schema\/logo\/image\/","url":"https:\/\/exparto.pl\/wp-content\/uploads\/2023\/02\/logo-wektor.png","contentUrl":"https:\/\/exparto.pl\/wp-content\/uploads\/2023\/02\/logo-wektor.png","width":1338,"height":143,"caption":"EXPARTO"},"image":{"@id":"https:\/\/exparto.pl\/sk\/#\/schema\/logo\/image\/"},"sameAs":["https:\/\/www.facebook.com\/exparto.agro\/"]}]}},"_links":{"self":[{"href":"https:\/\/exparto.pl\/sk\/wp-json\/wp\/v2\/product\/23795","targetHints":{"allow":["GET"]}}],"collection":[{"href":"https:\/\/exparto.pl\/sk\/wp-json\/wp\/v2\/product"}],"about":[{"href":"https:\/\/exparto.pl\/sk\/wp-json\/wp\/v2\/types\/product"}],"replies":[{"embeddable":true,"href":"https:\/\/exparto.pl\/sk\/wp-json\/wp\/v2\/comments?post=23795"}],"wp:featuredmedia":[{"embeddable":true,"href":"https:\/\/exparto.pl\/sk\/wp-json\/wp\/v2\/media\/23769"}],"wp:attachment":[{"href":"https:\/\/exparto.pl\/sk\/wp-json\/wp\/v2\/media?parent=23795"}],"wp:term":[{"taxonomy":"product_brand","embeddable":true,"href":"https:\/\/exparto.pl\/sk\/wp-json\/wp\/v2\/product_brand?post=23795"},{"taxonomy":"product_cat","embeddable":true,"href":"https:\/\/exparto.pl\/sk\/wp-json\/wp\/v2\/product_cat?post=23795"},{"taxonomy":"product_tag","embeddable":true,"href":"https:\/\/exparto.pl\/sk\/wp-json\/wp\/v2\/product_tag?post=23795"}],"curies":[{"name":"wp","href":"https:\/\/api.w.org\/{rel}","templated":true}]}}