{"id":24007,"date":"2024-04-05T15:33:44","date_gmt":"2024-04-05T13:33:44","guid":{"rendered":"https:\/\/exparto.pl\/produkt\/dluto-do-pluga-kverneland-prawe\/"},"modified":"2026-03-29T23:00:52","modified_gmt":"2026-03-29T21:00:52","slug":"dluto-do-pluga-kverneland-prawe","status":"publish","type":"product","link":"https:\/\/exparto.pl\/sk\/produkt\/dluto-do-pluga-kverneland-prawe\/","title":{"rendered":"D\u0142uto do p\u0142uga Kverneland prawe"},"content":{"rendered":"<p><p style=\"text-align: justify\">D\u0142uto prawe wykonane ze stali borowej &#8211; twardo\u015b\u0107 43-50HRC<\/p>\n<p><p style=\"text-align: justify\"><b>Z<\/b><span style=\"color: var(--gray-800)\"><b>astosowanie:<\/b><\/span><\/p>\n<ul>\n<li style=\"text-align: justify\">\u00a0p\u0142ugi zagonowe i obrotowe Kverneland<\/li>\n<\/ul>\n<p><p style=\"text-align: justify\"><span style=\"color: var(--gray-800)\"><b>Numer katalogowy:\u00a0<\/b><\/span><\/p>\n<ul>\n<li style=\"text-align: justify\">053090<\/li>\n<\/ul>\n<p><b>Przygotowali\u015bmy dla Ciebie prawe d\u0142uto do p\u0142uga, kt\u00f3re pasuje do p\u0142ug\u00f3w zagonowych i obrotowych typu Kverneland<\/b><span style=\"font-weight: 400\">. To maszyny ch\u0119tnie wykorzystywane w gospodarstwach rolnych w Polsce. Jako EXPARTO dbamy o to, aby cz\u0119\u015b\u0107 trafiaj\u0105ca w Twoje r\u0119ce by\u0142a wykonana z wysokiej jako\u015bci materia\u0142u i z dba\u0142o\u015bci\u0105 o ka\u017cdy detal.\u00a0<\/span><\/p>\n<h2><span style=\"font-weight: 400\">D\u0142uto do p\u0142uga \u2013 prawe \u2013 Kverneland<\/span><\/h2>\n<p><b>D\u0142uta do p\u0142uga to bardzo wa\u017cne elementy eksploatacyjne wchodz\u0105ce w sk\u0142ad konstrukcji tej maszyny<\/b><span style=\"font-weight: 400\">. Od ich jako\u015bci i prawid\u0142owej pracy zale\u017cy wydajno\u015b\u0107 prowadzonej orki oraz bezpiecze\u0144stwo operatora. D\u0142uto \u0142\u0105czy si\u0119 z lemieszem. Nast\u0119pnie ten uk\u0142ad odpowiada za zrywanie ziemi, odwracanie jej i podawanie z powrotem na stanowisku. W ten spos\u00f3b przygotowuje si\u0119 stanowisko do dalszych prac agrarnych.\u00a0<\/span><\/p>\n<p><b>Ze wzgl\u0119du na specyfik\u0119 jego eksploatacji, d\u0142uto p\u0142uga z czasem ulega zu\u017cyciu<\/b><span style=\"font-weight: 400\">. Jest tak\u017ce nara\u017cone na uszkodzenia mechaniczne. Gdy stan techniczny cz\u0119\u015bci tego wymaga, to nale\u017cy j\u0105 wymieni\u0107. <\/span><b>W EXPARTO oferujemy Ci wysokiej jako\u015bci d\u0142uta do p\u0142uga Kverneland. Powstaj\u0105 one ze wzmocnionej stali borowej<\/b><span style=\"font-weight: 400\">, dzi\u0119ki czemu d\u0142u\u017cej zachowuj\u0105 swoj\u0105 wydajno\u015b\u0107 i w\u0142a\u015bciwo\u015bci. W tym miejscu znajdziesz d\u0142uta prawe. W ofercie posiadamy r\u00f3wnie\u017c modele lewe. Chcesz zapewni\u0107 sobie wysok\u0105 wydajno\u015b\u0107 i jako\u015b\u0107 pracy p\u0142ug\u00f3w typu Kverneland?<\/span><b> Skorzystaj z naszej oferty i zam\u00f3w sprawdzone cz\u0119\u015bci rolnicze do tych maszyn<\/b><span style=\"font-weight: 400\">.<\/span><\/p>\n","protected":false},"excerpt":{"rendered":"<p style=\"text-align: justify\">D\u0142uto prawe<\/p>\n","protected":false},"featured_media":23966,"comment_status":"open","ping_status":"closed","template":"","meta":{"_acf_changed":false,"inline_featured_image":false},"product_brand":[],"product_cat":[765,771,937],"product_tag":[],"class_list":{"0":"post-24007","1":"product","2":"type-product","3":"status-publish","4":"has-post-thumbnail","6":"product_cat-czesci-do-plugow","7":"product_cat-dluta-do-pluga","8":"product_cat-dluta-prawe","10":"first","11":"instock","12":"taxable","13":"shipping-taxable","14":"purchasable","15":"product-type-simple"},"acf":[],"yoast_head":"<!-- This site is optimized with the Yoast SEO plugin v27.2 - https:\/\/yoast.com\/product\/yoast-seo-wordpress\/ -->\n<title>D\u0142uto do p\u0142uga Kverneland prawe - Exparto.pl<\/title>\n<meta name=\"robots\" content=\"index, follow, max-snippet:-1, max-image-preview:large, max-video-preview:-1\" \/>\n<link rel=\"canonical\" href=\"https:\/\/exparto.pl\/sk\/produkt\/dluto-do-pluga-kverneland-prawe\/\" \/>\n<meta property=\"og:locale\" content=\"sk_SK\" \/>\n<meta property=\"og:type\" content=\"article\" \/>\n<meta property=\"og:title\" content=\"D\u0142uto do p\u0142uga Kverneland prawe - Exparto.pl\" \/>\n<meta property=\"og:description\" content=\"D\u0142uto prawe\" \/>\n<meta property=\"og:url\" content=\"https:\/\/exparto.pl\/sk\/produkt\/dluto-do-pluga-kverneland-prawe\/\" \/>\n<meta property=\"og:site_name\" content=\"Exparto.pl\" \/>\n<meta property=\"article:publisher\" content=\"https:\/\/www.facebook.com\/exparto.agro\/\" \/>\n<meta property=\"article:modified_time\" content=\"2026-03-29T21:00:52+00:00\" \/>\n<meta property=\"og:image\" content=\"https:\/\/exparto.pl\/wp-content\/uploads\/2024\/04\/2647aca403f093d8d3273dc281e52360.jpg\" \/>\n\t<meta property=\"og:image:width\" content=\"1200\" \/>\n\t<meta property=\"og:image:height\" content=\"1200\" \/>\n\t<meta property=\"og:image:type\" content=\"image\/jpeg\" \/>\n<meta name=\"twitter:card\" content=\"summary_large_image\" \/>\n<meta name=\"twitter:label1\" content=\"Predpokladan\u00fd \u010das \u010d\u00edtania\" \/>\n\t<meta name=\"twitter:data1\" content=\"2 min\u00faty\" \/>\n<script type=\"application\/ld+json\" class=\"yoast-schema-graph\">{\"@context\":\"https:\/\/schema.org\",\"@graph\":[{\"@type\":\"WebPage\",\"@id\":\"https:\/\/exparto.pl\/sk\/produkt\/dluto-do-pluga-kverneland-prawe\/\",\"url\":\"https:\/\/exparto.pl\/sk\/produkt\/dluto-do-pluga-kverneland-prawe\/\",\"name\":\"D\u0142uto do p\u0142uga Kverneland prawe - Exparto.pl\",\"isPartOf\":{\"@id\":\"https:\/\/exparto.pl\/sk\/#website\"},\"primaryImageOfPage\":{\"@id\":\"https:\/\/exparto.pl\/sk\/produkt\/dluto-do-pluga-kverneland-prawe\/#primaryimage\"},\"image\":{\"@id\":\"https:\/\/exparto.pl\/sk\/produkt\/dluto-do-pluga-kverneland-prawe\/#primaryimage\"},\"thumbnailUrl\":\"https:\/\/exparto.pl\/wp-content\/uploads\/2024\/04\/2647aca403f093d8d3273dc281e52360.jpg\",\"datePublished\":\"2024-04-05T13:33:44+00:00\",\"dateModified\":\"2026-03-29T21:00:52+00:00\",\"breadcrumb\":{\"@id\":\"https:\/\/exparto.pl\/sk\/produkt\/dluto-do-pluga-kverneland-prawe\/#breadcrumb\"},\"inLanguage\":\"sk-SK\",\"potentialAction\":[{\"@type\":\"ReadAction\",\"target\":[\"https:\/\/exparto.pl\/sk\/produkt\/dluto-do-pluga-kverneland-prawe\/\"]}]},{\"@type\":\"ImageObject\",\"inLanguage\":\"sk-SK\",\"@id\":\"https:\/\/exparto.pl\/sk\/produkt\/dluto-do-pluga-kverneland-prawe\/#primaryimage\",\"url\":\"https:\/\/exparto.pl\/wp-content\/uploads\/2024\/04\/2647aca403f093d8d3273dc281e52360.jpg\",\"contentUrl\":\"https:\/\/exparto.pl\/wp-content\/uploads\/2024\/04\/2647aca403f093d8d3273dc281e52360.jpg\",\"width\":1200,\"height\":1200},{\"@type\":\"BreadcrumbList\",\"@id\":\"https:\/\/exparto.pl\/sk\/produkt\/dluto-do-pluga-kverneland-prawe\/#breadcrumb\",\"itemListElement\":[{\"@type\":\"ListItem\",\"position\":1,\"name\":\"Domovsk\u00e1 str\u00e1nka\",\"item\":\"https:\/\/exparto.pl\/sk\/domovska-stranka\/\"},{\"@type\":\"ListItem\",\"position\":2,\"name\":\"Sklep\",\"item\":\"https:\/\/exparto.pl\/sklep\/\"},{\"@type\":\"ListItem\",\"position\":3,\"name\":\"\u010casti pluhu\",\"item\":\"https:\/\/exparto.pl\/sk\/kategoria-produktov\/casti-pluhu\/\"},{\"@type\":\"ListItem\",\"position\":4,\"name\":\"D\u0142uta do p\u0142uga\",\"item\":\"https:\/\/exparto.pl\/kategoria-produktu\/czesci-do-plugow\/dluta-do-pluga\/\"},{\"@type\":\"ListItem\",\"position\":5,\"name\":\"D\u0142uto do p\u0142uga Kverneland prawe\"}]},{\"@type\":\"WebSite\",\"@id\":\"https:\/\/exparto.pl\/sk\/#website\",\"url\":\"https:\/\/exparto.pl\/sk\/\",\"name\":\"EXPARTO\",\"description\":\"More than agro parts\",\"publisher\":{\"@id\":\"https:\/\/exparto.pl\/sk\/#organization\"},\"potentialAction\":[{\"@type\":\"SearchAction\",\"target\":{\"@type\":\"EntryPoint\",\"urlTemplate\":\"https:\/\/exparto.pl\/sk\/?s={search_term_string}\"},\"query-input\":{\"@type\":\"PropertyValueSpecification\",\"valueRequired\":true,\"valueName\":\"search_term_string\"}}],\"inLanguage\":\"sk-SK\"},{\"@type\":\"Organization\",\"@id\":\"https:\/\/exparto.pl\/sk\/#organization\",\"name\":\"EXPARTO\",\"url\":\"https:\/\/exparto.pl\/sk\/\",\"logo\":{\"@type\":\"ImageObject\",\"inLanguage\":\"sk-SK\",\"@id\":\"https:\/\/exparto.pl\/sk\/#\/schema\/logo\/image\/\",\"url\":\"https:\/\/exparto.pl\/wp-content\/uploads\/2023\/02\/logo-wektor.png\",\"contentUrl\":\"https:\/\/exparto.pl\/wp-content\/uploads\/2023\/02\/logo-wektor.png\",\"width\":1338,\"height\":143,\"caption\":\"EXPARTO\"},\"image\":{\"@id\":\"https:\/\/exparto.pl\/sk\/#\/schema\/logo\/image\/\"},\"sameAs\":[\"https:\/\/www.facebook.com\/exparto.agro\/\"]}]}<\/script>\n<!-- \/ Yoast SEO plugin. -->","yoast_head_json":{"title":"D\u0142uto do p\u0142uga Kverneland prawe - Exparto.pl","robots":{"index":"index","follow":"follow","max-snippet":"max-snippet:-1","max-image-preview":"max-image-preview:large","max-video-preview":"max-video-preview:-1"},"canonical":"https:\/\/exparto.pl\/sk\/produkt\/dluto-do-pluga-kverneland-prawe\/","og_locale":"sk_SK","og_type":"article","og_title":"D\u0142uto do p\u0142uga Kverneland prawe - Exparto.pl","og_description":"D\u0142uto prawe","og_url":"https:\/\/exparto.pl\/sk\/produkt\/dluto-do-pluga-kverneland-prawe\/","og_site_name":"Exparto.pl","article_publisher":"https:\/\/www.facebook.com\/exparto.agro\/","article_modified_time":"2026-03-29T21:00:52+00:00","og_image":[{"width":1200,"height":1200,"url":"https:\/\/exparto.pl\/wp-content\/uploads\/2024\/04\/2647aca403f093d8d3273dc281e52360.jpg","type":"image\/jpeg"}],"twitter_card":"summary_large_image","twitter_misc":{"Predpokladan\u00fd \u010das \u010d\u00edtania":"2 min\u00faty"},"schema":{"@context":"https:\/\/schema.org","@graph":[{"@type":"WebPage","@id":"https:\/\/exparto.pl\/sk\/produkt\/dluto-do-pluga-kverneland-prawe\/","url":"https:\/\/exparto.pl\/sk\/produkt\/dluto-do-pluga-kverneland-prawe\/","name":"D\u0142uto do p\u0142uga Kverneland prawe - Exparto.pl","isPartOf":{"@id":"https:\/\/exparto.pl\/sk\/#website"},"primaryImageOfPage":{"@id":"https:\/\/exparto.pl\/sk\/produkt\/dluto-do-pluga-kverneland-prawe\/#primaryimage"},"image":{"@id":"https:\/\/exparto.pl\/sk\/produkt\/dluto-do-pluga-kverneland-prawe\/#primaryimage"},"thumbnailUrl":"https:\/\/exparto.pl\/wp-content\/uploads\/2024\/04\/2647aca403f093d8d3273dc281e52360.jpg","datePublished":"2024-04-05T13:33:44+00:00","dateModified":"2026-03-29T21:00:52+00:00","breadcrumb":{"@id":"https:\/\/exparto.pl\/sk\/produkt\/dluto-do-pluga-kverneland-prawe\/#breadcrumb"},"inLanguage":"sk-SK","potentialAction":[{"@type":"ReadAction","target":["https:\/\/exparto.pl\/sk\/produkt\/dluto-do-pluga-kverneland-prawe\/"]}]},{"@type":"ImageObject","inLanguage":"sk-SK","@id":"https:\/\/exparto.pl\/sk\/produkt\/dluto-do-pluga-kverneland-prawe\/#primaryimage","url":"https:\/\/exparto.pl\/wp-content\/uploads\/2024\/04\/2647aca403f093d8d3273dc281e52360.jpg","contentUrl":"https:\/\/exparto.pl\/wp-content\/uploads\/2024\/04\/2647aca403f093d8d3273dc281e52360.jpg","width":1200,"height":1200},{"@type":"BreadcrumbList","@id":"https:\/\/exparto.pl\/sk\/produkt\/dluto-do-pluga-kverneland-prawe\/#breadcrumb","itemListElement":[{"@type":"ListItem","position":1,"name":"Domovsk\u00e1 str\u00e1nka","item":"https:\/\/exparto.pl\/sk\/domovska-stranka\/"},{"@type":"ListItem","position":2,"name":"Sklep","item":"https:\/\/exparto.pl\/sklep\/"},{"@type":"ListItem","position":3,"name":"\u010casti pluhu","item":"https:\/\/exparto.pl\/sk\/kategoria-produktov\/casti-pluhu\/"},{"@type":"ListItem","position":4,"name":"D\u0142uta do p\u0142uga","item":"https:\/\/exparto.pl\/kategoria-produktu\/czesci-do-plugow\/dluta-do-pluga\/"},{"@type":"ListItem","position":5,"name":"D\u0142uto do p\u0142uga Kverneland prawe"}]},{"@type":"WebSite","@id":"https:\/\/exparto.pl\/sk\/#website","url":"https:\/\/exparto.pl\/sk\/","name":"EXPARTO","description":"More than agro parts","publisher":{"@id":"https:\/\/exparto.pl\/sk\/#organization"},"potentialAction":[{"@type":"SearchAction","target":{"@type":"EntryPoint","urlTemplate":"https:\/\/exparto.pl\/sk\/?s={search_term_string}"},"query-input":{"@type":"PropertyValueSpecification","valueRequired":true,"valueName":"search_term_string"}}],"inLanguage":"sk-SK"},{"@type":"Organization","@id":"https:\/\/exparto.pl\/sk\/#organization","name":"EXPARTO","url":"https:\/\/exparto.pl\/sk\/","logo":{"@type":"ImageObject","inLanguage":"sk-SK","@id":"https:\/\/exparto.pl\/sk\/#\/schema\/logo\/image\/","url":"https:\/\/exparto.pl\/wp-content\/uploads\/2023\/02\/logo-wektor.png","contentUrl":"https:\/\/exparto.pl\/wp-content\/uploads\/2023\/02\/logo-wektor.png","width":1338,"height":143,"caption":"EXPARTO"},"image":{"@id":"https:\/\/exparto.pl\/sk\/#\/schema\/logo\/image\/"},"sameAs":["https:\/\/www.facebook.com\/exparto.agro\/"]}]}},"_links":{"self":[{"href":"https:\/\/exparto.pl\/sk\/wp-json\/wp\/v2\/product\/24007","targetHints":{"allow":["GET"]}}],"collection":[{"href":"https:\/\/exparto.pl\/sk\/wp-json\/wp\/v2\/product"}],"about":[{"href":"https:\/\/exparto.pl\/sk\/wp-json\/wp\/v2\/types\/product"}],"replies":[{"embeddable":true,"href":"https:\/\/exparto.pl\/sk\/wp-json\/wp\/v2\/comments?post=24007"}],"wp:featuredmedia":[{"embeddable":true,"href":"https:\/\/exparto.pl\/sk\/wp-json\/wp\/v2\/media\/23966"}],"wp:attachment":[{"href":"https:\/\/exparto.pl\/sk\/wp-json\/wp\/v2\/media?parent=24007"}],"wp:term":[{"taxonomy":"product_brand","embeddable":true,"href":"https:\/\/exparto.pl\/sk\/wp-json\/wp\/v2\/product_brand?post=24007"},{"taxonomy":"product_cat","embeddable":true,"href":"https:\/\/exparto.pl\/sk\/wp-json\/wp\/v2\/product_cat?post=24007"},{"taxonomy":"product_tag","embeddable":true,"href":"https:\/\/exparto.pl\/sk\/wp-json\/wp\/v2\/product_tag?post=24007"}],"curies":[{"name":"wp","href":"https:\/\/api.w.org\/{rel}","templated":true}]}}