{"id":24034,"date":"2024-04-05T15:34:36","date_gmt":"2024-04-05T13:34:36","guid":{"rendered":"https:\/\/exparto.pl\/produkt\/lemiesz-agregatu-scierniskowego-lp-240-2-otwory-gruber-unia-prawy\/"},"modified":"2026-04-02T08:18:11","modified_gmt":"2026-04-02T06:18:11","slug":"lemiesz-agregatu-scierniskowego-lp-240-2-otwory-gruber-unia-prawy","status":"publish","type":"product","link":"https:\/\/exparto.pl\/sk\/produkt\/lemiesz-agregatu-scierniskowego-lp-240-2-otwory-gruber-unia-prawy\/","title":{"rendered":"Lemiesz agregatu \u015bcierniskowego LP-240\/2-otwory Gruber Unia prawy"},"content":{"rendered":"<p><p style=\"text-align: justify;\">Lemiesz prawy wykonany ze stali borowej &#8211; twardo\u015b\u0107 43-50HRC.<\/p>\n<p><b>Zastosowanie<\/b><span style=\"font-weight: 400;\">:<\/span><\/p>\n<ul>\n<li style=\"font-weight: 400;\" aria-level=\"1\"><span style=\"font-weight: 400;\">agregat \u015bcierniskowy, podorywkowy UNIA typ Kos<\/span><\/li>\n<\/ul>\n<p><b>Numer katalogowy<\/b><span style=\"font-weight: 400;\">:\u00a0<\/span><\/p>\n<ul>\n<li style=\"font-weight: 400;\" aria-level=\"1\"><span style=\"font-weight: 400;\">1738050040<\/span><\/li>\n<li style=\"font-weight: 400;\" aria-level=\"1\"><span style=\"font-weight: 400;\">1738\/05-004\/0<\/span><\/li>\n<\/ul>\n<p><span style=\"font-weight: 400;\">Przygotowali\u015bmy dla Ciebie <\/span><b>lemiesz prawy do agregatu \u015bcierniskowego lub podorywkowego UNIA typ KOS<\/b><span style=\"font-weight: 400;\">. To jedna z kluczowych cz\u0119\u015bci maszyny rolniczej, kt\u00f3ra umo\u017cliwia wykonywanie prac w polu. <\/span><b>W EXPARTO dbamy o to, aby oferowane przez nas produkty odznacza\u0142y si\u0119 zaawansowanymi parametrami.<\/b><span style=\"font-weight: 400;\"> Poznaj specyfik\u0119 lemiesza prawego do UNIA typ Kos i skorzystaj z naszej oferty.<\/span><\/p>\n<h2><span style=\"font-weight: 400;\">Lemiesz prawy do agregatu \u015bcierniskowego \u2013 UNIA typ Kos<\/span><\/h2>\n<p><b>Agregat \u015bcierniskowy to jedna z podstawowych maszyn rolniczych wykorzystywanych w gospodarstwach rolnych<\/b><span style=\"font-weight: 400;\">. Za jego pomoc\u0105 zrywa si\u0119 \u015bciernisko i spulchnia warstw\u0105 gleby. Prace tego typu wykonuje si\u0119 tu\u017c po plonach w celu lepszego gospodarowania odpadami po\u017cniwnymi oraz przygotowania pod\u0142o\u017ca pod kolejny siew.\u00a0<\/span><\/p>\n<p><span style=\"font-weight: 400;\">W\u015br\u00f3d istotnych cz\u0119\u015bci agregatu \u015bcierniskowego wymienia si\u0119 lemiesze. <\/span><b>S\u0142u\u017c\u0105 one do zrywania wierzchniej warstwy gleby i jej odwracania. W ten spos\u00f3b kruszy si\u0119 ziemie i dodatkowo spulchnia pod\u0142o\u017ce<\/b><span style=\"font-weight: 400;\">. W\u0142a\u015bnie dlatego lemiesz powinien charakteryzowa\u0107 si\u0119 wysok\u0105 odporno\u015bci\u0105 na \u015bcieranie oraz ostr\u0105 kraw\u0119dzi\u0105. <\/span><b>Oferowany przez nas produkt powstaje z hartowanej stali borowej<\/b><span style=\"font-weight: 400;\">, dzi\u0119ki czemu spe\u0142nia najwy\u017csze standardy rynkowe. Lemiesz prawy pasuje do maszyn Gruber UNIA typ Kos. <\/span><b>Skorzystaj z naszej oferty i zapewnij sobie wydajn\u0105 i bezpieczn\u0105 prac\u0119 w polu<\/b><span style=\"font-weight: 400;\">. <\/span><\/p>\n","protected":false},"excerpt":{"rendered":"<p style=\"text-align: justify;\">Lemiesz prawy<\/p>\n","protected":false},"featured_media":24002,"comment_status":"open","ping_status":"closed","template":"","meta":{"_acf_changed":false,"inline_featured_image":false},"product_brand":[],"product_cat":[773],"product_tag":[],"class_list":{"0":"post-24034","1":"product","2":"type-product","3":"status-publish","4":"has-post-thumbnail","6":"product_cat-czesci-do-agregatu-scierniskowego","8":"first","9":"outofstock","10":"taxable","11":"shipping-taxable","12":"purchasable","13":"product-type-simple"},"acf":[],"yoast_head":"<!-- This site is optimized with the Yoast SEO plugin v27.3 - https:\/\/yoast.com\/product\/yoast-seo-wordpress\/ -->\n<title>Lemiesz agregatu \u015bcierniskowego LP-240\/2-otwory Gruber Unia prawy - Exparto.pl<\/title>\n<meta name=\"robots\" content=\"index, follow, max-snippet:-1, max-image-preview:large, max-video-preview:-1\" \/>\n<link rel=\"canonical\" href=\"https:\/\/exparto.pl\/sk\/produkt\/lemiesz-agregatu-scierniskowego-lp-240-2-otwory-gruber-unia-prawy\/\" \/>\n<meta property=\"og:locale\" content=\"sk_SK\" \/>\n<meta property=\"og:type\" content=\"article\" \/>\n<meta property=\"og:title\" content=\"Lemiesz agregatu \u015bcierniskowego LP-240\/2-otwory Gruber Unia prawy - Exparto.pl\" \/>\n<meta property=\"og:description\" content=\"Lemiesz prawy\" \/>\n<meta property=\"og:url\" content=\"https:\/\/exparto.pl\/sk\/produkt\/lemiesz-agregatu-scierniskowego-lp-240-2-otwory-gruber-unia-prawy\/\" \/>\n<meta property=\"og:site_name\" content=\"Exparto.pl\" \/>\n<meta property=\"article:publisher\" content=\"https:\/\/www.facebook.com\/exparto.agro\/\" \/>\n<meta property=\"article:modified_time\" content=\"2026-04-02T06:18:11+00:00\" \/>\n<meta property=\"og:image\" content=\"https:\/\/exparto.pl\/wp-content\/uploads\/2024\/04\/e03f38f186ed5c96023c2bcac732a459.jpg\" \/>\n\t<meta property=\"og:image:width\" content=\"1200\" \/>\n\t<meta property=\"og:image:height\" content=\"1200\" \/>\n\t<meta property=\"og:image:type\" content=\"image\/jpeg\" \/>\n<meta name=\"twitter:card\" content=\"summary_large_image\" \/>\n<meta name=\"twitter:label1\" content=\"Predpokladan\u00fd \u010das \u010d\u00edtania\" \/>\n\t<meta name=\"twitter:data1\" content=\"2 min\u00faty\" \/>\n<script type=\"application\/ld+json\" class=\"yoast-schema-graph\">{\"@context\":\"https:\\\/\\\/schema.org\",\"@graph\":[{\"@type\":\"WebPage\",\"@id\":\"https:\\\/\\\/exparto.pl\\\/sk\\\/produkt\\\/lemiesz-agregatu-scierniskowego-lp-240-2-otwory-gruber-unia-prawy\\\/\",\"url\":\"https:\\\/\\\/exparto.pl\\\/sk\\\/produkt\\\/lemiesz-agregatu-scierniskowego-lp-240-2-otwory-gruber-unia-prawy\\\/\",\"name\":\"Lemiesz agregatu \u015bcierniskowego LP-240\\\/2-otwory Gruber Unia prawy - Exparto.pl\",\"isPartOf\":{\"@id\":\"https:\\\/\\\/exparto.pl\\\/sk\\\/#website\"},\"primaryImageOfPage\":{\"@id\":\"https:\\\/\\\/exparto.pl\\\/sk\\\/produkt\\\/lemiesz-agregatu-scierniskowego-lp-240-2-otwory-gruber-unia-prawy\\\/#primaryimage\"},\"image\":{\"@id\":\"https:\\\/\\\/exparto.pl\\\/sk\\\/produkt\\\/lemiesz-agregatu-scierniskowego-lp-240-2-otwory-gruber-unia-prawy\\\/#primaryimage\"},\"thumbnailUrl\":\"https:\\\/\\\/exparto.pl\\\/wp-content\\\/uploads\\\/2024\\\/04\\\/e03f38f186ed5c96023c2bcac732a459.jpg\",\"datePublished\":\"2024-04-05T13:34:36+00:00\",\"dateModified\":\"2026-04-02T06:18:11+00:00\",\"breadcrumb\":{\"@id\":\"https:\\\/\\\/exparto.pl\\\/sk\\\/produkt\\\/lemiesz-agregatu-scierniskowego-lp-240-2-otwory-gruber-unia-prawy\\\/#breadcrumb\"},\"inLanguage\":\"sk-SK\",\"potentialAction\":[{\"@type\":\"ReadAction\",\"target\":[\"https:\\\/\\\/exparto.pl\\\/sk\\\/produkt\\\/lemiesz-agregatu-scierniskowego-lp-240-2-otwory-gruber-unia-prawy\\\/\"]}]},{\"@type\":\"ImageObject\",\"inLanguage\":\"sk-SK\",\"@id\":\"https:\\\/\\\/exparto.pl\\\/sk\\\/produkt\\\/lemiesz-agregatu-scierniskowego-lp-240-2-otwory-gruber-unia-prawy\\\/#primaryimage\",\"url\":\"https:\\\/\\\/exparto.pl\\\/wp-content\\\/uploads\\\/2024\\\/04\\\/e03f38f186ed5c96023c2bcac732a459.jpg\",\"contentUrl\":\"https:\\\/\\\/exparto.pl\\\/wp-content\\\/uploads\\\/2024\\\/04\\\/e03f38f186ed5c96023c2bcac732a459.jpg\",\"width\":1200,\"height\":1200},{\"@type\":\"BreadcrumbList\",\"@id\":\"https:\\\/\\\/exparto.pl\\\/sk\\\/produkt\\\/lemiesz-agregatu-scierniskowego-lp-240-2-otwory-gruber-unia-prawy\\\/#breadcrumb\",\"itemListElement\":[{\"@type\":\"ListItem\",\"position\":1,\"name\":\"Domovsk\u00e1 str\u00e1nka\",\"item\":\"https:\\\/\\\/exparto.pl\\\/sk\\\/domovska-stranka\\\/\"},{\"@type\":\"ListItem\",\"position\":2,\"name\":\"Sklep\",\"item\":\"https:\\\/\\\/exparto.pl\\\/sklep\\\/\"},{\"@type\":\"ListItem\",\"position\":3,\"name\":\"Diely pre strniskov\u00fa jednotku\",\"item\":\"https:\\\/\\\/exparto.pl\\\/sk\\\/kategoria-produktov\\\/diely-pre-strniskovu-jednotku\\\/\"},{\"@type\":\"ListItem\",\"position\":4,\"name\":\"Lemiesz agregatu \u015bcierniskowego LP-240\\\/2-otwory Gruber Unia prawy\"}]},{\"@type\":\"WebSite\",\"@id\":\"https:\\\/\\\/exparto.pl\\\/sk\\\/#website\",\"url\":\"https:\\\/\\\/exparto.pl\\\/sk\\\/\",\"name\":\"EXPARTO\",\"description\":\"More than agro parts\",\"publisher\":{\"@id\":\"https:\\\/\\\/exparto.pl\\\/sk\\\/#organization\"},\"potentialAction\":[{\"@type\":\"SearchAction\",\"target\":{\"@type\":\"EntryPoint\",\"urlTemplate\":\"https:\\\/\\\/exparto.pl\\\/sk\\\/?s={search_term_string}\"},\"query-input\":{\"@type\":\"PropertyValueSpecification\",\"valueRequired\":true,\"valueName\":\"search_term_string\"}}],\"inLanguage\":\"sk-SK\"},{\"@type\":\"Organization\",\"@id\":\"https:\\\/\\\/exparto.pl\\\/sk\\\/#organization\",\"name\":\"EXPARTO\",\"url\":\"https:\\\/\\\/exparto.pl\\\/sk\\\/\",\"logo\":{\"@type\":\"ImageObject\",\"inLanguage\":\"sk-SK\",\"@id\":\"https:\\\/\\\/exparto.pl\\\/sk\\\/#\\\/schema\\\/logo\\\/image\\\/\",\"url\":\"https:\\\/\\\/exparto.pl\\\/wp-content\\\/uploads\\\/2023\\\/02\\\/logo-wektor.png\",\"contentUrl\":\"https:\\\/\\\/exparto.pl\\\/wp-content\\\/uploads\\\/2023\\\/02\\\/logo-wektor.png\",\"width\":1338,\"height\":143,\"caption\":\"EXPARTO\"},\"image\":{\"@id\":\"https:\\\/\\\/exparto.pl\\\/sk\\\/#\\\/schema\\\/logo\\\/image\\\/\"},\"sameAs\":[\"https:\\\/\\\/www.facebook.com\\\/exparto.agro\\\/\"]}]}<\/script>\n<!-- \/ Yoast SEO plugin. -->","yoast_head_json":{"title":"Lemiesz agregatu \u015bcierniskowego LP-240\/2-otwory Gruber Unia prawy - Exparto.pl","robots":{"index":"index","follow":"follow","max-snippet":"max-snippet:-1","max-image-preview":"max-image-preview:large","max-video-preview":"max-video-preview:-1"},"canonical":"https:\/\/exparto.pl\/sk\/produkt\/lemiesz-agregatu-scierniskowego-lp-240-2-otwory-gruber-unia-prawy\/","og_locale":"sk_SK","og_type":"article","og_title":"Lemiesz agregatu \u015bcierniskowego LP-240\/2-otwory Gruber Unia prawy - Exparto.pl","og_description":"Lemiesz prawy","og_url":"https:\/\/exparto.pl\/sk\/produkt\/lemiesz-agregatu-scierniskowego-lp-240-2-otwory-gruber-unia-prawy\/","og_site_name":"Exparto.pl","article_publisher":"https:\/\/www.facebook.com\/exparto.agro\/","article_modified_time":"2026-04-02T06:18:11+00:00","og_image":[{"width":1200,"height":1200,"url":"https:\/\/exparto.pl\/wp-content\/uploads\/2024\/04\/e03f38f186ed5c96023c2bcac732a459.jpg","type":"image\/jpeg"}],"twitter_card":"summary_large_image","twitter_misc":{"Predpokladan\u00fd \u010das \u010d\u00edtania":"2 min\u00faty"},"schema":{"@context":"https:\/\/schema.org","@graph":[{"@type":"WebPage","@id":"https:\/\/exparto.pl\/sk\/produkt\/lemiesz-agregatu-scierniskowego-lp-240-2-otwory-gruber-unia-prawy\/","url":"https:\/\/exparto.pl\/sk\/produkt\/lemiesz-agregatu-scierniskowego-lp-240-2-otwory-gruber-unia-prawy\/","name":"Lemiesz agregatu \u015bcierniskowego LP-240\/2-otwory Gruber Unia prawy - Exparto.pl","isPartOf":{"@id":"https:\/\/exparto.pl\/sk\/#website"},"primaryImageOfPage":{"@id":"https:\/\/exparto.pl\/sk\/produkt\/lemiesz-agregatu-scierniskowego-lp-240-2-otwory-gruber-unia-prawy\/#primaryimage"},"image":{"@id":"https:\/\/exparto.pl\/sk\/produkt\/lemiesz-agregatu-scierniskowego-lp-240-2-otwory-gruber-unia-prawy\/#primaryimage"},"thumbnailUrl":"https:\/\/exparto.pl\/wp-content\/uploads\/2024\/04\/e03f38f186ed5c96023c2bcac732a459.jpg","datePublished":"2024-04-05T13:34:36+00:00","dateModified":"2026-04-02T06:18:11+00:00","breadcrumb":{"@id":"https:\/\/exparto.pl\/sk\/produkt\/lemiesz-agregatu-scierniskowego-lp-240-2-otwory-gruber-unia-prawy\/#breadcrumb"},"inLanguage":"sk-SK","potentialAction":[{"@type":"ReadAction","target":["https:\/\/exparto.pl\/sk\/produkt\/lemiesz-agregatu-scierniskowego-lp-240-2-otwory-gruber-unia-prawy\/"]}]},{"@type":"ImageObject","inLanguage":"sk-SK","@id":"https:\/\/exparto.pl\/sk\/produkt\/lemiesz-agregatu-scierniskowego-lp-240-2-otwory-gruber-unia-prawy\/#primaryimage","url":"https:\/\/exparto.pl\/wp-content\/uploads\/2024\/04\/e03f38f186ed5c96023c2bcac732a459.jpg","contentUrl":"https:\/\/exparto.pl\/wp-content\/uploads\/2024\/04\/e03f38f186ed5c96023c2bcac732a459.jpg","width":1200,"height":1200},{"@type":"BreadcrumbList","@id":"https:\/\/exparto.pl\/sk\/produkt\/lemiesz-agregatu-scierniskowego-lp-240-2-otwory-gruber-unia-prawy\/#breadcrumb","itemListElement":[{"@type":"ListItem","position":1,"name":"Domovsk\u00e1 str\u00e1nka","item":"https:\/\/exparto.pl\/sk\/domovska-stranka\/"},{"@type":"ListItem","position":2,"name":"Sklep","item":"https:\/\/exparto.pl\/sklep\/"},{"@type":"ListItem","position":3,"name":"Diely pre strniskov\u00fa jednotku","item":"https:\/\/exparto.pl\/sk\/kategoria-produktov\/diely-pre-strniskovu-jednotku\/"},{"@type":"ListItem","position":4,"name":"Lemiesz agregatu \u015bcierniskowego LP-240\/2-otwory Gruber Unia prawy"}]},{"@type":"WebSite","@id":"https:\/\/exparto.pl\/sk\/#website","url":"https:\/\/exparto.pl\/sk\/","name":"EXPARTO","description":"More than agro parts","publisher":{"@id":"https:\/\/exparto.pl\/sk\/#organization"},"potentialAction":[{"@type":"SearchAction","target":{"@type":"EntryPoint","urlTemplate":"https:\/\/exparto.pl\/sk\/?s={search_term_string}"},"query-input":{"@type":"PropertyValueSpecification","valueRequired":true,"valueName":"search_term_string"}}],"inLanguage":"sk-SK"},{"@type":"Organization","@id":"https:\/\/exparto.pl\/sk\/#organization","name":"EXPARTO","url":"https:\/\/exparto.pl\/sk\/","logo":{"@type":"ImageObject","inLanguage":"sk-SK","@id":"https:\/\/exparto.pl\/sk\/#\/schema\/logo\/image\/","url":"https:\/\/exparto.pl\/wp-content\/uploads\/2023\/02\/logo-wektor.png","contentUrl":"https:\/\/exparto.pl\/wp-content\/uploads\/2023\/02\/logo-wektor.png","width":1338,"height":143,"caption":"EXPARTO"},"image":{"@id":"https:\/\/exparto.pl\/sk\/#\/schema\/logo\/image\/"},"sameAs":["https:\/\/www.facebook.com\/exparto.agro\/"]}]}},"_links":{"self":[{"href":"https:\/\/exparto.pl\/sk\/wp-json\/wp\/v2\/product\/24034","targetHints":{"allow":["GET"]}}],"collection":[{"href":"https:\/\/exparto.pl\/sk\/wp-json\/wp\/v2\/product"}],"about":[{"href":"https:\/\/exparto.pl\/sk\/wp-json\/wp\/v2\/types\/product"}],"replies":[{"embeddable":true,"href":"https:\/\/exparto.pl\/sk\/wp-json\/wp\/v2\/comments?post=24034"}],"wp:featuredmedia":[{"embeddable":true,"href":"https:\/\/exparto.pl\/sk\/wp-json\/wp\/v2\/media\/24002"}],"wp:attachment":[{"href":"https:\/\/exparto.pl\/sk\/wp-json\/wp\/v2\/media?parent=24034"}],"wp:term":[{"taxonomy":"product_brand","embeddable":true,"href":"https:\/\/exparto.pl\/sk\/wp-json\/wp\/v2\/product_brand?post=24034"},{"taxonomy":"product_cat","embeddable":true,"href":"https:\/\/exparto.pl\/sk\/wp-json\/wp\/v2\/product_cat?post=24034"},{"taxonomy":"product_tag","embeddable":true,"href":"https:\/\/exparto.pl\/sk\/wp-json\/wp\/v2\/product_tag?post=24034"}],"curies":[{"name":"wp","href":"https:\/\/api.w.org\/{rel}","templated":true}]}}