{"id":24135,"date":"2024-04-05T15:37:55","date_gmt":"2024-04-05T13:37:55","guid":{"rendered":"https:\/\/exparto.pl\/produkt\/nakladka-zeba-dwuotworowego-agregat-scierniskowy-ap-702-kos-unia\/"},"modified":"2026-03-16T09:40:18","modified_gmt":"2026-03-16T08:40:18","slug":"nakladka-zeba-dwuotworowego-agregat-scierniskowy-ap-702-kos-unia","status":"publish","type":"product","link":"https:\/\/exparto.pl\/sk\/produkt\/nakladka-zeba-dwuotworowego-agregat-scierniskowy-ap-702-kos-unia\/","title":{"rendered":"Nak\u0142adka z\u0119ba dwuotworowego agregat \u015bcierniskowy Ap\/702 Kos Unia"},"content":{"rendered":"<p><p style=\"text-align: justify;\">Nak\u0142adka z\u0119ba dwuotworowego wykonana ze stali borowej &#8211; twardo\u015b\u0107 43-50HRC.<\/p>\n<p><b>Zastosowanie<\/b><span style=\"font-weight: 400;\">:<\/span><\/p>\n<ul>\n<li style=\"font-weight: 400;\" aria-level=\"1\"><span style=\"font-weight: 400;\">agregat \u015bcierniskowy, podorywkowy UNIA typ Kos<\/span><\/li>\n<\/ul>\n<p><b>Numer katalogowy<\/b><span style=\"font-weight: 400;\">:\u00a0<\/span><\/p>\n<ul>\n<li style=\"font-weight: 400;\" aria-level=\"1\"><span style=\"font-weight: 400;\">1738050070<\/span><\/li>\n<li style=\"font-weight: 400;\" aria-level=\"1\"><span style=\"font-weight: 400;\">1738\/05-007\/0<\/span><\/li>\n<\/ul>\n<p><b>Dost\u0119pna tu nak\u0142adka z\u0119ba dwuotworowego pasuje do agregat\u00f3w \u015bcierniskowych i kultywator\u00f3w producenta UNIA typu Kos<\/b><span style=\"font-weight: 400;\">. Cz\u0119\u015b\u0107 ta wykorzystywana jest w celu zwi\u0119kszenia wytrzyma\u0142o\u015bci z\u0119ba dwuotworowego oraz zapewnienia prawid\u0142owej pracy maszyny rolniczej w d\u0142u\u017cszej perspektywie. Oferowana przez nas nak\u0142adka spe\u0142nia najwy\u017csze standardy rynkowe i jest dobrze dopasowana do urz\u0105dze\u0144 wskazanych w specyfikacji.<\/span><\/p>\n<h2><span style=\"font-weight: 400;\">Nak\u0142adka z\u0119ba dwuotworowego agregatu \u015bcierniskowego, kultywatora \u2013 UNIA typ Kos<\/span><\/h2>\n<p><span style=\"font-weight: 400;\">Nak\u0142adka z\u0119ba agregatu \u015bcierniskowego to niewielka cz\u0119\u015b\u0107, kt\u00f3ra wykorzystywana jest w konstrukcji maszyn z kilku powod\u00f3w. <\/span><b>Przede wszystkim stanowi zabezpieczenie dla z\u0119ba agregatu lub kultywatora<\/b><span style=\"font-weight: 400;\">. Oznacza to, \u017ce prawid\u0142owo dopasowana nak\u0142adka zmniejsza ryzyko uszkodzenia tego elementu oraz wyd\u0142u\u017ca jego \u017cywotno\u015b\u0107. Dzi\u0119ki temu jako rolnik optymalizujesz koszty utrzymania parku maszyn w gospodarstwie oraz zapewniasz sobie spokojn\u0105 i wydajn\u0105 prac\u0119.\u00a0<\/span><\/p>\n<p><p style=\"text-align: justify;\"><span style=\"font-weight: 400;\">W EXPARTO dbamy, aby ka\u017cdy produkt dost\u0119pny w asortymencie charakteryzowa\u0142 si\u0119 pierwszorz\u0119dn\u0105 jako\u015bci\u0105. Taka te\u017c jest <\/span><b>nak\u0142adka z\u0119ba kultywatora<\/b><span style=\"font-weight: 400;\"> \u2013 cz\u0119\u015b\u0107 ta<\/span><b> jest wykonana z hartowanej stali borowej, co zapewnia jej wysok\u0105 odporno\u015b\u0107 na \u015bcieranie oraz przed\u0142u\u017ca \u017cywotno\u015b\u0107. <\/b><span style=\"font-weight: 400;\">Element pasuje do <\/span><b>kultywator\u00f3w i agregat\u00f3w \u015bcierniskowych producenta UNIA<\/b><span style=\"font-weight: 400;\">. Skorzystaj z naszej oferty i zapewnij sobie sprawdzone cz\u0119\u015bci do maszyn rolniczych. <\/span><\/p>\n","protected":false},"excerpt":{"rendered":"<p style=\"text-align: justify;\">Nak\u0142adka z\u0119ba<\/p>\n","protected":false},"featured_media":24093,"comment_status":"open","ping_status":"closed","template":"","meta":{"_acf_changed":false,"inline_featured_image":false},"product_brand":[],"product_cat":[773],"product_tag":[],"class_list":{"0":"post-24135","1":"product","2":"type-product","3":"status-publish","4":"has-post-thumbnail","6":"product_cat-czesci-do-agregatu-scierniskowego","8":"first","9":"instock","10":"taxable","11":"shipping-taxable","12":"purchasable","13":"product-type-simple"},"acf":[],"yoast_head":"<!-- This site is optimized with the Yoast SEO plugin v27.3 - https:\/\/yoast.com\/product\/yoast-seo-wordpress\/ -->\n<title>Nak\u0142adka z\u0119ba dwuotworowego agregat \u015bcierniskowy Ap\/702 Kos Unia - Exparto.pl<\/title>\n<meta name=\"robots\" content=\"index, follow, max-snippet:-1, max-image-preview:large, max-video-preview:-1\" \/>\n<link rel=\"canonical\" href=\"https:\/\/exparto.pl\/sk\/produkt\/nakladka-zeba-dwuotworowego-agregat-scierniskowy-ap-702-kos-unia\/\" \/>\n<meta property=\"og:locale\" content=\"sk_SK\" \/>\n<meta property=\"og:type\" content=\"article\" \/>\n<meta property=\"og:title\" content=\"Nak\u0142adka z\u0119ba dwuotworowego agregat \u015bcierniskowy Ap\/702 Kos Unia - Exparto.pl\" \/>\n<meta property=\"og:description\" content=\"Nak\u0142adka z\u0119ba\" \/>\n<meta property=\"og:url\" content=\"https:\/\/exparto.pl\/sk\/produkt\/nakladka-zeba-dwuotworowego-agregat-scierniskowy-ap-702-kos-unia\/\" \/>\n<meta property=\"og:site_name\" content=\"Exparto.pl\" \/>\n<meta property=\"article:publisher\" content=\"https:\/\/www.facebook.com\/exparto.agro\/\" \/>\n<meta property=\"article:modified_time\" content=\"2026-03-16T08:40:18+00:00\" \/>\n<meta property=\"og:image\" content=\"https:\/\/exparto.pl\/wp-content\/uploads\/2024\/04\/bb959f663c536a009de5c41f9c273a57.jpg\" \/>\n\t<meta property=\"og:image:width\" content=\"1200\" \/>\n\t<meta property=\"og:image:height\" content=\"1200\" \/>\n\t<meta property=\"og:image:type\" content=\"image\/jpeg\" \/>\n<meta name=\"twitter:card\" content=\"summary_large_image\" \/>\n<meta name=\"twitter:label1\" content=\"Predpokladan\u00fd \u010das \u010d\u00edtania\" \/>\n\t<meta name=\"twitter:data1\" content=\"2 min\u00faty\" \/>\n<script type=\"application\/ld+json\" class=\"yoast-schema-graph\">{\"@context\":\"https:\\\/\\\/schema.org\",\"@graph\":[{\"@type\":\"WebPage\",\"@id\":\"https:\\\/\\\/exparto.pl\\\/sk\\\/produkt\\\/nakladka-zeba-dwuotworowego-agregat-scierniskowy-ap-702-kos-unia\\\/\",\"url\":\"https:\\\/\\\/exparto.pl\\\/sk\\\/produkt\\\/nakladka-zeba-dwuotworowego-agregat-scierniskowy-ap-702-kos-unia\\\/\",\"name\":\"Nak\u0142adka z\u0119ba dwuotworowego agregat \u015bcierniskowy Ap\\\/702 Kos Unia - Exparto.pl\",\"isPartOf\":{\"@id\":\"https:\\\/\\\/exparto.pl\\\/sk\\\/#website\"},\"primaryImageOfPage\":{\"@id\":\"https:\\\/\\\/exparto.pl\\\/sk\\\/produkt\\\/nakladka-zeba-dwuotworowego-agregat-scierniskowy-ap-702-kos-unia\\\/#primaryimage\"},\"image\":{\"@id\":\"https:\\\/\\\/exparto.pl\\\/sk\\\/produkt\\\/nakladka-zeba-dwuotworowego-agregat-scierniskowy-ap-702-kos-unia\\\/#primaryimage\"},\"thumbnailUrl\":\"https:\\\/\\\/exparto.pl\\\/wp-content\\\/uploads\\\/2024\\\/04\\\/bb959f663c536a009de5c41f9c273a57.jpg\",\"datePublished\":\"2024-04-05T13:37:55+00:00\",\"dateModified\":\"2026-03-16T08:40:18+00:00\",\"breadcrumb\":{\"@id\":\"https:\\\/\\\/exparto.pl\\\/sk\\\/produkt\\\/nakladka-zeba-dwuotworowego-agregat-scierniskowy-ap-702-kos-unia\\\/#breadcrumb\"},\"inLanguage\":\"sk-SK\",\"potentialAction\":[{\"@type\":\"ReadAction\",\"target\":[\"https:\\\/\\\/exparto.pl\\\/sk\\\/produkt\\\/nakladka-zeba-dwuotworowego-agregat-scierniskowy-ap-702-kos-unia\\\/\"]}]},{\"@type\":\"ImageObject\",\"inLanguage\":\"sk-SK\",\"@id\":\"https:\\\/\\\/exparto.pl\\\/sk\\\/produkt\\\/nakladka-zeba-dwuotworowego-agregat-scierniskowy-ap-702-kos-unia\\\/#primaryimage\",\"url\":\"https:\\\/\\\/exparto.pl\\\/wp-content\\\/uploads\\\/2024\\\/04\\\/bb959f663c536a009de5c41f9c273a57.jpg\",\"contentUrl\":\"https:\\\/\\\/exparto.pl\\\/wp-content\\\/uploads\\\/2024\\\/04\\\/bb959f663c536a009de5c41f9c273a57.jpg\",\"width\":1200,\"height\":1200},{\"@type\":\"BreadcrumbList\",\"@id\":\"https:\\\/\\\/exparto.pl\\\/sk\\\/produkt\\\/nakladka-zeba-dwuotworowego-agregat-scierniskowy-ap-702-kos-unia\\\/#breadcrumb\",\"itemListElement\":[{\"@type\":\"ListItem\",\"position\":1,\"name\":\"Domovsk\u00e1 str\u00e1nka\",\"item\":\"https:\\\/\\\/exparto.pl\\\/sk\\\/domovska-stranka\\\/\"},{\"@type\":\"ListItem\",\"position\":2,\"name\":\"Sklep\",\"item\":\"https:\\\/\\\/exparto.pl\\\/sklep\\\/\"},{\"@type\":\"ListItem\",\"position\":3,\"name\":\"Diely pre strniskov\u00fa jednotku\",\"item\":\"https:\\\/\\\/exparto.pl\\\/sk\\\/kategoria-produktov\\\/diely-pre-strniskovu-jednotku\\\/\"},{\"@type\":\"ListItem\",\"position\":4,\"name\":\"Nak\u0142adka z\u0119ba dwuotworowego agregat \u015bcierniskowy Ap\\\/702 Kos Unia\"}]},{\"@type\":\"WebSite\",\"@id\":\"https:\\\/\\\/exparto.pl\\\/sk\\\/#website\",\"url\":\"https:\\\/\\\/exparto.pl\\\/sk\\\/\",\"name\":\"EXPARTO\",\"description\":\"More than agro parts\",\"publisher\":{\"@id\":\"https:\\\/\\\/exparto.pl\\\/sk\\\/#organization\"},\"potentialAction\":[{\"@type\":\"SearchAction\",\"target\":{\"@type\":\"EntryPoint\",\"urlTemplate\":\"https:\\\/\\\/exparto.pl\\\/sk\\\/?s={search_term_string}\"},\"query-input\":{\"@type\":\"PropertyValueSpecification\",\"valueRequired\":true,\"valueName\":\"search_term_string\"}}],\"inLanguage\":\"sk-SK\"},{\"@type\":\"Organization\",\"@id\":\"https:\\\/\\\/exparto.pl\\\/sk\\\/#organization\",\"name\":\"EXPARTO\",\"url\":\"https:\\\/\\\/exparto.pl\\\/sk\\\/\",\"logo\":{\"@type\":\"ImageObject\",\"inLanguage\":\"sk-SK\",\"@id\":\"https:\\\/\\\/exparto.pl\\\/sk\\\/#\\\/schema\\\/logo\\\/image\\\/\",\"url\":\"https:\\\/\\\/exparto.pl\\\/wp-content\\\/uploads\\\/2023\\\/02\\\/logo-wektor.png\",\"contentUrl\":\"https:\\\/\\\/exparto.pl\\\/wp-content\\\/uploads\\\/2023\\\/02\\\/logo-wektor.png\",\"width\":1338,\"height\":143,\"caption\":\"EXPARTO\"},\"image\":{\"@id\":\"https:\\\/\\\/exparto.pl\\\/sk\\\/#\\\/schema\\\/logo\\\/image\\\/\"},\"sameAs\":[\"https:\\\/\\\/www.facebook.com\\\/exparto.agro\\\/\"]}]}<\/script>\n<!-- \/ Yoast SEO plugin. -->","yoast_head_json":{"title":"Nak\u0142adka z\u0119ba dwuotworowego agregat \u015bcierniskowy Ap\/702 Kos Unia - Exparto.pl","robots":{"index":"index","follow":"follow","max-snippet":"max-snippet:-1","max-image-preview":"max-image-preview:large","max-video-preview":"max-video-preview:-1"},"canonical":"https:\/\/exparto.pl\/sk\/produkt\/nakladka-zeba-dwuotworowego-agregat-scierniskowy-ap-702-kos-unia\/","og_locale":"sk_SK","og_type":"article","og_title":"Nak\u0142adka z\u0119ba dwuotworowego agregat \u015bcierniskowy Ap\/702 Kos Unia - Exparto.pl","og_description":"Nak\u0142adka z\u0119ba","og_url":"https:\/\/exparto.pl\/sk\/produkt\/nakladka-zeba-dwuotworowego-agregat-scierniskowy-ap-702-kos-unia\/","og_site_name":"Exparto.pl","article_publisher":"https:\/\/www.facebook.com\/exparto.agro\/","article_modified_time":"2026-03-16T08:40:18+00:00","og_image":[{"width":1200,"height":1200,"url":"https:\/\/exparto.pl\/wp-content\/uploads\/2024\/04\/bb959f663c536a009de5c41f9c273a57.jpg","type":"image\/jpeg"}],"twitter_card":"summary_large_image","twitter_misc":{"Predpokladan\u00fd \u010das \u010d\u00edtania":"2 min\u00faty"},"schema":{"@context":"https:\/\/schema.org","@graph":[{"@type":"WebPage","@id":"https:\/\/exparto.pl\/sk\/produkt\/nakladka-zeba-dwuotworowego-agregat-scierniskowy-ap-702-kos-unia\/","url":"https:\/\/exparto.pl\/sk\/produkt\/nakladka-zeba-dwuotworowego-agregat-scierniskowy-ap-702-kos-unia\/","name":"Nak\u0142adka z\u0119ba dwuotworowego agregat \u015bcierniskowy Ap\/702 Kos Unia - Exparto.pl","isPartOf":{"@id":"https:\/\/exparto.pl\/sk\/#website"},"primaryImageOfPage":{"@id":"https:\/\/exparto.pl\/sk\/produkt\/nakladka-zeba-dwuotworowego-agregat-scierniskowy-ap-702-kos-unia\/#primaryimage"},"image":{"@id":"https:\/\/exparto.pl\/sk\/produkt\/nakladka-zeba-dwuotworowego-agregat-scierniskowy-ap-702-kos-unia\/#primaryimage"},"thumbnailUrl":"https:\/\/exparto.pl\/wp-content\/uploads\/2024\/04\/bb959f663c536a009de5c41f9c273a57.jpg","datePublished":"2024-04-05T13:37:55+00:00","dateModified":"2026-03-16T08:40:18+00:00","breadcrumb":{"@id":"https:\/\/exparto.pl\/sk\/produkt\/nakladka-zeba-dwuotworowego-agregat-scierniskowy-ap-702-kos-unia\/#breadcrumb"},"inLanguage":"sk-SK","potentialAction":[{"@type":"ReadAction","target":["https:\/\/exparto.pl\/sk\/produkt\/nakladka-zeba-dwuotworowego-agregat-scierniskowy-ap-702-kos-unia\/"]}]},{"@type":"ImageObject","inLanguage":"sk-SK","@id":"https:\/\/exparto.pl\/sk\/produkt\/nakladka-zeba-dwuotworowego-agregat-scierniskowy-ap-702-kos-unia\/#primaryimage","url":"https:\/\/exparto.pl\/wp-content\/uploads\/2024\/04\/bb959f663c536a009de5c41f9c273a57.jpg","contentUrl":"https:\/\/exparto.pl\/wp-content\/uploads\/2024\/04\/bb959f663c536a009de5c41f9c273a57.jpg","width":1200,"height":1200},{"@type":"BreadcrumbList","@id":"https:\/\/exparto.pl\/sk\/produkt\/nakladka-zeba-dwuotworowego-agregat-scierniskowy-ap-702-kos-unia\/#breadcrumb","itemListElement":[{"@type":"ListItem","position":1,"name":"Domovsk\u00e1 str\u00e1nka","item":"https:\/\/exparto.pl\/sk\/domovska-stranka\/"},{"@type":"ListItem","position":2,"name":"Sklep","item":"https:\/\/exparto.pl\/sklep\/"},{"@type":"ListItem","position":3,"name":"Diely pre strniskov\u00fa jednotku","item":"https:\/\/exparto.pl\/sk\/kategoria-produktov\/diely-pre-strniskovu-jednotku\/"},{"@type":"ListItem","position":4,"name":"Nak\u0142adka z\u0119ba dwuotworowego agregat \u015bcierniskowy Ap\/702 Kos Unia"}]},{"@type":"WebSite","@id":"https:\/\/exparto.pl\/sk\/#website","url":"https:\/\/exparto.pl\/sk\/","name":"EXPARTO","description":"More than agro parts","publisher":{"@id":"https:\/\/exparto.pl\/sk\/#organization"},"potentialAction":[{"@type":"SearchAction","target":{"@type":"EntryPoint","urlTemplate":"https:\/\/exparto.pl\/sk\/?s={search_term_string}"},"query-input":{"@type":"PropertyValueSpecification","valueRequired":true,"valueName":"search_term_string"}}],"inLanguage":"sk-SK"},{"@type":"Organization","@id":"https:\/\/exparto.pl\/sk\/#organization","name":"EXPARTO","url":"https:\/\/exparto.pl\/sk\/","logo":{"@type":"ImageObject","inLanguage":"sk-SK","@id":"https:\/\/exparto.pl\/sk\/#\/schema\/logo\/image\/","url":"https:\/\/exparto.pl\/wp-content\/uploads\/2023\/02\/logo-wektor.png","contentUrl":"https:\/\/exparto.pl\/wp-content\/uploads\/2023\/02\/logo-wektor.png","width":1338,"height":143,"caption":"EXPARTO"},"image":{"@id":"https:\/\/exparto.pl\/sk\/#\/schema\/logo\/image\/"},"sameAs":["https:\/\/www.facebook.com\/exparto.agro\/"]}]}},"_links":{"self":[{"href":"https:\/\/exparto.pl\/sk\/wp-json\/wp\/v2\/product\/24135","targetHints":{"allow":["GET"]}}],"collection":[{"href":"https:\/\/exparto.pl\/sk\/wp-json\/wp\/v2\/product"}],"about":[{"href":"https:\/\/exparto.pl\/sk\/wp-json\/wp\/v2\/types\/product"}],"replies":[{"embeddable":true,"href":"https:\/\/exparto.pl\/sk\/wp-json\/wp\/v2\/comments?post=24135"}],"wp:featuredmedia":[{"embeddable":true,"href":"https:\/\/exparto.pl\/sk\/wp-json\/wp\/v2\/media\/24093"}],"wp:attachment":[{"href":"https:\/\/exparto.pl\/sk\/wp-json\/wp\/v2\/media?parent=24135"}],"wp:term":[{"taxonomy":"product_brand","embeddable":true,"href":"https:\/\/exparto.pl\/sk\/wp-json\/wp\/v2\/product_brand?post=24135"},{"taxonomy":"product_cat","embeddable":true,"href":"https:\/\/exparto.pl\/sk\/wp-json\/wp\/v2\/product_cat?post=24135"},{"taxonomy":"product_tag","embeddable":true,"href":"https:\/\/exparto.pl\/sk\/wp-json\/wp\/v2\/product_tag?post=24135"}],"curies":[{"name":"wp","href":"https:\/\/api.w.org\/{rel}","templated":true}]}}