{"id":24254,"date":"2024-04-05T15:44:14","date_gmt":"2024-04-05T13:44:14","guid":{"rendered":"https:\/\/exparto.pl\/produkt\/nakladka-plozy-tylna-do-pluga-po735-unia-lewa\/"},"modified":"2026-01-21T12:34:38","modified_gmt":"2026-01-21T11:34:38","slug":"nakladka-plozy-tylna-do-pluga-po735-unia-lewa","status":"publish","type":"product","link":"https:\/\/exparto.pl\/sk\/produkt\/nakladka-plozy-tylna-do-pluga-po735-unia-lewa\/","title":{"rendered":"Nak\u0142adka p\u0142ozy tylna do p\u0142uga PO735 Unia lewa"},"content":{"rendered":"<p><b>Zastosowanie<\/b><span style=\"font-weight: 400;\">:<\/span><\/p>\n<ul>\n<li style=\"font-weight: 400;\" aria-level=\"1\"><span style=\"font-weight: 400;\">p\u0142ugi obrotowe UNIA IBIS<\/span><\/li>\n<\/ul>\n<p><b>Numer katalogowy<\/b><span style=\"font-weight: 400;\">:\u00a0<\/span><\/p>\n<ul>\n<li style=\"font-weight: 400;\" aria-level=\"1\"><span style=\"font-weight: 400;\">1117810010<\/span><\/li>\n<\/ul>\n<p><b>Oferowana w naszym sklepie nak\u0142adka p\u0142ozy tylna do p\u0142uga lewa pasuje do p\u0142ug\u00f3w obrotowych producenta UNIA IBIS<\/b><span style=\"font-weight: 400;\">. Dzi\u0119ki niej zwi\u0119kszysz \u017cywotno\u015b\u0107 p\u0142ozy w p\u0142ugu oraz spowolnisz proces jej degradacji, oszcz\u0119dzaj\u0105c pieni\u0105dze i gwarantuj\u0105c sobie wydajn\u0105 prac\u0119 w polu. Proponowany przez nas produkt spe\u0142nia najwy\u017csze standardy rynkowe w zakresie jako\u015bci wykonania i wytrzyma\u0142o\u015bci.<\/span><\/p>\n<h2><span style=\"font-weight: 400;\">Nak\u0142adka p\u0142ozy p\u0142uga \u2013 tylna lewa \u2013 Unia Grudzi\u0105dz<\/span><\/h2>\n<p><span style=\"font-weight: 400;\">P\u0142ug rolniczy to jeden z niezb\u0119dnych sprz\u0119t\u00f3w w wielu gospodarstwach rolnych. <\/span><b>To funkcjonalna maszyna umo\u017cliwiaj\u0105ca sprawne przeprowadzenie podstawowych prac agrarnych takich jak m.in.: spulchnianie i kruszenie ziemi<\/b><span style=\"font-weight: 400;\">. Stosuje si\u0119 je w ramach przygotowania stanowiska pod wysiew lub po przeprowadzeniu zbioru p\u0142od\u00f3w rolnych. Do kluczowych element\u00f3w konstrukcji p\u0142uga nale\u017cy p\u0142oza, kt\u00f3ra odpowiada za wyznaczenie kierunku orki oraz g\u0142\u0119boko\u015b\u0107 i kszta\u0142t bruzd.\u00a0<\/span><\/p>\n<p><span style=\"font-weight: 400;\">Ze wzgl\u0119du na specyfik\u0119 jej u\u017cytkowania, p\u0142oza nara\u017cona jest na uszkodzenia mechaniczne, \u015bcieranie i przyspieszon\u0105 degradacj\u0119. <\/span><b>Mo\u017cesz spowolni\u0107 ten proces poprzez zastosowanie dedykowanej nak\u0142adki p\u0142ozy<\/b><span style=\"font-weight: 400;\">. Zabezpiecza ona cz\u0119\u015b\u0107 przed uszkodzeniami i pozwala na zoptymalizowanie koszt\u00f3w prowadzenia gospodarstwa rolnego. <\/span><span style=\"font-weight: 400;\"><\/p>\n<p><\/span><span style=\"font-weight: 400;\"><\/p>\n<p><\/span><b>W naszej ofercie przygotowali\u015bmy dedykowan\u0105 tyln\u0105 nak\u0142adk\u0119 p\u0142ozy p\u0142uga Unia Grudzi\u0105dz w wersji lewej<\/b><span style=\"font-weight: 400;\">. Powstaje ona z wytrzyma\u0142ej stali borowej o <\/span><b>podwy\u017cszonej twardo\u015bci<\/b><span style=\"font-weight: 400;\"> i charakteryzuje si\u0119 bardzo dobrymi w\u0142a\u015bciwo\u015bciami. Zapraszamy do zakupu tego produktu w EXPARTO. <\/span><b>Razem z nami zadbasz o wydajn\u0105 prac\u0119 w polu i dobry stan techniczny u\u017cytkowanych maszyn<\/b><span style=\"font-weight: 400;\">.\u00a0<\/span><\/p>\n","protected":false},"excerpt":{"rendered":"<p style=\"text-align: justify;\">Nak\u0142adka p\u0142ozy lewa<\/p>\n","protected":false},"featured_media":24222,"comment_status":"open","ping_status":"closed","template":"","meta":{"_acf_changed":false,"inline_featured_image":false},"product_brand":[],"product_cat":[765,781],"product_tag":[],"class_list":{"0":"post-24254","1":"product","2":"type-product","3":"status-publish","4":"has-post-thumbnail","6":"product_cat-czesci-do-plugow","7":"product_cat-plozy-do-pluga","9":"first","10":"instock","11":"taxable","12":"shipping-taxable","13":"purchasable","14":"product-type-simple"},"acf":[],"yoast_head":"<!-- This site is optimized with the Yoast SEO plugin v27.3 - https:\/\/yoast.com\/product\/yoast-seo-wordpress\/ -->\n<title>Nak\u0142adka p\u0142ozy tylna do p\u0142uga PO735 Unia lewa - Exparto.pl<\/title>\n<meta name=\"robots\" content=\"index, follow, max-snippet:-1, max-image-preview:large, max-video-preview:-1\" \/>\n<link rel=\"canonical\" href=\"https:\/\/exparto.pl\/sk\/produkt\/nakladka-plozy-tylna-do-pluga-po735-unia-lewa\/\" \/>\n<meta property=\"og:locale\" content=\"sk_SK\" \/>\n<meta property=\"og:type\" content=\"article\" \/>\n<meta property=\"og:title\" content=\"Nak\u0142adka p\u0142ozy tylna do p\u0142uga PO735 Unia lewa - Exparto.pl\" \/>\n<meta property=\"og:description\" content=\"Nak\u0142adka p\u0142ozy lewa\" \/>\n<meta property=\"og:url\" content=\"https:\/\/exparto.pl\/sk\/produkt\/nakladka-plozy-tylna-do-pluga-po735-unia-lewa\/\" \/>\n<meta property=\"og:site_name\" content=\"Exparto.pl\" \/>\n<meta property=\"article:publisher\" content=\"https:\/\/www.facebook.com\/exparto.agro\/\" \/>\n<meta property=\"article:modified_time\" content=\"2026-01-21T11:34:38+00:00\" \/>\n<meta property=\"og:image\" content=\"https:\/\/exparto.pl\/wp-content\/uploads\/2024\/04\/2db9cde23bbd2815cfa635002d931ec6.jpg\" \/>\n\t<meta property=\"og:image:width\" content=\"1200\" \/>\n\t<meta property=\"og:image:height\" content=\"1200\" \/>\n\t<meta property=\"og:image:type\" content=\"image\/jpeg\" \/>\n<meta name=\"twitter:card\" content=\"summary_large_image\" \/>\n<meta name=\"twitter:label1\" content=\"Predpokladan\u00fd \u010das \u010d\u00edtania\" \/>\n\t<meta name=\"twitter:data1\" content=\"2 min\u00faty\" \/>\n<script type=\"application\/ld+json\" class=\"yoast-schema-graph\">{\"@context\":\"https:\\\/\\\/schema.org\",\"@graph\":[{\"@type\":\"WebPage\",\"@id\":\"https:\\\/\\\/exparto.pl\\\/sk\\\/produkt\\\/nakladka-plozy-tylna-do-pluga-po735-unia-lewa\\\/\",\"url\":\"https:\\\/\\\/exparto.pl\\\/sk\\\/produkt\\\/nakladka-plozy-tylna-do-pluga-po735-unia-lewa\\\/\",\"name\":\"Nak\u0142adka p\u0142ozy tylna do p\u0142uga PO735 Unia lewa - Exparto.pl\",\"isPartOf\":{\"@id\":\"https:\\\/\\\/exparto.pl\\\/sk\\\/#website\"},\"primaryImageOfPage\":{\"@id\":\"https:\\\/\\\/exparto.pl\\\/sk\\\/produkt\\\/nakladka-plozy-tylna-do-pluga-po735-unia-lewa\\\/#primaryimage\"},\"image\":{\"@id\":\"https:\\\/\\\/exparto.pl\\\/sk\\\/produkt\\\/nakladka-plozy-tylna-do-pluga-po735-unia-lewa\\\/#primaryimage\"},\"thumbnailUrl\":\"https:\\\/\\\/exparto.pl\\\/wp-content\\\/uploads\\\/2024\\\/04\\\/2db9cde23bbd2815cfa635002d931ec6.jpg\",\"datePublished\":\"2024-04-05T13:44:14+00:00\",\"dateModified\":\"2026-01-21T11:34:38+00:00\",\"breadcrumb\":{\"@id\":\"https:\\\/\\\/exparto.pl\\\/sk\\\/produkt\\\/nakladka-plozy-tylna-do-pluga-po735-unia-lewa\\\/#breadcrumb\"},\"inLanguage\":\"sk-SK\",\"potentialAction\":[{\"@type\":\"ReadAction\",\"target\":[\"https:\\\/\\\/exparto.pl\\\/sk\\\/produkt\\\/nakladka-plozy-tylna-do-pluga-po735-unia-lewa\\\/\"]}]},{\"@type\":\"ImageObject\",\"inLanguage\":\"sk-SK\",\"@id\":\"https:\\\/\\\/exparto.pl\\\/sk\\\/produkt\\\/nakladka-plozy-tylna-do-pluga-po735-unia-lewa\\\/#primaryimage\",\"url\":\"https:\\\/\\\/exparto.pl\\\/wp-content\\\/uploads\\\/2024\\\/04\\\/2db9cde23bbd2815cfa635002d931ec6.jpg\",\"contentUrl\":\"https:\\\/\\\/exparto.pl\\\/wp-content\\\/uploads\\\/2024\\\/04\\\/2db9cde23bbd2815cfa635002d931ec6.jpg\",\"width\":1200,\"height\":1200},{\"@type\":\"BreadcrumbList\",\"@id\":\"https:\\\/\\\/exparto.pl\\\/sk\\\/produkt\\\/nakladka-plozy-tylna-do-pluga-po735-unia-lewa\\\/#breadcrumb\",\"itemListElement\":[{\"@type\":\"ListItem\",\"position\":1,\"name\":\"Domovsk\u00e1 str\u00e1nka\",\"item\":\"https:\\\/\\\/exparto.pl\\\/sk\\\/domovska-stranka\\\/\"},{\"@type\":\"ListItem\",\"position\":2,\"name\":\"Sklep\",\"item\":\"https:\\\/\\\/exparto.pl\\\/sklep\\\/\"},{\"@type\":\"ListItem\",\"position\":3,\"name\":\"\u010casti pluhu\",\"item\":\"https:\\\/\\\/exparto.pl\\\/sk\\\/kategoria-produktov\\\/casti-pluhu\\\/\"},{\"@type\":\"ListItem\",\"position\":4,\"name\":\"Pluhov\u00e9 ly\u017einy\",\"item\":\"https:\\\/\\\/exparto.pl\\\/sk\\\/kategoria-produktov\\\/casti-pluhu\\\/pluhove-lyziny\\\/\"},{\"@type\":\"ListItem\",\"position\":5,\"name\":\"Nak\u0142adka p\u0142ozy tylna do p\u0142uga PO735 Unia lewa\"}]},{\"@type\":\"WebSite\",\"@id\":\"https:\\\/\\\/exparto.pl\\\/sk\\\/#website\",\"url\":\"https:\\\/\\\/exparto.pl\\\/sk\\\/\",\"name\":\"EXPARTO\",\"description\":\"More than agro parts\",\"publisher\":{\"@id\":\"https:\\\/\\\/exparto.pl\\\/sk\\\/#organization\"},\"potentialAction\":[{\"@type\":\"SearchAction\",\"target\":{\"@type\":\"EntryPoint\",\"urlTemplate\":\"https:\\\/\\\/exparto.pl\\\/sk\\\/?s={search_term_string}\"},\"query-input\":{\"@type\":\"PropertyValueSpecification\",\"valueRequired\":true,\"valueName\":\"search_term_string\"}}],\"inLanguage\":\"sk-SK\"},{\"@type\":\"Organization\",\"@id\":\"https:\\\/\\\/exparto.pl\\\/sk\\\/#organization\",\"name\":\"EXPARTO\",\"url\":\"https:\\\/\\\/exparto.pl\\\/sk\\\/\",\"logo\":{\"@type\":\"ImageObject\",\"inLanguage\":\"sk-SK\",\"@id\":\"https:\\\/\\\/exparto.pl\\\/sk\\\/#\\\/schema\\\/logo\\\/image\\\/\",\"url\":\"https:\\\/\\\/exparto.pl\\\/wp-content\\\/uploads\\\/2023\\\/02\\\/logo-wektor.png\",\"contentUrl\":\"https:\\\/\\\/exparto.pl\\\/wp-content\\\/uploads\\\/2023\\\/02\\\/logo-wektor.png\",\"width\":1338,\"height\":143,\"caption\":\"EXPARTO\"},\"image\":{\"@id\":\"https:\\\/\\\/exparto.pl\\\/sk\\\/#\\\/schema\\\/logo\\\/image\\\/\"},\"sameAs\":[\"https:\\\/\\\/www.facebook.com\\\/exparto.agro\\\/\"]}]}<\/script>\n<!-- \/ Yoast SEO plugin. -->","yoast_head_json":{"title":"Nak\u0142adka p\u0142ozy tylna do p\u0142uga PO735 Unia lewa - Exparto.pl","robots":{"index":"index","follow":"follow","max-snippet":"max-snippet:-1","max-image-preview":"max-image-preview:large","max-video-preview":"max-video-preview:-1"},"canonical":"https:\/\/exparto.pl\/sk\/produkt\/nakladka-plozy-tylna-do-pluga-po735-unia-lewa\/","og_locale":"sk_SK","og_type":"article","og_title":"Nak\u0142adka p\u0142ozy tylna do p\u0142uga PO735 Unia lewa - Exparto.pl","og_description":"Nak\u0142adka p\u0142ozy lewa","og_url":"https:\/\/exparto.pl\/sk\/produkt\/nakladka-plozy-tylna-do-pluga-po735-unia-lewa\/","og_site_name":"Exparto.pl","article_publisher":"https:\/\/www.facebook.com\/exparto.agro\/","article_modified_time":"2026-01-21T11:34:38+00:00","og_image":[{"width":1200,"height":1200,"url":"https:\/\/exparto.pl\/wp-content\/uploads\/2024\/04\/2db9cde23bbd2815cfa635002d931ec6.jpg","type":"image\/jpeg"}],"twitter_card":"summary_large_image","twitter_misc":{"Predpokladan\u00fd \u010das \u010d\u00edtania":"2 min\u00faty"},"schema":{"@context":"https:\/\/schema.org","@graph":[{"@type":"WebPage","@id":"https:\/\/exparto.pl\/sk\/produkt\/nakladka-plozy-tylna-do-pluga-po735-unia-lewa\/","url":"https:\/\/exparto.pl\/sk\/produkt\/nakladka-plozy-tylna-do-pluga-po735-unia-lewa\/","name":"Nak\u0142adka p\u0142ozy tylna do p\u0142uga PO735 Unia lewa - Exparto.pl","isPartOf":{"@id":"https:\/\/exparto.pl\/sk\/#website"},"primaryImageOfPage":{"@id":"https:\/\/exparto.pl\/sk\/produkt\/nakladka-plozy-tylna-do-pluga-po735-unia-lewa\/#primaryimage"},"image":{"@id":"https:\/\/exparto.pl\/sk\/produkt\/nakladka-plozy-tylna-do-pluga-po735-unia-lewa\/#primaryimage"},"thumbnailUrl":"https:\/\/exparto.pl\/wp-content\/uploads\/2024\/04\/2db9cde23bbd2815cfa635002d931ec6.jpg","datePublished":"2024-04-05T13:44:14+00:00","dateModified":"2026-01-21T11:34:38+00:00","breadcrumb":{"@id":"https:\/\/exparto.pl\/sk\/produkt\/nakladka-plozy-tylna-do-pluga-po735-unia-lewa\/#breadcrumb"},"inLanguage":"sk-SK","potentialAction":[{"@type":"ReadAction","target":["https:\/\/exparto.pl\/sk\/produkt\/nakladka-plozy-tylna-do-pluga-po735-unia-lewa\/"]}]},{"@type":"ImageObject","inLanguage":"sk-SK","@id":"https:\/\/exparto.pl\/sk\/produkt\/nakladka-plozy-tylna-do-pluga-po735-unia-lewa\/#primaryimage","url":"https:\/\/exparto.pl\/wp-content\/uploads\/2024\/04\/2db9cde23bbd2815cfa635002d931ec6.jpg","contentUrl":"https:\/\/exparto.pl\/wp-content\/uploads\/2024\/04\/2db9cde23bbd2815cfa635002d931ec6.jpg","width":1200,"height":1200},{"@type":"BreadcrumbList","@id":"https:\/\/exparto.pl\/sk\/produkt\/nakladka-plozy-tylna-do-pluga-po735-unia-lewa\/#breadcrumb","itemListElement":[{"@type":"ListItem","position":1,"name":"Domovsk\u00e1 str\u00e1nka","item":"https:\/\/exparto.pl\/sk\/domovska-stranka\/"},{"@type":"ListItem","position":2,"name":"Sklep","item":"https:\/\/exparto.pl\/sklep\/"},{"@type":"ListItem","position":3,"name":"\u010casti pluhu","item":"https:\/\/exparto.pl\/sk\/kategoria-produktov\/casti-pluhu\/"},{"@type":"ListItem","position":4,"name":"Pluhov\u00e9 ly\u017einy","item":"https:\/\/exparto.pl\/sk\/kategoria-produktov\/casti-pluhu\/pluhove-lyziny\/"},{"@type":"ListItem","position":5,"name":"Nak\u0142adka p\u0142ozy tylna do p\u0142uga PO735 Unia lewa"}]},{"@type":"WebSite","@id":"https:\/\/exparto.pl\/sk\/#website","url":"https:\/\/exparto.pl\/sk\/","name":"EXPARTO","description":"More than agro parts","publisher":{"@id":"https:\/\/exparto.pl\/sk\/#organization"},"potentialAction":[{"@type":"SearchAction","target":{"@type":"EntryPoint","urlTemplate":"https:\/\/exparto.pl\/sk\/?s={search_term_string}"},"query-input":{"@type":"PropertyValueSpecification","valueRequired":true,"valueName":"search_term_string"}}],"inLanguage":"sk-SK"},{"@type":"Organization","@id":"https:\/\/exparto.pl\/sk\/#organization","name":"EXPARTO","url":"https:\/\/exparto.pl\/sk\/","logo":{"@type":"ImageObject","inLanguage":"sk-SK","@id":"https:\/\/exparto.pl\/sk\/#\/schema\/logo\/image\/","url":"https:\/\/exparto.pl\/wp-content\/uploads\/2023\/02\/logo-wektor.png","contentUrl":"https:\/\/exparto.pl\/wp-content\/uploads\/2023\/02\/logo-wektor.png","width":1338,"height":143,"caption":"EXPARTO"},"image":{"@id":"https:\/\/exparto.pl\/sk\/#\/schema\/logo\/image\/"},"sameAs":["https:\/\/www.facebook.com\/exparto.agro\/"]}]}},"_links":{"self":[{"href":"https:\/\/exparto.pl\/sk\/wp-json\/wp\/v2\/product\/24254","targetHints":{"allow":["GET"]}}],"collection":[{"href":"https:\/\/exparto.pl\/sk\/wp-json\/wp\/v2\/product"}],"about":[{"href":"https:\/\/exparto.pl\/sk\/wp-json\/wp\/v2\/types\/product"}],"replies":[{"embeddable":true,"href":"https:\/\/exparto.pl\/sk\/wp-json\/wp\/v2\/comments?post=24254"}],"wp:featuredmedia":[{"embeddable":true,"href":"https:\/\/exparto.pl\/sk\/wp-json\/wp\/v2\/media\/24222"}],"wp:attachment":[{"href":"https:\/\/exparto.pl\/sk\/wp-json\/wp\/v2\/media?parent=24254"}],"wp:term":[{"taxonomy":"product_brand","embeddable":true,"href":"https:\/\/exparto.pl\/sk\/wp-json\/wp\/v2\/product_brand?post=24254"},{"taxonomy":"product_cat","embeddable":true,"href":"https:\/\/exparto.pl\/sk\/wp-json\/wp\/v2\/product_cat?post=24254"},{"taxonomy":"product_tag","embeddable":true,"href":"https:\/\/exparto.pl\/sk\/wp-json\/wp\/v2\/product_tag?post=24254"}],"curies":[{"name":"wp","href":"https:\/\/api.w.org\/{rel}","templated":true}]}}