{"id":24265,"date":"2024-04-05T15:45:03","date_gmt":"2024-04-05T13:45:03","guid":{"rendered":"https:\/\/exparto.pl\/produkt\/lemiesz-agregatu-scierniskowego-wygiety-dlugi-lemken-smaragd-lewy\/"},"modified":"2026-03-24T12:21:19","modified_gmt":"2026-03-24T11:21:19","slug":"lemiesz-agregatu-scierniskowego-wygiety-dlugi-lemken-smaragd-lewy","status":"publish","type":"product","link":"https:\/\/exparto.pl\/sk\/produkt\/lemiesz-agregatu-scierniskowego-wygiety-dlugi-lemken-smaragd-lewy\/","title":{"rendered":"Lemiesz agregatu \u015bcierniskowego wygi\u0119ty d\u0142ugi Lemken Smaragd lewy"},"content":{"rendered":"<p><p style=\"text-align: justify;\">Lemiesz prawy z wykonany ze stali borowej &#8211; twardo\u015b\u0107 43-50HRC<\/p>\n<p><b>Zastosowanie<\/b><span style=\"font-weight: 400;\">:<\/span><\/p>\n<ul>\n<li style=\"font-weight: 400;\" aria-level=\"1\"><span style=\"font-weight: 400;\">agregat \u015bcierniskowy i podorywkowy Lemken Smaragd, Mandam, Kongskilde, Agromasz, Expom<\/span><\/li>\n<\/ul>\n<p><b>Numer katalogowy<\/b><span style=\"font-weight: 400;\">:\u00a0<\/span><\/p>\n<ul>\n<li style=\"font-weight: 400;\" aria-level=\"1\"><span style=\"font-weight: 400;\">3374421<\/span><\/li>\n<\/ul>\n<p><span style=\"font-weight: 400;\">W EXPARTO oferujemy lemiesz do agregatu \u015bcierniskowego lewy w wersji wygi\u0119tej i d\u0142ugiej. <\/span><b>Cz\u0119\u015b\u0107 ta przeznaczona jest do stosowania w maszynach takich producent\u00f3w jak: Lemken Smaragd, Mandam, Kongskilde, Agromasz, Expom<\/b><span style=\"font-weight: 400;\">. Powstaje ze wzmocnionej stali, dzi\u0119ki czemu charakteryzuje si\u0119 zwi\u0119kszon\u0105 wytrzyma\u0142o\u015bci\u0105 eksploatacyjn\u0105. Zach\u0119camy do zapoznania si\u0119 z parametrami technicznymi tej cz\u0119\u015bci do agregatu \u015bcierniskowego.\u00a0<\/span><\/p>\n<h2><span style=\"font-weight: 400;\">Lemiesz lewy, wygi\u0119ty, d\u0142ugi do agregatu \u015bcierniskowego \u2013 Lemken Smaragd, Mandam, Kongskilde, Agromasz, Expom<\/span><\/h2>\n<p><span style=\"font-weight: 400;\">Bez dw\u00f3ch zda\u0144 lemiesz stanowi wa\u017cny element konstrukcyjny maszyny rolniczej, kt\u00f3ra wykorzystywana jest w trakcie orki. <\/span><b>Cz\u0119\u015b\u0107 ta odpowiada za zrywanie i odwracanie wierzchniej warstwy gleby.<\/b><span style=\"font-weight: 400;\"> W ten spos\u00f3b dochodzi do jej kruszenia i spulchniania. Ma to du\u017cy wp\u0142yw na wygod\u0119 wykonywania kolejnych prac rolnych, w tym m.in. siewu oraz na efektywno\u015b\u0107 prowadzonej produkcji.\u00a0<\/span><\/p>\n<p><p style=\"text-align: justify;\"><span style=\"font-weight: 400;\">Dbamy o to, aby ka\u017cdy pojedynczy element z naszego asortymentu spe\u0142nia\u0142 najwy\u017csze standardy rynkowe, co dotyczy r\u00f3wnie\u017c lemiesza wygi\u0119tego d\u0142ugiego w wersji lewej. Cz\u0119\u015b\u0107 ta przeznaczona jest do stosowania w agregatach: Lemken Smaragd, Mandam, Kongskilde, Agromasz, Expom. <\/span><b>Powstaje z z hartowanej stali borowej. Dzi\u0119ki temu d\u0142u\u017cej zachowuje swoje w\u0142a\u015bciwo\u015bci i jest odporna na \u015bcieranie<\/b><span style=\"font-weight: 400;\">. Zainwestuj w sprawdzone komponenty, a zapewnisz sobie spok\u00f3j i bezpiecze\u0144stwo prac w gospodarstwie, przy jednoczesnej optymalizacji koszt\u00f3w. <\/span><b>Zach\u0119camy do skorzystania z naszej oferty<\/b><span style=\"font-weight: 400;\">. <\/span><\/p>\n","protected":false},"excerpt":{"rendered":"<p style=\"text-align: justify;\">Lemiesz d\u0142ugi lewy<\/p>\n","protected":false},"featured_media":24239,"comment_status":"open","ping_status":"closed","template":"","meta":{"_acf_changed":false,"inline_featured_image":false},"product_brand":[],"product_cat":[773],"product_tag":[],"class_list":{"0":"post-24265","1":"product","2":"type-product","3":"status-publish","4":"has-post-thumbnail","6":"product_cat-czesci-do-agregatu-scierniskowego","8":"first","9":"instock","10":"taxable","11":"shipping-taxable","12":"purchasable","13":"product-type-simple"},"acf":[],"yoast_head":"<!-- This site is optimized with the Yoast SEO plugin v27.3 - https:\/\/yoast.com\/product\/yoast-seo-wordpress\/ -->\n<title>Lemiesz agregatu \u015bcierniskowego wygi\u0119ty d\u0142ugi Lemken Smaragd lewy - Exparto.pl<\/title>\n<meta name=\"robots\" content=\"index, follow, max-snippet:-1, max-image-preview:large, max-video-preview:-1\" \/>\n<link rel=\"canonical\" href=\"https:\/\/exparto.pl\/sk\/produkt\/lemiesz-agregatu-scierniskowego-wygiety-dlugi-lemken-smaragd-lewy\/\" \/>\n<meta property=\"og:locale\" content=\"sk_SK\" \/>\n<meta property=\"og:type\" content=\"article\" \/>\n<meta property=\"og:title\" content=\"Lemiesz agregatu \u015bcierniskowego wygi\u0119ty d\u0142ugi Lemken Smaragd lewy - Exparto.pl\" \/>\n<meta property=\"og:description\" content=\"Lemiesz d\u0142ugi lewy\" \/>\n<meta property=\"og:url\" content=\"https:\/\/exparto.pl\/sk\/produkt\/lemiesz-agregatu-scierniskowego-wygiety-dlugi-lemken-smaragd-lewy\/\" \/>\n<meta property=\"og:site_name\" content=\"Exparto.pl\" \/>\n<meta property=\"article:publisher\" content=\"https:\/\/www.facebook.com\/exparto.agro\/\" \/>\n<meta property=\"article:modified_time\" content=\"2026-03-24T11:21:19+00:00\" \/>\n<meta property=\"og:image\" content=\"https:\/\/exparto.pl\/wp-content\/uploads\/2024\/04\/a7e1acd3f1652b9280576a622bc61fc0.jpg\" \/>\n\t<meta property=\"og:image:width\" content=\"1200\" \/>\n\t<meta property=\"og:image:height\" content=\"1200\" \/>\n\t<meta property=\"og:image:type\" content=\"image\/jpeg\" \/>\n<meta name=\"twitter:card\" content=\"summary_large_image\" \/>\n<meta name=\"twitter:label1\" content=\"Predpokladan\u00fd \u010das \u010d\u00edtania\" \/>\n\t<meta name=\"twitter:data1\" content=\"2 min\u00faty\" \/>\n<script type=\"application\/ld+json\" class=\"yoast-schema-graph\">{\"@context\":\"https:\\\/\\\/schema.org\",\"@graph\":[{\"@type\":\"WebPage\",\"@id\":\"https:\\\/\\\/exparto.pl\\\/sk\\\/produkt\\\/lemiesz-agregatu-scierniskowego-wygiety-dlugi-lemken-smaragd-lewy\\\/\",\"url\":\"https:\\\/\\\/exparto.pl\\\/sk\\\/produkt\\\/lemiesz-agregatu-scierniskowego-wygiety-dlugi-lemken-smaragd-lewy\\\/\",\"name\":\"Lemiesz agregatu \u015bcierniskowego wygi\u0119ty d\u0142ugi Lemken Smaragd lewy - Exparto.pl\",\"isPartOf\":{\"@id\":\"https:\\\/\\\/exparto.pl\\\/sk\\\/#website\"},\"primaryImageOfPage\":{\"@id\":\"https:\\\/\\\/exparto.pl\\\/sk\\\/produkt\\\/lemiesz-agregatu-scierniskowego-wygiety-dlugi-lemken-smaragd-lewy\\\/#primaryimage\"},\"image\":{\"@id\":\"https:\\\/\\\/exparto.pl\\\/sk\\\/produkt\\\/lemiesz-agregatu-scierniskowego-wygiety-dlugi-lemken-smaragd-lewy\\\/#primaryimage\"},\"thumbnailUrl\":\"https:\\\/\\\/exparto.pl\\\/wp-content\\\/uploads\\\/2024\\\/04\\\/a7e1acd3f1652b9280576a622bc61fc0.jpg\",\"datePublished\":\"2024-04-05T13:45:03+00:00\",\"dateModified\":\"2026-03-24T11:21:19+00:00\",\"breadcrumb\":{\"@id\":\"https:\\\/\\\/exparto.pl\\\/sk\\\/produkt\\\/lemiesz-agregatu-scierniskowego-wygiety-dlugi-lemken-smaragd-lewy\\\/#breadcrumb\"},\"inLanguage\":\"sk-SK\",\"potentialAction\":[{\"@type\":\"ReadAction\",\"target\":[\"https:\\\/\\\/exparto.pl\\\/sk\\\/produkt\\\/lemiesz-agregatu-scierniskowego-wygiety-dlugi-lemken-smaragd-lewy\\\/\"]}]},{\"@type\":\"ImageObject\",\"inLanguage\":\"sk-SK\",\"@id\":\"https:\\\/\\\/exparto.pl\\\/sk\\\/produkt\\\/lemiesz-agregatu-scierniskowego-wygiety-dlugi-lemken-smaragd-lewy\\\/#primaryimage\",\"url\":\"https:\\\/\\\/exparto.pl\\\/wp-content\\\/uploads\\\/2024\\\/04\\\/a7e1acd3f1652b9280576a622bc61fc0.jpg\",\"contentUrl\":\"https:\\\/\\\/exparto.pl\\\/wp-content\\\/uploads\\\/2024\\\/04\\\/a7e1acd3f1652b9280576a622bc61fc0.jpg\",\"width\":1200,\"height\":1200},{\"@type\":\"BreadcrumbList\",\"@id\":\"https:\\\/\\\/exparto.pl\\\/sk\\\/produkt\\\/lemiesz-agregatu-scierniskowego-wygiety-dlugi-lemken-smaragd-lewy\\\/#breadcrumb\",\"itemListElement\":[{\"@type\":\"ListItem\",\"position\":1,\"name\":\"Domovsk\u00e1 str\u00e1nka\",\"item\":\"https:\\\/\\\/exparto.pl\\\/sk\\\/domovska-stranka\\\/\"},{\"@type\":\"ListItem\",\"position\":2,\"name\":\"Sklep\",\"item\":\"https:\\\/\\\/exparto.pl\\\/sklep\\\/\"},{\"@type\":\"ListItem\",\"position\":3,\"name\":\"Diely pre strniskov\u00fa jednotku\",\"item\":\"https:\\\/\\\/exparto.pl\\\/sk\\\/kategoria-produktov\\\/diely-pre-strniskovu-jednotku\\\/\"},{\"@type\":\"ListItem\",\"position\":4,\"name\":\"Lemiesz agregatu \u015bcierniskowego wygi\u0119ty d\u0142ugi Lemken Smaragd lewy\"}]},{\"@type\":\"WebSite\",\"@id\":\"https:\\\/\\\/exparto.pl\\\/sk\\\/#website\",\"url\":\"https:\\\/\\\/exparto.pl\\\/sk\\\/\",\"name\":\"EXPARTO\",\"description\":\"More than agro parts\",\"publisher\":{\"@id\":\"https:\\\/\\\/exparto.pl\\\/sk\\\/#organization\"},\"potentialAction\":[{\"@type\":\"SearchAction\",\"target\":{\"@type\":\"EntryPoint\",\"urlTemplate\":\"https:\\\/\\\/exparto.pl\\\/sk\\\/?s={search_term_string}\"},\"query-input\":{\"@type\":\"PropertyValueSpecification\",\"valueRequired\":true,\"valueName\":\"search_term_string\"}}],\"inLanguage\":\"sk-SK\"},{\"@type\":\"Organization\",\"@id\":\"https:\\\/\\\/exparto.pl\\\/sk\\\/#organization\",\"name\":\"EXPARTO\",\"url\":\"https:\\\/\\\/exparto.pl\\\/sk\\\/\",\"logo\":{\"@type\":\"ImageObject\",\"inLanguage\":\"sk-SK\",\"@id\":\"https:\\\/\\\/exparto.pl\\\/sk\\\/#\\\/schema\\\/logo\\\/image\\\/\",\"url\":\"https:\\\/\\\/exparto.pl\\\/wp-content\\\/uploads\\\/2023\\\/02\\\/logo-wektor.png\",\"contentUrl\":\"https:\\\/\\\/exparto.pl\\\/wp-content\\\/uploads\\\/2023\\\/02\\\/logo-wektor.png\",\"width\":1338,\"height\":143,\"caption\":\"EXPARTO\"},\"image\":{\"@id\":\"https:\\\/\\\/exparto.pl\\\/sk\\\/#\\\/schema\\\/logo\\\/image\\\/\"},\"sameAs\":[\"https:\\\/\\\/www.facebook.com\\\/exparto.agro\\\/\"]}]}<\/script>\n<!-- \/ Yoast SEO plugin. -->","yoast_head_json":{"title":"Lemiesz agregatu \u015bcierniskowego wygi\u0119ty d\u0142ugi Lemken Smaragd lewy - Exparto.pl","robots":{"index":"index","follow":"follow","max-snippet":"max-snippet:-1","max-image-preview":"max-image-preview:large","max-video-preview":"max-video-preview:-1"},"canonical":"https:\/\/exparto.pl\/sk\/produkt\/lemiesz-agregatu-scierniskowego-wygiety-dlugi-lemken-smaragd-lewy\/","og_locale":"sk_SK","og_type":"article","og_title":"Lemiesz agregatu \u015bcierniskowego wygi\u0119ty d\u0142ugi Lemken Smaragd lewy - Exparto.pl","og_description":"Lemiesz d\u0142ugi lewy","og_url":"https:\/\/exparto.pl\/sk\/produkt\/lemiesz-agregatu-scierniskowego-wygiety-dlugi-lemken-smaragd-lewy\/","og_site_name":"Exparto.pl","article_publisher":"https:\/\/www.facebook.com\/exparto.agro\/","article_modified_time":"2026-03-24T11:21:19+00:00","og_image":[{"width":1200,"height":1200,"url":"https:\/\/exparto.pl\/wp-content\/uploads\/2024\/04\/a7e1acd3f1652b9280576a622bc61fc0.jpg","type":"image\/jpeg"}],"twitter_card":"summary_large_image","twitter_misc":{"Predpokladan\u00fd \u010das \u010d\u00edtania":"2 min\u00faty"},"schema":{"@context":"https:\/\/schema.org","@graph":[{"@type":"WebPage","@id":"https:\/\/exparto.pl\/sk\/produkt\/lemiesz-agregatu-scierniskowego-wygiety-dlugi-lemken-smaragd-lewy\/","url":"https:\/\/exparto.pl\/sk\/produkt\/lemiesz-agregatu-scierniskowego-wygiety-dlugi-lemken-smaragd-lewy\/","name":"Lemiesz agregatu \u015bcierniskowego wygi\u0119ty d\u0142ugi Lemken Smaragd lewy - Exparto.pl","isPartOf":{"@id":"https:\/\/exparto.pl\/sk\/#website"},"primaryImageOfPage":{"@id":"https:\/\/exparto.pl\/sk\/produkt\/lemiesz-agregatu-scierniskowego-wygiety-dlugi-lemken-smaragd-lewy\/#primaryimage"},"image":{"@id":"https:\/\/exparto.pl\/sk\/produkt\/lemiesz-agregatu-scierniskowego-wygiety-dlugi-lemken-smaragd-lewy\/#primaryimage"},"thumbnailUrl":"https:\/\/exparto.pl\/wp-content\/uploads\/2024\/04\/a7e1acd3f1652b9280576a622bc61fc0.jpg","datePublished":"2024-04-05T13:45:03+00:00","dateModified":"2026-03-24T11:21:19+00:00","breadcrumb":{"@id":"https:\/\/exparto.pl\/sk\/produkt\/lemiesz-agregatu-scierniskowego-wygiety-dlugi-lemken-smaragd-lewy\/#breadcrumb"},"inLanguage":"sk-SK","potentialAction":[{"@type":"ReadAction","target":["https:\/\/exparto.pl\/sk\/produkt\/lemiesz-agregatu-scierniskowego-wygiety-dlugi-lemken-smaragd-lewy\/"]}]},{"@type":"ImageObject","inLanguage":"sk-SK","@id":"https:\/\/exparto.pl\/sk\/produkt\/lemiesz-agregatu-scierniskowego-wygiety-dlugi-lemken-smaragd-lewy\/#primaryimage","url":"https:\/\/exparto.pl\/wp-content\/uploads\/2024\/04\/a7e1acd3f1652b9280576a622bc61fc0.jpg","contentUrl":"https:\/\/exparto.pl\/wp-content\/uploads\/2024\/04\/a7e1acd3f1652b9280576a622bc61fc0.jpg","width":1200,"height":1200},{"@type":"BreadcrumbList","@id":"https:\/\/exparto.pl\/sk\/produkt\/lemiesz-agregatu-scierniskowego-wygiety-dlugi-lemken-smaragd-lewy\/#breadcrumb","itemListElement":[{"@type":"ListItem","position":1,"name":"Domovsk\u00e1 str\u00e1nka","item":"https:\/\/exparto.pl\/sk\/domovska-stranka\/"},{"@type":"ListItem","position":2,"name":"Sklep","item":"https:\/\/exparto.pl\/sklep\/"},{"@type":"ListItem","position":3,"name":"Diely pre strniskov\u00fa jednotku","item":"https:\/\/exparto.pl\/sk\/kategoria-produktov\/diely-pre-strniskovu-jednotku\/"},{"@type":"ListItem","position":4,"name":"Lemiesz agregatu \u015bcierniskowego wygi\u0119ty d\u0142ugi Lemken Smaragd lewy"}]},{"@type":"WebSite","@id":"https:\/\/exparto.pl\/sk\/#website","url":"https:\/\/exparto.pl\/sk\/","name":"EXPARTO","description":"More than agro parts","publisher":{"@id":"https:\/\/exparto.pl\/sk\/#organization"},"potentialAction":[{"@type":"SearchAction","target":{"@type":"EntryPoint","urlTemplate":"https:\/\/exparto.pl\/sk\/?s={search_term_string}"},"query-input":{"@type":"PropertyValueSpecification","valueRequired":true,"valueName":"search_term_string"}}],"inLanguage":"sk-SK"},{"@type":"Organization","@id":"https:\/\/exparto.pl\/sk\/#organization","name":"EXPARTO","url":"https:\/\/exparto.pl\/sk\/","logo":{"@type":"ImageObject","inLanguage":"sk-SK","@id":"https:\/\/exparto.pl\/sk\/#\/schema\/logo\/image\/","url":"https:\/\/exparto.pl\/wp-content\/uploads\/2023\/02\/logo-wektor.png","contentUrl":"https:\/\/exparto.pl\/wp-content\/uploads\/2023\/02\/logo-wektor.png","width":1338,"height":143,"caption":"EXPARTO"},"image":{"@id":"https:\/\/exparto.pl\/sk\/#\/schema\/logo\/image\/"},"sameAs":["https:\/\/www.facebook.com\/exparto.agro\/"]}]}},"_links":{"self":[{"href":"https:\/\/exparto.pl\/sk\/wp-json\/wp\/v2\/product\/24265","targetHints":{"allow":["GET"]}}],"collection":[{"href":"https:\/\/exparto.pl\/sk\/wp-json\/wp\/v2\/product"}],"about":[{"href":"https:\/\/exparto.pl\/sk\/wp-json\/wp\/v2\/types\/product"}],"replies":[{"embeddable":true,"href":"https:\/\/exparto.pl\/sk\/wp-json\/wp\/v2\/comments?post=24265"}],"wp:featuredmedia":[{"embeddable":true,"href":"https:\/\/exparto.pl\/sk\/wp-json\/wp\/v2\/media\/24239"}],"wp:attachment":[{"href":"https:\/\/exparto.pl\/sk\/wp-json\/wp\/v2\/media?parent=24265"}],"wp:term":[{"taxonomy":"product_brand","embeddable":true,"href":"https:\/\/exparto.pl\/sk\/wp-json\/wp\/v2\/product_brand?post=24265"},{"taxonomy":"product_cat","embeddable":true,"href":"https:\/\/exparto.pl\/sk\/wp-json\/wp\/v2\/product_cat?post=24265"},{"taxonomy":"product_tag","embeddable":true,"href":"https:\/\/exparto.pl\/sk\/wp-json\/wp\/v2\/product_tag?post=24265"}],"curies":[{"name":"wp","href":"https:\/\/api.w.org\/{rel}","templated":true}]}}