{"id":24453,"date":"2024-04-08T14:04:55","date_gmt":"2024-04-08T12:04:55","guid":{"rendered":"https:\/\/exparto.pl\/produkt\/kolo-stozkowe-male-z-17-fi-25mm-kosiarka-rotacyjna-185m\/"},"modified":"2026-05-11T11:49:04","modified_gmt":"2026-05-11T09:49:04","slug":"kolo-stozkowe-male-z-17-fi-25mm-kosiarka-rotacyjna-185m","status":"publish","type":"product","link":"https:\/\/exparto.pl\/sk\/produkt\/kolo-stozkowe-male-z-17-fi-25mm-kosiarka-rotacyjna-185m\/","title":{"rendered":"Ko\u0142o z\u0119bate sto\u017ckowe ma\u0142e Z-17 fi-25 do kosiarki rotacyjnej 1,85m 512501001"},"content":{"rendered":"<p><strong>W EXPARTO przygotowali\u015bmy ko\u0142o sto\u017ckowe ma\u0142e Z-17 o \u015brednicy otworu 25 mm przeznaczone do kosiarki rotacyjnej 1,85 m.<\/strong> Dobrej jako\u015bci ko\u0142o sto\u017ckowe kosiarki rotacyjnej sprawi, \u017ce Twoja maszyna b\u0119dzie dzia\u0142a\u0142a sprawnie i pozwoli na efektywne wykonywanie pracy w polu. Zach\u0119camy do zapoznania si\u0119 z ofert\u0105.<\/p>\n<h2><span style=\"font-weight: 400\">Ko\u0142o z\u0119bate sto\u017ckowe Z17 \u2013 ko\u0142o sto\u017ckowe ma\u0142e, cz\u0119\u015bci do kosiarki rotacyjnej<\/span><\/h2>\n<p>Dlaczego b\u0119bny w kosiarce rotacyjnej przestaj\u0105 si\u0119 kr\u0119ci\u0107 lub g\u0142o\u015bno wyj\u0105? Przyczyn\u0105 jest zazwyczaj zu\u017cycie z\u0119b\u00f3w k\u00f3\u0142 sto\u017ckowych lub ich nieprawid\u0142owe ustawienie wewn\u0105trz belki. <strong>Wymiana ma\u0142ego ko\u0142a sto\u017ckowego pozwala przywr\u00f3ci\u0107 sprawno\u015b\u0107 uk\u0142adu nap\u0119dowego i zapewnia p\u0142ynny ruch b\u0119bn\u00f3w.<\/strong> Dzi\u0119ki temu Twoja kosiarka rotacyjna pracuje cicho i efektywnie, a nap\u0119d jest przekazywany bez strat mocy.<\/p>\n<p>Nasze ko\u0142o sto\u017ckowe ma\u0142e Z-17 cechuje si\u0119 wysok\u0105 odporno\u015bci\u0105 na \u015bcieranie i pozwala wytrzyma\u0107 du\u017ce obci\u0105\u017cenia podczas pracy w g\u0119stej trawie. <strong>W EXPARTO znajdziesz nie tylko cz\u0119\u015bci do kosiarki rotacyjnej, ale wszystko, czego potrzebujesz do d\u0142ugiej i sprawnej pracy Twoich maszyn.<\/strong> Zapraszamy do przejrzenia pe\u0142nego asortymentu cz\u0119\u015bci rolniczych na naszej stronie!<\/p>\n<p style=\"text-align: justify\"><strong>Zastosowanie:<\/strong><\/p>\n<ul>\n<li>pasuje do kosiarek rotacyjnych 1,85 m<\/li>\n<\/ul>\n<p style=\"text-align: justify\"><strong>Numer katalogowy:<\/strong><\/p>\n<ul>\n<li>512501001<\/li>\n<\/ul>\n","protected":false},"excerpt":{"rendered":"<p>Nasze ko\u0142o sto\u017ckowe ma\u0142e Z-17 zosta\u0142o przystosowane do intensywnej pracy i charakteryzuje si\u0119 du\u017c\u0105 wytrzyma\u0142o\u015bci\u0105 podczas koszenia nawet w trudnych warunkach.<\/p>\n","protected":false},"featured_media":66295,"comment_status":"open","ping_status":"closed","template":"","meta":{"_acf_changed":false,"inline_featured_image":false},"product_brand":[1048],"product_cat":[49,810,192],"product_tag":[],"class_list":{"0":"post-24453","1":"product","2":"type-product","3":"status-publish","4":"has-post-thumbnail","6":"product_brand-rolmus","7":"product_cat-czesci-do-kosiarki-rotacyjnej","8":"product_cat-kola-stozkowe-male","9":"product_cat-kola-stozkowe","11":"first","12":"outofstock","13":"taxable","14":"shipping-taxable","15":"purchasable","16":"product-type-simple"},"acf":[],"yoast_head":"<!-- This site is optimized with the Yoast SEO plugin v27.5 - https:\/\/yoast.com\/product\/yoast-seo-wordpress\/ -->\n<title>Ko\u0142o z\u0119bate sto\u017ckowe ma\u0142e Z-17 fi-25 do kosiarki rotacyjnej 1,85m 512501001 - Exparto.pl<\/title>\n<meta name=\"robots\" content=\"index, follow, max-snippet:-1, max-image-preview:large, max-video-preview:-1\" \/>\n<link rel=\"canonical\" href=\"https:\/\/exparto.pl\/sk\/produkt\/kolo-stozkowe-male-z-17-fi-25mm-kosiarka-rotacyjna-185m\/\" \/>\n<meta property=\"og:locale\" content=\"sk_SK\" \/>\n<meta property=\"og:type\" content=\"article\" \/>\n<meta property=\"og:title\" content=\"Ko\u0142o z\u0119bate sto\u017ckowe ma\u0142e Z-17 fi-25 do kosiarki rotacyjnej 1,85m 512501001 - Exparto.pl\" \/>\n<meta property=\"og:description\" content=\"Nasze ko\u0142o sto\u017ckowe ma\u0142e Z-17 zosta\u0142o przystosowane do intensywnej pracy i charakteryzuje si\u0119 du\u017c\u0105 wytrzyma\u0142o\u015bci\u0105 podczas koszenia nawet w trudnych warunkach.\" \/>\n<meta property=\"og:url\" content=\"https:\/\/exparto.pl\/sk\/produkt\/kolo-stozkowe-male-z-17-fi-25mm-kosiarka-rotacyjna-185m\/\" \/>\n<meta property=\"og:site_name\" content=\"Exparto.pl\" \/>\n<meta property=\"article:publisher\" content=\"https:\/\/www.facebook.com\/exparto.agro\/\" \/>\n<meta property=\"article:modified_time\" content=\"2026-05-11T09:49:04+00:00\" \/>\n<meta property=\"og:image\" content=\"https:\/\/exparto.pl\/wp-content\/uploads\/2026\/05\/cdc8c9c32f69061e4454bcfd7b7fd15f.jpg\" \/>\n\t<meta property=\"og:image:width\" content=\"1200\" \/>\n\t<meta property=\"og:image:height\" content=\"1200\" \/>\n\t<meta property=\"og:image:type\" content=\"image\/jpeg\" \/>\n<meta name=\"twitter:card\" content=\"summary_large_image\" \/>\n<meta name=\"twitter:label1\" content=\"Predpokladan\u00fd \u010das \u010d\u00edtania\" \/>\n\t<meta name=\"twitter:data1\" content=\"2 min\u00faty\" \/>\n<script type=\"application\/ld+json\" class=\"yoast-schema-graph\">{\"@context\":\"https:\\\/\\\/schema.org\",\"@graph\":[{\"@type\":\"WebPage\",\"@id\":\"https:\\\/\\\/exparto.pl\\\/sk\\\/produkt\\\/kolo-stozkowe-male-z-17-fi-25mm-kosiarka-rotacyjna-185m\\\/\",\"url\":\"https:\\\/\\\/exparto.pl\\\/sk\\\/produkt\\\/kolo-stozkowe-male-z-17-fi-25mm-kosiarka-rotacyjna-185m\\\/\",\"name\":\"Ko\u0142o z\u0119bate sto\u017ckowe ma\u0142e Z-17 fi-25 do kosiarki rotacyjnej 1,85m 512501001 - Exparto.pl\",\"isPartOf\":{\"@id\":\"https:\\\/\\\/exparto.pl\\\/sk\\\/#website\"},\"primaryImageOfPage\":{\"@id\":\"https:\\\/\\\/exparto.pl\\\/sk\\\/produkt\\\/kolo-stozkowe-male-z-17-fi-25mm-kosiarka-rotacyjna-185m\\\/#primaryimage\"},\"image\":{\"@id\":\"https:\\\/\\\/exparto.pl\\\/sk\\\/produkt\\\/kolo-stozkowe-male-z-17-fi-25mm-kosiarka-rotacyjna-185m\\\/#primaryimage\"},\"thumbnailUrl\":\"https:\\\/\\\/exparto.pl\\\/wp-content\\\/uploads\\\/2026\\\/05\\\/cdc8c9c32f69061e4454bcfd7b7fd15f.jpg\",\"datePublished\":\"2024-04-08T12:04:55+00:00\",\"dateModified\":\"2026-05-11T09:49:04+00:00\",\"breadcrumb\":{\"@id\":\"https:\\\/\\\/exparto.pl\\\/sk\\\/produkt\\\/kolo-stozkowe-male-z-17-fi-25mm-kosiarka-rotacyjna-185m\\\/#breadcrumb\"},\"inLanguage\":\"sk-SK\",\"potentialAction\":[{\"@type\":\"ReadAction\",\"target\":[\"https:\\\/\\\/exparto.pl\\\/sk\\\/produkt\\\/kolo-stozkowe-male-z-17-fi-25mm-kosiarka-rotacyjna-185m\\\/\"]}]},{\"@type\":\"ImageObject\",\"inLanguage\":\"sk-SK\",\"@id\":\"https:\\\/\\\/exparto.pl\\\/sk\\\/produkt\\\/kolo-stozkowe-male-z-17-fi-25mm-kosiarka-rotacyjna-185m\\\/#primaryimage\",\"url\":\"https:\\\/\\\/exparto.pl\\\/wp-content\\\/uploads\\\/2026\\\/05\\\/cdc8c9c32f69061e4454bcfd7b7fd15f.jpg\",\"contentUrl\":\"https:\\\/\\\/exparto.pl\\\/wp-content\\\/uploads\\\/2026\\\/05\\\/cdc8c9c32f69061e4454bcfd7b7fd15f.jpg\",\"width\":1200,\"height\":1200,\"caption\":\"7ca457218477845fbfc533765210c2e1\"},{\"@type\":\"BreadcrumbList\",\"@id\":\"https:\\\/\\\/exparto.pl\\\/sk\\\/produkt\\\/kolo-stozkowe-male-z-17-fi-25mm-kosiarka-rotacyjna-185m\\\/#breadcrumb\",\"itemListElement\":[{\"@type\":\"ListItem\",\"position\":1,\"name\":\"Domovsk\u00e1 str\u00e1nka\",\"item\":\"https:\\\/\\\/exparto.pl\\\/sk\\\/domovska-stranka\\\/\"},{\"@type\":\"ListItem\",\"position\":2,\"name\":\"Sklep\",\"item\":\"https:\\\/\\\/exparto.pl\\\/sklep\\\/\"},{\"@type\":\"ListItem\",\"position\":3,\"name\":\"N\u00e1hradn\u00e9 diely pre kosa\u010dky na tr\u00e1vu\",\"item\":\"https:\\\/\\\/exparto.pl\\\/sk\\\/kategoria-produktov\\\/nahradne-diely-pre-kosacky-na-travu\\\/\"},{\"@type\":\"ListItem\",\"position\":4,\"name\":\"Ku\u017ee\u013eov\u00e9 koles\u00e1\",\"item\":\"https:\\\/\\\/exparto.pl\\\/sk\\\/kategoria-produktov\\\/nahradne-diely-pre-kosacky-na-travu\\\/kuzelove-kolesa\\\/\"},{\"@type\":\"ListItem\",\"position\":5,\"name\":\"Ko\u0142a sto\u017ckowe ma\u0142e\",\"item\":\"https:\\\/\\\/exparto.pl\\\/kategoria-produktu\\\/czesci-do-kosiarki-rotacyjnej\\\/kola-stozkowe\\\/kola-stozkowe-male\\\/\"},{\"@type\":\"ListItem\",\"position\":6,\"name\":\"Ko\u0142o z\u0119bate sto\u017ckowe ma\u0142e Z-17 fi-25 do kosiarki rotacyjnej 1,85m 512501001\"}]},{\"@type\":\"WebSite\",\"@id\":\"https:\\\/\\\/exparto.pl\\\/sk\\\/#website\",\"url\":\"https:\\\/\\\/exparto.pl\\\/sk\\\/\",\"name\":\"EXPARTO\",\"description\":\"More than agro parts\",\"publisher\":{\"@id\":\"https:\\\/\\\/exparto.pl\\\/sk\\\/#organization\"},\"potentialAction\":[{\"@type\":\"SearchAction\",\"target\":{\"@type\":\"EntryPoint\",\"urlTemplate\":\"https:\\\/\\\/exparto.pl\\\/sk\\\/?s={search_term_string}\"},\"query-input\":{\"@type\":\"PropertyValueSpecification\",\"valueRequired\":true,\"valueName\":\"search_term_string\"}}],\"inLanguage\":\"sk-SK\"},{\"@type\":\"Organization\",\"@id\":\"https:\\\/\\\/exparto.pl\\\/sk\\\/#organization\",\"name\":\"EXPARTO\",\"url\":\"https:\\\/\\\/exparto.pl\\\/sk\\\/\",\"logo\":{\"@type\":\"ImageObject\",\"inLanguage\":\"sk-SK\",\"@id\":\"https:\\\/\\\/exparto.pl\\\/sk\\\/#\\\/schema\\\/logo\\\/image\\\/\",\"url\":\"https:\\\/\\\/exparto.pl\\\/wp-content\\\/uploads\\\/2023\\\/02\\\/logo-wektor.png\",\"contentUrl\":\"https:\\\/\\\/exparto.pl\\\/wp-content\\\/uploads\\\/2023\\\/02\\\/logo-wektor.png\",\"width\":1338,\"height\":143,\"caption\":\"EXPARTO\"},\"image\":{\"@id\":\"https:\\\/\\\/exparto.pl\\\/sk\\\/#\\\/schema\\\/logo\\\/image\\\/\"},\"sameAs\":[\"https:\\\/\\\/www.facebook.com\\\/exparto.agro\\\/\"]}]}<\/script>\n<!-- \/ Yoast SEO plugin. -->","yoast_head_json":{"title":"Ko\u0142o z\u0119bate sto\u017ckowe ma\u0142e Z-17 fi-25 do kosiarki rotacyjnej 1,85m 512501001 - Exparto.pl","robots":{"index":"index","follow":"follow","max-snippet":"max-snippet:-1","max-image-preview":"max-image-preview:large","max-video-preview":"max-video-preview:-1"},"canonical":"https:\/\/exparto.pl\/sk\/produkt\/kolo-stozkowe-male-z-17-fi-25mm-kosiarka-rotacyjna-185m\/","og_locale":"sk_SK","og_type":"article","og_title":"Ko\u0142o z\u0119bate sto\u017ckowe ma\u0142e Z-17 fi-25 do kosiarki rotacyjnej 1,85m 512501001 - Exparto.pl","og_description":"Nasze ko\u0142o sto\u017ckowe ma\u0142e Z-17 zosta\u0142o przystosowane do intensywnej pracy i charakteryzuje si\u0119 du\u017c\u0105 wytrzyma\u0142o\u015bci\u0105 podczas koszenia nawet w trudnych warunkach.","og_url":"https:\/\/exparto.pl\/sk\/produkt\/kolo-stozkowe-male-z-17-fi-25mm-kosiarka-rotacyjna-185m\/","og_site_name":"Exparto.pl","article_publisher":"https:\/\/www.facebook.com\/exparto.agro\/","article_modified_time":"2026-05-11T09:49:04+00:00","og_image":[{"width":1200,"height":1200,"url":"https:\/\/exparto.pl\/wp-content\/uploads\/2026\/05\/cdc8c9c32f69061e4454bcfd7b7fd15f.jpg","type":"image\/jpeg"}],"twitter_card":"summary_large_image","twitter_misc":{"Predpokladan\u00fd \u010das \u010d\u00edtania":"2 min\u00faty"},"schema":{"@context":"https:\/\/schema.org","@graph":[{"@type":"WebPage","@id":"https:\/\/exparto.pl\/sk\/produkt\/kolo-stozkowe-male-z-17-fi-25mm-kosiarka-rotacyjna-185m\/","url":"https:\/\/exparto.pl\/sk\/produkt\/kolo-stozkowe-male-z-17-fi-25mm-kosiarka-rotacyjna-185m\/","name":"Ko\u0142o z\u0119bate sto\u017ckowe ma\u0142e Z-17 fi-25 do kosiarki rotacyjnej 1,85m 512501001 - Exparto.pl","isPartOf":{"@id":"https:\/\/exparto.pl\/sk\/#website"},"primaryImageOfPage":{"@id":"https:\/\/exparto.pl\/sk\/produkt\/kolo-stozkowe-male-z-17-fi-25mm-kosiarka-rotacyjna-185m\/#primaryimage"},"image":{"@id":"https:\/\/exparto.pl\/sk\/produkt\/kolo-stozkowe-male-z-17-fi-25mm-kosiarka-rotacyjna-185m\/#primaryimage"},"thumbnailUrl":"https:\/\/exparto.pl\/wp-content\/uploads\/2026\/05\/cdc8c9c32f69061e4454bcfd7b7fd15f.jpg","datePublished":"2024-04-08T12:04:55+00:00","dateModified":"2026-05-11T09:49:04+00:00","breadcrumb":{"@id":"https:\/\/exparto.pl\/sk\/produkt\/kolo-stozkowe-male-z-17-fi-25mm-kosiarka-rotacyjna-185m\/#breadcrumb"},"inLanguage":"sk-SK","potentialAction":[{"@type":"ReadAction","target":["https:\/\/exparto.pl\/sk\/produkt\/kolo-stozkowe-male-z-17-fi-25mm-kosiarka-rotacyjna-185m\/"]}]},{"@type":"ImageObject","inLanguage":"sk-SK","@id":"https:\/\/exparto.pl\/sk\/produkt\/kolo-stozkowe-male-z-17-fi-25mm-kosiarka-rotacyjna-185m\/#primaryimage","url":"https:\/\/exparto.pl\/wp-content\/uploads\/2026\/05\/cdc8c9c32f69061e4454bcfd7b7fd15f.jpg","contentUrl":"https:\/\/exparto.pl\/wp-content\/uploads\/2026\/05\/cdc8c9c32f69061e4454bcfd7b7fd15f.jpg","width":1200,"height":1200,"caption":"7ca457218477845fbfc533765210c2e1"},{"@type":"BreadcrumbList","@id":"https:\/\/exparto.pl\/sk\/produkt\/kolo-stozkowe-male-z-17-fi-25mm-kosiarka-rotacyjna-185m\/#breadcrumb","itemListElement":[{"@type":"ListItem","position":1,"name":"Domovsk\u00e1 str\u00e1nka","item":"https:\/\/exparto.pl\/sk\/domovska-stranka\/"},{"@type":"ListItem","position":2,"name":"Sklep","item":"https:\/\/exparto.pl\/sklep\/"},{"@type":"ListItem","position":3,"name":"N\u00e1hradn\u00e9 diely pre kosa\u010dky na tr\u00e1vu","item":"https:\/\/exparto.pl\/sk\/kategoria-produktov\/nahradne-diely-pre-kosacky-na-travu\/"},{"@type":"ListItem","position":4,"name":"Ku\u017ee\u013eov\u00e9 koles\u00e1","item":"https:\/\/exparto.pl\/sk\/kategoria-produktov\/nahradne-diely-pre-kosacky-na-travu\/kuzelove-kolesa\/"},{"@type":"ListItem","position":5,"name":"Ko\u0142a sto\u017ckowe ma\u0142e","item":"https:\/\/exparto.pl\/kategoria-produktu\/czesci-do-kosiarki-rotacyjnej\/kola-stozkowe\/kola-stozkowe-male\/"},{"@type":"ListItem","position":6,"name":"Ko\u0142o z\u0119bate sto\u017ckowe ma\u0142e Z-17 fi-25 do kosiarki rotacyjnej 1,85m 512501001"}]},{"@type":"WebSite","@id":"https:\/\/exparto.pl\/sk\/#website","url":"https:\/\/exparto.pl\/sk\/","name":"EXPARTO","description":"More than agro parts","publisher":{"@id":"https:\/\/exparto.pl\/sk\/#organization"},"potentialAction":[{"@type":"SearchAction","target":{"@type":"EntryPoint","urlTemplate":"https:\/\/exparto.pl\/sk\/?s={search_term_string}"},"query-input":{"@type":"PropertyValueSpecification","valueRequired":true,"valueName":"search_term_string"}}],"inLanguage":"sk-SK"},{"@type":"Organization","@id":"https:\/\/exparto.pl\/sk\/#organization","name":"EXPARTO","url":"https:\/\/exparto.pl\/sk\/","logo":{"@type":"ImageObject","inLanguage":"sk-SK","@id":"https:\/\/exparto.pl\/sk\/#\/schema\/logo\/image\/","url":"https:\/\/exparto.pl\/wp-content\/uploads\/2023\/02\/logo-wektor.png","contentUrl":"https:\/\/exparto.pl\/wp-content\/uploads\/2023\/02\/logo-wektor.png","width":1338,"height":143,"caption":"EXPARTO"},"image":{"@id":"https:\/\/exparto.pl\/sk\/#\/schema\/logo\/image\/"},"sameAs":["https:\/\/www.facebook.com\/exparto.agro\/"]}]}},"_links":{"self":[{"href":"https:\/\/exparto.pl\/sk\/wp-json\/wp\/v2\/product\/24453","targetHints":{"allow":["GET"]}}],"collection":[{"href":"https:\/\/exparto.pl\/sk\/wp-json\/wp\/v2\/product"}],"about":[{"href":"https:\/\/exparto.pl\/sk\/wp-json\/wp\/v2\/types\/product"}],"replies":[{"embeddable":true,"href":"https:\/\/exparto.pl\/sk\/wp-json\/wp\/v2\/comments?post=24453"}],"wp:featuredmedia":[{"embeddable":true,"href":"https:\/\/exparto.pl\/sk\/wp-json\/wp\/v2\/media\/66295"}],"wp:attachment":[{"href":"https:\/\/exparto.pl\/sk\/wp-json\/wp\/v2\/media?parent=24453"}],"wp:term":[{"taxonomy":"product_brand","embeddable":true,"href":"https:\/\/exparto.pl\/sk\/wp-json\/wp\/v2\/product_brand?post=24453"},{"taxonomy":"product_cat","embeddable":true,"href":"https:\/\/exparto.pl\/sk\/wp-json\/wp\/v2\/product_cat?post=24453"},{"taxonomy":"product_tag","embeddable":true,"href":"https:\/\/exparto.pl\/sk\/wp-json\/wp\/v2\/product_tag?post=24453"}],"curies":[{"name":"wp","href":"https:\/\/api.w.org\/{rel}","templated":true}]}}