{"id":24474,"date":"2024-04-08T14:06:02","date_gmt":"2024-04-08T12:06:02","guid":{"rendered":"https:\/\/exparto.pl\/produkt\/kolo-stozkowe-male-z-21-fi-25mm-kosiarka-rotacyjna-185m\/"},"modified":"2026-03-31T13:00:41","modified_gmt":"2026-03-31T11:00:41","slug":"kolo-stozkowe-male-z-21-fi-25mm-kosiarka-rotacyjna-185m","status":"publish","type":"product","link":"https:\/\/exparto.pl\/sk\/produkt\/kolo-stozkowe-male-z-21-fi-25mm-kosiarka-rotacyjna-185m\/","title":{"rendered":"Ko\u0142o sto\u017ckowe ma\u0142e Z-21 fi-25mm kosiarka rotacyjna 1,85m"},"content":{"rendered":"<p style=\"text-align: justify;\">Ko\u0142o sto\u017ckowe ma\u0142e.<\/p>\n<p style=\"text-align: justify;\"><b>Zastosowanie:<\/b><\/p>\n<ul>\n<li style=\"text-align: justify;\">kosiarka rotacyjna 1,85m<\/li>\n<\/ul>\n<div style=\"text-align: justify;\"><b>Numer katalogowy:<\/b><\/div>\n<div>\n<ul>\n<li style=\"text-align: justify;\">512501009<\/li>\n<\/ul>\n<\/div>\n","protected":false},"excerpt":{"rendered":"<p style=\"text-align: justify;\">Ko\u0142o sto\u017ckowe ma\u0142e<\/p>\n","protected":false},"featured_media":24454,"comment_status":"open","ping_status":"closed","template":"","meta":{"_acf_changed":false,"inline_featured_image":false},"product_brand":[],"product_cat":[49,810,192],"product_tag":[],"class_list":{"0":"post-24474","1":"product","2":"type-product","3":"status-publish","4":"has-post-thumbnail","6":"product_cat-czesci-do-kosiarki-rotacyjnej","7":"product_cat-kola-stozkowe-male","8":"product_cat-kola-stozkowe","10":"first","11":"instock","12":"taxable","13":"shipping-taxable","14":"purchasable","15":"product-type-simple"},"acf":[],"yoast_head":"<!-- This site is optimized with the Yoast SEO plugin v27.2 - https:\/\/yoast.com\/product\/yoast-seo-wordpress\/ -->\n<title>Ko\u0142o sto\u017ckowe ma\u0142e Z-21 fi-25mm kosiarka rotacyjna 1,85m - Exparto.pl<\/title>\n<meta name=\"robots\" content=\"index, follow, max-snippet:-1, max-image-preview:large, max-video-preview:-1\" \/>\n<link rel=\"canonical\" href=\"https:\/\/exparto.pl\/sk\/produkt\/kolo-stozkowe-male-z-21-fi-25mm-kosiarka-rotacyjna-185m\/\" \/>\n<meta property=\"og:locale\" content=\"sk_SK\" \/>\n<meta property=\"og:type\" content=\"article\" \/>\n<meta property=\"og:title\" content=\"Ko\u0142o sto\u017ckowe ma\u0142e Z-21 fi-25mm kosiarka rotacyjna 1,85m - Exparto.pl\" \/>\n<meta property=\"og:description\" content=\"Ko\u0142o sto\u017ckowe ma\u0142e\" \/>\n<meta property=\"og:url\" content=\"https:\/\/exparto.pl\/sk\/produkt\/kolo-stozkowe-male-z-21-fi-25mm-kosiarka-rotacyjna-185m\/\" \/>\n<meta property=\"og:site_name\" content=\"Exparto.pl\" \/>\n<meta property=\"article:publisher\" content=\"https:\/\/www.facebook.com\/exparto.agro\/\" \/>\n<meta property=\"article:modified_time\" content=\"2026-03-31T11:00:41+00:00\" \/>\n<meta property=\"og:image\" content=\"https:\/\/exparto.pl\/wp-content\/uploads\/2024\/04\/060df1564f09b46a8fa3d579727a827f.jpg\" \/>\n\t<meta property=\"og:image:width\" content=\"1200\" \/>\n\t<meta property=\"og:image:height\" content=\"1200\" \/>\n\t<meta property=\"og:image:type\" content=\"image\/jpeg\" \/>\n<meta name=\"twitter:card\" content=\"summary_large_image\" \/>\n<meta name=\"twitter:label1\" content=\"Predpokladan\u00fd \u010das \u010d\u00edtania\" \/>\n\t<meta name=\"twitter:data1\" content=\"1 min\u00fata\" \/>\n<script type=\"application\/ld+json\" class=\"yoast-schema-graph\">{\"@context\":\"https:\/\/schema.org\",\"@graph\":[{\"@type\":\"WebPage\",\"@id\":\"https:\/\/exparto.pl\/sk\/produkt\/kolo-stozkowe-male-z-21-fi-25mm-kosiarka-rotacyjna-185m\/\",\"url\":\"https:\/\/exparto.pl\/sk\/produkt\/kolo-stozkowe-male-z-21-fi-25mm-kosiarka-rotacyjna-185m\/\",\"name\":\"Ko\u0142o sto\u017ckowe ma\u0142e Z-21 fi-25mm kosiarka rotacyjna 1,85m - Exparto.pl\",\"isPartOf\":{\"@id\":\"https:\/\/exparto.pl\/sk\/#website\"},\"primaryImageOfPage\":{\"@id\":\"https:\/\/exparto.pl\/sk\/produkt\/kolo-stozkowe-male-z-21-fi-25mm-kosiarka-rotacyjna-185m\/#primaryimage\"},\"image\":{\"@id\":\"https:\/\/exparto.pl\/sk\/produkt\/kolo-stozkowe-male-z-21-fi-25mm-kosiarka-rotacyjna-185m\/#primaryimage\"},\"thumbnailUrl\":\"https:\/\/exparto.pl\/wp-content\/uploads\/2024\/04\/060df1564f09b46a8fa3d579727a827f.jpg\",\"datePublished\":\"2024-04-08T12:06:02+00:00\",\"dateModified\":\"2026-03-31T11:00:41+00:00\",\"breadcrumb\":{\"@id\":\"https:\/\/exparto.pl\/sk\/produkt\/kolo-stozkowe-male-z-21-fi-25mm-kosiarka-rotacyjna-185m\/#breadcrumb\"},\"inLanguage\":\"sk-SK\",\"potentialAction\":[{\"@type\":\"ReadAction\",\"target\":[\"https:\/\/exparto.pl\/sk\/produkt\/kolo-stozkowe-male-z-21-fi-25mm-kosiarka-rotacyjna-185m\/\"]}]},{\"@type\":\"ImageObject\",\"inLanguage\":\"sk-SK\",\"@id\":\"https:\/\/exparto.pl\/sk\/produkt\/kolo-stozkowe-male-z-21-fi-25mm-kosiarka-rotacyjna-185m\/#primaryimage\",\"url\":\"https:\/\/exparto.pl\/wp-content\/uploads\/2024\/04\/060df1564f09b46a8fa3d579727a827f.jpg\",\"contentUrl\":\"https:\/\/exparto.pl\/wp-content\/uploads\/2024\/04\/060df1564f09b46a8fa3d579727a827f.jpg\",\"width\":1200,\"height\":1200},{\"@type\":\"BreadcrumbList\",\"@id\":\"https:\/\/exparto.pl\/sk\/produkt\/kolo-stozkowe-male-z-21-fi-25mm-kosiarka-rotacyjna-185m\/#breadcrumb\",\"itemListElement\":[{\"@type\":\"ListItem\",\"position\":1,\"name\":\"Domovsk\u00e1 str\u00e1nka\",\"item\":\"https:\/\/exparto.pl\/sk\/domovska-stranka\/\"},{\"@type\":\"ListItem\",\"position\":2,\"name\":\"Sklep\",\"item\":\"https:\/\/exparto.pl\/sklep\/\"},{\"@type\":\"ListItem\",\"position\":3,\"name\":\"N\u00e1hradn\u00e9 diely pre kosa\u010dky na tr\u00e1vu\",\"item\":\"https:\/\/exparto.pl\/sk\/kategoria-produktov\/nahradne-diely-pre-kosacky-na-travu\/\"},{\"@type\":\"ListItem\",\"position\":4,\"name\":\"Ko\u0142o sto\u017ckowe ma\u0142e Z-21 fi-25mm kosiarka rotacyjna 1,85m\"}]},{\"@type\":\"WebSite\",\"@id\":\"https:\/\/exparto.pl\/sk\/#website\",\"url\":\"https:\/\/exparto.pl\/sk\/\",\"name\":\"EXPARTO\",\"description\":\"More than agro parts\",\"publisher\":{\"@id\":\"https:\/\/exparto.pl\/sk\/#organization\"},\"potentialAction\":[{\"@type\":\"SearchAction\",\"target\":{\"@type\":\"EntryPoint\",\"urlTemplate\":\"https:\/\/exparto.pl\/sk\/?s={search_term_string}\"},\"query-input\":{\"@type\":\"PropertyValueSpecification\",\"valueRequired\":true,\"valueName\":\"search_term_string\"}}],\"inLanguage\":\"sk-SK\"},{\"@type\":\"Organization\",\"@id\":\"https:\/\/exparto.pl\/sk\/#organization\",\"name\":\"EXPARTO\",\"url\":\"https:\/\/exparto.pl\/sk\/\",\"logo\":{\"@type\":\"ImageObject\",\"inLanguage\":\"sk-SK\",\"@id\":\"https:\/\/exparto.pl\/sk\/#\/schema\/logo\/image\/\",\"url\":\"https:\/\/exparto.pl\/wp-content\/uploads\/2023\/02\/logo-wektor.png\",\"contentUrl\":\"https:\/\/exparto.pl\/wp-content\/uploads\/2023\/02\/logo-wektor.png\",\"width\":1338,\"height\":143,\"caption\":\"EXPARTO\"},\"image\":{\"@id\":\"https:\/\/exparto.pl\/sk\/#\/schema\/logo\/image\/\"},\"sameAs\":[\"https:\/\/www.facebook.com\/exparto.agro\/\"]}]}<\/script>\n<!-- \/ Yoast SEO plugin. -->","yoast_head_json":{"title":"Ko\u0142o sto\u017ckowe ma\u0142e Z-21 fi-25mm kosiarka rotacyjna 1,85m - Exparto.pl","robots":{"index":"index","follow":"follow","max-snippet":"max-snippet:-1","max-image-preview":"max-image-preview:large","max-video-preview":"max-video-preview:-1"},"canonical":"https:\/\/exparto.pl\/sk\/produkt\/kolo-stozkowe-male-z-21-fi-25mm-kosiarka-rotacyjna-185m\/","og_locale":"sk_SK","og_type":"article","og_title":"Ko\u0142o sto\u017ckowe ma\u0142e Z-21 fi-25mm kosiarka rotacyjna 1,85m - Exparto.pl","og_description":"Ko\u0142o sto\u017ckowe ma\u0142e","og_url":"https:\/\/exparto.pl\/sk\/produkt\/kolo-stozkowe-male-z-21-fi-25mm-kosiarka-rotacyjna-185m\/","og_site_name":"Exparto.pl","article_publisher":"https:\/\/www.facebook.com\/exparto.agro\/","article_modified_time":"2026-03-31T11:00:41+00:00","og_image":[{"width":1200,"height":1200,"url":"https:\/\/exparto.pl\/wp-content\/uploads\/2024\/04\/060df1564f09b46a8fa3d579727a827f.jpg","type":"image\/jpeg"}],"twitter_card":"summary_large_image","twitter_misc":{"Predpokladan\u00fd \u010das \u010d\u00edtania":"1 min\u00fata"},"schema":{"@context":"https:\/\/schema.org","@graph":[{"@type":"WebPage","@id":"https:\/\/exparto.pl\/sk\/produkt\/kolo-stozkowe-male-z-21-fi-25mm-kosiarka-rotacyjna-185m\/","url":"https:\/\/exparto.pl\/sk\/produkt\/kolo-stozkowe-male-z-21-fi-25mm-kosiarka-rotacyjna-185m\/","name":"Ko\u0142o sto\u017ckowe ma\u0142e Z-21 fi-25mm kosiarka rotacyjna 1,85m - Exparto.pl","isPartOf":{"@id":"https:\/\/exparto.pl\/sk\/#website"},"primaryImageOfPage":{"@id":"https:\/\/exparto.pl\/sk\/produkt\/kolo-stozkowe-male-z-21-fi-25mm-kosiarka-rotacyjna-185m\/#primaryimage"},"image":{"@id":"https:\/\/exparto.pl\/sk\/produkt\/kolo-stozkowe-male-z-21-fi-25mm-kosiarka-rotacyjna-185m\/#primaryimage"},"thumbnailUrl":"https:\/\/exparto.pl\/wp-content\/uploads\/2024\/04\/060df1564f09b46a8fa3d579727a827f.jpg","datePublished":"2024-04-08T12:06:02+00:00","dateModified":"2026-03-31T11:00:41+00:00","breadcrumb":{"@id":"https:\/\/exparto.pl\/sk\/produkt\/kolo-stozkowe-male-z-21-fi-25mm-kosiarka-rotacyjna-185m\/#breadcrumb"},"inLanguage":"sk-SK","potentialAction":[{"@type":"ReadAction","target":["https:\/\/exparto.pl\/sk\/produkt\/kolo-stozkowe-male-z-21-fi-25mm-kosiarka-rotacyjna-185m\/"]}]},{"@type":"ImageObject","inLanguage":"sk-SK","@id":"https:\/\/exparto.pl\/sk\/produkt\/kolo-stozkowe-male-z-21-fi-25mm-kosiarka-rotacyjna-185m\/#primaryimage","url":"https:\/\/exparto.pl\/wp-content\/uploads\/2024\/04\/060df1564f09b46a8fa3d579727a827f.jpg","contentUrl":"https:\/\/exparto.pl\/wp-content\/uploads\/2024\/04\/060df1564f09b46a8fa3d579727a827f.jpg","width":1200,"height":1200},{"@type":"BreadcrumbList","@id":"https:\/\/exparto.pl\/sk\/produkt\/kolo-stozkowe-male-z-21-fi-25mm-kosiarka-rotacyjna-185m\/#breadcrumb","itemListElement":[{"@type":"ListItem","position":1,"name":"Domovsk\u00e1 str\u00e1nka","item":"https:\/\/exparto.pl\/sk\/domovska-stranka\/"},{"@type":"ListItem","position":2,"name":"Sklep","item":"https:\/\/exparto.pl\/sklep\/"},{"@type":"ListItem","position":3,"name":"N\u00e1hradn\u00e9 diely pre kosa\u010dky na tr\u00e1vu","item":"https:\/\/exparto.pl\/sk\/kategoria-produktov\/nahradne-diely-pre-kosacky-na-travu\/"},{"@type":"ListItem","position":4,"name":"Ko\u0142o sto\u017ckowe ma\u0142e Z-21 fi-25mm kosiarka rotacyjna 1,85m"}]},{"@type":"WebSite","@id":"https:\/\/exparto.pl\/sk\/#website","url":"https:\/\/exparto.pl\/sk\/","name":"EXPARTO","description":"More than agro parts","publisher":{"@id":"https:\/\/exparto.pl\/sk\/#organization"},"potentialAction":[{"@type":"SearchAction","target":{"@type":"EntryPoint","urlTemplate":"https:\/\/exparto.pl\/sk\/?s={search_term_string}"},"query-input":{"@type":"PropertyValueSpecification","valueRequired":true,"valueName":"search_term_string"}}],"inLanguage":"sk-SK"},{"@type":"Organization","@id":"https:\/\/exparto.pl\/sk\/#organization","name":"EXPARTO","url":"https:\/\/exparto.pl\/sk\/","logo":{"@type":"ImageObject","inLanguage":"sk-SK","@id":"https:\/\/exparto.pl\/sk\/#\/schema\/logo\/image\/","url":"https:\/\/exparto.pl\/wp-content\/uploads\/2023\/02\/logo-wektor.png","contentUrl":"https:\/\/exparto.pl\/wp-content\/uploads\/2023\/02\/logo-wektor.png","width":1338,"height":143,"caption":"EXPARTO"},"image":{"@id":"https:\/\/exparto.pl\/sk\/#\/schema\/logo\/image\/"},"sameAs":["https:\/\/www.facebook.com\/exparto.agro\/"]}]}},"_links":{"self":[{"href":"https:\/\/exparto.pl\/sk\/wp-json\/wp\/v2\/product\/24474","targetHints":{"allow":["GET"]}}],"collection":[{"href":"https:\/\/exparto.pl\/sk\/wp-json\/wp\/v2\/product"}],"about":[{"href":"https:\/\/exparto.pl\/sk\/wp-json\/wp\/v2\/types\/product"}],"replies":[{"embeddable":true,"href":"https:\/\/exparto.pl\/sk\/wp-json\/wp\/v2\/comments?post=24474"}],"wp:featuredmedia":[{"embeddable":true,"href":"https:\/\/exparto.pl\/sk\/wp-json\/wp\/v2\/media\/24454"}],"wp:attachment":[{"href":"https:\/\/exparto.pl\/sk\/wp-json\/wp\/v2\/media?parent=24474"}],"wp:term":[{"taxonomy":"product_brand","embeddable":true,"href":"https:\/\/exparto.pl\/sk\/wp-json\/wp\/v2\/product_brand?post=24474"},{"taxonomy":"product_cat","embeddable":true,"href":"https:\/\/exparto.pl\/sk\/wp-json\/wp\/v2\/product_cat?post=24474"},{"taxonomy":"product_tag","embeddable":true,"href":"https:\/\/exparto.pl\/sk\/wp-json\/wp\/v2\/product_tag?post=24474"}],"curies":[{"name":"wp","href":"https:\/\/api.w.org\/{rel}","templated":true}]}}