{"id":26619,"date":"2024-05-10T16:07:16","date_gmt":"2024-05-10T14:07:16","guid":{"rendered":"https:\/\/exparto.pl\/produkt\/wal-przegubowy-wom-120-cm-680nm-cytryna-krzyzak-32x76-6-6\/"},"modified":"2026-04-07T18:00:17","modified_gmt":"2026-04-07T16:00:17","slug":"wal-przegubowy-wom-120-cm-680nm-cytryna-krzyzak-32x76-6-6","status":"publish","type":"product","link":"https:\/\/exparto.pl\/sk\/produkt\/wal-przegubowy-wom-120-cm-680nm-cytryna-krzyzak-32x76-6-6\/","title":{"rendered":"Wa\u0142ek WOM 120cm 680Nm cytryna krzy\u017cak 32\u00d776 6\/6"},"content":{"rendered":"<div style=\"text-align: justify\"><span style=\"color: var(--text-color)\">Wa\u0142y przegubowo-teleskopowe wykorzystywane s\u0105 do\u00a0<\/span><b>przenoszenia momentu obrotowego<\/b><span style=\"color: var(--text-color)\">\u00a0z wa\u0142ka odbioru mocy ci\u0105gnika (WOM) na wa\u0142ek przyj\u0119cia mocy maszyny (WPM), kt\u00f3ra jest do owego ci\u0105gnika doczepiana. Wa\u0142y stanowi\u0105 istotny element\u00a0<\/span><span style=\"color: var(--text-color);font-weight: 700 !important\">przyczep<\/span><span style=\"color: var(--text-color)\">\u00a0oraz\u00a0<\/span><span style=\"color: var(--text-color);font-weight: 700 !important\">pojazd\u00f3w rolniczych<\/span><span style=\"color: var(--text-color)\">. Jednocze\u015bnie s\u0105 one\u00a0<\/span><span style=\"color: var(--text-color);font-weight: 700 !important\">gwarantem niezawodno\u015bci<\/span><span style=\"color: var(--text-color)\">\u00a0oraz bezpiecznej pracy. Zabezpieczaj\u0105 te\u017c elementy nap\u0119dowe urz\u0105dzenia, kiedy ono pracuje.<\/span><\/div>\n<\/p>\n<p style=\"text-align: justify\">Podstawowy podzia\u0142 obejmuje:<\/p>\n<ul style=\"text-align: justify\">\n<li><span style=\"font-weight: 700 !important\">Wa\u0142y przegubowo-teleskopowe podstawowe<\/span>\u00a0\u2013 stosuje si\u0119 je wtedy, gdy wzajemne usytuowanie wa\u0142k\u00f3w WOM i WPMa wobec siebie nie przekracza 25\u00b0 k\u0105ta \u0142amania przegubu podczas pracy ci\u0105g\u0142ej.<\/li>\n<li><span style=\"font-weight: 700 !important\">Wa\u0142y przegubowo-teleskopowe szerokok\u0105tne<\/span>\u00a0&#8211; stosuje si\u0119 je wtedy, gdy wzajemne usytuowanie wa\u0142k\u00f3w WOM i WPM mo\u017ce doprowadzi\u0107 do z\u0142amania przegubu do 50\u00b0 k\u0105ta \u0142amania przegubu podczas pracy ci\u0105g\u0142ej oraz 50\u00b0 podczas pracy chwilowej.<\/li>\n<\/ul>\n<p style=\"text-align: justify\">Mo\u017cna wyr\u00f3\u017cni\u0107 tak\u017ce\u00a0<span style=\"font-weight: 700 !important\">wa\u0142y frezowane, rurowe<\/span>\u00a0oraz\u00a0<span style=\"font-weight: 700 !important\">rurowo tr\u00f3jk\u0105tne<\/span>\u00a0\u2013 r\u00f3\u017cni\u0105 si\u0119 one mi\u0119dzy sob\u0105 profilami rur. Poszczeg\u00f3lne wa\u0142y mog\u0105 mie\u0107 r\u00f3wnie\u017c odmienn\u0105 warto\u015b\u0107 momentu obrotowego oraz inn\u0105 liczb\u0119 przegub\u00f3w szerokok\u0105tnych.<\/p>\n<p style=\"text-align: justify\">W Exparto oferujemy zar\u00f3wno\u00a0<span style=\"font-weight: 700 !important\">kompletne wa\u0142y<\/span>, jak i przeznaczone do nich\u00a0<b>c<\/b><span style=\"font-weight: 700 !important\">z\u0119\u015bci i akcesoria<\/span>: krzy\u017caki, przeguby, sprz\u0119g\u0142a. Poszczeg\u00f3lne komponenty s\u0105 wykonane z wysokiej jako\u015bci materia\u0142\u00f3w (np. ze\u00a0<span style=\"font-weight: 700 !important\">stali wysokow\u0119glowej<\/span>), a same\u00a0<span style=\"font-weight: 700 !important\">os\u0142ony wa\u0142\u00f3w<\/span>\u00a0nie s\u0105 podatne na\u00a0<span style=\"font-weight: 700 !important\">uszkodzenia mechaniczne<\/span>, niskie temperatury czy te\u017c promieniowanie UV. Co wi\u0119cej, niekt\u00f3re komponenty wyposa\u017cone zosta\u0142y w specjalne \u0142o\u017cyska o podwy\u017cszonej wytrzyma\u0142o\u015bci.<\/p>\n<p style=\"text-align: justify\"><span style=\"color: var(--text-color)\">\u2705<\/span><strong>G\u0141\u00d3WNE ZASTOSOWANIE:<\/strong><\/p>\n<p style=\"text-align: justify\">\n<ul>\n<li><b>Kosiarka rotacyjna<\/b><\/li>\n<li><b>Zgrabiarka<\/b><\/li>\n<li><b>Przetrz\u0105sarka\u00a0<\/b><\/li>\n<li><b>Kopaczka\u00a0<\/b><\/li>\n<li><b>Kombajn ziemniaczany\u00a0<\/b><\/li>\n<li><b>Rozrzutnik\u00a0<\/b><\/li>\n<li><b>Prasa\u00a0<\/b><\/li>\n<li><b>W\u00f3z asenizacyjny<\/b><\/li>\n<li><b>Prasa kostkuj\u0105ca<\/b><\/li>\n<li><b>Prasa roluj\u0105ca<\/b><\/li>\n<li><b>Kosiarka bijakowa\u00a0<\/b><b>\u00a0<\/b><\/li>\n<li><b>Rozdrabniacz ga\u0142\u0119zi<\/b><\/li>\n<li><b>Kosiarka sadownicza<\/b><\/li>\n<li><b>Rozrzutnik obornika<\/b><\/li>\n<li><b>Mulczer<\/b><\/li>\n<\/ul><\/p>\n","protected":false},"excerpt":{"rendered":"<p style=\"text-align: justify\">Wa\u0142y przegubowo-teleskopowe wykorzystywane s\u0105 do przenoszenia momentu obrotowego z wa\u0142ka odbioru mocy ci\u0105gnika (WOM) na wa\u0142ek przyj\u0119cia mocy maszyny (WPM), kt\u00f3ra jest do owego ci\u0105gnika doczepiana.<\/p>\n","protected":false},"featured_media":36784,"comment_status":"open","ping_status":"closed","template":"","meta":{"_acf_changed":false,"inline_featured_image":false},"product_brand":[920],"product_cat":[112,899,53],"product_tag":[],"class_list":{"0":"post-26619","1":"product","2":"type-product","3":"status-publish","4":"has-post-thumbnail","6":"product_brand-exparto","7":"product_cat-waly-rura-trojkatna","8":"product_cat-walki-wom-cytryna","9":"product_cat-waly-przegubowo-teleskopowe","11":"first","12":"instock","13":"taxable","14":"shipping-taxable","15":"purchasable","16":"product-type-simple"},"acf":[],"yoast_head":"<!-- This site is optimized with the Yoast SEO plugin v27.3 - https:\/\/yoast.com\/product\/yoast-seo-wordpress\/ -->\n<title>Wa\u0142ek WOM 120cm 680Nm cytryna krzy\u017cak 32\u00d776 6\/6 - Exparto.pl<\/title>\n<meta name=\"robots\" content=\"index, follow, max-snippet:-1, max-image-preview:large, max-video-preview:-1\" \/>\n<link rel=\"canonical\" href=\"https:\/\/exparto.pl\/sk\/produkt\/wal-przegubowy-wom-120-cm-680nm-cytryna-krzyzak-32x76-6-6\/\" \/>\n<meta property=\"og:locale\" content=\"sk_SK\" \/>\n<meta property=\"og:type\" content=\"article\" \/>\n<meta property=\"og:title\" content=\"Wa\u0142ek WOM 120cm 680Nm cytryna krzy\u017cak 32\u00d776 6\/6 - Exparto.pl\" \/>\n<meta property=\"og:description\" content=\"Wa\u0142y przegubowo-teleskopowe wykorzystywane s\u0105 do przenoszenia momentu obrotowego z wa\u0142ka odbioru mocy ci\u0105gnika (WOM) na wa\u0142ek przyj\u0119cia mocy maszyny (WPM), kt\u00f3ra jest do owego ci\u0105gnika doczepiana.\" \/>\n<meta property=\"og:url\" content=\"https:\/\/exparto.pl\/sk\/produkt\/wal-przegubowy-wom-120-cm-680nm-cytryna-krzyzak-32x76-6-6\/\" \/>\n<meta property=\"og:site_name\" content=\"Exparto.pl\" \/>\n<meta property=\"article:publisher\" content=\"https:\/\/www.facebook.com\/exparto.agro\/\" \/>\n<meta property=\"article:modified_time\" content=\"2026-04-07T16:00:17+00:00\" \/>\n<meta property=\"og:image\" content=\"https:\/\/exparto.pl\/wp-content\/uploads\/2024\/12\/63ecfaa21132d06fce6e89585fe9c735.jpg\" \/>\n\t<meta property=\"og:image:width\" content=\"1000\" \/>\n\t<meta property=\"og:image:height\" content=\"1000\" \/>\n\t<meta property=\"og:image:type\" content=\"image\/jpeg\" \/>\n<meta name=\"twitter:card\" content=\"summary_large_image\" \/>\n<meta name=\"twitter:label1\" content=\"Predpokladan\u00fd \u010das \u010d\u00edtania\" \/>\n\t<meta name=\"twitter:data1\" content=\"2 min\u00faty\" \/>\n<script type=\"application\/ld+json\" class=\"yoast-schema-graph\">{\"@context\":\"https:\\\/\\\/schema.org\",\"@graph\":[{\"@type\":\"WebPage\",\"@id\":\"https:\\\/\\\/exparto.pl\\\/sk\\\/produkt\\\/wal-przegubowy-wom-120-cm-680nm-cytryna-krzyzak-32x76-6-6\\\/\",\"url\":\"https:\\\/\\\/exparto.pl\\\/sk\\\/produkt\\\/wal-przegubowy-wom-120-cm-680nm-cytryna-krzyzak-32x76-6-6\\\/\",\"name\":\"Wa\u0142ek WOM 120cm 680Nm cytryna krzy\u017cak 32\u00d776 6\\\/6 - Exparto.pl\",\"isPartOf\":{\"@id\":\"https:\\\/\\\/exparto.pl\\\/sk\\\/#website\"},\"primaryImageOfPage\":{\"@id\":\"https:\\\/\\\/exparto.pl\\\/sk\\\/produkt\\\/wal-przegubowy-wom-120-cm-680nm-cytryna-krzyzak-32x76-6-6\\\/#primaryimage\"},\"image\":{\"@id\":\"https:\\\/\\\/exparto.pl\\\/sk\\\/produkt\\\/wal-przegubowy-wom-120-cm-680nm-cytryna-krzyzak-32x76-6-6\\\/#primaryimage\"},\"thumbnailUrl\":\"https:\\\/\\\/exparto.pl\\\/wp-content\\\/uploads\\\/2024\\\/12\\\/63ecfaa21132d06fce6e89585fe9c735.jpg\",\"datePublished\":\"2024-05-10T14:07:16+00:00\",\"dateModified\":\"2026-04-07T16:00:17+00:00\",\"breadcrumb\":{\"@id\":\"https:\\\/\\\/exparto.pl\\\/sk\\\/produkt\\\/wal-przegubowy-wom-120-cm-680nm-cytryna-krzyzak-32x76-6-6\\\/#breadcrumb\"},\"inLanguage\":\"sk-SK\",\"potentialAction\":[{\"@type\":\"ReadAction\",\"target\":[\"https:\\\/\\\/exparto.pl\\\/sk\\\/produkt\\\/wal-przegubowy-wom-120-cm-680nm-cytryna-krzyzak-32x76-6-6\\\/\"]}]},{\"@type\":\"ImageObject\",\"inLanguage\":\"sk-SK\",\"@id\":\"https:\\\/\\\/exparto.pl\\\/sk\\\/produkt\\\/wal-przegubowy-wom-120-cm-680nm-cytryna-krzyzak-32x76-6-6\\\/#primaryimage\",\"url\":\"https:\\\/\\\/exparto.pl\\\/wp-content\\\/uploads\\\/2024\\\/12\\\/63ecfaa21132d06fce6e89585fe9c735.jpg\",\"contentUrl\":\"https:\\\/\\\/exparto.pl\\\/wp-content\\\/uploads\\\/2024\\\/12\\\/63ecfaa21132d06fce6e89585fe9c735.jpg\",\"width\":1000,\"height\":1000},{\"@type\":\"BreadcrumbList\",\"@id\":\"https:\\\/\\\/exparto.pl\\\/sk\\\/produkt\\\/wal-przegubowy-wom-120-cm-680nm-cytryna-krzyzak-32x76-6-6\\\/#breadcrumb\",\"itemListElement\":[{\"@type\":\"ListItem\",\"position\":1,\"name\":\"Domovsk\u00e1 str\u00e1nka\",\"item\":\"https:\\\/\\\/exparto.pl\\\/sk\\\/domovska-stranka\\\/\"},{\"@type\":\"ListItem\",\"position\":2,\"name\":\"Sklep\",\"item\":\"https:\\\/\\\/exparto.pl\\\/sklep\\\/\"},{\"@type\":\"ListItem\",\"position\":3,\"name\":\"Teleskopick\u00e9 v\u00fdvodov\u00e9 hriadele\",\"item\":\"https:\\\/\\\/exparto.pl\\\/sk\\\/kategoria-produktov\\\/teleskopicke-vyvodove-hriadele\\\/\"},{\"@type\":\"ListItem\",\"position\":4,\"name\":\"Wa\u0142ek WOM 120cm 680Nm cytryna krzy\u017cak 32\u00d776 6\\\/6\"}]},{\"@type\":\"WebSite\",\"@id\":\"https:\\\/\\\/exparto.pl\\\/sk\\\/#website\",\"url\":\"https:\\\/\\\/exparto.pl\\\/sk\\\/\",\"name\":\"EXPARTO\",\"description\":\"More than agro parts\",\"publisher\":{\"@id\":\"https:\\\/\\\/exparto.pl\\\/sk\\\/#organization\"},\"potentialAction\":[{\"@type\":\"SearchAction\",\"target\":{\"@type\":\"EntryPoint\",\"urlTemplate\":\"https:\\\/\\\/exparto.pl\\\/sk\\\/?s={search_term_string}\"},\"query-input\":{\"@type\":\"PropertyValueSpecification\",\"valueRequired\":true,\"valueName\":\"search_term_string\"}}],\"inLanguage\":\"sk-SK\"},{\"@type\":\"Organization\",\"@id\":\"https:\\\/\\\/exparto.pl\\\/sk\\\/#organization\",\"name\":\"EXPARTO\",\"url\":\"https:\\\/\\\/exparto.pl\\\/sk\\\/\",\"logo\":{\"@type\":\"ImageObject\",\"inLanguage\":\"sk-SK\",\"@id\":\"https:\\\/\\\/exparto.pl\\\/sk\\\/#\\\/schema\\\/logo\\\/image\\\/\",\"url\":\"https:\\\/\\\/exparto.pl\\\/wp-content\\\/uploads\\\/2023\\\/02\\\/logo-wektor.png\",\"contentUrl\":\"https:\\\/\\\/exparto.pl\\\/wp-content\\\/uploads\\\/2023\\\/02\\\/logo-wektor.png\",\"width\":1338,\"height\":143,\"caption\":\"EXPARTO\"},\"image\":{\"@id\":\"https:\\\/\\\/exparto.pl\\\/sk\\\/#\\\/schema\\\/logo\\\/image\\\/\"},\"sameAs\":[\"https:\\\/\\\/www.facebook.com\\\/exparto.agro\\\/\"]}]}<\/script>\n<!-- \/ Yoast SEO plugin. -->","yoast_head_json":{"title":"Wa\u0142ek WOM 120cm 680Nm cytryna krzy\u017cak 32\u00d776 6\/6 - Exparto.pl","robots":{"index":"index","follow":"follow","max-snippet":"max-snippet:-1","max-image-preview":"max-image-preview:large","max-video-preview":"max-video-preview:-1"},"canonical":"https:\/\/exparto.pl\/sk\/produkt\/wal-przegubowy-wom-120-cm-680nm-cytryna-krzyzak-32x76-6-6\/","og_locale":"sk_SK","og_type":"article","og_title":"Wa\u0142ek WOM 120cm 680Nm cytryna krzy\u017cak 32\u00d776 6\/6 - Exparto.pl","og_description":"Wa\u0142y przegubowo-teleskopowe wykorzystywane s\u0105 do przenoszenia momentu obrotowego z wa\u0142ka odbioru mocy ci\u0105gnika (WOM) na wa\u0142ek przyj\u0119cia mocy maszyny (WPM), kt\u00f3ra jest do owego ci\u0105gnika doczepiana.","og_url":"https:\/\/exparto.pl\/sk\/produkt\/wal-przegubowy-wom-120-cm-680nm-cytryna-krzyzak-32x76-6-6\/","og_site_name":"Exparto.pl","article_publisher":"https:\/\/www.facebook.com\/exparto.agro\/","article_modified_time":"2026-04-07T16:00:17+00:00","og_image":[{"width":1000,"height":1000,"url":"https:\/\/exparto.pl\/wp-content\/uploads\/2024\/12\/63ecfaa21132d06fce6e89585fe9c735.jpg","type":"image\/jpeg"}],"twitter_card":"summary_large_image","twitter_misc":{"Predpokladan\u00fd \u010das \u010d\u00edtania":"2 min\u00faty"},"schema":{"@context":"https:\/\/schema.org","@graph":[{"@type":"WebPage","@id":"https:\/\/exparto.pl\/sk\/produkt\/wal-przegubowy-wom-120-cm-680nm-cytryna-krzyzak-32x76-6-6\/","url":"https:\/\/exparto.pl\/sk\/produkt\/wal-przegubowy-wom-120-cm-680nm-cytryna-krzyzak-32x76-6-6\/","name":"Wa\u0142ek WOM 120cm 680Nm cytryna krzy\u017cak 32\u00d776 6\/6 - Exparto.pl","isPartOf":{"@id":"https:\/\/exparto.pl\/sk\/#website"},"primaryImageOfPage":{"@id":"https:\/\/exparto.pl\/sk\/produkt\/wal-przegubowy-wom-120-cm-680nm-cytryna-krzyzak-32x76-6-6\/#primaryimage"},"image":{"@id":"https:\/\/exparto.pl\/sk\/produkt\/wal-przegubowy-wom-120-cm-680nm-cytryna-krzyzak-32x76-6-6\/#primaryimage"},"thumbnailUrl":"https:\/\/exparto.pl\/wp-content\/uploads\/2024\/12\/63ecfaa21132d06fce6e89585fe9c735.jpg","datePublished":"2024-05-10T14:07:16+00:00","dateModified":"2026-04-07T16:00:17+00:00","breadcrumb":{"@id":"https:\/\/exparto.pl\/sk\/produkt\/wal-przegubowy-wom-120-cm-680nm-cytryna-krzyzak-32x76-6-6\/#breadcrumb"},"inLanguage":"sk-SK","potentialAction":[{"@type":"ReadAction","target":["https:\/\/exparto.pl\/sk\/produkt\/wal-przegubowy-wom-120-cm-680nm-cytryna-krzyzak-32x76-6-6\/"]}]},{"@type":"ImageObject","inLanguage":"sk-SK","@id":"https:\/\/exparto.pl\/sk\/produkt\/wal-przegubowy-wom-120-cm-680nm-cytryna-krzyzak-32x76-6-6\/#primaryimage","url":"https:\/\/exparto.pl\/wp-content\/uploads\/2024\/12\/63ecfaa21132d06fce6e89585fe9c735.jpg","contentUrl":"https:\/\/exparto.pl\/wp-content\/uploads\/2024\/12\/63ecfaa21132d06fce6e89585fe9c735.jpg","width":1000,"height":1000},{"@type":"BreadcrumbList","@id":"https:\/\/exparto.pl\/sk\/produkt\/wal-przegubowy-wom-120-cm-680nm-cytryna-krzyzak-32x76-6-6\/#breadcrumb","itemListElement":[{"@type":"ListItem","position":1,"name":"Domovsk\u00e1 str\u00e1nka","item":"https:\/\/exparto.pl\/sk\/domovska-stranka\/"},{"@type":"ListItem","position":2,"name":"Sklep","item":"https:\/\/exparto.pl\/sklep\/"},{"@type":"ListItem","position":3,"name":"Teleskopick\u00e9 v\u00fdvodov\u00e9 hriadele","item":"https:\/\/exparto.pl\/sk\/kategoria-produktov\/teleskopicke-vyvodove-hriadele\/"},{"@type":"ListItem","position":4,"name":"Wa\u0142ek WOM 120cm 680Nm cytryna krzy\u017cak 32\u00d776 6\/6"}]},{"@type":"WebSite","@id":"https:\/\/exparto.pl\/sk\/#website","url":"https:\/\/exparto.pl\/sk\/","name":"EXPARTO","description":"More than agro parts","publisher":{"@id":"https:\/\/exparto.pl\/sk\/#organization"},"potentialAction":[{"@type":"SearchAction","target":{"@type":"EntryPoint","urlTemplate":"https:\/\/exparto.pl\/sk\/?s={search_term_string}"},"query-input":{"@type":"PropertyValueSpecification","valueRequired":true,"valueName":"search_term_string"}}],"inLanguage":"sk-SK"},{"@type":"Organization","@id":"https:\/\/exparto.pl\/sk\/#organization","name":"EXPARTO","url":"https:\/\/exparto.pl\/sk\/","logo":{"@type":"ImageObject","inLanguage":"sk-SK","@id":"https:\/\/exparto.pl\/sk\/#\/schema\/logo\/image\/","url":"https:\/\/exparto.pl\/wp-content\/uploads\/2023\/02\/logo-wektor.png","contentUrl":"https:\/\/exparto.pl\/wp-content\/uploads\/2023\/02\/logo-wektor.png","width":1338,"height":143,"caption":"EXPARTO"},"image":{"@id":"https:\/\/exparto.pl\/sk\/#\/schema\/logo\/image\/"},"sameAs":["https:\/\/www.facebook.com\/exparto.agro\/"]}]}},"_links":{"self":[{"href":"https:\/\/exparto.pl\/sk\/wp-json\/wp\/v2\/product\/26619","targetHints":{"allow":["GET"]}}],"collection":[{"href":"https:\/\/exparto.pl\/sk\/wp-json\/wp\/v2\/product"}],"about":[{"href":"https:\/\/exparto.pl\/sk\/wp-json\/wp\/v2\/types\/product"}],"replies":[{"embeddable":true,"href":"https:\/\/exparto.pl\/sk\/wp-json\/wp\/v2\/comments?post=26619"}],"wp:featuredmedia":[{"embeddable":true,"href":"https:\/\/exparto.pl\/sk\/wp-json\/wp\/v2\/media\/36784"}],"wp:attachment":[{"href":"https:\/\/exparto.pl\/sk\/wp-json\/wp\/v2\/media?parent=26619"}],"wp:term":[{"taxonomy":"product_brand","embeddable":true,"href":"https:\/\/exparto.pl\/sk\/wp-json\/wp\/v2\/product_brand?post=26619"},{"taxonomy":"product_cat","embeddable":true,"href":"https:\/\/exparto.pl\/sk\/wp-json\/wp\/v2\/product_cat?post=26619"},{"taxonomy":"product_tag","embeddable":true,"href":"https:\/\/exparto.pl\/sk\/wp-json\/wp\/v2\/product_tag?post=26619"}],"curies":[{"name":"wp","href":"https:\/\/api.w.org\/{rel}","templated":true}]}}