{"id":28942,"date":"2024-07-01T15:38:35","date_gmt":"2024-07-01T13:38:35","guid":{"rendered":"https:\/\/exparto.pl\/produkt\/przegub-kompletny-walka-wom-krzyzak-22x55-trojkat-325\/"},"modified":"2026-03-30T17:00:15","modified_gmt":"2026-03-30T15:00:15","slug":"przegub-kompletny-walka-wom-krzyzak-22x55-trojkat-325","status":"publish","type":"product","link":"https:\/\/exparto.pl\/sk\/produkt\/przegub-kompletny-walka-wom-krzyzak-22x55-trojkat-325\/","title":{"rendered":"Przegub kompletny wa\u0142ka WOM krzy\u017cak 22&#215;55 &#8211; tr\u00f3jk\u0105t 32,5"},"content":{"rendered":"<p style=\"text-align: justify\">Przegub kompletny wa\u0142ka WOM to cz\u0119\u015b\u0107 mechaniczna u\u017cywana w maszynach rolniczych do <b>przenoszenia mocy mi\u0119dzy traktorem a maszyn\u0105<\/b>, tak\u0105 jak kosiarka, rozsiewacz, czy prasa. Jest to kluczowy element uk\u0142adu nap\u0119dowego, umo\u017cliwiaj\u0105cy <b>po\u0142\u0105czenie wa\u0142u odbioru mocy<\/b> (WOM) z maszyn\u0105 rolnicz\u0105 przy jednoczesnym umo\u017cliwieniu ruchu obrotowego i k\u0105towego.<\/p>\n","protected":false},"excerpt":{"rendered":"<p style=\"text-align: justify\">Przegub kompletny rura tr\u00f3jk\u0105tna zewn\u0119trzna 22&#215;55<\/p>\n","protected":false},"featured_media":28922,"comment_status":"open","ping_status":"closed","template":"","meta":{"_acf_changed":false,"inline_featured_image":false},"product_brand":[],"product_cat":[114,894,722,53],"product_tag":[],"class_list":{"0":"post-28942","1":"product","2":"type-product","3":"status-publish","4":"has-post-thumbnail","6":"product_cat-czesci-do-walow","7":"product_cat-przeguby-profl-trojkatny","8":"product_cat-przeguby-kompletne","9":"product_cat-waly-przegubowo-teleskopowe","11":"first","12":"instock","13":"taxable","14":"shipping-taxable","15":"purchasable","16":"product-type-simple"},"acf":[],"yoast_head":"<!-- This site is optimized with the Yoast SEO plugin v27.3 - https:\/\/yoast.com\/product\/yoast-seo-wordpress\/ -->\n<title>Przegub kompletny wa\u0142ka WOM krzy\u017cak 22x55 - tr\u00f3jk\u0105t 32,5 - Exparto.pl<\/title>\n<meta name=\"robots\" content=\"index, follow, max-snippet:-1, max-image-preview:large, max-video-preview:-1\" \/>\n<link rel=\"canonical\" href=\"https:\/\/exparto.pl\/sk\/produkt\/przegub-kompletny-walka-wom-krzyzak-22x55-trojkat-325\/\" \/>\n<meta property=\"og:locale\" content=\"sk_SK\" \/>\n<meta property=\"og:type\" content=\"article\" \/>\n<meta property=\"og:title\" content=\"Przegub kompletny wa\u0142ka WOM krzy\u017cak 22x55 - tr\u00f3jk\u0105t 32,5 - Exparto.pl\" \/>\n<meta property=\"og:description\" content=\"Przegub kompletny rura tr\u00f3jk\u0105tna zewn\u0119trzna 22x55\" \/>\n<meta property=\"og:url\" content=\"https:\/\/exparto.pl\/sk\/produkt\/przegub-kompletny-walka-wom-krzyzak-22x55-trojkat-325\/\" \/>\n<meta property=\"og:site_name\" content=\"Exparto.pl\" \/>\n<meta property=\"article:publisher\" content=\"https:\/\/www.facebook.com\/exparto.agro\/\" \/>\n<meta property=\"article:modified_time\" content=\"2026-03-30T15:00:15+00:00\" \/>\n<meta property=\"og:image\" content=\"https:\/\/exparto.pl\/wp-content\/uploads\/2024\/07\/4ab319ced915533cdf424f802a3e3c3d.jpg\" \/>\n\t<meta property=\"og:image:width\" content=\"1200\" \/>\n\t<meta property=\"og:image:height\" content=\"1200\" \/>\n\t<meta property=\"og:image:type\" content=\"image\/jpeg\" \/>\n<meta name=\"twitter:card\" content=\"summary_large_image\" \/>\n<meta name=\"twitter:label1\" content=\"Predpokladan\u00fd \u010das \u010d\u00edtania\" \/>\n\t<meta name=\"twitter:data1\" content=\"1 min\u00fata\" \/>\n<script type=\"application\/ld+json\" class=\"yoast-schema-graph\">{\"@context\":\"https:\\\/\\\/schema.org\",\"@graph\":[{\"@type\":\"WebPage\",\"@id\":\"https:\\\/\\\/exparto.pl\\\/sk\\\/produkt\\\/przegub-kompletny-walka-wom-krzyzak-22x55-trojkat-325\\\/\",\"url\":\"https:\\\/\\\/exparto.pl\\\/sk\\\/produkt\\\/przegub-kompletny-walka-wom-krzyzak-22x55-trojkat-325\\\/\",\"name\":\"Przegub kompletny wa\u0142ka WOM krzy\u017cak 22x55 - tr\u00f3jk\u0105t 32,5 - Exparto.pl\",\"isPartOf\":{\"@id\":\"https:\\\/\\\/exparto.pl\\\/sk\\\/#website\"},\"primaryImageOfPage\":{\"@id\":\"https:\\\/\\\/exparto.pl\\\/sk\\\/produkt\\\/przegub-kompletny-walka-wom-krzyzak-22x55-trojkat-325\\\/#primaryimage\"},\"image\":{\"@id\":\"https:\\\/\\\/exparto.pl\\\/sk\\\/produkt\\\/przegub-kompletny-walka-wom-krzyzak-22x55-trojkat-325\\\/#primaryimage\"},\"thumbnailUrl\":\"https:\\\/\\\/exparto.pl\\\/wp-content\\\/uploads\\\/2024\\\/07\\\/4ab319ced915533cdf424f802a3e3c3d.jpg\",\"datePublished\":\"2024-07-01T13:38:35+00:00\",\"dateModified\":\"2026-03-30T15:00:15+00:00\",\"breadcrumb\":{\"@id\":\"https:\\\/\\\/exparto.pl\\\/sk\\\/produkt\\\/przegub-kompletny-walka-wom-krzyzak-22x55-trojkat-325\\\/#breadcrumb\"},\"inLanguage\":\"sk-SK\",\"potentialAction\":[{\"@type\":\"ReadAction\",\"target\":[\"https:\\\/\\\/exparto.pl\\\/sk\\\/produkt\\\/przegub-kompletny-walka-wom-krzyzak-22x55-trojkat-325\\\/\"]}]},{\"@type\":\"ImageObject\",\"inLanguage\":\"sk-SK\",\"@id\":\"https:\\\/\\\/exparto.pl\\\/sk\\\/produkt\\\/przegub-kompletny-walka-wom-krzyzak-22x55-trojkat-325\\\/#primaryimage\",\"url\":\"https:\\\/\\\/exparto.pl\\\/wp-content\\\/uploads\\\/2024\\\/07\\\/4ab319ced915533cdf424f802a3e3c3d.jpg\",\"contentUrl\":\"https:\\\/\\\/exparto.pl\\\/wp-content\\\/uploads\\\/2024\\\/07\\\/4ab319ced915533cdf424f802a3e3c3d.jpg\",\"width\":1200,\"height\":1200},{\"@type\":\"BreadcrumbList\",\"@id\":\"https:\\\/\\\/exparto.pl\\\/sk\\\/produkt\\\/przegub-kompletny-walka-wom-krzyzak-22x55-trojkat-325\\\/#breadcrumb\",\"itemListElement\":[{\"@type\":\"ListItem\",\"position\":1,\"name\":\"Domovsk\u00e1 str\u00e1nka\",\"item\":\"https:\\\/\\\/exparto.pl\\\/sk\\\/domovska-stranka\\\/\"},{\"@type\":\"ListItem\",\"position\":2,\"name\":\"Sklep\",\"item\":\"https:\\\/\\\/exparto.pl\\\/sklep\\\/\"},{\"@type\":\"ListItem\",\"position\":3,\"name\":\"Teleskopick\u00e9 v\u00fdvodov\u00e9 hriadele\",\"item\":\"https:\\\/\\\/exparto.pl\\\/sk\\\/kategoria-produktov\\\/teleskopicke-vyvodove-hriadele\\\/\"},{\"@type\":\"ListItem\",\"position\":4,\"name\":\"\u010casti hriade\u013ea\",\"item\":\"https:\\\/\\\/exparto.pl\\\/sk\\\/kategoria-produktov\\\/teleskopicke-vyvodove-hriadele\\\/casti-hriadela\\\/\"},{\"@type\":\"ListItem\",\"position\":5,\"name\":\"Przeguby kompletne\",\"item\":\"https:\\\/\\\/exparto.pl\\\/kategoria-produktu\\\/waly-przegubowo-teleskopowe\\\/czesci-do-walow\\\/przeguby-kompletne\\\/\"},{\"@type\":\"ListItem\",\"position\":6,\"name\":\"Przegub kompletny wa\u0142ka WOM krzy\u017cak 22&#215;55 &#8211; tr\u00f3jk\u0105t 32,5\"}]},{\"@type\":\"WebSite\",\"@id\":\"https:\\\/\\\/exparto.pl\\\/sk\\\/#website\",\"url\":\"https:\\\/\\\/exparto.pl\\\/sk\\\/\",\"name\":\"EXPARTO\",\"description\":\"More than agro parts\",\"publisher\":{\"@id\":\"https:\\\/\\\/exparto.pl\\\/sk\\\/#organization\"},\"potentialAction\":[{\"@type\":\"SearchAction\",\"target\":{\"@type\":\"EntryPoint\",\"urlTemplate\":\"https:\\\/\\\/exparto.pl\\\/sk\\\/?s={search_term_string}\"},\"query-input\":{\"@type\":\"PropertyValueSpecification\",\"valueRequired\":true,\"valueName\":\"search_term_string\"}}],\"inLanguage\":\"sk-SK\"},{\"@type\":\"Organization\",\"@id\":\"https:\\\/\\\/exparto.pl\\\/sk\\\/#organization\",\"name\":\"EXPARTO\",\"url\":\"https:\\\/\\\/exparto.pl\\\/sk\\\/\",\"logo\":{\"@type\":\"ImageObject\",\"inLanguage\":\"sk-SK\",\"@id\":\"https:\\\/\\\/exparto.pl\\\/sk\\\/#\\\/schema\\\/logo\\\/image\\\/\",\"url\":\"https:\\\/\\\/exparto.pl\\\/wp-content\\\/uploads\\\/2023\\\/02\\\/logo-wektor.png\",\"contentUrl\":\"https:\\\/\\\/exparto.pl\\\/wp-content\\\/uploads\\\/2023\\\/02\\\/logo-wektor.png\",\"width\":1338,\"height\":143,\"caption\":\"EXPARTO\"},\"image\":{\"@id\":\"https:\\\/\\\/exparto.pl\\\/sk\\\/#\\\/schema\\\/logo\\\/image\\\/\"},\"sameAs\":[\"https:\\\/\\\/www.facebook.com\\\/exparto.agro\\\/\"]}]}<\/script>\n<!-- \/ Yoast SEO plugin. -->","yoast_head_json":{"title":"Przegub kompletny wa\u0142ka WOM krzy\u017cak 22x55 - tr\u00f3jk\u0105t 32,5 - Exparto.pl","robots":{"index":"index","follow":"follow","max-snippet":"max-snippet:-1","max-image-preview":"max-image-preview:large","max-video-preview":"max-video-preview:-1"},"canonical":"https:\/\/exparto.pl\/sk\/produkt\/przegub-kompletny-walka-wom-krzyzak-22x55-trojkat-325\/","og_locale":"sk_SK","og_type":"article","og_title":"Przegub kompletny wa\u0142ka WOM krzy\u017cak 22x55 - tr\u00f3jk\u0105t 32,5 - Exparto.pl","og_description":"Przegub kompletny rura tr\u00f3jk\u0105tna zewn\u0119trzna 22x55","og_url":"https:\/\/exparto.pl\/sk\/produkt\/przegub-kompletny-walka-wom-krzyzak-22x55-trojkat-325\/","og_site_name":"Exparto.pl","article_publisher":"https:\/\/www.facebook.com\/exparto.agro\/","article_modified_time":"2026-03-30T15:00:15+00:00","og_image":[{"width":1200,"height":1200,"url":"https:\/\/exparto.pl\/wp-content\/uploads\/2024\/07\/4ab319ced915533cdf424f802a3e3c3d.jpg","type":"image\/jpeg"}],"twitter_card":"summary_large_image","twitter_misc":{"Predpokladan\u00fd \u010das \u010d\u00edtania":"1 min\u00fata"},"schema":{"@context":"https:\/\/schema.org","@graph":[{"@type":"WebPage","@id":"https:\/\/exparto.pl\/sk\/produkt\/przegub-kompletny-walka-wom-krzyzak-22x55-trojkat-325\/","url":"https:\/\/exparto.pl\/sk\/produkt\/przegub-kompletny-walka-wom-krzyzak-22x55-trojkat-325\/","name":"Przegub kompletny wa\u0142ka WOM krzy\u017cak 22x55 - tr\u00f3jk\u0105t 32,5 - Exparto.pl","isPartOf":{"@id":"https:\/\/exparto.pl\/sk\/#website"},"primaryImageOfPage":{"@id":"https:\/\/exparto.pl\/sk\/produkt\/przegub-kompletny-walka-wom-krzyzak-22x55-trojkat-325\/#primaryimage"},"image":{"@id":"https:\/\/exparto.pl\/sk\/produkt\/przegub-kompletny-walka-wom-krzyzak-22x55-trojkat-325\/#primaryimage"},"thumbnailUrl":"https:\/\/exparto.pl\/wp-content\/uploads\/2024\/07\/4ab319ced915533cdf424f802a3e3c3d.jpg","datePublished":"2024-07-01T13:38:35+00:00","dateModified":"2026-03-30T15:00:15+00:00","breadcrumb":{"@id":"https:\/\/exparto.pl\/sk\/produkt\/przegub-kompletny-walka-wom-krzyzak-22x55-trojkat-325\/#breadcrumb"},"inLanguage":"sk-SK","potentialAction":[{"@type":"ReadAction","target":["https:\/\/exparto.pl\/sk\/produkt\/przegub-kompletny-walka-wom-krzyzak-22x55-trojkat-325\/"]}]},{"@type":"ImageObject","inLanguage":"sk-SK","@id":"https:\/\/exparto.pl\/sk\/produkt\/przegub-kompletny-walka-wom-krzyzak-22x55-trojkat-325\/#primaryimage","url":"https:\/\/exparto.pl\/wp-content\/uploads\/2024\/07\/4ab319ced915533cdf424f802a3e3c3d.jpg","contentUrl":"https:\/\/exparto.pl\/wp-content\/uploads\/2024\/07\/4ab319ced915533cdf424f802a3e3c3d.jpg","width":1200,"height":1200},{"@type":"BreadcrumbList","@id":"https:\/\/exparto.pl\/sk\/produkt\/przegub-kompletny-walka-wom-krzyzak-22x55-trojkat-325\/#breadcrumb","itemListElement":[{"@type":"ListItem","position":1,"name":"Domovsk\u00e1 str\u00e1nka","item":"https:\/\/exparto.pl\/sk\/domovska-stranka\/"},{"@type":"ListItem","position":2,"name":"Sklep","item":"https:\/\/exparto.pl\/sklep\/"},{"@type":"ListItem","position":3,"name":"Teleskopick\u00e9 v\u00fdvodov\u00e9 hriadele","item":"https:\/\/exparto.pl\/sk\/kategoria-produktov\/teleskopicke-vyvodove-hriadele\/"},{"@type":"ListItem","position":4,"name":"\u010casti hriade\u013ea","item":"https:\/\/exparto.pl\/sk\/kategoria-produktov\/teleskopicke-vyvodove-hriadele\/casti-hriadela\/"},{"@type":"ListItem","position":5,"name":"Przeguby kompletne","item":"https:\/\/exparto.pl\/kategoria-produktu\/waly-przegubowo-teleskopowe\/czesci-do-walow\/przeguby-kompletne\/"},{"@type":"ListItem","position":6,"name":"Przegub kompletny wa\u0142ka WOM krzy\u017cak 22&#215;55 &#8211; tr\u00f3jk\u0105t 32,5"}]},{"@type":"WebSite","@id":"https:\/\/exparto.pl\/sk\/#website","url":"https:\/\/exparto.pl\/sk\/","name":"EXPARTO","description":"More than agro parts","publisher":{"@id":"https:\/\/exparto.pl\/sk\/#organization"},"potentialAction":[{"@type":"SearchAction","target":{"@type":"EntryPoint","urlTemplate":"https:\/\/exparto.pl\/sk\/?s={search_term_string}"},"query-input":{"@type":"PropertyValueSpecification","valueRequired":true,"valueName":"search_term_string"}}],"inLanguage":"sk-SK"},{"@type":"Organization","@id":"https:\/\/exparto.pl\/sk\/#organization","name":"EXPARTO","url":"https:\/\/exparto.pl\/sk\/","logo":{"@type":"ImageObject","inLanguage":"sk-SK","@id":"https:\/\/exparto.pl\/sk\/#\/schema\/logo\/image\/","url":"https:\/\/exparto.pl\/wp-content\/uploads\/2023\/02\/logo-wektor.png","contentUrl":"https:\/\/exparto.pl\/wp-content\/uploads\/2023\/02\/logo-wektor.png","width":1338,"height":143,"caption":"EXPARTO"},"image":{"@id":"https:\/\/exparto.pl\/sk\/#\/schema\/logo\/image\/"},"sameAs":["https:\/\/www.facebook.com\/exparto.agro\/"]}]}},"_links":{"self":[{"href":"https:\/\/exparto.pl\/sk\/wp-json\/wp\/v2\/product\/28942","targetHints":{"allow":["GET"]}}],"collection":[{"href":"https:\/\/exparto.pl\/sk\/wp-json\/wp\/v2\/product"}],"about":[{"href":"https:\/\/exparto.pl\/sk\/wp-json\/wp\/v2\/types\/product"}],"replies":[{"embeddable":true,"href":"https:\/\/exparto.pl\/sk\/wp-json\/wp\/v2\/comments?post=28942"}],"wp:featuredmedia":[{"embeddable":true,"href":"https:\/\/exparto.pl\/sk\/wp-json\/wp\/v2\/media\/28922"}],"wp:attachment":[{"href":"https:\/\/exparto.pl\/sk\/wp-json\/wp\/v2\/media?parent=28942"}],"wp:term":[{"taxonomy":"product_brand","embeddable":true,"href":"https:\/\/exparto.pl\/sk\/wp-json\/wp\/v2\/product_brand?post=28942"},{"taxonomy":"product_cat","embeddable":true,"href":"https:\/\/exparto.pl\/sk\/wp-json\/wp\/v2\/product_cat?post=28942"},{"taxonomy":"product_tag","embeddable":true,"href":"https:\/\/exparto.pl\/sk\/wp-json\/wp\/v2\/product_tag?post=28942"}],"curies":[{"name":"wp","href":"https:\/\/api.w.org\/{rel}","templated":true}]}}