{"id":29998,"date":"2024-07-25T12:09:58","date_gmt":"2024-07-25T10:09:58","guid":{"rendered":"https:\/\/exparto.pl\/produkt\/talerz-do-talerzowki-510-mm-x-35-mm-uzebiony-6-otworow-z-10-stal-sprezynowa\/"},"modified":"2026-03-29T17:30:17","modified_gmt":"2026-03-29T15:30:17","slug":"talerz-do-talerzowki-510-mm-x-35-mm-uzebiony-6-otworow-z-10-stal-sprezynowa","status":"publish","type":"product","link":"https:\/\/exparto.pl\/sk\/produkt\/talerz-do-talerzowki-510-mm-x-35-mm-uzebiony-6-otworow-z-10-stal-sprezynowa\/","title":{"rendered":"Talerz do talerz\u00f3wki 510 mm x 3,5 mm, uz\u0119biony, 6 otwor\u00f3w, Z-10, stal spr\u0119\u017cynowa"},"content":{"rendered":"<p><b>W tym miejscu oferujemy Ci wysokiej jako\u015bci talerz o \u015brednicy zewn\u0119trznej 510 mm<\/b><b>, kt\u00f3ry powstaje z dba\u0142o\u015bci\u0105 o najdrobniejsze detale<\/b><span style=\"font-weight: 400;\">. Dzi\u0119ki temu element ten jest dobrze przygotowany do pracy w trudnych warunkach w trakcie prac polowych. Poznaj jego specyfikacj\u0119 techniczn\u0105 i skorzystaj z naszej oferty.\u00a0<\/span><\/p>\n<h2><span style=\"font-weight: 400;\">Talerz uz\u0119biony 510 do talerz\u00f3wki \u2013 6 otwor\u00f3w, typ Z-10<\/span><\/h2>\n<p><b>Talerz uz\u0119biony brony talerzowej 510 to cz\u0119\u015b\u0107 robocza, kt\u00f3ra bierze udzia\u0142 w ci\u0119ciu i rozdrabnianiu gleby<\/b><span style=\"font-weight: 400;\">. Zabieg bronowania przeprowadza si\u0119 po to, aby poprawi\u0107 parametry pod\u0142o\u017ca i u\u0142atwi\u0107 sobie prace zwi\u0105zane z siewem. <\/span><b>W EXPARTO oferujemy talerz uz\u0119biony 510 mm wykonany ze stali spr\u0119\u017cynowej o bardzo dobrych w\u0142a\u015bciwo\u015bciach wytrzyma\u0142o\u015bciowych<\/b><span style=\"font-weight: 400;\">. Cz\u0119\u015b\u0107 ta posiada 6 otwor\u00f3w monta\u017cowych i typ Z-10, kt\u00f3ry wskazuje na mo\u017cliwo\u015b\u0107 jej zastosowania w konkretnych maszynach rolniczych. Rozstawienie otwor\u00f3w u\u0142atwia stabilne po\u0142\u0105czenie talerza z piast\u0105, a dodatkowe uz\u0119bienie pozwala na skuteczne bronowanie nawet przy trudniejszej w obr\u00f3bce wyschni\u0119tej gleby.\u00a0<\/span><\/p>\n<p><span style=\"font-weight: 400;\">Dbamy o to, aby ka\u017cdy produkt od EXPARTO spe\u0142nia\u0142 najwy\u017csze standardy jako\u015bciowe. <\/span><b>Kupuj\u0105c talerze uz\u0119bione w naszym sklepie, gwarantujesz sobie dostaw\u0119 produktu w bardzo dobrym stanie technicznym<\/b><span style=\"font-weight: 400;\">, kt\u00f3ry od razu jest gotowy do monta\u017cu w maszynie. Zapraszamy do zakup\u00f3w. <\/span><\/p>\n<p><p style=\"text-align: justify;\">Polecamy talerze EXPARTO do <strong>bron talerzowych, bron muszlowych , bron le\u015bnych, agregat\u00f3w uprawowych, p\u0142ug\u00f3w talerzowych oraz kultywator\u00f3w \u015bcierniskowych (gruber\u00f3w), agregat\u00f3w siewnych, siewnik\u00f3w, agregat\u00f3w hybrydowych.<\/strong><\/p>\n<p><p style=\"text-align: justify;\"><strong>Talerze EXPARTO<\/strong> s\u0105 kompatybilne z maszynami produkowanymi przez:<\/p>\n<ul>\n<li style=\"text-align: justify;\">Agrisem, Agrimet, Agro lift, Agromasz, Agrotom, Akpil, Amazone, ATMP, Awemak, Batyra, Bednar, Bomet, Bury, Czajkowski, Dexwal, Euromasz, Expom, Goliath, Horsch, Kunh, Kverneland, Lemken, Mandam, Metalfach, Pettinger, Polgrom, Rol\/ex, Rolmako, Staltech, Strumyk, Unia, Vaderstad, , PPHU ZAPA\u0141A oraz pozosta\u0142ymi maszynami wyposa\u017conymi w piasty SKF , Krasnik czy talerze typu C<\/li>\n<\/ul>\n","protected":false},"excerpt":{"rendered":"<p style=\"text-align: justify;\">Talerze rolnicze EXPARTO do uprawy w technologii uproszczonej przy u\u017cyciu agregat\u00f3w i bron talerzowych. Uwzgl\u0119dniaj\u0105 rodzaj prac polowych czy specyfik\u0119 gleby. Gwarantuj\u0105 spokojn\u0105 i wydajn\u0105 prac\u0119.<\/p>\n","protected":false},"featured_media":35192,"comment_status":"open","ping_status":"closed","template":"","meta":{"_acf_changed":false,"inline_featured_image":false},"product_brand":[],"product_cat":[41,56,64],"product_tag":[],"class_list":{"0":"post-29998","1":"product","2":"type-product","3":"status-publish","4":"has-post-thumbnail","6":"product_cat-czesci-do-talerzowki","7":"product_cat-talerze-uprawowe","8":"product_cat-talerze-510-mm","10":"first","11":"instock","12":"taxable","13":"shipping-taxable","14":"purchasable","15":"product-type-simple"},"acf":[],"yoast_head":"<!-- This site is optimized with the Yoast SEO plugin v27.2 - https:\/\/yoast.com\/product\/yoast-seo-wordpress\/ -->\n<title>Talerz do talerz\u00f3wki 510 mm x 3,5 mm, uz\u0119biony, 6 otwor\u00f3w, Z-10, stal spr\u0119\u017cynowa - Exparto.pl<\/title>\n<meta name=\"robots\" content=\"index, follow, max-snippet:-1, max-image-preview:large, max-video-preview:-1\" \/>\n<link rel=\"canonical\" href=\"https:\/\/exparto.pl\/sk\/produkt\/talerz-do-talerzowki-510-mm-x-35-mm-uzebiony-6-otworow-z-10-stal-sprezynowa\/\" \/>\n<meta property=\"og:locale\" content=\"sk_SK\" \/>\n<meta property=\"og:type\" content=\"article\" \/>\n<meta property=\"og:title\" content=\"Talerz do talerz\u00f3wki 510 mm x 3,5 mm, uz\u0119biony, 6 otwor\u00f3w, Z-10, stal spr\u0119\u017cynowa - Exparto.pl\" \/>\n<meta property=\"og:description\" content=\"Talerze rolnicze EXPARTO do uprawy w technologii uproszczonej przy u\u017cyciu agregat\u00f3w i bron talerzowych. Uwzgl\u0119dniaj\u0105 rodzaj prac polowych czy specyfik\u0119 gleby. Gwarantuj\u0105 spokojn\u0105 i wydajn\u0105 prac\u0119.\" \/>\n<meta property=\"og:url\" content=\"https:\/\/exparto.pl\/sk\/produkt\/talerz-do-talerzowki-510-mm-x-35-mm-uzebiony-6-otworow-z-10-stal-sprezynowa\/\" \/>\n<meta property=\"og:site_name\" content=\"Exparto.pl\" \/>\n<meta property=\"article:publisher\" content=\"https:\/\/www.facebook.com\/exparto.agro\/\" \/>\n<meta property=\"article:modified_time\" content=\"2026-03-29T15:30:17+00:00\" \/>\n<meta property=\"og:image\" content=\"https:\/\/exparto.pl\/wp-content\/uploads\/2024\/11\/12a1366eef9ce138965ea5d669c0478c-1.jpg\" \/>\n\t<meta property=\"og:image:width\" content=\"1200\" \/>\n\t<meta property=\"og:image:height\" content=\"1200\" \/>\n\t<meta property=\"og:image:type\" content=\"image\/jpeg\" \/>\n<meta name=\"twitter:card\" content=\"summary_large_image\" \/>\n<meta name=\"twitter:label1\" content=\"Predpokladan\u00fd \u010das \u010d\u00edtania\" \/>\n\t<meta name=\"twitter:data1\" content=\"2 min\u00faty\" \/>\n<script type=\"application\/ld+json\" class=\"yoast-schema-graph\">{\"@context\":\"https:\/\/schema.org\",\"@graph\":[{\"@type\":\"WebPage\",\"@id\":\"https:\/\/exparto.pl\/sk\/produkt\/talerz-do-talerzowki-510-mm-x-35-mm-uzebiony-6-otworow-z-10-stal-sprezynowa\/\",\"url\":\"https:\/\/exparto.pl\/sk\/produkt\/talerz-do-talerzowki-510-mm-x-35-mm-uzebiony-6-otworow-z-10-stal-sprezynowa\/\",\"name\":\"Talerz do talerz\u00f3wki 510 mm x 3,5 mm, uz\u0119biony, 6 otwor\u00f3w, Z-10, stal spr\u0119\u017cynowa - Exparto.pl\",\"isPartOf\":{\"@id\":\"https:\/\/exparto.pl\/sk\/#website\"},\"primaryImageOfPage\":{\"@id\":\"https:\/\/exparto.pl\/sk\/produkt\/talerz-do-talerzowki-510-mm-x-35-mm-uzebiony-6-otworow-z-10-stal-sprezynowa\/#primaryimage\"},\"image\":{\"@id\":\"https:\/\/exparto.pl\/sk\/produkt\/talerz-do-talerzowki-510-mm-x-35-mm-uzebiony-6-otworow-z-10-stal-sprezynowa\/#primaryimage\"},\"thumbnailUrl\":\"https:\/\/exparto.pl\/wp-content\/uploads\/2024\/11\/12a1366eef9ce138965ea5d669c0478c-1.jpg\",\"datePublished\":\"2024-07-25T10:09:58+00:00\",\"dateModified\":\"2026-03-29T15:30:17+00:00\",\"breadcrumb\":{\"@id\":\"https:\/\/exparto.pl\/sk\/produkt\/talerz-do-talerzowki-510-mm-x-35-mm-uzebiony-6-otworow-z-10-stal-sprezynowa\/#breadcrumb\"},\"inLanguage\":\"sk-SK\",\"potentialAction\":[{\"@type\":\"ReadAction\",\"target\":[\"https:\/\/exparto.pl\/sk\/produkt\/talerz-do-talerzowki-510-mm-x-35-mm-uzebiony-6-otworow-z-10-stal-sprezynowa\/\"]}]},{\"@type\":\"ImageObject\",\"inLanguage\":\"sk-SK\",\"@id\":\"https:\/\/exparto.pl\/sk\/produkt\/talerz-do-talerzowki-510-mm-x-35-mm-uzebiony-6-otworow-z-10-stal-sprezynowa\/#primaryimage\",\"url\":\"https:\/\/exparto.pl\/wp-content\/uploads\/2024\/11\/12a1366eef9ce138965ea5d669c0478c-1.jpg\",\"contentUrl\":\"https:\/\/exparto.pl\/wp-content\/uploads\/2024\/11\/12a1366eef9ce138965ea5d669c0478c-1.jpg\",\"width\":1200,\"height\":1200},{\"@type\":\"BreadcrumbList\",\"@id\":\"https:\/\/exparto.pl\/sk\/produkt\/talerz-do-talerzowki-510-mm-x-35-mm-uzebiony-6-otworow-z-10-stal-sprezynowa\/#breadcrumb\",\"itemListElement\":[{\"@type\":\"ListItem\",\"position\":1,\"name\":\"Domovsk\u00e1 str\u00e1nka\",\"item\":\"https:\/\/exparto.pl\/sk\/domovska-stranka\/\"},{\"@type\":\"ListItem\",\"position\":2,\"name\":\"Sklep\",\"item\":\"https:\/\/exparto.pl\/sklep\/\"},{\"@type\":\"ListItem\",\"position\":3,\"name\":\"Obr\u00e1banie p\u00f4dy\",\"item\":\"https:\/\/exparto.pl\/sk\/kategoria-produktov\/obrabanie-pody\/\"},{\"@type\":\"ListItem\",\"position\":4,\"name\":\"Kultiva\u010dn\u00e9 disky\",\"item\":\"https:\/\/exparto.pl\/sk\/kategoria-produktov\/obrabanie-pody\/kultivacne-disky\/\"},{\"@type\":\"ListItem\",\"position\":5,\"name\":\"Disky 510 mm\",\"item\":\"https:\/\/exparto.pl\/sk\/kategoria-produktov\/obrabanie-pody\/kultivacne-disky\/disky-510-mm\/\"},{\"@type\":\"ListItem\",\"position\":6,\"name\":\"Talerz do talerz\u00f3wki 510 mm x 3,5 mm, uz\u0119biony, 6 otwor\u00f3w, Z-10, stal spr\u0119\u017cynowa\"}]},{\"@type\":\"WebSite\",\"@id\":\"https:\/\/exparto.pl\/sk\/#website\",\"url\":\"https:\/\/exparto.pl\/sk\/\",\"name\":\"EXPARTO\",\"description\":\"More than agro parts\",\"publisher\":{\"@id\":\"https:\/\/exparto.pl\/sk\/#organization\"},\"potentialAction\":[{\"@type\":\"SearchAction\",\"target\":{\"@type\":\"EntryPoint\",\"urlTemplate\":\"https:\/\/exparto.pl\/sk\/?s={search_term_string}\"},\"query-input\":{\"@type\":\"PropertyValueSpecification\",\"valueRequired\":true,\"valueName\":\"search_term_string\"}}],\"inLanguage\":\"sk-SK\"},{\"@type\":\"Organization\",\"@id\":\"https:\/\/exparto.pl\/sk\/#organization\",\"name\":\"EXPARTO\",\"url\":\"https:\/\/exparto.pl\/sk\/\",\"logo\":{\"@type\":\"ImageObject\",\"inLanguage\":\"sk-SK\",\"@id\":\"https:\/\/exparto.pl\/sk\/#\/schema\/logo\/image\/\",\"url\":\"https:\/\/exparto.pl\/wp-content\/uploads\/2023\/02\/logo-wektor.png\",\"contentUrl\":\"https:\/\/exparto.pl\/wp-content\/uploads\/2023\/02\/logo-wektor.png\",\"width\":1338,\"height\":143,\"caption\":\"EXPARTO\"},\"image\":{\"@id\":\"https:\/\/exparto.pl\/sk\/#\/schema\/logo\/image\/\"},\"sameAs\":[\"https:\/\/www.facebook.com\/exparto.agro\/\"]}]}<\/script>\n<!-- \/ Yoast SEO plugin. -->","yoast_head_json":{"title":"Talerz do talerz\u00f3wki 510 mm x 3,5 mm, uz\u0119biony, 6 otwor\u00f3w, Z-10, stal spr\u0119\u017cynowa - Exparto.pl","robots":{"index":"index","follow":"follow","max-snippet":"max-snippet:-1","max-image-preview":"max-image-preview:large","max-video-preview":"max-video-preview:-1"},"canonical":"https:\/\/exparto.pl\/sk\/produkt\/talerz-do-talerzowki-510-mm-x-35-mm-uzebiony-6-otworow-z-10-stal-sprezynowa\/","og_locale":"sk_SK","og_type":"article","og_title":"Talerz do talerz\u00f3wki 510 mm x 3,5 mm, uz\u0119biony, 6 otwor\u00f3w, Z-10, stal spr\u0119\u017cynowa - Exparto.pl","og_description":"Talerze rolnicze EXPARTO do uprawy w technologii uproszczonej przy u\u017cyciu agregat\u00f3w i bron talerzowych. Uwzgl\u0119dniaj\u0105 rodzaj prac polowych czy specyfik\u0119 gleby. Gwarantuj\u0105 spokojn\u0105 i wydajn\u0105 prac\u0119.","og_url":"https:\/\/exparto.pl\/sk\/produkt\/talerz-do-talerzowki-510-mm-x-35-mm-uzebiony-6-otworow-z-10-stal-sprezynowa\/","og_site_name":"Exparto.pl","article_publisher":"https:\/\/www.facebook.com\/exparto.agro\/","article_modified_time":"2026-03-29T15:30:17+00:00","og_image":[{"width":1200,"height":1200,"url":"https:\/\/exparto.pl\/wp-content\/uploads\/2024\/11\/12a1366eef9ce138965ea5d669c0478c-1.jpg","type":"image\/jpeg"}],"twitter_card":"summary_large_image","twitter_misc":{"Predpokladan\u00fd \u010das \u010d\u00edtania":"2 min\u00faty"},"schema":{"@context":"https:\/\/schema.org","@graph":[{"@type":"WebPage","@id":"https:\/\/exparto.pl\/sk\/produkt\/talerz-do-talerzowki-510-mm-x-35-mm-uzebiony-6-otworow-z-10-stal-sprezynowa\/","url":"https:\/\/exparto.pl\/sk\/produkt\/talerz-do-talerzowki-510-mm-x-35-mm-uzebiony-6-otworow-z-10-stal-sprezynowa\/","name":"Talerz do talerz\u00f3wki 510 mm x 3,5 mm, uz\u0119biony, 6 otwor\u00f3w, Z-10, stal spr\u0119\u017cynowa - Exparto.pl","isPartOf":{"@id":"https:\/\/exparto.pl\/sk\/#website"},"primaryImageOfPage":{"@id":"https:\/\/exparto.pl\/sk\/produkt\/talerz-do-talerzowki-510-mm-x-35-mm-uzebiony-6-otworow-z-10-stal-sprezynowa\/#primaryimage"},"image":{"@id":"https:\/\/exparto.pl\/sk\/produkt\/talerz-do-talerzowki-510-mm-x-35-mm-uzebiony-6-otworow-z-10-stal-sprezynowa\/#primaryimage"},"thumbnailUrl":"https:\/\/exparto.pl\/wp-content\/uploads\/2024\/11\/12a1366eef9ce138965ea5d669c0478c-1.jpg","datePublished":"2024-07-25T10:09:58+00:00","dateModified":"2026-03-29T15:30:17+00:00","breadcrumb":{"@id":"https:\/\/exparto.pl\/sk\/produkt\/talerz-do-talerzowki-510-mm-x-35-mm-uzebiony-6-otworow-z-10-stal-sprezynowa\/#breadcrumb"},"inLanguage":"sk-SK","potentialAction":[{"@type":"ReadAction","target":["https:\/\/exparto.pl\/sk\/produkt\/talerz-do-talerzowki-510-mm-x-35-mm-uzebiony-6-otworow-z-10-stal-sprezynowa\/"]}]},{"@type":"ImageObject","inLanguage":"sk-SK","@id":"https:\/\/exparto.pl\/sk\/produkt\/talerz-do-talerzowki-510-mm-x-35-mm-uzebiony-6-otworow-z-10-stal-sprezynowa\/#primaryimage","url":"https:\/\/exparto.pl\/wp-content\/uploads\/2024\/11\/12a1366eef9ce138965ea5d669c0478c-1.jpg","contentUrl":"https:\/\/exparto.pl\/wp-content\/uploads\/2024\/11\/12a1366eef9ce138965ea5d669c0478c-1.jpg","width":1200,"height":1200},{"@type":"BreadcrumbList","@id":"https:\/\/exparto.pl\/sk\/produkt\/talerz-do-talerzowki-510-mm-x-35-mm-uzebiony-6-otworow-z-10-stal-sprezynowa\/#breadcrumb","itemListElement":[{"@type":"ListItem","position":1,"name":"Domovsk\u00e1 str\u00e1nka","item":"https:\/\/exparto.pl\/sk\/domovska-stranka\/"},{"@type":"ListItem","position":2,"name":"Sklep","item":"https:\/\/exparto.pl\/sklep\/"},{"@type":"ListItem","position":3,"name":"Obr\u00e1banie p\u00f4dy","item":"https:\/\/exparto.pl\/sk\/kategoria-produktov\/obrabanie-pody\/"},{"@type":"ListItem","position":4,"name":"Kultiva\u010dn\u00e9 disky","item":"https:\/\/exparto.pl\/sk\/kategoria-produktov\/obrabanie-pody\/kultivacne-disky\/"},{"@type":"ListItem","position":5,"name":"Disky 510 mm","item":"https:\/\/exparto.pl\/sk\/kategoria-produktov\/obrabanie-pody\/kultivacne-disky\/disky-510-mm\/"},{"@type":"ListItem","position":6,"name":"Talerz do talerz\u00f3wki 510 mm x 3,5 mm, uz\u0119biony, 6 otwor\u00f3w, Z-10, stal spr\u0119\u017cynowa"}]},{"@type":"WebSite","@id":"https:\/\/exparto.pl\/sk\/#website","url":"https:\/\/exparto.pl\/sk\/","name":"EXPARTO","description":"More than agro parts","publisher":{"@id":"https:\/\/exparto.pl\/sk\/#organization"},"potentialAction":[{"@type":"SearchAction","target":{"@type":"EntryPoint","urlTemplate":"https:\/\/exparto.pl\/sk\/?s={search_term_string}"},"query-input":{"@type":"PropertyValueSpecification","valueRequired":true,"valueName":"search_term_string"}}],"inLanguage":"sk-SK"},{"@type":"Organization","@id":"https:\/\/exparto.pl\/sk\/#organization","name":"EXPARTO","url":"https:\/\/exparto.pl\/sk\/","logo":{"@type":"ImageObject","inLanguage":"sk-SK","@id":"https:\/\/exparto.pl\/sk\/#\/schema\/logo\/image\/","url":"https:\/\/exparto.pl\/wp-content\/uploads\/2023\/02\/logo-wektor.png","contentUrl":"https:\/\/exparto.pl\/wp-content\/uploads\/2023\/02\/logo-wektor.png","width":1338,"height":143,"caption":"EXPARTO"},"image":{"@id":"https:\/\/exparto.pl\/sk\/#\/schema\/logo\/image\/"},"sameAs":["https:\/\/www.facebook.com\/exparto.agro\/"]}]}},"_links":{"self":[{"href":"https:\/\/exparto.pl\/sk\/wp-json\/wp\/v2\/product\/29998","targetHints":{"allow":["GET"]}}],"collection":[{"href":"https:\/\/exparto.pl\/sk\/wp-json\/wp\/v2\/product"}],"about":[{"href":"https:\/\/exparto.pl\/sk\/wp-json\/wp\/v2\/types\/product"}],"replies":[{"embeddable":true,"href":"https:\/\/exparto.pl\/sk\/wp-json\/wp\/v2\/comments?post=29998"}],"wp:featuredmedia":[{"embeddable":true,"href":"https:\/\/exparto.pl\/sk\/wp-json\/wp\/v2\/media\/35192"}],"wp:attachment":[{"href":"https:\/\/exparto.pl\/sk\/wp-json\/wp\/v2\/media?parent=29998"}],"wp:term":[{"taxonomy":"product_brand","embeddable":true,"href":"https:\/\/exparto.pl\/sk\/wp-json\/wp\/v2\/product_brand?post=29998"},{"taxonomy":"product_cat","embeddable":true,"href":"https:\/\/exparto.pl\/sk\/wp-json\/wp\/v2\/product_cat?post=29998"},{"taxonomy":"product_tag","embeddable":true,"href":"https:\/\/exparto.pl\/sk\/wp-json\/wp\/v2\/product_tag?post=29998"}],"curies":[{"name":"wp","href":"https:\/\/api.w.org\/{rel}","templated":true}]}}