{"id":33453,"date":"2024-09-17T12:42:55","date_gmt":"2024-09-17T10:42:55","guid":{"rendered":"https:\/\/exparto.pl\/produkt\/krizovy-hriadel-30x90-88\/"},"modified":"2024-09-17T12:42:55","modified_gmt":"2024-09-17T10:42:55","slug":"krizovy-hriadel-30x90-88","status":"publish","type":"product","link":"https:\/\/exparto.pl\/sk\/produkt\/krizovy-hriadel-30x90-88\/","title":{"rendered":"Kr\u00ed\u017eov\u00fd hriade\u013e 30&#215;90\/88"},"content":{"rendered":"<section class=\"section\">\n<div class=\"item item-12\">\n<section class=\"text-item\">\n<p style=\"text-align: justify\">Prie\u010dnik hnacieho hriade\u013ea je k\u013e\u00fa\u010dovou s\u00fa\u010das\u0165ou <b>prevodov\u00e9ho<\/b> mechanizmu mnoh\u00fdch vozidiel a strojov. Je to kr\u00ed\u017eov\u00e1 spojka, ktor\u00e1 umo\u017e\u0148uje prenos v\u00fdkonu <b>z motora na hnac\u00ed hriade\u013e<\/b> a z\u00e1rove\u0148 umo\u017e\u0148uje meni\u0165 uhol medzi spojen\u00fdmi hriade\u013emi. Tieto v\u00fdrobky sa \u0161iroko pou\u017e\u00edvaj\u00fa v osobn\u00fdch a n\u00e1kladn\u00fdch vozidl\u00e1ch, po\u013enohospod\u00e1rskych strojoch a v \u0165a\u017ekom priemysle. Vysok\u00e1 kvalita kr\u00ed\u017eovej v\u00e4zby zabezpe\u010duje efekt\u00edvnu a tich\u00fa prev\u00e1dzku prevodovky a minimalizuje riziko poruchy. Lo\u017eisk\u00e1 s\u00fa z vonkaj\u0161ej strany vidlice chr\u00e1nen\u00e9 kr\u00fa\u017ekami.<\/p>\n<p style=\"text-align: justify\"><b>Katal\u00f3gov\u00e9 \u010d\u00edslo:<\/b><\/p>\n<p style=\"text-align: justify\">\n<ul>\n<li>GMP.14.305588H<\/li>\n<\/ul>\n<\/section><\/div>\n<\/section>\n","protected":false},"excerpt":{"rendered":"<p style=\"text-align: justify\">Prie\u010dnik hriade\u013ea 30&#215;90.<\/p>\n","protected":false},"featured_media":32972,"comment_status":"open","ping_status":"closed","template":"","meta":{"_acf_changed":false,"inline_featured_image":false},"product_brand":[],"product_cat":[624,476,522],"product_tag":[],"class_list":{"0":"post-33453","1":"product","2":"type-product","3":"status-publish","4":"has-post-thumbnail","6":"product_cat-casti-hriadela","7":"product_cat-priecniky","8":"product_cat-teleskopicke-vyvodove-hriadele","10":"first","11":"outofstock","12":"taxable","13":"shipping-taxable","14":"purchasable","15":"product-type-simple"},"acf":[],"yoast_head":"<!-- This site is optimized with the Yoast SEO plugin v27.3 - https:\/\/yoast.com\/product\/yoast-seo-wordpress\/ -->\n<title>Kr\u00ed\u017eov\u00fd hriade\u013e 30x90\/88 - Exparto.pl<\/title>\n<meta name=\"robots\" content=\"index, follow, max-snippet:-1, max-image-preview:large, max-video-preview:-1\" \/>\n<link rel=\"canonical\" href=\"https:\/\/exparto.pl\/sk\/produkt\/krizovy-hriadel-30x90-88\/\" \/>\n<meta property=\"og:locale\" content=\"sk_SK\" \/>\n<meta property=\"og:type\" content=\"article\" \/>\n<meta property=\"og:title\" content=\"Kr\u00ed\u017eov\u00fd hriade\u013e 30x90\/88 - Exparto.pl\" \/>\n<meta property=\"og:description\" content=\"Prie\u010dnik hriade\u013ea 30x90.\" \/>\n<meta property=\"og:url\" content=\"https:\/\/exparto.pl\/sk\/produkt\/krizovy-hriadel-30x90-88\/\" \/>\n<meta property=\"og:site_name\" content=\"Exparto.pl\" \/>\n<meta property=\"article:publisher\" content=\"https:\/\/www.facebook.com\/exparto.agro\/\" \/>\n<meta name=\"twitter:card\" content=\"summary_large_image\" \/>\n<meta name=\"twitter:label1\" content=\"Predpokladan\u00fd \u010das \u010d\u00edtania\" \/>\n\t<meta name=\"twitter:data1\" content=\"1 min\u00fata\" \/>\n<script type=\"application\/ld+json\" class=\"yoast-schema-graph\">{\"@context\":\"https:\\\/\\\/schema.org\",\"@graph\":[{\"@type\":\"WebPage\",\"@id\":\"https:\\\/\\\/exparto.pl\\\/sk\\\/produkt\\\/krizovy-hriadel-30x90-88\\\/\",\"url\":\"https:\\\/\\\/exparto.pl\\\/sk\\\/produkt\\\/krizovy-hriadel-30x90-88\\\/\",\"name\":\"Kr\u00ed\u017eov\u00fd hriade\u013e 30x90\\\/88 - Exparto.pl\",\"isPartOf\":{\"@id\":\"https:\\\/\\\/exparto.pl\\\/sk\\\/#website\"},\"primaryImageOfPage\":{\"@id\":\"https:\\\/\\\/exparto.pl\\\/sk\\\/produkt\\\/krizovy-hriadel-30x90-88\\\/#primaryimage\"},\"image\":{\"@id\":\"https:\\\/\\\/exparto.pl\\\/sk\\\/produkt\\\/krizovy-hriadel-30x90-88\\\/#primaryimage\"},\"thumbnailUrl\":\"https:\\\/\\\/exparto.pl\\\/wp-content\\\/uploads\\\/2024\\\/09\\\/4e57aeb80e748fa013bc80b561fa2730.jpg\",\"datePublished\":\"2024-09-17T10:42:55+00:00\",\"breadcrumb\":{\"@id\":\"https:\\\/\\\/exparto.pl\\\/sk\\\/produkt\\\/krizovy-hriadel-30x90-88\\\/#breadcrumb\"},\"inLanguage\":\"sk-SK\",\"potentialAction\":[{\"@type\":\"ReadAction\",\"target\":[\"https:\\\/\\\/exparto.pl\\\/sk\\\/produkt\\\/krizovy-hriadel-30x90-88\\\/\"]}]},{\"@type\":\"ImageObject\",\"inLanguage\":\"sk-SK\",\"@id\":\"https:\\\/\\\/exparto.pl\\\/sk\\\/produkt\\\/krizovy-hriadel-30x90-88\\\/#primaryimage\",\"url\":\"https:\\\/\\\/exparto.pl\\\/wp-content\\\/uploads\\\/2024\\\/09\\\/4e57aeb80e748fa013bc80b561fa2730.jpg\",\"contentUrl\":\"https:\\\/\\\/exparto.pl\\\/wp-content\\\/uploads\\\/2024\\\/09\\\/4e57aeb80e748fa013bc80b561fa2730.jpg\",\"width\":1200,\"height\":1200},{\"@type\":\"BreadcrumbList\",\"@id\":\"https:\\\/\\\/exparto.pl\\\/sk\\\/produkt\\\/krizovy-hriadel-30x90-88\\\/#breadcrumb\",\"itemListElement\":[{\"@type\":\"ListItem\",\"position\":1,\"name\":\"Domovsk\u00e1 str\u00e1nka\",\"item\":\"https:\\\/\\\/exparto.pl\\\/sk\\\/domovska-stranka\\\/\"},{\"@type\":\"ListItem\",\"position\":2,\"name\":\"Sklep\",\"item\":\"https:\\\/\\\/exparto.pl\\\/sklep\\\/\"},{\"@type\":\"ListItem\",\"position\":3,\"name\":\"Kr\u00ed\u017eov\u00fd hriade\u013e 30&#215;90\\\/88\"}]},{\"@type\":\"WebSite\",\"@id\":\"https:\\\/\\\/exparto.pl\\\/sk\\\/#website\",\"url\":\"https:\\\/\\\/exparto.pl\\\/sk\\\/\",\"name\":\"EXPARTO\",\"description\":\"More than agro parts\",\"publisher\":{\"@id\":\"https:\\\/\\\/exparto.pl\\\/sk\\\/#organization\"},\"potentialAction\":[{\"@type\":\"SearchAction\",\"target\":{\"@type\":\"EntryPoint\",\"urlTemplate\":\"https:\\\/\\\/exparto.pl\\\/sk\\\/?s={search_term_string}\"},\"query-input\":{\"@type\":\"PropertyValueSpecification\",\"valueRequired\":true,\"valueName\":\"search_term_string\"}}],\"inLanguage\":\"sk-SK\"},{\"@type\":\"Organization\",\"@id\":\"https:\\\/\\\/exparto.pl\\\/sk\\\/#organization\",\"name\":\"EXPARTO\",\"url\":\"https:\\\/\\\/exparto.pl\\\/sk\\\/\",\"logo\":{\"@type\":\"ImageObject\",\"inLanguage\":\"sk-SK\",\"@id\":\"https:\\\/\\\/exparto.pl\\\/sk\\\/#\\\/schema\\\/logo\\\/image\\\/\",\"url\":\"https:\\\/\\\/exparto.pl\\\/wp-content\\\/uploads\\\/2023\\\/02\\\/logo-wektor.png\",\"contentUrl\":\"https:\\\/\\\/exparto.pl\\\/wp-content\\\/uploads\\\/2023\\\/02\\\/logo-wektor.png\",\"width\":1338,\"height\":143,\"caption\":\"EXPARTO\"},\"image\":{\"@id\":\"https:\\\/\\\/exparto.pl\\\/sk\\\/#\\\/schema\\\/logo\\\/image\\\/\"},\"sameAs\":[\"https:\\\/\\\/www.facebook.com\\\/exparto.agro\\\/\"]}]}<\/script>\n<!-- \/ Yoast SEO plugin. -->","yoast_head_json":{"title":"Kr\u00ed\u017eov\u00fd hriade\u013e 30x90\/88 - Exparto.pl","robots":{"index":"index","follow":"follow","max-snippet":"max-snippet:-1","max-image-preview":"max-image-preview:large","max-video-preview":"max-video-preview:-1"},"canonical":"https:\/\/exparto.pl\/sk\/produkt\/krizovy-hriadel-30x90-88\/","og_locale":"sk_SK","og_type":"article","og_title":"Kr\u00ed\u017eov\u00fd hriade\u013e 30x90\/88 - Exparto.pl","og_description":"Prie\u010dnik hriade\u013ea 30x90.","og_url":"https:\/\/exparto.pl\/sk\/produkt\/krizovy-hriadel-30x90-88\/","og_site_name":"Exparto.pl","article_publisher":"https:\/\/www.facebook.com\/exparto.agro\/","twitter_card":"summary_large_image","twitter_misc":{"Predpokladan\u00fd \u010das \u010d\u00edtania":"1 min\u00fata"},"schema":{"@context":"https:\/\/schema.org","@graph":[{"@type":"WebPage","@id":"https:\/\/exparto.pl\/sk\/produkt\/krizovy-hriadel-30x90-88\/","url":"https:\/\/exparto.pl\/sk\/produkt\/krizovy-hriadel-30x90-88\/","name":"Kr\u00ed\u017eov\u00fd hriade\u013e 30x90\/88 - Exparto.pl","isPartOf":{"@id":"https:\/\/exparto.pl\/sk\/#website"},"primaryImageOfPage":{"@id":"https:\/\/exparto.pl\/sk\/produkt\/krizovy-hriadel-30x90-88\/#primaryimage"},"image":{"@id":"https:\/\/exparto.pl\/sk\/produkt\/krizovy-hriadel-30x90-88\/#primaryimage"},"thumbnailUrl":"https:\/\/exparto.pl\/wp-content\/uploads\/2024\/09\/4e57aeb80e748fa013bc80b561fa2730.jpg","datePublished":"2024-09-17T10:42:55+00:00","breadcrumb":{"@id":"https:\/\/exparto.pl\/sk\/produkt\/krizovy-hriadel-30x90-88\/#breadcrumb"},"inLanguage":"sk-SK","potentialAction":[{"@type":"ReadAction","target":["https:\/\/exparto.pl\/sk\/produkt\/krizovy-hriadel-30x90-88\/"]}]},{"@type":"ImageObject","inLanguage":"sk-SK","@id":"https:\/\/exparto.pl\/sk\/produkt\/krizovy-hriadel-30x90-88\/#primaryimage","url":"https:\/\/exparto.pl\/wp-content\/uploads\/2024\/09\/4e57aeb80e748fa013bc80b561fa2730.jpg","contentUrl":"https:\/\/exparto.pl\/wp-content\/uploads\/2024\/09\/4e57aeb80e748fa013bc80b561fa2730.jpg","width":1200,"height":1200},{"@type":"BreadcrumbList","@id":"https:\/\/exparto.pl\/sk\/produkt\/krizovy-hriadel-30x90-88\/#breadcrumb","itemListElement":[{"@type":"ListItem","position":1,"name":"Domovsk\u00e1 str\u00e1nka","item":"https:\/\/exparto.pl\/sk\/domovska-stranka\/"},{"@type":"ListItem","position":2,"name":"Sklep","item":"https:\/\/exparto.pl\/sklep\/"},{"@type":"ListItem","position":3,"name":"Kr\u00ed\u017eov\u00fd hriade\u013e 30&#215;90\/88"}]},{"@type":"WebSite","@id":"https:\/\/exparto.pl\/sk\/#website","url":"https:\/\/exparto.pl\/sk\/","name":"EXPARTO","description":"More than agro parts","publisher":{"@id":"https:\/\/exparto.pl\/sk\/#organization"},"potentialAction":[{"@type":"SearchAction","target":{"@type":"EntryPoint","urlTemplate":"https:\/\/exparto.pl\/sk\/?s={search_term_string}"},"query-input":{"@type":"PropertyValueSpecification","valueRequired":true,"valueName":"search_term_string"}}],"inLanguage":"sk-SK"},{"@type":"Organization","@id":"https:\/\/exparto.pl\/sk\/#organization","name":"EXPARTO","url":"https:\/\/exparto.pl\/sk\/","logo":{"@type":"ImageObject","inLanguage":"sk-SK","@id":"https:\/\/exparto.pl\/sk\/#\/schema\/logo\/image\/","url":"https:\/\/exparto.pl\/wp-content\/uploads\/2023\/02\/logo-wektor.png","contentUrl":"https:\/\/exparto.pl\/wp-content\/uploads\/2023\/02\/logo-wektor.png","width":1338,"height":143,"caption":"EXPARTO"},"image":{"@id":"https:\/\/exparto.pl\/sk\/#\/schema\/logo\/image\/"},"sameAs":["https:\/\/www.facebook.com\/exparto.agro\/"]}]}},"_links":{"self":[{"href":"https:\/\/exparto.pl\/sk\/wp-json\/wp\/v2\/product\/33453","targetHints":{"allow":["GET"]}}],"collection":[{"href":"https:\/\/exparto.pl\/sk\/wp-json\/wp\/v2\/product"}],"about":[{"href":"https:\/\/exparto.pl\/sk\/wp-json\/wp\/v2\/types\/product"}],"replies":[{"embeddable":true,"href":"https:\/\/exparto.pl\/sk\/wp-json\/wp\/v2\/comments?post=33453"}],"wp:featuredmedia":[{"embeddable":true,"href":"https:\/\/exparto.pl\/sk\/wp-json\/wp\/v2\/media\/32972"}],"wp:attachment":[{"href":"https:\/\/exparto.pl\/sk\/wp-json\/wp\/v2\/media?parent=33453"}],"wp:term":[{"taxonomy":"product_brand","embeddable":true,"href":"https:\/\/exparto.pl\/sk\/wp-json\/wp\/v2\/product_brand?post=33453"},{"taxonomy":"product_cat","embeddable":true,"href":"https:\/\/exparto.pl\/sk\/wp-json\/wp\/v2\/product_cat?post=33453"},{"taxonomy":"product_tag","embeddable":true,"href":"https:\/\/exparto.pl\/sk\/wp-json\/wp\/v2\/product_tag?post=33453"}],"curies":[{"name":"wp","href":"https:\/\/api.w.org\/{rel}","templated":true}]}}