{"id":33511,"date":"2024-09-06T15:21:08","date_gmt":"2024-09-06T13:21:08","guid":{"rendered":"https:\/\/exparto.pl\/produkt\/dvojcinny-hydraulicky-valec-63-35-400-fi30\/"},"modified":"2024-09-06T15:21:08","modified_gmt":"2024-09-06T13:21:08","slug":"dvojcinny-hydraulicky-valec-63-35-400-fi30","status":"publish","type":"product","link":"https:\/\/exparto.pl\/sk\/produkt\/dvojcinny-hydraulicky-valec-63-35-400-fi30\/","title":{"rendered":"Dvoj\u010dinn\u00fd hydraulick\u00fd valec 63\/35\/400 FI30"},"content":{"rendered":"<section class=\"section\">\n<div class=\"item item-12\">\n<section class=\"text-item\">\n<p style=\"text-align: justify\"><b>Hydraulick\u00e9 valce<\/b> s\u00fa zariadenia, ktor\u00e9 dobre funguj\u00fa tam, kde sa vy\u017eaduje vysok\u00fd \u0165ah. Ich \u00falohou je premeni\u0165 <b>tlakov\u00fa energiu pracovnej kvapaliny<\/b> na <b>mechanick\u00fa energiu. <\/b>To umo\u017e\u0148uje vratn\u00fd pohyb s\u00fastavy piest &#8211; piest. Treba doda\u0165, \u017ee pohony tohto typu s\u00fa ide\u00e1lne prisp\u00f4soben\u00e9 potreb\u00e1m pou\u017e\u00edvan\u00fdch syst\u00e9mov, okrem in\u00e9ho. v po\u013enohospod\u00e1rskych strojoch.<\/p>\n<p style=\"text-align: justify\">Hydraulick\u00e9 valce, ozna\u010dovan\u00e9 aj ako hydraulick\u00e9 valce, mo\u017eno rozdeli\u0165 na: <b>jednostrann\u00e9 <\/b>alebo <b>obojstrann\u00e9<\/b>. Prv\u00e9 maj\u00fa <b>jedno pripojenie pre<\/b> pracovn\u00fa kvapalinu (a pracovn\u00fd zdvih je v jednom smere), zatia\u013e \u010do druh\u00e9 maj\u00fa<b> dve pripojenia <\/b>(a pracovn\u00fd zdvih je v dvoch smeroch). Okrem toho pracuj\u00fa r\u00fdchlej\u0161ie, <b>vyzna\u010duj\u00fa sa \u013eubovo\u013enou d\u013a\u017ekou zdvihu<\/b> a s\u00fa <b>efekt\u00edvnej\u0161ie<\/b>. Jednotliv\u00e9 hydraulick\u00e9 valce sa m\u00f4\u017eu l\u00ed\u0161i\u0165 pevnos\u0165ou, rozsahom priemerov, ako aj <b>mont\u00e1\u017eou<\/b>.<\/p>\n<p style=\"text-align: justify\"><b>Je prisp\u00f4soben\u00fd na pr\u00e1cu v :  <\/b><\/p>\n<p style=\"text-align: justify\">\n<ul>\n<li style=\"text-align: justify\">po\u013enohospod\u00e1rske stroje,<span style=\"color: var(--gray-800)\">traktory, postrekova\u010de, obraca\u010de, cykloprevodovky, naklada\u010de HDS, stavebn\u00e9 stroje, naklada\u010de, r\u00fdpadl\u00e1, zametacie stroje, priemyseln\u00e9 stroje a in\u00e9<\/span><\/li>\n<\/ul>\n<\/section><\/div>\n<\/section>\n","protected":false},"excerpt":{"rendered":"<p style=\"text-align: justify\">Hydraulick\u00e9 valce s\u00fa zariadenia, ktor\u00e9 dobre funguj\u00fa tam, kde sa vy\u017eaduje vysok\u00fd \u0165ah. Ich \u00falohou je premeni\u0165 tlakov\u00fa energiu pracovnej kvapaliny na mechanick\u00fa energiu.<\/p>\n","protected":false},"featured_media":32749,"comment_status":"open","ping_status":"closed","template":"","meta":{"_acf_changed":false,"inline_featured_image":false},"product_brand":[],"product_cat":[631,560,698],"product_tag":[],"class_list":{"0":"post-33511","1":"product","2":"type-product","3":"status-publish","4":"has-post-thumbnail","6":"product_cat-dvojstranna-akcia","7":"product_cat-hydraulicke-valce","8":"product_cat-hydraulika","10":"first","11":"instock","12":"taxable","13":"shipping-taxable","14":"purchasable","15":"product-type-simple"},"acf":[],"yoast_head":"<!-- This site is optimized with the Yoast SEO plugin v27.4 - https:\/\/yoast.com\/product\/yoast-seo-wordpress\/ -->\n<title>Dvoj\u010dinn\u00fd hydraulick\u00fd valec 63\/35\/400 FI30 - Exparto.pl<\/title>\n<meta name=\"robots\" content=\"index, follow, max-snippet:-1, max-image-preview:large, max-video-preview:-1\" \/>\n<link rel=\"canonical\" href=\"https:\/\/exparto.pl\/sk\/produkt\/dvojcinny-hydraulicky-valec-63-35-400-fi30\/\" \/>\n<meta property=\"og:locale\" content=\"sk_SK\" \/>\n<meta property=\"og:type\" content=\"article\" \/>\n<meta property=\"og:title\" content=\"Dvoj\u010dinn\u00fd hydraulick\u00fd valec 63\/35\/400 FI30 - Exparto.pl\" \/>\n<meta property=\"og:description\" content=\"Hydraulick\u00e9 valce s\u00fa zariadenia, ktor\u00e9 dobre funguj\u00fa tam, kde sa vy\u017eaduje vysok\u00fd \u0165ah. Ich \u00falohou je premeni\u0165 tlakov\u00fa energiu pracovnej kvapaliny na mechanick\u00fa energiu.\" \/>\n<meta property=\"og:url\" content=\"https:\/\/exparto.pl\/sk\/produkt\/dvojcinny-hydraulicky-valec-63-35-400-fi30\/\" \/>\n<meta property=\"og:site_name\" content=\"Exparto.pl\" \/>\n<meta property=\"article:publisher\" content=\"https:\/\/www.facebook.com\/exparto.agro\/\" \/>\n<meta property=\"og:image\" content=\"https:\/\/exparto.pl\/wp-content\/uploads\/2024\/09\/270d9c4a4f81c99b198c40c2a02c5ad4.jpg\" \/>\n\t<meta property=\"og:image:width\" content=\"1200\" \/>\n\t<meta property=\"og:image:height\" content=\"1200\" \/>\n\t<meta property=\"og:image:type\" content=\"image\/jpeg\" \/>\n<meta name=\"twitter:card\" content=\"summary_large_image\" \/>\n<meta name=\"twitter:label1\" content=\"Predpokladan\u00fd \u010das \u010d\u00edtania\" \/>\n\t<meta name=\"twitter:data1\" content=\"1 min\u00fata\" \/>\n<script type=\"application\/ld+json\" class=\"yoast-schema-graph\">{\"@context\":\"https:\\\/\\\/schema.org\",\"@graph\":[{\"@type\":\"WebPage\",\"@id\":\"https:\\\/\\\/exparto.pl\\\/sk\\\/produkt\\\/dvojcinny-hydraulicky-valec-63-35-400-fi30\\\/\",\"url\":\"https:\\\/\\\/exparto.pl\\\/sk\\\/produkt\\\/dvojcinny-hydraulicky-valec-63-35-400-fi30\\\/\",\"name\":\"Dvoj\u010dinn\u00fd hydraulick\u00fd valec 63\\\/35\\\/400 FI30 - Exparto.pl\",\"isPartOf\":{\"@id\":\"https:\\\/\\\/exparto.pl\\\/sk\\\/#website\"},\"primaryImageOfPage\":{\"@id\":\"https:\\\/\\\/exparto.pl\\\/sk\\\/produkt\\\/dvojcinny-hydraulicky-valec-63-35-400-fi30\\\/#primaryimage\"},\"image\":{\"@id\":\"https:\\\/\\\/exparto.pl\\\/sk\\\/produkt\\\/dvojcinny-hydraulicky-valec-63-35-400-fi30\\\/#primaryimage\"},\"thumbnailUrl\":\"https:\\\/\\\/exparto.pl\\\/wp-content\\\/uploads\\\/2024\\\/09\\\/270d9c4a4f81c99b198c40c2a02c5ad4.jpg\",\"datePublished\":\"2024-09-06T13:21:08+00:00\",\"breadcrumb\":{\"@id\":\"https:\\\/\\\/exparto.pl\\\/sk\\\/produkt\\\/dvojcinny-hydraulicky-valec-63-35-400-fi30\\\/#breadcrumb\"},\"inLanguage\":\"sk-SK\",\"potentialAction\":[{\"@type\":\"ReadAction\",\"target\":[\"https:\\\/\\\/exparto.pl\\\/sk\\\/produkt\\\/dvojcinny-hydraulicky-valec-63-35-400-fi30\\\/\"]}]},{\"@type\":\"ImageObject\",\"inLanguage\":\"sk-SK\",\"@id\":\"https:\\\/\\\/exparto.pl\\\/sk\\\/produkt\\\/dvojcinny-hydraulicky-valec-63-35-400-fi30\\\/#primaryimage\",\"url\":\"https:\\\/\\\/exparto.pl\\\/wp-content\\\/uploads\\\/2024\\\/09\\\/270d9c4a4f81c99b198c40c2a02c5ad4.jpg\",\"contentUrl\":\"https:\\\/\\\/exparto.pl\\\/wp-content\\\/uploads\\\/2024\\\/09\\\/270d9c4a4f81c99b198c40c2a02c5ad4.jpg\",\"width\":1200,\"height\":1200},{\"@type\":\"BreadcrumbList\",\"@id\":\"https:\\\/\\\/exparto.pl\\\/sk\\\/produkt\\\/dvojcinny-hydraulicky-valec-63-35-400-fi30\\\/#breadcrumb\",\"itemListElement\":[{\"@type\":\"ListItem\",\"position\":1,\"name\":\"Domovsk\u00e1 str\u00e1nka\",\"item\":\"https:\\\/\\\/exparto.pl\\\/sk\\\/domovska-stranka\\\/\"},{\"@type\":\"ListItem\",\"position\":2,\"name\":\"Sklep\",\"item\":\"https:\\\/\\\/exparto.pl\\\/sklep\\\/\"},{\"@type\":\"ListItem\",\"position\":3,\"name\":\"Dvoj\u010dinn\u00fd hydraulick\u00fd valec 63\\\/35\\\/400 FI30\"}]},{\"@type\":\"WebSite\",\"@id\":\"https:\\\/\\\/exparto.pl\\\/sk\\\/#website\",\"url\":\"https:\\\/\\\/exparto.pl\\\/sk\\\/\",\"name\":\"EXPARTO\",\"description\":\"More than agro parts\",\"publisher\":{\"@id\":\"https:\\\/\\\/exparto.pl\\\/sk\\\/#organization\"},\"potentialAction\":[{\"@type\":\"SearchAction\",\"target\":{\"@type\":\"EntryPoint\",\"urlTemplate\":\"https:\\\/\\\/exparto.pl\\\/sk\\\/?s={search_term_string}\"},\"query-input\":{\"@type\":\"PropertyValueSpecification\",\"valueRequired\":true,\"valueName\":\"search_term_string\"}}],\"inLanguage\":\"sk-SK\"},{\"@type\":\"Organization\",\"@id\":\"https:\\\/\\\/exparto.pl\\\/sk\\\/#organization\",\"name\":\"EXPARTO\",\"url\":\"https:\\\/\\\/exparto.pl\\\/sk\\\/\",\"logo\":{\"@type\":\"ImageObject\",\"inLanguage\":\"sk-SK\",\"@id\":\"https:\\\/\\\/exparto.pl\\\/sk\\\/#\\\/schema\\\/logo\\\/image\\\/\",\"url\":\"https:\\\/\\\/exparto.pl\\\/wp-content\\\/uploads\\\/2023\\\/02\\\/logo-wektor.png\",\"contentUrl\":\"https:\\\/\\\/exparto.pl\\\/wp-content\\\/uploads\\\/2023\\\/02\\\/logo-wektor.png\",\"width\":1338,\"height\":143,\"caption\":\"EXPARTO\"},\"image\":{\"@id\":\"https:\\\/\\\/exparto.pl\\\/sk\\\/#\\\/schema\\\/logo\\\/image\\\/\"},\"sameAs\":[\"https:\\\/\\\/www.facebook.com\\\/exparto.agro\\\/\"]}]}<\/script>\n<!-- \/ Yoast SEO plugin. -->","yoast_head_json":{"title":"Dvoj\u010dinn\u00fd hydraulick\u00fd valec 63\/35\/400 FI30 - Exparto.pl","robots":{"index":"index","follow":"follow","max-snippet":"max-snippet:-1","max-image-preview":"max-image-preview:large","max-video-preview":"max-video-preview:-1"},"canonical":"https:\/\/exparto.pl\/sk\/produkt\/dvojcinny-hydraulicky-valec-63-35-400-fi30\/","og_locale":"sk_SK","og_type":"article","og_title":"Dvoj\u010dinn\u00fd hydraulick\u00fd valec 63\/35\/400 FI30 - Exparto.pl","og_description":"Hydraulick\u00e9 valce s\u00fa zariadenia, ktor\u00e9 dobre funguj\u00fa tam, kde sa vy\u017eaduje vysok\u00fd \u0165ah. Ich \u00falohou je premeni\u0165 tlakov\u00fa energiu pracovnej kvapaliny na mechanick\u00fa energiu.","og_url":"https:\/\/exparto.pl\/sk\/produkt\/dvojcinny-hydraulicky-valec-63-35-400-fi30\/","og_site_name":"Exparto.pl","article_publisher":"https:\/\/www.facebook.com\/exparto.agro\/","og_image":[{"width":1200,"height":1200,"url":"https:\/\/exparto.pl\/wp-content\/uploads\/2024\/09\/270d9c4a4f81c99b198c40c2a02c5ad4.jpg","type":"image\/jpeg"}],"twitter_card":"summary_large_image","twitter_misc":{"Predpokladan\u00fd \u010das \u010d\u00edtania":"1 min\u00fata"},"schema":{"@context":"https:\/\/schema.org","@graph":[{"@type":"WebPage","@id":"https:\/\/exparto.pl\/sk\/produkt\/dvojcinny-hydraulicky-valec-63-35-400-fi30\/","url":"https:\/\/exparto.pl\/sk\/produkt\/dvojcinny-hydraulicky-valec-63-35-400-fi30\/","name":"Dvoj\u010dinn\u00fd hydraulick\u00fd valec 63\/35\/400 FI30 - Exparto.pl","isPartOf":{"@id":"https:\/\/exparto.pl\/sk\/#website"},"primaryImageOfPage":{"@id":"https:\/\/exparto.pl\/sk\/produkt\/dvojcinny-hydraulicky-valec-63-35-400-fi30\/#primaryimage"},"image":{"@id":"https:\/\/exparto.pl\/sk\/produkt\/dvojcinny-hydraulicky-valec-63-35-400-fi30\/#primaryimage"},"thumbnailUrl":"https:\/\/exparto.pl\/wp-content\/uploads\/2024\/09\/270d9c4a4f81c99b198c40c2a02c5ad4.jpg","datePublished":"2024-09-06T13:21:08+00:00","breadcrumb":{"@id":"https:\/\/exparto.pl\/sk\/produkt\/dvojcinny-hydraulicky-valec-63-35-400-fi30\/#breadcrumb"},"inLanguage":"sk-SK","potentialAction":[{"@type":"ReadAction","target":["https:\/\/exparto.pl\/sk\/produkt\/dvojcinny-hydraulicky-valec-63-35-400-fi30\/"]}]},{"@type":"ImageObject","inLanguage":"sk-SK","@id":"https:\/\/exparto.pl\/sk\/produkt\/dvojcinny-hydraulicky-valec-63-35-400-fi30\/#primaryimage","url":"https:\/\/exparto.pl\/wp-content\/uploads\/2024\/09\/270d9c4a4f81c99b198c40c2a02c5ad4.jpg","contentUrl":"https:\/\/exparto.pl\/wp-content\/uploads\/2024\/09\/270d9c4a4f81c99b198c40c2a02c5ad4.jpg","width":1200,"height":1200},{"@type":"BreadcrumbList","@id":"https:\/\/exparto.pl\/sk\/produkt\/dvojcinny-hydraulicky-valec-63-35-400-fi30\/#breadcrumb","itemListElement":[{"@type":"ListItem","position":1,"name":"Domovsk\u00e1 str\u00e1nka","item":"https:\/\/exparto.pl\/sk\/domovska-stranka\/"},{"@type":"ListItem","position":2,"name":"Sklep","item":"https:\/\/exparto.pl\/sklep\/"},{"@type":"ListItem","position":3,"name":"Dvoj\u010dinn\u00fd hydraulick\u00fd valec 63\/35\/400 FI30"}]},{"@type":"WebSite","@id":"https:\/\/exparto.pl\/sk\/#website","url":"https:\/\/exparto.pl\/sk\/","name":"EXPARTO","description":"More than agro parts","publisher":{"@id":"https:\/\/exparto.pl\/sk\/#organization"},"potentialAction":[{"@type":"SearchAction","target":{"@type":"EntryPoint","urlTemplate":"https:\/\/exparto.pl\/sk\/?s={search_term_string}"},"query-input":{"@type":"PropertyValueSpecification","valueRequired":true,"valueName":"search_term_string"}}],"inLanguage":"sk-SK"},{"@type":"Organization","@id":"https:\/\/exparto.pl\/sk\/#organization","name":"EXPARTO","url":"https:\/\/exparto.pl\/sk\/","logo":{"@type":"ImageObject","inLanguage":"sk-SK","@id":"https:\/\/exparto.pl\/sk\/#\/schema\/logo\/image\/","url":"https:\/\/exparto.pl\/wp-content\/uploads\/2023\/02\/logo-wektor.png","contentUrl":"https:\/\/exparto.pl\/wp-content\/uploads\/2023\/02\/logo-wektor.png","width":1338,"height":143,"caption":"EXPARTO"},"image":{"@id":"https:\/\/exparto.pl\/sk\/#\/schema\/logo\/image\/"},"sameAs":["https:\/\/www.facebook.com\/exparto.agro\/"]}]}},"_links":{"self":[{"href":"https:\/\/exparto.pl\/sk\/wp-json\/wp\/v2\/product\/33511","targetHints":{"allow":["GET"]}}],"collection":[{"href":"https:\/\/exparto.pl\/sk\/wp-json\/wp\/v2\/product"}],"about":[{"href":"https:\/\/exparto.pl\/sk\/wp-json\/wp\/v2\/types\/product"}],"replies":[{"embeddable":true,"href":"https:\/\/exparto.pl\/sk\/wp-json\/wp\/v2\/comments?post=33511"}],"wp:featuredmedia":[{"embeddable":true,"href":"https:\/\/exparto.pl\/sk\/wp-json\/wp\/v2\/media\/32749"}],"wp:attachment":[{"href":"https:\/\/exparto.pl\/sk\/wp-json\/wp\/v2\/media?parent=33511"}],"wp:term":[{"taxonomy":"product_brand","embeddable":true,"href":"https:\/\/exparto.pl\/sk\/wp-json\/wp\/v2\/product_brand?post=33511"},{"taxonomy":"product_cat","embeddable":true,"href":"https:\/\/exparto.pl\/sk\/wp-json\/wp\/v2\/product_cat?post=33511"},{"taxonomy":"product_tag","embeddable":true,"href":"https:\/\/exparto.pl\/sk\/wp-json\/wp\/v2\/product_tag?post=33511"}],"curies":[{"name":"wp","href":"https:\/\/api.w.org\/{rel}","templated":true}]}}