{"id":33877,"date":"2024-10-28T13:44:42","date_gmt":"2024-10-28T12:44:42","guid":{"rendered":"https:\/\/exparto.pl\/produkt\/wtryskiwacz-kompletny-mtz-belarus\/"},"modified":"2026-01-21T12:38:46","modified_gmt":"2026-01-21T11:38:46","slug":"wtryskiwacz-kompletny-mtz-belarus","status":"publish","type":"product","link":"https:\/\/exparto.pl\/sk\/produkt\/wtryskiwacz-kompletny-mtz-belarus\/","title":{"rendered":"Wtryskiwacz kompletny do paliwa MTZ, Belarus"},"content":{"rendered":"<p style=\"text-align: justify\">Wtryskiwacz kompletny<\/p>\n<p style=\"text-align: justify\"><b>Zastosowanie:<\/b><\/p>\n<\/p>\n<ul>\n<li style=\"text-align: justify\">Ci\u0105gniki MTZ, Belarus<\/li>\n<\/ul>\n<div style=\"text-align: justify\"><b>Numer katalogowy:<\/b><\/div>\n<div>\n<ul>\n<li style=\"text-align: justify\">11.1112010-02<\/li>\n<\/ul>\n<\/div>\n","protected":false},"excerpt":{"rendered":"<p style=\"text-align: justify\">Wtryskiwacz kompletny MTZ<\/p>\n","protected":false},"featured_media":37255,"comment_status":"open","ping_status":"closed","template":"","meta":{"_acf_changed":false,"inline_featured_image":false},"product_brand":[],"product_cat":[45,870],"product_tag":[],"class_list":{"0":"post-33877","1":"product","2":"type-product","3":"status-publish","4":"has-post-thumbnail","6":"product_cat-czesci-do-ciagnikow","7":"product_cat-czesci-do-mtz","9":"first","10":"outofstock","11":"taxable","12":"shipping-taxable","13":"purchasable","14":"product-type-simple"},"acf":[],"yoast_head":"<!-- This site is optimized with the Yoast SEO plugin v27.3 - https:\/\/yoast.com\/product\/yoast-seo-wordpress\/ -->\n<title>Wtryskiwacz kompletny do paliwa MTZ, Belarus - Exparto.pl<\/title>\n<meta name=\"robots\" content=\"index, follow, max-snippet:-1, max-image-preview:large, max-video-preview:-1\" \/>\n<link rel=\"canonical\" href=\"https:\/\/exparto.pl\/sk\/produkt\/wtryskiwacz-kompletny-mtz-belarus\/\" \/>\n<meta property=\"og:locale\" content=\"sk_SK\" \/>\n<meta property=\"og:type\" content=\"article\" \/>\n<meta property=\"og:title\" content=\"Wtryskiwacz kompletny do paliwa MTZ, Belarus - Exparto.pl\" \/>\n<meta property=\"og:description\" content=\"Wtryskiwacz kompletny MTZ\" \/>\n<meta property=\"og:url\" content=\"https:\/\/exparto.pl\/sk\/produkt\/wtryskiwacz-kompletny-mtz-belarus\/\" \/>\n<meta property=\"og:site_name\" content=\"Exparto.pl\" \/>\n<meta property=\"article:publisher\" content=\"https:\/\/www.facebook.com\/exparto.agro\/\" \/>\n<meta property=\"article:modified_time\" content=\"2026-01-21T11:38:46+00:00\" \/>\n<meta property=\"og:image\" content=\"https:\/\/exparto.pl\/wp-content\/uploads\/2024\/10\/56feb5e87b2f6d4fb97f88dae7303f39-rotated.jpg\" \/>\n\t<meta property=\"og:image:width\" content=\"1200\" \/>\n\t<meta property=\"og:image:height\" content=\"1200\" \/>\n\t<meta property=\"og:image:type\" content=\"image\/jpeg\" \/>\n<meta name=\"twitter:card\" content=\"summary_large_image\" \/>\n<meta name=\"twitter:label1\" content=\"Predpokladan\u00fd \u010das \u010d\u00edtania\" \/>\n\t<meta name=\"twitter:data1\" content=\"1 min\u00fata\" \/>\n<script type=\"application\/ld+json\" class=\"yoast-schema-graph\">{\"@context\":\"https:\\\/\\\/schema.org\",\"@graph\":[{\"@type\":\"WebPage\",\"@id\":\"https:\\\/\\\/exparto.pl\\\/sk\\\/produkt\\\/wtryskiwacz-kompletny-mtz-belarus\\\/\",\"url\":\"https:\\\/\\\/exparto.pl\\\/sk\\\/produkt\\\/wtryskiwacz-kompletny-mtz-belarus\\\/\",\"name\":\"Wtryskiwacz kompletny do paliwa MTZ, Belarus - Exparto.pl\",\"isPartOf\":{\"@id\":\"https:\\\/\\\/exparto.pl\\\/sk\\\/#website\"},\"primaryImageOfPage\":{\"@id\":\"https:\\\/\\\/exparto.pl\\\/sk\\\/produkt\\\/wtryskiwacz-kompletny-mtz-belarus\\\/#primaryimage\"},\"image\":{\"@id\":\"https:\\\/\\\/exparto.pl\\\/sk\\\/produkt\\\/wtryskiwacz-kompletny-mtz-belarus\\\/#primaryimage\"},\"thumbnailUrl\":\"https:\\\/\\\/exparto.pl\\\/wp-content\\\/uploads\\\/2024\\\/12\\\/d2267f873d2fed42729d53deaa9e0700.jpg\",\"datePublished\":\"2024-10-28T12:44:42+00:00\",\"dateModified\":\"2026-01-21T11:38:46+00:00\",\"breadcrumb\":{\"@id\":\"https:\\\/\\\/exparto.pl\\\/sk\\\/produkt\\\/wtryskiwacz-kompletny-mtz-belarus\\\/#breadcrumb\"},\"inLanguage\":\"sk-SK\",\"potentialAction\":[{\"@type\":\"ReadAction\",\"target\":[\"https:\\\/\\\/exparto.pl\\\/sk\\\/produkt\\\/wtryskiwacz-kompletny-mtz-belarus\\\/\"]}]},{\"@type\":\"ImageObject\",\"inLanguage\":\"sk-SK\",\"@id\":\"https:\\\/\\\/exparto.pl\\\/sk\\\/produkt\\\/wtryskiwacz-kompletny-mtz-belarus\\\/#primaryimage\",\"url\":\"https:\\\/\\\/exparto.pl\\\/wp-content\\\/uploads\\\/2024\\\/12\\\/d2267f873d2fed42729d53deaa9e0700.jpg\",\"contentUrl\":\"https:\\\/\\\/exparto.pl\\\/wp-content\\\/uploads\\\/2024\\\/12\\\/d2267f873d2fed42729d53deaa9e0700.jpg\",\"width\":1200,\"height\":1200},{\"@type\":\"BreadcrumbList\",\"@id\":\"https:\\\/\\\/exparto.pl\\\/sk\\\/produkt\\\/wtryskiwacz-kompletny-mtz-belarus\\\/#breadcrumb\",\"itemListElement\":[{\"@type\":\"ListItem\",\"position\":1,\"name\":\"Domovsk\u00e1 str\u00e1nka\",\"item\":\"https:\\\/\\\/exparto.pl\\\/sk\\\/domovska-stranka\\\/\"},{\"@type\":\"ListItem\",\"position\":2,\"name\":\"Sklep\",\"item\":\"https:\\\/\\\/exparto.pl\\\/sklep\\\/\"},{\"@type\":\"ListItem\",\"position\":3,\"name\":\"\u010casti traktorov\",\"item\":\"https:\\\/\\\/exparto.pl\\\/sk\\\/kategoria-produktov\\\/casti-traktorov\\\/\"},{\"@type\":\"ListItem\",\"position\":4,\"name\":\"Cz\u0119\u015bci do MTZ\",\"item\":\"https:\\\/\\\/exparto.pl\\\/kategoria-produktu\\\/czesci-do-ciagnikow\\\/czesci-do-mtz\\\/\"},{\"@type\":\"ListItem\",\"position\":5,\"name\":\"Wtryskiwacz kompletny do paliwa MTZ, Belarus\"}]},{\"@type\":\"WebSite\",\"@id\":\"https:\\\/\\\/exparto.pl\\\/sk\\\/#website\",\"url\":\"https:\\\/\\\/exparto.pl\\\/sk\\\/\",\"name\":\"EXPARTO\",\"description\":\"More than agro parts\",\"publisher\":{\"@id\":\"https:\\\/\\\/exparto.pl\\\/sk\\\/#organization\"},\"potentialAction\":[{\"@type\":\"SearchAction\",\"target\":{\"@type\":\"EntryPoint\",\"urlTemplate\":\"https:\\\/\\\/exparto.pl\\\/sk\\\/?s={search_term_string}\"},\"query-input\":{\"@type\":\"PropertyValueSpecification\",\"valueRequired\":true,\"valueName\":\"search_term_string\"}}],\"inLanguage\":\"sk-SK\"},{\"@type\":\"Organization\",\"@id\":\"https:\\\/\\\/exparto.pl\\\/sk\\\/#organization\",\"name\":\"EXPARTO\",\"url\":\"https:\\\/\\\/exparto.pl\\\/sk\\\/\",\"logo\":{\"@type\":\"ImageObject\",\"inLanguage\":\"sk-SK\",\"@id\":\"https:\\\/\\\/exparto.pl\\\/sk\\\/#\\\/schema\\\/logo\\\/image\\\/\",\"url\":\"https:\\\/\\\/exparto.pl\\\/wp-content\\\/uploads\\\/2023\\\/02\\\/logo-wektor.png\",\"contentUrl\":\"https:\\\/\\\/exparto.pl\\\/wp-content\\\/uploads\\\/2023\\\/02\\\/logo-wektor.png\",\"width\":1338,\"height\":143,\"caption\":\"EXPARTO\"},\"image\":{\"@id\":\"https:\\\/\\\/exparto.pl\\\/sk\\\/#\\\/schema\\\/logo\\\/image\\\/\"},\"sameAs\":[\"https:\\\/\\\/www.facebook.com\\\/exparto.agro\\\/\"]}]}<\/script>\n<!-- \/ Yoast SEO plugin. -->","yoast_head_json":{"title":"Wtryskiwacz kompletny do paliwa MTZ, Belarus - Exparto.pl","robots":{"index":"index","follow":"follow","max-snippet":"max-snippet:-1","max-image-preview":"max-image-preview:large","max-video-preview":"max-video-preview:-1"},"canonical":"https:\/\/exparto.pl\/sk\/produkt\/wtryskiwacz-kompletny-mtz-belarus\/","og_locale":"sk_SK","og_type":"article","og_title":"Wtryskiwacz kompletny do paliwa MTZ, Belarus - Exparto.pl","og_description":"Wtryskiwacz kompletny MTZ","og_url":"https:\/\/exparto.pl\/sk\/produkt\/wtryskiwacz-kompletny-mtz-belarus\/","og_site_name":"Exparto.pl","article_publisher":"https:\/\/www.facebook.com\/exparto.agro\/","article_modified_time":"2026-01-21T11:38:46+00:00","og_image":[{"width":1200,"height":1200,"url":"https:\/\/exparto.pl\/wp-content\/uploads\/2024\/10\/56feb5e87b2f6d4fb97f88dae7303f39-rotated.jpg","type":"image\/jpeg"}],"twitter_card":"summary_large_image","twitter_misc":{"Predpokladan\u00fd \u010das \u010d\u00edtania":"1 min\u00fata"},"schema":{"@context":"https:\/\/schema.org","@graph":[{"@type":"WebPage","@id":"https:\/\/exparto.pl\/sk\/produkt\/wtryskiwacz-kompletny-mtz-belarus\/","url":"https:\/\/exparto.pl\/sk\/produkt\/wtryskiwacz-kompletny-mtz-belarus\/","name":"Wtryskiwacz kompletny do paliwa MTZ, Belarus - Exparto.pl","isPartOf":{"@id":"https:\/\/exparto.pl\/sk\/#website"},"primaryImageOfPage":{"@id":"https:\/\/exparto.pl\/sk\/produkt\/wtryskiwacz-kompletny-mtz-belarus\/#primaryimage"},"image":{"@id":"https:\/\/exparto.pl\/sk\/produkt\/wtryskiwacz-kompletny-mtz-belarus\/#primaryimage"},"thumbnailUrl":"https:\/\/exparto.pl\/wp-content\/uploads\/2024\/12\/d2267f873d2fed42729d53deaa9e0700.jpg","datePublished":"2024-10-28T12:44:42+00:00","dateModified":"2026-01-21T11:38:46+00:00","breadcrumb":{"@id":"https:\/\/exparto.pl\/sk\/produkt\/wtryskiwacz-kompletny-mtz-belarus\/#breadcrumb"},"inLanguage":"sk-SK","potentialAction":[{"@type":"ReadAction","target":["https:\/\/exparto.pl\/sk\/produkt\/wtryskiwacz-kompletny-mtz-belarus\/"]}]},{"@type":"ImageObject","inLanguage":"sk-SK","@id":"https:\/\/exparto.pl\/sk\/produkt\/wtryskiwacz-kompletny-mtz-belarus\/#primaryimage","url":"https:\/\/exparto.pl\/wp-content\/uploads\/2024\/12\/d2267f873d2fed42729d53deaa9e0700.jpg","contentUrl":"https:\/\/exparto.pl\/wp-content\/uploads\/2024\/12\/d2267f873d2fed42729d53deaa9e0700.jpg","width":1200,"height":1200},{"@type":"BreadcrumbList","@id":"https:\/\/exparto.pl\/sk\/produkt\/wtryskiwacz-kompletny-mtz-belarus\/#breadcrumb","itemListElement":[{"@type":"ListItem","position":1,"name":"Domovsk\u00e1 str\u00e1nka","item":"https:\/\/exparto.pl\/sk\/domovska-stranka\/"},{"@type":"ListItem","position":2,"name":"Sklep","item":"https:\/\/exparto.pl\/sklep\/"},{"@type":"ListItem","position":3,"name":"\u010casti traktorov","item":"https:\/\/exparto.pl\/sk\/kategoria-produktov\/casti-traktorov\/"},{"@type":"ListItem","position":4,"name":"Cz\u0119\u015bci do MTZ","item":"https:\/\/exparto.pl\/kategoria-produktu\/czesci-do-ciagnikow\/czesci-do-mtz\/"},{"@type":"ListItem","position":5,"name":"Wtryskiwacz kompletny do paliwa MTZ, Belarus"}]},{"@type":"WebSite","@id":"https:\/\/exparto.pl\/sk\/#website","url":"https:\/\/exparto.pl\/sk\/","name":"EXPARTO","description":"More than agro parts","publisher":{"@id":"https:\/\/exparto.pl\/sk\/#organization"},"potentialAction":[{"@type":"SearchAction","target":{"@type":"EntryPoint","urlTemplate":"https:\/\/exparto.pl\/sk\/?s={search_term_string}"},"query-input":{"@type":"PropertyValueSpecification","valueRequired":true,"valueName":"search_term_string"}}],"inLanguage":"sk-SK"},{"@type":"Organization","@id":"https:\/\/exparto.pl\/sk\/#organization","name":"EXPARTO","url":"https:\/\/exparto.pl\/sk\/","logo":{"@type":"ImageObject","inLanguage":"sk-SK","@id":"https:\/\/exparto.pl\/sk\/#\/schema\/logo\/image\/","url":"https:\/\/exparto.pl\/wp-content\/uploads\/2023\/02\/logo-wektor.png","contentUrl":"https:\/\/exparto.pl\/wp-content\/uploads\/2023\/02\/logo-wektor.png","width":1338,"height":143,"caption":"EXPARTO"},"image":{"@id":"https:\/\/exparto.pl\/sk\/#\/schema\/logo\/image\/"},"sameAs":["https:\/\/www.facebook.com\/exparto.agro\/"]}]}},"_links":{"self":[{"href":"https:\/\/exparto.pl\/sk\/wp-json\/wp\/v2\/product\/33877","targetHints":{"allow":["GET"]}}],"collection":[{"href":"https:\/\/exparto.pl\/sk\/wp-json\/wp\/v2\/product"}],"about":[{"href":"https:\/\/exparto.pl\/sk\/wp-json\/wp\/v2\/types\/product"}],"replies":[{"embeddable":true,"href":"https:\/\/exparto.pl\/sk\/wp-json\/wp\/v2\/comments?post=33877"}],"wp:featuredmedia":[{"embeddable":true,"href":"https:\/\/exparto.pl\/sk\/wp-json\/wp\/v2\/media\/37255"}],"wp:attachment":[{"href":"https:\/\/exparto.pl\/sk\/wp-json\/wp\/v2\/media?parent=33877"}],"wp:term":[{"taxonomy":"product_brand","embeddable":true,"href":"https:\/\/exparto.pl\/sk\/wp-json\/wp\/v2\/product_brand?post=33877"},{"taxonomy":"product_cat","embeddable":true,"href":"https:\/\/exparto.pl\/sk\/wp-json\/wp\/v2\/product_cat?post=33877"},{"taxonomy":"product_tag","embeddable":true,"href":"https:\/\/exparto.pl\/sk\/wp-json\/wp\/v2\/product_tag?post=33877"}],"curies":[{"name":"wp","href":"https:\/\/api.w.org\/{rel}","templated":true}]}}