{"id":34573,"date":"2024-11-18T14:06:32","date_gmt":"2024-11-18T13:06:32","guid":{"rendered":"https:\/\/exparto.pl\/produkt\/lampa-robocza-48-led-24-w-2880-lm-owalna-140x85x55-mm\/"},"modified":"2026-04-07T11:30:39","modified_gmt":"2026-04-07T09:30:39","slug":"lampa-robocza-48-led-24-w-2880-lm-owalna-140x85x55-mm","status":"publish","type":"product","link":"https:\/\/exparto.pl\/sk\/produkt\/lampa-robocza-48-led-24-w-2880-lm-owalna-140x85x55-mm\/","title":{"rendered":"Lampa robocza 48 led, 24 W, 2880 LM, owalna 140x85x55 mm"},"content":{"rendered":"<p style=\"text-align: justify\">Lampa robocza owalna- elipsa &#8211; \u015bwiat\u0142o skupione SPOT (bia\u0142o-\u017c\u00f3\u0142ta barwa). Obudowa aluminiowa, h<span style=\"color: var(--gray-800)\">omologacja E9.<\/span><\/p>\n<p style=\"text-align: justify\"><b>Zastosowanie:<\/b><\/p>\n<\/p>\n<ul>\n<li style=\"text-align: justify\">ci\u0105gniki, maszyny rolnicze, pojazdy off-road, quady, ci\u0119\u017car\u00f3wki.<\/li>\n<\/ul>\n<div style=\"text-align: justify\"><b>Numer katalogowy:<\/b><\/div>\n<div style=\"text-align: justify\">\n<ul>\n<li>GMPLRLO48L<\/li>\n<\/ul>\n<\/div>\n","protected":false},"excerpt":{"rendered":"<p style=\"text-align: justify\">Lampa robocza owalna 48 led elipsa 140x85x55 mm \u015bwiat\u0142o skupione SPOT (bia\u0142o-\u017c\u00f3\u0142ta barwa)<\/p>\n","protected":false},"featured_media":34558,"comment_status":"open","ping_status":"closed","template":"","meta":{"_acf_changed":false,"inline_featured_image":false},"product_brand":[],"product_cat":[125,120],"product_tag":[],"class_list":{"0":"post-34573","1":"product","2":"type-product","3":"status-publish","4":"has-post-thumbnail","6":"product_cat-lampy-robocze","7":"product_cat-oswietlenie","9":"first","10":"instock","11":"taxable","12":"shipping-taxable","13":"purchasable","14":"product-type-simple"},"acf":[],"yoast_head":"<!-- This site is optimized with the Yoast SEO plugin v27.3 - https:\/\/yoast.com\/product\/yoast-seo-wordpress\/ -->\n<title>Lampa robocza 48 led, 24 W, 2880 LM, owalna 140x85x55 mm - Exparto.pl<\/title>\n<meta name=\"robots\" content=\"index, follow, max-snippet:-1, max-image-preview:large, max-video-preview:-1\" \/>\n<link rel=\"canonical\" href=\"https:\/\/exparto.pl\/sk\/produkt\/lampa-robocza-48-led-24-w-2880-lm-owalna-140x85x55-mm\/\" \/>\n<meta property=\"og:locale\" content=\"sk_SK\" \/>\n<meta property=\"og:type\" content=\"article\" \/>\n<meta property=\"og:title\" content=\"Lampa robocza 48 led, 24 W, 2880 LM, owalna 140x85x55 mm - Exparto.pl\" \/>\n<meta property=\"og:description\" content=\"Lampa robocza owalna 48 led elipsa 140x85x55 mm \u015bwiat\u0142o skupione SPOT (bia\u0142o-\u017c\u00f3\u0142ta barwa)\" \/>\n<meta property=\"og:url\" content=\"https:\/\/exparto.pl\/sk\/produkt\/lampa-robocza-48-led-24-w-2880-lm-owalna-140x85x55-mm\/\" \/>\n<meta property=\"og:site_name\" content=\"Exparto.pl\" \/>\n<meta property=\"article:publisher\" content=\"https:\/\/www.facebook.com\/exparto.agro\/\" \/>\n<meta property=\"article:modified_time\" content=\"2026-04-07T09:30:39+00:00\" \/>\n<meta name=\"twitter:card\" content=\"summary_large_image\" \/>\n<script type=\"application\/ld+json\" class=\"yoast-schema-graph\">{\"@context\":\"https:\\\/\\\/schema.org\",\"@graph\":[{\"@type\":\"WebPage\",\"@id\":\"https:\\\/\\\/exparto.pl\\\/sk\\\/produkt\\\/lampa-robocza-48-led-24-w-2880-lm-owalna-140x85x55-mm\\\/\",\"url\":\"https:\\\/\\\/exparto.pl\\\/sk\\\/produkt\\\/lampa-robocza-48-led-24-w-2880-lm-owalna-140x85x55-mm\\\/\",\"name\":\"Lampa robocza 48 led, 24 W, 2880 LM, owalna 140x85x55 mm - Exparto.pl\",\"isPartOf\":{\"@id\":\"https:\\\/\\\/exparto.pl\\\/sk\\\/#website\"},\"primaryImageOfPage\":{\"@id\":\"https:\\\/\\\/exparto.pl\\\/sk\\\/produkt\\\/lampa-robocza-48-led-24-w-2880-lm-owalna-140x85x55-mm\\\/#primaryimage\"},\"image\":{\"@id\":\"https:\\\/\\\/exparto.pl\\\/sk\\\/produkt\\\/lampa-robocza-48-led-24-w-2880-lm-owalna-140x85x55-mm\\\/#primaryimage\"},\"thumbnailUrl\":\"https:\\\/\\\/exparto.pl\\\/wp-content\\\/uploads\\\/2024\\\/11\\\/0eda9194d8597619bc184156899e8468.jpg\",\"datePublished\":\"2024-11-18T13:06:32+00:00\",\"dateModified\":\"2026-04-07T09:30:39+00:00\",\"breadcrumb\":{\"@id\":\"https:\\\/\\\/exparto.pl\\\/sk\\\/produkt\\\/lampa-robocza-48-led-24-w-2880-lm-owalna-140x85x55-mm\\\/#breadcrumb\"},\"inLanguage\":\"sk-SK\",\"potentialAction\":[{\"@type\":\"ReadAction\",\"target\":[\"https:\\\/\\\/exparto.pl\\\/sk\\\/produkt\\\/lampa-robocza-48-led-24-w-2880-lm-owalna-140x85x55-mm\\\/\"]}]},{\"@type\":\"ImageObject\",\"inLanguage\":\"sk-SK\",\"@id\":\"https:\\\/\\\/exparto.pl\\\/sk\\\/produkt\\\/lampa-robocza-48-led-24-w-2880-lm-owalna-140x85x55-mm\\\/#primaryimage\",\"url\":\"https:\\\/\\\/exparto.pl\\\/wp-content\\\/uploads\\\/2024\\\/11\\\/0eda9194d8597619bc184156899e8468.jpg\",\"contentUrl\":\"https:\\\/\\\/exparto.pl\\\/wp-content\\\/uploads\\\/2024\\\/11\\\/0eda9194d8597619bc184156899e8468.jpg\",\"width\":1200,\"height\":1200},{\"@type\":\"BreadcrumbList\",\"@id\":\"https:\\\/\\\/exparto.pl\\\/sk\\\/produkt\\\/lampa-robocza-48-led-24-w-2880-lm-owalna-140x85x55-mm\\\/#breadcrumb\",\"itemListElement\":[{\"@type\":\"ListItem\",\"position\":1,\"name\":\"Domovsk\u00e1 str\u00e1nka\",\"item\":\"https:\\\/\\\/exparto.pl\\\/sk\\\/domovska-stranka\\\/\"},{\"@type\":\"ListItem\",\"position\":2,\"name\":\"Sklep\",\"item\":\"https:\\\/\\\/exparto.pl\\\/sklep\\\/\"},{\"@type\":\"ListItem\",\"position\":3,\"name\":\"Lampa robocza 48 led, 24 W, 2880 LM, owalna 140x85x55 mm\"}]},{\"@type\":\"WebSite\",\"@id\":\"https:\\\/\\\/exparto.pl\\\/sk\\\/#website\",\"url\":\"https:\\\/\\\/exparto.pl\\\/sk\\\/\",\"name\":\"EXPARTO\",\"description\":\"More than agro parts\",\"publisher\":{\"@id\":\"https:\\\/\\\/exparto.pl\\\/sk\\\/#organization\"},\"potentialAction\":[{\"@type\":\"SearchAction\",\"target\":{\"@type\":\"EntryPoint\",\"urlTemplate\":\"https:\\\/\\\/exparto.pl\\\/sk\\\/?s={search_term_string}\"},\"query-input\":{\"@type\":\"PropertyValueSpecification\",\"valueRequired\":true,\"valueName\":\"search_term_string\"}}],\"inLanguage\":\"sk-SK\"},{\"@type\":\"Organization\",\"@id\":\"https:\\\/\\\/exparto.pl\\\/sk\\\/#organization\",\"name\":\"EXPARTO\",\"url\":\"https:\\\/\\\/exparto.pl\\\/sk\\\/\",\"logo\":{\"@type\":\"ImageObject\",\"inLanguage\":\"sk-SK\",\"@id\":\"https:\\\/\\\/exparto.pl\\\/sk\\\/#\\\/schema\\\/logo\\\/image\\\/\",\"url\":\"https:\\\/\\\/exparto.pl\\\/wp-content\\\/uploads\\\/2023\\\/02\\\/logo-wektor.png\",\"contentUrl\":\"https:\\\/\\\/exparto.pl\\\/wp-content\\\/uploads\\\/2023\\\/02\\\/logo-wektor.png\",\"width\":1338,\"height\":143,\"caption\":\"EXPARTO\"},\"image\":{\"@id\":\"https:\\\/\\\/exparto.pl\\\/sk\\\/#\\\/schema\\\/logo\\\/image\\\/\"},\"sameAs\":[\"https:\\\/\\\/www.facebook.com\\\/exparto.agro\\\/\"]}]}<\/script>\n<!-- \/ Yoast SEO plugin. -->","yoast_head_json":{"title":"Lampa robocza 48 led, 24 W, 2880 LM, owalna 140x85x55 mm - Exparto.pl","robots":{"index":"index","follow":"follow","max-snippet":"max-snippet:-1","max-image-preview":"max-image-preview:large","max-video-preview":"max-video-preview:-1"},"canonical":"https:\/\/exparto.pl\/sk\/produkt\/lampa-robocza-48-led-24-w-2880-lm-owalna-140x85x55-mm\/","og_locale":"sk_SK","og_type":"article","og_title":"Lampa robocza 48 led, 24 W, 2880 LM, owalna 140x85x55 mm - Exparto.pl","og_description":"Lampa robocza owalna 48 led elipsa 140x85x55 mm \u015bwiat\u0142o skupione SPOT (bia\u0142o-\u017c\u00f3\u0142ta barwa)","og_url":"https:\/\/exparto.pl\/sk\/produkt\/lampa-robocza-48-led-24-w-2880-lm-owalna-140x85x55-mm\/","og_site_name":"Exparto.pl","article_publisher":"https:\/\/www.facebook.com\/exparto.agro\/","article_modified_time":"2026-04-07T09:30:39+00:00","twitter_card":"summary_large_image","schema":{"@context":"https:\/\/schema.org","@graph":[{"@type":"WebPage","@id":"https:\/\/exparto.pl\/sk\/produkt\/lampa-robocza-48-led-24-w-2880-lm-owalna-140x85x55-mm\/","url":"https:\/\/exparto.pl\/sk\/produkt\/lampa-robocza-48-led-24-w-2880-lm-owalna-140x85x55-mm\/","name":"Lampa robocza 48 led, 24 W, 2880 LM, owalna 140x85x55 mm - Exparto.pl","isPartOf":{"@id":"https:\/\/exparto.pl\/sk\/#website"},"primaryImageOfPage":{"@id":"https:\/\/exparto.pl\/sk\/produkt\/lampa-robocza-48-led-24-w-2880-lm-owalna-140x85x55-mm\/#primaryimage"},"image":{"@id":"https:\/\/exparto.pl\/sk\/produkt\/lampa-robocza-48-led-24-w-2880-lm-owalna-140x85x55-mm\/#primaryimage"},"thumbnailUrl":"https:\/\/exparto.pl\/wp-content\/uploads\/2024\/11\/0eda9194d8597619bc184156899e8468.jpg","datePublished":"2024-11-18T13:06:32+00:00","dateModified":"2026-04-07T09:30:39+00:00","breadcrumb":{"@id":"https:\/\/exparto.pl\/sk\/produkt\/lampa-robocza-48-led-24-w-2880-lm-owalna-140x85x55-mm\/#breadcrumb"},"inLanguage":"sk-SK","potentialAction":[{"@type":"ReadAction","target":["https:\/\/exparto.pl\/sk\/produkt\/lampa-robocza-48-led-24-w-2880-lm-owalna-140x85x55-mm\/"]}]},{"@type":"ImageObject","inLanguage":"sk-SK","@id":"https:\/\/exparto.pl\/sk\/produkt\/lampa-robocza-48-led-24-w-2880-lm-owalna-140x85x55-mm\/#primaryimage","url":"https:\/\/exparto.pl\/wp-content\/uploads\/2024\/11\/0eda9194d8597619bc184156899e8468.jpg","contentUrl":"https:\/\/exparto.pl\/wp-content\/uploads\/2024\/11\/0eda9194d8597619bc184156899e8468.jpg","width":1200,"height":1200},{"@type":"BreadcrumbList","@id":"https:\/\/exparto.pl\/sk\/produkt\/lampa-robocza-48-led-24-w-2880-lm-owalna-140x85x55-mm\/#breadcrumb","itemListElement":[{"@type":"ListItem","position":1,"name":"Domovsk\u00e1 str\u00e1nka","item":"https:\/\/exparto.pl\/sk\/domovska-stranka\/"},{"@type":"ListItem","position":2,"name":"Sklep","item":"https:\/\/exparto.pl\/sklep\/"},{"@type":"ListItem","position":3,"name":"Lampa robocza 48 led, 24 W, 2880 LM, owalna 140x85x55 mm"}]},{"@type":"WebSite","@id":"https:\/\/exparto.pl\/sk\/#website","url":"https:\/\/exparto.pl\/sk\/","name":"EXPARTO","description":"More than agro parts","publisher":{"@id":"https:\/\/exparto.pl\/sk\/#organization"},"potentialAction":[{"@type":"SearchAction","target":{"@type":"EntryPoint","urlTemplate":"https:\/\/exparto.pl\/sk\/?s={search_term_string}"},"query-input":{"@type":"PropertyValueSpecification","valueRequired":true,"valueName":"search_term_string"}}],"inLanguage":"sk-SK"},{"@type":"Organization","@id":"https:\/\/exparto.pl\/sk\/#organization","name":"EXPARTO","url":"https:\/\/exparto.pl\/sk\/","logo":{"@type":"ImageObject","inLanguage":"sk-SK","@id":"https:\/\/exparto.pl\/sk\/#\/schema\/logo\/image\/","url":"https:\/\/exparto.pl\/wp-content\/uploads\/2023\/02\/logo-wektor.png","contentUrl":"https:\/\/exparto.pl\/wp-content\/uploads\/2023\/02\/logo-wektor.png","width":1338,"height":143,"caption":"EXPARTO"},"image":{"@id":"https:\/\/exparto.pl\/sk\/#\/schema\/logo\/image\/"},"sameAs":["https:\/\/www.facebook.com\/exparto.agro\/"]}]}},"_links":{"self":[{"href":"https:\/\/exparto.pl\/sk\/wp-json\/wp\/v2\/product\/34573","targetHints":{"allow":["GET"]}}],"collection":[{"href":"https:\/\/exparto.pl\/sk\/wp-json\/wp\/v2\/product"}],"about":[{"href":"https:\/\/exparto.pl\/sk\/wp-json\/wp\/v2\/types\/product"}],"replies":[{"embeddable":true,"href":"https:\/\/exparto.pl\/sk\/wp-json\/wp\/v2\/comments?post=34573"}],"wp:featuredmedia":[{"embeddable":true,"href":"https:\/\/exparto.pl\/sk\/wp-json\/wp\/v2\/media\/34558"}],"wp:attachment":[{"href":"https:\/\/exparto.pl\/sk\/wp-json\/wp\/v2\/media?parent=34573"}],"wp:term":[{"taxonomy":"product_brand","embeddable":true,"href":"https:\/\/exparto.pl\/sk\/wp-json\/wp\/v2\/product_brand?post=34573"},{"taxonomy":"product_cat","embeddable":true,"href":"https:\/\/exparto.pl\/sk\/wp-json\/wp\/v2\/product_cat?post=34573"},{"taxonomy":"product_tag","embeddable":true,"href":"https:\/\/exparto.pl\/sk\/wp-json\/wp\/v2\/product_tag?post=34573"}],"curies":[{"name":"wp","href":"https:\/\/api.w.org\/{rel}","templated":true}]}}