{"id":36134,"date":"2024-12-05T10:47:19","date_gmt":"2024-12-05T09:47:19","guid":{"rendered":"https:\/\/exparto.pl\/produkt\/dwuwskaznik-wskaznik-podwojny-ursus-c-360-z-przewodem\/"},"modified":"2026-04-01T10:01:26","modified_gmt":"2026-04-01T08:01:26","slug":"dwuwskaznik-wskaznik-podwojny-ursus-c-360-z-przewodem","status":"publish","type":"product","link":"https:\/\/exparto.pl\/sk\/produkt\/dwuwskaznik-wskaznik-podwojny-ursus-c-360-z-przewodem\/","title":{"rendered":"Dwuwska\u017anik wska\u017anik podw\u00f3jny URSUS C-360 z przewodem"},"content":{"rendered":"<p style=\"text-align: justify\">Dwuwska\u017anik, wska\u017anik, czujnik temperatury ci\u015bnienia.<\/p>\n<p style=\"text-align: justify\"><b>Zastosowanie:<\/b><\/p>\n<\/p>\n<ul>\n<li style=\"text-align: justify\">Ci\u0105gnik Ursus C-360,<\/li>\n<li style=\"text-align: justify\">Ci\u0105gnik Ursus C-355<\/li>\n<\/ul>\n<p style=\"text-align: justify\"><b>Numer katalogowy:<\/b><\/p>\n<\/p>\n<ul>\n<li style=\"text-align: justify\">50657100<\/li>\n<\/ul>\n","protected":false},"excerpt":{"rendered":"<p style=\"text-align: justify\">Dwuwska\u017anik, wska\u017anik, czujnik temperatury ci\u015bnienia.<\/p>\n","protected":false},"featured_media":36114,"comment_status":"open","ping_status":"closed","template":"","meta":{"_acf_changed":false,"inline_featured_image":false},"product_brand":[],"product_cat":[573,574,576],"product_tag":[],"class_list":{"0":"post-36134","1":"product","2":"type-product","3":"status-publish","4":"has-post-thumbnail","6":"product_cat-casti-traktorov","7":"product_cat-nahradne-diely-pre-ursus","8":"product_cat-ursus-c-360-sk","10":"first","11":"instock","12":"taxable","13":"shipping-taxable","14":"purchasable","15":"product-type-simple"},"acf":[],"yoast_head":"<!-- This site is optimized with the Yoast SEO plugin v27.3 - https:\/\/yoast.com\/product\/yoast-seo-wordpress\/ -->\n<title>Dwuwska\u017anik wska\u017anik podw\u00f3jny URSUS C-360 z przewodem - Exparto.pl<\/title>\n<meta name=\"robots\" content=\"index, follow, max-snippet:-1, max-image-preview:large, max-video-preview:-1\" \/>\n<link rel=\"canonical\" href=\"https:\/\/exparto.pl\/sk\/produkt\/dwuwskaznik-wskaznik-podwojny-ursus-c-360-z-przewodem\/\" \/>\n<meta property=\"og:locale\" content=\"sk_SK\" \/>\n<meta property=\"og:type\" content=\"article\" \/>\n<meta property=\"og:title\" content=\"Dwuwska\u017anik wska\u017anik podw\u00f3jny URSUS C-360 z przewodem - Exparto.pl\" \/>\n<meta property=\"og:description\" content=\"Dwuwska\u017anik, wska\u017anik, czujnik temperatury ci\u015bnienia.\" \/>\n<meta property=\"og:url\" content=\"https:\/\/exparto.pl\/sk\/produkt\/dwuwskaznik-wskaznik-podwojny-ursus-c-360-z-przewodem\/\" \/>\n<meta property=\"og:site_name\" content=\"Exparto.pl\" \/>\n<meta property=\"article:publisher\" content=\"https:\/\/www.facebook.com\/exparto.agro\/\" \/>\n<meta property=\"article:modified_time\" content=\"2026-04-01T08:01:26+00:00\" \/>\n<meta property=\"og:image\" content=\"https:\/\/exparto.pl\/wp-content\/uploads\/2024\/12\/f843fb734b48f03c518a0c0c831b55cb.jpg\" \/>\n\t<meta property=\"og:image:width\" content=\"1200\" \/>\n\t<meta property=\"og:image:height\" content=\"1200\" \/>\n\t<meta property=\"og:image:type\" content=\"image\/jpeg\" \/>\n<meta name=\"twitter:card\" content=\"summary_large_image\" \/>\n<meta name=\"twitter:label1\" content=\"Predpokladan\u00fd \u010das \u010d\u00edtania\" \/>\n\t<meta name=\"twitter:data1\" content=\"1 min\u00fata\" \/>\n<script type=\"application\/ld+json\" class=\"yoast-schema-graph\">{\"@context\":\"https:\\\/\\\/schema.org\",\"@graph\":[{\"@type\":\"WebPage\",\"@id\":\"https:\\\/\\\/exparto.pl\\\/sk\\\/produkt\\\/dwuwskaznik-wskaznik-podwojny-ursus-c-360-z-przewodem\\\/\",\"url\":\"https:\\\/\\\/exparto.pl\\\/sk\\\/produkt\\\/dwuwskaznik-wskaznik-podwojny-ursus-c-360-z-przewodem\\\/\",\"name\":\"Dwuwska\u017anik wska\u017anik podw\u00f3jny URSUS C-360 z przewodem - Exparto.pl\",\"isPartOf\":{\"@id\":\"https:\\\/\\\/exparto.pl\\\/sk\\\/#website\"},\"primaryImageOfPage\":{\"@id\":\"https:\\\/\\\/exparto.pl\\\/sk\\\/produkt\\\/dwuwskaznik-wskaznik-podwojny-ursus-c-360-z-przewodem\\\/#primaryimage\"},\"image\":{\"@id\":\"https:\\\/\\\/exparto.pl\\\/sk\\\/produkt\\\/dwuwskaznik-wskaznik-podwojny-ursus-c-360-z-przewodem\\\/#primaryimage\"},\"thumbnailUrl\":\"https:\\\/\\\/exparto.pl\\\/wp-content\\\/uploads\\\/2024\\\/12\\\/f843fb734b48f03c518a0c0c831b55cb.jpg\",\"datePublished\":\"2024-12-05T09:47:19+00:00\",\"dateModified\":\"2026-04-01T08:01:26+00:00\",\"breadcrumb\":{\"@id\":\"https:\\\/\\\/exparto.pl\\\/sk\\\/produkt\\\/dwuwskaznik-wskaznik-podwojny-ursus-c-360-z-przewodem\\\/#breadcrumb\"},\"inLanguage\":\"sk-SK\",\"potentialAction\":[{\"@type\":\"ReadAction\",\"target\":[\"https:\\\/\\\/exparto.pl\\\/sk\\\/produkt\\\/dwuwskaznik-wskaznik-podwojny-ursus-c-360-z-przewodem\\\/\"]}]},{\"@type\":\"ImageObject\",\"inLanguage\":\"sk-SK\",\"@id\":\"https:\\\/\\\/exparto.pl\\\/sk\\\/produkt\\\/dwuwskaznik-wskaznik-podwojny-ursus-c-360-z-przewodem\\\/#primaryimage\",\"url\":\"https:\\\/\\\/exparto.pl\\\/wp-content\\\/uploads\\\/2024\\\/12\\\/f843fb734b48f03c518a0c0c831b55cb.jpg\",\"contentUrl\":\"https:\\\/\\\/exparto.pl\\\/wp-content\\\/uploads\\\/2024\\\/12\\\/f843fb734b48f03c518a0c0c831b55cb.jpg\",\"width\":1200,\"height\":1200},{\"@type\":\"BreadcrumbList\",\"@id\":\"https:\\\/\\\/exparto.pl\\\/sk\\\/produkt\\\/dwuwskaznik-wskaznik-podwojny-ursus-c-360-z-przewodem\\\/#breadcrumb\",\"itemListElement\":[{\"@type\":\"ListItem\",\"position\":1,\"name\":\"Domovsk\u00e1 str\u00e1nka\",\"item\":\"https:\\\/\\\/exparto.pl\\\/sk\\\/domovska-stranka\\\/\"},{\"@type\":\"ListItem\",\"position\":2,\"name\":\"Sklep\",\"item\":\"https:\\\/\\\/exparto.pl\\\/sklep\\\/\"},{\"@type\":\"ListItem\",\"position\":3,\"name\":\"\u010casti traktorov\",\"item\":\"https:\\\/\\\/exparto.pl\\\/sk\\\/kategoria-produktov\\\/casti-traktorov\\\/\"},{\"@type\":\"ListItem\",\"position\":4,\"name\":\"N\u00e1hradn\u00e9 diely pre URSUS\",\"item\":\"https:\\\/\\\/exparto.pl\\\/sk\\\/kategoria-produktov\\\/casti-traktorov\\\/nahradne-diely-pre-ursus\\\/\"},{\"@type\":\"ListItem\",\"position\":5,\"name\":\"URSUS C-360\",\"item\":\"https:\\\/\\\/exparto.pl\\\/sk\\\/kategoria-produktov\\\/casti-traktorov\\\/nahradne-diely-pre-ursus\\\/ursus-c-360-sk\\\/\"},{\"@type\":\"ListItem\",\"position\":6,\"name\":\"Dwuwska\u017anik wska\u017anik podw\u00f3jny URSUS C-360 z przewodem\"}]},{\"@type\":\"WebSite\",\"@id\":\"https:\\\/\\\/exparto.pl\\\/sk\\\/#website\",\"url\":\"https:\\\/\\\/exparto.pl\\\/sk\\\/\",\"name\":\"EXPARTO\",\"description\":\"More than agro parts\",\"publisher\":{\"@id\":\"https:\\\/\\\/exparto.pl\\\/sk\\\/#organization\"},\"potentialAction\":[{\"@type\":\"SearchAction\",\"target\":{\"@type\":\"EntryPoint\",\"urlTemplate\":\"https:\\\/\\\/exparto.pl\\\/sk\\\/?s={search_term_string}\"},\"query-input\":{\"@type\":\"PropertyValueSpecification\",\"valueRequired\":true,\"valueName\":\"search_term_string\"}}],\"inLanguage\":\"sk-SK\"},{\"@type\":\"Organization\",\"@id\":\"https:\\\/\\\/exparto.pl\\\/sk\\\/#organization\",\"name\":\"EXPARTO\",\"url\":\"https:\\\/\\\/exparto.pl\\\/sk\\\/\",\"logo\":{\"@type\":\"ImageObject\",\"inLanguage\":\"sk-SK\",\"@id\":\"https:\\\/\\\/exparto.pl\\\/sk\\\/#\\\/schema\\\/logo\\\/image\\\/\",\"url\":\"https:\\\/\\\/exparto.pl\\\/wp-content\\\/uploads\\\/2023\\\/02\\\/logo-wektor.png\",\"contentUrl\":\"https:\\\/\\\/exparto.pl\\\/wp-content\\\/uploads\\\/2023\\\/02\\\/logo-wektor.png\",\"width\":1338,\"height\":143,\"caption\":\"EXPARTO\"},\"image\":{\"@id\":\"https:\\\/\\\/exparto.pl\\\/sk\\\/#\\\/schema\\\/logo\\\/image\\\/\"},\"sameAs\":[\"https:\\\/\\\/www.facebook.com\\\/exparto.agro\\\/\"]}]}<\/script>\n<!-- \/ Yoast SEO plugin. -->","yoast_head_json":{"title":"Dwuwska\u017anik wska\u017anik podw\u00f3jny URSUS C-360 z przewodem - Exparto.pl","robots":{"index":"index","follow":"follow","max-snippet":"max-snippet:-1","max-image-preview":"max-image-preview:large","max-video-preview":"max-video-preview:-1"},"canonical":"https:\/\/exparto.pl\/sk\/produkt\/dwuwskaznik-wskaznik-podwojny-ursus-c-360-z-przewodem\/","og_locale":"sk_SK","og_type":"article","og_title":"Dwuwska\u017anik wska\u017anik podw\u00f3jny URSUS C-360 z przewodem - Exparto.pl","og_description":"Dwuwska\u017anik, wska\u017anik, czujnik temperatury ci\u015bnienia.","og_url":"https:\/\/exparto.pl\/sk\/produkt\/dwuwskaznik-wskaznik-podwojny-ursus-c-360-z-przewodem\/","og_site_name":"Exparto.pl","article_publisher":"https:\/\/www.facebook.com\/exparto.agro\/","article_modified_time":"2026-04-01T08:01:26+00:00","og_image":[{"width":1200,"height":1200,"url":"https:\/\/exparto.pl\/wp-content\/uploads\/2024\/12\/f843fb734b48f03c518a0c0c831b55cb.jpg","type":"image\/jpeg"}],"twitter_card":"summary_large_image","twitter_misc":{"Predpokladan\u00fd \u010das \u010d\u00edtania":"1 min\u00fata"},"schema":{"@context":"https:\/\/schema.org","@graph":[{"@type":"WebPage","@id":"https:\/\/exparto.pl\/sk\/produkt\/dwuwskaznik-wskaznik-podwojny-ursus-c-360-z-przewodem\/","url":"https:\/\/exparto.pl\/sk\/produkt\/dwuwskaznik-wskaznik-podwojny-ursus-c-360-z-przewodem\/","name":"Dwuwska\u017anik wska\u017anik podw\u00f3jny URSUS C-360 z przewodem - Exparto.pl","isPartOf":{"@id":"https:\/\/exparto.pl\/sk\/#website"},"primaryImageOfPage":{"@id":"https:\/\/exparto.pl\/sk\/produkt\/dwuwskaznik-wskaznik-podwojny-ursus-c-360-z-przewodem\/#primaryimage"},"image":{"@id":"https:\/\/exparto.pl\/sk\/produkt\/dwuwskaznik-wskaznik-podwojny-ursus-c-360-z-przewodem\/#primaryimage"},"thumbnailUrl":"https:\/\/exparto.pl\/wp-content\/uploads\/2024\/12\/f843fb734b48f03c518a0c0c831b55cb.jpg","datePublished":"2024-12-05T09:47:19+00:00","dateModified":"2026-04-01T08:01:26+00:00","breadcrumb":{"@id":"https:\/\/exparto.pl\/sk\/produkt\/dwuwskaznik-wskaznik-podwojny-ursus-c-360-z-przewodem\/#breadcrumb"},"inLanguage":"sk-SK","potentialAction":[{"@type":"ReadAction","target":["https:\/\/exparto.pl\/sk\/produkt\/dwuwskaznik-wskaznik-podwojny-ursus-c-360-z-przewodem\/"]}]},{"@type":"ImageObject","inLanguage":"sk-SK","@id":"https:\/\/exparto.pl\/sk\/produkt\/dwuwskaznik-wskaznik-podwojny-ursus-c-360-z-przewodem\/#primaryimage","url":"https:\/\/exparto.pl\/wp-content\/uploads\/2024\/12\/f843fb734b48f03c518a0c0c831b55cb.jpg","contentUrl":"https:\/\/exparto.pl\/wp-content\/uploads\/2024\/12\/f843fb734b48f03c518a0c0c831b55cb.jpg","width":1200,"height":1200},{"@type":"BreadcrumbList","@id":"https:\/\/exparto.pl\/sk\/produkt\/dwuwskaznik-wskaznik-podwojny-ursus-c-360-z-przewodem\/#breadcrumb","itemListElement":[{"@type":"ListItem","position":1,"name":"Domovsk\u00e1 str\u00e1nka","item":"https:\/\/exparto.pl\/sk\/domovska-stranka\/"},{"@type":"ListItem","position":2,"name":"Sklep","item":"https:\/\/exparto.pl\/sklep\/"},{"@type":"ListItem","position":3,"name":"\u010casti traktorov","item":"https:\/\/exparto.pl\/sk\/kategoria-produktov\/casti-traktorov\/"},{"@type":"ListItem","position":4,"name":"N\u00e1hradn\u00e9 diely pre URSUS","item":"https:\/\/exparto.pl\/sk\/kategoria-produktov\/casti-traktorov\/nahradne-diely-pre-ursus\/"},{"@type":"ListItem","position":5,"name":"URSUS C-360","item":"https:\/\/exparto.pl\/sk\/kategoria-produktov\/casti-traktorov\/nahradne-diely-pre-ursus\/ursus-c-360-sk\/"},{"@type":"ListItem","position":6,"name":"Dwuwska\u017anik wska\u017anik podw\u00f3jny URSUS C-360 z przewodem"}]},{"@type":"WebSite","@id":"https:\/\/exparto.pl\/sk\/#website","url":"https:\/\/exparto.pl\/sk\/","name":"EXPARTO","description":"More than agro parts","publisher":{"@id":"https:\/\/exparto.pl\/sk\/#organization"},"potentialAction":[{"@type":"SearchAction","target":{"@type":"EntryPoint","urlTemplate":"https:\/\/exparto.pl\/sk\/?s={search_term_string}"},"query-input":{"@type":"PropertyValueSpecification","valueRequired":true,"valueName":"search_term_string"}}],"inLanguage":"sk-SK"},{"@type":"Organization","@id":"https:\/\/exparto.pl\/sk\/#organization","name":"EXPARTO","url":"https:\/\/exparto.pl\/sk\/","logo":{"@type":"ImageObject","inLanguage":"sk-SK","@id":"https:\/\/exparto.pl\/sk\/#\/schema\/logo\/image\/","url":"https:\/\/exparto.pl\/wp-content\/uploads\/2023\/02\/logo-wektor.png","contentUrl":"https:\/\/exparto.pl\/wp-content\/uploads\/2023\/02\/logo-wektor.png","width":1338,"height":143,"caption":"EXPARTO"},"image":{"@id":"https:\/\/exparto.pl\/sk\/#\/schema\/logo\/image\/"},"sameAs":["https:\/\/www.facebook.com\/exparto.agro\/"]}]}},"_links":{"self":[{"href":"https:\/\/exparto.pl\/sk\/wp-json\/wp\/v2\/product\/36134","targetHints":{"allow":["GET"]}}],"collection":[{"href":"https:\/\/exparto.pl\/sk\/wp-json\/wp\/v2\/product"}],"about":[{"href":"https:\/\/exparto.pl\/sk\/wp-json\/wp\/v2\/types\/product"}],"replies":[{"embeddable":true,"href":"https:\/\/exparto.pl\/sk\/wp-json\/wp\/v2\/comments?post=36134"}],"wp:featuredmedia":[{"embeddable":true,"href":"https:\/\/exparto.pl\/sk\/wp-json\/wp\/v2\/media\/36114"}],"wp:attachment":[{"href":"https:\/\/exparto.pl\/sk\/wp-json\/wp\/v2\/media?parent=36134"}],"wp:term":[{"taxonomy":"product_brand","embeddable":true,"href":"https:\/\/exparto.pl\/sk\/wp-json\/wp\/v2\/product_brand?post=36134"},{"taxonomy":"product_cat","embeddable":true,"href":"https:\/\/exparto.pl\/sk\/wp-json\/wp\/v2\/product_cat?post=36134"},{"taxonomy":"product_tag","embeddable":true,"href":"https:\/\/exparto.pl\/sk\/wp-json\/wp\/v2\/product_tag?post=36134"}],"curies":[{"name":"wp","href":"https:\/\/api.w.org\/{rel}","templated":true}]}}