{"id":37559,"date":"2024-12-23T15:37:24","date_gmt":"2024-12-23T14:37:24","guid":{"rendered":"https:\/\/exparto.pl\/produkt\/piasta-bezobslugowa-baa-0012-5-otworowa-kpl-srub\/"},"modified":"2026-04-23T16:00:19","modified_gmt":"2026-04-23T14:00:19","slug":"piasta-bezobslugowa-baa-0012-5-otworowa-kpl-srub","status":"publish","type":"product","link":"https:\/\/exparto.pl\/sk\/produkt\/piasta-bezobslugowa-baa-0012-5-otworowa-kpl-srub\/","title":{"rendered":"Piasta bezobs\u0142ugowa BAA-0012, 5 otworowa + kpl \u015brub"},"content":{"rendered":"<div style=\"text-align: justify\">\n<p><strong>Dobrze dobrane piasty<\/strong> wraz z innymi komponentami, opr\u00f3cz czysto praktycznych zalet, takich jak \u0142atwy monta\u017c czy wymiana, s\u0105 w stanie <strong>zwi\u0119kszy\u0107 wydajno\u015b\u0107 prac o ponad 100%<\/strong> oraz obni\u017cy\u0107 <strong>koszty eksploatacji nawet o 30%<\/strong>.<\/p>\n<\/div>\n<div style=\"text-align: justify\"><\/div>\n<div style=\"text-align: justify\">Zazwyczaj dwa razy do roku, na wiosn\u0119 i jesieni\u0105, rolnicy przygotowuj\u0105 gleb\u0119 pod nowe nasiona. W ostatnich latach, okres prac bezp\u0142u\u017cnych przygotowuj\u0105cych gleb\u0119 do zasiewu, jest wyj\u0105tkowo kr\u00f3tki, co sk\u0142ania do <strong>poszukiwania rozwi\u0105za\u0144 optymalizuj\u0105cych czas<\/strong>, zasoby, a przy tym ekologicznych.<\/div>\n<div style=\"text-align: justify\"><\/div>\n<div style=\"text-align: justify\">Piasty typu bezobs\u0142ugowego <strong>nie wymagaj\u0105 regularnego przesmarowywania<\/strong>. Tym samym, czas potrzebny do obs\u0142ugi maszyny jest kr\u00f3tszy, chocia\u017cby ze wzgl\u0119du na brak ryzyka wyrwania smarownic \u2013 kalamitek, kt\u00f3re najcz\u0119\u015bciej ulegaj\u0105 uszkodzeniu podczas pracy na du\u017cych g\u0142\u0119boko\u015bciach.<\/div>\n<div style=\"text-align: justify\"><\/div>\n<div style=\"text-align: justify\">Zale\u017cy nam na skuteczno\u015bci pracy naszych cz\u0119\u015bci, dlatego szczeg\u00f3\u0142owo kontrolujemy ca\u0142y proces produkcji poprzez:<\/div>\n<div style=\"text-align: justify\"><\/div>\n<div style=\"text-align: justify\"><\/div>\n<div style=\"text-align: justify\">\n<ul>\n<li>Przeprowadzamy test szczelno\u015bci piast marki EXPARTO oraz prawid\u0142owego spasowania element\u00f3w wsp\u00f3\u0142pracuj\u0105cych.<\/li>\n<li>Stopie\u0144 dok\u0142adno\u015bci wykonania poszczeg\u00f3lnych element\u00f3w przek\u0142ada si\u0119 na maksymalnie d\u0142ug\u0105 \u017cywotno\u015b\u0107 cz\u0119\u015bci, co jednocze\u015bnie gwarantuje niewyst\u0119powanie luz\u00f3w pomi\u0119dzy elementami wsp\u00f3\u0142pracuj\u0105cymi.<\/li>\n<li>Kulki w \u0142o\u017cyskach, o\u015b, korpusy i inne podzespo\u0142y wykonane s\u0105 ze starannie wyselekcjonowanej stali. W\u0142a\u015bciwa kontrola sk\u0142adu gwarantuje odpowiedni poziom hartowania oraz p\u00f3\u017aniejsz\u0105 wydajn\u0105 eksploatacj\u0119 cz\u0119\u015bci.<\/li>\n<li>Badamy twardo\u015b\u0107 z u\u017cyciem twardo\u015bciomierzy Rockwella oraz Brinella, a\u017ceby mie\u0107 pewno\u015b\u0107, \u017ce \u017caden z element\u00f3w podlegaj\u0105cych obr\u00f3bce cieplnej nie jest za mi\u0119kki, co powodowa\u0142oby jego przedwczesne zu\u017cycie lub za twardy, co prowadzi\u0142oby do nag\u0142ej awarii.<\/li>\n<li>Rzetelna kontrola jest gwarantem 100% powtarzalno\u015bci produkt\u00f3w.<\/li>\n<\/ul>\n<div>Wa\u0142ek jest \u015bci\u0119ty na 27 mm.<\/div>\n<\/div>\n<div style=\"text-align: justify\"><\/div>\n<div style=\"text-align: justify\">\n<p><strong>Piasty EXPARTO&nbsp;<\/strong>stosowane s\u0105 z powodzeniem do bron talerzowych, bron muszlowych, bron le\u015bnych, agregat\u00f3w uprawowych, p\u0142ug\u00f3w talerzowych oraz kultywator\u00f3w \u015bcierniskowych (gruber), agregat\u00f3w siewnych, siewnik\u00f3w, agregat\u00f3w hybrydowych, talerzy rozgrabiaj\u0105co-rozrywaj\u0105cych.<\/p>\n<\/div>\n<div style=\"text-align: justify\"><strong>Piasty dostarczane przez Exparto s\u0105 kompatybilne z maszynami produkowanymi przez<\/strong>:<\/div>\n<div style=\"text-align: justify\">Agrisem, Agrimet, Agro lift, Agromasz, Agrotom, Akpil, Amazone, ATMP, Awemak, Batyra, Bednar, Bomet, Bury, Czajkowski, Dexwal, Euromasz, Expoam, Goliath, Horsch, Kunh, Kverneland, Lemken, Mandam, Metalfach, Pettinger, Polgrom, Rol\/ex, Rolmako, Staltech, Strumyk, Unia, Vaderstad, , PPHU ZAPA\u0141A oraz pozosta\u0142e maszyny wyposa\u017cone w piasty SKF , Krasnik czy talerze typu C<\/div>\n","protected":false},"excerpt":{"rendered":"<p style=\"text-align: justify\">Piasta do talerz\u00f3wki 5 otworowa z kpl \u015brub.<\/p>\n","protected":false},"featured_media":37529,"comment_status":"open","ping_status":"closed","template":"","meta":{"_acf_changed":false,"inline_featured_image":false},"product_brand":[],"product_cat":[41,66,57],"product_tag":[],"class_list":{"0":"post-37559","1":"product","2":"type-product","3":"status-publish","4":"has-post-thumbnail","6":"product_cat-czesci-do-talerzowki","7":"product_cat-piasty-5otworowe","8":"product_cat-piasty","10":"first","11":"instock","12":"taxable","13":"shipping-taxable","14":"purchasable","15":"product-type-simple"},"acf":[],"yoast_head":"<!-- This site is optimized with the Yoast SEO plugin v27.4 - https:\/\/yoast.com\/product\/yoast-seo-wordpress\/ -->\n<title>Piasta bezobs\u0142ugowa BAA-0012, 5 otworowa + kpl \u015brub - Exparto.pl<\/title>\n<meta name=\"robots\" content=\"index, follow, max-snippet:-1, max-image-preview:large, max-video-preview:-1\" \/>\n<link rel=\"canonical\" href=\"https:\/\/exparto.pl\/sk\/produkt\/piasta-bezobslugowa-baa-0012-5-otworowa-kpl-srub\/\" \/>\n<meta property=\"og:locale\" content=\"sk_SK\" \/>\n<meta property=\"og:type\" content=\"article\" \/>\n<meta property=\"og:title\" content=\"Piasta bezobs\u0142ugowa BAA-0012, 5 otworowa + kpl \u015brub - Exparto.pl\" \/>\n<meta property=\"og:description\" content=\"Piasta do talerz\u00f3wki 5 otworowa z kpl \u015brub.\" \/>\n<meta property=\"og:url\" content=\"https:\/\/exparto.pl\/sk\/produkt\/piasta-bezobslugowa-baa-0012-5-otworowa-kpl-srub\/\" \/>\n<meta property=\"og:site_name\" content=\"Exparto.pl\" \/>\n<meta property=\"article:publisher\" content=\"https:\/\/www.facebook.com\/exparto.agro\/\" \/>\n<meta property=\"article:modified_time\" content=\"2026-04-23T14:00:19+00:00\" \/>\n<meta name=\"twitter:card\" content=\"summary_large_image\" \/>\n<meta name=\"twitter:label1\" content=\"Predpokladan\u00fd \u010das \u010d\u00edtania\" \/>\n\t<meta name=\"twitter:data1\" content=\"2 min\u00faty\" \/>\n<script type=\"application\/ld+json\" class=\"yoast-schema-graph\">{\"@context\":\"https:\\\/\\\/schema.org\",\"@graph\":[{\"@type\":\"WebPage\",\"@id\":\"https:\\\/\\\/exparto.pl\\\/sk\\\/produkt\\\/piasta-bezobslugowa-baa-0012-5-otworowa-kpl-srub\\\/\",\"url\":\"https:\\\/\\\/exparto.pl\\\/sk\\\/produkt\\\/piasta-bezobslugowa-baa-0012-5-otworowa-kpl-srub\\\/\",\"name\":\"Piasta bezobs\u0142ugowa BAA-0012, 5 otworowa + kpl \u015brub - Exparto.pl\",\"isPartOf\":{\"@id\":\"https:\\\/\\\/exparto.pl\\\/sk\\\/#website\"},\"primaryImageOfPage\":{\"@id\":\"https:\\\/\\\/exparto.pl\\\/sk\\\/produkt\\\/piasta-bezobslugowa-baa-0012-5-otworowa-kpl-srub\\\/#primaryimage\"},\"image\":{\"@id\":\"https:\\\/\\\/exparto.pl\\\/sk\\\/produkt\\\/piasta-bezobslugowa-baa-0012-5-otworowa-kpl-srub\\\/#primaryimage\"},\"thumbnailUrl\":\"https:\\\/\\\/exparto.pl\\\/wp-content\\\/uploads\\\/2024\\\/12\\\/4842ba2743e6d86b51a4e4c4c8817756.jpg\",\"datePublished\":\"2024-12-23T14:37:24+00:00\",\"dateModified\":\"2026-04-23T14:00:19+00:00\",\"breadcrumb\":{\"@id\":\"https:\\\/\\\/exparto.pl\\\/sk\\\/produkt\\\/piasta-bezobslugowa-baa-0012-5-otworowa-kpl-srub\\\/#breadcrumb\"},\"inLanguage\":\"sk-SK\",\"potentialAction\":[{\"@type\":\"ReadAction\",\"target\":[\"https:\\\/\\\/exparto.pl\\\/sk\\\/produkt\\\/piasta-bezobslugowa-baa-0012-5-otworowa-kpl-srub\\\/\"]}]},{\"@type\":\"ImageObject\",\"inLanguage\":\"sk-SK\",\"@id\":\"https:\\\/\\\/exparto.pl\\\/sk\\\/produkt\\\/piasta-bezobslugowa-baa-0012-5-otworowa-kpl-srub\\\/#primaryimage\",\"url\":\"https:\\\/\\\/exparto.pl\\\/wp-content\\\/uploads\\\/2024\\\/12\\\/4842ba2743e6d86b51a4e4c4c8817756.jpg\",\"contentUrl\":\"https:\\\/\\\/exparto.pl\\\/wp-content\\\/uploads\\\/2024\\\/12\\\/4842ba2743e6d86b51a4e4c4c8817756.jpg\",\"width\":1200,\"height\":1200},{\"@type\":\"BreadcrumbList\",\"@id\":\"https:\\\/\\\/exparto.pl\\\/sk\\\/produkt\\\/piasta-bezobslugowa-baa-0012-5-otworowa-kpl-srub\\\/#breadcrumb\",\"itemListElement\":[{\"@type\":\"ListItem\",\"position\":1,\"name\":\"Domovsk\u00e1 str\u00e1nka\",\"item\":\"https:\\\/\\\/exparto.pl\\\/sk\\\/domovska-stranka\\\/\"},{\"@type\":\"ListItem\",\"position\":2,\"name\":\"Sklep\",\"item\":\"https:\\\/\\\/exparto.pl\\\/sklep\\\/\"},{\"@type\":\"ListItem\",\"position\":3,\"name\":\"Piasta bezobs\u0142ugowa BAA-0012, 5 otworowa + kpl \u015brub\"}]},{\"@type\":\"WebSite\",\"@id\":\"https:\\\/\\\/exparto.pl\\\/sk\\\/#website\",\"url\":\"https:\\\/\\\/exparto.pl\\\/sk\\\/\",\"name\":\"EXPARTO\",\"description\":\"More than agro parts\",\"publisher\":{\"@id\":\"https:\\\/\\\/exparto.pl\\\/sk\\\/#organization\"},\"potentialAction\":[{\"@type\":\"SearchAction\",\"target\":{\"@type\":\"EntryPoint\",\"urlTemplate\":\"https:\\\/\\\/exparto.pl\\\/sk\\\/?s={search_term_string}\"},\"query-input\":{\"@type\":\"PropertyValueSpecification\",\"valueRequired\":true,\"valueName\":\"search_term_string\"}}],\"inLanguage\":\"sk-SK\"},{\"@type\":\"Organization\",\"@id\":\"https:\\\/\\\/exparto.pl\\\/sk\\\/#organization\",\"name\":\"EXPARTO\",\"url\":\"https:\\\/\\\/exparto.pl\\\/sk\\\/\",\"logo\":{\"@type\":\"ImageObject\",\"inLanguage\":\"sk-SK\",\"@id\":\"https:\\\/\\\/exparto.pl\\\/sk\\\/#\\\/schema\\\/logo\\\/image\\\/\",\"url\":\"https:\\\/\\\/exparto.pl\\\/wp-content\\\/uploads\\\/2023\\\/02\\\/logo-wektor.png\",\"contentUrl\":\"https:\\\/\\\/exparto.pl\\\/wp-content\\\/uploads\\\/2023\\\/02\\\/logo-wektor.png\",\"width\":1338,\"height\":143,\"caption\":\"EXPARTO\"},\"image\":{\"@id\":\"https:\\\/\\\/exparto.pl\\\/sk\\\/#\\\/schema\\\/logo\\\/image\\\/\"},\"sameAs\":[\"https:\\\/\\\/www.facebook.com\\\/exparto.agro\\\/\"]}]}<\/script>\n<!-- \/ Yoast SEO plugin. -->","yoast_head_json":{"title":"Piasta bezobs\u0142ugowa BAA-0012, 5 otworowa + kpl \u015brub - Exparto.pl","robots":{"index":"index","follow":"follow","max-snippet":"max-snippet:-1","max-image-preview":"max-image-preview:large","max-video-preview":"max-video-preview:-1"},"canonical":"https:\/\/exparto.pl\/sk\/produkt\/piasta-bezobslugowa-baa-0012-5-otworowa-kpl-srub\/","og_locale":"sk_SK","og_type":"article","og_title":"Piasta bezobs\u0142ugowa BAA-0012, 5 otworowa + kpl \u015brub - Exparto.pl","og_description":"Piasta do talerz\u00f3wki 5 otworowa z kpl \u015brub.","og_url":"https:\/\/exparto.pl\/sk\/produkt\/piasta-bezobslugowa-baa-0012-5-otworowa-kpl-srub\/","og_site_name":"Exparto.pl","article_publisher":"https:\/\/www.facebook.com\/exparto.agro\/","article_modified_time":"2026-04-23T14:00:19+00:00","twitter_card":"summary_large_image","twitter_misc":{"Predpokladan\u00fd \u010das \u010d\u00edtania":"2 min\u00faty"},"schema":{"@context":"https:\/\/schema.org","@graph":[{"@type":"WebPage","@id":"https:\/\/exparto.pl\/sk\/produkt\/piasta-bezobslugowa-baa-0012-5-otworowa-kpl-srub\/","url":"https:\/\/exparto.pl\/sk\/produkt\/piasta-bezobslugowa-baa-0012-5-otworowa-kpl-srub\/","name":"Piasta bezobs\u0142ugowa BAA-0012, 5 otworowa + kpl \u015brub - Exparto.pl","isPartOf":{"@id":"https:\/\/exparto.pl\/sk\/#website"},"primaryImageOfPage":{"@id":"https:\/\/exparto.pl\/sk\/produkt\/piasta-bezobslugowa-baa-0012-5-otworowa-kpl-srub\/#primaryimage"},"image":{"@id":"https:\/\/exparto.pl\/sk\/produkt\/piasta-bezobslugowa-baa-0012-5-otworowa-kpl-srub\/#primaryimage"},"thumbnailUrl":"https:\/\/exparto.pl\/wp-content\/uploads\/2024\/12\/4842ba2743e6d86b51a4e4c4c8817756.jpg","datePublished":"2024-12-23T14:37:24+00:00","dateModified":"2026-04-23T14:00:19+00:00","breadcrumb":{"@id":"https:\/\/exparto.pl\/sk\/produkt\/piasta-bezobslugowa-baa-0012-5-otworowa-kpl-srub\/#breadcrumb"},"inLanguage":"sk-SK","potentialAction":[{"@type":"ReadAction","target":["https:\/\/exparto.pl\/sk\/produkt\/piasta-bezobslugowa-baa-0012-5-otworowa-kpl-srub\/"]}]},{"@type":"ImageObject","inLanguage":"sk-SK","@id":"https:\/\/exparto.pl\/sk\/produkt\/piasta-bezobslugowa-baa-0012-5-otworowa-kpl-srub\/#primaryimage","url":"https:\/\/exparto.pl\/wp-content\/uploads\/2024\/12\/4842ba2743e6d86b51a4e4c4c8817756.jpg","contentUrl":"https:\/\/exparto.pl\/wp-content\/uploads\/2024\/12\/4842ba2743e6d86b51a4e4c4c8817756.jpg","width":1200,"height":1200},{"@type":"BreadcrumbList","@id":"https:\/\/exparto.pl\/sk\/produkt\/piasta-bezobslugowa-baa-0012-5-otworowa-kpl-srub\/#breadcrumb","itemListElement":[{"@type":"ListItem","position":1,"name":"Domovsk\u00e1 str\u00e1nka","item":"https:\/\/exparto.pl\/sk\/domovska-stranka\/"},{"@type":"ListItem","position":2,"name":"Sklep","item":"https:\/\/exparto.pl\/sklep\/"},{"@type":"ListItem","position":3,"name":"Piasta bezobs\u0142ugowa BAA-0012, 5 otworowa + kpl \u015brub"}]},{"@type":"WebSite","@id":"https:\/\/exparto.pl\/sk\/#website","url":"https:\/\/exparto.pl\/sk\/","name":"EXPARTO","description":"More than agro parts","publisher":{"@id":"https:\/\/exparto.pl\/sk\/#organization"},"potentialAction":[{"@type":"SearchAction","target":{"@type":"EntryPoint","urlTemplate":"https:\/\/exparto.pl\/sk\/?s={search_term_string}"},"query-input":{"@type":"PropertyValueSpecification","valueRequired":true,"valueName":"search_term_string"}}],"inLanguage":"sk-SK"},{"@type":"Organization","@id":"https:\/\/exparto.pl\/sk\/#organization","name":"EXPARTO","url":"https:\/\/exparto.pl\/sk\/","logo":{"@type":"ImageObject","inLanguage":"sk-SK","@id":"https:\/\/exparto.pl\/sk\/#\/schema\/logo\/image\/","url":"https:\/\/exparto.pl\/wp-content\/uploads\/2023\/02\/logo-wektor.png","contentUrl":"https:\/\/exparto.pl\/wp-content\/uploads\/2023\/02\/logo-wektor.png","width":1338,"height":143,"caption":"EXPARTO"},"image":{"@id":"https:\/\/exparto.pl\/sk\/#\/schema\/logo\/image\/"},"sameAs":["https:\/\/www.facebook.com\/exparto.agro\/"]}]}},"_links":{"self":[{"href":"https:\/\/exparto.pl\/sk\/wp-json\/wp\/v2\/product\/37559","targetHints":{"allow":["GET"]}}],"collection":[{"href":"https:\/\/exparto.pl\/sk\/wp-json\/wp\/v2\/product"}],"about":[{"href":"https:\/\/exparto.pl\/sk\/wp-json\/wp\/v2\/types\/product"}],"replies":[{"embeddable":true,"href":"https:\/\/exparto.pl\/sk\/wp-json\/wp\/v2\/comments?post=37559"}],"wp:featuredmedia":[{"embeddable":true,"href":"https:\/\/exparto.pl\/sk\/wp-json\/wp\/v2\/media\/37529"}],"wp:attachment":[{"href":"https:\/\/exparto.pl\/sk\/wp-json\/wp\/v2\/media?parent=37559"}],"wp:term":[{"taxonomy":"product_brand","embeddable":true,"href":"https:\/\/exparto.pl\/sk\/wp-json\/wp\/v2\/product_brand?post=37559"},{"taxonomy":"product_cat","embeddable":true,"href":"https:\/\/exparto.pl\/sk\/wp-json\/wp\/v2\/product_cat?post=37559"},{"taxonomy":"product_tag","embeddable":true,"href":"https:\/\/exparto.pl\/sk\/wp-json\/wp\/v2\/product_tag?post=37559"}],"curies":[{"name":"wp","href":"https:\/\/api.w.org\/{rel}","templated":true}]}}